{"id":3057,"date":"2018-05-20T02:50:22","date_gmt":"2018-05-19T23:50:22","guid":{"rendered":"https:\/\/veneakselisto.com\/kauppa\/?post_type=product&#038;p=3057"},"modified":"2025-11-04T15:37:54","modified_gmt":"2025-11-04T13:37:54","slug":"polttoainepumppu-d19-d21-d29-d32-volvo-penta-merimoottoreihin-kopio","status":"publish","type":"product","link":"https:\/\/veneakselisto.com\/kauppa\/tuote\/polttoainepumppu-d19-d21-d29-d32-volvo-penta-merimoottoreihin-kopio\/","title":{"rendered":"Starttimoottori MD30-KAD300 Volvo Penta merimoottoreihin"},"content":{"rendered":"<p>Starttimoottori MD30-KAD300 Volvo Penta merimoottoreihin<\/p>\n<p><strong><span style=\"color: #ff0000;\">Ainoastaan tehdastilauksena 2-5pv normaalisti<\/span><\/strong><\/p>\n<p>OEM nr: 188486 3803113 859252 3581774<\/p>\n<p>\u2022 11 hampainen bendix<br \/>\n\u2022 4 &amp; 6 syl. diesel moottorit<br \/>\n\u2022 12V<br \/>\n\u2022 Kierto: my\u00f6t\u00e4p\u00e4iv\u00e4\u00e4n (CW)<br \/>\n\u2022 3.1kW<\/p>\n<p>Sopivuus:<\/p>\n<p>AD30A, AQAD30A, MD30A, TAMD30A, TMD30A<\/p>\n<p>MD31A, AD31, AD31B, AD31D, AD31D-A, AD31L-A, AD31P-A, AD31XD, TMD31A, TMD31B, TMD31D, TMD31L-A, TAMD31A, TAMD31B, TAMD31D, TAMD31L, TAMD31L-A, TAMD31M, TAMD31M-A, TAMD31P, TAMD31P-A, TAMD31P-B, TAMD31S<\/p>\n<p>TAMD31L-A, TAMD31M-A, TAMD31P-A, TAMD31S-A<\/p>\n<p>KAD32P, KAD32P-A<\/p>\n<p>MD40A, AD40B, AQD40A, AQAD40A, AQD40B, AQAD40B, TMD40A, TMD40B, TMD40C, TAMD40A, TAMD40B, TD40A<\/p>\n<p>AD41A, AD41B, AD41BJ, AD41D, AD41L-A, AD41P-A, D41B, D41D, D41L-A, TMD41D, TMD41L-A, TMD41A, TMD41B, TAMD41A, TMD41D, TAMD41D, TAMD41H-A, TAMD41H-B, TMD41L-A, TAMD41L-A, TAMD41M-A, TAMD41P, TAMD41P-A, TAMD41P-B<\/p>\n<p>KAD42A, KAD42B, KAD42P-A, KAMD42A, KAMD42B, KAMD42P-A, TAMD42WJ-A<\/p>\n<p>KAD43P, KAD43P-A, KAD43P-B, KAD43P-C, KAMD43P-A, KAMD43P-B<\/p>\n<p>KAD44P, KAD44P-A, KAD44P-B, KAD44P-C, KAMD44P-A, KAMD44P-B, KAMD44P-C<\/p>\n<p>KAD300-A, KAMD300-A<\/p>\n<p>Starttimoottori MD30-KAD300 Volvo Penta merimoottoreihin<\/p>\n<p>&nbsp;<\/p>\n<p>&nbsp;<\/p>\n","protected":false},"excerpt":{"rendered":"<p>Starttimoottori MD30-KAD300 Volvo Penta merimoottoreihin<\/p>\n<p><strong>Ainoastaan tehdastilauksena 2-5pv normaalisti<\/strong><\/p>\n<p>Tarkempi sopivuus alla.<\/p>\n","protected":false},"featured_media":23449,"comment_status":"open","ping_status":"closed","template":"","meta":{"jetpack_post_was_ever_published":false,"jetpack_publicize_message":"","jetpack_publicize_feature_enabled":true,"jetpack_social_post_already_shared":true,"jetpack_social_options":{"image_generator_settings":{"template":"highway","default_image_id":0,"font":"","enabled":false},"version":2}},"product_brand":[],"product_cat":[420,269],"product_tag":[267,266,421,324],"class_list":{"0":"post-3057","1":"product","2":"type-product","3":"status-publish","4":"has-post-thumbnail","6":"product_cat-starttimoottorit","7":"product_cat-volvo-penta-varaosat-houlto-osat","8":"product_tag-huolto-osat","9":"product_tag-orbitrade-marine","10":"product_tag-starttimoottori","11":"product_tag-volvo-penta","13":"first","14":"onbackorder","15":"taxable","16":"shipping-taxable","17":"purchasable","18":"product-type-simple"},"yoast_head":"<!-- This site is optimized with the Yoast SEO plugin v27.4 - https:\/\/yoast.com\/product\/yoast-seo-wordpress\/ -->\n<title>Starttimoottori MD30-KAD300 Volvo Penta merimoottoreihin<\/title>\n<meta name=\"description\" content=\"Starttimoottori MD30-KAD300 Volvo Penta merimoottoreihin. Starttimoottorin Volvo Pentaan toimittaa aina edullinen Veneakselisto.com\" \/>\n<meta name=\"robots\" content=\"index, follow, max-snippet:-1, max-image-preview:large, max-video-preview:-1\" \/>\n<link rel=\"canonical\" href=\"https:\/\/veneakselisto.com\/kauppa\/tuote\/polttoainepumppu-d19-d21-d29-d32-volvo-penta-merimoottoreihin-kopio\/\" \/>\n<meta property=\"og:locale\" content=\"fi_FI\" \/>\n<meta property=\"og:type\" content=\"article\" \/>\n<meta property=\"og:title\" content=\"Starttimoottori MD30-KAD300 Volvo Penta merimoottoreihin\" \/>\n<meta property=\"og:description\" content=\"Starttimoottori MD30-KAD300 Volvo Penta merimoottoreihin. Starttimoottorin Volvo Pentaan toimittaa aina edullinen Veneakselisto.com\" \/>\n<meta property=\"og:url\" content=\"https:\/\/veneakselisto.com\/kauppa\/tuote\/polttoainepumppu-d19-d21-d29-d32-volvo-penta-merimoottoreihin-kopio\/\" \/>\n<meta property=\"og:site_name\" content=\"Veneakselisto.com - verkkokauppa\" \/>\n<meta property=\"article:publisher\" content=\"https:\/\/www.facebook.com\/AlaMikkula\/\" \/>\n<meta property=\"article:modified_time\" content=\"2025-11-04T13:37:54+00:00\" \/>\n<meta property=\"og:image\" content=\"https:\/\/veneakselisto.com\/kauppa\/wp-content\/uploads\/2018\/05\/Starttimoottori-TAMD40.png\" \/>\n\t<meta property=\"og:image:width\" content=\"500\" \/>\n\t<meta property=\"og:image:height\" content=\"500\" \/>\n\t<meta property=\"og:image:type\" content=\"image\/png\" \/>\n<meta name=\"twitter:card\" content=\"summary_large_image\" \/>\n<meta name=\"twitter:label1\" content=\"Arvioitu lukuaika\" \/>\n\t<meta name=\"twitter:data1\" content=\"2 minuuttia\" \/>\n<script type=\"application\/ld+json\" class=\"yoast-schema-graph\">{\"@context\":\"https:\\\/\\\/schema.org\",\"@graph\":[{\"@type\":\"WebPage\",\"@id\":\"https:\\\/\\\/veneakselisto.com\\\/kauppa\\\/tuote\\\/polttoainepumppu-d19-d21-d29-d32-volvo-penta-merimoottoreihin-kopio\\\/\",\"url\":\"https:\\\/\\\/veneakselisto.com\\\/kauppa\\\/tuote\\\/polttoainepumppu-d19-d21-d29-d32-volvo-penta-merimoottoreihin-kopio\\\/\",\"name\":\"Starttimoottori MD30-KAD300 Volvo Penta merimoottoreihin\",\"isPartOf\":{\"@id\":\"https:\\\/\\\/veneakselisto.com\\\/kauppa\\\/#website\"},\"primaryImageOfPage\":{\"@id\":\"https:\\\/\\\/veneakselisto.com\\\/kauppa\\\/tuote\\\/polttoainepumppu-d19-d21-d29-d32-volvo-penta-merimoottoreihin-kopio\\\/#primaryimage\"},\"image\":{\"@id\":\"https:\\\/\\\/veneakselisto.com\\\/kauppa\\\/tuote\\\/polttoainepumppu-d19-d21-d29-d32-volvo-penta-merimoottoreihin-kopio\\\/#primaryimage\"},\"thumbnailUrl\":\"https:\\\/\\\/i0.wp.com\\\/veneakselisto.com\\\/kauppa\\\/wp-content\\\/uploads\\\/2018\\\/05\\\/Starttimoottori-TAMD40.png?fit=500%2C500&ssl=1\",\"datePublished\":\"2018-05-19T23:50:22+00:00\",\"dateModified\":\"2025-11-04T13:37:54+00:00\",\"description\":\"Starttimoottori MD30-KAD300 Volvo Penta merimoottoreihin. Starttimoottorin Volvo Pentaan toimittaa aina edullinen Veneakselisto.com\",\"breadcrumb\":{\"@id\":\"https:\\\/\\\/veneakselisto.com\\\/kauppa\\\/tuote\\\/polttoainepumppu-d19-d21-d29-d32-volvo-penta-merimoottoreihin-kopio\\\/#breadcrumb\"},\"inLanguage\":\"fi\",\"potentialAction\":[{\"@type\":\"ReadAction\",\"target\":[\"https:\\\/\\\/veneakselisto.com\\\/kauppa\\\/tuote\\\/polttoainepumppu-d19-d21-d29-d32-volvo-penta-merimoottoreihin-kopio\\\/\"]}]},{\"@type\":\"ImageObject\",\"inLanguage\":\"fi\",\"@id\":\"https:\\\/\\\/veneakselisto.com\\\/kauppa\\\/tuote\\\/polttoainepumppu-d19-d21-d29-d32-volvo-penta-merimoottoreihin-kopio\\\/#primaryimage\",\"url\":\"https:\\\/\\\/i0.wp.com\\\/veneakselisto.com\\\/kauppa\\\/wp-content\\\/uploads\\\/2018\\\/05\\\/Starttimoottori-TAMD40.png?fit=500%2C500&ssl=1\",\"contentUrl\":\"https:\\\/\\\/i0.wp.com\\\/veneakselisto.com\\\/kauppa\\\/wp-content\\\/uploads\\\/2018\\\/05\\\/Starttimoottori-TAMD40.png?fit=500%2C500&ssl=1\",\"width\":500,\"height\":500,\"caption\":\"Starttimoottori-TAMD40\"},{\"@type\":\"BreadcrumbList\",\"@id\":\"https:\\\/\\\/veneakselisto.com\\\/kauppa\\\/tuote\\\/polttoainepumppu-d19-d21-d29-d32-volvo-penta-merimoottoreihin-kopio\\\/#breadcrumb\",\"itemListElement\":[{\"@type\":\"ListItem\",\"position\":1,\"name\":\"Etusivu\",\"item\":\"https:\\\/\\\/veneakselisto.com\\\/kauppa\\\/\"},{\"@type\":\"ListItem\",\"position\":2,\"name\":\"Kauppa\",\"item\":\"https:\\\/\\\/veneakselisto.com\\\/kauppa\\\/\"},{\"@type\":\"ListItem\",\"position\":3,\"name\":\"Starttimoottori MD30-KAD300 Volvo Penta merimoottoreihin\"}]},{\"@type\":\"WebSite\",\"@id\":\"https:\\\/\\\/veneakselisto.com\\\/kauppa\\\/#website\",\"url\":\"https:\\\/\\\/veneakselisto.com\\\/kauppa\\\/\",\"name\":\"Veneakselisto.com - verkkokauppa\",\"description\":\"Venetarvikkeiden maahantuonti ja myynti\",\"publisher\":{\"@id\":\"https:\\\/\\\/veneakselisto.com\\\/kauppa\\\/#organization\"},\"potentialAction\":[{\"@type\":\"SearchAction\",\"target\":{\"@type\":\"EntryPoint\",\"urlTemplate\":\"https:\\\/\\\/veneakselisto.com\\\/kauppa\\\/?s={search_term_string}\"},\"query-input\":{\"@type\":\"PropertyValueSpecification\",\"valueRequired\":true,\"valueName\":\"search_term_string\"}}],\"inLanguage\":\"fi\"},{\"@type\":\"Organization\",\"@id\":\"https:\\\/\\\/veneakselisto.com\\\/kauppa\\\/#organization\",\"name\":\"Veneakselisto.com verkkokauppa\",\"url\":\"https:\\\/\\\/veneakselisto.com\\\/kauppa\\\/\",\"logo\":{\"@type\":\"ImageObject\",\"inLanguage\":\"fi\",\"@id\":\"https:\\\/\\\/veneakselisto.com\\\/kauppa\\\/#\\\/schema\\\/logo\\\/image\\\/\",\"url\":\"https:\\\/\\\/i2.wp.com\\\/veneakselisto.com\\\/kauppa\\\/wp-content\\\/uploads\\\/2016\\\/06\\\/fb_icon.jpg?fit=327%2C327&ssl=1\",\"contentUrl\":\"https:\\\/\\\/i2.wp.com\\\/veneakselisto.com\\\/kauppa\\\/wp-content\\\/uploads\\\/2016\\\/06\\\/fb_icon.jpg?fit=327%2C327&ssl=1\",\"width\":327,\"height\":327,\"caption\":\"Veneakselisto.com verkkokauppa\"},\"image\":{\"@id\":\"https:\\\/\\\/veneakselisto.com\\\/kauppa\\\/#\\\/schema\\\/logo\\\/image\\\/\"},\"sameAs\":[\"https:\\\/\\\/www.facebook.com\\\/AlaMikkula\\\/\"]}]}<\/script>\n<!-- \/ Yoast SEO plugin. -->","yoast_head_json":{"title":"Starttimoottori MD30-KAD300 Volvo Penta merimoottoreihin","description":"Starttimoottori MD30-KAD300 Volvo Penta merimoottoreihin. Starttimoottorin Volvo Pentaan toimittaa aina edullinen Veneakselisto.com","robots":{"index":"index","follow":"follow","max-snippet":"max-snippet:-1","max-image-preview":"max-image-preview:large","max-video-preview":"max-video-preview:-1"},"canonical":"https:\/\/veneakselisto.com\/kauppa\/tuote\/polttoainepumppu-d19-d21-d29-d32-volvo-penta-merimoottoreihin-kopio\/","og_locale":"fi_FI","og_type":"article","og_title":"Starttimoottori MD30-KAD300 Volvo Penta merimoottoreihin","og_description":"Starttimoottori MD30-KAD300 Volvo Penta merimoottoreihin. Starttimoottorin Volvo Pentaan toimittaa aina edullinen Veneakselisto.com","og_url":"https:\/\/veneakselisto.com\/kauppa\/tuote\/polttoainepumppu-d19-d21-d29-d32-volvo-penta-merimoottoreihin-kopio\/","og_site_name":"Veneakselisto.com - verkkokauppa","article_publisher":"https:\/\/www.facebook.com\/AlaMikkula\/","article_modified_time":"2025-11-04T13:37:54+00:00","og_image":[{"width":500,"height":500,"url":"https:\/\/veneakselisto.com\/kauppa\/wp-content\/uploads\/2018\/05\/Starttimoottori-TAMD40.png","type":"image\/png"}],"twitter_card":"summary_large_image","twitter_misc":{"Arvioitu lukuaika":"2 minuuttia"},"schema":{"@context":"https:\/\/schema.org","@graph":[{"@type":"WebPage","@id":"https:\/\/veneakselisto.com\/kauppa\/tuote\/polttoainepumppu-d19-d21-d29-d32-volvo-penta-merimoottoreihin-kopio\/","url":"https:\/\/veneakselisto.com\/kauppa\/tuote\/polttoainepumppu-d19-d21-d29-d32-volvo-penta-merimoottoreihin-kopio\/","name":"Starttimoottori MD30-KAD300 Volvo Penta merimoottoreihin","isPartOf":{"@id":"https:\/\/veneakselisto.com\/kauppa\/#website"},"primaryImageOfPage":{"@id":"https:\/\/veneakselisto.com\/kauppa\/tuote\/polttoainepumppu-d19-d21-d29-d32-volvo-penta-merimoottoreihin-kopio\/#primaryimage"},"image":{"@id":"https:\/\/veneakselisto.com\/kauppa\/tuote\/polttoainepumppu-d19-d21-d29-d32-volvo-penta-merimoottoreihin-kopio\/#primaryimage"},"thumbnailUrl":"https:\/\/i0.wp.com\/veneakselisto.com\/kauppa\/wp-content\/uploads\/2018\/05\/Starttimoottori-TAMD40.png?fit=500%2C500&ssl=1","datePublished":"2018-05-19T23:50:22+00:00","dateModified":"2025-11-04T13:37:54+00:00","description":"Starttimoottori MD30-KAD300 Volvo Penta merimoottoreihin. Starttimoottorin Volvo Pentaan toimittaa aina edullinen Veneakselisto.com","breadcrumb":{"@id":"https:\/\/veneakselisto.com\/kauppa\/tuote\/polttoainepumppu-d19-d21-d29-d32-volvo-penta-merimoottoreihin-kopio\/#breadcrumb"},"inLanguage":"fi","potentialAction":[{"@type":"ReadAction","target":["https:\/\/veneakselisto.com\/kauppa\/tuote\/polttoainepumppu-d19-d21-d29-d32-volvo-penta-merimoottoreihin-kopio\/"]}]},{"@type":"ImageObject","inLanguage":"fi","@id":"https:\/\/veneakselisto.com\/kauppa\/tuote\/polttoainepumppu-d19-d21-d29-d32-volvo-penta-merimoottoreihin-kopio\/#primaryimage","url":"https:\/\/i0.wp.com\/veneakselisto.com\/kauppa\/wp-content\/uploads\/2018\/05\/Starttimoottori-TAMD40.png?fit=500%2C500&ssl=1","contentUrl":"https:\/\/i0.wp.com\/veneakselisto.com\/kauppa\/wp-content\/uploads\/2018\/05\/Starttimoottori-TAMD40.png?fit=500%2C500&ssl=1","width":500,"height":500,"caption":"Starttimoottori-TAMD40"},{"@type":"BreadcrumbList","@id":"https:\/\/veneakselisto.com\/kauppa\/tuote\/polttoainepumppu-d19-d21-d29-d32-volvo-penta-merimoottoreihin-kopio\/#breadcrumb","itemListElement":[{"@type":"ListItem","position":1,"name":"Etusivu","item":"https:\/\/veneakselisto.com\/kauppa\/"},{"@type":"ListItem","position":2,"name":"Kauppa","item":"https:\/\/veneakselisto.com\/kauppa\/"},{"@type":"ListItem","position":3,"name":"Starttimoottori MD30-KAD300 Volvo Penta merimoottoreihin"}]},{"@type":"WebSite","@id":"https:\/\/veneakselisto.com\/kauppa\/#website","url":"https:\/\/veneakselisto.com\/kauppa\/","name":"Veneakselisto.com - verkkokauppa","description":"Venetarvikkeiden maahantuonti ja myynti","publisher":{"@id":"https:\/\/veneakselisto.com\/kauppa\/#organization"},"potentialAction":[{"@type":"SearchAction","target":{"@type":"EntryPoint","urlTemplate":"https:\/\/veneakselisto.com\/kauppa\/?s={search_term_string}"},"query-input":{"@type":"PropertyValueSpecification","valueRequired":true,"valueName":"search_term_string"}}],"inLanguage":"fi"},{"@type":"Organization","@id":"https:\/\/veneakselisto.com\/kauppa\/#organization","name":"Veneakselisto.com verkkokauppa","url":"https:\/\/veneakselisto.com\/kauppa\/","logo":{"@type":"ImageObject","inLanguage":"fi","@id":"https:\/\/veneakselisto.com\/kauppa\/#\/schema\/logo\/image\/","url":"https:\/\/i2.wp.com\/veneakselisto.com\/kauppa\/wp-content\/uploads\/2016\/06\/fb_icon.jpg?fit=327%2C327&ssl=1","contentUrl":"https:\/\/i2.wp.com\/veneakselisto.com\/kauppa\/wp-content\/uploads\/2016\/06\/fb_icon.jpg?fit=327%2C327&ssl=1","width":327,"height":327,"caption":"Veneakselisto.com verkkokauppa"},"image":{"@id":"https:\/\/veneakselisto.com\/kauppa\/#\/schema\/logo\/image\/"},"sameAs":["https:\/\/www.facebook.com\/AlaMikkula\/"]}]}},"jetpack_publicize_connections":[],"jetpack_sharing_enabled":true,"_links":{"self":[{"href":"https:\/\/veneakselisto.com\/kauppa\/wp-json\/wp\/v2\/product\/3057","targetHints":{"allow":["GET"]}}],"collection":[{"href":"https:\/\/veneakselisto.com\/kauppa\/wp-json\/wp\/v2\/product"}],"about":[{"href":"https:\/\/veneakselisto.com\/kauppa\/wp-json\/wp\/v2\/types\/product"}],"replies":[{"embeddable":true,"href":"https:\/\/veneakselisto.com\/kauppa\/wp-json\/wp\/v2\/comments?post=3057"}],"wp:featuredmedia":[{"embeddable":true,"href":"https:\/\/veneakselisto.com\/kauppa\/wp-json\/wp\/v2\/media\/23449"}],"wp:attachment":[{"href":"https:\/\/veneakselisto.com\/kauppa\/wp-json\/wp\/v2\/media?parent=3057"}],"wp:term":[{"taxonomy":"product_brand","embeddable":true,"href":"https:\/\/veneakselisto.com\/kauppa\/wp-json\/wp\/v2\/product_brand?post=3057"},{"taxonomy":"product_cat","embeddable":true,"href":"https:\/\/veneakselisto.com\/kauppa\/wp-json\/wp\/v2\/product_cat?post=3057"},{"taxonomy":"product_tag","embeddable":true,"href":"https:\/\/veneakselisto.com\/kauppa\/wp-json\/wp\/v2\/product_tag?post=3057"}],"curies":[{"name":"wp","href":"https:\/\/api.w.org\/{rel}","templated":true}]}}