{"id":300,"date":"2016-03-01T13:32:47","date_gmt":"2016-03-01T11:32:47","guid":{"rendered":"http:\/\/veneakselisto.com\/kauppa\/tuote\/seriesone-akselitiiviste-25mm-38mm-vannasputkelle\/"},"modified":"2025-04-07T09:35:47","modified_gmt":"2025-04-07T06:35:47","slug":"seriesone-akselitiiviste-25mm-38mm-vannasputkelle","status":"publish","type":"product","link":"https:\/\/veneakselisto.com\/kauppa\/tuote\/seriesone-akselitiiviste-25mm-38mm-vannasputkelle\/","title":{"rendered":"Akselitiiviste 25mm, 38mm vannasputkelle."},"content":{"rendered":"<div class=\"wpb-content-wrapper\"><p>[vc_row][vc_column][vc_column_text]seriesOne Akselitiiviste 25mm<\/p>\n<p>Akselin halkaisija: 25mm<br \/>\nVannasputken halkaisija (\u2205D): 38mm<br \/>\nKiinnityskohdan pituus (S): 48mm<br \/>\nKoLaadukkaat Tides Marine vesivoidellut akselitiivisteet ovat huoltovapaita, eiv\u00e4tk\u00e4 vaadi jatkuvaa kiristyst\u00e4 tms.. Akselitiivisteit\u00e4 on saatavilla aina 8\u2033 tai 200mm asti. Tiiviste valitaan akselin koon ja vannasputken halkaisijan mukaan. Tiivisteisiin (ei seriesOne) on saatavilla varatiiviste pidikkeell\u00e4, jolloin tiivisteen voi vaihtaa akselia irroittamatta vaikka vedess\u00e4.konaispituus (L): 156mm<\/p>\n<p>[\/vc_column_text][\/vc_column][\/vc_row]<\/p>\n<\/div>","protected":false},"excerpt":{"rendered":"<p>seriesOne Akselitiiviste<\/p>\n<p>Akselin halkaisija: 25mm.<\/p>\n<p>Vannasputken halkaisija (\u2205D): 38mm.<\/p>\n","protected":false},"featured_media":299,"comment_status":"open","ping_status":"closed","template":"","meta":{"jetpack_post_was_ever_published":false,"jetpack_publicize_message":"","jetpack_publicize_feature_enabled":true,"jetpack_social_post_already_shared":true,"jetpack_social_options":{"image_generator_settings":{"template":"highway","default_image_id":0,"font":"","enabled":false},"version":2}},"product_brand":[],"product_cat":[25],"product_tag":[78,80,144],"class_list":{"0":"post-300","1":"product","2":"type-product","3":"status-publish","4":"has-post-thumbnail","6":"product_cat-tides-marine-akselitiivisteet","7":"product_tag-25mm","8":"product_tag-akselitiiviste","9":"product_tag-tides-marine","10":"brand-tides-marine","12":"first","13":"instock","14":"taxable","15":"shipping-taxable","16":"purchasable","17":"product-type-simple"},"yoast_head":"<!-- This site is optimized with the Yoast SEO plugin v27.4 - https:\/\/yoast.com\/product\/yoast-seo-wordpress\/ -->\n<title>Akselitiiviste 25mm, 38mm vannasputkelle. potkuriakselin Veneakselisto.<\/title>\n<meta name=\"description\" content=\"Akselitiiviste 25mm.Tides Marine akselitiivisteet jotka ovat vesivoideltuja toimittaa Veneakselisto.com. Vesivoideltu potkuriakselin tiiviste\" \/>\n<meta name=\"robots\" content=\"index, follow, max-snippet:-1, max-image-preview:large, max-video-preview:-1\" \/>\n<link rel=\"canonical\" href=\"https:\/\/veneakselisto.com\/kauppa\/tuote\/seriesone-akselitiiviste-25mm-38mm-vannasputkelle\/\" \/>\n<meta property=\"og:locale\" content=\"fi_FI\" \/>\n<meta property=\"og:type\" content=\"article\" \/>\n<meta property=\"og:title\" content=\"Akselitiiviste 25mm, 38mm vannasputkelle. potkuriakselin Veneakselisto.\" \/>\n<meta property=\"og:description\" content=\"Akselitiiviste 25mm.Tides Marine akselitiivisteet jotka ovat vesivoideltuja toimittaa Veneakselisto.com. Vesivoideltu potkuriakselin tiiviste\" \/>\n<meta property=\"og:url\" content=\"https:\/\/veneakselisto.com\/kauppa\/tuote\/seriesone-akselitiiviste-25mm-38mm-vannasputkelle\/\" \/>\n<meta property=\"og:site_name\" content=\"Veneakselisto.com - verkkokauppa\" \/>\n<meta property=\"article:publisher\" content=\"https:\/\/www.facebook.com\/AlaMikkula\/\" \/>\n<meta property=\"article:modified_time\" content=\"2025-04-07T06:35:47+00:00\" \/>\n<meta property=\"og:image\" content=\"https:\/\/veneakselisto.com\/kauppa\/wp-content\/uploads\/2016\/03\/seriesOne-600x600.gif\" \/>\n\t<meta property=\"og:image:width\" content=\"600\" \/>\n\t<meta property=\"og:image:height\" content=\"600\" \/>\n\t<meta property=\"og:image:type\" content=\"image\/gif\" \/>\n<meta name=\"twitter:card\" content=\"summary_large_image\" \/>\n<script type=\"application\/ld+json\" class=\"yoast-schema-graph\">{\"@context\":\"https:\\\/\\\/schema.org\",\"@graph\":[{\"@type\":\"WebPage\",\"@id\":\"https:\\\/\\\/veneakselisto.com\\\/kauppa\\\/tuote\\\/seriesone-akselitiiviste-25mm-38mm-vannasputkelle\\\/\",\"url\":\"https:\\\/\\\/veneakselisto.com\\\/kauppa\\\/tuote\\\/seriesone-akselitiiviste-25mm-38mm-vannasputkelle\\\/\",\"name\":\"Akselitiiviste 25mm, 38mm vannasputkelle. potkuriakselin Veneakselisto.\",\"isPartOf\":{\"@id\":\"https:\\\/\\\/veneakselisto.com\\\/kauppa\\\/#website\"},\"primaryImageOfPage\":{\"@id\":\"https:\\\/\\\/veneakselisto.com\\\/kauppa\\\/tuote\\\/seriesone-akselitiiviste-25mm-38mm-vannasputkelle\\\/#primaryimage\"},\"image\":{\"@id\":\"https:\\\/\\\/veneakselisto.com\\\/kauppa\\\/tuote\\\/seriesone-akselitiiviste-25mm-38mm-vannasputkelle\\\/#primaryimage\"},\"thumbnailUrl\":\"https:\\\/\\\/i0.wp.com\\\/veneakselisto.com\\\/kauppa\\\/wp-content\\\/uploads\\\/2016\\\/03\\\/seriesOne-600x600.gif?fit=600%2C600&ssl=1\",\"datePublished\":\"2016-03-01T11:32:47+00:00\",\"dateModified\":\"2025-04-07T06:35:47+00:00\",\"description\":\"Akselitiiviste 25mm.Tides Marine akselitiivisteet jotka ovat vesivoideltuja toimittaa Veneakselisto.com. Vesivoideltu potkuriakselin tiiviste\",\"breadcrumb\":{\"@id\":\"https:\\\/\\\/veneakselisto.com\\\/kauppa\\\/tuote\\\/seriesone-akselitiiviste-25mm-38mm-vannasputkelle\\\/#breadcrumb\"},\"inLanguage\":\"fi\",\"potentialAction\":[{\"@type\":\"ReadAction\",\"target\":[\"https:\\\/\\\/veneakselisto.com\\\/kauppa\\\/tuote\\\/seriesone-akselitiiviste-25mm-38mm-vannasputkelle\\\/\"]}]},{\"@type\":\"ImageObject\",\"inLanguage\":\"fi\",\"@id\":\"https:\\\/\\\/veneakselisto.com\\\/kauppa\\\/tuote\\\/seriesone-akselitiiviste-25mm-38mm-vannasputkelle\\\/#primaryimage\",\"url\":\"https:\\\/\\\/i0.wp.com\\\/veneakselisto.com\\\/kauppa\\\/wp-content\\\/uploads\\\/2016\\\/03\\\/seriesOne-600x600.gif?fit=600%2C600&ssl=1\",\"contentUrl\":\"https:\\\/\\\/i0.wp.com\\\/veneakselisto.com\\\/kauppa\\\/wp-content\\\/uploads\\\/2016\\\/03\\\/seriesOne-600x600.gif?fit=600%2C600&ssl=1\",\"width\":600,\"height\":600,\"caption\":\"Tides Marine - seriesOne - Akselitiivisteet. Markkinoiden paras\"},{\"@type\":\"BreadcrumbList\",\"@id\":\"https:\\\/\\\/veneakselisto.com\\\/kauppa\\\/tuote\\\/seriesone-akselitiiviste-25mm-38mm-vannasputkelle\\\/#breadcrumb\",\"itemListElement\":[{\"@type\":\"ListItem\",\"position\":1,\"name\":\"Etusivu\",\"item\":\"https:\\\/\\\/veneakselisto.com\\\/kauppa\\\/\"},{\"@type\":\"ListItem\",\"position\":2,\"name\":\"Kauppa\",\"item\":\"https:\\\/\\\/veneakselisto.com\\\/kauppa\\\/\"},{\"@type\":\"ListItem\",\"position\":3,\"name\":\"Akselitiiviste 25mm, 38mm vannasputkelle.\"}]},{\"@type\":\"WebSite\",\"@id\":\"https:\\\/\\\/veneakselisto.com\\\/kauppa\\\/#website\",\"url\":\"https:\\\/\\\/veneakselisto.com\\\/kauppa\\\/\",\"name\":\"Veneakselisto.com - verkkokauppa\",\"description\":\"Venetarvikkeiden maahantuonti ja myynti\",\"publisher\":{\"@id\":\"https:\\\/\\\/veneakselisto.com\\\/kauppa\\\/#organization\"},\"potentialAction\":[{\"@type\":\"SearchAction\",\"target\":{\"@type\":\"EntryPoint\",\"urlTemplate\":\"https:\\\/\\\/veneakselisto.com\\\/kauppa\\\/?s={search_term_string}\"},\"query-input\":{\"@type\":\"PropertyValueSpecification\",\"valueRequired\":true,\"valueName\":\"search_term_string\"}}],\"inLanguage\":\"fi\"},{\"@type\":\"Organization\",\"@id\":\"https:\\\/\\\/veneakselisto.com\\\/kauppa\\\/#organization\",\"name\":\"Veneakselisto.com verkkokauppa\",\"url\":\"https:\\\/\\\/veneakselisto.com\\\/kauppa\\\/\",\"logo\":{\"@type\":\"ImageObject\",\"inLanguage\":\"fi\",\"@id\":\"https:\\\/\\\/veneakselisto.com\\\/kauppa\\\/#\\\/schema\\\/logo\\\/image\\\/\",\"url\":\"https:\\\/\\\/i2.wp.com\\\/veneakselisto.com\\\/kauppa\\\/wp-content\\\/uploads\\\/2016\\\/06\\\/fb_icon.jpg?fit=327%2C327&ssl=1\",\"contentUrl\":\"https:\\\/\\\/i2.wp.com\\\/veneakselisto.com\\\/kauppa\\\/wp-content\\\/uploads\\\/2016\\\/06\\\/fb_icon.jpg?fit=327%2C327&ssl=1\",\"width\":327,\"height\":327,\"caption\":\"Veneakselisto.com verkkokauppa\"},\"image\":{\"@id\":\"https:\\\/\\\/veneakselisto.com\\\/kauppa\\\/#\\\/schema\\\/logo\\\/image\\\/\"},\"sameAs\":[\"https:\\\/\\\/www.facebook.com\\\/AlaMikkula\\\/\"]}]}<\/script>\n<!-- \/ Yoast SEO plugin. -->","yoast_head_json":{"title":"Akselitiiviste 25mm, 38mm vannasputkelle. potkuriakselin Veneakselisto.","description":"Akselitiiviste 25mm.Tides Marine akselitiivisteet jotka ovat vesivoideltuja toimittaa Veneakselisto.com. Vesivoideltu potkuriakselin tiiviste","robots":{"index":"index","follow":"follow","max-snippet":"max-snippet:-1","max-image-preview":"max-image-preview:large","max-video-preview":"max-video-preview:-1"},"canonical":"https:\/\/veneakselisto.com\/kauppa\/tuote\/seriesone-akselitiiviste-25mm-38mm-vannasputkelle\/","og_locale":"fi_FI","og_type":"article","og_title":"Akselitiiviste 25mm, 38mm vannasputkelle. potkuriakselin Veneakselisto.","og_description":"Akselitiiviste 25mm.Tides Marine akselitiivisteet jotka ovat vesivoideltuja toimittaa Veneakselisto.com. Vesivoideltu potkuriakselin tiiviste","og_url":"https:\/\/veneakselisto.com\/kauppa\/tuote\/seriesone-akselitiiviste-25mm-38mm-vannasputkelle\/","og_site_name":"Veneakselisto.com - verkkokauppa","article_publisher":"https:\/\/www.facebook.com\/AlaMikkula\/","article_modified_time":"2025-04-07T06:35:47+00:00","og_image":[{"width":600,"height":600,"url":"https:\/\/veneakselisto.com\/kauppa\/wp-content\/uploads\/2016\/03\/seriesOne-600x600.gif","type":"image\/gif"}],"twitter_card":"summary_large_image","schema":{"@context":"https:\/\/schema.org","@graph":[{"@type":"WebPage","@id":"https:\/\/veneakselisto.com\/kauppa\/tuote\/seriesone-akselitiiviste-25mm-38mm-vannasputkelle\/","url":"https:\/\/veneakselisto.com\/kauppa\/tuote\/seriesone-akselitiiviste-25mm-38mm-vannasputkelle\/","name":"Akselitiiviste 25mm, 38mm vannasputkelle. potkuriakselin Veneakselisto.","isPartOf":{"@id":"https:\/\/veneakselisto.com\/kauppa\/#website"},"primaryImageOfPage":{"@id":"https:\/\/veneakselisto.com\/kauppa\/tuote\/seriesone-akselitiiviste-25mm-38mm-vannasputkelle\/#primaryimage"},"image":{"@id":"https:\/\/veneakselisto.com\/kauppa\/tuote\/seriesone-akselitiiviste-25mm-38mm-vannasputkelle\/#primaryimage"},"thumbnailUrl":"https:\/\/i0.wp.com\/veneakselisto.com\/kauppa\/wp-content\/uploads\/2016\/03\/seriesOne-600x600.gif?fit=600%2C600&ssl=1","datePublished":"2016-03-01T11:32:47+00:00","dateModified":"2025-04-07T06:35:47+00:00","description":"Akselitiiviste 25mm.Tides Marine akselitiivisteet jotka ovat vesivoideltuja toimittaa Veneakselisto.com. Vesivoideltu potkuriakselin tiiviste","breadcrumb":{"@id":"https:\/\/veneakselisto.com\/kauppa\/tuote\/seriesone-akselitiiviste-25mm-38mm-vannasputkelle\/#breadcrumb"},"inLanguage":"fi","potentialAction":[{"@type":"ReadAction","target":["https:\/\/veneakselisto.com\/kauppa\/tuote\/seriesone-akselitiiviste-25mm-38mm-vannasputkelle\/"]}]},{"@type":"ImageObject","inLanguage":"fi","@id":"https:\/\/veneakselisto.com\/kauppa\/tuote\/seriesone-akselitiiviste-25mm-38mm-vannasputkelle\/#primaryimage","url":"https:\/\/i0.wp.com\/veneakselisto.com\/kauppa\/wp-content\/uploads\/2016\/03\/seriesOne-600x600.gif?fit=600%2C600&ssl=1","contentUrl":"https:\/\/i0.wp.com\/veneakselisto.com\/kauppa\/wp-content\/uploads\/2016\/03\/seriesOne-600x600.gif?fit=600%2C600&ssl=1","width":600,"height":600,"caption":"Tides Marine - seriesOne - Akselitiivisteet. Markkinoiden paras"},{"@type":"BreadcrumbList","@id":"https:\/\/veneakselisto.com\/kauppa\/tuote\/seriesone-akselitiiviste-25mm-38mm-vannasputkelle\/#breadcrumb","itemListElement":[{"@type":"ListItem","position":1,"name":"Etusivu","item":"https:\/\/veneakselisto.com\/kauppa\/"},{"@type":"ListItem","position":2,"name":"Kauppa","item":"https:\/\/veneakselisto.com\/kauppa\/"},{"@type":"ListItem","position":3,"name":"Akselitiiviste 25mm, 38mm vannasputkelle."}]},{"@type":"WebSite","@id":"https:\/\/veneakselisto.com\/kauppa\/#website","url":"https:\/\/veneakselisto.com\/kauppa\/","name":"Veneakselisto.com - verkkokauppa","description":"Venetarvikkeiden maahantuonti ja myynti","publisher":{"@id":"https:\/\/veneakselisto.com\/kauppa\/#organization"},"potentialAction":[{"@type":"SearchAction","target":{"@type":"EntryPoint","urlTemplate":"https:\/\/veneakselisto.com\/kauppa\/?s={search_term_string}"},"query-input":{"@type":"PropertyValueSpecification","valueRequired":true,"valueName":"search_term_string"}}],"inLanguage":"fi"},{"@type":"Organization","@id":"https:\/\/veneakselisto.com\/kauppa\/#organization","name":"Veneakselisto.com verkkokauppa","url":"https:\/\/veneakselisto.com\/kauppa\/","logo":{"@type":"ImageObject","inLanguage":"fi","@id":"https:\/\/veneakselisto.com\/kauppa\/#\/schema\/logo\/image\/","url":"https:\/\/i2.wp.com\/veneakselisto.com\/kauppa\/wp-content\/uploads\/2016\/06\/fb_icon.jpg?fit=327%2C327&ssl=1","contentUrl":"https:\/\/i2.wp.com\/veneakselisto.com\/kauppa\/wp-content\/uploads\/2016\/06\/fb_icon.jpg?fit=327%2C327&ssl=1","width":327,"height":327,"caption":"Veneakselisto.com verkkokauppa"},"image":{"@id":"https:\/\/veneakselisto.com\/kauppa\/#\/schema\/logo\/image\/"},"sameAs":["https:\/\/www.facebook.com\/AlaMikkula\/"]}]}},"jetpack_publicize_connections":[],"jetpack_sharing_enabled":true,"_links":{"self":[{"href":"https:\/\/veneakselisto.com\/kauppa\/wp-json\/wp\/v2\/product\/300","targetHints":{"allow":["GET"]}}],"collection":[{"href":"https:\/\/veneakselisto.com\/kauppa\/wp-json\/wp\/v2\/product"}],"about":[{"href":"https:\/\/veneakselisto.com\/kauppa\/wp-json\/wp\/v2\/types\/product"}],"replies":[{"embeddable":true,"href":"https:\/\/veneakselisto.com\/kauppa\/wp-json\/wp\/v2\/comments?post=300"}],"wp:featuredmedia":[{"embeddable":true,"href":"https:\/\/veneakselisto.com\/kauppa\/wp-json\/wp\/v2\/media\/299"}],"wp:attachment":[{"href":"https:\/\/veneakselisto.com\/kauppa\/wp-json\/wp\/v2\/media?parent=300"}],"wp:term":[{"taxonomy":"product_brand","embeddable":true,"href":"https:\/\/veneakselisto.com\/kauppa\/wp-json\/wp\/v2\/product_brand?post=300"},{"taxonomy":"product_cat","embeddable":true,"href":"https:\/\/veneakselisto.com\/kauppa\/wp-json\/wp\/v2\/product_cat?post=300"},{"taxonomy":"product_tag","embeddable":true,"href":"https:\/\/veneakselisto.com\/kauppa\/wp-json\/wp\/v2\/product_tag?post=300"}],"curies":[{"name":"wp","href":"https:\/\/api.w.org\/{rel}","templated":true}]}}