{"id":24859,"date":"2026-04-07T19:23:56","date_gmt":"2026-04-07T16:23:56","guid":{"rendered":"https:\/\/veneakselisto.com\/kauppa\/?post_type=product&#038;p=24859"},"modified":"2026-04-08T01:51:55","modified_gmt":"2026-04-07T22:51:55","slug":"pakomutka-volvo-penta-d1-md20-3","status":"publish","type":"product","link":"https:\/\/veneakselisto.com\/kauppa\/tuote\/pakomutka-volvo-penta-d1-md20-3\/","title":{"rendered":"Pakomutka Volvo Penta D1-MD20"},"content":{"rendered":"<p>Pakomutka Volvo Penta D1-MD20<\/p>\n<p><span style=\"color: #ff0000;\">Tehdastoimituksena 2-5pv normaalisti<\/span><\/p>\n<p>Valmistaja Orbitrade, Ruostumaton ter\u00e4s<\/p>\n<p>Volvo Penta OEM nr: 21190094\u00a0 861906<\/p>\n<p>Materiaali RST.<\/p>\n<p>Ei sis\u00e4ll\u00e4 pultteja tai tiivisteit\u00e4.<\/p>\n<p>Sopivuus:<\/p>\n<p><strong>Passar Volvo\u00a0D1, D2, MD2010, MD2020, MD2030, MD2040<\/strong><\/p>\n<p>D1-13A, D1-13B, D1-13F<\/p>\n<p>D1-20A, D1-20B, D1-20F<\/p>\n<p>D1-30A, D1-30B, D1-30F<\/p>\n<p>D2-40A, D2-40B, D2-40F<\/p>\n<p>MD2010A, MD2010B, MD2010C, MD2010D<\/p>\n<p>MD2020A, MD2020B, MD2020C, MD2020D<\/p>\n<p>MD2030A, MD2030B, MD2030C, MD2030D<\/p>\n<p>MD2040A, MD2040B, MD2040C, MD2040D<\/p>\n<p><strong>\u00a0<\/strong><\/p>\n<p><strong>Pakoletku:<\/strong> 45mm, 1 3\/4&#8243;<\/p>\n<p><strong>Mesil\u00e4ht\u00f6:<\/strong> 21mm, 13\/16&#8243;<\/p>\n<p><strong>Materiaali:<\/strong> Rostfritt EN 1.4404\/316L<\/p>\n<p><strong>Tiiivte numero: <\/strong>16190<\/p>\n<p>Volvo Penta merimoottorit.<\/p>\n<p>Pakomutka Volvo Penta D1-MD20<\/p>\n<p>&nbsp;<\/p>\n","protected":false},"excerpt":{"rendered":"<p>Pakomutka Volvo Penta D1-MD20<\/p>\n<p><span style=\"color: #ff0000;\">Tehdastoimituksena 2-5pv normaalisti<\/span><\/p>\n<p>Valmistaja Orbitrade, Ruostumaton ter\u00e4s<\/p>\n<p>Volvo Penta OEM nr: 21190094\u00a0 861906<\/p>\n<p>Materiaali RST. Volvo Penta merimoottorit.<\/p>\n","protected":false},"featured_media":24860,"comment_status":"open","ping_status":"closed","template":"","meta":{"jetpack_post_was_ever_published":false,"jetpack_publicize_message":"","jetpack_publicize_feature_enabled":true,"jetpack_social_post_already_shared":true,"jetpack_social_options":{"image_generator_settings":{"template":"highway","default_image_id":0,"font":"","enabled":false},"version":2}},"product_brand":[],"product_cat":[327],"product_tag":[267,266,274,273,248,228],"class_list":{"0":"post-24859","1":"product","2":"type-product","3":"status-publish","4":"has-post-thumbnail","6":"product_cat-volvo-penta-vara-huolto-osat-volvo-penta-vara-houlto-osat","7":"product_tag-huolto-osat","8":"product_tag-orbitrade-marine","9":"product_tag-pakokayra","10":"product_tag-pakosarja","11":"product_tag-penta","12":"product_tag-volvo","13":"brand-orbitrade-marine","15":"first","16":"onbackorder","17":"taxable","18":"shipping-taxable","19":"purchasable","20":"product-type-simple"},"yoast_head":"<!-- This site is optimized with the Yoast SEO plugin v27.3 - https:\/\/yoast.com\/product\/yoast-seo-wordpress\/ -->\n<title>Pakomutka Volvo Penta D1-MD20- Veneakselisto.com - verkkokauppa<\/title>\n<meta name=\"description\" content=\"Pakomutka Volvo Penta D1-MD20. Volvo Penta pakok\u00e4yr\u00e4n toimittaa aina edullinen Veneakselisto.com - Verkkokauppa - Venetarvikkeiden maahantuonti ja myynti.\" \/>\n<meta name=\"robots\" content=\"index, follow, max-snippet:-1, max-image-preview:large, max-video-preview:-1\" \/>\n<link rel=\"canonical\" href=\"https:\/\/veneakselisto.com\/kauppa\/tuote\/pakomutka-volvo-penta-d1-md20-3\/\" \/>\n<meta property=\"og:locale\" content=\"fi_FI\" \/>\n<meta property=\"og:type\" content=\"article\" \/>\n<meta property=\"og:title\" content=\"Pakomutka Volvo Penta D1-MD20- Veneakselisto.com - verkkokauppa\" \/>\n<meta property=\"og:description\" content=\"Pakomutka Volvo Penta D1-MD20. Volvo Penta pakok\u00e4yr\u00e4n toimittaa aina edullinen Veneakselisto.com - Verkkokauppa - Venetarvikkeiden maahantuonti ja myynti.\" \/>\n<meta property=\"og:url\" content=\"https:\/\/veneakselisto.com\/kauppa\/tuote\/pakomutka-volvo-penta-d1-md20-3\/\" \/>\n<meta property=\"og:site_name\" content=\"Veneakselisto.com - verkkokauppa\" \/>\n<meta property=\"article:publisher\" content=\"https:\/\/www.facebook.com\/AlaMikkula\/\" \/>\n<meta property=\"article:modified_time\" content=\"2026-04-07T22:51:55+00:00\" \/>\n<meta property=\"og:image\" content=\"https:\/\/veneakselisto.com\/kauppa\/wp-content\/uploads\/2026\/04\/16750-pakokayra.jpg\" \/>\n\t<meta property=\"og:image:width\" content=\"500\" \/>\n\t<meta property=\"og:image:height\" content=\"500\" \/>\n\t<meta property=\"og:image:type\" content=\"image\/jpeg\" \/>\n<meta name=\"twitter:card\" content=\"summary_large_image\" \/>\n<meta name=\"twitter:label1\" content=\"Arvioitu lukuaika\" \/>\n\t<meta name=\"twitter:data1\" content=\"1 minuutti\" \/>\n<script type=\"application\/ld+json\" class=\"yoast-schema-graph\">{\"@context\":\"https:\\\/\\\/schema.org\",\"@graph\":[{\"@type\":\"WebPage\",\"@id\":\"https:\\\/\\\/veneakselisto.com\\\/kauppa\\\/tuote\\\/pakomutka-volvo-penta-d1-md20-3\\\/\",\"url\":\"https:\\\/\\\/veneakselisto.com\\\/kauppa\\\/tuote\\\/pakomutka-volvo-penta-d1-md20-3\\\/\",\"name\":\"Pakomutka Volvo Penta D1-MD20- Veneakselisto.com - verkkokauppa\",\"isPartOf\":{\"@id\":\"https:\\\/\\\/veneakselisto.com\\\/kauppa\\\/#website\"},\"primaryImageOfPage\":{\"@id\":\"https:\\\/\\\/veneakselisto.com\\\/kauppa\\\/tuote\\\/pakomutka-volvo-penta-d1-md20-3\\\/#primaryimage\"},\"image\":{\"@id\":\"https:\\\/\\\/veneakselisto.com\\\/kauppa\\\/tuote\\\/pakomutka-volvo-penta-d1-md20-3\\\/#primaryimage\"},\"thumbnailUrl\":\"https:\\\/\\\/i0.wp.com\\\/veneakselisto.com\\\/kauppa\\\/wp-content\\\/uploads\\\/2026\\\/04\\\/16750-pakokayra.jpg?fit=500%2C500&ssl=1\",\"datePublished\":\"2026-04-07T16:23:56+00:00\",\"dateModified\":\"2026-04-07T22:51:55+00:00\",\"description\":\"Pakomutka Volvo Penta D1-MD20. Volvo Penta pakok\u00e4yr\u00e4n toimittaa aina edullinen Veneakselisto.com - Verkkokauppa - Venetarvikkeiden maahantuonti ja myynti.\",\"breadcrumb\":{\"@id\":\"https:\\\/\\\/veneakselisto.com\\\/kauppa\\\/tuote\\\/pakomutka-volvo-penta-d1-md20-3\\\/#breadcrumb\"},\"inLanguage\":\"fi\",\"potentialAction\":[{\"@type\":\"ReadAction\",\"target\":[\"https:\\\/\\\/veneakselisto.com\\\/kauppa\\\/tuote\\\/pakomutka-volvo-penta-d1-md20-3\\\/\"]}]},{\"@type\":\"ImageObject\",\"inLanguage\":\"fi\",\"@id\":\"https:\\\/\\\/veneakselisto.com\\\/kauppa\\\/tuote\\\/pakomutka-volvo-penta-d1-md20-3\\\/#primaryimage\",\"url\":\"https:\\\/\\\/i0.wp.com\\\/veneakselisto.com\\\/kauppa\\\/wp-content\\\/uploads\\\/2026\\\/04\\\/16750-pakokayra.jpg?fit=500%2C500&ssl=1\",\"contentUrl\":\"https:\\\/\\\/i0.wp.com\\\/veneakselisto.com\\\/kauppa\\\/wp-content\\\/uploads\\\/2026\\\/04\\\/16750-pakokayra.jpg?fit=500%2C500&ssl=1\",\"width\":500,\"height\":500,\"caption\":\"D1-MD2040-D1-30-Pakomutka-Volvo Penta-Veneakselisto.com\"},{\"@type\":\"BreadcrumbList\",\"@id\":\"https:\\\/\\\/veneakselisto.com\\\/kauppa\\\/tuote\\\/pakomutka-volvo-penta-d1-md20-3\\\/#breadcrumb\",\"itemListElement\":[{\"@type\":\"ListItem\",\"position\":1,\"name\":\"Etusivu\",\"item\":\"https:\\\/\\\/veneakselisto.com\\\/kauppa\\\/\"},{\"@type\":\"ListItem\",\"position\":2,\"name\":\"Kauppa\",\"item\":\"https:\\\/\\\/veneakselisto.com\\\/kauppa\\\/\"},{\"@type\":\"ListItem\",\"position\":3,\"name\":\"Pakomutka Volvo Penta D1-MD20\"}]},{\"@type\":\"WebSite\",\"@id\":\"https:\\\/\\\/veneakselisto.com\\\/kauppa\\\/#website\",\"url\":\"https:\\\/\\\/veneakselisto.com\\\/kauppa\\\/\",\"name\":\"Veneakselisto.com - verkkokauppa\",\"description\":\"Venetarvikkeiden maahantuonti ja myynti\",\"publisher\":{\"@id\":\"https:\\\/\\\/veneakselisto.com\\\/kauppa\\\/#organization\"},\"potentialAction\":[{\"@type\":\"SearchAction\",\"target\":{\"@type\":\"EntryPoint\",\"urlTemplate\":\"https:\\\/\\\/veneakselisto.com\\\/kauppa\\\/?s={search_term_string}\"},\"query-input\":{\"@type\":\"PropertyValueSpecification\",\"valueRequired\":true,\"valueName\":\"search_term_string\"}}],\"inLanguage\":\"fi\"},{\"@type\":\"Organization\",\"@id\":\"https:\\\/\\\/veneakselisto.com\\\/kauppa\\\/#organization\",\"name\":\"Veneakselisto.com verkkokauppa\",\"url\":\"https:\\\/\\\/veneakselisto.com\\\/kauppa\\\/\",\"logo\":{\"@type\":\"ImageObject\",\"inLanguage\":\"fi\",\"@id\":\"https:\\\/\\\/veneakselisto.com\\\/kauppa\\\/#\\\/schema\\\/logo\\\/image\\\/\",\"url\":\"https:\\\/\\\/i2.wp.com\\\/veneakselisto.com\\\/kauppa\\\/wp-content\\\/uploads\\\/2016\\\/06\\\/fb_icon.jpg?fit=327%2C327&ssl=1\",\"contentUrl\":\"https:\\\/\\\/i2.wp.com\\\/veneakselisto.com\\\/kauppa\\\/wp-content\\\/uploads\\\/2016\\\/06\\\/fb_icon.jpg?fit=327%2C327&ssl=1\",\"width\":327,\"height\":327,\"caption\":\"Veneakselisto.com verkkokauppa\"},\"image\":{\"@id\":\"https:\\\/\\\/veneakselisto.com\\\/kauppa\\\/#\\\/schema\\\/logo\\\/image\\\/\"},\"sameAs\":[\"https:\\\/\\\/www.facebook.com\\\/AlaMikkula\\\/\"]}]}<\/script>\n<!-- \/ Yoast SEO plugin. -->","yoast_head_json":{"title":"Pakomutka Volvo Penta D1-MD20- Veneakselisto.com - verkkokauppa","description":"Pakomutka Volvo Penta D1-MD20. Volvo Penta pakok\u00e4yr\u00e4n toimittaa aina edullinen Veneakselisto.com - Verkkokauppa - Venetarvikkeiden maahantuonti ja myynti.","robots":{"index":"index","follow":"follow","max-snippet":"max-snippet:-1","max-image-preview":"max-image-preview:large","max-video-preview":"max-video-preview:-1"},"canonical":"https:\/\/veneakselisto.com\/kauppa\/tuote\/pakomutka-volvo-penta-d1-md20-3\/","og_locale":"fi_FI","og_type":"article","og_title":"Pakomutka Volvo Penta D1-MD20- Veneakselisto.com - verkkokauppa","og_description":"Pakomutka Volvo Penta D1-MD20. Volvo Penta pakok\u00e4yr\u00e4n toimittaa aina edullinen Veneakselisto.com - Verkkokauppa - Venetarvikkeiden maahantuonti ja myynti.","og_url":"https:\/\/veneakselisto.com\/kauppa\/tuote\/pakomutka-volvo-penta-d1-md20-3\/","og_site_name":"Veneakselisto.com - verkkokauppa","article_publisher":"https:\/\/www.facebook.com\/AlaMikkula\/","article_modified_time":"2026-04-07T22:51:55+00:00","og_image":[{"width":500,"height":500,"url":"https:\/\/veneakselisto.com\/kauppa\/wp-content\/uploads\/2026\/04\/16750-pakokayra.jpg","type":"image\/jpeg"}],"twitter_card":"summary_large_image","twitter_misc":{"Arvioitu lukuaika":"1 minuutti"},"schema":{"@context":"https:\/\/schema.org","@graph":[{"@type":"WebPage","@id":"https:\/\/veneakselisto.com\/kauppa\/tuote\/pakomutka-volvo-penta-d1-md20-3\/","url":"https:\/\/veneakselisto.com\/kauppa\/tuote\/pakomutka-volvo-penta-d1-md20-3\/","name":"Pakomutka Volvo Penta D1-MD20- Veneakselisto.com - verkkokauppa","isPartOf":{"@id":"https:\/\/veneakselisto.com\/kauppa\/#website"},"primaryImageOfPage":{"@id":"https:\/\/veneakselisto.com\/kauppa\/tuote\/pakomutka-volvo-penta-d1-md20-3\/#primaryimage"},"image":{"@id":"https:\/\/veneakselisto.com\/kauppa\/tuote\/pakomutka-volvo-penta-d1-md20-3\/#primaryimage"},"thumbnailUrl":"https:\/\/i0.wp.com\/veneakselisto.com\/kauppa\/wp-content\/uploads\/2026\/04\/16750-pakokayra.jpg?fit=500%2C500&ssl=1","datePublished":"2026-04-07T16:23:56+00:00","dateModified":"2026-04-07T22:51:55+00:00","description":"Pakomutka Volvo Penta D1-MD20. Volvo Penta pakok\u00e4yr\u00e4n toimittaa aina edullinen Veneakselisto.com - Verkkokauppa - Venetarvikkeiden maahantuonti ja myynti.","breadcrumb":{"@id":"https:\/\/veneakselisto.com\/kauppa\/tuote\/pakomutka-volvo-penta-d1-md20-3\/#breadcrumb"},"inLanguage":"fi","potentialAction":[{"@type":"ReadAction","target":["https:\/\/veneakselisto.com\/kauppa\/tuote\/pakomutka-volvo-penta-d1-md20-3\/"]}]},{"@type":"ImageObject","inLanguage":"fi","@id":"https:\/\/veneakselisto.com\/kauppa\/tuote\/pakomutka-volvo-penta-d1-md20-3\/#primaryimage","url":"https:\/\/i0.wp.com\/veneakselisto.com\/kauppa\/wp-content\/uploads\/2026\/04\/16750-pakokayra.jpg?fit=500%2C500&ssl=1","contentUrl":"https:\/\/i0.wp.com\/veneakselisto.com\/kauppa\/wp-content\/uploads\/2026\/04\/16750-pakokayra.jpg?fit=500%2C500&ssl=1","width":500,"height":500,"caption":"D1-MD2040-D1-30-Pakomutka-Volvo Penta-Veneakselisto.com"},{"@type":"BreadcrumbList","@id":"https:\/\/veneakselisto.com\/kauppa\/tuote\/pakomutka-volvo-penta-d1-md20-3\/#breadcrumb","itemListElement":[{"@type":"ListItem","position":1,"name":"Etusivu","item":"https:\/\/veneakselisto.com\/kauppa\/"},{"@type":"ListItem","position":2,"name":"Kauppa","item":"https:\/\/veneakselisto.com\/kauppa\/"},{"@type":"ListItem","position":3,"name":"Pakomutka Volvo Penta D1-MD20"}]},{"@type":"WebSite","@id":"https:\/\/veneakselisto.com\/kauppa\/#website","url":"https:\/\/veneakselisto.com\/kauppa\/","name":"Veneakselisto.com - verkkokauppa","description":"Venetarvikkeiden maahantuonti ja myynti","publisher":{"@id":"https:\/\/veneakselisto.com\/kauppa\/#organization"},"potentialAction":[{"@type":"SearchAction","target":{"@type":"EntryPoint","urlTemplate":"https:\/\/veneakselisto.com\/kauppa\/?s={search_term_string}"},"query-input":{"@type":"PropertyValueSpecification","valueRequired":true,"valueName":"search_term_string"}}],"inLanguage":"fi"},{"@type":"Organization","@id":"https:\/\/veneakselisto.com\/kauppa\/#organization","name":"Veneakselisto.com verkkokauppa","url":"https:\/\/veneakselisto.com\/kauppa\/","logo":{"@type":"ImageObject","inLanguage":"fi","@id":"https:\/\/veneakselisto.com\/kauppa\/#\/schema\/logo\/image\/","url":"https:\/\/i2.wp.com\/veneakselisto.com\/kauppa\/wp-content\/uploads\/2016\/06\/fb_icon.jpg?fit=327%2C327&ssl=1","contentUrl":"https:\/\/i2.wp.com\/veneakselisto.com\/kauppa\/wp-content\/uploads\/2016\/06\/fb_icon.jpg?fit=327%2C327&ssl=1","width":327,"height":327,"caption":"Veneakselisto.com verkkokauppa"},"image":{"@id":"https:\/\/veneakselisto.com\/kauppa\/#\/schema\/logo\/image\/"},"sameAs":["https:\/\/www.facebook.com\/AlaMikkula\/"]}]}},"jetpack_publicize_connections":[],"jetpack_sharing_enabled":true,"_links":{"self":[{"href":"https:\/\/veneakselisto.com\/kauppa\/wp-json\/wp\/v2\/product\/24859","targetHints":{"allow":["GET"]}}],"collection":[{"href":"https:\/\/veneakselisto.com\/kauppa\/wp-json\/wp\/v2\/product"}],"about":[{"href":"https:\/\/veneakselisto.com\/kauppa\/wp-json\/wp\/v2\/types\/product"}],"replies":[{"embeddable":true,"href":"https:\/\/veneakselisto.com\/kauppa\/wp-json\/wp\/v2\/comments?post=24859"}],"wp:featuredmedia":[{"embeddable":true,"href":"https:\/\/veneakselisto.com\/kauppa\/wp-json\/wp\/v2\/media\/24860"}],"wp:attachment":[{"href":"https:\/\/veneakselisto.com\/kauppa\/wp-json\/wp\/v2\/media?parent=24859"}],"wp:term":[{"taxonomy":"product_brand","embeddable":true,"href":"https:\/\/veneakselisto.com\/kauppa\/wp-json\/wp\/v2\/product_brand?post=24859"},{"taxonomy":"product_cat","embeddable":true,"href":"https:\/\/veneakselisto.com\/kauppa\/wp-json\/wp\/v2\/product_cat?post=24859"},{"taxonomy":"product_tag","embeddable":true,"href":"https:\/\/veneakselisto.com\/kauppa\/wp-json\/wp\/v2\/product_tag?post=24859"}],"curies":[{"name":"wp","href":"https:\/\/api.w.org\/{rel}","templated":true}]}}