{"id":2395,"date":"2018-02-02T15:50:10","date_gmt":"2018-02-02T13:50:10","guid":{"rendered":"https:\/\/veneakselisto.com\/kauppa\/?post_type=product&#038;p=2395"},"modified":"2024-08-31T23:55:50","modified_gmt":"2024-08-31T20:55:50","slug":"bow6024d-vetus-sahkokayttoinen-keulapotkuri-70-kgf-tyontovoimalla-9-13m-aluksille","status":"publish","type":"product","link":"https:\/\/veneakselisto.com\/kauppa\/tuote\/bow6024d-vetus-sahkokayttoinen-keulapotkuri-70-kgf-tyontovoimalla-9-13m-aluksille\/","title":{"rendered":"BOW6024D Vetus s\u00e4hk\u00f6k\u00e4ytt\u00f6inen keulapotkuri 70 kgf ty\u00f6nt\u00f6voimalla 9-13m aluksille, 24 V"},"content":{"rendered":"<div class=\"wpb-content-wrapper\"><p>BOW6024D Vetus s\u00e4hk\u00f6k\u00e4ytt\u00f6inen keulapotkuri<\/p>\n<p>[vc_row][vc_column][vc_column_text]K\u00e4ytt\u00f6j\u00e4nnite: 24 V DC<\/p>\n<p>Ty\u00f6nt\u00f6voima (N \/ kgf): 700\u00a0\/\u00a070<\/p>\n<p>Teho: 3\u00a0kW (4hv)<\/p>\n<p>Tunnelin sis\u00e4halkaisija: 185 mm<\/p>\n<p>Paino: 22 kg (ilman tunnelia)<\/p>\n<p>Virta: 140\u00a0A<\/p>\n<p>Sulake hidas: 100 A<\/p>\n<p>Maksimi yht\u00e4jaksoinen k\u00e4ytt\u00f6aika: 5\u00a0min<\/p>\n<p>Mitat (katso kuva):<\/p>\n<p>A: 143,5 mm<\/p>\n<p>B: 397\u00a0mm<\/p>\n<p>C: 77\u00a0mm<\/p>\n<p>D (min. \/ max.) : 370\u00a0mm \/ 740\u00a0mm<\/p>\n<p>E: 160\u00a0mm<\/p>\n<p>F: 130 mm<\/p>\n<p>G: 185 mm<\/p>\n<p>H: 185 mm<\/p>\n<p>Ei sis\u00e4ll\u00e4 Ohjainta, kaapelia tai tunnelia[\/vc_column_text][\/vc_column][\/vc_row][vc_row][vc_column][vc_column_text]<a href=\"http:\/\/www.vetus.com\/media\/magentominds\/sasdocument\/20140515101519_0.pdf\" target=\"_blank\" rel=\"noopener noreferrer\">Keulapotkurien sijoitussuosituksia (Pdf)<\/a><\/p>\n<p><a href=\"http:\/\/www.vetus.com\/media\/magentominds\/sasdocument\/20140515112530_0.pdf\" target=\"_blank\" rel=\"noopener noreferrer\">BOW6024D Poraussabluuna (Pdf)<\/a><\/p>\n<p><a href=\"http:\/\/www.vetus.com\/media\/magentominds\/sasdocument\/20140515112658_0.pdf\" target=\"_blank\" rel=\"noopener noreferrer\">Varaosalista (en) (Pdf)<\/a>[\/vc_column_text][\/vc_column][\/vc_row][vc_row][vc_column][vc_column_text]<\/p>\n<h4>VETUS keulapotkureiden edut<\/h4>\n<ul>\n<li>Yksi tehokas potkuri \u2013 v\u00e4hemm\u00e4n h\u00e4iri\u00f6t\u00e4 veden virtauksessa<\/li>\n<li>Ainutlaatuinen potkurimalli antaa alhaisemman melutason ja yht\u00e4l\u00e4isen ty\u00f6nt\u00f6voiman kumpaankin suuntaan<\/li>\n<li>Hiljaisempi ja pitk\u00e4ik\u00e4isempi vaihteisto kaarevahampaisilla kartiohammaspy\u00f6rill\u00e4<\/li>\n<li>Joustokytkin moottorin ja vaihteiston v\u00e4liss\u00e4 v\u00e4hent\u00e4\u00e4 t\u00e4rin\u00e4\u00e4<\/li>\n<li>Synteettinen korroosiovapaa potkuri on kevyt mutta kest\u00e4v\u00e4<\/li>\n<li>Helppo asennus selkeiden asennusohjeiden avulla<\/li>\n<li>Useita erilaisia ohjausvaihtoehtoja panelesta langattomiin kaukos\u00e4\u00e4timiin<\/li>\n<li>Kaikki VETUS keulapotkurit t\u00e4ytt\u00e4v\u00e4t EMC-vaatimukset<\/li>\n<\/ul>\n<p>[\/vc_column_text][\/vc_column][\/vc_row]<\/p>\n<\/div>","protected":false},"excerpt":{"rendered":"<p>BOW6024D Vetus s\u00e4hk\u00f6k\u00e4ytt\u00f6inen keulapotkuri 70 kgf ty\u00f6nt\u00f6voimalla 9-13m aluksille, 24 V<\/p>\n<p>K\u00e4ytt\u00f6j\u00e4nnite: 24\u00a0V DC.<\/p>\n<p>Ty\u00f6nt\u00f6voima (N \/ kgf): 700\u00a0\/ 70.<\/p>\n<p>Teho: 3 kW (4hv).<\/p>\n<p>Tunnelin sis\u00e4halkaisija: 185 mm.<\/p>\n<p>Paino: 22\u00a0kg. (ilman tunnelia)<\/p>\n","protected":false},"featured_media":276,"comment_status":"open","ping_status":"closed","template":"","meta":{"jetpack_post_was_ever_published":false,"jetpack_publicize_message":"","jetpack_publicize_feature_enabled":true,"jetpack_social_post_already_shared":true,"jetpack_social_options":{"image_generator_settings":{"template":"highway","default_image_id":0,"font":"","enabled":false},"version":2}},"product_brand":[],"product_cat":[484,485,1242,69,568,70,470],"product_tag":[143,100,97,98],"class_list":{"0":"post-2395","1":"product","2":"type-product","3":"status-publish","4":"has-post-thumbnail","6":"product_cat-veneen-ohjaus-kaukosaatolaite-keulapotkuri","7":"product_cat-veneen-ohjaus-hallinta","8":"product_cat-veneen_voimansiirto_potkuriakseli_kumityynyt_joustokytkimet_potkurit","9":"product_cat-vetus-keulapotkurit","10":"product_cat-vetus_keulapotkuri","11":"product_cat-keulapotkurit","12":"product_cat-vetus_vetus-venetarvikkeet_venetarvikeiden-maahantuonti-ja-myynti","13":"product_tag-24-v","14":"product_tag-dc","15":"product_tag-keulapotkuri","16":"product_tag-vetus","17":"brand-vetus","19":"first","20":"onbackorder","21":"sale","22":"taxable","23":"shipping-taxable","24":"purchasable","25":"product-type-simple"},"yoast_head":"<!-- This site is optimized with the Yoast SEO plugin v27.3 - https:\/\/yoast.com\/product\/yoast-seo-wordpress\/ -->\n<title>BOW6024D Vetus s\u00e4hk\u00f6k\u00e4ytt\u00f6inen keulapotkuri-Veneakselisto.com<\/title>\n<meta name=\"description\" content=\"BOW6024D Vetus s\u00e4hk\u00f6k\u00e4ytt\u00f6inen keulapotkuri. Laadukkaat ja varmatoimiset Vetus keulapotkurit toimittaa aina edullinen Veneakselisto.com\" \/>\n<meta name=\"robots\" content=\"index, follow, max-snippet:-1, max-image-preview:large, max-video-preview:-1\" \/>\n<link rel=\"canonical\" href=\"https:\/\/veneakselisto.com\/kauppa\/tuote\/bow6024d-vetus-sahkokayttoinen-keulapotkuri-70-kgf-tyontovoimalla-9-13m-aluksille\/\" \/>\n<meta property=\"og:locale\" content=\"fi_FI\" \/>\n<meta property=\"og:type\" content=\"article\" \/>\n<meta property=\"og:title\" content=\"BOW6024D Vetus s\u00e4hk\u00f6k\u00e4ytt\u00f6inen keulapotkuri-Veneakselisto.com\" \/>\n<meta property=\"og:description\" content=\"BOW6024D Vetus s\u00e4hk\u00f6k\u00e4ytt\u00f6inen keulapotkuri. Laadukkaat ja varmatoimiset Vetus keulapotkurit toimittaa aina edullinen Veneakselisto.com\" \/>\n<meta property=\"og:url\" content=\"https:\/\/veneakselisto.com\/kauppa\/tuote\/bow6024d-vetus-sahkokayttoinen-keulapotkuri-70-kgf-tyontovoimalla-9-13m-aluksille\/\" \/>\n<meta property=\"og:site_name\" content=\"Veneakselisto.com - verkkokauppa\" \/>\n<meta property=\"article:publisher\" content=\"https:\/\/www.facebook.com\/AlaMikkula\/\" \/>\n<meta property=\"article:modified_time\" content=\"2024-08-31T20:55:50+00:00\" \/>\n<meta property=\"og:image\" content=\"https:\/\/veneakselisto.com\/kauppa\/wp-content\/uploads\/2016\/02\/BOW6012D.jpg\" \/>\n\t<meta property=\"og:image:width\" content=\"500\" \/>\n\t<meta property=\"og:image:height\" content=\"500\" \/>\n\t<meta property=\"og:image:type\" content=\"image\/jpeg\" \/>\n<meta name=\"twitter:card\" content=\"summary_large_image\" \/>\n<meta name=\"twitter:label1\" content=\"Arvioitu lukuaika\" \/>\n\t<meta name=\"twitter:data1\" content=\"1 minuutti\" \/>\n<script type=\"application\/ld+json\" class=\"yoast-schema-graph\">{\"@context\":\"https:\\\/\\\/schema.org\",\"@graph\":[{\"@type\":\"WebPage\",\"@id\":\"https:\\\/\\\/veneakselisto.com\\\/kauppa\\\/tuote\\\/bow6024d-vetus-sahkokayttoinen-keulapotkuri-70-kgf-tyontovoimalla-9-13m-aluksille\\\/\",\"url\":\"https:\\\/\\\/veneakselisto.com\\\/kauppa\\\/tuote\\\/bow6024d-vetus-sahkokayttoinen-keulapotkuri-70-kgf-tyontovoimalla-9-13m-aluksille\\\/\",\"name\":\"BOW6024D Vetus s\u00e4hk\u00f6k\u00e4ytt\u00f6inen keulapotkuri-Veneakselisto.com\",\"isPartOf\":{\"@id\":\"https:\\\/\\\/veneakselisto.com\\\/kauppa\\\/#website\"},\"primaryImageOfPage\":{\"@id\":\"https:\\\/\\\/veneakselisto.com\\\/kauppa\\\/tuote\\\/bow6024d-vetus-sahkokayttoinen-keulapotkuri-70-kgf-tyontovoimalla-9-13m-aluksille\\\/#primaryimage\"},\"image\":{\"@id\":\"https:\\\/\\\/veneakselisto.com\\\/kauppa\\\/tuote\\\/bow6024d-vetus-sahkokayttoinen-keulapotkuri-70-kgf-tyontovoimalla-9-13m-aluksille\\\/#primaryimage\"},\"thumbnailUrl\":\"https:\\\/\\\/i0.wp.com\\\/veneakselisto.com\\\/kauppa\\\/wp-content\\\/uploads\\\/2016\\\/02\\\/BOW6012D.jpg?fit=500%2C500&ssl=1\",\"datePublished\":\"2018-02-02T13:50:10+00:00\",\"dateModified\":\"2024-08-31T20:55:50+00:00\",\"description\":\"BOW6024D Vetus s\u00e4hk\u00f6k\u00e4ytt\u00f6inen keulapotkuri. Laadukkaat ja varmatoimiset Vetus keulapotkurit toimittaa aina edullinen Veneakselisto.com\",\"breadcrumb\":{\"@id\":\"https:\\\/\\\/veneakselisto.com\\\/kauppa\\\/tuote\\\/bow6024d-vetus-sahkokayttoinen-keulapotkuri-70-kgf-tyontovoimalla-9-13m-aluksille\\\/#breadcrumb\"},\"inLanguage\":\"fi\",\"potentialAction\":[{\"@type\":\"ReadAction\",\"target\":[\"https:\\\/\\\/veneakselisto.com\\\/kauppa\\\/tuote\\\/bow6024d-vetus-sahkokayttoinen-keulapotkuri-70-kgf-tyontovoimalla-9-13m-aluksille\\\/\"]}]},{\"@type\":\"ImageObject\",\"inLanguage\":\"fi\",\"@id\":\"https:\\\/\\\/veneakselisto.com\\\/kauppa\\\/tuote\\\/bow6024d-vetus-sahkokayttoinen-keulapotkuri-70-kgf-tyontovoimalla-9-13m-aluksille\\\/#primaryimage\",\"url\":\"https:\\\/\\\/i0.wp.com\\\/veneakselisto.com\\\/kauppa\\\/wp-content\\\/uploads\\\/2016\\\/02\\\/BOW6012D.jpg?fit=500%2C500&ssl=1\",\"contentUrl\":\"https:\\\/\\\/i0.wp.com\\\/veneakselisto.com\\\/kauppa\\\/wp-content\\\/uploads\\\/2016\\\/02\\\/BOW6012D.jpg?fit=500%2C500&ssl=1\",\"width\":500,\"height\":500,\"caption\":\"BOW6012D - Vetus keulapotkuri\"},{\"@type\":\"BreadcrumbList\",\"@id\":\"https:\\\/\\\/veneakselisto.com\\\/kauppa\\\/tuote\\\/bow6024d-vetus-sahkokayttoinen-keulapotkuri-70-kgf-tyontovoimalla-9-13m-aluksille\\\/#breadcrumb\",\"itemListElement\":[{\"@type\":\"ListItem\",\"position\":1,\"name\":\"Etusivu\",\"item\":\"https:\\\/\\\/veneakselisto.com\\\/kauppa\\\/\"},{\"@type\":\"ListItem\",\"position\":2,\"name\":\"Kauppa\",\"item\":\"https:\\\/\\\/veneakselisto.com\\\/kauppa\\\/\"},{\"@type\":\"ListItem\",\"position\":3,\"name\":\"BOW6024D Vetus s\u00e4hk\u00f6k\u00e4ytt\u00f6inen keulapotkuri 70 kgf ty\u00f6nt\u00f6voimalla 9-13m aluksille, 24 V\"}]},{\"@type\":\"WebSite\",\"@id\":\"https:\\\/\\\/veneakselisto.com\\\/kauppa\\\/#website\",\"url\":\"https:\\\/\\\/veneakselisto.com\\\/kauppa\\\/\",\"name\":\"Veneakselisto.com - verkkokauppa\",\"description\":\"Venetarvikkeiden maahantuonti ja myynti\",\"publisher\":{\"@id\":\"https:\\\/\\\/veneakselisto.com\\\/kauppa\\\/#organization\"},\"potentialAction\":[{\"@type\":\"SearchAction\",\"target\":{\"@type\":\"EntryPoint\",\"urlTemplate\":\"https:\\\/\\\/veneakselisto.com\\\/kauppa\\\/?s={search_term_string}\"},\"query-input\":{\"@type\":\"PropertyValueSpecification\",\"valueRequired\":true,\"valueName\":\"search_term_string\"}}],\"inLanguage\":\"fi\"},{\"@type\":\"Organization\",\"@id\":\"https:\\\/\\\/veneakselisto.com\\\/kauppa\\\/#organization\",\"name\":\"Veneakselisto.com verkkokauppa\",\"url\":\"https:\\\/\\\/veneakselisto.com\\\/kauppa\\\/\",\"logo\":{\"@type\":\"ImageObject\",\"inLanguage\":\"fi\",\"@id\":\"https:\\\/\\\/veneakselisto.com\\\/kauppa\\\/#\\\/schema\\\/logo\\\/image\\\/\",\"url\":\"https:\\\/\\\/i2.wp.com\\\/veneakselisto.com\\\/kauppa\\\/wp-content\\\/uploads\\\/2016\\\/06\\\/fb_icon.jpg?fit=327%2C327&ssl=1\",\"contentUrl\":\"https:\\\/\\\/i2.wp.com\\\/veneakselisto.com\\\/kauppa\\\/wp-content\\\/uploads\\\/2016\\\/06\\\/fb_icon.jpg?fit=327%2C327&ssl=1\",\"width\":327,\"height\":327,\"caption\":\"Veneakselisto.com verkkokauppa\"},\"image\":{\"@id\":\"https:\\\/\\\/veneakselisto.com\\\/kauppa\\\/#\\\/schema\\\/logo\\\/image\\\/\"},\"sameAs\":[\"https:\\\/\\\/www.facebook.com\\\/AlaMikkula\\\/\"]}]}<\/script>\n<!-- \/ Yoast SEO plugin. -->","yoast_head_json":{"title":"BOW6024D Vetus s\u00e4hk\u00f6k\u00e4ytt\u00f6inen keulapotkuri-Veneakselisto.com","description":"BOW6024D Vetus s\u00e4hk\u00f6k\u00e4ytt\u00f6inen keulapotkuri. Laadukkaat ja varmatoimiset Vetus keulapotkurit toimittaa aina edullinen Veneakselisto.com","robots":{"index":"index","follow":"follow","max-snippet":"max-snippet:-1","max-image-preview":"max-image-preview:large","max-video-preview":"max-video-preview:-1"},"canonical":"https:\/\/veneakselisto.com\/kauppa\/tuote\/bow6024d-vetus-sahkokayttoinen-keulapotkuri-70-kgf-tyontovoimalla-9-13m-aluksille\/","og_locale":"fi_FI","og_type":"article","og_title":"BOW6024D Vetus s\u00e4hk\u00f6k\u00e4ytt\u00f6inen keulapotkuri-Veneakselisto.com","og_description":"BOW6024D Vetus s\u00e4hk\u00f6k\u00e4ytt\u00f6inen keulapotkuri. Laadukkaat ja varmatoimiset Vetus keulapotkurit toimittaa aina edullinen Veneakselisto.com","og_url":"https:\/\/veneakselisto.com\/kauppa\/tuote\/bow6024d-vetus-sahkokayttoinen-keulapotkuri-70-kgf-tyontovoimalla-9-13m-aluksille\/","og_site_name":"Veneakselisto.com - verkkokauppa","article_publisher":"https:\/\/www.facebook.com\/AlaMikkula\/","article_modified_time":"2024-08-31T20:55:50+00:00","og_image":[{"width":500,"height":500,"url":"https:\/\/veneakselisto.com\/kauppa\/wp-content\/uploads\/2016\/02\/BOW6012D.jpg","type":"image\/jpeg"}],"twitter_card":"summary_large_image","twitter_misc":{"Arvioitu lukuaika":"1 minuutti"},"schema":{"@context":"https:\/\/schema.org","@graph":[{"@type":"WebPage","@id":"https:\/\/veneakselisto.com\/kauppa\/tuote\/bow6024d-vetus-sahkokayttoinen-keulapotkuri-70-kgf-tyontovoimalla-9-13m-aluksille\/","url":"https:\/\/veneakselisto.com\/kauppa\/tuote\/bow6024d-vetus-sahkokayttoinen-keulapotkuri-70-kgf-tyontovoimalla-9-13m-aluksille\/","name":"BOW6024D Vetus s\u00e4hk\u00f6k\u00e4ytt\u00f6inen keulapotkuri-Veneakselisto.com","isPartOf":{"@id":"https:\/\/veneakselisto.com\/kauppa\/#website"},"primaryImageOfPage":{"@id":"https:\/\/veneakselisto.com\/kauppa\/tuote\/bow6024d-vetus-sahkokayttoinen-keulapotkuri-70-kgf-tyontovoimalla-9-13m-aluksille\/#primaryimage"},"image":{"@id":"https:\/\/veneakselisto.com\/kauppa\/tuote\/bow6024d-vetus-sahkokayttoinen-keulapotkuri-70-kgf-tyontovoimalla-9-13m-aluksille\/#primaryimage"},"thumbnailUrl":"https:\/\/i0.wp.com\/veneakselisto.com\/kauppa\/wp-content\/uploads\/2016\/02\/BOW6012D.jpg?fit=500%2C500&ssl=1","datePublished":"2018-02-02T13:50:10+00:00","dateModified":"2024-08-31T20:55:50+00:00","description":"BOW6024D Vetus s\u00e4hk\u00f6k\u00e4ytt\u00f6inen keulapotkuri. Laadukkaat ja varmatoimiset Vetus keulapotkurit toimittaa aina edullinen Veneakselisto.com","breadcrumb":{"@id":"https:\/\/veneakselisto.com\/kauppa\/tuote\/bow6024d-vetus-sahkokayttoinen-keulapotkuri-70-kgf-tyontovoimalla-9-13m-aluksille\/#breadcrumb"},"inLanguage":"fi","potentialAction":[{"@type":"ReadAction","target":["https:\/\/veneakselisto.com\/kauppa\/tuote\/bow6024d-vetus-sahkokayttoinen-keulapotkuri-70-kgf-tyontovoimalla-9-13m-aluksille\/"]}]},{"@type":"ImageObject","inLanguage":"fi","@id":"https:\/\/veneakselisto.com\/kauppa\/tuote\/bow6024d-vetus-sahkokayttoinen-keulapotkuri-70-kgf-tyontovoimalla-9-13m-aluksille\/#primaryimage","url":"https:\/\/i0.wp.com\/veneakselisto.com\/kauppa\/wp-content\/uploads\/2016\/02\/BOW6012D.jpg?fit=500%2C500&ssl=1","contentUrl":"https:\/\/i0.wp.com\/veneakselisto.com\/kauppa\/wp-content\/uploads\/2016\/02\/BOW6012D.jpg?fit=500%2C500&ssl=1","width":500,"height":500,"caption":"BOW6012D - Vetus keulapotkuri"},{"@type":"BreadcrumbList","@id":"https:\/\/veneakselisto.com\/kauppa\/tuote\/bow6024d-vetus-sahkokayttoinen-keulapotkuri-70-kgf-tyontovoimalla-9-13m-aluksille\/#breadcrumb","itemListElement":[{"@type":"ListItem","position":1,"name":"Etusivu","item":"https:\/\/veneakselisto.com\/kauppa\/"},{"@type":"ListItem","position":2,"name":"Kauppa","item":"https:\/\/veneakselisto.com\/kauppa\/"},{"@type":"ListItem","position":3,"name":"BOW6024D Vetus s\u00e4hk\u00f6k\u00e4ytt\u00f6inen keulapotkuri 70 kgf ty\u00f6nt\u00f6voimalla 9-13m aluksille, 24 V"}]},{"@type":"WebSite","@id":"https:\/\/veneakselisto.com\/kauppa\/#website","url":"https:\/\/veneakselisto.com\/kauppa\/","name":"Veneakselisto.com - verkkokauppa","description":"Venetarvikkeiden maahantuonti ja myynti","publisher":{"@id":"https:\/\/veneakselisto.com\/kauppa\/#organization"},"potentialAction":[{"@type":"SearchAction","target":{"@type":"EntryPoint","urlTemplate":"https:\/\/veneakselisto.com\/kauppa\/?s={search_term_string}"},"query-input":{"@type":"PropertyValueSpecification","valueRequired":true,"valueName":"search_term_string"}}],"inLanguage":"fi"},{"@type":"Organization","@id":"https:\/\/veneakselisto.com\/kauppa\/#organization","name":"Veneakselisto.com verkkokauppa","url":"https:\/\/veneakselisto.com\/kauppa\/","logo":{"@type":"ImageObject","inLanguage":"fi","@id":"https:\/\/veneakselisto.com\/kauppa\/#\/schema\/logo\/image\/","url":"https:\/\/i2.wp.com\/veneakselisto.com\/kauppa\/wp-content\/uploads\/2016\/06\/fb_icon.jpg?fit=327%2C327&ssl=1","contentUrl":"https:\/\/i2.wp.com\/veneakselisto.com\/kauppa\/wp-content\/uploads\/2016\/06\/fb_icon.jpg?fit=327%2C327&ssl=1","width":327,"height":327,"caption":"Veneakselisto.com verkkokauppa"},"image":{"@id":"https:\/\/veneakselisto.com\/kauppa\/#\/schema\/logo\/image\/"},"sameAs":["https:\/\/www.facebook.com\/AlaMikkula\/"]}]}},"jetpack_publicize_connections":[],"jetpack_sharing_enabled":true,"_links":{"self":[{"href":"https:\/\/veneakselisto.com\/kauppa\/wp-json\/wp\/v2\/product\/2395","targetHints":{"allow":["GET"]}}],"collection":[{"href":"https:\/\/veneakselisto.com\/kauppa\/wp-json\/wp\/v2\/product"}],"about":[{"href":"https:\/\/veneakselisto.com\/kauppa\/wp-json\/wp\/v2\/types\/product"}],"replies":[{"embeddable":true,"href":"https:\/\/veneakselisto.com\/kauppa\/wp-json\/wp\/v2\/comments?post=2395"}],"wp:featuredmedia":[{"embeddable":true,"href":"https:\/\/veneakselisto.com\/kauppa\/wp-json\/wp\/v2\/media\/276"}],"wp:attachment":[{"href":"https:\/\/veneakselisto.com\/kauppa\/wp-json\/wp\/v2\/media?parent=2395"}],"wp:term":[{"taxonomy":"product_brand","embeddable":true,"href":"https:\/\/veneakselisto.com\/kauppa\/wp-json\/wp\/v2\/product_brand?post=2395"},{"taxonomy":"product_cat","embeddable":true,"href":"https:\/\/veneakselisto.com\/kauppa\/wp-json\/wp\/v2\/product_cat?post=2395"},{"taxonomy":"product_tag","embeddable":true,"href":"https:\/\/veneakselisto.com\/kauppa\/wp-json\/wp\/v2\/product_tag?post=2395"}],"curies":[{"name":"wp","href":"https:\/\/api.w.org\/{rel}","templated":true}]}}