{"id":23812,"date":"2025-12-12T14:46:05","date_gmt":"2025-12-12T12:46:05","guid":{"rendered":"https:\/\/veneakselisto.com\/kauppa\/?post_type=product&#038;p=23812"},"modified":"2025-12-12T14:54:15","modified_gmt":"2025-12-12T12:54:15","slug":"9-25x8-6-15hv-mercury-mariner-peramoottorin-potkuri","status":"publish","type":"product","link":"https:\/\/veneakselisto.com\/kauppa\/tuote\/9-25x8-6-15hv-mercury-mariner-peramoottorin-potkuri\/","title":{"rendered":"9.25&#215;8 6-15hv Mercury Mariner per\u00e4moottorin potkuri"},"content":{"rendered":"<div>9.25&#215;8 6-15hv Mercury Mariner per\u00e4moottorin potkuri<\/div>\n<div><\/div>\n<div>Valmistaja SOLAS Amita 4. 4-lapainen Mercury-Mariner potkuri<\/div>\n<div>\n<p>KOKO 9.25 x 8<\/p>\n<p>8 rihlaa<\/p>\n<ul>\n<li>6 HP\/2-Stroke (8 Spline)\/1986 &#8211;<\/li>\n<li>8 HP\/2-Stroke (8 Spline)\/1986 &#8211;<\/li>\n<li>9.9 HP\/2-Stroke (8 Spline)\/1986 &#8211;<\/li>\n<li>9.9 HP\/4-Stroke (8 Spline)\/2002-<\/li>\n<li>10 HP\/2-Stroke (8 Spline)\/1995 &#8211;<\/li>\n<li>10 HP\/Sea Pro, Marathon (8 Spline)\/1995 &#8211;<\/li>\n<li>15 HP\/2-Stroke (8 Spline)\/1989 &#8211;<\/li>\n<li>15 HP\/4-Stroke (8 Spline)\/1989 &#8211;<\/li>\n<li>15 HP\/Sea Pro, Marathon (8 Spline)\/1995 &#8211;<\/li>\n<\/ul>\n<\/div>\n<div><\/div>\n<div>My\u00f6s muita kokoja&#8230;Kysy!<\/div>\n<div>9.25&#215;8 6-15hv Mercury Mariner per\u00e4moottorin potkuri<\/div>\n","protected":false},"excerpt":{"rendered":"<div>9.25&#215;8 6-15hv Mercury Mariner per\u00e4moottorin potkuri<\/div>\n<div><\/div>\n<div>Valmistaja SOLAS Amita 4. 4-lapainen Mercury-Mariner potkuri<\/div>\n<p>KOKO 9.25 x 8<\/p>\n<div>\n<p>8 rihlaa<\/p>\n<\/div>\n<p>Katso tarkempi sopivuus alta.<\/p>\n<div class=\"std\">Verkkokauppa tuote. Toimitusaika 1-4pv normaalisti.<\/div>\n","protected":false},"featured_media":23813,"comment_status":"open","ping_status":"closed","template":"","meta":{"jetpack_post_was_ever_published":false,"jetpack_publicize_message":"","jetpack_publicize_feature_enabled":true,"jetpack_social_post_already_shared":true,"jetpack_social_options":{"image_generator_settings":{"template":"highway","default_image_id":0,"font":"","enabled":false},"version":2}},"product_brand":[],"product_cat":[1171,1250,553],"product_tag":[386,509,383,554,89],"class_list":{"0":"post-23812","1":"product","2":"type-product","3":"status-publish","4":"has-post-thumbnail","6":"product_cat-mercury-mariner-peramoottorin-potkuri-peramoottorin_potkurit","7":"product_cat-mercury_potkuri","8":"product_cat-solas_polastorm_alumiinipotkurit","9":"product_tag-mercury","10":"product_tag-mercury-mariner","11":"product_tag-peramoottori","12":"product_tag-peramoottorinpotkuri","13":"product_tag-potkuri","14":"brand-solas","16":"first","17":"instock","18":"sale","19":"taxable","20":"shipping-taxable","21":"purchasable","22":"product-type-simple"},"yoast_head":"<!-- This site is optimized with the Yoast SEO plugin v27.3 - https:\/\/yoast.com\/product\/yoast-seo-wordpress\/ -->\n<title>9.25x8 6-15hv Mercury Mariner per\u00e4moottorin potkuri -Veneakseli<\/title>\n<meta name=\"description\" content=\"9.25x8 6-15hv Mercury Mariner per\u00e4moottorin potkuri. Tuotteen toimittaa aina edullinen Veneakselisto.com - Yamaha per\u00e4moottorin potkuri\" \/>\n<meta name=\"robots\" content=\"index, follow, max-snippet:-1, max-image-preview:large, max-video-preview:-1\" \/>\n<link rel=\"canonical\" href=\"https:\/\/veneakselisto.com\/kauppa\/tuote\/9-25x8-6-15hv-mercury-mariner-peramoottorin-potkuri\/\" \/>\n<meta property=\"og:locale\" content=\"fi_FI\" \/>\n<meta property=\"og:type\" content=\"article\" \/>\n<meta property=\"og:title\" content=\"9.25x8 6-15hv Mercury Mariner per\u00e4moottorin potkuri -Veneakseli\" \/>\n<meta property=\"og:description\" content=\"9.25x8 6-15hv Mercury Mariner per\u00e4moottorin potkuri. Tuotteen toimittaa aina edullinen Veneakselisto.com - Yamaha per\u00e4moottorin potkuri\" \/>\n<meta property=\"og:url\" content=\"https:\/\/veneakselisto.com\/kauppa\/tuote\/9-25x8-6-15hv-mercury-mariner-peramoottorin-potkuri\/\" \/>\n<meta property=\"og:site_name\" content=\"Veneakselisto.com - verkkokauppa\" \/>\n<meta property=\"article:publisher\" content=\"https:\/\/www.facebook.com\/AlaMikkula\/\" \/>\n<meta property=\"article:modified_time\" content=\"2025-12-12T12:54:15+00:00\" \/>\n<meta property=\"og:image\" content=\"https:\/\/veneakselisto.com\/kauppa\/wp-content\/uploads\/2025\/12\/Merkury-4-lapainen.jpg\" \/>\n\t<meta property=\"og:image:width\" content=\"500\" \/>\n\t<meta property=\"og:image:height\" content=\"500\" \/>\n\t<meta property=\"og:image:type\" content=\"image\/jpeg\" \/>\n<meta name=\"twitter:card\" content=\"summary_large_image\" \/>\n<meta name=\"twitter:label1\" content=\"Arvioitu lukuaika\" \/>\n\t<meta name=\"twitter:data1\" content=\"1 minuutti\" \/>\n<script type=\"application\/ld+json\" class=\"yoast-schema-graph\">{\"@context\":\"https:\\\/\\\/schema.org\",\"@graph\":[{\"@type\":\"WebPage\",\"@id\":\"https:\\\/\\\/veneakselisto.com\\\/kauppa\\\/tuote\\\/9-25x8-6-15hv-mercury-mariner-peramoottorin-potkuri\\\/\",\"url\":\"https:\\\/\\\/veneakselisto.com\\\/kauppa\\\/tuote\\\/9-25x8-6-15hv-mercury-mariner-peramoottorin-potkuri\\\/\",\"name\":\"9.25x8 6-15hv Mercury Mariner per\u00e4moottorin potkuri -Veneakseli\",\"isPartOf\":{\"@id\":\"https:\\\/\\\/veneakselisto.com\\\/kauppa\\\/#website\"},\"primaryImageOfPage\":{\"@id\":\"https:\\\/\\\/veneakselisto.com\\\/kauppa\\\/tuote\\\/9-25x8-6-15hv-mercury-mariner-peramoottorin-potkuri\\\/#primaryimage\"},\"image\":{\"@id\":\"https:\\\/\\\/veneakselisto.com\\\/kauppa\\\/tuote\\\/9-25x8-6-15hv-mercury-mariner-peramoottorin-potkuri\\\/#primaryimage\"},\"thumbnailUrl\":\"https:\\\/\\\/i0.wp.com\\\/veneakselisto.com\\\/kauppa\\\/wp-content\\\/uploads\\\/2025\\\/12\\\/Merkury-4-lapainen.jpg?fit=500%2C500&ssl=1\",\"datePublished\":\"2025-12-12T12:46:05+00:00\",\"dateModified\":\"2025-12-12T12:54:15+00:00\",\"description\":\"9.25x8 6-15hv Mercury Mariner per\u00e4moottorin potkuri. Tuotteen toimittaa aina edullinen Veneakselisto.com - Yamaha per\u00e4moottorin potkuri\",\"breadcrumb\":{\"@id\":\"https:\\\/\\\/veneakselisto.com\\\/kauppa\\\/tuote\\\/9-25x8-6-15hv-mercury-mariner-peramoottorin-potkuri\\\/#breadcrumb\"},\"inLanguage\":\"fi\",\"potentialAction\":[{\"@type\":\"ReadAction\",\"target\":[\"https:\\\/\\\/veneakselisto.com\\\/kauppa\\\/tuote\\\/9-25x8-6-15hv-mercury-mariner-peramoottorin-potkuri\\\/\"]}]},{\"@type\":\"ImageObject\",\"inLanguage\":\"fi\",\"@id\":\"https:\\\/\\\/veneakselisto.com\\\/kauppa\\\/tuote\\\/9-25x8-6-15hv-mercury-mariner-peramoottorin-potkuri\\\/#primaryimage\",\"url\":\"https:\\\/\\\/i0.wp.com\\\/veneakselisto.com\\\/kauppa\\\/wp-content\\\/uploads\\\/2025\\\/12\\\/Merkury-4-lapainen.jpg?fit=500%2C500&ssl=1\",\"contentUrl\":\"https:\\\/\\\/i0.wp.com\\\/veneakselisto.com\\\/kauppa\\\/wp-content\\\/uploads\\\/2025\\\/12\\\/Merkury-4-lapainen.jpg?fit=500%2C500&ssl=1\",\"width\":500,\"height\":500,\"caption\":\"Mercury-4-lapainen-per\u00e4moottorinpotkurit toimittaa potkureiden erikoisliike-Veneakselisto.com\"},{\"@type\":\"BreadcrumbList\",\"@id\":\"https:\\\/\\\/veneakselisto.com\\\/kauppa\\\/tuote\\\/9-25x8-6-15hv-mercury-mariner-peramoottorin-potkuri\\\/#breadcrumb\",\"itemListElement\":[{\"@type\":\"ListItem\",\"position\":1,\"name\":\"Etusivu\",\"item\":\"https:\\\/\\\/veneakselisto.com\\\/kauppa\\\/\"},{\"@type\":\"ListItem\",\"position\":2,\"name\":\"Kauppa\",\"item\":\"https:\\\/\\\/veneakselisto.com\\\/kauppa\\\/\"},{\"@type\":\"ListItem\",\"position\":3,\"name\":\"9.25&#215;8 6-15hv Mercury Mariner per\u00e4moottorin potkuri\"}]},{\"@type\":\"WebSite\",\"@id\":\"https:\\\/\\\/veneakselisto.com\\\/kauppa\\\/#website\",\"url\":\"https:\\\/\\\/veneakselisto.com\\\/kauppa\\\/\",\"name\":\"Veneakselisto.com - verkkokauppa\",\"description\":\"Venetarvikkeiden maahantuonti ja myynti\",\"publisher\":{\"@id\":\"https:\\\/\\\/veneakselisto.com\\\/kauppa\\\/#organization\"},\"potentialAction\":[{\"@type\":\"SearchAction\",\"target\":{\"@type\":\"EntryPoint\",\"urlTemplate\":\"https:\\\/\\\/veneakselisto.com\\\/kauppa\\\/?s={search_term_string}\"},\"query-input\":{\"@type\":\"PropertyValueSpecification\",\"valueRequired\":true,\"valueName\":\"search_term_string\"}}],\"inLanguage\":\"fi\"},{\"@type\":\"Organization\",\"@id\":\"https:\\\/\\\/veneakselisto.com\\\/kauppa\\\/#organization\",\"name\":\"Veneakselisto.com verkkokauppa\",\"url\":\"https:\\\/\\\/veneakselisto.com\\\/kauppa\\\/\",\"logo\":{\"@type\":\"ImageObject\",\"inLanguage\":\"fi\",\"@id\":\"https:\\\/\\\/veneakselisto.com\\\/kauppa\\\/#\\\/schema\\\/logo\\\/image\\\/\",\"url\":\"https:\\\/\\\/i2.wp.com\\\/veneakselisto.com\\\/kauppa\\\/wp-content\\\/uploads\\\/2016\\\/06\\\/fb_icon.jpg?fit=327%2C327&ssl=1\",\"contentUrl\":\"https:\\\/\\\/i2.wp.com\\\/veneakselisto.com\\\/kauppa\\\/wp-content\\\/uploads\\\/2016\\\/06\\\/fb_icon.jpg?fit=327%2C327&ssl=1\",\"width\":327,\"height\":327,\"caption\":\"Veneakselisto.com verkkokauppa\"},\"image\":{\"@id\":\"https:\\\/\\\/veneakselisto.com\\\/kauppa\\\/#\\\/schema\\\/logo\\\/image\\\/\"},\"sameAs\":[\"https:\\\/\\\/www.facebook.com\\\/AlaMikkula\\\/\"]}]}<\/script>\n<!-- \/ Yoast SEO plugin. -->","yoast_head_json":{"title":"9.25x8 6-15hv Mercury Mariner per\u00e4moottorin potkuri -Veneakseli","description":"9.25x8 6-15hv Mercury Mariner per\u00e4moottorin potkuri. Tuotteen toimittaa aina edullinen Veneakselisto.com - Yamaha per\u00e4moottorin potkuri","robots":{"index":"index","follow":"follow","max-snippet":"max-snippet:-1","max-image-preview":"max-image-preview:large","max-video-preview":"max-video-preview:-1"},"canonical":"https:\/\/veneakselisto.com\/kauppa\/tuote\/9-25x8-6-15hv-mercury-mariner-peramoottorin-potkuri\/","og_locale":"fi_FI","og_type":"article","og_title":"9.25x8 6-15hv Mercury Mariner per\u00e4moottorin potkuri -Veneakseli","og_description":"9.25x8 6-15hv Mercury Mariner per\u00e4moottorin potkuri. Tuotteen toimittaa aina edullinen Veneakselisto.com - Yamaha per\u00e4moottorin potkuri","og_url":"https:\/\/veneakselisto.com\/kauppa\/tuote\/9-25x8-6-15hv-mercury-mariner-peramoottorin-potkuri\/","og_site_name":"Veneakselisto.com - verkkokauppa","article_publisher":"https:\/\/www.facebook.com\/AlaMikkula\/","article_modified_time":"2025-12-12T12:54:15+00:00","og_image":[{"width":500,"height":500,"url":"https:\/\/veneakselisto.com\/kauppa\/wp-content\/uploads\/2025\/12\/Merkury-4-lapainen.jpg","type":"image\/jpeg"}],"twitter_card":"summary_large_image","twitter_misc":{"Arvioitu lukuaika":"1 minuutti"},"schema":{"@context":"https:\/\/schema.org","@graph":[{"@type":"WebPage","@id":"https:\/\/veneakselisto.com\/kauppa\/tuote\/9-25x8-6-15hv-mercury-mariner-peramoottorin-potkuri\/","url":"https:\/\/veneakselisto.com\/kauppa\/tuote\/9-25x8-6-15hv-mercury-mariner-peramoottorin-potkuri\/","name":"9.25x8 6-15hv Mercury Mariner per\u00e4moottorin potkuri -Veneakseli","isPartOf":{"@id":"https:\/\/veneakselisto.com\/kauppa\/#website"},"primaryImageOfPage":{"@id":"https:\/\/veneakselisto.com\/kauppa\/tuote\/9-25x8-6-15hv-mercury-mariner-peramoottorin-potkuri\/#primaryimage"},"image":{"@id":"https:\/\/veneakselisto.com\/kauppa\/tuote\/9-25x8-6-15hv-mercury-mariner-peramoottorin-potkuri\/#primaryimage"},"thumbnailUrl":"https:\/\/i0.wp.com\/veneakselisto.com\/kauppa\/wp-content\/uploads\/2025\/12\/Merkury-4-lapainen.jpg?fit=500%2C500&ssl=1","datePublished":"2025-12-12T12:46:05+00:00","dateModified":"2025-12-12T12:54:15+00:00","description":"9.25x8 6-15hv Mercury Mariner per\u00e4moottorin potkuri. Tuotteen toimittaa aina edullinen Veneakselisto.com - Yamaha per\u00e4moottorin potkuri","breadcrumb":{"@id":"https:\/\/veneakselisto.com\/kauppa\/tuote\/9-25x8-6-15hv-mercury-mariner-peramoottorin-potkuri\/#breadcrumb"},"inLanguage":"fi","potentialAction":[{"@type":"ReadAction","target":["https:\/\/veneakselisto.com\/kauppa\/tuote\/9-25x8-6-15hv-mercury-mariner-peramoottorin-potkuri\/"]}]},{"@type":"ImageObject","inLanguage":"fi","@id":"https:\/\/veneakselisto.com\/kauppa\/tuote\/9-25x8-6-15hv-mercury-mariner-peramoottorin-potkuri\/#primaryimage","url":"https:\/\/i0.wp.com\/veneakselisto.com\/kauppa\/wp-content\/uploads\/2025\/12\/Merkury-4-lapainen.jpg?fit=500%2C500&ssl=1","contentUrl":"https:\/\/i0.wp.com\/veneakselisto.com\/kauppa\/wp-content\/uploads\/2025\/12\/Merkury-4-lapainen.jpg?fit=500%2C500&ssl=1","width":500,"height":500,"caption":"Mercury-4-lapainen-per\u00e4moottorinpotkurit toimittaa potkureiden erikoisliike-Veneakselisto.com"},{"@type":"BreadcrumbList","@id":"https:\/\/veneakselisto.com\/kauppa\/tuote\/9-25x8-6-15hv-mercury-mariner-peramoottorin-potkuri\/#breadcrumb","itemListElement":[{"@type":"ListItem","position":1,"name":"Etusivu","item":"https:\/\/veneakselisto.com\/kauppa\/"},{"@type":"ListItem","position":2,"name":"Kauppa","item":"https:\/\/veneakselisto.com\/kauppa\/"},{"@type":"ListItem","position":3,"name":"9.25&#215;8 6-15hv Mercury Mariner per\u00e4moottorin potkuri"}]},{"@type":"WebSite","@id":"https:\/\/veneakselisto.com\/kauppa\/#website","url":"https:\/\/veneakselisto.com\/kauppa\/","name":"Veneakselisto.com - verkkokauppa","description":"Venetarvikkeiden maahantuonti ja myynti","publisher":{"@id":"https:\/\/veneakselisto.com\/kauppa\/#organization"},"potentialAction":[{"@type":"SearchAction","target":{"@type":"EntryPoint","urlTemplate":"https:\/\/veneakselisto.com\/kauppa\/?s={search_term_string}"},"query-input":{"@type":"PropertyValueSpecification","valueRequired":true,"valueName":"search_term_string"}}],"inLanguage":"fi"},{"@type":"Organization","@id":"https:\/\/veneakselisto.com\/kauppa\/#organization","name":"Veneakselisto.com verkkokauppa","url":"https:\/\/veneakselisto.com\/kauppa\/","logo":{"@type":"ImageObject","inLanguage":"fi","@id":"https:\/\/veneakselisto.com\/kauppa\/#\/schema\/logo\/image\/","url":"https:\/\/i2.wp.com\/veneakselisto.com\/kauppa\/wp-content\/uploads\/2016\/06\/fb_icon.jpg?fit=327%2C327&ssl=1","contentUrl":"https:\/\/i2.wp.com\/veneakselisto.com\/kauppa\/wp-content\/uploads\/2016\/06\/fb_icon.jpg?fit=327%2C327&ssl=1","width":327,"height":327,"caption":"Veneakselisto.com verkkokauppa"},"image":{"@id":"https:\/\/veneakselisto.com\/kauppa\/#\/schema\/logo\/image\/"},"sameAs":["https:\/\/www.facebook.com\/AlaMikkula\/"]}]}},"jetpack_publicize_connections":[],"jetpack_sharing_enabled":true,"_links":{"self":[{"href":"https:\/\/veneakselisto.com\/kauppa\/wp-json\/wp\/v2\/product\/23812","targetHints":{"allow":["GET"]}}],"collection":[{"href":"https:\/\/veneakselisto.com\/kauppa\/wp-json\/wp\/v2\/product"}],"about":[{"href":"https:\/\/veneakselisto.com\/kauppa\/wp-json\/wp\/v2\/types\/product"}],"replies":[{"embeddable":true,"href":"https:\/\/veneakselisto.com\/kauppa\/wp-json\/wp\/v2\/comments?post=23812"}],"wp:featuredmedia":[{"embeddable":true,"href":"https:\/\/veneakselisto.com\/kauppa\/wp-json\/wp\/v2\/media\/23813"}],"wp:attachment":[{"href":"https:\/\/veneakselisto.com\/kauppa\/wp-json\/wp\/v2\/media?parent=23812"}],"wp:term":[{"taxonomy":"product_brand","embeddable":true,"href":"https:\/\/veneakselisto.com\/kauppa\/wp-json\/wp\/v2\/product_brand?post=23812"},{"taxonomy":"product_cat","embeddable":true,"href":"https:\/\/veneakselisto.com\/kauppa\/wp-json\/wp\/v2\/product_cat?post=23812"},{"taxonomy":"product_tag","embeddable":true,"href":"https:\/\/veneakselisto.com\/kauppa\/wp-json\/wp\/v2\/product_tag?post=23812"}],"curies":[{"name":"wp","href":"https:\/\/api.w.org\/{rel}","templated":true}]}}