{"id":23524,"date":"2025-11-10T11:35:06","date_gmt":"2025-11-10T09:35:06","guid":{"rendered":"https:\/\/veneakselisto.com\/kauppa\/?post_type=product&#038;p=23524"},"modified":"2025-11-10T11:40:05","modified_gmt":"2025-11-10T09:40:05","slug":"volvo-penta-1609-55-kumityyny-d1-d3","status":"publish","type":"product","link":"https:\/\/veneakselisto.com\/kauppa\/tuote\/volvo-penta-1609-55-kumityyny-d1-d3\/","title":{"rendered":"Volvo Penta 1609\/55 kumityyny D1-D3"},"content":{"rendered":"<p>Volvo Penta 1609\/55 kumityyny D1-D3<\/p>\n<p>SOPIVUUS:<\/p>\n<p>AD31B, AD31D, AD31D-A, AD31L-A<br \/>\nAD31P-A, AD31XD, AQAD30A, D1-30<br \/>\nD1-30B, D1-30F, D2-50F, D2-55<br \/>\nD2-55C, D2-55D, D2-55E, D2-55F<br \/>\nD2-60F, D2-75, D2-75B, D2-75C<br \/>\nD2-75F, D3-110I-A, D3-110I-B, D3-110I-C<br \/>\nD3-130A-A, D3-130A-B, D3-130A-C, D3-130I-A<br \/>\nD3-130I-B, D3-130I-C, D3-160A-A, D3-160A-B<br \/>\nD3-160A-C, D3-160I-A, D3-160I-B, D3-160I-C<br \/>\nD3-190A-B, D3-190A-C, D3-190I-B, D3-190I-C<br \/>\nKAD32P, MD2040A, MD2040B, MD2040-C<br \/>\nMD2040-D, MD22A, MD22A-A, MD22L<br \/>\nMD22L-A, MD22L-B, MD22P-B, MD30A<br \/>\nMD31A, TAMD22P-B, TAMD30A, TAMD31A<br \/>\nTAMD31B, TAMD31D, TAMD41B, TMD22A<br \/>\nTMD22-A, TMD22-B, TMD22P-C, TMD30A<br \/>\nTMD31A, TMD31B, TMD31D<\/p>\n<p>Volvo Penta OEM 846765\u00a0 858161<\/p>\n<p>Metalastik 1609\/55 kumityyny moottorin vaimennukseen ja kiinnitt\u00e4miseen. Kumityynyn kovuus 55 shorea. Max 140 kg\/kumityyny merimoottoreissa ilman painelaakeri\/nivelyksikk\u00f6\u00e4. Nivelyksik\u00f6n kanssa max kuorma on suurempi. Kokemuksemme mukaan suosittelemme vaihtamaan aina v\u00e4hint\u00e4\u00e4n 2 kpl kumityynyj\u00e4 kerralla. Kumityynyss\u00e4 M16 pultti ja nylock mutterit ja prikat mukana. Jos et l\u00f6yd\u00e4 sopivaa kumityyny\u00e4 sinun tarpeisiin sivuiltamme tai olet ep\u00e4varma oikean kumityynyn valitsemisessa, niin ota rohkeasti yhteytt\u00e4 09-8779230 tai akseli@veneakselisto.fi<\/p>\n<p>Kumityynyn toimitukseen sis\u00e4tyy pulttisarja jossa M16 pultti, M16 nylock mutterit ja prikat. Volvo Penta 1609\/55 kumityyny D1-D3<\/p>\n","protected":false},"excerpt":{"rendered":"<p>Volvo Penta 1609\/55 kumityyny D1-D3<\/p>\n<p>1609\/55 Metalastik max kuorma 140 kg\/kumityyny<\/p>\n<p>Kumityynyss\u00e4 M16 pultti ja nylock mutterit ja prikat mukana.<\/p>\n<p>Kaikilla tuotteilla normaalisti 1-5 p\u00e4iv\u00e4n toimitusaika.<\/p>\n","protected":false},"featured_media":7638,"comment_status":"open","ping_status":"closed","template":"","meta":{"jetpack_post_was_ever_published":false,"jetpack_publicize_message":"","jetpack_publicize_feature_enabled":true,"jetpack_social_post_already_shared":true,"jetpack_social_options":{"image_generator_settings":{"template":"highway","default_image_id":0,"font":"","enabled":false},"version":2}},"product_brand":[],"product_cat":[452,580,269],"product_tag":[453,454],"class_list":{"0":"post-23524","1":"product","2":"type-product","3":"status-publish","4":"has-post-thumbnail","6":"product_cat-kumityynyt_moottorinvaimennus_metalastik","7":"product_cat-volvo_penta_kumityynyt_kumityyny","8":"product_cat-volvo-penta-varaosat-houlto-osat","9":"product_tag-kumityyny","10":"product_tag-moottorin-kumityyny","11":"product_shipping_class-rahti","13":"first","14":"instock","15":"sale","16":"taxable","17":"shipping-taxable","18":"purchasable","19":"product-type-simple"},"yoast_head":"<!-- This site is optimized with the Yoast SEO plugin v27.3 - https:\/\/yoast.com\/product\/yoast-seo-wordpress\/ -->\n<title>Volvo Penta 1609\/55 kumityyny D1-D3-merimoottorin kumityyny<\/title>\n<meta name=\"description\" content=\"Laadukas Metalastik 1609\/55 sarjan kumityyny moottorin vaimennukseen ja kiinnitt\u00e4miseen. Tarvittaessa autamme oikean kumityynyn valinnassa.\" \/>\n<meta name=\"robots\" content=\"index, follow, max-snippet:-1, max-image-preview:large, max-video-preview:-1\" \/>\n<link rel=\"canonical\" href=\"https:\/\/veneakselisto.com\/kauppa\/tuote\/volvo-penta-1609-55-kumityyny-d1-d3\/\" \/>\n<meta property=\"og:locale\" content=\"fi_FI\" \/>\n<meta property=\"og:type\" content=\"article\" \/>\n<meta property=\"og:title\" content=\"Volvo Penta 1609\/55 kumityyny D1-D3-merimoottorin kumityyny\" \/>\n<meta property=\"og:description\" content=\"Laadukas Metalastik 1609\/55 sarjan kumityyny moottorin vaimennukseen ja kiinnitt\u00e4miseen. Tarvittaessa autamme oikean kumityynyn valinnassa.\" \/>\n<meta property=\"og:url\" content=\"https:\/\/veneakselisto.com\/kauppa\/tuote\/volvo-penta-1609-55-kumityyny-d1-d3\/\" \/>\n<meta property=\"og:site_name\" content=\"Veneakselisto.com - verkkokauppa\" \/>\n<meta property=\"article:publisher\" content=\"https:\/\/www.facebook.com\/AlaMikkula\/\" \/>\n<meta property=\"article:modified_time\" content=\"2025-11-10T09:40:05+00:00\" \/>\n<meta property=\"og:image\" content=\"https:\/\/veneakselisto.com\/kauppa\/wp-content\/uploads\/2018\/11\/1609-metalastik.jpg\" \/>\n\t<meta property=\"og:image:width\" content=\"500\" \/>\n\t<meta property=\"og:image:height\" content=\"500\" \/>\n\t<meta property=\"og:image:type\" content=\"image\/jpeg\" \/>\n<meta name=\"twitter:card\" content=\"summary_large_image\" \/>\n<meta name=\"twitter:label1\" content=\"Arvioitu lukuaika\" \/>\n\t<meta name=\"twitter:data1\" content=\"2 minuuttia\" \/>\n<script type=\"application\/ld+json\" class=\"yoast-schema-graph\">{\"@context\":\"https:\\\/\\\/schema.org\",\"@graph\":[{\"@type\":\"WebPage\",\"@id\":\"https:\\\/\\\/veneakselisto.com\\\/kauppa\\\/tuote\\\/volvo-penta-1609-55-kumityyny-d1-d3\\\/\",\"url\":\"https:\\\/\\\/veneakselisto.com\\\/kauppa\\\/tuote\\\/volvo-penta-1609-55-kumityyny-d1-d3\\\/\",\"name\":\"Volvo Penta 1609\\\/55 kumityyny D1-D3-merimoottorin kumityyny\",\"isPartOf\":{\"@id\":\"https:\\\/\\\/veneakselisto.com\\\/kauppa\\\/#website\"},\"primaryImageOfPage\":{\"@id\":\"https:\\\/\\\/veneakselisto.com\\\/kauppa\\\/tuote\\\/volvo-penta-1609-55-kumityyny-d1-d3\\\/#primaryimage\"},\"image\":{\"@id\":\"https:\\\/\\\/veneakselisto.com\\\/kauppa\\\/tuote\\\/volvo-penta-1609-55-kumityyny-d1-d3\\\/#primaryimage\"},\"thumbnailUrl\":\"https:\\\/\\\/i0.wp.com\\\/veneakselisto.com\\\/kauppa\\\/wp-content\\\/uploads\\\/2018\\\/11\\\/1609-metalastik.jpg?fit=500%2C500&ssl=1\",\"datePublished\":\"2025-11-10T09:35:06+00:00\",\"dateModified\":\"2025-11-10T09:40:05+00:00\",\"description\":\"Laadukas Metalastik 1609\\\/55 sarjan kumityyny moottorin vaimennukseen ja kiinnitt\u00e4miseen. Tarvittaessa autamme oikean kumityynyn valinnassa.\",\"breadcrumb\":{\"@id\":\"https:\\\/\\\/veneakselisto.com\\\/kauppa\\\/tuote\\\/volvo-penta-1609-55-kumityyny-d1-d3\\\/#breadcrumb\"},\"inLanguage\":\"fi\",\"potentialAction\":[{\"@type\":\"ReadAction\",\"target\":[\"https:\\\/\\\/veneakselisto.com\\\/kauppa\\\/tuote\\\/volvo-penta-1609-55-kumityyny-d1-d3\\\/\"]}]},{\"@type\":\"ImageObject\",\"inLanguage\":\"fi\",\"@id\":\"https:\\\/\\\/veneakselisto.com\\\/kauppa\\\/tuote\\\/volvo-penta-1609-55-kumityyny-d1-d3\\\/#primaryimage\",\"url\":\"https:\\\/\\\/i0.wp.com\\\/veneakselisto.com\\\/kauppa\\\/wp-content\\\/uploads\\\/2018\\\/11\\\/1609-metalastik.jpg?fit=500%2C500&ssl=1\",\"contentUrl\":\"https:\\\/\\\/i0.wp.com\\\/veneakselisto.com\\\/kauppa\\\/wp-content\\\/uploads\\\/2018\\\/11\\\/1609-metalastik.jpg?fit=500%2C500&ssl=1\",\"width\":500,\"height\":500,\"caption\":\"Merimoottoreiden kumityynyt toimittaa venetarvikkeiden erikoisliike-Venevaraosat.fi\"},{\"@type\":\"BreadcrumbList\",\"@id\":\"https:\\\/\\\/veneakselisto.com\\\/kauppa\\\/tuote\\\/volvo-penta-1609-55-kumityyny-d1-d3\\\/#breadcrumb\",\"itemListElement\":[{\"@type\":\"ListItem\",\"position\":1,\"name\":\"Etusivu\",\"item\":\"https:\\\/\\\/veneakselisto.com\\\/kauppa\\\/\"},{\"@type\":\"ListItem\",\"position\":2,\"name\":\"Kauppa\",\"item\":\"https:\\\/\\\/veneakselisto.com\\\/kauppa\\\/\"},{\"@type\":\"ListItem\",\"position\":3,\"name\":\"Volvo Penta 1609\\\/55 kumityyny D1-D3\"}]},{\"@type\":\"WebSite\",\"@id\":\"https:\\\/\\\/veneakselisto.com\\\/kauppa\\\/#website\",\"url\":\"https:\\\/\\\/veneakselisto.com\\\/kauppa\\\/\",\"name\":\"Veneakselisto.com - verkkokauppa\",\"description\":\"Venetarvikkeiden maahantuonti ja myynti\",\"publisher\":{\"@id\":\"https:\\\/\\\/veneakselisto.com\\\/kauppa\\\/#organization\"},\"potentialAction\":[{\"@type\":\"SearchAction\",\"target\":{\"@type\":\"EntryPoint\",\"urlTemplate\":\"https:\\\/\\\/veneakselisto.com\\\/kauppa\\\/?s={search_term_string}\"},\"query-input\":{\"@type\":\"PropertyValueSpecification\",\"valueRequired\":true,\"valueName\":\"search_term_string\"}}],\"inLanguage\":\"fi\"},{\"@type\":\"Organization\",\"@id\":\"https:\\\/\\\/veneakselisto.com\\\/kauppa\\\/#organization\",\"name\":\"Veneakselisto.com verkkokauppa\",\"url\":\"https:\\\/\\\/veneakselisto.com\\\/kauppa\\\/\",\"logo\":{\"@type\":\"ImageObject\",\"inLanguage\":\"fi\",\"@id\":\"https:\\\/\\\/veneakselisto.com\\\/kauppa\\\/#\\\/schema\\\/logo\\\/image\\\/\",\"url\":\"https:\\\/\\\/i2.wp.com\\\/veneakselisto.com\\\/kauppa\\\/wp-content\\\/uploads\\\/2016\\\/06\\\/fb_icon.jpg?fit=327%2C327&ssl=1\",\"contentUrl\":\"https:\\\/\\\/i2.wp.com\\\/veneakselisto.com\\\/kauppa\\\/wp-content\\\/uploads\\\/2016\\\/06\\\/fb_icon.jpg?fit=327%2C327&ssl=1\",\"width\":327,\"height\":327,\"caption\":\"Veneakselisto.com verkkokauppa\"},\"image\":{\"@id\":\"https:\\\/\\\/veneakselisto.com\\\/kauppa\\\/#\\\/schema\\\/logo\\\/image\\\/\"},\"sameAs\":[\"https:\\\/\\\/www.facebook.com\\\/AlaMikkula\\\/\"]}]}<\/script>\n<!-- \/ Yoast SEO plugin. -->","yoast_head_json":{"title":"Volvo Penta 1609\/55 kumityyny D1-D3-merimoottorin kumityyny","description":"Laadukas Metalastik 1609\/55 sarjan kumityyny moottorin vaimennukseen ja kiinnitt\u00e4miseen. Tarvittaessa autamme oikean kumityynyn valinnassa.","robots":{"index":"index","follow":"follow","max-snippet":"max-snippet:-1","max-image-preview":"max-image-preview:large","max-video-preview":"max-video-preview:-1"},"canonical":"https:\/\/veneakselisto.com\/kauppa\/tuote\/volvo-penta-1609-55-kumityyny-d1-d3\/","og_locale":"fi_FI","og_type":"article","og_title":"Volvo Penta 1609\/55 kumityyny D1-D3-merimoottorin kumityyny","og_description":"Laadukas Metalastik 1609\/55 sarjan kumityyny moottorin vaimennukseen ja kiinnitt\u00e4miseen. Tarvittaessa autamme oikean kumityynyn valinnassa.","og_url":"https:\/\/veneakselisto.com\/kauppa\/tuote\/volvo-penta-1609-55-kumityyny-d1-d3\/","og_site_name":"Veneakselisto.com - verkkokauppa","article_publisher":"https:\/\/www.facebook.com\/AlaMikkula\/","article_modified_time":"2025-11-10T09:40:05+00:00","og_image":[{"width":500,"height":500,"url":"https:\/\/veneakselisto.com\/kauppa\/wp-content\/uploads\/2018\/11\/1609-metalastik.jpg","type":"image\/jpeg"}],"twitter_card":"summary_large_image","twitter_misc":{"Arvioitu lukuaika":"2 minuuttia"},"schema":{"@context":"https:\/\/schema.org","@graph":[{"@type":"WebPage","@id":"https:\/\/veneakselisto.com\/kauppa\/tuote\/volvo-penta-1609-55-kumityyny-d1-d3\/","url":"https:\/\/veneakselisto.com\/kauppa\/tuote\/volvo-penta-1609-55-kumityyny-d1-d3\/","name":"Volvo Penta 1609\/55 kumityyny D1-D3-merimoottorin kumityyny","isPartOf":{"@id":"https:\/\/veneakselisto.com\/kauppa\/#website"},"primaryImageOfPage":{"@id":"https:\/\/veneakselisto.com\/kauppa\/tuote\/volvo-penta-1609-55-kumityyny-d1-d3\/#primaryimage"},"image":{"@id":"https:\/\/veneakselisto.com\/kauppa\/tuote\/volvo-penta-1609-55-kumityyny-d1-d3\/#primaryimage"},"thumbnailUrl":"https:\/\/i0.wp.com\/veneakselisto.com\/kauppa\/wp-content\/uploads\/2018\/11\/1609-metalastik.jpg?fit=500%2C500&ssl=1","datePublished":"2025-11-10T09:35:06+00:00","dateModified":"2025-11-10T09:40:05+00:00","description":"Laadukas Metalastik 1609\/55 sarjan kumityyny moottorin vaimennukseen ja kiinnitt\u00e4miseen. Tarvittaessa autamme oikean kumityynyn valinnassa.","breadcrumb":{"@id":"https:\/\/veneakselisto.com\/kauppa\/tuote\/volvo-penta-1609-55-kumityyny-d1-d3\/#breadcrumb"},"inLanguage":"fi","potentialAction":[{"@type":"ReadAction","target":["https:\/\/veneakselisto.com\/kauppa\/tuote\/volvo-penta-1609-55-kumityyny-d1-d3\/"]}]},{"@type":"ImageObject","inLanguage":"fi","@id":"https:\/\/veneakselisto.com\/kauppa\/tuote\/volvo-penta-1609-55-kumityyny-d1-d3\/#primaryimage","url":"https:\/\/i0.wp.com\/veneakselisto.com\/kauppa\/wp-content\/uploads\/2018\/11\/1609-metalastik.jpg?fit=500%2C500&ssl=1","contentUrl":"https:\/\/i0.wp.com\/veneakselisto.com\/kauppa\/wp-content\/uploads\/2018\/11\/1609-metalastik.jpg?fit=500%2C500&ssl=1","width":500,"height":500,"caption":"Merimoottoreiden kumityynyt toimittaa venetarvikkeiden erikoisliike-Venevaraosat.fi"},{"@type":"BreadcrumbList","@id":"https:\/\/veneakselisto.com\/kauppa\/tuote\/volvo-penta-1609-55-kumityyny-d1-d3\/#breadcrumb","itemListElement":[{"@type":"ListItem","position":1,"name":"Etusivu","item":"https:\/\/veneakselisto.com\/kauppa\/"},{"@type":"ListItem","position":2,"name":"Kauppa","item":"https:\/\/veneakselisto.com\/kauppa\/"},{"@type":"ListItem","position":3,"name":"Volvo Penta 1609\/55 kumityyny D1-D3"}]},{"@type":"WebSite","@id":"https:\/\/veneakselisto.com\/kauppa\/#website","url":"https:\/\/veneakselisto.com\/kauppa\/","name":"Veneakselisto.com - verkkokauppa","description":"Venetarvikkeiden maahantuonti ja myynti","publisher":{"@id":"https:\/\/veneakselisto.com\/kauppa\/#organization"},"potentialAction":[{"@type":"SearchAction","target":{"@type":"EntryPoint","urlTemplate":"https:\/\/veneakselisto.com\/kauppa\/?s={search_term_string}"},"query-input":{"@type":"PropertyValueSpecification","valueRequired":true,"valueName":"search_term_string"}}],"inLanguage":"fi"},{"@type":"Organization","@id":"https:\/\/veneakselisto.com\/kauppa\/#organization","name":"Veneakselisto.com verkkokauppa","url":"https:\/\/veneakselisto.com\/kauppa\/","logo":{"@type":"ImageObject","inLanguage":"fi","@id":"https:\/\/veneakselisto.com\/kauppa\/#\/schema\/logo\/image\/","url":"https:\/\/i2.wp.com\/veneakselisto.com\/kauppa\/wp-content\/uploads\/2016\/06\/fb_icon.jpg?fit=327%2C327&ssl=1","contentUrl":"https:\/\/i2.wp.com\/veneakselisto.com\/kauppa\/wp-content\/uploads\/2016\/06\/fb_icon.jpg?fit=327%2C327&ssl=1","width":327,"height":327,"caption":"Veneakselisto.com verkkokauppa"},"image":{"@id":"https:\/\/veneakselisto.com\/kauppa\/#\/schema\/logo\/image\/"},"sameAs":["https:\/\/www.facebook.com\/AlaMikkula\/"]}]}},"jetpack_publicize_connections":[],"jetpack_sharing_enabled":true,"_links":{"self":[{"href":"https:\/\/veneakselisto.com\/kauppa\/wp-json\/wp\/v2\/product\/23524","targetHints":{"allow":["GET"]}}],"collection":[{"href":"https:\/\/veneakselisto.com\/kauppa\/wp-json\/wp\/v2\/product"}],"about":[{"href":"https:\/\/veneakselisto.com\/kauppa\/wp-json\/wp\/v2\/types\/product"}],"replies":[{"embeddable":true,"href":"https:\/\/veneakselisto.com\/kauppa\/wp-json\/wp\/v2\/comments?post=23524"}],"wp:featuredmedia":[{"embeddable":true,"href":"https:\/\/veneakselisto.com\/kauppa\/wp-json\/wp\/v2\/media\/7638"}],"wp:attachment":[{"href":"https:\/\/veneakselisto.com\/kauppa\/wp-json\/wp\/v2\/media?parent=23524"}],"wp:term":[{"taxonomy":"product_brand","embeddable":true,"href":"https:\/\/veneakselisto.com\/kauppa\/wp-json\/wp\/v2\/product_brand?post=23524"},{"taxonomy":"product_cat","embeddable":true,"href":"https:\/\/veneakselisto.com\/kauppa\/wp-json\/wp\/v2\/product_cat?post=23524"},{"taxonomy":"product_tag","embeddable":true,"href":"https:\/\/veneakselisto.com\/kauppa\/wp-json\/wp\/v2\/product_tag?post=23524"}],"curies":[{"name":"wp","href":"https:\/\/api.w.org\/{rel}","templated":true}]}}