{"id":23522,"date":"2025-11-10T11:20:19","date_gmt":"2025-11-10T09:20:19","guid":{"rendered":"https:\/\/veneakselisto.com\/kauppa\/?post_type=product&#038;p=23522"},"modified":"2026-03-30T15:55:28","modified_gmt":"2026-03-30T12:55:28","slug":"volvo-penta1609-45-kumityyny-d1-d31","status":"publish","type":"product","link":"https:\/\/veneakselisto.com\/kauppa\/tuote\/volvo-penta1609-45-kumityyny-d1-d31\/","title":{"rendered":"Volvo Penta1609\/45 kumityyny D1-D32"},"content":{"rendered":"<p>Volvo Penta1609\/45 kumityyny D1-D31<\/p>\n<p>SOPIVUUS:<\/p>\n<p><strong>D1, D2, 2030, 2040, D22, D30, D31<\/strong><\/p>\n<p>D1-13, D1-13B, D1-13F,\u00a0D1-20, D1-20B, D1-20F<\/p>\n<p>D2-40, D2-40B, D2-40F<\/p>\n<p>MD2030A<\/p>\n<p>MD2040A<\/p>\n<p>MD22L-B, MD22P-B<\/p>\n<p>AD30A, AQAD30A, MD30A, TAMD30A, TMD30A<\/p>\n<p>TAMD31L-A, TAMD31M-A, TAMD31A, TAMD31B<\/p>\n<p>KAD32P<\/p>\n<p>Metalastik 1609\/45 kumityyny moottorin vaimennukseen ja kiinnitt\u00e4miseen. Kumityynyn kovuus 45 shorea. Max 95kg\/kumityyny merimoottoreissa ilman painelaakeri\/nivelyksikk\u00f6\u00e4. Nivelyksik\u00f6n kanssa max kuorma on suurempi. Kokemuksemme mukaan suosittelemme vaihtamaan aina v\u00e4hint\u00e4\u00e4n 2 kpl kumityynyj\u00e4 kerralla. Kumityynyss\u00e4 M16 pultti ja nylock mutterit ja prikat mukana. Jos et l\u00f6yd\u00e4 sopivaa kumityyny\u00e4 sinun tarpeisiin sivuiltamme tai olet ep\u00e4varma oikean kumityynyn valitsemisessa, niin ota rohkeasti yhteytt\u00e4 09-8779230 tai akseli@veneakselisto.fi<\/p>\n<p>Kumityynyn toimitukseen sis\u00e4tyy pulttisarja jossa M16 pultti, M16 nylock mutterit ja prikat<\/p>\n<p>Volvo Penta1609\/45 kumityyny D1-D32<\/p>\n","protected":false},"excerpt":{"rendered":"<p>Volvo Penta1609\/45 kumityyny D1-D32<\/p>\n<p>1609\/45 Metalastik max kuorma 90kg\/kumityyny.<\/p>\n<p>Kumityynyn toimitukseen sis\u00e4tyy pulttisarja jossa M16 pultti, M16 nylock mutterit ja prikat<\/p>\n<p>Kaikilla tuotteilla normaalisti 1-5 p\u00e4iv\u00e4n toimitusaika.<\/p>\n","protected":false},"featured_media":7638,"comment_status":"open","ping_status":"closed","template":"","meta":{"jetpack_post_was_ever_published":false,"jetpack_publicize_message":"","jetpack_publicize_feature_enabled":true,"jetpack_social_post_already_shared":true,"jetpack_social_options":{"image_generator_settings":{"template":"highway","default_image_id":0,"font":"","enabled":false},"version":2}},"product_brand":[],"product_cat":[452,580,269],"product_tag":[453],"class_list":{"0":"post-23522","1":"product","2":"type-product","3":"status-publish","4":"has-post-thumbnail","6":"product_cat-kumityynyt_moottorinvaimennus_metalastik","7":"product_cat-volvo_penta_kumityynyt_kumityyny","8":"product_cat-volvo-penta-varaosat-houlto-osat","9":"product_tag-kumityyny","10":"product_shipping_class-rahti","12":"first","13":"instock","14":"sale","15":"taxable","16":"shipping-taxable","17":"purchasable","18":"product-type-simple"},"yoast_head":"<!-- This site is optimized with the Yoast SEO plugin v27.3 - https:\/\/yoast.com\/product\/yoast-seo-wordpress\/ -->\n<title>Volvo Penta1609\/45 kumityyny D1-D32-merimoottorin kumityyny<\/title>\n<meta name=\"description\" content=\"Volvo Penta1609\/45 kumityyny D1-D32 moottorin vaimennukseen ja kiinnitt\u00e4miseen. Tarvittaessa autamme oikean kumityynyn valinnassa.\" \/>\n<meta name=\"robots\" content=\"index, follow, max-snippet:-1, max-image-preview:large, max-video-preview:-1\" \/>\n<link rel=\"canonical\" href=\"https:\/\/veneakselisto.com\/kauppa\/tuote\/volvo-penta1609-45-kumityyny-d1-d31\/\" \/>\n<meta property=\"og:locale\" content=\"fi_FI\" \/>\n<meta property=\"og:type\" content=\"article\" \/>\n<meta property=\"og:title\" content=\"Volvo Penta1609\/45 kumityyny D1-D32-merimoottorin kumityyny\" \/>\n<meta property=\"og:description\" content=\"Volvo Penta1609\/45 kumityyny D1-D32 moottorin vaimennukseen ja kiinnitt\u00e4miseen. Tarvittaessa autamme oikean kumityynyn valinnassa.\" \/>\n<meta property=\"og:url\" content=\"https:\/\/veneakselisto.com\/kauppa\/tuote\/volvo-penta1609-45-kumityyny-d1-d31\/\" \/>\n<meta property=\"og:site_name\" content=\"Veneakselisto.com - verkkokauppa\" \/>\n<meta property=\"article:publisher\" content=\"https:\/\/www.facebook.com\/AlaMikkula\/\" \/>\n<meta property=\"article:modified_time\" content=\"2026-03-30T12:55:28+00:00\" \/>\n<meta property=\"og:image\" content=\"https:\/\/veneakselisto.com\/kauppa\/wp-content\/uploads\/2018\/11\/1609-metalastik.jpg\" \/>\n\t<meta property=\"og:image:width\" content=\"500\" \/>\n\t<meta property=\"og:image:height\" content=\"500\" \/>\n\t<meta property=\"og:image:type\" content=\"image\/jpeg\" \/>\n<meta name=\"twitter:card\" content=\"summary_large_image\" \/>\n<meta name=\"twitter:label1\" content=\"Arvioitu lukuaika\" \/>\n\t<meta name=\"twitter:data1\" content=\"1 minuutti\" \/>\n<script type=\"application\/ld+json\" class=\"yoast-schema-graph\">{\"@context\":\"https:\\\/\\\/schema.org\",\"@graph\":[{\"@type\":\"WebPage\",\"@id\":\"https:\\\/\\\/veneakselisto.com\\\/kauppa\\\/tuote\\\/volvo-penta1609-45-kumityyny-d1-d31\\\/\",\"url\":\"https:\\\/\\\/veneakselisto.com\\\/kauppa\\\/tuote\\\/volvo-penta1609-45-kumityyny-d1-d31\\\/\",\"name\":\"Volvo Penta1609\\\/45 kumityyny D1-D32-merimoottorin kumityyny\",\"isPartOf\":{\"@id\":\"https:\\\/\\\/veneakselisto.com\\\/kauppa\\\/#website\"},\"primaryImageOfPage\":{\"@id\":\"https:\\\/\\\/veneakselisto.com\\\/kauppa\\\/tuote\\\/volvo-penta1609-45-kumityyny-d1-d31\\\/#primaryimage\"},\"image\":{\"@id\":\"https:\\\/\\\/veneakselisto.com\\\/kauppa\\\/tuote\\\/volvo-penta1609-45-kumityyny-d1-d31\\\/#primaryimage\"},\"thumbnailUrl\":\"https:\\\/\\\/i0.wp.com\\\/veneakselisto.com\\\/kauppa\\\/wp-content\\\/uploads\\\/2018\\\/11\\\/1609-metalastik.jpg?fit=500%2C500&ssl=1\",\"datePublished\":\"2025-11-10T09:20:19+00:00\",\"dateModified\":\"2026-03-30T12:55:28+00:00\",\"description\":\"Volvo Penta1609\\\/45 kumityyny D1-D32 moottorin vaimennukseen ja kiinnitt\u00e4miseen. Tarvittaessa autamme oikean kumityynyn valinnassa.\",\"breadcrumb\":{\"@id\":\"https:\\\/\\\/veneakselisto.com\\\/kauppa\\\/tuote\\\/volvo-penta1609-45-kumityyny-d1-d31\\\/#breadcrumb\"},\"inLanguage\":\"fi\",\"potentialAction\":[{\"@type\":\"ReadAction\",\"target\":[\"https:\\\/\\\/veneakselisto.com\\\/kauppa\\\/tuote\\\/volvo-penta1609-45-kumityyny-d1-d31\\\/\"]}]},{\"@type\":\"ImageObject\",\"inLanguage\":\"fi\",\"@id\":\"https:\\\/\\\/veneakselisto.com\\\/kauppa\\\/tuote\\\/volvo-penta1609-45-kumityyny-d1-d31\\\/#primaryimage\",\"url\":\"https:\\\/\\\/i0.wp.com\\\/veneakselisto.com\\\/kauppa\\\/wp-content\\\/uploads\\\/2018\\\/11\\\/1609-metalastik.jpg?fit=500%2C500&ssl=1\",\"contentUrl\":\"https:\\\/\\\/i0.wp.com\\\/veneakselisto.com\\\/kauppa\\\/wp-content\\\/uploads\\\/2018\\\/11\\\/1609-metalastik.jpg?fit=500%2C500&ssl=1\",\"width\":500,\"height\":500,\"caption\":\"Merimoottoreiden kumityynyt toimittaa venetarvikkeiden erikoisliike-Venevaraosat.fi\"},{\"@type\":\"BreadcrumbList\",\"@id\":\"https:\\\/\\\/veneakselisto.com\\\/kauppa\\\/tuote\\\/volvo-penta1609-45-kumityyny-d1-d31\\\/#breadcrumb\",\"itemListElement\":[{\"@type\":\"ListItem\",\"position\":1,\"name\":\"Etusivu\",\"item\":\"https:\\\/\\\/veneakselisto.com\\\/kauppa\\\/\"},{\"@type\":\"ListItem\",\"position\":2,\"name\":\"Kauppa\",\"item\":\"https:\\\/\\\/veneakselisto.com\\\/kauppa\\\/\"},{\"@type\":\"ListItem\",\"position\":3,\"name\":\"Volvo Penta1609\\\/45 kumityyny D1-D32\"}]},{\"@type\":\"WebSite\",\"@id\":\"https:\\\/\\\/veneakselisto.com\\\/kauppa\\\/#website\",\"url\":\"https:\\\/\\\/veneakselisto.com\\\/kauppa\\\/\",\"name\":\"Veneakselisto.com - verkkokauppa\",\"description\":\"Venetarvikkeiden maahantuonti ja myynti\",\"publisher\":{\"@id\":\"https:\\\/\\\/veneakselisto.com\\\/kauppa\\\/#organization\"},\"potentialAction\":[{\"@type\":\"SearchAction\",\"target\":{\"@type\":\"EntryPoint\",\"urlTemplate\":\"https:\\\/\\\/veneakselisto.com\\\/kauppa\\\/?s={search_term_string}\"},\"query-input\":{\"@type\":\"PropertyValueSpecification\",\"valueRequired\":true,\"valueName\":\"search_term_string\"}}],\"inLanguage\":\"fi\"},{\"@type\":\"Organization\",\"@id\":\"https:\\\/\\\/veneakselisto.com\\\/kauppa\\\/#organization\",\"name\":\"Veneakselisto.com verkkokauppa\",\"url\":\"https:\\\/\\\/veneakselisto.com\\\/kauppa\\\/\",\"logo\":{\"@type\":\"ImageObject\",\"inLanguage\":\"fi\",\"@id\":\"https:\\\/\\\/veneakselisto.com\\\/kauppa\\\/#\\\/schema\\\/logo\\\/image\\\/\",\"url\":\"https:\\\/\\\/i2.wp.com\\\/veneakselisto.com\\\/kauppa\\\/wp-content\\\/uploads\\\/2016\\\/06\\\/fb_icon.jpg?fit=327%2C327&ssl=1\",\"contentUrl\":\"https:\\\/\\\/i2.wp.com\\\/veneakselisto.com\\\/kauppa\\\/wp-content\\\/uploads\\\/2016\\\/06\\\/fb_icon.jpg?fit=327%2C327&ssl=1\",\"width\":327,\"height\":327,\"caption\":\"Veneakselisto.com verkkokauppa\"},\"image\":{\"@id\":\"https:\\\/\\\/veneakselisto.com\\\/kauppa\\\/#\\\/schema\\\/logo\\\/image\\\/\"},\"sameAs\":[\"https:\\\/\\\/www.facebook.com\\\/AlaMikkula\\\/\"]}]}<\/script>\n<!-- \/ Yoast SEO plugin. -->","yoast_head_json":{"title":"Volvo Penta1609\/45 kumityyny D1-D32-merimoottorin kumityyny","description":"Volvo Penta1609\/45 kumityyny D1-D32 moottorin vaimennukseen ja kiinnitt\u00e4miseen. Tarvittaessa autamme oikean kumityynyn valinnassa.","robots":{"index":"index","follow":"follow","max-snippet":"max-snippet:-1","max-image-preview":"max-image-preview:large","max-video-preview":"max-video-preview:-1"},"canonical":"https:\/\/veneakselisto.com\/kauppa\/tuote\/volvo-penta1609-45-kumityyny-d1-d31\/","og_locale":"fi_FI","og_type":"article","og_title":"Volvo Penta1609\/45 kumityyny D1-D32-merimoottorin kumityyny","og_description":"Volvo Penta1609\/45 kumityyny D1-D32 moottorin vaimennukseen ja kiinnitt\u00e4miseen. Tarvittaessa autamme oikean kumityynyn valinnassa.","og_url":"https:\/\/veneakselisto.com\/kauppa\/tuote\/volvo-penta1609-45-kumityyny-d1-d31\/","og_site_name":"Veneakselisto.com - verkkokauppa","article_publisher":"https:\/\/www.facebook.com\/AlaMikkula\/","article_modified_time":"2026-03-30T12:55:28+00:00","og_image":[{"width":500,"height":500,"url":"https:\/\/veneakselisto.com\/kauppa\/wp-content\/uploads\/2018\/11\/1609-metalastik.jpg","type":"image\/jpeg"}],"twitter_card":"summary_large_image","twitter_misc":{"Arvioitu lukuaika":"1 minuutti"},"schema":{"@context":"https:\/\/schema.org","@graph":[{"@type":"WebPage","@id":"https:\/\/veneakselisto.com\/kauppa\/tuote\/volvo-penta1609-45-kumityyny-d1-d31\/","url":"https:\/\/veneakselisto.com\/kauppa\/tuote\/volvo-penta1609-45-kumityyny-d1-d31\/","name":"Volvo Penta1609\/45 kumityyny D1-D32-merimoottorin kumityyny","isPartOf":{"@id":"https:\/\/veneakselisto.com\/kauppa\/#website"},"primaryImageOfPage":{"@id":"https:\/\/veneakselisto.com\/kauppa\/tuote\/volvo-penta1609-45-kumityyny-d1-d31\/#primaryimage"},"image":{"@id":"https:\/\/veneakselisto.com\/kauppa\/tuote\/volvo-penta1609-45-kumityyny-d1-d31\/#primaryimage"},"thumbnailUrl":"https:\/\/i0.wp.com\/veneakselisto.com\/kauppa\/wp-content\/uploads\/2018\/11\/1609-metalastik.jpg?fit=500%2C500&ssl=1","datePublished":"2025-11-10T09:20:19+00:00","dateModified":"2026-03-30T12:55:28+00:00","description":"Volvo Penta1609\/45 kumityyny D1-D32 moottorin vaimennukseen ja kiinnitt\u00e4miseen. Tarvittaessa autamme oikean kumityynyn valinnassa.","breadcrumb":{"@id":"https:\/\/veneakselisto.com\/kauppa\/tuote\/volvo-penta1609-45-kumityyny-d1-d31\/#breadcrumb"},"inLanguage":"fi","potentialAction":[{"@type":"ReadAction","target":["https:\/\/veneakselisto.com\/kauppa\/tuote\/volvo-penta1609-45-kumityyny-d1-d31\/"]}]},{"@type":"ImageObject","inLanguage":"fi","@id":"https:\/\/veneakselisto.com\/kauppa\/tuote\/volvo-penta1609-45-kumityyny-d1-d31\/#primaryimage","url":"https:\/\/i0.wp.com\/veneakselisto.com\/kauppa\/wp-content\/uploads\/2018\/11\/1609-metalastik.jpg?fit=500%2C500&ssl=1","contentUrl":"https:\/\/i0.wp.com\/veneakselisto.com\/kauppa\/wp-content\/uploads\/2018\/11\/1609-metalastik.jpg?fit=500%2C500&ssl=1","width":500,"height":500,"caption":"Merimoottoreiden kumityynyt toimittaa venetarvikkeiden erikoisliike-Venevaraosat.fi"},{"@type":"BreadcrumbList","@id":"https:\/\/veneakselisto.com\/kauppa\/tuote\/volvo-penta1609-45-kumityyny-d1-d31\/#breadcrumb","itemListElement":[{"@type":"ListItem","position":1,"name":"Etusivu","item":"https:\/\/veneakselisto.com\/kauppa\/"},{"@type":"ListItem","position":2,"name":"Kauppa","item":"https:\/\/veneakselisto.com\/kauppa\/"},{"@type":"ListItem","position":3,"name":"Volvo Penta1609\/45 kumityyny D1-D32"}]},{"@type":"WebSite","@id":"https:\/\/veneakselisto.com\/kauppa\/#website","url":"https:\/\/veneakselisto.com\/kauppa\/","name":"Veneakselisto.com - verkkokauppa","description":"Venetarvikkeiden maahantuonti ja myynti","publisher":{"@id":"https:\/\/veneakselisto.com\/kauppa\/#organization"},"potentialAction":[{"@type":"SearchAction","target":{"@type":"EntryPoint","urlTemplate":"https:\/\/veneakselisto.com\/kauppa\/?s={search_term_string}"},"query-input":{"@type":"PropertyValueSpecification","valueRequired":true,"valueName":"search_term_string"}}],"inLanguage":"fi"},{"@type":"Organization","@id":"https:\/\/veneakselisto.com\/kauppa\/#organization","name":"Veneakselisto.com verkkokauppa","url":"https:\/\/veneakselisto.com\/kauppa\/","logo":{"@type":"ImageObject","inLanguage":"fi","@id":"https:\/\/veneakselisto.com\/kauppa\/#\/schema\/logo\/image\/","url":"https:\/\/i2.wp.com\/veneakselisto.com\/kauppa\/wp-content\/uploads\/2016\/06\/fb_icon.jpg?fit=327%2C327&ssl=1","contentUrl":"https:\/\/i2.wp.com\/veneakselisto.com\/kauppa\/wp-content\/uploads\/2016\/06\/fb_icon.jpg?fit=327%2C327&ssl=1","width":327,"height":327,"caption":"Veneakselisto.com verkkokauppa"},"image":{"@id":"https:\/\/veneakselisto.com\/kauppa\/#\/schema\/logo\/image\/"},"sameAs":["https:\/\/www.facebook.com\/AlaMikkula\/"]}]}},"jetpack_publicize_connections":[],"jetpack_sharing_enabled":true,"_links":{"self":[{"href":"https:\/\/veneakselisto.com\/kauppa\/wp-json\/wp\/v2\/product\/23522","targetHints":{"allow":["GET"]}}],"collection":[{"href":"https:\/\/veneakselisto.com\/kauppa\/wp-json\/wp\/v2\/product"}],"about":[{"href":"https:\/\/veneakselisto.com\/kauppa\/wp-json\/wp\/v2\/types\/product"}],"replies":[{"embeddable":true,"href":"https:\/\/veneakselisto.com\/kauppa\/wp-json\/wp\/v2\/comments?post=23522"}],"wp:featuredmedia":[{"embeddable":true,"href":"https:\/\/veneakselisto.com\/kauppa\/wp-json\/wp\/v2\/media\/7638"}],"wp:attachment":[{"href":"https:\/\/veneakselisto.com\/kauppa\/wp-json\/wp\/v2\/media?parent=23522"}],"wp:term":[{"taxonomy":"product_brand","embeddable":true,"href":"https:\/\/veneakselisto.com\/kauppa\/wp-json\/wp\/v2\/product_brand?post=23522"},{"taxonomy":"product_cat","embeddable":true,"href":"https:\/\/veneakselisto.com\/kauppa\/wp-json\/wp\/v2\/product_cat?post=23522"},{"taxonomy":"product_tag","embeddable":true,"href":"https:\/\/veneakselisto.com\/kauppa\/wp-json\/wp\/v2\/product_tag?post=23522"}],"curies":[{"name":"wp","href":"https:\/\/api.w.org\/{rel}","templated":true}]}}