{"id":23427,"date":"2025-11-03T15:18:12","date_gmt":"2025-11-03T13:18:12","guid":{"rendered":"https:\/\/veneakselisto.com\/kauppa\/?post_type=product&#038;p=23427"},"modified":"2026-04-08T01:52:01","modified_gmt":"2026-04-07T22:52:01","slug":"yanmar-3hm-3jh-4jh-starttimoottori","status":"publish","type":"product","link":"https:\/\/veneakselisto.com\/kauppa\/tuote\/yanmar-3hm-3jh-4jh-starttimoottori\/","title":{"rendered":"Yanmar 3HM-3JH-4JH starttimoottori"},"content":{"rendered":"<p>Yanmar 3HM-3JH-4JH starttimoottori<\/p>\n<p>\u2022 12V<br \/>\n\u2022 15-hampainen bendix<br \/>\n\u2022 Kierto: my\u00f6t\u00e4p\u00e4iv\u00e4\u00e4n (&#8220;CLOCKWISE&#8221;)<br \/>\n\u2022 Pituus noin 235mm<br \/>\n\u2022 Halkaisija hammaspy\u00f6r\u00e4: noin 43 mm<br \/>\n\u2022 Akselin pituus: noin 25 mm<\/p>\n<p>Valmistaja RECMar<\/p>\n<p>Yanmar OEM: 124250-77012 171008-77010 129573-77010<\/p>\n<p><span style=\"font-family: verdana; font-size: small;\"><span style=\"font-family: arial; font-size: medium;\">Sopivuus:\u00a0<\/span><\/span><\/p>\n<p>\u2022 YANMAR 3HM 3 syl Diesel (84-80)<br \/>\n\u2022 YANMAR 3HMF 3 syl Diesel (84-80)<br \/>\n\u2022 YANMAR 3HM35 3 syl Diesel (92-82)<br \/>\n\u2022 YANMAR 3JH-2 3 syl Diesel (99-91)<br \/>\n\u2022 YANMAR 3JH2-BE 3 syl Diesel (99-91)<br \/>\n\u2022 YANMAR 3JH-2E 3 syl Diesel (99-91)<br \/>\n\u2022 YANMAR 3JH-3Z 3 syl Diesel (kaikki)<br \/>\n\u2022 YANMAR 3TNE84 3 syl Diesel (82+)<br \/>\n\u2022 YANMAR 3TNE88 3 syl Diesel (82+)<br \/>\n\u2022 YANMAR 4JH 4 syl Diesel (82+)<br \/>\n\u2022 YANMAR 4JH 4 syl Diesel (82+)<br \/>\n\u2022 YANMAR 4JH-DTE 4 syl Diesel (82+)<br \/>\n\u2022 YANMAR 4JH-HT 4 syl Diesel (82+)<br \/>\n\u2022 YANMAR 4JH-HT-E 4 syl Diesel (82+)<br \/>\n\u2022 YANMAR 4JH-HT-Z 4 syl Diesel (82+)<br \/>\n\u2022 YANMAR 4JH-T 4 syl Diesel (82+)<br \/>\n\u2022 YANMAR 4JH-TE 4 syl Diesel (82+)<br \/>\n\u2022 YANMAR 4JH-TZ 4 syl Diesel (82+)<br \/>\n\u2022 YANMAR 4JH2-CE 4 syl Diesel (88+)<br \/>\n\u2022 YANMAR 4JH2-DTE 4 syl Diesel (88+)<br \/>\n\u2022 YANMAR 4JH2-E 4 syl Diesel (88+)<br \/>\n\u2022 YANMAR 4JH2-HTE 4 syl Diesel (88+)<br \/>\n\u2022 YANMAR 4JH2-TE 4 syl Diesel (88+)<br \/>\n\u2022 YANMAR 4JH2-UTE 4 syl Diesel (88+)<br \/>\n\u2022 YANMAR 4JH2L-HTNE 4 syl Diesel (88+)<br \/>\n\u2022 YANMAR 4JH2L-TNE 4 syl Diesel (88+)<br \/>\n\u2022 YANMAR 4JH3 4 syl Diesel (03-94)<br \/>\n\u2022 YANMAR 4JH3-CE 4 syl Diesel (03-94)<br \/>\n\u2022 YANMAR 4JH3-DTE 4 syl Diesel (03-94)<br \/>\n\u2022 YANMAR 4JH3-HTE 4 syl Diesel (03-94)<br \/>\n\u2022 YANMAR 4JH3-TCE 4 syl Diesel (03-94)<\/p>\n<p>YANMAR 4JH3-TE-YEU 4 syl Diesel (03-94)<br \/>\n\u2022 YANMAR 4JH3ZA 4 syl Diesel (03-94)<br \/>\n\u2022 YANMAR 4JHE 4 syl Diesel (82+)<br \/>\n\u2022 YANMAR 4JHZ 4 syl Diesel (82+)<br \/>\n\u2022 YANMAR 4JHZ 4 syl Diesel (82+)<br \/>\n\u2022 YANMAR 4TNE84 4 syl 1.995L Diesel (89+)<br \/>\n\u2022 YANMAR 4TNE88 4 syl 2.190L Diesel (89+)<\/p>\n<p>&nbsp;<\/p>\n<p>Yanmar 3HM-3JH-4JH starttimoottori<\/p>\n","protected":false},"excerpt":{"rendered":"<p>Yanmar 3HM-3JH-4JH starttimoottori<\/p>\n<p>\u2022 12V<br \/>\n\u2022 15-hampainen bendix<br \/>\n\u2022 Kierto: my\u00f6t\u00e4p\u00e4iv\u00e4\u00e4n (&#8220;CLOCKWISE&#8221;)<br \/>\n\u2022 Pituus noin 235mm<br \/>\n\u2022 Halkaisija hammaspy\u00f6r\u00e4: noin 43 mm<br \/>\n\u2022 Akselin pituus: noin 25 mm<\/p>\n<p>Valmistaja RECMar<\/p>\n<p>Verkkokauppatuote, toimitusaika 2-5pv normaalisti tehdastilauksena!<\/p>\n","protected":false},"featured_media":23432,"comment_status":"open","ping_status":"closed","template":"","meta":{"jetpack_post_was_ever_published":false,"jetpack_publicize_message":"","jetpack_publicize_feature_enabled":true,"jetpack_social_post_already_shared":true,"jetpack_social_options":{"image_generator_settings":{"template":"highway","default_image_id":0,"font":"","enabled":false},"version":2}},"product_brand":[],"product_cat":[250,1074,294],"product_tag":[],"class_list":{"0":"post-23427","1":"product","2":"type-product","3":"status-publish","4":"has-post-thumbnail","6":"product_cat-moottoreiden-huolto-osat","7":"product_cat-yanmar-starttimoottori-2gm-3gm-1gm","8":"product_cat-yanmar-huolto-osat","9":"brand-recmar","11":"first","12":"onbackorder","13":"taxable","14":"shipping-taxable","15":"purchasable","16":"product-type-simple"},"yoast_head":"<!-- This site is optimized with the Yoast SEO plugin v27.4 - https:\/\/yoast.com\/product\/yoast-seo-wordpress\/ -->\n<title>Yanmar 3HM-3JH-4JH starttimoottori - Veneakselisto.com - verkkokauppa<\/title>\n<meta name=\"description\" content=\"Yanmar 3HM-3JH-4JH starttimoottori- Yanmar varaosat-starttimoottorit toimittaa Veneakselisto.com-venetarvikkeiden erikoisliike\" \/>\n<meta name=\"robots\" content=\"index, follow, max-snippet:-1, max-image-preview:large, max-video-preview:-1\" \/>\n<link rel=\"canonical\" href=\"https:\/\/veneakselisto.com\/kauppa\/tuote\/yanmar-3hm-3jh-4jh-starttimoottori\/\" \/>\n<meta property=\"og:locale\" content=\"fi_FI\" \/>\n<meta property=\"og:type\" content=\"article\" \/>\n<meta property=\"og:title\" content=\"Yanmar 3HM-3JH-4JH starttimoottori - Veneakselisto.com - verkkokauppa\" \/>\n<meta property=\"og:description\" content=\"Yanmar 3HM-3JH-4JH starttimoottori- Yanmar varaosat-starttimoottorit toimittaa Veneakselisto.com-venetarvikkeiden erikoisliike\" \/>\n<meta property=\"og:url\" content=\"https:\/\/veneakselisto.com\/kauppa\/tuote\/yanmar-3hm-3jh-4jh-starttimoottori\/\" \/>\n<meta property=\"og:site_name\" content=\"Veneakselisto.com - verkkokauppa\" \/>\n<meta property=\"article:publisher\" content=\"https:\/\/www.facebook.com\/AlaMikkula\/\" \/>\n<meta property=\"article:modified_time\" content=\"2026-04-07T22:52:01+00:00\" \/>\n<meta property=\"og:image\" content=\"https:\/\/veneakselisto.com\/kauppa\/wp-content\/uploads\/2025\/11\/124250-77012-1.png\" \/>\n\t<meta property=\"og:image:width\" content=\"500\" \/>\n\t<meta property=\"og:image:height\" content=\"500\" \/>\n\t<meta property=\"og:image:type\" content=\"image\/png\" \/>\n<meta name=\"twitter:card\" content=\"summary_large_image\" \/>\n<meta name=\"twitter:label1\" content=\"Arvioitu lukuaika\" \/>\n\t<meta name=\"twitter:data1\" content=\"3 minuuttia\" \/>\n<script type=\"application\/ld+json\" class=\"yoast-schema-graph\">{\"@context\":\"https:\\\/\\\/schema.org\",\"@graph\":[{\"@type\":\"WebPage\",\"@id\":\"https:\\\/\\\/veneakselisto.com\\\/kauppa\\\/tuote\\\/yanmar-3hm-3jh-4jh-starttimoottori\\\/\",\"url\":\"https:\\\/\\\/veneakselisto.com\\\/kauppa\\\/tuote\\\/yanmar-3hm-3jh-4jh-starttimoottori\\\/\",\"name\":\"Yanmar 3HM-3JH-4JH starttimoottori - Veneakselisto.com - verkkokauppa\",\"isPartOf\":{\"@id\":\"https:\\\/\\\/veneakselisto.com\\\/kauppa\\\/#website\"},\"primaryImageOfPage\":{\"@id\":\"https:\\\/\\\/veneakselisto.com\\\/kauppa\\\/tuote\\\/yanmar-3hm-3jh-4jh-starttimoottori\\\/#primaryimage\"},\"image\":{\"@id\":\"https:\\\/\\\/veneakselisto.com\\\/kauppa\\\/tuote\\\/yanmar-3hm-3jh-4jh-starttimoottori\\\/#primaryimage\"},\"thumbnailUrl\":\"https:\\\/\\\/i0.wp.com\\\/veneakselisto.com\\\/kauppa\\\/wp-content\\\/uploads\\\/2025\\\/11\\\/124250-77012-1.png?fit=500%2C500&ssl=1\",\"datePublished\":\"2025-11-03T13:18:12+00:00\",\"dateModified\":\"2026-04-07T22:52:01+00:00\",\"description\":\"Yanmar 3HM-3JH-4JH starttimoottori- Yanmar varaosat-starttimoottorit toimittaa Veneakselisto.com-venetarvikkeiden erikoisliike\",\"breadcrumb\":{\"@id\":\"https:\\\/\\\/veneakselisto.com\\\/kauppa\\\/tuote\\\/yanmar-3hm-3jh-4jh-starttimoottori\\\/#breadcrumb\"},\"inLanguage\":\"fi\",\"potentialAction\":[{\"@type\":\"ReadAction\",\"target\":[\"https:\\\/\\\/veneakselisto.com\\\/kauppa\\\/tuote\\\/yanmar-3hm-3jh-4jh-starttimoottori\\\/\"]}]},{\"@type\":\"ImageObject\",\"inLanguage\":\"fi\",\"@id\":\"https:\\\/\\\/veneakselisto.com\\\/kauppa\\\/tuote\\\/yanmar-3hm-3jh-4jh-starttimoottori\\\/#primaryimage\",\"url\":\"https:\\\/\\\/i0.wp.com\\\/veneakselisto.com\\\/kauppa\\\/wp-content\\\/uploads\\\/2025\\\/11\\\/124250-77012-1.png?fit=500%2C500&ssl=1\",\"contentUrl\":\"https:\\\/\\\/i0.wp.com\\\/veneakselisto.com\\\/kauppa\\\/wp-content\\\/uploads\\\/2025\\\/11\\\/124250-77012-1.png?fit=500%2C500&ssl=1\",\"width\":500,\"height\":500,\"caption\":\"Yanmar-124250-77012-3HM-3JH-4JH-starttimoottori-Veneakselisto.com\"},{\"@type\":\"BreadcrumbList\",\"@id\":\"https:\\\/\\\/veneakselisto.com\\\/kauppa\\\/tuote\\\/yanmar-3hm-3jh-4jh-starttimoottori\\\/#breadcrumb\",\"itemListElement\":[{\"@type\":\"ListItem\",\"position\":1,\"name\":\"Etusivu\",\"item\":\"https:\\\/\\\/veneakselisto.com\\\/kauppa\\\/\"},{\"@type\":\"ListItem\",\"position\":2,\"name\":\"Kauppa\",\"item\":\"https:\\\/\\\/veneakselisto.com\\\/kauppa\\\/\"},{\"@type\":\"ListItem\",\"position\":3,\"name\":\"Yanmar 3HM-3JH-4JH starttimoottori\"}]},{\"@type\":\"WebSite\",\"@id\":\"https:\\\/\\\/veneakselisto.com\\\/kauppa\\\/#website\",\"url\":\"https:\\\/\\\/veneakselisto.com\\\/kauppa\\\/\",\"name\":\"Veneakselisto.com - verkkokauppa\",\"description\":\"Venetarvikkeiden maahantuonti ja myynti\",\"publisher\":{\"@id\":\"https:\\\/\\\/veneakselisto.com\\\/kauppa\\\/#organization\"},\"potentialAction\":[{\"@type\":\"SearchAction\",\"target\":{\"@type\":\"EntryPoint\",\"urlTemplate\":\"https:\\\/\\\/veneakselisto.com\\\/kauppa\\\/?s={search_term_string}\"},\"query-input\":{\"@type\":\"PropertyValueSpecification\",\"valueRequired\":true,\"valueName\":\"search_term_string\"}}],\"inLanguage\":\"fi\"},{\"@type\":\"Organization\",\"@id\":\"https:\\\/\\\/veneakselisto.com\\\/kauppa\\\/#organization\",\"name\":\"Veneakselisto.com verkkokauppa\",\"url\":\"https:\\\/\\\/veneakselisto.com\\\/kauppa\\\/\",\"logo\":{\"@type\":\"ImageObject\",\"inLanguage\":\"fi\",\"@id\":\"https:\\\/\\\/veneakselisto.com\\\/kauppa\\\/#\\\/schema\\\/logo\\\/image\\\/\",\"url\":\"https:\\\/\\\/i2.wp.com\\\/veneakselisto.com\\\/kauppa\\\/wp-content\\\/uploads\\\/2016\\\/06\\\/fb_icon.jpg?fit=327%2C327&ssl=1\",\"contentUrl\":\"https:\\\/\\\/i2.wp.com\\\/veneakselisto.com\\\/kauppa\\\/wp-content\\\/uploads\\\/2016\\\/06\\\/fb_icon.jpg?fit=327%2C327&ssl=1\",\"width\":327,\"height\":327,\"caption\":\"Veneakselisto.com verkkokauppa\"},\"image\":{\"@id\":\"https:\\\/\\\/veneakselisto.com\\\/kauppa\\\/#\\\/schema\\\/logo\\\/image\\\/\"},\"sameAs\":[\"https:\\\/\\\/www.facebook.com\\\/AlaMikkula\\\/\"]}]}<\/script>\n<!-- \/ Yoast SEO plugin. -->","yoast_head_json":{"title":"Yanmar 3HM-3JH-4JH starttimoottori - Veneakselisto.com - verkkokauppa","description":"Yanmar 3HM-3JH-4JH starttimoottori- Yanmar varaosat-starttimoottorit toimittaa Veneakselisto.com-venetarvikkeiden erikoisliike","robots":{"index":"index","follow":"follow","max-snippet":"max-snippet:-1","max-image-preview":"max-image-preview:large","max-video-preview":"max-video-preview:-1"},"canonical":"https:\/\/veneakselisto.com\/kauppa\/tuote\/yanmar-3hm-3jh-4jh-starttimoottori\/","og_locale":"fi_FI","og_type":"article","og_title":"Yanmar 3HM-3JH-4JH starttimoottori - Veneakselisto.com - verkkokauppa","og_description":"Yanmar 3HM-3JH-4JH starttimoottori- Yanmar varaosat-starttimoottorit toimittaa Veneakselisto.com-venetarvikkeiden erikoisliike","og_url":"https:\/\/veneakselisto.com\/kauppa\/tuote\/yanmar-3hm-3jh-4jh-starttimoottori\/","og_site_name":"Veneakselisto.com - verkkokauppa","article_publisher":"https:\/\/www.facebook.com\/AlaMikkula\/","article_modified_time":"2026-04-07T22:52:01+00:00","og_image":[{"width":500,"height":500,"url":"https:\/\/veneakselisto.com\/kauppa\/wp-content\/uploads\/2025\/11\/124250-77012-1.png","type":"image\/png"}],"twitter_card":"summary_large_image","twitter_misc":{"Arvioitu lukuaika":"3 minuuttia"},"schema":{"@context":"https:\/\/schema.org","@graph":[{"@type":"WebPage","@id":"https:\/\/veneakselisto.com\/kauppa\/tuote\/yanmar-3hm-3jh-4jh-starttimoottori\/","url":"https:\/\/veneakselisto.com\/kauppa\/tuote\/yanmar-3hm-3jh-4jh-starttimoottori\/","name":"Yanmar 3HM-3JH-4JH starttimoottori - Veneakselisto.com - verkkokauppa","isPartOf":{"@id":"https:\/\/veneakselisto.com\/kauppa\/#website"},"primaryImageOfPage":{"@id":"https:\/\/veneakselisto.com\/kauppa\/tuote\/yanmar-3hm-3jh-4jh-starttimoottori\/#primaryimage"},"image":{"@id":"https:\/\/veneakselisto.com\/kauppa\/tuote\/yanmar-3hm-3jh-4jh-starttimoottori\/#primaryimage"},"thumbnailUrl":"https:\/\/i0.wp.com\/veneakselisto.com\/kauppa\/wp-content\/uploads\/2025\/11\/124250-77012-1.png?fit=500%2C500&ssl=1","datePublished":"2025-11-03T13:18:12+00:00","dateModified":"2026-04-07T22:52:01+00:00","description":"Yanmar 3HM-3JH-4JH starttimoottori- Yanmar varaosat-starttimoottorit toimittaa Veneakselisto.com-venetarvikkeiden erikoisliike","breadcrumb":{"@id":"https:\/\/veneakselisto.com\/kauppa\/tuote\/yanmar-3hm-3jh-4jh-starttimoottori\/#breadcrumb"},"inLanguage":"fi","potentialAction":[{"@type":"ReadAction","target":["https:\/\/veneakselisto.com\/kauppa\/tuote\/yanmar-3hm-3jh-4jh-starttimoottori\/"]}]},{"@type":"ImageObject","inLanguage":"fi","@id":"https:\/\/veneakselisto.com\/kauppa\/tuote\/yanmar-3hm-3jh-4jh-starttimoottori\/#primaryimage","url":"https:\/\/i0.wp.com\/veneakselisto.com\/kauppa\/wp-content\/uploads\/2025\/11\/124250-77012-1.png?fit=500%2C500&ssl=1","contentUrl":"https:\/\/i0.wp.com\/veneakselisto.com\/kauppa\/wp-content\/uploads\/2025\/11\/124250-77012-1.png?fit=500%2C500&ssl=1","width":500,"height":500,"caption":"Yanmar-124250-77012-3HM-3JH-4JH-starttimoottori-Veneakselisto.com"},{"@type":"BreadcrumbList","@id":"https:\/\/veneakselisto.com\/kauppa\/tuote\/yanmar-3hm-3jh-4jh-starttimoottori\/#breadcrumb","itemListElement":[{"@type":"ListItem","position":1,"name":"Etusivu","item":"https:\/\/veneakselisto.com\/kauppa\/"},{"@type":"ListItem","position":2,"name":"Kauppa","item":"https:\/\/veneakselisto.com\/kauppa\/"},{"@type":"ListItem","position":3,"name":"Yanmar 3HM-3JH-4JH starttimoottori"}]},{"@type":"WebSite","@id":"https:\/\/veneakselisto.com\/kauppa\/#website","url":"https:\/\/veneakselisto.com\/kauppa\/","name":"Veneakselisto.com - verkkokauppa","description":"Venetarvikkeiden maahantuonti ja myynti","publisher":{"@id":"https:\/\/veneakselisto.com\/kauppa\/#organization"},"potentialAction":[{"@type":"SearchAction","target":{"@type":"EntryPoint","urlTemplate":"https:\/\/veneakselisto.com\/kauppa\/?s={search_term_string}"},"query-input":{"@type":"PropertyValueSpecification","valueRequired":true,"valueName":"search_term_string"}}],"inLanguage":"fi"},{"@type":"Organization","@id":"https:\/\/veneakselisto.com\/kauppa\/#organization","name":"Veneakselisto.com verkkokauppa","url":"https:\/\/veneakselisto.com\/kauppa\/","logo":{"@type":"ImageObject","inLanguage":"fi","@id":"https:\/\/veneakselisto.com\/kauppa\/#\/schema\/logo\/image\/","url":"https:\/\/i2.wp.com\/veneakselisto.com\/kauppa\/wp-content\/uploads\/2016\/06\/fb_icon.jpg?fit=327%2C327&ssl=1","contentUrl":"https:\/\/i2.wp.com\/veneakselisto.com\/kauppa\/wp-content\/uploads\/2016\/06\/fb_icon.jpg?fit=327%2C327&ssl=1","width":327,"height":327,"caption":"Veneakselisto.com verkkokauppa"},"image":{"@id":"https:\/\/veneakselisto.com\/kauppa\/#\/schema\/logo\/image\/"},"sameAs":["https:\/\/www.facebook.com\/AlaMikkula\/"]}]}},"jetpack_publicize_connections":[],"jetpack_sharing_enabled":true,"_links":{"self":[{"href":"https:\/\/veneakselisto.com\/kauppa\/wp-json\/wp\/v2\/product\/23427","targetHints":{"allow":["GET"]}}],"collection":[{"href":"https:\/\/veneakselisto.com\/kauppa\/wp-json\/wp\/v2\/product"}],"about":[{"href":"https:\/\/veneakselisto.com\/kauppa\/wp-json\/wp\/v2\/types\/product"}],"replies":[{"embeddable":true,"href":"https:\/\/veneakselisto.com\/kauppa\/wp-json\/wp\/v2\/comments?post=23427"}],"wp:featuredmedia":[{"embeddable":true,"href":"https:\/\/veneakselisto.com\/kauppa\/wp-json\/wp\/v2\/media\/23432"}],"wp:attachment":[{"href":"https:\/\/veneakselisto.com\/kauppa\/wp-json\/wp\/v2\/media?parent=23427"}],"wp:term":[{"taxonomy":"product_brand","embeddable":true,"href":"https:\/\/veneakselisto.com\/kauppa\/wp-json\/wp\/v2\/product_brand?post=23427"},{"taxonomy":"product_cat","embeddable":true,"href":"https:\/\/veneakselisto.com\/kauppa\/wp-json\/wp\/v2\/product_cat?post=23427"},{"taxonomy":"product_tag","embeddable":true,"href":"https:\/\/veneakselisto.com\/kauppa\/wp-json\/wp\/v2\/product_tag?post=23427"}],"curies":[{"name":"wp","href":"https:\/\/api.w.org\/{rel}","templated":true}]}}