{"id":23358,"date":"2025-10-27T15:12:51","date_gmt":"2025-10-27T13:12:51","guid":{"rendered":"https:\/\/veneakselisto.com\/kauppa\/?post_type=product&#038;p=23358"},"modified":"2026-04-08T01:52:04","modified_gmt":"2026-04-07T22:52:04","slug":"pakosarja-volvo-penta-omc-4-3l-v6","status":"publish","type":"product","link":"https:\/\/veneakselisto.com\/kauppa\/tuote\/pakosarja-volvo-penta-omc-4-3l-v6\/","title":{"rendered":"Pakosarja Volvo Penta\/OMC 4.3L V6"},"content":{"rendered":"<p>Pakosarja Volvo Penta\/OMC 4.3L V6<\/p>\n<p><span style=\"color: #ff0000;\">Verkkokauppa tuote. Toimitus 2-4 p\u00e4iv\u00e4\u00e4 tehdastoimituksena<\/span><\/p>\n<p>Valmistaja BARR Marine. Sis\u00e4lt\u00e4\u00e4 asennussarjan<\/p>\n<p>OEM nr: 3847499 3852338 3857656 3857678 3847672<\/p>\n<p>Sopivuus: Pakosarja Pakosarja Volvo Penta\/OMC 4.3L V6 1992+<\/p>\n<p>4.3GXiE-M, 4,3GXi-P, 4.3GXi-Q, 4.3GXi-225-R, 4.3Gi-200-R, 4.3GXi-B<br \/>\n4.3GXi-BF, 4.3GXi-A, 4.3GXi-C, 4.3GXi-CF, 4.3GXi-D, 4.3GXi-DF, 4.3GXi-E<br \/>\n4.3GXi-EF, 4.3GXi-F, 4.3GXi-FF<br \/>\n4.3GL-P, 4.3GL-A, 4.3GL-B, 4.3GL-C, 4.3GL-D, 4.3GL-E, 4.3GL-EF, 4.3GL-G<br \/>\n4.3GL-EF, 4.3GL<br \/>\n4.3OSi-E, 4.3OSi-EF, 4.3OSi-J, 4.3OSi-JF<br \/>\nV6-200-A V6-225-A, V6-225-E-A<\/p>\n<p>Pakosarja Volvo Penta\/OMC 4.3L V6<\/p>\n<table class=\"tags-table\" width=\"5\">\n<tbody>\n<tr>\n<td><\/td>\n<\/tr>\n<\/tbody>\n<\/table>\n<p>&nbsp;<\/p>\n<table class=\"tags-table\" style=\"height: 592px;\" width=\"5\">\n<tbody>\n<tr>\n<td><\/td>\n<td><\/td>\n<\/tr>\n<tr>\n<td><\/td>\n<td><\/td>\n<\/tr>\n<tr>\n<td><\/td>\n<td><\/td>\n<\/tr>\n<tr>\n<td><\/td>\n<td><\/td>\n<\/tr>\n<tr>\n<td><\/td>\n<td><\/td>\n<\/tr>\n<tr>\n<td><\/td>\n<td><\/td>\n<\/tr>\n<tr>\n<td><\/td>\n<td><\/td>\n<\/tr>\n<tr>\n<td><\/td>\n<td><\/td>\n<\/tr>\n<tr>\n<td><\/td>\n<td><\/td>\n<\/tr>\n<tr>\n<td><\/td>\n<td><\/td>\n<\/tr>\n<tr>\n<td><\/td>\n<td><\/td>\n<\/tr>\n<tr>\n<td><\/td>\n<td><\/td>\n<\/tr>\n<tr>\n<td><\/td>\n<td><\/td>\n<\/tr>\n<tr>\n<td><\/td>\n<td><\/td>\n<\/tr>\n<tr>\n<td><\/td>\n<td><\/td>\n<\/tr>\n<tr>\n<td><\/td>\n<td><\/td>\n<\/tr>\n<tr>\n<td><\/td>\n<td><\/td>\n<\/tr>\n<tr>\n<td><\/td>\n<td><\/td>\n<\/tr>\n<tr>\n<td><\/td>\n<td><\/td>\n<\/tr>\n<tr>\n<td><\/td>\n<td><\/td>\n<\/tr>\n<\/tbody>\n<\/table>\n<table class=\"tags-table\" width=\"5\">\n<tbody>\n<tr>\n<td><\/td>\n<\/tr>\n<\/tbody>\n<\/table>\n<p>&nbsp;<\/p>\n","protected":false},"excerpt":{"rendered":"<p>Pakosarja Volvo Penta\/OMC 4.3L V6<\/p>\n<p>Verkkokauppa tuote. Toimitus 2-4 p\u00e4iv\u00e4\u00e4 tehdastoimituksena<\/p>\n<p>Valmistaja BARR Marine. Sis\u00e4lt\u00e4\u00e4 asennussarjan<\/p>\n<p>OEM nr: 3847499 3852338 3857656 3857678 3847672<\/p>\n<p>Sopivuus: Pakosarja Pakosarja Volvo Penta\/OMC 4.3L V6 1992+<\/p>\n<p>&nbsp;<\/p>\n<p>&nbsp;<\/p>\n","protected":false},"featured_media":23359,"comment_status":"open","ping_status":"closed","template":"","meta":{"jetpack_post_was_ever_published":false,"jetpack_publicize_message":"","jetpack_publicize_feature_enabled":true,"jetpack_social_post_already_shared":true,"jetpack_social_options":{"image_generator_settings":{"template":"highway","default_image_id":0,"font":"","enabled":false},"version":2}},"product_brand":[],"product_cat":[328],"product_tag":[267,266,273,248,228],"class_list":{"0":"post-23358","1":"product","2":"type-product","3":"status-publish","4":"has-post-thumbnail","6":"product_cat-volvo-penta-vara-huolto-osat-volvo-penta-vara-houlto-osat-moottoreiden-huolto-osat","7":"product_tag-huolto-osat","8":"product_tag-orbitrade-marine","9":"product_tag-pakosarja","10":"product_tag-penta","11":"product_tag-volvo","12":"brand-bar-marine","14":"first","15":"onbackorder","16":"taxable","17":"shipping-taxable","18":"purchasable","19":"product-type-simple"},"yoast_head":"<!-- This site is optimized with the Yoast SEO plugin v27.3 - https:\/\/yoast.com\/product\/yoast-seo-wordpress\/ -->\n<title>Pakosarja Volvo Penta\/OMC 4.3L V6- Veneakselisto.com - verkkokauppa<\/title>\n<meta name=\"description\" content=\"Pakosarja Volvo Penta\/OMC 4.3L V6. Tuotteen toimittaa aina edullinen Veneakselisto.com - Verkkokauppa - Venetarvikkeiden maahantuonti ja myynti.\" \/>\n<meta name=\"robots\" content=\"index, follow, max-snippet:-1, max-image-preview:large, max-video-preview:-1\" \/>\n<link rel=\"canonical\" href=\"https:\/\/veneakselisto.com\/kauppa\/tuote\/pakosarja-volvo-penta-omc-4-3l-v6\/\" \/>\n<meta property=\"og:locale\" content=\"fi_FI\" \/>\n<meta property=\"og:type\" content=\"article\" \/>\n<meta property=\"og:title\" content=\"Pakosarja Volvo Penta\/OMC 4.3L V6- Veneakselisto.com - verkkokauppa\" \/>\n<meta property=\"og:description\" content=\"Pakosarja Volvo Penta\/OMC 4.3L V6. Tuotteen toimittaa aina edullinen Veneakselisto.com - Verkkokauppa - Venetarvikkeiden maahantuonti ja myynti.\" \/>\n<meta property=\"og:url\" content=\"https:\/\/veneakselisto.com\/kauppa\/tuote\/pakosarja-volvo-penta-omc-4-3l-v6\/\" \/>\n<meta property=\"og:site_name\" content=\"Veneakselisto.com - verkkokauppa\" \/>\n<meta property=\"article:publisher\" content=\"https:\/\/www.facebook.com\/AlaMikkula\/\" \/>\n<meta property=\"article:modified_time\" content=\"2026-04-07T22:52:04+00:00\" \/>\n<meta property=\"og:image\" content=\"https:\/\/veneakselisto.com\/kauppa\/wp-content\/uploads\/2025\/10\/Volvo-Penta-4.3L.png\" \/>\n\t<meta property=\"og:image:width\" content=\"500\" \/>\n\t<meta property=\"og:image:height\" content=\"500\" \/>\n\t<meta property=\"og:image:type\" content=\"image\/png\" \/>\n<meta name=\"twitter:card\" content=\"summary_large_image\" \/>\n<meta name=\"twitter:label1\" content=\"Arvioitu lukuaika\" \/>\n\t<meta name=\"twitter:data1\" content=\"1 minuutti\" \/>\n<script type=\"application\/ld+json\" class=\"yoast-schema-graph\">{\"@context\":\"https:\\\/\\\/schema.org\",\"@graph\":[{\"@type\":\"WebPage\",\"@id\":\"https:\\\/\\\/veneakselisto.com\\\/kauppa\\\/tuote\\\/pakosarja-volvo-penta-omc-4-3l-v6\\\/\",\"url\":\"https:\\\/\\\/veneakselisto.com\\\/kauppa\\\/tuote\\\/pakosarja-volvo-penta-omc-4-3l-v6\\\/\",\"name\":\"Pakosarja Volvo Penta\\\/OMC 4.3L V6- Veneakselisto.com - verkkokauppa\",\"isPartOf\":{\"@id\":\"https:\\\/\\\/veneakselisto.com\\\/kauppa\\\/#website\"},\"primaryImageOfPage\":{\"@id\":\"https:\\\/\\\/veneakselisto.com\\\/kauppa\\\/tuote\\\/pakosarja-volvo-penta-omc-4-3l-v6\\\/#primaryimage\"},\"image\":{\"@id\":\"https:\\\/\\\/veneakselisto.com\\\/kauppa\\\/tuote\\\/pakosarja-volvo-penta-omc-4-3l-v6\\\/#primaryimage\"},\"thumbnailUrl\":\"https:\\\/\\\/i0.wp.com\\\/veneakselisto.com\\\/kauppa\\\/wp-content\\\/uploads\\\/2025\\\/10\\\/Volvo-Penta-4.3L.png?fit=500%2C500&ssl=1\",\"datePublished\":\"2025-10-27T13:12:51+00:00\",\"dateModified\":\"2026-04-07T22:52:04+00:00\",\"description\":\"Pakosarja Volvo Penta\\\/OMC 4.3L V6. Tuotteen toimittaa aina edullinen Veneakselisto.com - Verkkokauppa - Venetarvikkeiden maahantuonti ja myynti.\",\"breadcrumb\":{\"@id\":\"https:\\\/\\\/veneakselisto.com\\\/kauppa\\\/tuote\\\/pakosarja-volvo-penta-omc-4-3l-v6\\\/#breadcrumb\"},\"inLanguage\":\"fi\",\"potentialAction\":[{\"@type\":\"ReadAction\",\"target\":[\"https:\\\/\\\/veneakselisto.com\\\/kauppa\\\/tuote\\\/pakosarja-volvo-penta-omc-4-3l-v6\\\/\"]}]},{\"@type\":\"ImageObject\",\"inLanguage\":\"fi\",\"@id\":\"https:\\\/\\\/veneakselisto.com\\\/kauppa\\\/tuote\\\/pakosarja-volvo-penta-omc-4-3l-v6\\\/#primaryimage\",\"url\":\"https:\\\/\\\/i0.wp.com\\\/veneakselisto.com\\\/kauppa\\\/wp-content\\\/uploads\\\/2025\\\/10\\\/Volvo-Penta-4.3L.png?fit=500%2C500&ssl=1\",\"contentUrl\":\"https:\\\/\\\/i0.wp.com\\\/veneakselisto.com\\\/kauppa\\\/wp-content\\\/uploads\\\/2025\\\/10\\\/Volvo-Penta-4.3L.png?fit=500%2C500&ssl=1\",\"width\":500,\"height\":500,\"caption\":\"Volvo Penta-OMC-4.3L-Pakosarja-Veneakselisto.com\"},{\"@type\":\"BreadcrumbList\",\"@id\":\"https:\\\/\\\/veneakselisto.com\\\/kauppa\\\/tuote\\\/pakosarja-volvo-penta-omc-4-3l-v6\\\/#breadcrumb\",\"itemListElement\":[{\"@type\":\"ListItem\",\"position\":1,\"name\":\"Etusivu\",\"item\":\"https:\\\/\\\/veneakselisto.com\\\/kauppa\\\/\"},{\"@type\":\"ListItem\",\"position\":2,\"name\":\"Kauppa\",\"item\":\"https:\\\/\\\/veneakselisto.com\\\/kauppa\\\/\"},{\"@type\":\"ListItem\",\"position\":3,\"name\":\"Pakosarja Volvo Penta\\\/OMC 4.3L V6\"}]},{\"@type\":\"WebSite\",\"@id\":\"https:\\\/\\\/veneakselisto.com\\\/kauppa\\\/#website\",\"url\":\"https:\\\/\\\/veneakselisto.com\\\/kauppa\\\/\",\"name\":\"Veneakselisto.com - verkkokauppa\",\"description\":\"Venetarvikkeiden maahantuonti ja myynti\",\"publisher\":{\"@id\":\"https:\\\/\\\/veneakselisto.com\\\/kauppa\\\/#organization\"},\"potentialAction\":[{\"@type\":\"SearchAction\",\"target\":{\"@type\":\"EntryPoint\",\"urlTemplate\":\"https:\\\/\\\/veneakselisto.com\\\/kauppa\\\/?s={search_term_string}\"},\"query-input\":{\"@type\":\"PropertyValueSpecification\",\"valueRequired\":true,\"valueName\":\"search_term_string\"}}],\"inLanguage\":\"fi\"},{\"@type\":\"Organization\",\"@id\":\"https:\\\/\\\/veneakselisto.com\\\/kauppa\\\/#organization\",\"name\":\"Veneakselisto.com verkkokauppa\",\"url\":\"https:\\\/\\\/veneakselisto.com\\\/kauppa\\\/\",\"logo\":{\"@type\":\"ImageObject\",\"inLanguage\":\"fi\",\"@id\":\"https:\\\/\\\/veneakselisto.com\\\/kauppa\\\/#\\\/schema\\\/logo\\\/image\\\/\",\"url\":\"https:\\\/\\\/i2.wp.com\\\/veneakselisto.com\\\/kauppa\\\/wp-content\\\/uploads\\\/2016\\\/06\\\/fb_icon.jpg?fit=327%2C327&ssl=1\",\"contentUrl\":\"https:\\\/\\\/i2.wp.com\\\/veneakselisto.com\\\/kauppa\\\/wp-content\\\/uploads\\\/2016\\\/06\\\/fb_icon.jpg?fit=327%2C327&ssl=1\",\"width\":327,\"height\":327,\"caption\":\"Veneakselisto.com verkkokauppa\"},\"image\":{\"@id\":\"https:\\\/\\\/veneakselisto.com\\\/kauppa\\\/#\\\/schema\\\/logo\\\/image\\\/\"},\"sameAs\":[\"https:\\\/\\\/www.facebook.com\\\/AlaMikkula\\\/\"]}]}<\/script>\n<!-- \/ Yoast SEO plugin. -->","yoast_head_json":{"title":"Pakosarja Volvo Penta\/OMC 4.3L V6- Veneakselisto.com - verkkokauppa","description":"Pakosarja Volvo Penta\/OMC 4.3L V6. Tuotteen toimittaa aina edullinen Veneakselisto.com - Verkkokauppa - Venetarvikkeiden maahantuonti ja myynti.","robots":{"index":"index","follow":"follow","max-snippet":"max-snippet:-1","max-image-preview":"max-image-preview:large","max-video-preview":"max-video-preview:-1"},"canonical":"https:\/\/veneakselisto.com\/kauppa\/tuote\/pakosarja-volvo-penta-omc-4-3l-v6\/","og_locale":"fi_FI","og_type":"article","og_title":"Pakosarja Volvo Penta\/OMC 4.3L V6- Veneakselisto.com - verkkokauppa","og_description":"Pakosarja Volvo Penta\/OMC 4.3L V6. Tuotteen toimittaa aina edullinen Veneakselisto.com - Verkkokauppa - Venetarvikkeiden maahantuonti ja myynti.","og_url":"https:\/\/veneakselisto.com\/kauppa\/tuote\/pakosarja-volvo-penta-omc-4-3l-v6\/","og_site_name":"Veneakselisto.com - verkkokauppa","article_publisher":"https:\/\/www.facebook.com\/AlaMikkula\/","article_modified_time":"2026-04-07T22:52:04+00:00","og_image":[{"width":500,"height":500,"url":"https:\/\/veneakselisto.com\/kauppa\/wp-content\/uploads\/2025\/10\/Volvo-Penta-4.3L.png","type":"image\/png"}],"twitter_card":"summary_large_image","twitter_misc":{"Arvioitu lukuaika":"1 minuutti"},"schema":{"@context":"https:\/\/schema.org","@graph":[{"@type":"WebPage","@id":"https:\/\/veneakselisto.com\/kauppa\/tuote\/pakosarja-volvo-penta-omc-4-3l-v6\/","url":"https:\/\/veneakselisto.com\/kauppa\/tuote\/pakosarja-volvo-penta-omc-4-3l-v6\/","name":"Pakosarja Volvo Penta\/OMC 4.3L V6- Veneakselisto.com - verkkokauppa","isPartOf":{"@id":"https:\/\/veneakselisto.com\/kauppa\/#website"},"primaryImageOfPage":{"@id":"https:\/\/veneakselisto.com\/kauppa\/tuote\/pakosarja-volvo-penta-omc-4-3l-v6\/#primaryimage"},"image":{"@id":"https:\/\/veneakselisto.com\/kauppa\/tuote\/pakosarja-volvo-penta-omc-4-3l-v6\/#primaryimage"},"thumbnailUrl":"https:\/\/i0.wp.com\/veneakselisto.com\/kauppa\/wp-content\/uploads\/2025\/10\/Volvo-Penta-4.3L.png?fit=500%2C500&ssl=1","datePublished":"2025-10-27T13:12:51+00:00","dateModified":"2026-04-07T22:52:04+00:00","description":"Pakosarja Volvo Penta\/OMC 4.3L V6. Tuotteen toimittaa aina edullinen Veneakselisto.com - Verkkokauppa - Venetarvikkeiden maahantuonti ja myynti.","breadcrumb":{"@id":"https:\/\/veneakselisto.com\/kauppa\/tuote\/pakosarja-volvo-penta-omc-4-3l-v6\/#breadcrumb"},"inLanguage":"fi","potentialAction":[{"@type":"ReadAction","target":["https:\/\/veneakselisto.com\/kauppa\/tuote\/pakosarja-volvo-penta-omc-4-3l-v6\/"]}]},{"@type":"ImageObject","inLanguage":"fi","@id":"https:\/\/veneakselisto.com\/kauppa\/tuote\/pakosarja-volvo-penta-omc-4-3l-v6\/#primaryimage","url":"https:\/\/i0.wp.com\/veneakselisto.com\/kauppa\/wp-content\/uploads\/2025\/10\/Volvo-Penta-4.3L.png?fit=500%2C500&ssl=1","contentUrl":"https:\/\/i0.wp.com\/veneakselisto.com\/kauppa\/wp-content\/uploads\/2025\/10\/Volvo-Penta-4.3L.png?fit=500%2C500&ssl=1","width":500,"height":500,"caption":"Volvo Penta-OMC-4.3L-Pakosarja-Veneakselisto.com"},{"@type":"BreadcrumbList","@id":"https:\/\/veneakselisto.com\/kauppa\/tuote\/pakosarja-volvo-penta-omc-4-3l-v6\/#breadcrumb","itemListElement":[{"@type":"ListItem","position":1,"name":"Etusivu","item":"https:\/\/veneakselisto.com\/kauppa\/"},{"@type":"ListItem","position":2,"name":"Kauppa","item":"https:\/\/veneakselisto.com\/kauppa\/"},{"@type":"ListItem","position":3,"name":"Pakosarja Volvo Penta\/OMC 4.3L V6"}]},{"@type":"WebSite","@id":"https:\/\/veneakselisto.com\/kauppa\/#website","url":"https:\/\/veneakselisto.com\/kauppa\/","name":"Veneakselisto.com - verkkokauppa","description":"Venetarvikkeiden maahantuonti ja myynti","publisher":{"@id":"https:\/\/veneakselisto.com\/kauppa\/#organization"},"potentialAction":[{"@type":"SearchAction","target":{"@type":"EntryPoint","urlTemplate":"https:\/\/veneakselisto.com\/kauppa\/?s={search_term_string}"},"query-input":{"@type":"PropertyValueSpecification","valueRequired":true,"valueName":"search_term_string"}}],"inLanguage":"fi"},{"@type":"Organization","@id":"https:\/\/veneakselisto.com\/kauppa\/#organization","name":"Veneakselisto.com verkkokauppa","url":"https:\/\/veneakselisto.com\/kauppa\/","logo":{"@type":"ImageObject","inLanguage":"fi","@id":"https:\/\/veneakselisto.com\/kauppa\/#\/schema\/logo\/image\/","url":"https:\/\/i2.wp.com\/veneakselisto.com\/kauppa\/wp-content\/uploads\/2016\/06\/fb_icon.jpg?fit=327%2C327&ssl=1","contentUrl":"https:\/\/i2.wp.com\/veneakselisto.com\/kauppa\/wp-content\/uploads\/2016\/06\/fb_icon.jpg?fit=327%2C327&ssl=1","width":327,"height":327,"caption":"Veneakselisto.com verkkokauppa"},"image":{"@id":"https:\/\/veneakselisto.com\/kauppa\/#\/schema\/logo\/image\/"},"sameAs":["https:\/\/www.facebook.com\/AlaMikkula\/"]}]}},"jetpack_publicize_connections":[],"jetpack_sharing_enabled":true,"_links":{"self":[{"href":"https:\/\/veneakselisto.com\/kauppa\/wp-json\/wp\/v2\/product\/23358","targetHints":{"allow":["GET"]}}],"collection":[{"href":"https:\/\/veneakselisto.com\/kauppa\/wp-json\/wp\/v2\/product"}],"about":[{"href":"https:\/\/veneakselisto.com\/kauppa\/wp-json\/wp\/v2\/types\/product"}],"replies":[{"embeddable":true,"href":"https:\/\/veneakselisto.com\/kauppa\/wp-json\/wp\/v2\/comments?post=23358"}],"wp:featuredmedia":[{"embeddable":true,"href":"https:\/\/veneakselisto.com\/kauppa\/wp-json\/wp\/v2\/media\/23359"}],"wp:attachment":[{"href":"https:\/\/veneakselisto.com\/kauppa\/wp-json\/wp\/v2\/media?parent=23358"}],"wp:term":[{"taxonomy":"product_brand","embeddable":true,"href":"https:\/\/veneakselisto.com\/kauppa\/wp-json\/wp\/v2\/product_brand?post=23358"},{"taxonomy":"product_cat","embeddable":true,"href":"https:\/\/veneakselisto.com\/kauppa\/wp-json\/wp\/v2\/product_cat?post=23358"},{"taxonomy":"product_tag","embeddable":true,"href":"https:\/\/veneakselisto.com\/kauppa\/wp-json\/wp\/v2\/product_tag?post=23358"}],"curies":[{"name":"wp","href":"https:\/\/api.w.org\/{rel}","templated":true}]}}