{"id":23325,"date":"2025-10-20T15:37:04","date_gmt":"2025-10-20T12:37:04","guid":{"rendered":"https:\/\/veneakselisto.com\/kauppa\/?post_type=product&#038;p=23325"},"modified":"2026-04-08T01:52:05","modified_gmt":"2026-04-07T22:52:05","slug":"pakokayra-volvo-penta-omc-v6-v8","status":"publish","type":"product","link":"https:\/\/veneakselisto.com\/kauppa\/tuote\/pakokayra-volvo-penta-omc-v6-v8\/","title":{"rendered":"Pakomutka Volvo Penta-OMC V6-V8"},"content":{"rendered":"<div class=\"wpb-content-wrapper\"><p>Pakok\u00e4yr\u00e4 Volvo Penta-OMC V6-V8<\/p>\n<p>Valmistaja Bar Marine<\/p>\n<p>Pakoputken l\u00e4ht\u00f6 7 asteen kulma<\/p>\n<p><span style=\"color: #ff0000;\">Sis\u00e4lt\u00e4\u00e4 kiinnitystarvikkeet<\/span><\/p>\n<p>OEM nr: 3863061 3862664 3850456 3855270 3855270-9 3857944 3857944-7<\/p>\n<p>Tehdas toimituksena 2-5pv normaalisti.<\/p>\n<p>Sopivuus:<\/p>\n<p>Volvo Penta malleihin:<\/p>\n<p>GM-lohko Volvo Penta 4.3, 5.7, 7.4, 8.1, 8.2L (262, 350, 454, 502, 1992+)<\/p>\n<p>Ford-lohko Volvo Penta 5.0, 5.8L (302, 351, 1993+)<\/p>\n<p>OMC malleihin:<\/p>\n<p>GM-lohko OMC 4.3, 5.7, 7.4, 8.1, 8.2L (262, 350, 454, 502, 1992+)<\/p>\n<p>Ford-lohko OMC 5.0, 5.8L (302, 351, 1993+)<\/p>\n<p>Ei Ford EFI moottoreihin.<\/p>\n<p>Volvo Penta merimoottorit.<\/p>\n<p>[\/vc_column_text][\/vc_column][\/vc_row][vc_row][vc_column][vc_column_text]Laadukkaat ja edulliset Bar Marine Volvo Penta -pakosarjat.<\/p>\n<p>Pakok\u00e4yr\u00e4 Volvo Penta-OMC V6-V8<\/p>\n<\/div>","protected":false},"excerpt":{"rendered":"<p>Pakok\u00e4yr\u00e4 Volvo Penta-OMC V6-V8<\/p>\n<p><span style=\"color: #ff0000;\">Sis\u00e4lt\u00e4\u00e4 kiinnitystarvikkeet<\/span><\/p>\n<p>Valmistaja Bar Marine<\/p>\n<p>OEM nr: 3863061 3862664 3850456 3855270 3855270-9 3857944 3857944-7<\/p>\n<p><span style=\"color: #ff0000;\">Tehdas toimituksena 2-5pv normaalisti.<\/span><\/p>\n<p>&nbsp;<\/p>\n<p>Volvo Penta merimoottorit.<\/p>\n","protected":false},"featured_media":23326,"comment_status":"open","ping_status":"closed","template":"","meta":{"jetpack_post_was_ever_published":false,"jetpack_publicize_message":"","jetpack_publicize_feature_enabled":true,"jetpack_social_post_already_shared":true,"jetpack_social_options":{"image_generator_settings":{"template":"highway","default_image_id":0,"font":"","enabled":false},"version":2}},"product_brand":[],"product_cat":[327],"product_tag":[267,266,274,273,248,228],"class_list":{"0":"post-23325","1":"product","2":"type-product","3":"status-publish","4":"has-post-thumbnail","6":"product_cat-volvo-penta-vara-huolto-osat-volvo-penta-vara-houlto-osat","7":"product_tag-huolto-osat","8":"product_tag-orbitrade-marine","9":"product_tag-pakokayra","10":"product_tag-pakosarja","11":"product_tag-penta","12":"product_tag-volvo","13":"brand-bar-marine","15":"first","16":"onbackorder","17":"taxable","18":"shipping-taxable","19":"purchasable","20":"product-type-simple"},"yoast_head":"<!-- This site is optimized with the Yoast SEO plugin v27.4 - https:\/\/yoast.com\/product\/yoast-seo-wordpress\/ -->\n<title>Pakok\u00e4yr\u00e4 Volvo Penta-OMC V6-V8 - Veneakselisto.com - verkkokauppa<\/title>\n<meta name=\"description\" content=\"Pakok\u00e4yr\u00e4 Volvo Penta-OMC V6-V8. Tuotteen toimittaa aina edullinen Veneakselisto.com - Verkkokauppa - Venetarvikkeiden maahantuonti ja myynti.\" \/>\n<meta name=\"robots\" content=\"index, follow, max-snippet:-1, max-image-preview:large, max-video-preview:-1\" \/>\n<link rel=\"canonical\" href=\"https:\/\/veneakselisto.com\/kauppa\/tuote\/pakokayra-volvo-penta-omc-v6-v8\/\" \/>\n<meta property=\"og:locale\" content=\"fi_FI\" \/>\n<meta property=\"og:type\" content=\"article\" \/>\n<meta property=\"og:title\" content=\"Pakok\u00e4yr\u00e4 Volvo Penta-OMC V6-V8 - Veneakselisto.com - verkkokauppa\" \/>\n<meta property=\"og:description\" content=\"Pakok\u00e4yr\u00e4 Volvo Penta-OMC V6-V8. Tuotteen toimittaa aina edullinen Veneakselisto.com - Verkkokauppa - Venetarvikkeiden maahantuonti ja myynti.\" \/>\n<meta property=\"og:url\" content=\"https:\/\/veneakselisto.com\/kauppa\/tuote\/pakokayra-volvo-penta-omc-v6-v8\/\" \/>\n<meta property=\"og:site_name\" content=\"Veneakselisto.com - verkkokauppa\" \/>\n<meta property=\"article:publisher\" content=\"https:\/\/www.facebook.com\/AlaMikkula\/\" \/>\n<meta property=\"article:modified_time\" content=\"2026-04-07T22:52:05+00:00\" \/>\n<meta property=\"og:image\" content=\"https:\/\/veneakselisto.com\/kauppa\/wp-content\/uploads\/2025\/10\/Pakokayra-OMC.webp\" \/>\n\t<meta property=\"og:image:width\" content=\"800\" \/>\n\t<meta property=\"og:image:height\" content=\"800\" \/>\n\t<meta property=\"og:image:type\" content=\"image\/webp\" \/>\n<meta name=\"twitter:card\" content=\"summary_large_image\" \/>\n<meta name=\"twitter:label1\" content=\"Arvioitu lukuaika\" \/>\n\t<meta name=\"twitter:data1\" content=\"1 minuutti\" \/>\n<script type=\"application\/ld+json\" class=\"yoast-schema-graph\">{\"@context\":\"https:\\\/\\\/schema.org\",\"@graph\":[{\"@type\":\"WebPage\",\"@id\":\"https:\\\/\\\/veneakselisto.com\\\/kauppa\\\/tuote\\\/pakokayra-volvo-penta-omc-v6-v8\\\/\",\"url\":\"https:\\\/\\\/veneakselisto.com\\\/kauppa\\\/tuote\\\/pakokayra-volvo-penta-omc-v6-v8\\\/\",\"name\":\"Pakok\u00e4yr\u00e4 Volvo Penta-OMC V6-V8 - Veneakselisto.com - verkkokauppa\",\"isPartOf\":{\"@id\":\"https:\\\/\\\/veneakselisto.com\\\/kauppa\\\/#website\"},\"primaryImageOfPage\":{\"@id\":\"https:\\\/\\\/veneakselisto.com\\\/kauppa\\\/tuote\\\/pakokayra-volvo-penta-omc-v6-v8\\\/#primaryimage\"},\"image\":{\"@id\":\"https:\\\/\\\/veneakselisto.com\\\/kauppa\\\/tuote\\\/pakokayra-volvo-penta-omc-v6-v8\\\/#primaryimage\"},\"thumbnailUrl\":\"https:\\\/\\\/i0.wp.com\\\/veneakselisto.com\\\/kauppa\\\/wp-content\\\/uploads\\\/2025\\\/10\\\/Pakokayra-OMC.webp?fit=800%2C800&ssl=1\",\"datePublished\":\"2025-10-20T12:37:04+00:00\",\"dateModified\":\"2026-04-07T22:52:05+00:00\",\"description\":\"Pakok\u00e4yr\u00e4 Volvo Penta-OMC V6-V8. Tuotteen toimittaa aina edullinen Veneakselisto.com - Verkkokauppa - Venetarvikkeiden maahantuonti ja myynti.\",\"breadcrumb\":{\"@id\":\"https:\\\/\\\/veneakselisto.com\\\/kauppa\\\/tuote\\\/pakokayra-volvo-penta-omc-v6-v8\\\/#breadcrumb\"},\"inLanguage\":\"fi\",\"potentialAction\":[{\"@type\":\"ReadAction\",\"target\":[\"https:\\\/\\\/veneakselisto.com\\\/kauppa\\\/tuote\\\/pakokayra-volvo-penta-omc-v6-v8\\\/\"]}]},{\"@type\":\"ImageObject\",\"inLanguage\":\"fi\",\"@id\":\"https:\\\/\\\/veneakselisto.com\\\/kauppa\\\/tuote\\\/pakokayra-volvo-penta-omc-v6-v8\\\/#primaryimage\",\"url\":\"https:\\\/\\\/i0.wp.com\\\/veneakselisto.com\\\/kauppa\\\/wp-content\\\/uploads\\\/2025\\\/10\\\/Pakokayra-OMC.webp?fit=800%2C800&ssl=1\",\"contentUrl\":\"https:\\\/\\\/i0.wp.com\\\/veneakselisto.com\\\/kauppa\\\/wp-content\\\/uploads\\\/2025\\\/10\\\/Pakokayra-OMC.webp?fit=800%2C800&ssl=1\",\"width\":800,\"height\":800,\"caption\":\"Pakomutka-Volvo Penta-OMC-Veneakselisto.com\"},{\"@type\":\"BreadcrumbList\",\"@id\":\"https:\\\/\\\/veneakselisto.com\\\/kauppa\\\/tuote\\\/pakokayra-volvo-penta-omc-v6-v8\\\/#breadcrumb\",\"itemListElement\":[{\"@type\":\"ListItem\",\"position\":1,\"name\":\"Etusivu\",\"item\":\"https:\\\/\\\/veneakselisto.com\\\/kauppa\\\/\"},{\"@type\":\"ListItem\",\"position\":2,\"name\":\"Kauppa\",\"item\":\"https:\\\/\\\/veneakselisto.com\\\/kauppa\\\/\"},{\"@type\":\"ListItem\",\"position\":3,\"name\":\"Pakomutka Volvo Penta-OMC V6-V8\"}]},{\"@type\":\"WebSite\",\"@id\":\"https:\\\/\\\/veneakselisto.com\\\/kauppa\\\/#website\",\"url\":\"https:\\\/\\\/veneakselisto.com\\\/kauppa\\\/\",\"name\":\"Veneakselisto.com - verkkokauppa\",\"description\":\"Venetarvikkeiden maahantuonti ja myynti\",\"publisher\":{\"@id\":\"https:\\\/\\\/veneakselisto.com\\\/kauppa\\\/#organization\"},\"potentialAction\":[{\"@type\":\"SearchAction\",\"target\":{\"@type\":\"EntryPoint\",\"urlTemplate\":\"https:\\\/\\\/veneakselisto.com\\\/kauppa\\\/?s={search_term_string}\"},\"query-input\":{\"@type\":\"PropertyValueSpecification\",\"valueRequired\":true,\"valueName\":\"search_term_string\"}}],\"inLanguage\":\"fi\"},{\"@type\":\"Organization\",\"@id\":\"https:\\\/\\\/veneakselisto.com\\\/kauppa\\\/#organization\",\"name\":\"Veneakselisto.com verkkokauppa\",\"url\":\"https:\\\/\\\/veneakselisto.com\\\/kauppa\\\/\",\"logo\":{\"@type\":\"ImageObject\",\"inLanguage\":\"fi\",\"@id\":\"https:\\\/\\\/veneakselisto.com\\\/kauppa\\\/#\\\/schema\\\/logo\\\/image\\\/\",\"url\":\"https:\\\/\\\/i2.wp.com\\\/veneakselisto.com\\\/kauppa\\\/wp-content\\\/uploads\\\/2016\\\/06\\\/fb_icon.jpg?fit=327%2C327&ssl=1\",\"contentUrl\":\"https:\\\/\\\/i2.wp.com\\\/veneakselisto.com\\\/kauppa\\\/wp-content\\\/uploads\\\/2016\\\/06\\\/fb_icon.jpg?fit=327%2C327&ssl=1\",\"width\":327,\"height\":327,\"caption\":\"Veneakselisto.com verkkokauppa\"},\"image\":{\"@id\":\"https:\\\/\\\/veneakselisto.com\\\/kauppa\\\/#\\\/schema\\\/logo\\\/image\\\/\"},\"sameAs\":[\"https:\\\/\\\/www.facebook.com\\\/AlaMikkula\\\/\"]}]}<\/script>\n<!-- \/ Yoast SEO plugin. -->","yoast_head_json":{"title":"Pakok\u00e4yr\u00e4 Volvo Penta-OMC V6-V8 - Veneakselisto.com - verkkokauppa","description":"Pakok\u00e4yr\u00e4 Volvo Penta-OMC V6-V8. Tuotteen toimittaa aina edullinen Veneakselisto.com - Verkkokauppa - Venetarvikkeiden maahantuonti ja myynti.","robots":{"index":"index","follow":"follow","max-snippet":"max-snippet:-1","max-image-preview":"max-image-preview:large","max-video-preview":"max-video-preview:-1"},"canonical":"https:\/\/veneakselisto.com\/kauppa\/tuote\/pakokayra-volvo-penta-omc-v6-v8\/","og_locale":"fi_FI","og_type":"article","og_title":"Pakok\u00e4yr\u00e4 Volvo Penta-OMC V6-V8 - Veneakselisto.com - verkkokauppa","og_description":"Pakok\u00e4yr\u00e4 Volvo Penta-OMC V6-V8. Tuotteen toimittaa aina edullinen Veneakselisto.com - Verkkokauppa - Venetarvikkeiden maahantuonti ja myynti.","og_url":"https:\/\/veneakselisto.com\/kauppa\/tuote\/pakokayra-volvo-penta-omc-v6-v8\/","og_site_name":"Veneakselisto.com - verkkokauppa","article_publisher":"https:\/\/www.facebook.com\/AlaMikkula\/","article_modified_time":"2026-04-07T22:52:05+00:00","og_image":[{"width":800,"height":800,"url":"https:\/\/veneakselisto.com\/kauppa\/wp-content\/uploads\/2025\/10\/Pakokayra-OMC.webp","type":"image\/webp"}],"twitter_card":"summary_large_image","twitter_misc":{"Arvioitu lukuaika":"1 minuutti"},"schema":{"@context":"https:\/\/schema.org","@graph":[{"@type":"WebPage","@id":"https:\/\/veneakselisto.com\/kauppa\/tuote\/pakokayra-volvo-penta-omc-v6-v8\/","url":"https:\/\/veneakselisto.com\/kauppa\/tuote\/pakokayra-volvo-penta-omc-v6-v8\/","name":"Pakok\u00e4yr\u00e4 Volvo Penta-OMC V6-V8 - Veneakselisto.com - verkkokauppa","isPartOf":{"@id":"https:\/\/veneakselisto.com\/kauppa\/#website"},"primaryImageOfPage":{"@id":"https:\/\/veneakselisto.com\/kauppa\/tuote\/pakokayra-volvo-penta-omc-v6-v8\/#primaryimage"},"image":{"@id":"https:\/\/veneakselisto.com\/kauppa\/tuote\/pakokayra-volvo-penta-omc-v6-v8\/#primaryimage"},"thumbnailUrl":"https:\/\/i0.wp.com\/veneakselisto.com\/kauppa\/wp-content\/uploads\/2025\/10\/Pakokayra-OMC.webp?fit=800%2C800&ssl=1","datePublished":"2025-10-20T12:37:04+00:00","dateModified":"2026-04-07T22:52:05+00:00","description":"Pakok\u00e4yr\u00e4 Volvo Penta-OMC V6-V8. Tuotteen toimittaa aina edullinen Veneakselisto.com - Verkkokauppa - Venetarvikkeiden maahantuonti ja myynti.","breadcrumb":{"@id":"https:\/\/veneakselisto.com\/kauppa\/tuote\/pakokayra-volvo-penta-omc-v6-v8\/#breadcrumb"},"inLanguage":"fi","potentialAction":[{"@type":"ReadAction","target":["https:\/\/veneakselisto.com\/kauppa\/tuote\/pakokayra-volvo-penta-omc-v6-v8\/"]}]},{"@type":"ImageObject","inLanguage":"fi","@id":"https:\/\/veneakselisto.com\/kauppa\/tuote\/pakokayra-volvo-penta-omc-v6-v8\/#primaryimage","url":"https:\/\/i0.wp.com\/veneakselisto.com\/kauppa\/wp-content\/uploads\/2025\/10\/Pakokayra-OMC.webp?fit=800%2C800&ssl=1","contentUrl":"https:\/\/i0.wp.com\/veneakselisto.com\/kauppa\/wp-content\/uploads\/2025\/10\/Pakokayra-OMC.webp?fit=800%2C800&ssl=1","width":800,"height":800,"caption":"Pakomutka-Volvo Penta-OMC-Veneakselisto.com"},{"@type":"BreadcrumbList","@id":"https:\/\/veneakselisto.com\/kauppa\/tuote\/pakokayra-volvo-penta-omc-v6-v8\/#breadcrumb","itemListElement":[{"@type":"ListItem","position":1,"name":"Etusivu","item":"https:\/\/veneakselisto.com\/kauppa\/"},{"@type":"ListItem","position":2,"name":"Kauppa","item":"https:\/\/veneakselisto.com\/kauppa\/"},{"@type":"ListItem","position":3,"name":"Pakomutka Volvo Penta-OMC V6-V8"}]},{"@type":"WebSite","@id":"https:\/\/veneakselisto.com\/kauppa\/#website","url":"https:\/\/veneakselisto.com\/kauppa\/","name":"Veneakselisto.com - verkkokauppa","description":"Venetarvikkeiden maahantuonti ja myynti","publisher":{"@id":"https:\/\/veneakselisto.com\/kauppa\/#organization"},"potentialAction":[{"@type":"SearchAction","target":{"@type":"EntryPoint","urlTemplate":"https:\/\/veneakselisto.com\/kauppa\/?s={search_term_string}"},"query-input":{"@type":"PropertyValueSpecification","valueRequired":true,"valueName":"search_term_string"}}],"inLanguage":"fi"},{"@type":"Organization","@id":"https:\/\/veneakselisto.com\/kauppa\/#organization","name":"Veneakselisto.com verkkokauppa","url":"https:\/\/veneakselisto.com\/kauppa\/","logo":{"@type":"ImageObject","inLanguage":"fi","@id":"https:\/\/veneakselisto.com\/kauppa\/#\/schema\/logo\/image\/","url":"https:\/\/i2.wp.com\/veneakselisto.com\/kauppa\/wp-content\/uploads\/2016\/06\/fb_icon.jpg?fit=327%2C327&ssl=1","contentUrl":"https:\/\/i2.wp.com\/veneakselisto.com\/kauppa\/wp-content\/uploads\/2016\/06\/fb_icon.jpg?fit=327%2C327&ssl=1","width":327,"height":327,"caption":"Veneakselisto.com verkkokauppa"},"image":{"@id":"https:\/\/veneakselisto.com\/kauppa\/#\/schema\/logo\/image\/"},"sameAs":["https:\/\/www.facebook.com\/AlaMikkula\/"]}]}},"jetpack_publicize_connections":[],"jetpack_sharing_enabled":true,"_links":{"self":[{"href":"https:\/\/veneakselisto.com\/kauppa\/wp-json\/wp\/v2\/product\/23325","targetHints":{"allow":["GET"]}}],"collection":[{"href":"https:\/\/veneakselisto.com\/kauppa\/wp-json\/wp\/v2\/product"}],"about":[{"href":"https:\/\/veneakselisto.com\/kauppa\/wp-json\/wp\/v2\/types\/product"}],"replies":[{"embeddable":true,"href":"https:\/\/veneakselisto.com\/kauppa\/wp-json\/wp\/v2\/comments?post=23325"}],"wp:featuredmedia":[{"embeddable":true,"href":"https:\/\/veneakselisto.com\/kauppa\/wp-json\/wp\/v2\/media\/23326"}],"wp:attachment":[{"href":"https:\/\/veneakselisto.com\/kauppa\/wp-json\/wp\/v2\/media?parent=23325"}],"wp:term":[{"taxonomy":"product_brand","embeddable":true,"href":"https:\/\/veneakselisto.com\/kauppa\/wp-json\/wp\/v2\/product_brand?post=23325"},{"taxonomy":"product_cat","embeddable":true,"href":"https:\/\/veneakselisto.com\/kauppa\/wp-json\/wp\/v2\/product_cat?post=23325"},{"taxonomy":"product_tag","embeddable":true,"href":"https:\/\/veneakselisto.com\/kauppa\/wp-json\/wp\/v2\/product_tag?post=23325"}],"curies":[{"name":"wp","href":"https:\/\/api.w.org\/{rel}","templated":true}]}}