{"id":230,"date":"2016-02-04T14:07:24","date_gmt":"2016-02-04T12:07:24","guid":{"rendered":"http:\/\/veneakselisto.com\/kauppa\/tuote\/bt-marine-kumilaakeri-komposiitti-30mm-1-75-120mm\/"},"modified":"2025-03-24T11:48:27","modified_gmt":"2025-03-24T09:48:27","slug":"bt-marine-kumilaakeri-komposiitti-30mm-1-75-120mm","status":"publish","type":"product","link":"https:\/\/veneakselisto.com\/kauppa\/tuote\/bt-marine-kumilaakeri-komposiitti-30mm-1-75-120mm\/","title":{"rendered":"30mm\/45mm Vetus Kumilaakeri Komposiitti"},"content":{"rendered":"<div class=\"wpb-content-wrapper\"><p>[vc_row][vc_column][vc_column_text]Bt Marine kumilaakeri Komposiitti<\/p>\n<p>Akselin halkaisija: 30mm<br \/>\nUlkomitta: 45<br \/>\nPituus: 120mm[\/vc_column_text][\/vc_column][\/vc_row]<\/p>\n<p>Laadukkaat Vetus kumilaakerit ovat hiottuja ja siksi ne tarjoavat hyv\u00e4n kulumiskeston. Kumin materiaali kest\u00e4\u00e4 \u00f6ljy\u00e4 ja kemikaaleja.<\/p>\n<p>Vesivoidellut kumilaakerit<\/p>\n<p>N\u00e4iden laakereiden kumiosa on polyuretaanikumia ja ulkoinen kuori on valmistettua joko messingist\u00e4 tai fenolihartsista.<br \/>\nFenolihartsinen kuori on kevyempi, ei sy\u00f6vy sek\u00e4 on helposti vaihdettavissa. Pronssi kuorinen on turvallinen vaihtoehto jos ep\u00e4ilee \u201dpes\u00e4n\u201d olevan esim. soikea. Suosittelemme pronsista ulkokuorta! Kumilaakerit saatavissa akseleille \u00d8 20-100 mm ja<br \/>\n1\u201d \u2013 \u00d8 4\u201d. VETUS kumilaakerit erikoistilauksesta my\u00f6s suuremmille akseleille tai erikoismittaisina.<\/p>\n<p>Jos et l\u00f6yd\u00e4 sopivaa ota yhteytt\u00e4 Veneakselistojen ammattilaiseen<\/p>\n<\/div>","protected":false},"excerpt":{"rendered":"<p>30mm\/45mm Vetus Kumilaakeri Komposiitti<\/p>\n<p>Akselin halkaisija:30mm<br \/>\nUlkomitta: 45mm<br \/>\nPituus: 120mm<\/p>\n","protected":false},"featured_media":18444,"comment_status":"open","ping_status":"closed","template":"","meta":{"jetpack_post_was_ever_published":false,"jetpack_publicize_message":"","jetpack_publicize_feature_enabled":true,"jetpack_social_post_already_shared":true,"jetpack_social_options":{"image_generator_settings":{"template":"highway","default_image_id":0,"font":"","enabled":false},"version":2}},"product_brand":[],"product_cat":[125],"product_tag":[88,83,84],"class_list":{"0":"post-230","1":"product","2":"type-product","3":"status-publish","4":"has-post-thumbnail","6":"product_cat-metric-mitoituksella","7":"product_tag-30mm","8":"product_tag-bt-marine","9":"product_tag-kumilaakeri","10":"brand-vetus","12":"first","13":"instock","14":"sale","15":"taxable","16":"shipping-taxable","17":"purchasable","18":"product-type-simple"},"yoast_head":"<!-- This site is optimized with the Yoast SEO plugin v27.3 - https:\/\/yoast.com\/product\/yoast-seo-wordpress\/ -->\n<title>30mm\/45mm BT Marine Kumilaakeri Komposiitti - Veneakselisto.com<\/title>\n<meta name=\"description\" content=\"30mm\/45mm BT Marine Kumilaakeri Komposiitti. Laadukkaat BT-Marine, Vetus ja Radice kumilaakerit edullisesti toimittaa Veneakselisto.com\" \/>\n<meta name=\"robots\" content=\"index, follow, max-snippet:-1, max-image-preview:large, max-video-preview:-1\" \/>\n<link rel=\"canonical\" href=\"https:\/\/veneakselisto.com\/kauppa\/tuote\/bt-marine-kumilaakeri-komposiitti-30mm-1-75-120mm\/\" \/>\n<meta property=\"og:locale\" content=\"fi_FI\" \/>\n<meta property=\"og:type\" content=\"article\" \/>\n<meta property=\"og:title\" content=\"30mm\/45mm BT Marine Kumilaakeri Komposiitti - Veneakselisto.com\" \/>\n<meta property=\"og:description\" content=\"30mm\/45mm BT Marine Kumilaakeri Komposiitti. Laadukkaat BT-Marine, Vetus ja Radice kumilaakerit edullisesti toimittaa Veneakselisto.com\" \/>\n<meta property=\"og:url\" content=\"https:\/\/veneakselisto.com\/kauppa\/tuote\/bt-marine-kumilaakeri-komposiitti-30mm-1-75-120mm\/\" \/>\n<meta property=\"og:site_name\" content=\"Veneakselisto.com - verkkokauppa\" \/>\n<meta property=\"article:publisher\" content=\"https:\/\/www.facebook.com\/AlaMikkula\/\" \/>\n<meta property=\"article:modified_time\" content=\"2025-03-24T09:48:27+00:00\" \/>\n<meta property=\"og:image\" content=\"https:\/\/veneakselisto.com\/kauppa\/wp-content\/uploads\/2015\/12\/Vetus-kumilaakeri.png\" \/>\n\t<meta property=\"og:image:width\" content=\"500\" \/>\n\t<meta property=\"og:image:height\" content=\"500\" \/>\n\t<meta property=\"og:image:type\" content=\"image\/png\" \/>\n<meta name=\"twitter:card\" content=\"summary_large_image\" \/>\n<meta name=\"twitter:label1\" content=\"Arvioitu lukuaika\" \/>\n\t<meta name=\"twitter:data1\" content=\"1 minuutti\" \/>\n<script type=\"application\/ld+json\" class=\"yoast-schema-graph\">{\"@context\":\"https:\\\/\\\/schema.org\",\"@graph\":[{\"@type\":\"WebPage\",\"@id\":\"https:\\\/\\\/veneakselisto.com\\\/kauppa\\\/tuote\\\/bt-marine-kumilaakeri-komposiitti-30mm-1-75-120mm\\\/\",\"url\":\"https:\\\/\\\/veneakselisto.com\\\/kauppa\\\/tuote\\\/bt-marine-kumilaakeri-komposiitti-30mm-1-75-120mm\\\/\",\"name\":\"30mm\\\/45mm BT Marine Kumilaakeri Komposiitti - Veneakselisto.com\",\"isPartOf\":{\"@id\":\"https:\\\/\\\/veneakselisto.com\\\/kauppa\\\/#website\"},\"primaryImageOfPage\":{\"@id\":\"https:\\\/\\\/veneakselisto.com\\\/kauppa\\\/tuote\\\/bt-marine-kumilaakeri-komposiitti-30mm-1-75-120mm\\\/#primaryimage\"},\"image\":{\"@id\":\"https:\\\/\\\/veneakselisto.com\\\/kauppa\\\/tuote\\\/bt-marine-kumilaakeri-komposiitti-30mm-1-75-120mm\\\/#primaryimage\"},\"thumbnailUrl\":\"https:\\\/\\\/i0.wp.com\\\/veneakselisto.com\\\/kauppa\\\/wp-content\\\/uploads\\\/2015\\\/12\\\/Vetus-kumilaakeri.png?fit=500%2C500&ssl=1\",\"datePublished\":\"2016-02-04T12:07:24+00:00\",\"dateModified\":\"2025-03-24T09:48:27+00:00\",\"description\":\"30mm\\\/45mm BT Marine Kumilaakeri Komposiitti. Laadukkaat BT-Marine, Vetus ja Radice kumilaakerit edullisesti toimittaa Veneakselisto.com\",\"breadcrumb\":{\"@id\":\"https:\\\/\\\/veneakselisto.com\\\/kauppa\\\/tuote\\\/bt-marine-kumilaakeri-komposiitti-30mm-1-75-120mm\\\/#breadcrumb\"},\"inLanguage\":\"fi\",\"potentialAction\":[{\"@type\":\"ReadAction\",\"target\":[\"https:\\\/\\\/veneakselisto.com\\\/kauppa\\\/tuote\\\/bt-marine-kumilaakeri-komposiitti-30mm-1-75-120mm\\\/\"]}]},{\"@type\":\"ImageObject\",\"inLanguage\":\"fi\",\"@id\":\"https:\\\/\\\/veneakselisto.com\\\/kauppa\\\/tuote\\\/bt-marine-kumilaakeri-komposiitti-30mm-1-75-120mm\\\/#primaryimage\",\"url\":\"https:\\\/\\\/i0.wp.com\\\/veneakselisto.com\\\/kauppa\\\/wp-content\\\/uploads\\\/2015\\\/12\\\/Vetus-kumilaakeri.png?fit=500%2C500&ssl=1\",\"contentUrl\":\"https:\\\/\\\/i0.wp.com\\\/veneakselisto.com\\\/kauppa\\\/wp-content\\\/uploads\\\/2015\\\/12\\\/Vetus-kumilaakeri.png?fit=500%2C500&ssl=1\",\"width\":500,\"height\":500,\"caption\":\"Vetus kumilaakeri-Potkuriakselin-kumilaakeri-Veneakselisto.com\"},{\"@type\":\"BreadcrumbList\",\"@id\":\"https:\\\/\\\/veneakselisto.com\\\/kauppa\\\/tuote\\\/bt-marine-kumilaakeri-komposiitti-30mm-1-75-120mm\\\/#breadcrumb\",\"itemListElement\":[{\"@type\":\"ListItem\",\"position\":1,\"name\":\"Etusivu\",\"item\":\"https:\\\/\\\/veneakselisto.com\\\/kauppa\\\/\"},{\"@type\":\"ListItem\",\"position\":2,\"name\":\"Kauppa\",\"item\":\"https:\\\/\\\/veneakselisto.com\\\/kauppa\\\/\"},{\"@type\":\"ListItem\",\"position\":3,\"name\":\"30mm\\\/45mm Vetus Kumilaakeri Komposiitti\"}]},{\"@type\":\"WebSite\",\"@id\":\"https:\\\/\\\/veneakselisto.com\\\/kauppa\\\/#website\",\"url\":\"https:\\\/\\\/veneakselisto.com\\\/kauppa\\\/\",\"name\":\"Veneakselisto.com - verkkokauppa\",\"description\":\"Venetarvikkeiden maahantuonti ja myynti\",\"publisher\":{\"@id\":\"https:\\\/\\\/veneakselisto.com\\\/kauppa\\\/#organization\"},\"potentialAction\":[{\"@type\":\"SearchAction\",\"target\":{\"@type\":\"EntryPoint\",\"urlTemplate\":\"https:\\\/\\\/veneakselisto.com\\\/kauppa\\\/?s={search_term_string}\"},\"query-input\":{\"@type\":\"PropertyValueSpecification\",\"valueRequired\":true,\"valueName\":\"search_term_string\"}}],\"inLanguage\":\"fi\"},{\"@type\":\"Organization\",\"@id\":\"https:\\\/\\\/veneakselisto.com\\\/kauppa\\\/#organization\",\"name\":\"Veneakselisto.com verkkokauppa\",\"url\":\"https:\\\/\\\/veneakselisto.com\\\/kauppa\\\/\",\"logo\":{\"@type\":\"ImageObject\",\"inLanguage\":\"fi\",\"@id\":\"https:\\\/\\\/veneakselisto.com\\\/kauppa\\\/#\\\/schema\\\/logo\\\/image\\\/\",\"url\":\"https:\\\/\\\/i2.wp.com\\\/veneakselisto.com\\\/kauppa\\\/wp-content\\\/uploads\\\/2016\\\/06\\\/fb_icon.jpg?fit=327%2C327&ssl=1\",\"contentUrl\":\"https:\\\/\\\/i2.wp.com\\\/veneakselisto.com\\\/kauppa\\\/wp-content\\\/uploads\\\/2016\\\/06\\\/fb_icon.jpg?fit=327%2C327&ssl=1\",\"width\":327,\"height\":327,\"caption\":\"Veneakselisto.com verkkokauppa\"},\"image\":{\"@id\":\"https:\\\/\\\/veneakselisto.com\\\/kauppa\\\/#\\\/schema\\\/logo\\\/image\\\/\"},\"sameAs\":[\"https:\\\/\\\/www.facebook.com\\\/AlaMikkula\\\/\"]}]}<\/script>\n<!-- \/ Yoast SEO plugin. -->","yoast_head_json":{"title":"30mm\/45mm BT Marine Kumilaakeri Komposiitti - Veneakselisto.com","description":"30mm\/45mm BT Marine Kumilaakeri Komposiitti. Laadukkaat BT-Marine, Vetus ja Radice kumilaakerit edullisesti toimittaa Veneakselisto.com","robots":{"index":"index","follow":"follow","max-snippet":"max-snippet:-1","max-image-preview":"max-image-preview:large","max-video-preview":"max-video-preview:-1"},"canonical":"https:\/\/veneakselisto.com\/kauppa\/tuote\/bt-marine-kumilaakeri-komposiitti-30mm-1-75-120mm\/","og_locale":"fi_FI","og_type":"article","og_title":"30mm\/45mm BT Marine Kumilaakeri Komposiitti - Veneakselisto.com","og_description":"30mm\/45mm BT Marine Kumilaakeri Komposiitti. Laadukkaat BT-Marine, Vetus ja Radice kumilaakerit edullisesti toimittaa Veneakselisto.com","og_url":"https:\/\/veneakselisto.com\/kauppa\/tuote\/bt-marine-kumilaakeri-komposiitti-30mm-1-75-120mm\/","og_site_name":"Veneakselisto.com - verkkokauppa","article_publisher":"https:\/\/www.facebook.com\/AlaMikkula\/","article_modified_time":"2025-03-24T09:48:27+00:00","og_image":[{"width":500,"height":500,"url":"https:\/\/veneakselisto.com\/kauppa\/wp-content\/uploads\/2015\/12\/Vetus-kumilaakeri.png","type":"image\/png"}],"twitter_card":"summary_large_image","twitter_misc":{"Arvioitu lukuaika":"1 minuutti"},"schema":{"@context":"https:\/\/schema.org","@graph":[{"@type":"WebPage","@id":"https:\/\/veneakselisto.com\/kauppa\/tuote\/bt-marine-kumilaakeri-komposiitti-30mm-1-75-120mm\/","url":"https:\/\/veneakselisto.com\/kauppa\/tuote\/bt-marine-kumilaakeri-komposiitti-30mm-1-75-120mm\/","name":"30mm\/45mm BT Marine Kumilaakeri Komposiitti - Veneakselisto.com","isPartOf":{"@id":"https:\/\/veneakselisto.com\/kauppa\/#website"},"primaryImageOfPage":{"@id":"https:\/\/veneakselisto.com\/kauppa\/tuote\/bt-marine-kumilaakeri-komposiitti-30mm-1-75-120mm\/#primaryimage"},"image":{"@id":"https:\/\/veneakselisto.com\/kauppa\/tuote\/bt-marine-kumilaakeri-komposiitti-30mm-1-75-120mm\/#primaryimage"},"thumbnailUrl":"https:\/\/i0.wp.com\/veneakselisto.com\/kauppa\/wp-content\/uploads\/2015\/12\/Vetus-kumilaakeri.png?fit=500%2C500&ssl=1","datePublished":"2016-02-04T12:07:24+00:00","dateModified":"2025-03-24T09:48:27+00:00","description":"30mm\/45mm BT Marine Kumilaakeri Komposiitti. Laadukkaat BT-Marine, Vetus ja Radice kumilaakerit edullisesti toimittaa Veneakselisto.com","breadcrumb":{"@id":"https:\/\/veneakselisto.com\/kauppa\/tuote\/bt-marine-kumilaakeri-komposiitti-30mm-1-75-120mm\/#breadcrumb"},"inLanguage":"fi","potentialAction":[{"@type":"ReadAction","target":["https:\/\/veneakselisto.com\/kauppa\/tuote\/bt-marine-kumilaakeri-komposiitti-30mm-1-75-120mm\/"]}]},{"@type":"ImageObject","inLanguage":"fi","@id":"https:\/\/veneakselisto.com\/kauppa\/tuote\/bt-marine-kumilaakeri-komposiitti-30mm-1-75-120mm\/#primaryimage","url":"https:\/\/i0.wp.com\/veneakselisto.com\/kauppa\/wp-content\/uploads\/2015\/12\/Vetus-kumilaakeri.png?fit=500%2C500&ssl=1","contentUrl":"https:\/\/i0.wp.com\/veneakselisto.com\/kauppa\/wp-content\/uploads\/2015\/12\/Vetus-kumilaakeri.png?fit=500%2C500&ssl=1","width":500,"height":500,"caption":"Vetus kumilaakeri-Potkuriakselin-kumilaakeri-Veneakselisto.com"},{"@type":"BreadcrumbList","@id":"https:\/\/veneakselisto.com\/kauppa\/tuote\/bt-marine-kumilaakeri-komposiitti-30mm-1-75-120mm\/#breadcrumb","itemListElement":[{"@type":"ListItem","position":1,"name":"Etusivu","item":"https:\/\/veneakselisto.com\/kauppa\/"},{"@type":"ListItem","position":2,"name":"Kauppa","item":"https:\/\/veneakselisto.com\/kauppa\/"},{"@type":"ListItem","position":3,"name":"30mm\/45mm Vetus Kumilaakeri Komposiitti"}]},{"@type":"WebSite","@id":"https:\/\/veneakselisto.com\/kauppa\/#website","url":"https:\/\/veneakselisto.com\/kauppa\/","name":"Veneakselisto.com - verkkokauppa","description":"Venetarvikkeiden maahantuonti ja myynti","publisher":{"@id":"https:\/\/veneakselisto.com\/kauppa\/#organization"},"potentialAction":[{"@type":"SearchAction","target":{"@type":"EntryPoint","urlTemplate":"https:\/\/veneakselisto.com\/kauppa\/?s={search_term_string}"},"query-input":{"@type":"PropertyValueSpecification","valueRequired":true,"valueName":"search_term_string"}}],"inLanguage":"fi"},{"@type":"Organization","@id":"https:\/\/veneakselisto.com\/kauppa\/#organization","name":"Veneakselisto.com verkkokauppa","url":"https:\/\/veneakselisto.com\/kauppa\/","logo":{"@type":"ImageObject","inLanguage":"fi","@id":"https:\/\/veneakselisto.com\/kauppa\/#\/schema\/logo\/image\/","url":"https:\/\/i2.wp.com\/veneakselisto.com\/kauppa\/wp-content\/uploads\/2016\/06\/fb_icon.jpg?fit=327%2C327&ssl=1","contentUrl":"https:\/\/i2.wp.com\/veneakselisto.com\/kauppa\/wp-content\/uploads\/2016\/06\/fb_icon.jpg?fit=327%2C327&ssl=1","width":327,"height":327,"caption":"Veneakselisto.com verkkokauppa"},"image":{"@id":"https:\/\/veneakselisto.com\/kauppa\/#\/schema\/logo\/image\/"},"sameAs":["https:\/\/www.facebook.com\/AlaMikkula\/"]}]}},"jetpack_publicize_connections":[],"jetpack_sharing_enabled":true,"_links":{"self":[{"href":"https:\/\/veneakselisto.com\/kauppa\/wp-json\/wp\/v2\/product\/230","targetHints":{"allow":["GET"]}}],"collection":[{"href":"https:\/\/veneakselisto.com\/kauppa\/wp-json\/wp\/v2\/product"}],"about":[{"href":"https:\/\/veneakselisto.com\/kauppa\/wp-json\/wp\/v2\/types\/product"}],"replies":[{"embeddable":true,"href":"https:\/\/veneakselisto.com\/kauppa\/wp-json\/wp\/v2\/comments?post=230"}],"wp:featuredmedia":[{"embeddable":true,"href":"https:\/\/veneakselisto.com\/kauppa\/wp-json\/wp\/v2\/media\/18444"}],"wp:attachment":[{"href":"https:\/\/veneakselisto.com\/kauppa\/wp-json\/wp\/v2\/media?parent=230"}],"wp:term":[{"taxonomy":"product_brand","embeddable":true,"href":"https:\/\/veneakselisto.com\/kauppa\/wp-json\/wp\/v2\/product_brand?post=230"},{"taxonomy":"product_cat","embeddable":true,"href":"https:\/\/veneakselisto.com\/kauppa\/wp-json\/wp\/v2\/product_cat?post=230"},{"taxonomy":"product_tag","embeddable":true,"href":"https:\/\/veneakselisto.com\/kauppa\/wp-json\/wp\/v2\/product_tag?post=230"}],"curies":[{"name":"wp","href":"https:\/\/api.w.org\/{rel}","templated":true}]}}