{"id":2294,"date":"2018-01-22T16:25:27","date_gmt":"2018-01-22T14:25:27","guid":{"rendered":"https:\/\/veneakselisto.com\/kauppa\/?post_type=product&#038;p=2294"},"modified":"2025-05-13T10:04:44","modified_gmt":"2025-05-13T07:04:44","slug":"oljynsuodatin-volvo-penta-d42-d43-d44-d300-d50-d60-d70-d100-d120","status":"publish","type":"product","link":"https:\/\/veneakselisto.com\/kauppa\/tuote\/oljynsuodatin-volvo-penta-d42-d43-d44-d300-d50-d60-d70-d100-d120\/","title":{"rendered":"\u00d6ljynsuodatin Volvo penta D42, D43, D44, D300, D50, D60, D70 D100, D120"},"content":{"rendered":"<div class=\"wpb-content-wrapper\"><p>[vc_row][vc_column][vc_column_text]<span class=\"im\"><span lang=\"EN-US\">\u00d6ljynsuodatin Volvo penta D42, D43, D44, D300, D50, D60, D70 D100, D120<\/span><\/span><\/p>\n<p>OEM nr: 423135, 4785974, 423135<\/p>\n<p>Sopivuus:<\/p>\n<p><strong>D42, D43, D44, D300, D50, D60, D70, D100, D120<\/strong><\/p>\n<p>KAD42A, KAD42B, KAD42P-A<\/p>\n<p>KAMD42A, KAMD42B, KAMD42P-A<\/p>\n<p>TAMD42B<\/p>\n<p>KAD43P-A, KAMD43P-A<\/p>\n<p>KAD44P-A, KAMD44P-A<\/p>\n<p>KAD44P-A, KAD44P-C<\/p>\n<p>KAMD44P-B, KAMD44P-C<\/p>\n<p>KAD300-A, KAMD300-A<\/p>\n<p>MD50A, MD50AK, TMD50A, TMD50AK<\/p>\n<p>TAMD60A, TAMD60B, TAMD60C<\/p>\n<p>TD60A, TD60B, TD60BG, TD60BPP<\/p>\n<p>TD60D, TD60D-83, TD60DG-83<\/p>\n<p>TD60DPP-83, TID60D, TID60DG<\/p>\n<p>AQD70B, AQD70C<\/p>\n<p>D70B, D70BK, D70CHC, D70CRC<\/p>\n<p>MD70A, MD70B, MD70BK, MD70C<\/p>\n<p>TAMD70B, TAMD70C<\/p>\n<p>TD70B, TD70CHC, TD70CRC<\/p>\n<p>TMD70A, TMD70AB, TMD70B, TMD70C<\/p>\n<p>D100A, D100AK, D100B, D100BHC<\/p>\n<p>D100BK, D100BRC<\/p>\n<p>MD100A, MD100B, MD100BCC<\/p>\n<p>MD100BK<\/p>\n<p>TD100A, TD100AG, TD100AHC<\/p>\n<p>TD100AK, TD100ARC<\/p>\n<p>TMD100A, TMD100ACC, TMD100AK<\/p>\n<p>D120A, D120AK<\/p>\n<p>MD120A, MD120AK<\/p>\n<p>TAD120AHC<\/p>\n<p>TAMD120A, TAMD120AK<\/p>\n<p>TD120A, TD120AG, TD120AGPP<\/p>\n<p>TD120AHC, TD120AK, TD120ARC<\/p>\n<p>TMD120A, TMD120ACC, TMD120AK<\/p>\n<p><strong>Ers\u00e4tter OEM nr:<\/strong> 423135, 4785974, 423135<\/p>\n<p>&nbsp;<\/p>\n<p>[\/vc_column_text][\/vc_column][\/vc_row][vc_row][vc_column][vc_column_text]Laadukkaat ja edulliset Orbitrade Marine Volvo Penta \u00f6ljynsuodattimet.<\/p>\n<p>Valmistusmaa Ruotsi.[\/vc_column_text][\/vc_column][\/vc_row]<\/p>\n<\/div>","protected":false},"excerpt":{"rendered":"<p><span class=\"im\"><span lang=\"EN-US\">\u00d6ljynsuodatin Volvo penta D42, D43, D44, D300, D50, D60, D70 D100, D120<\/span><\/span><\/p>\n<p>OEM nr: 423135, 4785974, 423135<\/p>\n","protected":false},"featured_media":14289,"comment_status":"open","ping_status":"closed","template":"","meta":{"jetpack_post_was_ever_published":false,"jetpack_publicize_message":"","jetpack_publicize_feature_enabled":true,"jetpack_social_post_already_shared":true,"jetpack_social_options":{"image_generator_settings":{"template":"highway","default_image_id":0,"font":"","enabled":false},"version":2}},"product_brand":[],"product_cat":[280,269],"product_tag":[267,252,266,324],"class_list":{"0":"post-2294","1":"product","2":"type-product","3":"status-publish","4":"has-post-thumbnail","6":"product_cat-volvo-penta-oljynsuodattimet","7":"product_cat-volvo-penta-varaosat-houlto-osat","8":"product_tag-huolto-osat","9":"product_tag-oljynsuodatin","10":"product_tag-orbitrade-marine","11":"product_tag-volvo-penta","13":"first","14":"instock","15":"sale","16":"taxable","17":"shipping-taxable","18":"purchasable","19":"product-type-simple"},"yoast_head":"<!-- This site is optimized with the Yoast SEO plugin v27.4 - https:\/\/yoast.com\/product\/yoast-seo-wordpress\/ -->\n<title>Volvo Penta \u00f6ljynsuodattimet - Veneakselisto.com-verkkokaupasta<\/title>\n<meta name=\"description\" content=\"Volvo Penta \u00f6ljynsuodattimet - kuten muutkin veneilyyn liittyv\u00e4t varaosat ja tarvikkeet - sinulle myy ja toimittaa Veneakselisto.com-verkkokauppa\" \/>\n<meta name=\"robots\" content=\"index, follow, max-snippet:-1, max-image-preview:large, max-video-preview:-1\" \/>\n<link rel=\"canonical\" href=\"https:\/\/veneakselisto.com\/kauppa\/tuote\/oljynsuodatin-volvo-penta-d42-d43-d44-d300-d50-d60-d70-d100-d120\/\" \/>\n<meta property=\"og:locale\" content=\"fi_FI\" \/>\n<meta property=\"og:type\" content=\"article\" \/>\n<meta property=\"og:title\" content=\"Volvo Penta \u00f6ljynsuodattimet - Veneakselisto.com-verkkokaupasta\" \/>\n<meta property=\"og:description\" content=\"Volvo Penta \u00f6ljynsuodattimet - kuten muutkin veneilyyn liittyv\u00e4t varaosat ja tarvikkeet - sinulle myy ja toimittaa Veneakselisto.com-verkkokauppa\" \/>\n<meta property=\"og:url\" content=\"https:\/\/veneakselisto.com\/kauppa\/tuote\/oljynsuodatin-volvo-penta-d42-d43-d44-d300-d50-d60-d70-d100-d120\/\" \/>\n<meta property=\"og:site_name\" content=\"Veneakselisto.com - verkkokauppa\" \/>\n<meta property=\"article:publisher\" content=\"https:\/\/www.facebook.com\/AlaMikkula\/\" \/>\n<meta property=\"article:modified_time\" content=\"2025-05-13T07:04:44+00:00\" \/>\n<meta property=\"og:image\" content=\"https:\/\/veneakselisto.com\/kauppa\/wp-content\/uploads\/2018\/01\/14974.png\" \/>\n\t<meta property=\"og:image:width\" content=\"500\" \/>\n\t<meta property=\"og:image:height\" content=\"500\" \/>\n\t<meta property=\"og:image:type\" content=\"image\/png\" \/>\n<meta name=\"twitter:card\" content=\"summary_large_image\" \/>\n<meta name=\"twitter:label1\" content=\"Arvioitu lukuaika\" \/>\n\t<meta name=\"twitter:data1\" content=\"1 minuutti\" \/>\n<script type=\"application\/ld+json\" class=\"yoast-schema-graph\">{\"@context\":\"https:\\\/\\\/schema.org\",\"@graph\":[{\"@type\":\"WebPage\",\"@id\":\"https:\\\/\\\/veneakselisto.com\\\/kauppa\\\/tuote\\\/oljynsuodatin-volvo-penta-d42-d43-d44-d300-d50-d60-d70-d100-d120\\\/\",\"url\":\"https:\\\/\\\/veneakselisto.com\\\/kauppa\\\/tuote\\\/oljynsuodatin-volvo-penta-d42-d43-d44-d300-d50-d60-d70-d100-d120\\\/\",\"name\":\"Volvo Penta \u00f6ljynsuodattimet - Veneakselisto.com-verkkokaupasta\",\"isPartOf\":{\"@id\":\"https:\\\/\\\/veneakselisto.com\\\/kauppa\\\/#website\"},\"primaryImageOfPage\":{\"@id\":\"https:\\\/\\\/veneakselisto.com\\\/kauppa\\\/tuote\\\/oljynsuodatin-volvo-penta-d42-d43-d44-d300-d50-d60-d70-d100-d120\\\/#primaryimage\"},\"image\":{\"@id\":\"https:\\\/\\\/veneakselisto.com\\\/kauppa\\\/tuote\\\/oljynsuodatin-volvo-penta-d42-d43-d44-d300-d50-d60-d70-d100-d120\\\/#primaryimage\"},\"thumbnailUrl\":\"https:\\\/\\\/i0.wp.com\\\/veneakselisto.com\\\/kauppa\\\/wp-content\\\/uploads\\\/2018\\\/01\\\/14974.png?fit=500%2C500&ssl=1\",\"datePublished\":\"2018-01-22T14:25:27+00:00\",\"dateModified\":\"2025-05-13T07:04:44+00:00\",\"description\":\"Volvo Penta \u00f6ljynsuodattimet - kuten muutkin veneilyyn liittyv\u00e4t varaosat ja tarvikkeet - sinulle myy ja toimittaa Veneakselisto.com-verkkokauppa\",\"breadcrumb\":{\"@id\":\"https:\\\/\\\/veneakselisto.com\\\/kauppa\\\/tuote\\\/oljynsuodatin-volvo-penta-d42-d43-d44-d300-d50-d60-d70-d100-d120\\\/#breadcrumb\"},\"inLanguage\":\"fi\",\"potentialAction\":[{\"@type\":\"ReadAction\",\"target\":[\"https:\\\/\\\/veneakselisto.com\\\/kauppa\\\/tuote\\\/oljynsuodatin-volvo-penta-d42-d43-d44-d300-d50-d60-d70-d100-d120\\\/\"]}]},{\"@type\":\"ImageObject\",\"inLanguage\":\"fi\",\"@id\":\"https:\\\/\\\/veneakselisto.com\\\/kauppa\\\/tuote\\\/oljynsuodatin-volvo-penta-d42-d43-d44-d300-d50-d60-d70-d100-d120\\\/#primaryimage\",\"url\":\"https:\\\/\\\/i0.wp.com\\\/veneakselisto.com\\\/kauppa\\\/wp-content\\\/uploads\\\/2018\\\/01\\\/14974.png?fit=500%2C500&ssl=1\",\"contentUrl\":\"https:\\\/\\\/i0.wp.com\\\/veneakselisto.com\\\/kauppa\\\/wp-content\\\/uploads\\\/2018\\\/01\\\/14974.png?fit=500%2C500&ssl=1\",\"width\":500,\"height\":500,\"caption\":\"Volvo penta varaosat. venetarvikkeiden maahantuonti ja myynti. Veneakselisto.com\"},{\"@type\":\"BreadcrumbList\",\"@id\":\"https:\\\/\\\/veneakselisto.com\\\/kauppa\\\/tuote\\\/oljynsuodatin-volvo-penta-d42-d43-d44-d300-d50-d60-d70-d100-d120\\\/#breadcrumb\",\"itemListElement\":[{\"@type\":\"ListItem\",\"position\":1,\"name\":\"Etusivu\",\"item\":\"https:\\\/\\\/veneakselisto.com\\\/kauppa\\\/\"},{\"@type\":\"ListItem\",\"position\":2,\"name\":\"Kauppa\",\"item\":\"https:\\\/\\\/veneakselisto.com\\\/kauppa\\\/\"},{\"@type\":\"ListItem\",\"position\":3,\"name\":\"\u00d6ljynsuodatin Volvo penta D42, D43, D44, D300, D50, D60, D70 D100, D120\"}]},{\"@type\":\"WebSite\",\"@id\":\"https:\\\/\\\/veneakselisto.com\\\/kauppa\\\/#website\",\"url\":\"https:\\\/\\\/veneakselisto.com\\\/kauppa\\\/\",\"name\":\"Veneakselisto.com - verkkokauppa\",\"description\":\"Venetarvikkeiden maahantuonti ja myynti\",\"publisher\":{\"@id\":\"https:\\\/\\\/veneakselisto.com\\\/kauppa\\\/#organization\"},\"potentialAction\":[{\"@type\":\"SearchAction\",\"target\":{\"@type\":\"EntryPoint\",\"urlTemplate\":\"https:\\\/\\\/veneakselisto.com\\\/kauppa\\\/?s={search_term_string}\"},\"query-input\":{\"@type\":\"PropertyValueSpecification\",\"valueRequired\":true,\"valueName\":\"search_term_string\"}}],\"inLanguage\":\"fi\"},{\"@type\":\"Organization\",\"@id\":\"https:\\\/\\\/veneakselisto.com\\\/kauppa\\\/#organization\",\"name\":\"Veneakselisto.com verkkokauppa\",\"url\":\"https:\\\/\\\/veneakselisto.com\\\/kauppa\\\/\",\"logo\":{\"@type\":\"ImageObject\",\"inLanguage\":\"fi\",\"@id\":\"https:\\\/\\\/veneakselisto.com\\\/kauppa\\\/#\\\/schema\\\/logo\\\/image\\\/\",\"url\":\"https:\\\/\\\/i2.wp.com\\\/veneakselisto.com\\\/kauppa\\\/wp-content\\\/uploads\\\/2016\\\/06\\\/fb_icon.jpg?fit=327%2C327&ssl=1\",\"contentUrl\":\"https:\\\/\\\/i2.wp.com\\\/veneakselisto.com\\\/kauppa\\\/wp-content\\\/uploads\\\/2016\\\/06\\\/fb_icon.jpg?fit=327%2C327&ssl=1\",\"width\":327,\"height\":327,\"caption\":\"Veneakselisto.com verkkokauppa\"},\"image\":{\"@id\":\"https:\\\/\\\/veneakselisto.com\\\/kauppa\\\/#\\\/schema\\\/logo\\\/image\\\/\"},\"sameAs\":[\"https:\\\/\\\/www.facebook.com\\\/AlaMikkula\\\/\"]}]}<\/script>\n<!-- \/ Yoast SEO plugin. -->","yoast_head_json":{"title":"Volvo Penta \u00f6ljynsuodattimet - Veneakselisto.com-verkkokaupasta","description":"Volvo Penta \u00f6ljynsuodattimet - kuten muutkin veneilyyn liittyv\u00e4t varaosat ja tarvikkeet - sinulle myy ja toimittaa Veneakselisto.com-verkkokauppa","robots":{"index":"index","follow":"follow","max-snippet":"max-snippet:-1","max-image-preview":"max-image-preview:large","max-video-preview":"max-video-preview:-1"},"canonical":"https:\/\/veneakselisto.com\/kauppa\/tuote\/oljynsuodatin-volvo-penta-d42-d43-d44-d300-d50-d60-d70-d100-d120\/","og_locale":"fi_FI","og_type":"article","og_title":"Volvo Penta \u00f6ljynsuodattimet - Veneakselisto.com-verkkokaupasta","og_description":"Volvo Penta \u00f6ljynsuodattimet - kuten muutkin veneilyyn liittyv\u00e4t varaosat ja tarvikkeet - sinulle myy ja toimittaa Veneakselisto.com-verkkokauppa","og_url":"https:\/\/veneakselisto.com\/kauppa\/tuote\/oljynsuodatin-volvo-penta-d42-d43-d44-d300-d50-d60-d70-d100-d120\/","og_site_name":"Veneakselisto.com - verkkokauppa","article_publisher":"https:\/\/www.facebook.com\/AlaMikkula\/","article_modified_time":"2025-05-13T07:04:44+00:00","og_image":[{"width":500,"height":500,"url":"https:\/\/veneakselisto.com\/kauppa\/wp-content\/uploads\/2018\/01\/14974.png","type":"image\/png"}],"twitter_card":"summary_large_image","twitter_misc":{"Arvioitu lukuaika":"1 minuutti"},"schema":{"@context":"https:\/\/schema.org","@graph":[{"@type":"WebPage","@id":"https:\/\/veneakselisto.com\/kauppa\/tuote\/oljynsuodatin-volvo-penta-d42-d43-d44-d300-d50-d60-d70-d100-d120\/","url":"https:\/\/veneakselisto.com\/kauppa\/tuote\/oljynsuodatin-volvo-penta-d42-d43-d44-d300-d50-d60-d70-d100-d120\/","name":"Volvo Penta \u00f6ljynsuodattimet - Veneakselisto.com-verkkokaupasta","isPartOf":{"@id":"https:\/\/veneakselisto.com\/kauppa\/#website"},"primaryImageOfPage":{"@id":"https:\/\/veneakselisto.com\/kauppa\/tuote\/oljynsuodatin-volvo-penta-d42-d43-d44-d300-d50-d60-d70-d100-d120\/#primaryimage"},"image":{"@id":"https:\/\/veneakselisto.com\/kauppa\/tuote\/oljynsuodatin-volvo-penta-d42-d43-d44-d300-d50-d60-d70-d100-d120\/#primaryimage"},"thumbnailUrl":"https:\/\/i0.wp.com\/veneakselisto.com\/kauppa\/wp-content\/uploads\/2018\/01\/14974.png?fit=500%2C500&ssl=1","datePublished":"2018-01-22T14:25:27+00:00","dateModified":"2025-05-13T07:04:44+00:00","description":"Volvo Penta \u00f6ljynsuodattimet - kuten muutkin veneilyyn liittyv\u00e4t varaosat ja tarvikkeet - sinulle myy ja toimittaa Veneakselisto.com-verkkokauppa","breadcrumb":{"@id":"https:\/\/veneakselisto.com\/kauppa\/tuote\/oljynsuodatin-volvo-penta-d42-d43-d44-d300-d50-d60-d70-d100-d120\/#breadcrumb"},"inLanguage":"fi","potentialAction":[{"@type":"ReadAction","target":["https:\/\/veneakselisto.com\/kauppa\/tuote\/oljynsuodatin-volvo-penta-d42-d43-d44-d300-d50-d60-d70-d100-d120\/"]}]},{"@type":"ImageObject","inLanguage":"fi","@id":"https:\/\/veneakselisto.com\/kauppa\/tuote\/oljynsuodatin-volvo-penta-d42-d43-d44-d300-d50-d60-d70-d100-d120\/#primaryimage","url":"https:\/\/i0.wp.com\/veneakselisto.com\/kauppa\/wp-content\/uploads\/2018\/01\/14974.png?fit=500%2C500&ssl=1","contentUrl":"https:\/\/i0.wp.com\/veneakselisto.com\/kauppa\/wp-content\/uploads\/2018\/01\/14974.png?fit=500%2C500&ssl=1","width":500,"height":500,"caption":"Volvo penta varaosat. venetarvikkeiden maahantuonti ja myynti. Veneakselisto.com"},{"@type":"BreadcrumbList","@id":"https:\/\/veneakselisto.com\/kauppa\/tuote\/oljynsuodatin-volvo-penta-d42-d43-d44-d300-d50-d60-d70-d100-d120\/#breadcrumb","itemListElement":[{"@type":"ListItem","position":1,"name":"Etusivu","item":"https:\/\/veneakselisto.com\/kauppa\/"},{"@type":"ListItem","position":2,"name":"Kauppa","item":"https:\/\/veneakselisto.com\/kauppa\/"},{"@type":"ListItem","position":3,"name":"\u00d6ljynsuodatin Volvo penta D42, D43, D44, D300, D50, D60, D70 D100, D120"}]},{"@type":"WebSite","@id":"https:\/\/veneakselisto.com\/kauppa\/#website","url":"https:\/\/veneakselisto.com\/kauppa\/","name":"Veneakselisto.com - verkkokauppa","description":"Venetarvikkeiden maahantuonti ja myynti","publisher":{"@id":"https:\/\/veneakselisto.com\/kauppa\/#organization"},"potentialAction":[{"@type":"SearchAction","target":{"@type":"EntryPoint","urlTemplate":"https:\/\/veneakselisto.com\/kauppa\/?s={search_term_string}"},"query-input":{"@type":"PropertyValueSpecification","valueRequired":true,"valueName":"search_term_string"}}],"inLanguage":"fi"},{"@type":"Organization","@id":"https:\/\/veneakselisto.com\/kauppa\/#organization","name":"Veneakselisto.com verkkokauppa","url":"https:\/\/veneakselisto.com\/kauppa\/","logo":{"@type":"ImageObject","inLanguage":"fi","@id":"https:\/\/veneakselisto.com\/kauppa\/#\/schema\/logo\/image\/","url":"https:\/\/i2.wp.com\/veneakselisto.com\/kauppa\/wp-content\/uploads\/2016\/06\/fb_icon.jpg?fit=327%2C327&ssl=1","contentUrl":"https:\/\/i2.wp.com\/veneakselisto.com\/kauppa\/wp-content\/uploads\/2016\/06\/fb_icon.jpg?fit=327%2C327&ssl=1","width":327,"height":327,"caption":"Veneakselisto.com verkkokauppa"},"image":{"@id":"https:\/\/veneakselisto.com\/kauppa\/#\/schema\/logo\/image\/"},"sameAs":["https:\/\/www.facebook.com\/AlaMikkula\/"]}]}},"jetpack_publicize_connections":[],"jetpack_sharing_enabled":true,"_links":{"self":[{"href":"https:\/\/veneakselisto.com\/kauppa\/wp-json\/wp\/v2\/product\/2294","targetHints":{"allow":["GET"]}}],"collection":[{"href":"https:\/\/veneakselisto.com\/kauppa\/wp-json\/wp\/v2\/product"}],"about":[{"href":"https:\/\/veneakselisto.com\/kauppa\/wp-json\/wp\/v2\/types\/product"}],"replies":[{"embeddable":true,"href":"https:\/\/veneakselisto.com\/kauppa\/wp-json\/wp\/v2\/comments?post=2294"}],"wp:featuredmedia":[{"embeddable":true,"href":"https:\/\/veneakselisto.com\/kauppa\/wp-json\/wp\/v2\/media\/14289"}],"wp:attachment":[{"href":"https:\/\/veneakselisto.com\/kauppa\/wp-json\/wp\/v2\/media?parent=2294"}],"wp:term":[{"taxonomy":"product_brand","embeddable":true,"href":"https:\/\/veneakselisto.com\/kauppa\/wp-json\/wp\/v2\/product_brand?post=2294"},{"taxonomy":"product_cat","embeddable":true,"href":"https:\/\/veneakselisto.com\/kauppa\/wp-json\/wp\/v2\/product_cat?post=2294"},{"taxonomy":"product_tag","embeddable":true,"href":"https:\/\/veneakselisto.com\/kauppa\/wp-json\/wp\/v2\/product_tag?post=2294"}],"curies":[{"name":"wp","href":"https:\/\/api.w.org\/{rel}","templated":true}]}}