{"id":22215,"date":"2025-05-22T15:34:56","date_gmt":"2025-05-22T12:34:56","guid":{"rendered":"https:\/\/veneakselisto.com\/kauppa\/?post_type=product&#038;p=22215"},"modified":"2025-10-16T13:07:09","modified_gmt":"2025-10-16T10:07:09","slug":"10-1-2x10-20-30-hv-suzuki-121-peramoottorin-potkuri","status":"publish","type":"product","link":"https:\/\/veneakselisto.com\/kauppa\/tuote\/10-1-2x10-20-30-hv-suzuki-121-peramoottorin-potkuri\/","title":{"rendered":"10 1\/2&#215;10 20-30 hv Suzuki 121 per\u00e4moottorin potkuri"},"content":{"rendered":"<p>10 1\/2&#215;10 20-30 hv Suzuki 121 per\u00e4moottorin potkuri<\/p>\n<p>Valmista MICHIGAN Vortex. Potkurissa irtokeski\u00f6 MIC121 JOKA KUULUU HINTAAN!<\/p>\n<p>Koko 10 1\/2 x 10<\/p>\n<p>10 rihlaa<\/p>\n<p>SOPIVUUS<\/p>\n<p>Suzuki<\/p>\n<p><i>MUST use Gearcase Adapter Ring supplied with propeller*<\/i><br \/>\n\u009510 Tooth Spline &#8211; 3\\ Gearcase &#8211; Thru Hub Exhaust &#8211; Hub Kit: 108-4-121 \/ 108-4-221<\/p>\n<p>DT 20 1987-88<br \/>\nDT 25 1985-86<br \/>\nDT 25 1987-88<br \/>\nDT 25C 1989-00<br \/>\nDF 25 4-Stroke (Inc. V-Twin) 2000-<br \/>\nDF 25R 2010-<br \/>\nDF 25A 2014-<br \/>\nDT 30 1987-97<br \/>\nDT 30C 1987-97<br \/>\nDF 30 4-Stroke 2000-07<br \/>\nDF 30A 2014-<\/p>\n<p>Suzuki potkuri.<\/p>\n<p>Hyv\u00e4 tiet\u00e4\u00e4 potkurin valinnassa.<\/p>\n<p>Selvit\u00e4 mik\u00e4 potkuri sinulla on nyt moottorissasi. Potkurin koko lukee potkurin navassa lapojen v\u00e4liss\u00e4 tai navan p\u00e4\u00e4ss\u00e4. Esim. 13 1\/4 x 17. Ensinm\u00e4inen numero on potkurin halkaisija ja j\u00e4lkinm\u00e4inen on potkurin nousu.<\/p>\n<p>Muutos potkurin nousussa voi lis\u00e4t\u00e4 tai v\u00e4hent\u00e4\u00e4 moottorin kierroslukua. Kahden tuuman (2\u201d) lis\u00e4ys tai v\u00e4hennys potkurin nousuun muuttaa moottorin kierroslukua noin +- 350 rpm. Tarkista my\u00f6s moottorinvalmistajan suosittelema kierroslukualue!<\/p>\n<p>Potkurimyyj\u00e4lle k\u00e4site \u201dvakiopotkuri\u201d on vaikea, sill\u00e4 kaikki potkurivalmistajan valikoimassa olevat potkurit ovat periaatteessa vakiopotkureita. Kahdessa t\u00e4ysin samanlaisessa veneess\u00e4, varustettuna saman tehoisilla moottoreilla, voi potkurit olla eri kokoiset mik\u00e4li veneit\u00e4 ajetaan eri kuormalla. Siksi on eritt\u00e4in t\u00e4rke\u00e4\u00e4 merkit\u00e4 muistiin potkurin koko ja suurin kierrosluku, jonka moottori saavuttaa sek\u00e4 veneen suurin nopeus.<\/p>\n<p>Moottorioston yhteydess\u00e4 moottorin kanssa on yleens\u00e4 toimitettu potkuri, jota kutsutaan \u201cvakiopotkuriksi\u201d. Kooltaan t\u00e4m\u00e4 potkuri on arvioitu sopivan mahdollisimman moneen moottori\/vene yhdistelm\u00e4\u00e4n. Vakiopotkuri ei siis aina ole paras vaihtoehto.<\/p>\n<p><strong>Alumiini vai ter\u00e4spotkuri?<\/strong> Useimmat veneet toimitetaan alumiinipotkurilla. Alumiinipotkurit ovat suhteellisen edullisia ja kest\u00e4v\u00e4t normaaliolosuhteissa useita vuosia. Ter\u00e4spotkurit ovat kalliimpia mutta paljon vahvempia ja kest\u00e4v\u00e4mpi\u00e4 kuin alumiinipotkurit. Jos kaipaat parempaa suorituskyky\u00e4 kuten huippunopeutta ja kiihtyvyytt\u00e4 kannattaa harkita ter\u00e4spotkurin hankintaa. 10 1\/8&#215;14 9.9-25hv Mercury Mariner 120 potkuri<\/p>\n<p>10 1\/2&#215;10 20-30 hv Suzuki 121 per\u00e4moottorin potkuri<\/p>\n","protected":false},"excerpt":{"rendered":"<p>10 1\/2&#215;10 20-30 hv Suzuki 121 per\u00e4moottorin potkuri<\/p>\n<p>Valmista MICHIGAN Vortex. Potkurissa irtokeski\u00f6 MIC121 JOKA KUULUU HINTAAN!<\/p>\n<p>Koko 10 1\/2 x 10<\/p>\n<p>10 rihlaa<\/p>\n<p>Valmistaja Polastorm<\/p>\n<p>SOPIVUUS<\/p>\n<p>Suzuki<br \/>\n20-30HP &#8211; 3 Gearcase &#8211; 10 tooth spline<\/p>\n<p>Katso tarkempi sopivuus alta.<\/p>\n<p>Verkkokauppatuote. Toimitusaika 2-4pv normaalisti.<\/p>\n","protected":false},"featured_media":9618,"comment_status":"open","ping_status":"closed","template":"","meta":{"jetpack_post_was_ever_published":false,"jetpack_publicize_message":"","jetpack_publicize_feature_enabled":true,"jetpack_social_post_already_shared":true,"jetpack_social_options":{"image_generator_settings":{"template":"highway","default_image_id":0,"font":"","enabled":false},"version":2}},"product_brand":[],"product_cat":[553,18,1225,557],"product_tag":[383,554,89,418],"class_list":{"0":"post-22215","1":"product","2":"type-product","3":"status-publish","4":"has-post-thumbnail","6":"product_cat-solas_polastorm_alumiinipotkurit","7":"product_cat-potkurit","8":"product_cat-suzuki_peramoottorin_potkuri-suzuki_peramoottorin_potkuri","9":"product_cat-suzuki_peramoottorin_potkuri","10":"product_tag-peramoottori","11":"product_tag-peramoottorinpotkuri","12":"product_tag-potkuri","13":"product_tag-suzuki","14":"brand-michigan","16":"first","17":"instock","18":"sale","19":"taxable","20":"shipping-taxable","21":"purchasable","22":"product-type-simple"},"yoast_head":"<!-- This site is optimized with the Yoast SEO plugin v27.4 - https:\/\/yoast.com\/product\/yoast-seo-wordpress\/ -->\n<title>10 1\/2x10 20-30 hv Suzuki 121 per\u00e4moottorin potkuri-Veneakselisto<\/title>\n<meta name=\"description\" content=\"10 1\/2x10 20-30 hv Suzuki 121 per\u00e4moottorin potkuri. Potkurit toimittaa erikoisliike Veneakselisto.com-Venetarvikkeiden maahantuonti ja myynti.\" \/>\n<meta name=\"robots\" content=\"index, follow, max-snippet:-1, max-image-preview:large, max-video-preview:-1\" \/>\n<link rel=\"canonical\" href=\"https:\/\/veneakselisto.com\/kauppa\/tuote\/10-1-2x10-20-30-hv-suzuki-121-peramoottorin-potkuri\/\" \/>\n<meta property=\"og:locale\" content=\"fi_FI\" \/>\n<meta property=\"og:type\" content=\"article\" \/>\n<meta property=\"og:title\" content=\"10 1\/2x10 20-30 hv Suzuki 121 per\u00e4moottorin potkuri-Veneakselisto\" \/>\n<meta property=\"og:description\" content=\"10 1\/2x10 20-30 hv Suzuki 121 per\u00e4moottorin potkuri. Potkurit toimittaa erikoisliike Veneakselisto.com-Venetarvikkeiden maahantuonti ja myynti.\" \/>\n<meta property=\"og:url\" content=\"https:\/\/veneakselisto.com\/kauppa\/tuote\/10-1-2x10-20-30-hv-suzuki-121-peramoottorin-potkuri\/\" \/>\n<meta property=\"og:site_name\" content=\"Veneakselisto.com - verkkokauppa\" \/>\n<meta property=\"article:publisher\" content=\"https:\/\/www.facebook.com\/AlaMikkula\/\" \/>\n<meta property=\"article:modified_time\" content=\"2025-10-16T10:07:09+00:00\" \/>\n<meta property=\"og:image\" content=\"https:\/\/veneakselisto.com\/kauppa\/wp-content\/uploads\/2021\/03\/Vortex-3-suzuki.png\" \/>\n\t<meta property=\"og:image:width\" content=\"500\" \/>\n\t<meta property=\"og:image:height\" content=\"500\" \/>\n\t<meta property=\"og:image:type\" content=\"image\/png\" \/>\n<meta name=\"twitter:card\" content=\"summary_large_image\" \/>\n<meta name=\"twitter:label1\" content=\"Arvioitu lukuaika\" \/>\n\t<meta name=\"twitter:data1\" content=\"2 minuuttia\" \/>\n<script type=\"application\/ld+json\" class=\"yoast-schema-graph\">{\"@context\":\"https:\\\/\\\/schema.org\",\"@graph\":[{\"@type\":\"WebPage\",\"@id\":\"https:\\\/\\\/veneakselisto.com\\\/kauppa\\\/tuote\\\/10-1-2x10-20-30-hv-suzuki-121-peramoottorin-potkuri\\\/\",\"url\":\"https:\\\/\\\/veneakselisto.com\\\/kauppa\\\/tuote\\\/10-1-2x10-20-30-hv-suzuki-121-peramoottorin-potkuri\\\/\",\"name\":\"10 1\\\/2x10 20-30 hv Suzuki 121 per\u00e4moottorin potkuri-Veneakselisto\",\"isPartOf\":{\"@id\":\"https:\\\/\\\/veneakselisto.com\\\/kauppa\\\/#website\"},\"primaryImageOfPage\":{\"@id\":\"https:\\\/\\\/veneakselisto.com\\\/kauppa\\\/tuote\\\/10-1-2x10-20-30-hv-suzuki-121-peramoottorin-potkuri\\\/#primaryimage\"},\"image\":{\"@id\":\"https:\\\/\\\/veneakselisto.com\\\/kauppa\\\/tuote\\\/10-1-2x10-20-30-hv-suzuki-121-peramoottorin-potkuri\\\/#primaryimage\"},\"thumbnailUrl\":\"https:\\\/\\\/i0.wp.com\\\/veneakselisto.com\\\/kauppa\\\/wp-content\\\/uploads\\\/2021\\\/03\\\/Vortex-3-suzuki.png?fit=500%2C500&ssl=1\",\"datePublished\":\"2025-05-22T12:34:56+00:00\",\"dateModified\":\"2025-10-16T10:07:09+00:00\",\"description\":\"10 1\\\/2x10 20-30 hv Suzuki 121 per\u00e4moottorin potkuri. Potkurit toimittaa erikoisliike Veneakselisto.com-Venetarvikkeiden maahantuonti ja myynti.\",\"breadcrumb\":{\"@id\":\"https:\\\/\\\/veneakselisto.com\\\/kauppa\\\/tuote\\\/10-1-2x10-20-30-hv-suzuki-121-peramoottorin-potkuri\\\/#breadcrumb\"},\"inLanguage\":\"fi\",\"potentialAction\":[{\"@type\":\"ReadAction\",\"target\":[\"https:\\\/\\\/veneakselisto.com\\\/kauppa\\\/tuote\\\/10-1-2x10-20-30-hv-suzuki-121-peramoottorin-potkuri\\\/\"]}]},{\"@type\":\"ImageObject\",\"inLanguage\":\"fi\",\"@id\":\"https:\\\/\\\/veneakselisto.com\\\/kauppa\\\/tuote\\\/10-1-2x10-20-30-hv-suzuki-121-peramoottorin-potkuri\\\/#primaryimage\",\"url\":\"https:\\\/\\\/i0.wp.com\\\/veneakselisto.com\\\/kauppa\\\/wp-content\\\/uploads\\\/2021\\\/03\\\/Vortex-3-suzuki.png?fit=500%2C500&ssl=1\",\"contentUrl\":\"https:\\\/\\\/i0.wp.com\\\/veneakselisto.com\\\/kauppa\\\/wp-content\\\/uploads\\\/2021\\\/03\\\/Vortex-3-suzuki.png?fit=500%2C500&ssl=1\",\"width\":500,\"height\":500,\"caption\":\"Suzuki per\u00e4moottorin potkurit toimittaa venetarvikkeiden erikoisliike-Veneakselisto.com\"},{\"@type\":\"BreadcrumbList\",\"@id\":\"https:\\\/\\\/veneakselisto.com\\\/kauppa\\\/tuote\\\/10-1-2x10-20-30-hv-suzuki-121-peramoottorin-potkuri\\\/#breadcrumb\",\"itemListElement\":[{\"@type\":\"ListItem\",\"position\":1,\"name\":\"Etusivu\",\"item\":\"https:\\\/\\\/veneakselisto.com\\\/kauppa\\\/\"},{\"@type\":\"ListItem\",\"position\":2,\"name\":\"Kauppa\",\"item\":\"https:\\\/\\\/veneakselisto.com\\\/kauppa\\\/\"},{\"@type\":\"ListItem\",\"position\":3,\"name\":\"10 1\\\/2&#215;10 20-30 hv Suzuki 121 per\u00e4moottorin potkuri\"}]},{\"@type\":\"WebSite\",\"@id\":\"https:\\\/\\\/veneakselisto.com\\\/kauppa\\\/#website\",\"url\":\"https:\\\/\\\/veneakselisto.com\\\/kauppa\\\/\",\"name\":\"Veneakselisto.com - verkkokauppa\",\"description\":\"Venetarvikkeiden maahantuonti ja myynti\",\"publisher\":{\"@id\":\"https:\\\/\\\/veneakselisto.com\\\/kauppa\\\/#organization\"},\"potentialAction\":[{\"@type\":\"SearchAction\",\"target\":{\"@type\":\"EntryPoint\",\"urlTemplate\":\"https:\\\/\\\/veneakselisto.com\\\/kauppa\\\/?s={search_term_string}\"},\"query-input\":{\"@type\":\"PropertyValueSpecification\",\"valueRequired\":true,\"valueName\":\"search_term_string\"}}],\"inLanguage\":\"fi\"},{\"@type\":\"Organization\",\"@id\":\"https:\\\/\\\/veneakselisto.com\\\/kauppa\\\/#organization\",\"name\":\"Veneakselisto.com verkkokauppa\",\"url\":\"https:\\\/\\\/veneakselisto.com\\\/kauppa\\\/\",\"logo\":{\"@type\":\"ImageObject\",\"inLanguage\":\"fi\",\"@id\":\"https:\\\/\\\/veneakselisto.com\\\/kauppa\\\/#\\\/schema\\\/logo\\\/image\\\/\",\"url\":\"https:\\\/\\\/i2.wp.com\\\/veneakselisto.com\\\/kauppa\\\/wp-content\\\/uploads\\\/2016\\\/06\\\/fb_icon.jpg?fit=327%2C327&ssl=1\",\"contentUrl\":\"https:\\\/\\\/i2.wp.com\\\/veneakselisto.com\\\/kauppa\\\/wp-content\\\/uploads\\\/2016\\\/06\\\/fb_icon.jpg?fit=327%2C327&ssl=1\",\"width\":327,\"height\":327,\"caption\":\"Veneakselisto.com verkkokauppa\"},\"image\":{\"@id\":\"https:\\\/\\\/veneakselisto.com\\\/kauppa\\\/#\\\/schema\\\/logo\\\/image\\\/\"},\"sameAs\":[\"https:\\\/\\\/www.facebook.com\\\/AlaMikkula\\\/\"]}]}<\/script>\n<!-- \/ Yoast SEO plugin. -->","yoast_head_json":{"title":"10 1\/2x10 20-30 hv Suzuki 121 per\u00e4moottorin potkuri-Veneakselisto","description":"10 1\/2x10 20-30 hv Suzuki 121 per\u00e4moottorin potkuri. Potkurit toimittaa erikoisliike Veneakselisto.com-Venetarvikkeiden maahantuonti ja myynti.","robots":{"index":"index","follow":"follow","max-snippet":"max-snippet:-1","max-image-preview":"max-image-preview:large","max-video-preview":"max-video-preview:-1"},"canonical":"https:\/\/veneakselisto.com\/kauppa\/tuote\/10-1-2x10-20-30-hv-suzuki-121-peramoottorin-potkuri\/","og_locale":"fi_FI","og_type":"article","og_title":"10 1\/2x10 20-30 hv Suzuki 121 per\u00e4moottorin potkuri-Veneakselisto","og_description":"10 1\/2x10 20-30 hv Suzuki 121 per\u00e4moottorin potkuri. Potkurit toimittaa erikoisliike Veneakselisto.com-Venetarvikkeiden maahantuonti ja myynti.","og_url":"https:\/\/veneakselisto.com\/kauppa\/tuote\/10-1-2x10-20-30-hv-suzuki-121-peramoottorin-potkuri\/","og_site_name":"Veneakselisto.com - verkkokauppa","article_publisher":"https:\/\/www.facebook.com\/AlaMikkula\/","article_modified_time":"2025-10-16T10:07:09+00:00","og_image":[{"width":500,"height":500,"url":"https:\/\/veneakselisto.com\/kauppa\/wp-content\/uploads\/2021\/03\/Vortex-3-suzuki.png","type":"image\/png"}],"twitter_card":"summary_large_image","twitter_misc":{"Arvioitu lukuaika":"2 minuuttia"},"schema":{"@context":"https:\/\/schema.org","@graph":[{"@type":"WebPage","@id":"https:\/\/veneakselisto.com\/kauppa\/tuote\/10-1-2x10-20-30-hv-suzuki-121-peramoottorin-potkuri\/","url":"https:\/\/veneakselisto.com\/kauppa\/tuote\/10-1-2x10-20-30-hv-suzuki-121-peramoottorin-potkuri\/","name":"10 1\/2x10 20-30 hv Suzuki 121 per\u00e4moottorin potkuri-Veneakselisto","isPartOf":{"@id":"https:\/\/veneakselisto.com\/kauppa\/#website"},"primaryImageOfPage":{"@id":"https:\/\/veneakselisto.com\/kauppa\/tuote\/10-1-2x10-20-30-hv-suzuki-121-peramoottorin-potkuri\/#primaryimage"},"image":{"@id":"https:\/\/veneakselisto.com\/kauppa\/tuote\/10-1-2x10-20-30-hv-suzuki-121-peramoottorin-potkuri\/#primaryimage"},"thumbnailUrl":"https:\/\/i0.wp.com\/veneakselisto.com\/kauppa\/wp-content\/uploads\/2021\/03\/Vortex-3-suzuki.png?fit=500%2C500&ssl=1","datePublished":"2025-05-22T12:34:56+00:00","dateModified":"2025-10-16T10:07:09+00:00","description":"10 1\/2x10 20-30 hv Suzuki 121 per\u00e4moottorin potkuri. Potkurit toimittaa erikoisliike Veneakselisto.com-Venetarvikkeiden maahantuonti ja myynti.","breadcrumb":{"@id":"https:\/\/veneakselisto.com\/kauppa\/tuote\/10-1-2x10-20-30-hv-suzuki-121-peramoottorin-potkuri\/#breadcrumb"},"inLanguage":"fi","potentialAction":[{"@type":"ReadAction","target":["https:\/\/veneakselisto.com\/kauppa\/tuote\/10-1-2x10-20-30-hv-suzuki-121-peramoottorin-potkuri\/"]}]},{"@type":"ImageObject","inLanguage":"fi","@id":"https:\/\/veneakselisto.com\/kauppa\/tuote\/10-1-2x10-20-30-hv-suzuki-121-peramoottorin-potkuri\/#primaryimage","url":"https:\/\/i0.wp.com\/veneakselisto.com\/kauppa\/wp-content\/uploads\/2021\/03\/Vortex-3-suzuki.png?fit=500%2C500&ssl=1","contentUrl":"https:\/\/i0.wp.com\/veneakselisto.com\/kauppa\/wp-content\/uploads\/2021\/03\/Vortex-3-suzuki.png?fit=500%2C500&ssl=1","width":500,"height":500,"caption":"Suzuki per\u00e4moottorin potkurit toimittaa venetarvikkeiden erikoisliike-Veneakselisto.com"},{"@type":"BreadcrumbList","@id":"https:\/\/veneakselisto.com\/kauppa\/tuote\/10-1-2x10-20-30-hv-suzuki-121-peramoottorin-potkuri\/#breadcrumb","itemListElement":[{"@type":"ListItem","position":1,"name":"Etusivu","item":"https:\/\/veneakselisto.com\/kauppa\/"},{"@type":"ListItem","position":2,"name":"Kauppa","item":"https:\/\/veneakselisto.com\/kauppa\/"},{"@type":"ListItem","position":3,"name":"10 1\/2&#215;10 20-30 hv Suzuki 121 per\u00e4moottorin potkuri"}]},{"@type":"WebSite","@id":"https:\/\/veneakselisto.com\/kauppa\/#website","url":"https:\/\/veneakselisto.com\/kauppa\/","name":"Veneakselisto.com - verkkokauppa","description":"Venetarvikkeiden maahantuonti ja myynti","publisher":{"@id":"https:\/\/veneakselisto.com\/kauppa\/#organization"},"potentialAction":[{"@type":"SearchAction","target":{"@type":"EntryPoint","urlTemplate":"https:\/\/veneakselisto.com\/kauppa\/?s={search_term_string}"},"query-input":{"@type":"PropertyValueSpecification","valueRequired":true,"valueName":"search_term_string"}}],"inLanguage":"fi"},{"@type":"Organization","@id":"https:\/\/veneakselisto.com\/kauppa\/#organization","name":"Veneakselisto.com verkkokauppa","url":"https:\/\/veneakselisto.com\/kauppa\/","logo":{"@type":"ImageObject","inLanguage":"fi","@id":"https:\/\/veneakselisto.com\/kauppa\/#\/schema\/logo\/image\/","url":"https:\/\/i2.wp.com\/veneakselisto.com\/kauppa\/wp-content\/uploads\/2016\/06\/fb_icon.jpg?fit=327%2C327&ssl=1","contentUrl":"https:\/\/i2.wp.com\/veneakselisto.com\/kauppa\/wp-content\/uploads\/2016\/06\/fb_icon.jpg?fit=327%2C327&ssl=1","width":327,"height":327,"caption":"Veneakselisto.com verkkokauppa"},"image":{"@id":"https:\/\/veneakselisto.com\/kauppa\/#\/schema\/logo\/image\/"},"sameAs":["https:\/\/www.facebook.com\/AlaMikkula\/"]}]}},"jetpack_publicize_connections":[],"jetpack_sharing_enabled":true,"_links":{"self":[{"href":"https:\/\/veneakselisto.com\/kauppa\/wp-json\/wp\/v2\/product\/22215","targetHints":{"allow":["GET"]}}],"collection":[{"href":"https:\/\/veneakselisto.com\/kauppa\/wp-json\/wp\/v2\/product"}],"about":[{"href":"https:\/\/veneakselisto.com\/kauppa\/wp-json\/wp\/v2\/types\/product"}],"replies":[{"embeddable":true,"href":"https:\/\/veneakselisto.com\/kauppa\/wp-json\/wp\/v2\/comments?post=22215"}],"wp:featuredmedia":[{"embeddable":true,"href":"https:\/\/veneakselisto.com\/kauppa\/wp-json\/wp\/v2\/media\/9618"}],"wp:attachment":[{"href":"https:\/\/veneakselisto.com\/kauppa\/wp-json\/wp\/v2\/media?parent=22215"}],"wp:term":[{"taxonomy":"product_brand","embeddable":true,"href":"https:\/\/veneakselisto.com\/kauppa\/wp-json\/wp\/v2\/product_brand?post=22215"},{"taxonomy":"product_cat","embeddable":true,"href":"https:\/\/veneakselisto.com\/kauppa\/wp-json\/wp\/v2\/product_cat?post=22215"},{"taxonomy":"product_tag","embeddable":true,"href":"https:\/\/veneakselisto.com\/kauppa\/wp-json\/wp\/v2\/product_tag?post=22215"}],"curies":[{"name":"wp","href":"https:\/\/api.w.org\/{rel}","templated":true}]}}