{"id":22212,"date":"2025-05-22T15:04:44","date_gmt":"2025-05-22T12:04:44","guid":{"rendered":"https:\/\/veneakselisto.com\/kauppa\/?post_type=product&#038;p=22212"},"modified":"2025-05-22T15:07:53","modified_gmt":"2025-05-22T12:07:53","slug":"10-1-8x13-9-9-25hv-mercury-mariner-120-potkuri","status":"publish","type":"product","link":"https:\/\/veneakselisto.com\/kauppa\/tuote\/10-1-8x13-9-9-25hv-mercury-mariner-120-potkuri\/","title":{"rendered":"10 1\/8&#215;13 9.9-25hv Mercury Mariner 120 potkuri"},"content":{"rendered":"<div>10 1\/8&#215;13 9.9-25hv Mercury Mariner 120 potkuri<\/div>\n<div><\/div>\n<div>Valmista MICHIGAN Vortex. Potkurissa irtokeski\u00f6 MIC120 JOKA KUULUU HINTAAN!<\/div>\n<div><\/div>\n<div>KOKO 10 1\/8 x 13<\/div>\n<div><\/div>\n<div>Rihloja 10<\/div>\n<div><\/div>\n<div>Sopivuus:<\/div>\n<div>\n<p><b>Mercury\/Mariner 9.9-25 HP<\/b><\/p>\n<p><i>*MUST use Gearcase Adapter Ring supplied with propeller*<\/i><br \/>\n\u009510 Tooth Spline &#8211; 3 Gearcase &#8211; Thru Hub Exhaust &#8211; Hub Kit: 108-4-120<br \/>\n9.9 HP 4-Stroke Bigfoot\/Sail 1999-05<br \/>\n15 HP 4-Stroke Bigfoot\/Sail 1999-05<br \/>\n18 HP (Mercury) 1980-85<br \/>\n20 HP 2-Stroke (Mercury) 1986-02<br \/>\n25 HP 2-Stroke (Mercury) 1980-05<br \/>\n25 HP 2-Stroke (Mariner) 1985-<br \/>\n25 HP (Sea Pro\/Marathon) All years<\/p>\n<\/div>\n<div>My\u00f6s muita kokoja&#8230;Kysy!<\/div>\n<div>\n<div>\n<div>\n<p>Hyv\u00e4 tiet\u00e4\u00e4 potkurin valinnassa.<\/p>\n<p>Selvit\u00e4 mik\u00e4 potkuri sinulla on nyt moottorissasi. Potkurin koko lukee potkurin navassa lapojen v\u00e4liss\u00e4 tai navan p\u00e4\u00e4ss\u00e4. Esim. 13 1\/4 x 17. Ensinm\u00e4inen numero on potkurin halkaisija ja j\u00e4lkinm\u00e4inen on potkurin nousu.<\/p>\n<p>Muutos potkurin nousussa voi lis\u00e4t\u00e4 tai v\u00e4hent\u00e4\u00e4 moottorin kierroslukua. Kahden tuuman (2\u201d) lis\u00e4ys tai v\u00e4hennys potkurin nousuun muuttaa moottorin kierroslukua noin +- 350 rpm. Tarkista my\u00f6s moottorinvalmistajan suosittelema kierroslukualue!<\/p>\n<p>Potkurimyyj\u00e4lle k\u00e4site \u201dvakiopotkuri\u201d on vaikea, sill\u00e4 kaikki potkurivalmistajan valikoimassa olevat potkurit ovat periaatteessa vakiopotkureita. Kahdessa t\u00e4ysin samanlaisessa veneess\u00e4, varustettuna saman tehoisilla moottoreilla, voi potkurit olla eri kokoiset mik\u00e4li veneit\u00e4 ajetaan eri kuormalla. Siksi on eritt\u00e4in t\u00e4rke\u00e4\u00e4 merkit\u00e4 muistiin potkurin koko ja suurin kierrosluku, jonka moottori saavuttaa sek\u00e4 veneen suurin nopeus.<\/p>\n<p>Moottorioston yhteydess\u00e4 moottorin kanssa on yleens\u00e4 toimitettu potkuri, jota kutsutaan \u201cvakiopotkuriksi\u201d. Kooltaan t\u00e4m\u00e4 potkuri on arvioitu sopivan mahdollisimman moneen moottori\/vene yhdistelm\u00e4\u00e4n. Vakiopotkuri ei siis aina ole paras vaihtoehto.<\/p>\n<p><strong>Alumiini vai ter\u00e4spotkuri?<\/strong> Useimmat veneet toimitetaan alumiinipotkurilla. Alumiinipotkurit ovat suhteellisen edullisia ja kest\u00e4v\u00e4t normaaliolosuhteissa useita vuosia. Ter\u00e4spotkurit ovat kalliimpia mutta paljon vahvempia ja kest\u00e4v\u00e4mpi\u00e4 kuin alumiinipotkurit. Jos kaipaat parempaa suorituskyky\u00e4 kuten huippunopeutta ja kiihtyvyytt\u00e4 kannattaa harkita ter\u00e4spotkurin hankintaa. 10 1\/8&#215;13 9.9-25hv Mercury Mariner 120 potkuri<\/p>\n<\/div>\n<\/div>\n<\/div>\n","protected":false},"excerpt":{"rendered":"<div>\n<div>\n<div>10 1\/8&#215;13 9.9-25hv Mercury Mariner 120 potkuri<\/div>\n<div><\/div>\n<div>Valmista MICHIGAN Vortex. Potkurissa irtokeski\u00f6 MIC120 JOKA KUULUU HINTAAN!<\/div>\n<\/div>\n<div><\/div>\n<div><span style=\"color: #ff0000;\"><strong>POISTOMYYNTI<\/strong><\/span><\/div>\n<div>\n<p>KOKO 10 1\/8&#215;13<\/p>\n<p>10 rihlaa<\/p>\n<div><b>Mercury\/Mariner 9.9-25 HP<\/b><\/div>\n<\/div>\n<\/div>\n<p>Katso tarkempi sopivuus alta.<\/p>\n<div class=\"std\">Verkkokauppa tuote. Toimitusaika 1-4pv normaalisti.<\/div>\n","protected":false},"featured_media":9629,"comment_status":"open","ping_status":"closed","template":"","meta":{"jetpack_post_was_ever_published":false,"jetpack_publicize_message":"","jetpack_publicize_feature_enabled":true,"jetpack_social_post_already_shared":true,"jetpack_social_options":{"image_generator_settings":{"template":"highway","default_image_id":0,"font":"","enabled":false},"version":2}},"product_brand":[],"product_cat":[331,1171,1250,553,18],"product_tag":[386,509,383,554,89],"class_list":{"0":"post-22212","1":"product","2":"type-product","3":"status-publish","4":"has-post-thumbnail","6":"product_cat-poistotuotteet_kaytetyt_venevaraosat_venetarvikkeet","7":"product_cat-mercury-mariner-peramoottorin-potkuri-peramoottorin_potkurit","8":"product_cat-mercury_potkuri","9":"product_cat-solas_polastorm_alumiinipotkurit","10":"product_cat-potkurit","11":"product_tag-mercury","12":"product_tag-mercury-mariner","13":"product_tag-peramoottori","14":"product_tag-peramoottorinpotkuri","15":"product_tag-potkuri","16":"brand-michigan","18":"first","19":"instock","20":"sale","21":"taxable","22":"shipping-taxable","23":"purchasable","24":"product-type-simple"},"yoast_head":"<!-- This site is optimized with the Yoast SEO plugin v27.3 - https:\/\/yoast.com\/product\/yoast-seo-wordpress\/ -->\n<title>10 1\/8x13 9.9-25hv Mercury Mariner 120 potkuri-Veneakselisto.com<\/title>\n<meta name=\"description\" content=\"10 1\/8x13 9.9-25hv Mercury Mariner 120 potkuri . Per\u00e4moottori potkurin toimittaa potkureiden erikoisliike Veneakselisto.com-Mercury potkuri\" \/>\n<meta name=\"robots\" content=\"index, follow, max-snippet:-1, max-image-preview:large, max-video-preview:-1\" \/>\n<link rel=\"canonical\" href=\"https:\/\/veneakselisto.com\/kauppa\/tuote\/10-1-8x13-9-9-25hv-mercury-mariner-120-potkuri\/\" \/>\n<meta property=\"og:locale\" content=\"fi_FI\" \/>\n<meta property=\"og:type\" content=\"article\" \/>\n<meta property=\"og:title\" content=\"10 1\/8x13 9.9-25hv Mercury Mariner 120 potkuri-Veneakselisto.com\" \/>\n<meta property=\"og:description\" content=\"10 1\/8x13 9.9-25hv Mercury Mariner 120 potkuri . Per\u00e4moottori potkurin toimittaa potkureiden erikoisliike Veneakselisto.com-Mercury potkuri\" \/>\n<meta property=\"og:url\" content=\"https:\/\/veneakselisto.com\/kauppa\/tuote\/10-1-8x13-9-9-25hv-mercury-mariner-120-potkuri\/\" \/>\n<meta property=\"og:site_name\" content=\"Veneakselisto.com - verkkokauppa\" \/>\n<meta property=\"article:publisher\" content=\"https:\/\/www.facebook.com\/AlaMikkula\/\" \/>\n<meta property=\"article:modified_time\" content=\"2025-05-22T12:07:53+00:00\" \/>\n<meta property=\"og:image\" content=\"https:\/\/veneakselisto.com\/kauppa\/wp-content\/uploads\/2021\/03\/Vortex-3-mercury.png\" \/>\n\t<meta property=\"og:image:width\" content=\"500\" \/>\n\t<meta property=\"og:image:height\" content=\"500\" \/>\n\t<meta property=\"og:image:type\" content=\"image\/png\" \/>\n<meta name=\"twitter:card\" content=\"summary_large_image\" \/>\n<meta name=\"twitter:label1\" content=\"Arvioitu lukuaika\" \/>\n\t<meta name=\"twitter:data1\" content=\"2 minuuttia\" \/>\n<script type=\"application\/ld+json\" class=\"yoast-schema-graph\">{\"@context\":\"https:\\\/\\\/schema.org\",\"@graph\":[{\"@type\":\"WebPage\",\"@id\":\"https:\\\/\\\/veneakselisto.com\\\/kauppa\\\/tuote\\\/10-1-8x13-9-9-25hv-mercury-mariner-120-potkuri\\\/\",\"url\":\"https:\\\/\\\/veneakselisto.com\\\/kauppa\\\/tuote\\\/10-1-8x13-9-9-25hv-mercury-mariner-120-potkuri\\\/\",\"name\":\"10 1\\\/8x13 9.9-25hv Mercury Mariner 120 potkuri-Veneakselisto.com\",\"isPartOf\":{\"@id\":\"https:\\\/\\\/veneakselisto.com\\\/kauppa\\\/#website\"},\"primaryImageOfPage\":{\"@id\":\"https:\\\/\\\/veneakselisto.com\\\/kauppa\\\/tuote\\\/10-1-8x13-9-9-25hv-mercury-mariner-120-potkuri\\\/#primaryimage\"},\"image\":{\"@id\":\"https:\\\/\\\/veneakselisto.com\\\/kauppa\\\/tuote\\\/10-1-8x13-9-9-25hv-mercury-mariner-120-potkuri\\\/#primaryimage\"},\"thumbnailUrl\":\"https:\\\/\\\/i0.wp.com\\\/veneakselisto.com\\\/kauppa\\\/wp-content\\\/uploads\\\/2021\\\/03\\\/Vortex-3-mercury.png?fit=500%2C500&ssl=1\",\"datePublished\":\"2025-05-22T12:04:44+00:00\",\"dateModified\":\"2025-05-22T12:07:53+00:00\",\"description\":\"10 1\\\/8x13 9.9-25hv Mercury Mariner 120 potkuri . Per\u00e4moottori potkurin toimittaa potkureiden erikoisliike Veneakselisto.com-Mercury potkuri\",\"breadcrumb\":{\"@id\":\"https:\\\/\\\/veneakselisto.com\\\/kauppa\\\/tuote\\\/10-1-8x13-9-9-25hv-mercury-mariner-120-potkuri\\\/#breadcrumb\"},\"inLanguage\":\"fi\",\"potentialAction\":[{\"@type\":\"ReadAction\",\"target\":[\"https:\\\/\\\/veneakselisto.com\\\/kauppa\\\/tuote\\\/10-1-8x13-9-9-25hv-mercury-mariner-120-potkuri\\\/\"]}]},{\"@type\":\"ImageObject\",\"inLanguage\":\"fi\",\"@id\":\"https:\\\/\\\/veneakselisto.com\\\/kauppa\\\/tuote\\\/10-1-8x13-9-9-25hv-mercury-mariner-120-potkuri\\\/#primaryimage\",\"url\":\"https:\\\/\\\/i0.wp.com\\\/veneakselisto.com\\\/kauppa\\\/wp-content\\\/uploads\\\/2021\\\/03\\\/Vortex-3-mercury.png?fit=500%2C500&ssl=1\",\"contentUrl\":\"https:\\\/\\\/i0.wp.com\\\/veneakselisto.com\\\/kauppa\\\/wp-content\\\/uploads\\\/2021\\\/03\\\/Vortex-3-mercury.png?fit=500%2C500&ssl=1\",\"width\":500,\"height\":500,\"caption\":\"Evinrude-Johnson-per\u00e4moottorin potkurit toimittaa venetarvikkeiden erikoisliike-Veneakselisto.com\"},{\"@type\":\"BreadcrumbList\",\"@id\":\"https:\\\/\\\/veneakselisto.com\\\/kauppa\\\/tuote\\\/10-1-8x13-9-9-25hv-mercury-mariner-120-potkuri\\\/#breadcrumb\",\"itemListElement\":[{\"@type\":\"ListItem\",\"position\":1,\"name\":\"Etusivu\",\"item\":\"https:\\\/\\\/veneakselisto.com\\\/kauppa\\\/\"},{\"@type\":\"ListItem\",\"position\":2,\"name\":\"Kauppa\",\"item\":\"https:\\\/\\\/veneakselisto.com\\\/kauppa\\\/\"},{\"@type\":\"ListItem\",\"position\":3,\"name\":\"10 1\\\/8&#215;13 9.9-25hv Mercury Mariner 120 potkuri\"}]},{\"@type\":\"WebSite\",\"@id\":\"https:\\\/\\\/veneakselisto.com\\\/kauppa\\\/#website\",\"url\":\"https:\\\/\\\/veneakselisto.com\\\/kauppa\\\/\",\"name\":\"Veneakselisto.com - verkkokauppa\",\"description\":\"Venetarvikkeiden maahantuonti ja myynti\",\"publisher\":{\"@id\":\"https:\\\/\\\/veneakselisto.com\\\/kauppa\\\/#organization\"},\"potentialAction\":[{\"@type\":\"SearchAction\",\"target\":{\"@type\":\"EntryPoint\",\"urlTemplate\":\"https:\\\/\\\/veneakselisto.com\\\/kauppa\\\/?s={search_term_string}\"},\"query-input\":{\"@type\":\"PropertyValueSpecification\",\"valueRequired\":true,\"valueName\":\"search_term_string\"}}],\"inLanguage\":\"fi\"},{\"@type\":\"Organization\",\"@id\":\"https:\\\/\\\/veneakselisto.com\\\/kauppa\\\/#organization\",\"name\":\"Veneakselisto.com verkkokauppa\",\"url\":\"https:\\\/\\\/veneakselisto.com\\\/kauppa\\\/\",\"logo\":{\"@type\":\"ImageObject\",\"inLanguage\":\"fi\",\"@id\":\"https:\\\/\\\/veneakselisto.com\\\/kauppa\\\/#\\\/schema\\\/logo\\\/image\\\/\",\"url\":\"https:\\\/\\\/i2.wp.com\\\/veneakselisto.com\\\/kauppa\\\/wp-content\\\/uploads\\\/2016\\\/06\\\/fb_icon.jpg?fit=327%2C327&ssl=1\",\"contentUrl\":\"https:\\\/\\\/i2.wp.com\\\/veneakselisto.com\\\/kauppa\\\/wp-content\\\/uploads\\\/2016\\\/06\\\/fb_icon.jpg?fit=327%2C327&ssl=1\",\"width\":327,\"height\":327,\"caption\":\"Veneakselisto.com verkkokauppa\"},\"image\":{\"@id\":\"https:\\\/\\\/veneakselisto.com\\\/kauppa\\\/#\\\/schema\\\/logo\\\/image\\\/\"},\"sameAs\":[\"https:\\\/\\\/www.facebook.com\\\/AlaMikkula\\\/\"]}]}<\/script>\n<!-- \/ Yoast SEO plugin. -->","yoast_head_json":{"title":"10 1\/8x13 9.9-25hv Mercury Mariner 120 potkuri-Veneakselisto.com","description":"10 1\/8x13 9.9-25hv Mercury Mariner 120 potkuri . Per\u00e4moottori potkurin toimittaa potkureiden erikoisliike Veneakselisto.com-Mercury potkuri","robots":{"index":"index","follow":"follow","max-snippet":"max-snippet:-1","max-image-preview":"max-image-preview:large","max-video-preview":"max-video-preview:-1"},"canonical":"https:\/\/veneakselisto.com\/kauppa\/tuote\/10-1-8x13-9-9-25hv-mercury-mariner-120-potkuri\/","og_locale":"fi_FI","og_type":"article","og_title":"10 1\/8x13 9.9-25hv Mercury Mariner 120 potkuri-Veneakselisto.com","og_description":"10 1\/8x13 9.9-25hv Mercury Mariner 120 potkuri . Per\u00e4moottori potkurin toimittaa potkureiden erikoisliike Veneakselisto.com-Mercury potkuri","og_url":"https:\/\/veneakselisto.com\/kauppa\/tuote\/10-1-8x13-9-9-25hv-mercury-mariner-120-potkuri\/","og_site_name":"Veneakselisto.com - verkkokauppa","article_publisher":"https:\/\/www.facebook.com\/AlaMikkula\/","article_modified_time":"2025-05-22T12:07:53+00:00","og_image":[{"width":500,"height":500,"url":"https:\/\/veneakselisto.com\/kauppa\/wp-content\/uploads\/2021\/03\/Vortex-3-mercury.png","type":"image\/png"}],"twitter_card":"summary_large_image","twitter_misc":{"Arvioitu lukuaika":"2 minuuttia"},"schema":{"@context":"https:\/\/schema.org","@graph":[{"@type":"WebPage","@id":"https:\/\/veneakselisto.com\/kauppa\/tuote\/10-1-8x13-9-9-25hv-mercury-mariner-120-potkuri\/","url":"https:\/\/veneakselisto.com\/kauppa\/tuote\/10-1-8x13-9-9-25hv-mercury-mariner-120-potkuri\/","name":"10 1\/8x13 9.9-25hv Mercury Mariner 120 potkuri-Veneakselisto.com","isPartOf":{"@id":"https:\/\/veneakselisto.com\/kauppa\/#website"},"primaryImageOfPage":{"@id":"https:\/\/veneakselisto.com\/kauppa\/tuote\/10-1-8x13-9-9-25hv-mercury-mariner-120-potkuri\/#primaryimage"},"image":{"@id":"https:\/\/veneakselisto.com\/kauppa\/tuote\/10-1-8x13-9-9-25hv-mercury-mariner-120-potkuri\/#primaryimage"},"thumbnailUrl":"https:\/\/i0.wp.com\/veneakselisto.com\/kauppa\/wp-content\/uploads\/2021\/03\/Vortex-3-mercury.png?fit=500%2C500&ssl=1","datePublished":"2025-05-22T12:04:44+00:00","dateModified":"2025-05-22T12:07:53+00:00","description":"10 1\/8x13 9.9-25hv Mercury Mariner 120 potkuri . Per\u00e4moottori potkurin toimittaa potkureiden erikoisliike Veneakselisto.com-Mercury potkuri","breadcrumb":{"@id":"https:\/\/veneakselisto.com\/kauppa\/tuote\/10-1-8x13-9-9-25hv-mercury-mariner-120-potkuri\/#breadcrumb"},"inLanguage":"fi","potentialAction":[{"@type":"ReadAction","target":["https:\/\/veneakselisto.com\/kauppa\/tuote\/10-1-8x13-9-9-25hv-mercury-mariner-120-potkuri\/"]}]},{"@type":"ImageObject","inLanguage":"fi","@id":"https:\/\/veneakselisto.com\/kauppa\/tuote\/10-1-8x13-9-9-25hv-mercury-mariner-120-potkuri\/#primaryimage","url":"https:\/\/i0.wp.com\/veneakselisto.com\/kauppa\/wp-content\/uploads\/2021\/03\/Vortex-3-mercury.png?fit=500%2C500&ssl=1","contentUrl":"https:\/\/i0.wp.com\/veneakselisto.com\/kauppa\/wp-content\/uploads\/2021\/03\/Vortex-3-mercury.png?fit=500%2C500&ssl=1","width":500,"height":500,"caption":"Evinrude-Johnson-per\u00e4moottorin potkurit toimittaa venetarvikkeiden erikoisliike-Veneakselisto.com"},{"@type":"BreadcrumbList","@id":"https:\/\/veneakselisto.com\/kauppa\/tuote\/10-1-8x13-9-9-25hv-mercury-mariner-120-potkuri\/#breadcrumb","itemListElement":[{"@type":"ListItem","position":1,"name":"Etusivu","item":"https:\/\/veneakselisto.com\/kauppa\/"},{"@type":"ListItem","position":2,"name":"Kauppa","item":"https:\/\/veneakselisto.com\/kauppa\/"},{"@type":"ListItem","position":3,"name":"10 1\/8&#215;13 9.9-25hv Mercury Mariner 120 potkuri"}]},{"@type":"WebSite","@id":"https:\/\/veneakselisto.com\/kauppa\/#website","url":"https:\/\/veneakselisto.com\/kauppa\/","name":"Veneakselisto.com - verkkokauppa","description":"Venetarvikkeiden maahantuonti ja myynti","publisher":{"@id":"https:\/\/veneakselisto.com\/kauppa\/#organization"},"potentialAction":[{"@type":"SearchAction","target":{"@type":"EntryPoint","urlTemplate":"https:\/\/veneakselisto.com\/kauppa\/?s={search_term_string}"},"query-input":{"@type":"PropertyValueSpecification","valueRequired":true,"valueName":"search_term_string"}}],"inLanguage":"fi"},{"@type":"Organization","@id":"https:\/\/veneakselisto.com\/kauppa\/#organization","name":"Veneakselisto.com verkkokauppa","url":"https:\/\/veneakselisto.com\/kauppa\/","logo":{"@type":"ImageObject","inLanguage":"fi","@id":"https:\/\/veneakselisto.com\/kauppa\/#\/schema\/logo\/image\/","url":"https:\/\/i2.wp.com\/veneakselisto.com\/kauppa\/wp-content\/uploads\/2016\/06\/fb_icon.jpg?fit=327%2C327&ssl=1","contentUrl":"https:\/\/i2.wp.com\/veneakselisto.com\/kauppa\/wp-content\/uploads\/2016\/06\/fb_icon.jpg?fit=327%2C327&ssl=1","width":327,"height":327,"caption":"Veneakselisto.com verkkokauppa"},"image":{"@id":"https:\/\/veneakselisto.com\/kauppa\/#\/schema\/logo\/image\/"},"sameAs":["https:\/\/www.facebook.com\/AlaMikkula\/"]}]}},"jetpack_publicize_connections":[],"jetpack_sharing_enabled":true,"_links":{"self":[{"href":"https:\/\/veneakselisto.com\/kauppa\/wp-json\/wp\/v2\/product\/22212","targetHints":{"allow":["GET"]}}],"collection":[{"href":"https:\/\/veneakselisto.com\/kauppa\/wp-json\/wp\/v2\/product"}],"about":[{"href":"https:\/\/veneakselisto.com\/kauppa\/wp-json\/wp\/v2\/types\/product"}],"replies":[{"embeddable":true,"href":"https:\/\/veneakselisto.com\/kauppa\/wp-json\/wp\/v2\/comments?post=22212"}],"wp:featuredmedia":[{"embeddable":true,"href":"https:\/\/veneakselisto.com\/kauppa\/wp-json\/wp\/v2\/media\/9629"}],"wp:attachment":[{"href":"https:\/\/veneakselisto.com\/kauppa\/wp-json\/wp\/v2\/media?parent=22212"}],"wp:term":[{"taxonomy":"product_brand","embeddable":true,"href":"https:\/\/veneakselisto.com\/kauppa\/wp-json\/wp\/v2\/product_brand?post=22212"},{"taxonomy":"product_cat","embeddable":true,"href":"https:\/\/veneakselisto.com\/kauppa\/wp-json\/wp\/v2\/product_cat?post=22212"},{"taxonomy":"product_tag","embeddable":true,"href":"https:\/\/veneakselisto.com\/kauppa\/wp-json\/wp\/v2\/product_tag?post=22212"}],"curies":[{"name":"wp","href":"https:\/\/api.w.org\/{rel}","templated":true}]}}