{"id":22157,"date":"2025-05-21T12:12:27","date_gmt":"2025-05-21T09:12:27","guid":{"rendered":"https:\/\/veneakselisto.com\/kauppa\/?post_type=product&#038;p=22157"},"modified":"2025-05-21T12:24:29","modified_gmt":"2025-05-21T09:24:29","slug":"25mm-kaasutiivis-septiletku-sanipomp","status":"publish","type":"product","link":"https:\/\/veneakselisto.com\/kauppa\/tuote\/25mm-kaasutiivis-septiletku-sanipomp\/","title":{"rendered":"25mm Kaasutiivis septiletku Sanipomp"},"content":{"rendered":"<div class=\"wpb-content-wrapper\"><p>25mm Kaasutiivis septiletku Sanipomp<\/p>\n<p>Myyd\u00e4n metreitt\u00e4in<\/p>\n<p><strong>Hardwall-sile\u00e4pintainen kumiletku, eritt\u00e4in joustava, suunniteltu septiasennuksiin veneisiin<\/strong><br \/>\nSen p\u00e4\u00e4asiallinen etu on rajoittaa hajujen levi\u00e4mist\u00e4 vessan viem\u00e4reist\u00e4.<\/p>\n<p>Eritt\u00e4in taipuisa ja kovasein\u00e4inen kumiletku metallikierteell\u00e4 (musta aluskerros). Suunniteltu venek\u00e4ym\u00e4l\u00e4n viem\u00e4riputkeksi. Vaalean kumiletkun sis\u00e4puoli pinnoitettu butylill\u00e4, jolla on maksimaalinen vedenpit\u00e4vyys.<\/p>\n<p>Letku myyd\u00e4\u00e4n metreitt\u00e4in, eli 1 kpl ostoskorissa on 1m letkua.[\/vc_column_text][\/vc_column][\/vc_row]<\/p>\n<\/div>","protected":false},"excerpt":{"rendered":"<p>25mm Kaasutiivis septiletku Sanipomp<\/p>\n<p><strong><span style=\"color: #ff0000;\">POISTOMYYNTI<\/span><\/strong><\/p>\n<p>Myyd\u00e4n metreitt\u00e4in<\/p>\n<p><strong>Hardwall-sile\u00e4pintainen kumiletku, eritt\u00e4in joustava, suunniteltu septiasennuksiin veneisiin<\/strong><br \/>\nSen p\u00e4\u00e4asiallinen etu on rajoittaa hajujen levi\u00e4mist\u00e4 vessan viem\u00e4reist\u00e4.<\/p>\n<p>Letku myyd\u00e4\u00e4n metreitt\u00e4in, eli 1 kpl ostoskorissa on 1m letkua.<\/p>\n","protected":false},"featured_media":22158,"comment_status":"open","ping_status":"closed","template":"","meta":{"jetpack_post_was_ever_published":false,"jetpack_publicize_message":"","jetpack_publicize_feature_enabled":true,"jetpack_social_post_already_shared":true,"jetpack_social_options":{"image_generator_settings":{"template":"highway","default_image_id":0,"font":"","enabled":false},"version":2}},"product_brand":[],"product_cat":[1063,58,331,142,432,1076],"product_tag":[433],"class_list":{"0":"post-22157","1":"product","2":"type-product","3":"status-publish","4":"has-post-thumbnail","6":"product_cat-vetus-septitankki-jatevesijarjestelma","7":"product_cat-jatevesipumput-ja-tarvikkeet","8":"product_cat-poistotuotteet_kaytetyt_venevaraosat_venetarvikkeet","9":"product_cat-vesi-ja-wc-jarjestelmat","10":"product_cat-septiletkut","11":"product_cat-kaasutiivis-septiletku","12":"product_tag-septiletku","14":"first","15":"instock","16":"sale","17":"taxable","18":"shipping-taxable","19":"purchasable","20":"product-type-simple"},"yoast_head":"<!-- This site is optimized with the Yoast SEO plugin v27.3 - https:\/\/yoast.com\/product\/yoast-seo-wordpress\/ -->\n<title>25mm Kaasutiivis septiletku - Veneakselisto.com - verkkokauppa<\/title>\n<meta name=\"description\" content=\"25mm Kaasutiivis septiletku. Tuotteen toimittaa aina edullinen Veneakselisto.com - Verkkokauppa - Venetarvikkeiden maahantuonti ja myynti.\" \/>\n<meta name=\"robots\" content=\"index, follow, max-snippet:-1, max-image-preview:large, max-video-preview:-1\" \/>\n<link rel=\"canonical\" href=\"https:\/\/veneakselisto.com\/kauppa\/tuote\/25mm-kaasutiivis-septiletku-sanipomp\/\" \/>\n<meta property=\"og:locale\" content=\"fi_FI\" \/>\n<meta property=\"og:type\" content=\"article\" \/>\n<meta property=\"og:title\" content=\"25mm Kaasutiivis septiletku - Veneakselisto.com - verkkokauppa\" \/>\n<meta property=\"og:description\" content=\"25mm Kaasutiivis septiletku. Tuotteen toimittaa aina edullinen Veneakselisto.com - Verkkokauppa - Venetarvikkeiden maahantuonti ja myynti.\" \/>\n<meta property=\"og:url\" content=\"https:\/\/veneakselisto.com\/kauppa\/tuote\/25mm-kaasutiivis-septiletku-sanipomp\/\" \/>\n<meta property=\"og:site_name\" content=\"Veneakselisto.com - verkkokauppa\" \/>\n<meta property=\"article:publisher\" content=\"https:\/\/www.facebook.com\/AlaMikkula\/\" \/>\n<meta property=\"article:modified_time\" content=\"2025-05-21T09:24:29+00:00\" \/>\n<meta property=\"og:image\" content=\"https:\/\/veneakselisto.com\/kauppa\/wp-content\/uploads\/2025\/05\/Sanipomp-saniteettiletku-25mm.jpg\" \/>\n\t<meta property=\"og:image:width\" content=\"500\" \/>\n\t<meta property=\"og:image:height\" content=\"500\" \/>\n\t<meta property=\"og:image:type\" content=\"image\/jpeg\" \/>\n<meta name=\"twitter:card\" content=\"summary_large_image\" \/>\n<meta name=\"twitter:label1\" content=\"Arvioitu lukuaika\" \/>\n\t<meta name=\"twitter:data1\" content=\"1 minuutti\" \/>\n<script type=\"application\/ld+json\" class=\"yoast-schema-graph\">{\"@context\":\"https:\\\/\\\/schema.org\",\"@graph\":[{\"@type\":\"WebPage\",\"@id\":\"https:\\\/\\\/veneakselisto.com\\\/kauppa\\\/tuote\\\/25mm-kaasutiivis-septiletku-sanipomp\\\/\",\"url\":\"https:\\\/\\\/veneakselisto.com\\\/kauppa\\\/tuote\\\/25mm-kaasutiivis-septiletku-sanipomp\\\/\",\"name\":\"25mm Kaasutiivis septiletku - Veneakselisto.com - verkkokauppa\",\"isPartOf\":{\"@id\":\"https:\\\/\\\/veneakselisto.com\\\/kauppa\\\/#website\"},\"primaryImageOfPage\":{\"@id\":\"https:\\\/\\\/veneakselisto.com\\\/kauppa\\\/tuote\\\/25mm-kaasutiivis-septiletku-sanipomp\\\/#primaryimage\"},\"image\":{\"@id\":\"https:\\\/\\\/veneakselisto.com\\\/kauppa\\\/tuote\\\/25mm-kaasutiivis-septiletku-sanipomp\\\/#primaryimage\"},\"thumbnailUrl\":\"https:\\\/\\\/i0.wp.com\\\/veneakselisto.com\\\/kauppa\\\/wp-content\\\/uploads\\\/2025\\\/05\\\/Sanipomp-saniteettiletku-25mm.jpg?fit=500%2C500&ssl=1\",\"datePublished\":\"2025-05-21T09:12:27+00:00\",\"dateModified\":\"2025-05-21T09:24:29+00:00\",\"description\":\"25mm Kaasutiivis septiletku. Tuotteen toimittaa aina edullinen Veneakselisto.com - Verkkokauppa - Venetarvikkeiden maahantuonti ja myynti.\",\"breadcrumb\":{\"@id\":\"https:\\\/\\\/veneakselisto.com\\\/kauppa\\\/tuote\\\/25mm-kaasutiivis-septiletku-sanipomp\\\/#breadcrumb\"},\"inLanguage\":\"fi\",\"potentialAction\":[{\"@type\":\"ReadAction\",\"target\":[\"https:\\\/\\\/veneakselisto.com\\\/kauppa\\\/tuote\\\/25mm-kaasutiivis-septiletku-sanipomp\\\/\"]}]},{\"@type\":\"ImageObject\",\"inLanguage\":\"fi\",\"@id\":\"https:\\\/\\\/veneakselisto.com\\\/kauppa\\\/tuote\\\/25mm-kaasutiivis-septiletku-sanipomp\\\/#primaryimage\",\"url\":\"https:\\\/\\\/i0.wp.com\\\/veneakselisto.com\\\/kauppa\\\/wp-content\\\/uploads\\\/2025\\\/05\\\/Sanipomp-saniteettiletku-25mm.jpg?fit=500%2C500&ssl=1\",\"contentUrl\":\"https:\\\/\\\/i0.wp.com\\\/veneakselisto.com\\\/kauppa\\\/wp-content\\\/uploads\\\/2025\\\/05\\\/Sanipomp-saniteettiletku-25mm.jpg?fit=500%2C500&ssl=1\",\"width\":500,\"height\":500,\"caption\":\"Septiletku venetarvikkeiden erikoisliikkeest\u00e4-Veneakselisto.com -verkkokaupasta\"},{\"@type\":\"BreadcrumbList\",\"@id\":\"https:\\\/\\\/veneakselisto.com\\\/kauppa\\\/tuote\\\/25mm-kaasutiivis-septiletku-sanipomp\\\/#breadcrumb\",\"itemListElement\":[{\"@type\":\"ListItem\",\"position\":1,\"name\":\"Etusivu\",\"item\":\"https:\\\/\\\/veneakselisto.com\\\/kauppa\\\/\"},{\"@type\":\"ListItem\",\"position\":2,\"name\":\"Kauppa\",\"item\":\"https:\\\/\\\/veneakselisto.com\\\/kauppa\\\/\"},{\"@type\":\"ListItem\",\"position\":3,\"name\":\"25mm Kaasutiivis septiletku Sanipomp\"}]},{\"@type\":\"WebSite\",\"@id\":\"https:\\\/\\\/veneakselisto.com\\\/kauppa\\\/#website\",\"url\":\"https:\\\/\\\/veneakselisto.com\\\/kauppa\\\/\",\"name\":\"Veneakselisto.com - verkkokauppa\",\"description\":\"Venetarvikkeiden maahantuonti ja myynti\",\"publisher\":{\"@id\":\"https:\\\/\\\/veneakselisto.com\\\/kauppa\\\/#organization\"},\"potentialAction\":[{\"@type\":\"SearchAction\",\"target\":{\"@type\":\"EntryPoint\",\"urlTemplate\":\"https:\\\/\\\/veneakselisto.com\\\/kauppa\\\/?s={search_term_string}\"},\"query-input\":{\"@type\":\"PropertyValueSpecification\",\"valueRequired\":true,\"valueName\":\"search_term_string\"}}],\"inLanguage\":\"fi\"},{\"@type\":\"Organization\",\"@id\":\"https:\\\/\\\/veneakselisto.com\\\/kauppa\\\/#organization\",\"name\":\"Veneakselisto.com verkkokauppa\",\"url\":\"https:\\\/\\\/veneakselisto.com\\\/kauppa\\\/\",\"logo\":{\"@type\":\"ImageObject\",\"inLanguage\":\"fi\",\"@id\":\"https:\\\/\\\/veneakselisto.com\\\/kauppa\\\/#\\\/schema\\\/logo\\\/image\\\/\",\"url\":\"https:\\\/\\\/i2.wp.com\\\/veneakselisto.com\\\/kauppa\\\/wp-content\\\/uploads\\\/2016\\\/06\\\/fb_icon.jpg?fit=327%2C327&ssl=1\",\"contentUrl\":\"https:\\\/\\\/i2.wp.com\\\/veneakselisto.com\\\/kauppa\\\/wp-content\\\/uploads\\\/2016\\\/06\\\/fb_icon.jpg?fit=327%2C327&ssl=1\",\"width\":327,\"height\":327,\"caption\":\"Veneakselisto.com verkkokauppa\"},\"image\":{\"@id\":\"https:\\\/\\\/veneakselisto.com\\\/kauppa\\\/#\\\/schema\\\/logo\\\/image\\\/\"},\"sameAs\":[\"https:\\\/\\\/www.facebook.com\\\/AlaMikkula\\\/\"]}]}<\/script>\n<!-- \/ Yoast SEO plugin. -->","yoast_head_json":{"title":"25mm Kaasutiivis septiletku - Veneakselisto.com - verkkokauppa","description":"25mm Kaasutiivis septiletku. Tuotteen toimittaa aina edullinen Veneakselisto.com - Verkkokauppa - Venetarvikkeiden maahantuonti ja myynti.","robots":{"index":"index","follow":"follow","max-snippet":"max-snippet:-1","max-image-preview":"max-image-preview:large","max-video-preview":"max-video-preview:-1"},"canonical":"https:\/\/veneakselisto.com\/kauppa\/tuote\/25mm-kaasutiivis-septiletku-sanipomp\/","og_locale":"fi_FI","og_type":"article","og_title":"25mm Kaasutiivis septiletku - Veneakselisto.com - verkkokauppa","og_description":"25mm Kaasutiivis septiletku. Tuotteen toimittaa aina edullinen Veneakselisto.com - Verkkokauppa - Venetarvikkeiden maahantuonti ja myynti.","og_url":"https:\/\/veneakselisto.com\/kauppa\/tuote\/25mm-kaasutiivis-septiletku-sanipomp\/","og_site_name":"Veneakselisto.com - verkkokauppa","article_publisher":"https:\/\/www.facebook.com\/AlaMikkula\/","article_modified_time":"2025-05-21T09:24:29+00:00","og_image":[{"width":500,"height":500,"url":"https:\/\/veneakselisto.com\/kauppa\/wp-content\/uploads\/2025\/05\/Sanipomp-saniteettiletku-25mm.jpg","type":"image\/jpeg"}],"twitter_card":"summary_large_image","twitter_misc":{"Arvioitu lukuaika":"1 minuutti"},"schema":{"@context":"https:\/\/schema.org","@graph":[{"@type":"WebPage","@id":"https:\/\/veneakselisto.com\/kauppa\/tuote\/25mm-kaasutiivis-septiletku-sanipomp\/","url":"https:\/\/veneakselisto.com\/kauppa\/tuote\/25mm-kaasutiivis-septiletku-sanipomp\/","name":"25mm Kaasutiivis septiletku - Veneakselisto.com - verkkokauppa","isPartOf":{"@id":"https:\/\/veneakselisto.com\/kauppa\/#website"},"primaryImageOfPage":{"@id":"https:\/\/veneakselisto.com\/kauppa\/tuote\/25mm-kaasutiivis-septiletku-sanipomp\/#primaryimage"},"image":{"@id":"https:\/\/veneakselisto.com\/kauppa\/tuote\/25mm-kaasutiivis-septiletku-sanipomp\/#primaryimage"},"thumbnailUrl":"https:\/\/i0.wp.com\/veneakselisto.com\/kauppa\/wp-content\/uploads\/2025\/05\/Sanipomp-saniteettiletku-25mm.jpg?fit=500%2C500&ssl=1","datePublished":"2025-05-21T09:12:27+00:00","dateModified":"2025-05-21T09:24:29+00:00","description":"25mm Kaasutiivis septiletku. Tuotteen toimittaa aina edullinen Veneakselisto.com - Verkkokauppa - Venetarvikkeiden maahantuonti ja myynti.","breadcrumb":{"@id":"https:\/\/veneakselisto.com\/kauppa\/tuote\/25mm-kaasutiivis-septiletku-sanipomp\/#breadcrumb"},"inLanguage":"fi","potentialAction":[{"@type":"ReadAction","target":["https:\/\/veneakselisto.com\/kauppa\/tuote\/25mm-kaasutiivis-septiletku-sanipomp\/"]}]},{"@type":"ImageObject","inLanguage":"fi","@id":"https:\/\/veneakselisto.com\/kauppa\/tuote\/25mm-kaasutiivis-septiletku-sanipomp\/#primaryimage","url":"https:\/\/i0.wp.com\/veneakselisto.com\/kauppa\/wp-content\/uploads\/2025\/05\/Sanipomp-saniteettiletku-25mm.jpg?fit=500%2C500&ssl=1","contentUrl":"https:\/\/i0.wp.com\/veneakselisto.com\/kauppa\/wp-content\/uploads\/2025\/05\/Sanipomp-saniteettiletku-25mm.jpg?fit=500%2C500&ssl=1","width":500,"height":500,"caption":"Septiletku venetarvikkeiden erikoisliikkeest\u00e4-Veneakselisto.com -verkkokaupasta"},{"@type":"BreadcrumbList","@id":"https:\/\/veneakselisto.com\/kauppa\/tuote\/25mm-kaasutiivis-septiletku-sanipomp\/#breadcrumb","itemListElement":[{"@type":"ListItem","position":1,"name":"Etusivu","item":"https:\/\/veneakselisto.com\/kauppa\/"},{"@type":"ListItem","position":2,"name":"Kauppa","item":"https:\/\/veneakselisto.com\/kauppa\/"},{"@type":"ListItem","position":3,"name":"25mm Kaasutiivis septiletku Sanipomp"}]},{"@type":"WebSite","@id":"https:\/\/veneakselisto.com\/kauppa\/#website","url":"https:\/\/veneakselisto.com\/kauppa\/","name":"Veneakselisto.com - verkkokauppa","description":"Venetarvikkeiden maahantuonti ja myynti","publisher":{"@id":"https:\/\/veneakselisto.com\/kauppa\/#organization"},"potentialAction":[{"@type":"SearchAction","target":{"@type":"EntryPoint","urlTemplate":"https:\/\/veneakselisto.com\/kauppa\/?s={search_term_string}"},"query-input":{"@type":"PropertyValueSpecification","valueRequired":true,"valueName":"search_term_string"}}],"inLanguage":"fi"},{"@type":"Organization","@id":"https:\/\/veneakselisto.com\/kauppa\/#organization","name":"Veneakselisto.com verkkokauppa","url":"https:\/\/veneakselisto.com\/kauppa\/","logo":{"@type":"ImageObject","inLanguage":"fi","@id":"https:\/\/veneakselisto.com\/kauppa\/#\/schema\/logo\/image\/","url":"https:\/\/i2.wp.com\/veneakselisto.com\/kauppa\/wp-content\/uploads\/2016\/06\/fb_icon.jpg?fit=327%2C327&ssl=1","contentUrl":"https:\/\/i2.wp.com\/veneakselisto.com\/kauppa\/wp-content\/uploads\/2016\/06\/fb_icon.jpg?fit=327%2C327&ssl=1","width":327,"height":327,"caption":"Veneakselisto.com verkkokauppa"},"image":{"@id":"https:\/\/veneakselisto.com\/kauppa\/#\/schema\/logo\/image\/"},"sameAs":["https:\/\/www.facebook.com\/AlaMikkula\/"]}]}},"jetpack_publicize_connections":[],"jetpack_sharing_enabled":true,"_links":{"self":[{"href":"https:\/\/veneakselisto.com\/kauppa\/wp-json\/wp\/v2\/product\/22157","targetHints":{"allow":["GET"]}}],"collection":[{"href":"https:\/\/veneakselisto.com\/kauppa\/wp-json\/wp\/v2\/product"}],"about":[{"href":"https:\/\/veneakselisto.com\/kauppa\/wp-json\/wp\/v2\/types\/product"}],"replies":[{"embeddable":true,"href":"https:\/\/veneakselisto.com\/kauppa\/wp-json\/wp\/v2\/comments?post=22157"}],"wp:featuredmedia":[{"embeddable":true,"href":"https:\/\/veneakselisto.com\/kauppa\/wp-json\/wp\/v2\/media\/22158"}],"wp:attachment":[{"href":"https:\/\/veneakselisto.com\/kauppa\/wp-json\/wp\/v2\/media?parent=22157"}],"wp:term":[{"taxonomy":"product_brand","embeddable":true,"href":"https:\/\/veneakselisto.com\/kauppa\/wp-json\/wp\/v2\/product_brand?post=22157"},{"taxonomy":"product_cat","embeddable":true,"href":"https:\/\/veneakselisto.com\/kauppa\/wp-json\/wp\/v2\/product_cat?post=22157"},{"taxonomy":"product_tag","embeddable":true,"href":"https:\/\/veneakselisto.com\/kauppa\/wp-json\/wp\/v2\/product_tag?post=22157"}],"curies":[{"name":"wp","href":"https:\/\/api.w.org\/{rel}","templated":true}]}}