{"id":21697,"date":"2025-04-09T09:37:30","date_gmt":"2025-04-09T06:37:30","guid":{"rendered":"https:\/\/veneakselisto.com\/kauppa\/?post_type=product&#038;p=21697"},"modified":"2026-04-08T01:52:14","modified_gmt":"2026-04-07T22:52:14","slug":"vetus-runkoanodi-1-50kg","status":"publish","type":"product","link":"https:\/\/veneakselisto.com\/kauppa\/tuote\/vetus-runkoanodi-1-50kg\/","title":{"rendered":"Vetus Runkoanodi 1.50kg"},"content":{"rendered":"<p>Vetus Runkoanodi 1.50<\/p>\n<p>Materiaali sinkki<\/p>\n<p>MITAT<\/p>\n<p>L Pituus=151 mm<\/p>\n<p>W Leveys=69 mm<\/p>\n<p>H korkeus=25 mm<\/p>\n<p>C-C reik\u00e4v\u00e4li= 75mm<\/p>\n<p>C= 13x28mm<\/p>\n<p>Paino 1.50kg<\/p>\n<p>Kaikki veneen vedenalaiset metalliosat tulee suojata anodeilla. Siksi anodeita tarvitaan, ter\u00e4sveneiden lis\u00e4ksi my\u00f6s puu- ja lujitemuoviveneiss\u00e4. V-Quipment sinkkianodit ovat eritt\u00e4in korkealaatuisia ja t\u00e4ytt\u00e4v\u00e4t alan korkeimmat standardit, kuten U.S. MIL-A-18001K vaatimukset.<\/p>\n<p>P\u00e4\u00e4asiassa sis\u00e4vesiss\u00e4 kulkeviin aluksiin suosittelemme alumiinianodeja sill\u00e4 alumiinin potentiaaliero muihin metalleihin n\u00e4hden on suurempi kuin sinkin. Makealla vedell\u00e4 on my\u00f6s suurempi s\u00e4hk\u00f6vastus kuin suolavedell\u00e4. Meri- ja murtoveteen suosittelemme sinkkianodeja. Alumiinianodit toimivat niinik\u00e4\u00e4n suolavedess\u00e4 mutta ne sy\u00f6pyv\u00e4t nopeammin. Emme suosittele magnesiumanodeja, sill\u00e4 potentiaaliero on muihin metalleihin n\u00e4hden on liian suuri. T\u00e4m\u00e4 voi vahingoittaa rungon maalikerrosta erityisesti suolavedess\u00e4.<\/p>\n<p>Vetus Runkoanodi 1.50<\/p>\n<p>Sinkkianodi<\/p>\n","protected":false},"excerpt":{"rendered":"<p>Vetus Runkoanodi 1.50<\/p>\n<p>Materiaali sinkki<\/p>\n<p>MITAT<\/p>\n<p>L Pituus=151 mm<\/p>\n<p>W Leveys=69 mm<\/p>\n<p>H korkeus=25 mm<\/p>\n<p>C-C reik\u00e4v\u00e4li= 75mm<\/p>\n<p>C= 13x28mm<\/p>\n<p>Paino 1.50kg<\/p>\n","protected":false},"featured_media":21689,"comment_status":"open","ping_status":"closed","template":"","meta":{"jetpack_post_was_ever_published":false,"jetpack_publicize_message":"","jetpack_publicize_feature_enabled":true,"jetpack_social_post_already_shared":true,"jetpack_social_options":{"image_generator_settings":{"template":"highway","default_image_id":0,"font":"","enabled":false},"version":2}},"product_brand":[],"product_cat":[1065,50,51],"product_tag":[1168,67],"class_list":{"0":"post-21697","1":"product","2":"type-product","3":"status-publish","4":"has-post-thumbnail","6":"product_cat-anodit-sinkki-alumiini","7":"product_cat-runkoanodit","8":"product_cat-vetus-anodit","9":"product_tag-runkoanodi","10":"product_tag-sinkkianodi","11":"brand-vetus","13":"first","14":"onbackorder","15":"taxable","16":"shipping-taxable","17":"purchasable","18":"product-type-simple"},"yoast_head":"<!-- This site is optimized with the Yoast SEO plugin v27.4 - https:\/\/yoast.com\/product\/yoast-seo-wordpress\/ -->\n<title>Vetus Runkoanodi 1.50-Veneakselisto.com<\/title>\n<meta name=\"description\" content=\"Vetus Runkoanodi 1.50. Todella laadukkaat Vetus sinkkianodit antavat varman suojan veneeseesi-Veneakselisto.com-Runkoanodi\" \/>\n<meta name=\"robots\" content=\"index, follow, max-snippet:-1, max-image-preview:large, max-video-preview:-1\" \/>\n<link rel=\"canonical\" href=\"https:\/\/veneakselisto.com\/kauppa\/tuote\/vetus-runkoanodi-1-50kg\/\" \/>\n<meta property=\"og:locale\" content=\"fi_FI\" \/>\n<meta property=\"og:type\" content=\"article\" \/>\n<meta property=\"og:title\" content=\"Vetus Runkoanodi 1.50-Veneakselisto.com\" \/>\n<meta property=\"og:description\" content=\"Vetus Runkoanodi 1.50. Todella laadukkaat Vetus sinkkianodit antavat varman suojan veneeseesi-Veneakselisto.com-Runkoanodi\" \/>\n<meta property=\"og:url\" content=\"https:\/\/veneakselisto.com\/kauppa\/tuote\/vetus-runkoanodi-1-50kg\/\" \/>\n<meta property=\"og:site_name\" content=\"Veneakselisto.com - verkkokauppa\" \/>\n<meta property=\"article:publisher\" content=\"https:\/\/www.facebook.com\/AlaMikkula\/\" \/>\n<meta property=\"article:modified_time\" content=\"2026-04-07T22:52:14+00:00\" \/>\n<meta property=\"og:image\" content=\"https:\/\/veneakselisto.com\/kauppa\/wp-content\/uploads\/2025\/04\/Vetus-BOA-anodi.png\" \/>\n\t<meta property=\"og:image:width\" content=\"500\" \/>\n\t<meta property=\"og:image:height\" content=\"500\" \/>\n\t<meta property=\"og:image:type\" content=\"image\/png\" \/>\n<meta name=\"twitter:card\" content=\"summary_large_image\" \/>\n<meta name=\"twitter:label1\" content=\"Arvioitu lukuaika\" \/>\n\t<meta name=\"twitter:data1\" content=\"1 minuutti\" \/>\n<script type=\"application\/ld+json\" class=\"yoast-schema-graph\">{\"@context\":\"https:\\\/\\\/schema.org\",\"@graph\":[{\"@type\":\"WebPage\",\"@id\":\"https:\\\/\\\/veneakselisto.com\\\/kauppa\\\/tuote\\\/vetus-runkoanodi-1-50kg\\\/\",\"url\":\"https:\\\/\\\/veneakselisto.com\\\/kauppa\\\/tuote\\\/vetus-runkoanodi-1-50kg\\\/\",\"name\":\"Vetus Runkoanodi 1.50-Veneakselisto.com\",\"isPartOf\":{\"@id\":\"https:\\\/\\\/veneakselisto.com\\\/kauppa\\\/#website\"},\"primaryImageOfPage\":{\"@id\":\"https:\\\/\\\/veneakselisto.com\\\/kauppa\\\/tuote\\\/vetus-runkoanodi-1-50kg\\\/#primaryimage\"},\"image\":{\"@id\":\"https:\\\/\\\/veneakselisto.com\\\/kauppa\\\/tuote\\\/vetus-runkoanodi-1-50kg\\\/#primaryimage\"},\"thumbnailUrl\":\"https:\\\/\\\/i0.wp.com\\\/veneakselisto.com\\\/kauppa\\\/wp-content\\\/uploads\\\/2025\\\/04\\\/Vetus-BOA-anodi.png?fit=500%2C500&ssl=1\",\"datePublished\":\"2025-04-09T06:37:30+00:00\",\"dateModified\":\"2026-04-07T22:52:14+00:00\",\"description\":\"Vetus Runkoanodi 1.50. Todella laadukkaat Vetus sinkkianodit antavat varman suojan veneeseesi-Veneakselisto.com-Runkoanodi\",\"breadcrumb\":{\"@id\":\"https:\\\/\\\/veneakselisto.com\\\/kauppa\\\/tuote\\\/vetus-runkoanodi-1-50kg\\\/#breadcrumb\"},\"inLanguage\":\"fi\",\"potentialAction\":[{\"@type\":\"ReadAction\",\"target\":[\"https:\\\/\\\/veneakselisto.com\\\/kauppa\\\/tuote\\\/vetus-runkoanodi-1-50kg\\\/\"]}]},{\"@type\":\"ImageObject\",\"inLanguage\":\"fi\",\"@id\":\"https:\\\/\\\/veneakselisto.com\\\/kauppa\\\/tuote\\\/vetus-runkoanodi-1-50kg\\\/#primaryimage\",\"url\":\"https:\\\/\\\/i0.wp.com\\\/veneakselisto.com\\\/kauppa\\\/wp-content\\\/uploads\\\/2025\\\/04\\\/Vetus-BOA-anodi.png?fit=500%2C500&ssl=1\",\"contentUrl\":\"https:\\\/\\\/i0.wp.com\\\/veneakselisto.com\\\/kauppa\\\/wp-content\\\/uploads\\\/2025\\\/04\\\/Vetus-BOA-anodi.png?fit=500%2C500&ssl=1\",\"width\":500,\"height\":500,\"caption\":\"Vetus BOA-sinkki anodi-Veneakselisto.com\"},{\"@type\":\"BreadcrumbList\",\"@id\":\"https:\\\/\\\/veneakselisto.com\\\/kauppa\\\/tuote\\\/vetus-runkoanodi-1-50kg\\\/#breadcrumb\",\"itemListElement\":[{\"@type\":\"ListItem\",\"position\":1,\"name\":\"Etusivu\",\"item\":\"https:\\\/\\\/veneakselisto.com\\\/kauppa\\\/\"},{\"@type\":\"ListItem\",\"position\":2,\"name\":\"Kauppa\",\"item\":\"https:\\\/\\\/veneakselisto.com\\\/kauppa\\\/\"},{\"@type\":\"ListItem\",\"position\":3,\"name\":\"Vetus Runkoanodi 1.50kg\"}]},{\"@type\":\"WebSite\",\"@id\":\"https:\\\/\\\/veneakselisto.com\\\/kauppa\\\/#website\",\"url\":\"https:\\\/\\\/veneakselisto.com\\\/kauppa\\\/\",\"name\":\"Veneakselisto.com - verkkokauppa\",\"description\":\"Venetarvikkeiden maahantuonti ja myynti\",\"publisher\":{\"@id\":\"https:\\\/\\\/veneakselisto.com\\\/kauppa\\\/#organization\"},\"potentialAction\":[{\"@type\":\"SearchAction\",\"target\":{\"@type\":\"EntryPoint\",\"urlTemplate\":\"https:\\\/\\\/veneakselisto.com\\\/kauppa\\\/?s={search_term_string}\"},\"query-input\":{\"@type\":\"PropertyValueSpecification\",\"valueRequired\":true,\"valueName\":\"search_term_string\"}}],\"inLanguage\":\"fi\"},{\"@type\":\"Organization\",\"@id\":\"https:\\\/\\\/veneakselisto.com\\\/kauppa\\\/#organization\",\"name\":\"Veneakselisto.com verkkokauppa\",\"url\":\"https:\\\/\\\/veneakselisto.com\\\/kauppa\\\/\",\"logo\":{\"@type\":\"ImageObject\",\"inLanguage\":\"fi\",\"@id\":\"https:\\\/\\\/veneakselisto.com\\\/kauppa\\\/#\\\/schema\\\/logo\\\/image\\\/\",\"url\":\"https:\\\/\\\/i2.wp.com\\\/veneakselisto.com\\\/kauppa\\\/wp-content\\\/uploads\\\/2016\\\/06\\\/fb_icon.jpg?fit=327%2C327&ssl=1\",\"contentUrl\":\"https:\\\/\\\/i2.wp.com\\\/veneakselisto.com\\\/kauppa\\\/wp-content\\\/uploads\\\/2016\\\/06\\\/fb_icon.jpg?fit=327%2C327&ssl=1\",\"width\":327,\"height\":327,\"caption\":\"Veneakselisto.com verkkokauppa\"},\"image\":{\"@id\":\"https:\\\/\\\/veneakselisto.com\\\/kauppa\\\/#\\\/schema\\\/logo\\\/image\\\/\"},\"sameAs\":[\"https:\\\/\\\/www.facebook.com\\\/AlaMikkula\\\/\"]}]}<\/script>\n<!-- \/ Yoast SEO plugin. -->","yoast_head_json":{"title":"Vetus Runkoanodi 1.50-Veneakselisto.com","description":"Vetus Runkoanodi 1.50. Todella laadukkaat Vetus sinkkianodit antavat varman suojan veneeseesi-Veneakselisto.com-Runkoanodi","robots":{"index":"index","follow":"follow","max-snippet":"max-snippet:-1","max-image-preview":"max-image-preview:large","max-video-preview":"max-video-preview:-1"},"canonical":"https:\/\/veneakselisto.com\/kauppa\/tuote\/vetus-runkoanodi-1-50kg\/","og_locale":"fi_FI","og_type":"article","og_title":"Vetus Runkoanodi 1.50-Veneakselisto.com","og_description":"Vetus Runkoanodi 1.50. Todella laadukkaat Vetus sinkkianodit antavat varman suojan veneeseesi-Veneakselisto.com-Runkoanodi","og_url":"https:\/\/veneakselisto.com\/kauppa\/tuote\/vetus-runkoanodi-1-50kg\/","og_site_name":"Veneakselisto.com - verkkokauppa","article_publisher":"https:\/\/www.facebook.com\/AlaMikkula\/","article_modified_time":"2026-04-07T22:52:14+00:00","og_image":[{"width":500,"height":500,"url":"https:\/\/veneakselisto.com\/kauppa\/wp-content\/uploads\/2025\/04\/Vetus-BOA-anodi.png","type":"image\/png"}],"twitter_card":"summary_large_image","twitter_misc":{"Arvioitu lukuaika":"1 minuutti"},"schema":{"@context":"https:\/\/schema.org","@graph":[{"@type":"WebPage","@id":"https:\/\/veneakselisto.com\/kauppa\/tuote\/vetus-runkoanodi-1-50kg\/","url":"https:\/\/veneakselisto.com\/kauppa\/tuote\/vetus-runkoanodi-1-50kg\/","name":"Vetus Runkoanodi 1.50-Veneakselisto.com","isPartOf":{"@id":"https:\/\/veneakselisto.com\/kauppa\/#website"},"primaryImageOfPage":{"@id":"https:\/\/veneakselisto.com\/kauppa\/tuote\/vetus-runkoanodi-1-50kg\/#primaryimage"},"image":{"@id":"https:\/\/veneakselisto.com\/kauppa\/tuote\/vetus-runkoanodi-1-50kg\/#primaryimage"},"thumbnailUrl":"https:\/\/i0.wp.com\/veneakselisto.com\/kauppa\/wp-content\/uploads\/2025\/04\/Vetus-BOA-anodi.png?fit=500%2C500&ssl=1","datePublished":"2025-04-09T06:37:30+00:00","dateModified":"2026-04-07T22:52:14+00:00","description":"Vetus Runkoanodi 1.50. Todella laadukkaat Vetus sinkkianodit antavat varman suojan veneeseesi-Veneakselisto.com-Runkoanodi","breadcrumb":{"@id":"https:\/\/veneakselisto.com\/kauppa\/tuote\/vetus-runkoanodi-1-50kg\/#breadcrumb"},"inLanguage":"fi","potentialAction":[{"@type":"ReadAction","target":["https:\/\/veneakselisto.com\/kauppa\/tuote\/vetus-runkoanodi-1-50kg\/"]}]},{"@type":"ImageObject","inLanguage":"fi","@id":"https:\/\/veneakselisto.com\/kauppa\/tuote\/vetus-runkoanodi-1-50kg\/#primaryimage","url":"https:\/\/i0.wp.com\/veneakselisto.com\/kauppa\/wp-content\/uploads\/2025\/04\/Vetus-BOA-anodi.png?fit=500%2C500&ssl=1","contentUrl":"https:\/\/i0.wp.com\/veneakselisto.com\/kauppa\/wp-content\/uploads\/2025\/04\/Vetus-BOA-anodi.png?fit=500%2C500&ssl=1","width":500,"height":500,"caption":"Vetus BOA-sinkki anodi-Veneakselisto.com"},{"@type":"BreadcrumbList","@id":"https:\/\/veneakselisto.com\/kauppa\/tuote\/vetus-runkoanodi-1-50kg\/#breadcrumb","itemListElement":[{"@type":"ListItem","position":1,"name":"Etusivu","item":"https:\/\/veneakselisto.com\/kauppa\/"},{"@type":"ListItem","position":2,"name":"Kauppa","item":"https:\/\/veneakselisto.com\/kauppa\/"},{"@type":"ListItem","position":3,"name":"Vetus Runkoanodi 1.50kg"}]},{"@type":"WebSite","@id":"https:\/\/veneakselisto.com\/kauppa\/#website","url":"https:\/\/veneakselisto.com\/kauppa\/","name":"Veneakselisto.com - verkkokauppa","description":"Venetarvikkeiden maahantuonti ja myynti","publisher":{"@id":"https:\/\/veneakselisto.com\/kauppa\/#organization"},"potentialAction":[{"@type":"SearchAction","target":{"@type":"EntryPoint","urlTemplate":"https:\/\/veneakselisto.com\/kauppa\/?s={search_term_string}"},"query-input":{"@type":"PropertyValueSpecification","valueRequired":true,"valueName":"search_term_string"}}],"inLanguage":"fi"},{"@type":"Organization","@id":"https:\/\/veneakselisto.com\/kauppa\/#organization","name":"Veneakselisto.com verkkokauppa","url":"https:\/\/veneakselisto.com\/kauppa\/","logo":{"@type":"ImageObject","inLanguage":"fi","@id":"https:\/\/veneakselisto.com\/kauppa\/#\/schema\/logo\/image\/","url":"https:\/\/i2.wp.com\/veneakselisto.com\/kauppa\/wp-content\/uploads\/2016\/06\/fb_icon.jpg?fit=327%2C327&ssl=1","contentUrl":"https:\/\/i2.wp.com\/veneakselisto.com\/kauppa\/wp-content\/uploads\/2016\/06\/fb_icon.jpg?fit=327%2C327&ssl=1","width":327,"height":327,"caption":"Veneakselisto.com verkkokauppa"},"image":{"@id":"https:\/\/veneakselisto.com\/kauppa\/#\/schema\/logo\/image\/"},"sameAs":["https:\/\/www.facebook.com\/AlaMikkula\/"]}]}},"jetpack_publicize_connections":[],"jetpack_sharing_enabled":true,"_links":{"self":[{"href":"https:\/\/veneakselisto.com\/kauppa\/wp-json\/wp\/v2\/product\/21697","targetHints":{"allow":["GET"]}}],"collection":[{"href":"https:\/\/veneakselisto.com\/kauppa\/wp-json\/wp\/v2\/product"}],"about":[{"href":"https:\/\/veneakselisto.com\/kauppa\/wp-json\/wp\/v2\/types\/product"}],"replies":[{"embeddable":true,"href":"https:\/\/veneakselisto.com\/kauppa\/wp-json\/wp\/v2\/comments?post=21697"}],"wp:featuredmedia":[{"embeddable":true,"href":"https:\/\/veneakselisto.com\/kauppa\/wp-json\/wp\/v2\/media\/21689"}],"wp:attachment":[{"href":"https:\/\/veneakselisto.com\/kauppa\/wp-json\/wp\/v2\/media?parent=21697"}],"wp:term":[{"taxonomy":"product_brand","embeddable":true,"href":"https:\/\/veneakselisto.com\/kauppa\/wp-json\/wp\/v2\/product_brand?post=21697"},{"taxonomy":"product_cat","embeddable":true,"href":"https:\/\/veneakselisto.com\/kauppa\/wp-json\/wp\/v2\/product_cat?post=21697"},{"taxonomy":"product_tag","embeddable":true,"href":"https:\/\/veneakselisto.com\/kauppa\/wp-json\/wp\/v2\/product_tag?post=21697"}],"curies":[{"name":"wp","href":"https:\/\/api.w.org\/{rel}","templated":true}]}}