{"id":21552,"date":"2025-03-20T18:45:33","date_gmt":"2025-03-20T16:45:33","guid":{"rendered":"https:\/\/veneakselisto.com\/kauppa\/?post_type=product&#038;p=21552"},"modified":"2026-04-08T01:52:15","modified_gmt":"2026-04-07T22:52:15","slug":"vetus-sani-processor-sapro-24v","status":"publish","type":"product","link":"https:\/\/veneakselisto.com\/kauppa\/tuote\/vetus-sani-processor-sapro-24v\/","title":{"rendered":"Vetus Sani-processor SAPRO 24v"},"content":{"rendered":"<p>Vetus Sani-processor SAPRO 24v<\/p>\n<p>J\u00e4nnite 24v<\/p>\n<p>Kompakti Sani-Processor k\u00e4ym\u00e4l\u00e4j\u00e4tteelle ja harmaalle vedelle<\/p>\n<p>Tyyli ja mukavuus kuten kotona<\/p>\n<p>Varsinkin isompiin veneisiin olisi mukava mik\u00e4li voisi valita juuri mieleisens\u00e4 saniteettikalusteet kuten kotonakin. Vetuksen<br \/>\nkehitt\u00e4m\u00e4 SAPRO on vastaus n\u00e4ihin toiveisiin. SAPRO on poistopumppu-ja maseraattoriyksikk\u00f6 joka voidaan sijoittaa erilleen<br \/>\nsaniteettikalusteista &#8211; esimerkiksi konehuoneeseen. WC-istuin liitet\u00e4\u00e4n SAPRO: iin 102 mm:n poistoputkella jossa on kaatoa<br \/>\nv\u00e4hint\u00e4\u00e4n 8 mm\/metri. Kun WC huuhdellaan, SAPRO silppuaa ja pumpaa j\u00e4tteen septitankkiin. Letkuna k\u00e4ytet\u00e4\u00e4n<br \/>\nhalkaisijaltaan ainoastaan 19 mm:n letkua. Toimenpide kest\u00e4\u00e4 vain 10 &#8211; 30 sekuntia ja eritt\u00e4in hiljainen. Poistoletkuiksi<br \/>\nsuositellaan Vetuksen \u201dSAHOSE\u201d-septiletkuja.<\/p>\n<p>Tuotetiedot<br \/>\n\u2022 Mitat (PxLxK) 420 x 120 x 360 mm<br \/>\n\u2022 Septitankin sijainti enint\u00e4\u00e4n 4 m Sani-Processorin<br \/>\nyl\u00e4puolella<br \/>\n\u2022 Maseraattorin halkaisija 98 mm<br \/>\n\u2022 Paino 4,8kg<br \/>\n\u2022 Pumpun tuotto noin 50l\/min nelj\u00e4n metrin nostolla<br \/>\n\u2022 Virrankulutus noin 370W (12V), 435W (24V), 580W<br \/>\n(110V), 400W (230V)<br \/>\n\u2022 Saatavana 12 ja 24 Volt, 230 Volt\/50Hz ja 120 V\/60Hz<br \/>\nj\u00e4nnitteelle<br \/>\n\u2022 Sallittu veden maksimil\u00e4mp\u00f6tila 35\u00baC<br \/>\nLiit\u00e4nn\u00e4t<br \/>\n\u2022 WC:st\u00e4 Sani-Processorille: \u00d8 102 mm, maks. pituus 4 m<br \/>\n\u2022 Letku Sani-Processorilta septitankkiin: \u00d8 19 mm, maks.<br \/>\npituus 20 m<br \/>\n\u2022 Tiski- ja pesualtaalta: \u00d8 40 mm<\/p>\n<p>Vetus Sani-processor SAPRO 24v<\/p>\n","protected":false},"excerpt":{"rendered":"<p>Vetus Sani-processor SAPRO 24v<\/p>\n<p>Kompakti Sani-Processor k\u00e4ym\u00e4l\u00e4j\u00e4tteelle ja harmaalle vedelle<\/p>\n<p>Tyyli ja mukavuus kuten kotona<\/p>\n<p>Varsinkin isompiin veneisiin olisi mukava mik\u00e4li voisi valita juuri mieleisens\u00e4 saniteettikalusteet kuten kotonakin. Vetuksen<br \/>\nkehitt\u00e4m\u00e4 SAPRO on vastaus n\u00e4ihin toiveisiin. SAPRO on poistopumppu-ja maseraattoriyksikk\u00f6 joka voidaan sijoittaa erilleen<br \/>\nsaniteettikalusteista &#8211; esimerkiksi konehuoneeseen. WC-istuin liitet\u00e4\u00e4n SAPRO: iin 102 mm:n poistoputkella jossa on kaatoa<br \/>\nv\u00e4hint\u00e4\u00e4n 8 mm\/metri. Kun WC huuhdellaan, SAPRO silppuaa ja pumpaa j\u00e4tteen septitankkiin. Letkuna k\u00e4ytet\u00e4\u00e4n<br \/>\nhalkaisijaltaan ainoastaan 19 mm:n letkua. Toimenpide kest\u00e4\u00e4 vain 10 &#8211; 30 sekuntia ja eritt\u00e4in hiljainen. Poistoletkuiksi<br \/>\nsuositellaan Vetuksen \u201dSAHOSE\u201d-septiletkuja.<\/p>\n<p><strong><span style=\"color: #ff0000;\">Tehdastoimitus n.5 p\u00e4iv\u00e4\u00e4 normaalisti<\/span><\/strong><\/p>\n","protected":false},"featured_media":17377,"comment_status":"open","ping_status":"closed","template":"","meta":{"jetpack_post_was_ever_published":false,"jetpack_publicize_message":"","jetpack_publicize_feature_enabled":true,"jetpack_social_post_already_shared":true,"jetpack_social_options":{"image_generator_settings":{"template":"highway","default_image_id":0,"font":"","enabled":false},"version":2}},"product_brand":[],"product_cat":[1063,58,1077,142,470],"product_tag":[],"class_list":{"0":"post-21552","1":"product","2":"type-product","3":"status-publish","4":"has-post-thumbnail","6":"product_cat-vetus-septitankki-jatevesijarjestelma","7":"product_cat-jatevesipumput-ja-tarvikkeet","8":"product_cat-vetus-jatevesi-septisailio-tarvikkeet","9":"product_cat-vesi-ja-wc-jarjestelmat","10":"product_cat-vetus_vetus-venetarvikkeet_venetarvikeiden-maahantuonti-ja-myynti","11":"brand-vetus","13":"first","14":"onbackorder","15":"sale","16":"taxable","17":"shipping-taxable","18":"purchasable","19":"product-type-simple"},"yoast_head":"<!-- This site is optimized with the Yoast SEO plugin v27.3 - https:\/\/yoast.com\/product\/yoast-seo-wordpress\/ -->\n<title>Vetus Sani-processor SAPRO 24v - Veneakselisto.com - verkkokauppa<\/title>\n<meta name=\"description\" content=\"Vetus Sani-processor SAPRO 24v- Sani-processor SAPRO on kompakti Sani-Processor k\u00e4ym\u00e4l\u00e4j\u00e4tteelle ja harmaalle vedelle -Veneakselisto.\" \/>\n<meta name=\"robots\" content=\"index, follow, max-snippet:-1, max-image-preview:large, max-video-preview:-1\" \/>\n<link rel=\"canonical\" href=\"https:\/\/veneakselisto.com\/kauppa\/tuote\/vetus-sani-processor-sapro-24v\/\" \/>\n<meta property=\"og:locale\" content=\"fi_FI\" \/>\n<meta property=\"og:type\" content=\"article\" \/>\n<meta property=\"og:title\" content=\"Vetus Sani-processor SAPRO 24v - Veneakselisto.com - verkkokauppa\" \/>\n<meta property=\"og:description\" content=\"Vetus Sani-processor SAPRO 24v- Sani-processor SAPRO on kompakti Sani-Processor k\u00e4ym\u00e4l\u00e4j\u00e4tteelle ja harmaalle vedelle -Veneakselisto.\" \/>\n<meta property=\"og:url\" content=\"https:\/\/veneakselisto.com\/kauppa\/tuote\/vetus-sani-processor-sapro-24v\/\" \/>\n<meta property=\"og:site_name\" content=\"Veneakselisto.com - verkkokauppa\" \/>\n<meta property=\"article:publisher\" content=\"https:\/\/www.facebook.com\/AlaMikkula\/\" \/>\n<meta property=\"article:modified_time\" content=\"2026-04-07T22:52:15+00:00\" \/>\n<meta property=\"og:image\" content=\"https:\/\/veneakselisto.com\/kauppa\/wp-content\/uploads\/2023\/07\/SAPRO.png\" \/>\n\t<meta property=\"og:image:width\" content=\"500\" \/>\n\t<meta property=\"og:image:height\" content=\"500\" \/>\n\t<meta property=\"og:image:type\" content=\"image\/png\" \/>\n<meta name=\"twitter:card\" content=\"summary_large_image\" \/>\n<meta name=\"twitter:label1\" content=\"Arvioitu lukuaika\" \/>\n\t<meta name=\"twitter:data1\" content=\"2 minuuttia\" \/>\n<script type=\"application\/ld+json\" class=\"yoast-schema-graph\">{\"@context\":\"https:\\\/\\\/schema.org\",\"@graph\":[{\"@type\":\"WebPage\",\"@id\":\"https:\\\/\\\/veneakselisto.com\\\/kauppa\\\/tuote\\\/vetus-sani-processor-sapro-24v\\\/\",\"url\":\"https:\\\/\\\/veneakselisto.com\\\/kauppa\\\/tuote\\\/vetus-sani-processor-sapro-24v\\\/\",\"name\":\"Vetus Sani-processor SAPRO 24v - Veneakselisto.com - verkkokauppa\",\"isPartOf\":{\"@id\":\"https:\\\/\\\/veneakselisto.com\\\/kauppa\\\/#website\"},\"primaryImageOfPage\":{\"@id\":\"https:\\\/\\\/veneakselisto.com\\\/kauppa\\\/tuote\\\/vetus-sani-processor-sapro-24v\\\/#primaryimage\"},\"image\":{\"@id\":\"https:\\\/\\\/veneakselisto.com\\\/kauppa\\\/tuote\\\/vetus-sani-processor-sapro-24v\\\/#primaryimage\"},\"thumbnailUrl\":\"https:\\\/\\\/i0.wp.com\\\/veneakselisto.com\\\/kauppa\\\/wp-content\\\/uploads\\\/2023\\\/07\\\/SAPRO.png?fit=500%2C500&ssl=1\",\"datePublished\":\"2025-03-20T16:45:33+00:00\",\"dateModified\":\"2026-04-07T22:52:15+00:00\",\"description\":\"Vetus Sani-processor SAPRO 24v- Sani-processor SAPRO on kompakti Sani-Processor k\u00e4ym\u00e4l\u00e4j\u00e4tteelle ja harmaalle vedelle -Veneakselisto.\",\"breadcrumb\":{\"@id\":\"https:\\\/\\\/veneakselisto.com\\\/kauppa\\\/tuote\\\/vetus-sani-processor-sapro-24v\\\/#breadcrumb\"},\"inLanguage\":\"fi\",\"potentialAction\":[{\"@type\":\"ReadAction\",\"target\":[\"https:\\\/\\\/veneakselisto.com\\\/kauppa\\\/tuote\\\/vetus-sani-processor-sapro-24v\\\/\"]}]},{\"@type\":\"ImageObject\",\"inLanguage\":\"fi\",\"@id\":\"https:\\\/\\\/veneakselisto.com\\\/kauppa\\\/tuote\\\/vetus-sani-processor-sapro-24v\\\/#primaryimage\",\"url\":\"https:\\\/\\\/i0.wp.com\\\/veneakselisto.com\\\/kauppa\\\/wp-content\\\/uploads\\\/2023\\\/07\\\/SAPRO.png?fit=500%2C500&ssl=1\",\"contentUrl\":\"https:\\\/\\\/i0.wp.com\\\/veneakselisto.com\\\/kauppa\\\/wp-content\\\/uploads\\\/2023\\\/07\\\/SAPRO.png?fit=500%2C500&ssl=1\",\"width\":500,\"height\":500,\"caption\":\"Vetus kompakti Sani-processor SAPRO - veneeseen-veneakselisto.com\"},{\"@type\":\"BreadcrumbList\",\"@id\":\"https:\\\/\\\/veneakselisto.com\\\/kauppa\\\/tuote\\\/vetus-sani-processor-sapro-24v\\\/#breadcrumb\",\"itemListElement\":[{\"@type\":\"ListItem\",\"position\":1,\"name\":\"Etusivu\",\"item\":\"https:\\\/\\\/veneakselisto.com\\\/kauppa\\\/\"},{\"@type\":\"ListItem\",\"position\":2,\"name\":\"Kauppa\",\"item\":\"https:\\\/\\\/veneakselisto.com\\\/kauppa\\\/\"},{\"@type\":\"ListItem\",\"position\":3,\"name\":\"Vetus Sani-processor SAPRO 24v\"}]},{\"@type\":\"WebSite\",\"@id\":\"https:\\\/\\\/veneakselisto.com\\\/kauppa\\\/#website\",\"url\":\"https:\\\/\\\/veneakselisto.com\\\/kauppa\\\/\",\"name\":\"Veneakselisto.com - verkkokauppa\",\"description\":\"Venetarvikkeiden maahantuonti ja myynti\",\"publisher\":{\"@id\":\"https:\\\/\\\/veneakselisto.com\\\/kauppa\\\/#organization\"},\"potentialAction\":[{\"@type\":\"SearchAction\",\"target\":{\"@type\":\"EntryPoint\",\"urlTemplate\":\"https:\\\/\\\/veneakselisto.com\\\/kauppa\\\/?s={search_term_string}\"},\"query-input\":{\"@type\":\"PropertyValueSpecification\",\"valueRequired\":true,\"valueName\":\"search_term_string\"}}],\"inLanguage\":\"fi\"},{\"@type\":\"Organization\",\"@id\":\"https:\\\/\\\/veneakselisto.com\\\/kauppa\\\/#organization\",\"name\":\"Veneakselisto.com verkkokauppa\",\"url\":\"https:\\\/\\\/veneakselisto.com\\\/kauppa\\\/\",\"logo\":{\"@type\":\"ImageObject\",\"inLanguage\":\"fi\",\"@id\":\"https:\\\/\\\/veneakselisto.com\\\/kauppa\\\/#\\\/schema\\\/logo\\\/image\\\/\",\"url\":\"https:\\\/\\\/i2.wp.com\\\/veneakselisto.com\\\/kauppa\\\/wp-content\\\/uploads\\\/2016\\\/06\\\/fb_icon.jpg?fit=327%2C327&ssl=1\",\"contentUrl\":\"https:\\\/\\\/i2.wp.com\\\/veneakselisto.com\\\/kauppa\\\/wp-content\\\/uploads\\\/2016\\\/06\\\/fb_icon.jpg?fit=327%2C327&ssl=1\",\"width\":327,\"height\":327,\"caption\":\"Veneakselisto.com verkkokauppa\"},\"image\":{\"@id\":\"https:\\\/\\\/veneakselisto.com\\\/kauppa\\\/#\\\/schema\\\/logo\\\/image\\\/\"},\"sameAs\":[\"https:\\\/\\\/www.facebook.com\\\/AlaMikkula\\\/\"]}]}<\/script>\n<!-- \/ Yoast SEO plugin. -->","yoast_head_json":{"title":"Vetus Sani-processor SAPRO 24v - Veneakselisto.com - verkkokauppa","description":"Vetus Sani-processor SAPRO 24v- Sani-processor SAPRO on kompakti Sani-Processor k\u00e4ym\u00e4l\u00e4j\u00e4tteelle ja harmaalle vedelle -Veneakselisto.","robots":{"index":"index","follow":"follow","max-snippet":"max-snippet:-1","max-image-preview":"max-image-preview:large","max-video-preview":"max-video-preview:-1"},"canonical":"https:\/\/veneakselisto.com\/kauppa\/tuote\/vetus-sani-processor-sapro-24v\/","og_locale":"fi_FI","og_type":"article","og_title":"Vetus Sani-processor SAPRO 24v - Veneakselisto.com - verkkokauppa","og_description":"Vetus Sani-processor SAPRO 24v- Sani-processor SAPRO on kompakti Sani-Processor k\u00e4ym\u00e4l\u00e4j\u00e4tteelle ja harmaalle vedelle -Veneakselisto.","og_url":"https:\/\/veneakselisto.com\/kauppa\/tuote\/vetus-sani-processor-sapro-24v\/","og_site_name":"Veneakselisto.com - verkkokauppa","article_publisher":"https:\/\/www.facebook.com\/AlaMikkula\/","article_modified_time":"2026-04-07T22:52:15+00:00","og_image":[{"width":500,"height":500,"url":"https:\/\/veneakselisto.com\/kauppa\/wp-content\/uploads\/2023\/07\/SAPRO.png","type":"image\/png"}],"twitter_card":"summary_large_image","twitter_misc":{"Arvioitu lukuaika":"2 minuuttia"},"schema":{"@context":"https:\/\/schema.org","@graph":[{"@type":"WebPage","@id":"https:\/\/veneakselisto.com\/kauppa\/tuote\/vetus-sani-processor-sapro-24v\/","url":"https:\/\/veneakselisto.com\/kauppa\/tuote\/vetus-sani-processor-sapro-24v\/","name":"Vetus Sani-processor SAPRO 24v - Veneakselisto.com - verkkokauppa","isPartOf":{"@id":"https:\/\/veneakselisto.com\/kauppa\/#website"},"primaryImageOfPage":{"@id":"https:\/\/veneakselisto.com\/kauppa\/tuote\/vetus-sani-processor-sapro-24v\/#primaryimage"},"image":{"@id":"https:\/\/veneakselisto.com\/kauppa\/tuote\/vetus-sani-processor-sapro-24v\/#primaryimage"},"thumbnailUrl":"https:\/\/i0.wp.com\/veneakselisto.com\/kauppa\/wp-content\/uploads\/2023\/07\/SAPRO.png?fit=500%2C500&ssl=1","datePublished":"2025-03-20T16:45:33+00:00","dateModified":"2026-04-07T22:52:15+00:00","description":"Vetus Sani-processor SAPRO 24v- Sani-processor SAPRO on kompakti Sani-Processor k\u00e4ym\u00e4l\u00e4j\u00e4tteelle ja harmaalle vedelle -Veneakselisto.","breadcrumb":{"@id":"https:\/\/veneakselisto.com\/kauppa\/tuote\/vetus-sani-processor-sapro-24v\/#breadcrumb"},"inLanguage":"fi","potentialAction":[{"@type":"ReadAction","target":["https:\/\/veneakselisto.com\/kauppa\/tuote\/vetus-sani-processor-sapro-24v\/"]}]},{"@type":"ImageObject","inLanguage":"fi","@id":"https:\/\/veneakselisto.com\/kauppa\/tuote\/vetus-sani-processor-sapro-24v\/#primaryimage","url":"https:\/\/i0.wp.com\/veneakselisto.com\/kauppa\/wp-content\/uploads\/2023\/07\/SAPRO.png?fit=500%2C500&ssl=1","contentUrl":"https:\/\/i0.wp.com\/veneakselisto.com\/kauppa\/wp-content\/uploads\/2023\/07\/SAPRO.png?fit=500%2C500&ssl=1","width":500,"height":500,"caption":"Vetus kompakti Sani-processor SAPRO - veneeseen-veneakselisto.com"},{"@type":"BreadcrumbList","@id":"https:\/\/veneakselisto.com\/kauppa\/tuote\/vetus-sani-processor-sapro-24v\/#breadcrumb","itemListElement":[{"@type":"ListItem","position":1,"name":"Etusivu","item":"https:\/\/veneakselisto.com\/kauppa\/"},{"@type":"ListItem","position":2,"name":"Kauppa","item":"https:\/\/veneakselisto.com\/kauppa\/"},{"@type":"ListItem","position":3,"name":"Vetus Sani-processor SAPRO 24v"}]},{"@type":"WebSite","@id":"https:\/\/veneakselisto.com\/kauppa\/#website","url":"https:\/\/veneakselisto.com\/kauppa\/","name":"Veneakselisto.com - verkkokauppa","description":"Venetarvikkeiden maahantuonti ja myynti","publisher":{"@id":"https:\/\/veneakselisto.com\/kauppa\/#organization"},"potentialAction":[{"@type":"SearchAction","target":{"@type":"EntryPoint","urlTemplate":"https:\/\/veneakselisto.com\/kauppa\/?s={search_term_string}"},"query-input":{"@type":"PropertyValueSpecification","valueRequired":true,"valueName":"search_term_string"}}],"inLanguage":"fi"},{"@type":"Organization","@id":"https:\/\/veneakselisto.com\/kauppa\/#organization","name":"Veneakselisto.com verkkokauppa","url":"https:\/\/veneakselisto.com\/kauppa\/","logo":{"@type":"ImageObject","inLanguage":"fi","@id":"https:\/\/veneakselisto.com\/kauppa\/#\/schema\/logo\/image\/","url":"https:\/\/i2.wp.com\/veneakselisto.com\/kauppa\/wp-content\/uploads\/2016\/06\/fb_icon.jpg?fit=327%2C327&ssl=1","contentUrl":"https:\/\/i2.wp.com\/veneakselisto.com\/kauppa\/wp-content\/uploads\/2016\/06\/fb_icon.jpg?fit=327%2C327&ssl=1","width":327,"height":327,"caption":"Veneakselisto.com verkkokauppa"},"image":{"@id":"https:\/\/veneakselisto.com\/kauppa\/#\/schema\/logo\/image\/"},"sameAs":["https:\/\/www.facebook.com\/AlaMikkula\/"]}]}},"jetpack_publicize_connections":[],"jetpack_sharing_enabled":true,"_links":{"self":[{"href":"https:\/\/veneakselisto.com\/kauppa\/wp-json\/wp\/v2\/product\/21552","targetHints":{"allow":["GET"]}}],"collection":[{"href":"https:\/\/veneakselisto.com\/kauppa\/wp-json\/wp\/v2\/product"}],"about":[{"href":"https:\/\/veneakselisto.com\/kauppa\/wp-json\/wp\/v2\/types\/product"}],"replies":[{"embeddable":true,"href":"https:\/\/veneakselisto.com\/kauppa\/wp-json\/wp\/v2\/comments?post=21552"}],"wp:featuredmedia":[{"embeddable":true,"href":"https:\/\/veneakselisto.com\/kauppa\/wp-json\/wp\/v2\/media\/17377"}],"wp:attachment":[{"href":"https:\/\/veneakselisto.com\/kauppa\/wp-json\/wp\/v2\/media?parent=21552"}],"wp:term":[{"taxonomy":"product_brand","embeddable":true,"href":"https:\/\/veneakselisto.com\/kauppa\/wp-json\/wp\/v2\/product_brand?post=21552"},{"taxonomy":"product_cat","embeddable":true,"href":"https:\/\/veneakselisto.com\/kauppa\/wp-json\/wp\/v2\/product_cat?post=21552"},{"taxonomy":"product_tag","embeddable":true,"href":"https:\/\/veneakselisto.com\/kauppa\/wp-json\/wp\/v2\/product_tag?post=21552"}],"curies":[{"name":"wp","href":"https:\/\/api.w.org\/{rel}","templated":true}]}}