{"id":21244,"date":"2025-01-28T13:50:22","date_gmt":"2025-01-28T11:50:22","guid":{"rendered":"https:\/\/veneakselisto.com\/kauppa\/?post_type=product&#038;p=21244"},"modified":"2025-07-15T08:58:35","modified_gmt":"2025-07-15T05:58:35","slug":"seastar-rotary-nfb-ohjaussarja-4-8m","status":"publish","type":"product","link":"https:\/\/veneakselisto.com\/kauppa\/tuote\/seastar-rotary-nfb-ohjaussarja-4-8m\/","title":{"rendered":"SeaStar rotary NFB ohjaussarja 4.8m"},"content":{"rendered":"<p>SeaStar rotary NFB ohjaussarja 4.8m<\/p>\n<p>-Teleflex NFB kaapeliohjaussarja 4.8m ohjauskaapelilla. Rikiputkikiinnitys.<\/p>\n<p>-TELSH4910 NFB ohjausrumpu<\/p>\n<p>-TELSSC6216 ohjauskaapeli<\/p>\n<p>-TELSB27150 ohjausrummun asennussarja<\/p>\n<p>Max hv 230hv V6<\/p>\n<div id=\"description\" class=\"data item content\" role=\"tabpanel\" aria-labelledby=\"tab-label-description\" data-role=\"content\" aria-hidden=\"false\">\n<div class=\"product attribute description\">\n<div class=\"value\">\n<ul>\n<li>Kierroksia 4.2<\/li>\n<li>Pit\u00e4\u00e4 suuntansa (NFB)<\/li>\n<li>Takuu 2 vuotta<\/li>\n<li>Tilt ohjauspumppu saatavana<\/li>\n<li>Ohjauskaapelin reititys mahdollinen vain oikealle.<\/li>\n<li>NFB (No-FeedBack) kaapeliohjauksen patentoitu takaiskukytkin est\u00e4\u00e4 t\u00e4m\u00e4n vaikutuksen ohjauspy\u00f6r\u00e4\u00e4n samantapaisesti kuin takaiskuventtiilit hydrauliohjauksessa. Ohjaus on vakaa ja pit\u00e4\u00e4 suuntansa vaikka ote ohjauspy\u00f6r\u00e4st\u00e4 irrotetaan.<\/li>\n<li>Hy\u00f6dyt huomaat heti. Ajat entist\u00e4 mukavammin ja turvallisemmin.<\/li>\n<li>CE hyv\u00e4ksytty<\/li>\n<\/ul>\n<\/div>\n<\/div>\n<\/div>\n<p>Kunnollisesti toimiva ohjausj\u00e4rjestelm\u00e4 on t\u00e4rke\u00e4 osa jotta voit nauttia p\u00e4iv\u00e4st\u00e4 vesill\u00e4. Kun ohjausj\u00e4rjestelm\u00e4si eiv\u00e4t toimi kunnolla, saatat huomata, ett\u00e4 ohjauspy\u00f6r\u00e4\u00e4si on vaikeampi k\u00e4\u00e4nt\u00e4\u00e4 tai jos py\u00f6riv\u00e4st\u00e4 ohjausj\u00e4rjestelm\u00e4st\u00e4si kuuluu jauhavaa \u00e4\u00e4nt\u00e4. Voi olla aika koko ohjausj\u00e4rjestelm\u00e4.<\/p>\n<p>Teleflex NFB Rotary on mukava vaihtoehto isoillekin per\u00e4moottoreille ja sopii my\u00f6s per\u00e4simille. Teleflex NFB Rotary kaapeliohjaus on monen venevalmistajan valinta ensiasennustuotteeksi.<\/p>\n<p>Miksi SeaStar\u00a0 NFB Rotary kaapeliohjaus?<\/p>\n<p>Potkurin py\u00f6riminen v\u00e4\u00e4nt\u00e4\u00e4 moottoria ja ohjausta sivusuuntaan. Teleflex NFB (No-FeedBack) kaapeliohjauksen patentoitu takaiskukytkin est\u00e4\u00e4 t\u00e4m\u00e4n vaikutuksen ohjauspy\u00f6r\u00e4\u00e4n. Ohjaus on vakaa ja pit\u00e4\u00e4 suuntansa vaikka ote ohjauspy\u00f6r\u00e4st\u00e4 irrotetaan.<\/p>\n<p>SeaStar rotary NFB ohjaussarja 4.8m<\/p>\n","protected":false},"excerpt":{"rendered":"<p>SeaStar rotary NFB ohjaussarja 4.8m<\/p>\n<p>-Teleflex NFB kaapeliohjaussarja 4.8m ohjauskaapelilla. Rikiputkikiinnitys.<\/p>\n<div id=\"description\" class=\"data item content\" role=\"tabpanel\" aria-labelledby=\"tab-label-description\" data-role=\"content\" aria-hidden=\"false\">\n<div class=\"product attribute description\">\n<div class=\"value\">\n<ul>\n<li>Kierroksia 4.2<\/li>\n<li>Pit\u00e4\u00e4 suuntansa (NFB)<\/li>\n<li>Takuu 2 vuotta<\/li>\n<li>Tilt ohjauspumppu saatavana<\/li>\n<li>Ohjauskaapelin reititys mahdollinen vain oikealle.<\/li>\n<li>NFB (No-FeedBack) kaapeliohjauksen patentoitu takaiskukytkin est\u00e4\u00e4 t\u00e4m\u00e4n vaikutuksen ohjauspy\u00f6r\u00e4\u00e4n samantapaisesti kuin takaiskuventtiilit hydrauliohjauksessa. Ohjaus on vakaa ja pit\u00e4\u00e4 suuntansa vaikka ote ohjauspy\u00f6r\u00e4st\u00e4 irrotetaan.<\/li>\n<li>Hy\u00f6dyt huomaat heti. Ajat entist\u00e4 mukavammin ja turvallisemmin.<\/li>\n<li>CE hyv\u00e4ksytty<\/li>\n<\/ul>\n<p>Verkkokauppatuote. Toimitus 2-3pv normaalisti.<\/p>\n<\/div>\n<\/div>\n<\/div>\n","protected":false},"featured_media":21227,"comment_status":"open","ping_status":"closed","template":"","meta":{"jetpack_post_was_ever_published":false,"jetpack_publicize_message":"","jetpack_publicize_feature_enabled":true,"jetpack_social_post_already_shared":true,"jetpack_social_options":{"image_generator_settings":{"template":"highway","default_image_id":0,"font":"","enabled":false},"version":2}},"product_brand":[],"product_cat":[1352,484,1245,1353],"product_tag":[],"class_list":{"0":"post-21244","1":"product","2":"type-product","3":"status-publish","4":"has-post-thumbnail","6":"product_cat-peramoottorin_kaapeliohjaus","7":"product_cat-veneen-ohjaus-kaukosaatolaite-keulapotkuri","8":"product_cat-peramoottori_peravetolaite","9":"product_cat-peramoottorin_kaapeliohjaus-veneen-ohjaus","10":"brand-seastar","12":"first","13":"instock","14":"sale","15":"taxable","16":"shipping-taxable","17":"purchasable","18":"product-type-simple"},"yoast_head":"<!-- This site is optimized with the Yoast SEO plugin v27.3 - https:\/\/yoast.com\/product\/yoast-seo-wordpress\/ -->\n<title>SeaStar rotary NFB ohjaussarja 4.8m - Veneakselisto.com - verkkokauppa<\/title>\n<meta name=\"description\" content=\"SeaStar rotary NFB ohjaussarja 4.8m. Teleflex veneen kaapeliohjaukset toimittaa venetarvikkeiden erikoisliike-veneakselisto.com\" \/>\n<meta name=\"robots\" content=\"index, follow, max-snippet:-1, max-image-preview:large, max-video-preview:-1\" \/>\n<link rel=\"canonical\" href=\"https:\/\/veneakselisto.com\/kauppa\/tuote\/seastar-rotary-nfb-ohjaussarja-4-8m\/\" \/>\n<meta property=\"og:locale\" content=\"fi_FI\" \/>\n<meta property=\"og:type\" content=\"article\" \/>\n<meta property=\"og:title\" content=\"SeaStar rotary NFB ohjaussarja 4.8m - Veneakselisto.com - verkkokauppa\" \/>\n<meta property=\"og:description\" content=\"SeaStar rotary NFB ohjaussarja 4.8m. Teleflex veneen kaapeliohjaukset toimittaa venetarvikkeiden erikoisliike-veneakselisto.com\" \/>\n<meta property=\"og:url\" content=\"https:\/\/veneakselisto.com\/kauppa\/tuote\/seastar-rotary-nfb-ohjaussarja-4-8m\/\" \/>\n<meta property=\"og:site_name\" content=\"Veneakselisto.com - verkkokauppa\" \/>\n<meta property=\"article:publisher\" content=\"https:\/\/www.facebook.com\/AlaMikkula\/\" \/>\n<meta property=\"article:modified_time\" content=\"2025-07-15T05:58:35+00:00\" \/>\n<meta property=\"og:image\" content=\"https:\/\/veneakselisto.com\/kauppa\/wp-content\/uploads\/2025\/01\/NFB-4.2-Rotary.jpg\" \/>\n\t<meta property=\"og:image:width\" content=\"500\" \/>\n\t<meta property=\"og:image:height\" content=\"500\" \/>\n\t<meta property=\"og:image:type\" content=\"image\/jpeg\" \/>\n<meta name=\"twitter:card\" content=\"summary_large_image\" \/>\n<meta name=\"twitter:label1\" content=\"Arvioitu lukuaika\" \/>\n\t<meta name=\"twitter:data1\" content=\"2 minuuttia\" \/>\n<script type=\"application\/ld+json\" class=\"yoast-schema-graph\">{\"@context\":\"https:\\\/\\\/schema.org\",\"@graph\":[{\"@type\":\"WebPage\",\"@id\":\"https:\\\/\\\/veneakselisto.com\\\/kauppa\\\/tuote\\\/seastar-rotary-nfb-ohjaussarja-4-8m\\\/\",\"url\":\"https:\\\/\\\/veneakselisto.com\\\/kauppa\\\/tuote\\\/seastar-rotary-nfb-ohjaussarja-4-8m\\\/\",\"name\":\"SeaStar rotary NFB ohjaussarja 4.8m - Veneakselisto.com - verkkokauppa\",\"isPartOf\":{\"@id\":\"https:\\\/\\\/veneakselisto.com\\\/kauppa\\\/#website\"},\"primaryImageOfPage\":{\"@id\":\"https:\\\/\\\/veneakselisto.com\\\/kauppa\\\/tuote\\\/seastar-rotary-nfb-ohjaussarja-4-8m\\\/#primaryimage\"},\"image\":{\"@id\":\"https:\\\/\\\/veneakselisto.com\\\/kauppa\\\/tuote\\\/seastar-rotary-nfb-ohjaussarja-4-8m\\\/#primaryimage\"},\"thumbnailUrl\":\"https:\\\/\\\/i0.wp.com\\\/veneakselisto.com\\\/kauppa\\\/wp-content\\\/uploads\\\/2025\\\/01\\\/NFB-4.2-Rotary.jpg?fit=500%2C500&ssl=1\",\"datePublished\":\"2025-01-28T11:50:22+00:00\",\"dateModified\":\"2025-07-15T05:58:35+00:00\",\"description\":\"SeaStar rotary NFB ohjaussarja 4.8m. Teleflex veneen kaapeliohjaukset toimittaa venetarvikkeiden erikoisliike-veneakselisto.com\",\"breadcrumb\":{\"@id\":\"https:\\\/\\\/veneakselisto.com\\\/kauppa\\\/tuote\\\/seastar-rotary-nfb-ohjaussarja-4-8m\\\/#breadcrumb\"},\"inLanguage\":\"fi\",\"potentialAction\":[{\"@type\":\"ReadAction\",\"target\":[\"https:\\\/\\\/veneakselisto.com\\\/kauppa\\\/tuote\\\/seastar-rotary-nfb-ohjaussarja-4-8m\\\/\"]}]},{\"@type\":\"ImageObject\",\"inLanguage\":\"fi\",\"@id\":\"https:\\\/\\\/veneakselisto.com\\\/kauppa\\\/tuote\\\/seastar-rotary-nfb-ohjaussarja-4-8m\\\/#primaryimage\",\"url\":\"https:\\\/\\\/i0.wp.com\\\/veneakselisto.com\\\/kauppa\\\/wp-content\\\/uploads\\\/2025\\\/01\\\/NFB-4.2-Rotary.jpg?fit=500%2C500&ssl=1\",\"contentUrl\":\"https:\\\/\\\/i0.wp.com\\\/veneakselisto.com\\\/kauppa\\\/wp-content\\\/uploads\\\/2025\\\/01\\\/NFB-4.2-Rotary.jpg?fit=500%2C500&ssl=1\",\"width\":500,\"height\":500,\"caption\":\"SeaStar rotary NFB-Seastar kaapeliohjaus-Veneakselisto.com\"},{\"@type\":\"BreadcrumbList\",\"@id\":\"https:\\\/\\\/veneakselisto.com\\\/kauppa\\\/tuote\\\/seastar-rotary-nfb-ohjaussarja-4-8m\\\/#breadcrumb\",\"itemListElement\":[{\"@type\":\"ListItem\",\"position\":1,\"name\":\"Etusivu\",\"item\":\"https:\\\/\\\/veneakselisto.com\\\/kauppa\\\/\"},{\"@type\":\"ListItem\",\"position\":2,\"name\":\"Kauppa\",\"item\":\"https:\\\/\\\/veneakselisto.com\\\/kauppa\\\/\"},{\"@type\":\"ListItem\",\"position\":3,\"name\":\"SeaStar rotary NFB ohjaussarja 4.8m\"}]},{\"@type\":\"WebSite\",\"@id\":\"https:\\\/\\\/veneakselisto.com\\\/kauppa\\\/#website\",\"url\":\"https:\\\/\\\/veneakselisto.com\\\/kauppa\\\/\",\"name\":\"Veneakselisto.com - verkkokauppa\",\"description\":\"Venetarvikkeiden maahantuonti ja myynti\",\"publisher\":{\"@id\":\"https:\\\/\\\/veneakselisto.com\\\/kauppa\\\/#organization\"},\"potentialAction\":[{\"@type\":\"SearchAction\",\"target\":{\"@type\":\"EntryPoint\",\"urlTemplate\":\"https:\\\/\\\/veneakselisto.com\\\/kauppa\\\/?s={search_term_string}\"},\"query-input\":{\"@type\":\"PropertyValueSpecification\",\"valueRequired\":true,\"valueName\":\"search_term_string\"}}],\"inLanguage\":\"fi\"},{\"@type\":\"Organization\",\"@id\":\"https:\\\/\\\/veneakselisto.com\\\/kauppa\\\/#organization\",\"name\":\"Veneakselisto.com verkkokauppa\",\"url\":\"https:\\\/\\\/veneakselisto.com\\\/kauppa\\\/\",\"logo\":{\"@type\":\"ImageObject\",\"inLanguage\":\"fi\",\"@id\":\"https:\\\/\\\/veneakselisto.com\\\/kauppa\\\/#\\\/schema\\\/logo\\\/image\\\/\",\"url\":\"https:\\\/\\\/i2.wp.com\\\/veneakselisto.com\\\/kauppa\\\/wp-content\\\/uploads\\\/2016\\\/06\\\/fb_icon.jpg?fit=327%2C327&ssl=1\",\"contentUrl\":\"https:\\\/\\\/i2.wp.com\\\/veneakselisto.com\\\/kauppa\\\/wp-content\\\/uploads\\\/2016\\\/06\\\/fb_icon.jpg?fit=327%2C327&ssl=1\",\"width\":327,\"height\":327,\"caption\":\"Veneakselisto.com verkkokauppa\"},\"image\":{\"@id\":\"https:\\\/\\\/veneakselisto.com\\\/kauppa\\\/#\\\/schema\\\/logo\\\/image\\\/\"},\"sameAs\":[\"https:\\\/\\\/www.facebook.com\\\/AlaMikkula\\\/\"]}]}<\/script>\n<!-- \/ Yoast SEO plugin. -->","yoast_head_json":{"title":"SeaStar rotary NFB ohjaussarja 4.8m - Veneakselisto.com - verkkokauppa","description":"SeaStar rotary NFB ohjaussarja 4.8m. Teleflex veneen kaapeliohjaukset toimittaa venetarvikkeiden erikoisliike-veneakselisto.com","robots":{"index":"index","follow":"follow","max-snippet":"max-snippet:-1","max-image-preview":"max-image-preview:large","max-video-preview":"max-video-preview:-1"},"canonical":"https:\/\/veneakselisto.com\/kauppa\/tuote\/seastar-rotary-nfb-ohjaussarja-4-8m\/","og_locale":"fi_FI","og_type":"article","og_title":"SeaStar rotary NFB ohjaussarja 4.8m - Veneakselisto.com - verkkokauppa","og_description":"SeaStar rotary NFB ohjaussarja 4.8m. Teleflex veneen kaapeliohjaukset toimittaa venetarvikkeiden erikoisliike-veneakselisto.com","og_url":"https:\/\/veneakselisto.com\/kauppa\/tuote\/seastar-rotary-nfb-ohjaussarja-4-8m\/","og_site_name":"Veneakselisto.com - verkkokauppa","article_publisher":"https:\/\/www.facebook.com\/AlaMikkula\/","article_modified_time":"2025-07-15T05:58:35+00:00","og_image":[{"width":500,"height":500,"url":"https:\/\/veneakselisto.com\/kauppa\/wp-content\/uploads\/2025\/01\/NFB-4.2-Rotary.jpg","type":"image\/jpeg"}],"twitter_card":"summary_large_image","twitter_misc":{"Arvioitu lukuaika":"2 minuuttia"},"schema":{"@context":"https:\/\/schema.org","@graph":[{"@type":"WebPage","@id":"https:\/\/veneakselisto.com\/kauppa\/tuote\/seastar-rotary-nfb-ohjaussarja-4-8m\/","url":"https:\/\/veneakselisto.com\/kauppa\/tuote\/seastar-rotary-nfb-ohjaussarja-4-8m\/","name":"SeaStar rotary NFB ohjaussarja 4.8m - Veneakselisto.com - verkkokauppa","isPartOf":{"@id":"https:\/\/veneakselisto.com\/kauppa\/#website"},"primaryImageOfPage":{"@id":"https:\/\/veneakselisto.com\/kauppa\/tuote\/seastar-rotary-nfb-ohjaussarja-4-8m\/#primaryimage"},"image":{"@id":"https:\/\/veneakselisto.com\/kauppa\/tuote\/seastar-rotary-nfb-ohjaussarja-4-8m\/#primaryimage"},"thumbnailUrl":"https:\/\/i0.wp.com\/veneakselisto.com\/kauppa\/wp-content\/uploads\/2025\/01\/NFB-4.2-Rotary.jpg?fit=500%2C500&ssl=1","datePublished":"2025-01-28T11:50:22+00:00","dateModified":"2025-07-15T05:58:35+00:00","description":"SeaStar rotary NFB ohjaussarja 4.8m. Teleflex veneen kaapeliohjaukset toimittaa venetarvikkeiden erikoisliike-veneakselisto.com","breadcrumb":{"@id":"https:\/\/veneakselisto.com\/kauppa\/tuote\/seastar-rotary-nfb-ohjaussarja-4-8m\/#breadcrumb"},"inLanguage":"fi","potentialAction":[{"@type":"ReadAction","target":["https:\/\/veneakselisto.com\/kauppa\/tuote\/seastar-rotary-nfb-ohjaussarja-4-8m\/"]}]},{"@type":"ImageObject","inLanguage":"fi","@id":"https:\/\/veneakselisto.com\/kauppa\/tuote\/seastar-rotary-nfb-ohjaussarja-4-8m\/#primaryimage","url":"https:\/\/i0.wp.com\/veneakselisto.com\/kauppa\/wp-content\/uploads\/2025\/01\/NFB-4.2-Rotary.jpg?fit=500%2C500&ssl=1","contentUrl":"https:\/\/i0.wp.com\/veneakselisto.com\/kauppa\/wp-content\/uploads\/2025\/01\/NFB-4.2-Rotary.jpg?fit=500%2C500&ssl=1","width":500,"height":500,"caption":"SeaStar rotary NFB-Seastar kaapeliohjaus-Veneakselisto.com"},{"@type":"BreadcrumbList","@id":"https:\/\/veneakselisto.com\/kauppa\/tuote\/seastar-rotary-nfb-ohjaussarja-4-8m\/#breadcrumb","itemListElement":[{"@type":"ListItem","position":1,"name":"Etusivu","item":"https:\/\/veneakselisto.com\/kauppa\/"},{"@type":"ListItem","position":2,"name":"Kauppa","item":"https:\/\/veneakselisto.com\/kauppa\/"},{"@type":"ListItem","position":3,"name":"SeaStar rotary NFB ohjaussarja 4.8m"}]},{"@type":"WebSite","@id":"https:\/\/veneakselisto.com\/kauppa\/#website","url":"https:\/\/veneakselisto.com\/kauppa\/","name":"Veneakselisto.com - verkkokauppa","description":"Venetarvikkeiden maahantuonti ja myynti","publisher":{"@id":"https:\/\/veneakselisto.com\/kauppa\/#organization"},"potentialAction":[{"@type":"SearchAction","target":{"@type":"EntryPoint","urlTemplate":"https:\/\/veneakselisto.com\/kauppa\/?s={search_term_string}"},"query-input":{"@type":"PropertyValueSpecification","valueRequired":true,"valueName":"search_term_string"}}],"inLanguage":"fi"},{"@type":"Organization","@id":"https:\/\/veneakselisto.com\/kauppa\/#organization","name":"Veneakselisto.com verkkokauppa","url":"https:\/\/veneakselisto.com\/kauppa\/","logo":{"@type":"ImageObject","inLanguage":"fi","@id":"https:\/\/veneakselisto.com\/kauppa\/#\/schema\/logo\/image\/","url":"https:\/\/i2.wp.com\/veneakselisto.com\/kauppa\/wp-content\/uploads\/2016\/06\/fb_icon.jpg?fit=327%2C327&ssl=1","contentUrl":"https:\/\/i2.wp.com\/veneakselisto.com\/kauppa\/wp-content\/uploads\/2016\/06\/fb_icon.jpg?fit=327%2C327&ssl=1","width":327,"height":327,"caption":"Veneakselisto.com verkkokauppa"},"image":{"@id":"https:\/\/veneakselisto.com\/kauppa\/#\/schema\/logo\/image\/"},"sameAs":["https:\/\/www.facebook.com\/AlaMikkula\/"]}]}},"jetpack_publicize_connections":[],"jetpack_sharing_enabled":true,"_links":{"self":[{"href":"https:\/\/veneakselisto.com\/kauppa\/wp-json\/wp\/v2\/product\/21244","targetHints":{"allow":["GET"]}}],"collection":[{"href":"https:\/\/veneakselisto.com\/kauppa\/wp-json\/wp\/v2\/product"}],"about":[{"href":"https:\/\/veneakselisto.com\/kauppa\/wp-json\/wp\/v2\/types\/product"}],"replies":[{"embeddable":true,"href":"https:\/\/veneakselisto.com\/kauppa\/wp-json\/wp\/v2\/comments?post=21244"}],"wp:featuredmedia":[{"embeddable":true,"href":"https:\/\/veneakselisto.com\/kauppa\/wp-json\/wp\/v2\/media\/21227"}],"wp:attachment":[{"href":"https:\/\/veneakselisto.com\/kauppa\/wp-json\/wp\/v2\/media?parent=21244"}],"wp:term":[{"taxonomy":"product_brand","embeddable":true,"href":"https:\/\/veneakselisto.com\/kauppa\/wp-json\/wp\/v2\/product_brand?post=21244"},{"taxonomy":"product_cat","embeddable":true,"href":"https:\/\/veneakselisto.com\/kauppa\/wp-json\/wp\/v2\/product_cat?post=21244"},{"taxonomy":"product_tag","embeddable":true,"href":"https:\/\/veneakselisto.com\/kauppa\/wp-json\/wp\/v2\/product_tag?post=21244"}],"curies":[{"name":"wp","href":"https:\/\/api.w.org\/{rel}","templated":true}]}}