{"id":21213,"date":"2025-01-27T14:47:12","date_gmt":"2025-01-27T12:47:12","guid":{"rendered":"https:\/\/veneakselisto.com\/kauppa\/?post_type=product&#038;p=21213"},"modified":"2026-01-27T11:55:12","modified_gmt":"2026-01-27T09:55:12","slug":"seastar-hydrauliohjaussarja-keskimoottori-8m","status":"publish","type":"product","link":"https:\/\/veneakselisto.com\/kauppa\/tuote\/seastar-hydrauliohjaussarja-keskimoottori-8m\/","title":{"rendered":"SeaStar hydrauliohjaussarja uppoumarunkoinen 8m"},"content":{"rendered":"<p>SeaStar hydrauliohjaussarja uppoumarunkoinen 8m<\/p>\n<p>-SeaStar hydrauliohjauspaketti max 8m uppoamarunkoisiin veneisiin.<\/p>\n<p>-5.0 kierrosta<\/p>\n<p>Sis\u00e4lt\u00e4\u00e4:<\/p>\n<p>-HH5271-3 1.7 cu.in (27.8cc) SeaStar Hydraulipumpun 1kpl<\/p>\n<p>-HC5313-3\u00a0 8.3 cu.in (136cc) SeaStar hydraulisylinterin 1kpl<\/p>\n<p>-HT5101 3\/8&#8243; nylon hydrauliletku 2x8m (saatavilla my\u00f6s muita mittoja. Tarkista sopiva mitta veneest\u00e4si!)<\/p>\n<p>-HA5430 hydrauli\u00f6ljy 2,5L<\/p>\n<p>Huom! kuva on viitteellinen!<\/p>\n<p>Olemme valinneet yleisimm\u00e4n hydrauliletkun pituuden. Ilmoita letkun pituus jos ilmoitettu hydrauliletkun mitta ei riit\u00e4!<\/p>\n<p>SeaStar hydrauliohjaussarja uppoumarunkoinen 8m<\/p>\n<p>SeaStar sis\u00e4moottorin hydrauliohjauksen tarjoavat SeaStarin valmistajat, huviveneohjauksen luotetuin nimi. SeaStarin avulla voit asentaa kaiken hydraulisen ohjauksen turvallisuuden, luotettavuuden ja mukavuuden veneesi yhteen moottoriin.<\/p>\n<p>Yhdist\u00e4 t\u00e4m\u00e4 ylivoimaiseen Dometic -suunnittelutiimiin, tiukkaan ISO-laadunvalvontaan sek\u00e4 parhaiden materiaalien ja tarkkuuden valmistukseen yhdistettyn\u00e4 BayStar jatkaa perinnett\u00e4 tuoda mukavuutta ja turvallisuutta veneilyyn.<\/p>\n<p>SeaStar-ohjausj\u00e4rjestelm\u00e4 koostuu eritt\u00e4in matalakitkaisesta hydraulipumpusta, joka takaa pehme\u00e4n ja mukavan ohjauksen, ja tasapainotetusta sylinterist\u00e4, jonka kompakti rakenne sopii\u00a0 l\u00e4hes jokaiseen veneeseen.<\/p>\n<p>&nbsp;<\/p>\n<p>&nbsp;<\/p>\n","protected":false},"excerpt":{"rendered":"<p>SeaStar hydrauliohjaussarja uppoumarunkoinen 8m<\/p>\n<p>-SeaStar hydrauliohjauspaketti max 8m uppoamarunkoisiin veneisiin<\/p>\n<p>Olemme valinneet yleisimm\u00e4n hydrauliletkun pituuden. Ilmoita letkun pituus jos ilmoitettu hydrauliletkun mitta ei riit\u00e4!<\/p>\n<p>Sis\u00e4lt\u00e4\u00e4:<\/p>\n<p>-HH5271-3 SeaStar Hydraulipumpun 1kpl<\/p>\n<p>-HC5313-3 SeaStar hydraulisylinterin 1kpl<\/p>\n<p>-HT5101 3\/8&#8243; nylon hydrauliletku 2x8m (saatavilla my\u00f6s muita mittoja. Tarkista sopiva mitta veneest\u00e4si!)<\/p>\n<p>-HA5430 hydrauli\u00f6ljy 2,5L<\/p>\n<p>Huom! kuva on viitteellinen!<\/p>\n<p>Verkkokauppa tuote. Toimitus 1-3pv normaalisti.<\/p>\n","protected":false},"featured_media":21212,"comment_status":"open","ping_status":"closed","template":"","meta":{"jetpack_post_was_ever_published":false,"jetpack_publicize_message":"","jetpack_publicize_feature_enabled":true,"jetpack_social_post_already_shared":true,"jetpack_social_options":{"image_generator_settings":{"template":"highway","default_image_id":0,"font":"","enabled":false},"version":2}},"product_brand":[],"product_cat":[1349,1372,1350],"product_tag":[],"class_list":{"0":"post-21213","1":"product","2":"type-product","3":"status-publish","4":"has-post-thumbnail","6":"product_cat-veneen_hydrauliohjaus","7":"product_cat-hydrauliohjaus_keskimoottorille","8":"product_cat-sisamoottori_hydrauliohjaus","9":"brand-seastar","11":"first","12":"instock","13":"sale","14":"taxable","15":"shipping-taxable","16":"purchasable","17":"product-type-simple"},"yoast_head":"<!-- This site is optimized with the Yoast SEO plugin v27.3 - https:\/\/yoast.com\/product\/yoast-seo-wordpress\/ -->\n<title>SeaStar hydrauliohjaussarja uppoumarunkoinen 8m - Veneakselisto.com - verkkokauppa<\/title>\n<meta name=\"description\" content=\"SeaStar hydrauliohjaussarja keskimoottori 8m. Hydrauliohjaukset akselivetoinen-vene-sis\u00e4moottori-Veneakselisto.com-Venetarvikkeiden maahantuonti ja myynti.\" \/>\n<meta name=\"robots\" content=\"index, follow, max-snippet:-1, max-image-preview:large, max-video-preview:-1\" \/>\n<link rel=\"canonical\" href=\"https:\/\/veneakselisto.com\/kauppa\/tuote\/seastar-hydrauliohjaussarja-keskimoottori-8m\/\" \/>\n<meta property=\"og:locale\" content=\"fi_FI\" \/>\n<meta property=\"og:type\" content=\"article\" \/>\n<meta property=\"og:title\" content=\"SeaStar hydrauliohjaussarja uppoumarunkoinen 8m - Veneakselisto.com - verkkokauppa\" \/>\n<meta property=\"og:description\" content=\"SeaStar hydrauliohjaussarja keskimoottori 8m. Hydrauliohjaukset akselivetoinen-vene-sis\u00e4moottori-Veneakselisto.com-Venetarvikkeiden maahantuonti ja myynti.\" \/>\n<meta property=\"og:url\" content=\"https:\/\/veneakselisto.com\/kauppa\/tuote\/seastar-hydrauliohjaussarja-keskimoottori-8m\/\" \/>\n<meta property=\"og:site_name\" content=\"Veneakselisto.com - verkkokauppa\" \/>\n<meta property=\"article:publisher\" content=\"https:\/\/www.facebook.com\/AlaMikkula\/\" \/>\n<meta property=\"article:modified_time\" content=\"2026-01-27T09:55:12+00:00\" \/>\n<meta property=\"og:image\" content=\"https:\/\/veneakselisto.com\/kauppa\/wp-content\/uploads\/2025\/01\/DOMETIC-MARINE-SEASTAR-BAYSTAR-HK4420A-3__74585.png\" \/>\n\t<meta property=\"og:image:width\" content=\"500\" \/>\n\t<meta property=\"og:image:height\" content=\"500\" \/>\n\t<meta property=\"og:image:type\" content=\"image\/png\" \/>\n<meta name=\"twitter:card\" content=\"summary_large_image\" \/>\n<meta name=\"twitter:label1\" content=\"Arvioitu lukuaika\" \/>\n\t<meta name=\"twitter:data1\" content=\"2 minuuttia\" \/>\n<script type=\"application\/ld+json\" class=\"yoast-schema-graph\">{\"@context\":\"https:\\\/\\\/schema.org\",\"@graph\":[{\"@type\":\"WebPage\",\"@id\":\"https:\\\/\\\/veneakselisto.com\\\/kauppa\\\/tuote\\\/seastar-hydrauliohjaussarja-keskimoottori-8m\\\/\",\"url\":\"https:\\\/\\\/veneakselisto.com\\\/kauppa\\\/tuote\\\/seastar-hydrauliohjaussarja-keskimoottori-8m\\\/\",\"name\":\"SeaStar hydrauliohjaussarja uppoumarunkoinen 8m - Veneakselisto.com - verkkokauppa\",\"isPartOf\":{\"@id\":\"https:\\\/\\\/veneakselisto.com\\\/kauppa\\\/#website\"},\"primaryImageOfPage\":{\"@id\":\"https:\\\/\\\/veneakselisto.com\\\/kauppa\\\/tuote\\\/seastar-hydrauliohjaussarja-keskimoottori-8m\\\/#primaryimage\"},\"image\":{\"@id\":\"https:\\\/\\\/veneakselisto.com\\\/kauppa\\\/tuote\\\/seastar-hydrauliohjaussarja-keskimoottori-8m\\\/#primaryimage\"},\"thumbnailUrl\":\"https:\\\/\\\/i0.wp.com\\\/veneakselisto.com\\\/kauppa\\\/wp-content\\\/uploads\\\/2025\\\/01\\\/DOMETIC-MARINE-SEASTAR-BAYSTAR-HK4420A-3__74585.png?fit=500%2C500&ssl=1\",\"datePublished\":\"2025-01-27T12:47:12+00:00\",\"dateModified\":\"2026-01-27T09:55:12+00:00\",\"description\":\"SeaStar hydrauliohjaussarja keskimoottori 8m. Hydrauliohjaukset akselivetoinen-vene-sis\u00e4moottori-Veneakselisto.com-Venetarvikkeiden maahantuonti ja myynti.\",\"breadcrumb\":{\"@id\":\"https:\\\/\\\/veneakselisto.com\\\/kauppa\\\/tuote\\\/seastar-hydrauliohjaussarja-keskimoottori-8m\\\/#breadcrumb\"},\"inLanguage\":\"fi\",\"potentialAction\":[{\"@type\":\"ReadAction\",\"target\":[\"https:\\\/\\\/veneakselisto.com\\\/kauppa\\\/tuote\\\/seastar-hydrauliohjaussarja-keskimoottori-8m\\\/\"]}]},{\"@type\":\"ImageObject\",\"inLanguage\":\"fi\",\"@id\":\"https:\\\/\\\/veneakselisto.com\\\/kauppa\\\/tuote\\\/seastar-hydrauliohjaussarja-keskimoottori-8m\\\/#primaryimage\",\"url\":\"https:\\\/\\\/i0.wp.com\\\/veneakselisto.com\\\/kauppa\\\/wp-content\\\/uploads\\\/2025\\\/01\\\/DOMETIC-MARINE-SEASTAR-BAYSTAR-HK4420A-3__74585.png?fit=500%2C500&ssl=1\",\"contentUrl\":\"https:\\\/\\\/i0.wp.com\\\/veneakselisto.com\\\/kauppa\\\/wp-content\\\/uploads\\\/2025\\\/01\\\/DOMETIC-MARINE-SEASTAR-BAYSTAR-HK4420A-3__74585.png?fit=500%2C500&ssl=1\",\"width\":500,\"height\":500,\"caption\":\"Hydrauliohjaukset akselivetoinen-vene-sis\u00e4moottori-Veneakselisto.com\"},{\"@type\":\"BreadcrumbList\",\"@id\":\"https:\\\/\\\/veneakselisto.com\\\/kauppa\\\/tuote\\\/seastar-hydrauliohjaussarja-keskimoottori-8m\\\/#breadcrumb\",\"itemListElement\":[{\"@type\":\"ListItem\",\"position\":1,\"name\":\"Etusivu\",\"item\":\"https:\\\/\\\/veneakselisto.com\\\/kauppa\\\/\"},{\"@type\":\"ListItem\",\"position\":2,\"name\":\"Kauppa\",\"item\":\"https:\\\/\\\/veneakselisto.com\\\/kauppa\\\/\"},{\"@type\":\"ListItem\",\"position\":3,\"name\":\"SeaStar hydrauliohjaussarja uppoumarunkoinen 8m\"}]},{\"@type\":\"WebSite\",\"@id\":\"https:\\\/\\\/veneakselisto.com\\\/kauppa\\\/#website\",\"url\":\"https:\\\/\\\/veneakselisto.com\\\/kauppa\\\/\",\"name\":\"Veneakselisto.com - verkkokauppa\",\"description\":\"Venetarvikkeiden maahantuonti ja myynti\",\"publisher\":{\"@id\":\"https:\\\/\\\/veneakselisto.com\\\/kauppa\\\/#organization\"},\"potentialAction\":[{\"@type\":\"SearchAction\",\"target\":{\"@type\":\"EntryPoint\",\"urlTemplate\":\"https:\\\/\\\/veneakselisto.com\\\/kauppa\\\/?s={search_term_string}\"},\"query-input\":{\"@type\":\"PropertyValueSpecification\",\"valueRequired\":true,\"valueName\":\"search_term_string\"}}],\"inLanguage\":\"fi\"},{\"@type\":\"Organization\",\"@id\":\"https:\\\/\\\/veneakselisto.com\\\/kauppa\\\/#organization\",\"name\":\"Veneakselisto.com verkkokauppa\",\"url\":\"https:\\\/\\\/veneakselisto.com\\\/kauppa\\\/\",\"logo\":{\"@type\":\"ImageObject\",\"inLanguage\":\"fi\",\"@id\":\"https:\\\/\\\/veneakselisto.com\\\/kauppa\\\/#\\\/schema\\\/logo\\\/image\\\/\",\"url\":\"https:\\\/\\\/i2.wp.com\\\/veneakselisto.com\\\/kauppa\\\/wp-content\\\/uploads\\\/2016\\\/06\\\/fb_icon.jpg?fit=327%2C327&ssl=1\",\"contentUrl\":\"https:\\\/\\\/i2.wp.com\\\/veneakselisto.com\\\/kauppa\\\/wp-content\\\/uploads\\\/2016\\\/06\\\/fb_icon.jpg?fit=327%2C327&ssl=1\",\"width\":327,\"height\":327,\"caption\":\"Veneakselisto.com verkkokauppa\"},\"image\":{\"@id\":\"https:\\\/\\\/veneakselisto.com\\\/kauppa\\\/#\\\/schema\\\/logo\\\/image\\\/\"},\"sameAs\":[\"https:\\\/\\\/www.facebook.com\\\/AlaMikkula\\\/\"]}]}<\/script>\n<!-- \/ Yoast SEO plugin. -->","yoast_head_json":{"title":"SeaStar hydrauliohjaussarja uppoumarunkoinen 8m - Veneakselisto.com - verkkokauppa","description":"SeaStar hydrauliohjaussarja keskimoottori 8m. Hydrauliohjaukset akselivetoinen-vene-sis\u00e4moottori-Veneakselisto.com-Venetarvikkeiden maahantuonti ja myynti.","robots":{"index":"index","follow":"follow","max-snippet":"max-snippet:-1","max-image-preview":"max-image-preview:large","max-video-preview":"max-video-preview:-1"},"canonical":"https:\/\/veneakselisto.com\/kauppa\/tuote\/seastar-hydrauliohjaussarja-keskimoottori-8m\/","og_locale":"fi_FI","og_type":"article","og_title":"SeaStar hydrauliohjaussarja uppoumarunkoinen 8m - Veneakselisto.com - verkkokauppa","og_description":"SeaStar hydrauliohjaussarja keskimoottori 8m. Hydrauliohjaukset akselivetoinen-vene-sis\u00e4moottori-Veneakselisto.com-Venetarvikkeiden maahantuonti ja myynti.","og_url":"https:\/\/veneakselisto.com\/kauppa\/tuote\/seastar-hydrauliohjaussarja-keskimoottori-8m\/","og_site_name":"Veneakselisto.com - verkkokauppa","article_publisher":"https:\/\/www.facebook.com\/AlaMikkula\/","article_modified_time":"2026-01-27T09:55:12+00:00","og_image":[{"width":500,"height":500,"url":"https:\/\/veneakselisto.com\/kauppa\/wp-content\/uploads\/2025\/01\/DOMETIC-MARINE-SEASTAR-BAYSTAR-HK4420A-3__74585.png","type":"image\/png"}],"twitter_card":"summary_large_image","twitter_misc":{"Arvioitu lukuaika":"2 minuuttia"},"schema":{"@context":"https:\/\/schema.org","@graph":[{"@type":"WebPage","@id":"https:\/\/veneakselisto.com\/kauppa\/tuote\/seastar-hydrauliohjaussarja-keskimoottori-8m\/","url":"https:\/\/veneakselisto.com\/kauppa\/tuote\/seastar-hydrauliohjaussarja-keskimoottori-8m\/","name":"SeaStar hydrauliohjaussarja uppoumarunkoinen 8m - Veneakselisto.com - verkkokauppa","isPartOf":{"@id":"https:\/\/veneakselisto.com\/kauppa\/#website"},"primaryImageOfPage":{"@id":"https:\/\/veneakselisto.com\/kauppa\/tuote\/seastar-hydrauliohjaussarja-keskimoottori-8m\/#primaryimage"},"image":{"@id":"https:\/\/veneakselisto.com\/kauppa\/tuote\/seastar-hydrauliohjaussarja-keskimoottori-8m\/#primaryimage"},"thumbnailUrl":"https:\/\/i0.wp.com\/veneakselisto.com\/kauppa\/wp-content\/uploads\/2025\/01\/DOMETIC-MARINE-SEASTAR-BAYSTAR-HK4420A-3__74585.png?fit=500%2C500&ssl=1","datePublished":"2025-01-27T12:47:12+00:00","dateModified":"2026-01-27T09:55:12+00:00","description":"SeaStar hydrauliohjaussarja keskimoottori 8m. Hydrauliohjaukset akselivetoinen-vene-sis\u00e4moottori-Veneakselisto.com-Venetarvikkeiden maahantuonti ja myynti.","breadcrumb":{"@id":"https:\/\/veneakselisto.com\/kauppa\/tuote\/seastar-hydrauliohjaussarja-keskimoottori-8m\/#breadcrumb"},"inLanguage":"fi","potentialAction":[{"@type":"ReadAction","target":["https:\/\/veneakselisto.com\/kauppa\/tuote\/seastar-hydrauliohjaussarja-keskimoottori-8m\/"]}]},{"@type":"ImageObject","inLanguage":"fi","@id":"https:\/\/veneakselisto.com\/kauppa\/tuote\/seastar-hydrauliohjaussarja-keskimoottori-8m\/#primaryimage","url":"https:\/\/i0.wp.com\/veneakselisto.com\/kauppa\/wp-content\/uploads\/2025\/01\/DOMETIC-MARINE-SEASTAR-BAYSTAR-HK4420A-3__74585.png?fit=500%2C500&ssl=1","contentUrl":"https:\/\/i0.wp.com\/veneakselisto.com\/kauppa\/wp-content\/uploads\/2025\/01\/DOMETIC-MARINE-SEASTAR-BAYSTAR-HK4420A-3__74585.png?fit=500%2C500&ssl=1","width":500,"height":500,"caption":"Hydrauliohjaukset akselivetoinen-vene-sis\u00e4moottori-Veneakselisto.com"},{"@type":"BreadcrumbList","@id":"https:\/\/veneakselisto.com\/kauppa\/tuote\/seastar-hydrauliohjaussarja-keskimoottori-8m\/#breadcrumb","itemListElement":[{"@type":"ListItem","position":1,"name":"Etusivu","item":"https:\/\/veneakselisto.com\/kauppa\/"},{"@type":"ListItem","position":2,"name":"Kauppa","item":"https:\/\/veneakselisto.com\/kauppa\/"},{"@type":"ListItem","position":3,"name":"SeaStar hydrauliohjaussarja uppoumarunkoinen 8m"}]},{"@type":"WebSite","@id":"https:\/\/veneakselisto.com\/kauppa\/#website","url":"https:\/\/veneakselisto.com\/kauppa\/","name":"Veneakselisto.com - verkkokauppa","description":"Venetarvikkeiden maahantuonti ja myynti","publisher":{"@id":"https:\/\/veneakselisto.com\/kauppa\/#organization"},"potentialAction":[{"@type":"SearchAction","target":{"@type":"EntryPoint","urlTemplate":"https:\/\/veneakselisto.com\/kauppa\/?s={search_term_string}"},"query-input":{"@type":"PropertyValueSpecification","valueRequired":true,"valueName":"search_term_string"}}],"inLanguage":"fi"},{"@type":"Organization","@id":"https:\/\/veneakselisto.com\/kauppa\/#organization","name":"Veneakselisto.com verkkokauppa","url":"https:\/\/veneakselisto.com\/kauppa\/","logo":{"@type":"ImageObject","inLanguage":"fi","@id":"https:\/\/veneakselisto.com\/kauppa\/#\/schema\/logo\/image\/","url":"https:\/\/i2.wp.com\/veneakselisto.com\/kauppa\/wp-content\/uploads\/2016\/06\/fb_icon.jpg?fit=327%2C327&ssl=1","contentUrl":"https:\/\/i2.wp.com\/veneakselisto.com\/kauppa\/wp-content\/uploads\/2016\/06\/fb_icon.jpg?fit=327%2C327&ssl=1","width":327,"height":327,"caption":"Veneakselisto.com verkkokauppa"},"image":{"@id":"https:\/\/veneakselisto.com\/kauppa\/#\/schema\/logo\/image\/"},"sameAs":["https:\/\/www.facebook.com\/AlaMikkula\/"]}]}},"jetpack_publicize_connections":[],"jetpack_sharing_enabled":true,"_links":{"self":[{"href":"https:\/\/veneakselisto.com\/kauppa\/wp-json\/wp\/v2\/product\/21213","targetHints":{"allow":["GET"]}}],"collection":[{"href":"https:\/\/veneakselisto.com\/kauppa\/wp-json\/wp\/v2\/product"}],"about":[{"href":"https:\/\/veneakselisto.com\/kauppa\/wp-json\/wp\/v2\/types\/product"}],"replies":[{"embeddable":true,"href":"https:\/\/veneakselisto.com\/kauppa\/wp-json\/wp\/v2\/comments?post=21213"}],"wp:featuredmedia":[{"embeddable":true,"href":"https:\/\/veneakselisto.com\/kauppa\/wp-json\/wp\/v2\/media\/21212"}],"wp:attachment":[{"href":"https:\/\/veneakselisto.com\/kauppa\/wp-json\/wp\/v2\/media?parent=21213"}],"wp:term":[{"taxonomy":"product_brand","embeddable":true,"href":"https:\/\/veneakselisto.com\/kauppa\/wp-json\/wp\/v2\/product_brand?post=21213"},{"taxonomy":"product_cat","embeddable":true,"href":"https:\/\/veneakselisto.com\/kauppa\/wp-json\/wp\/v2\/product_cat?post=21213"},{"taxonomy":"product_tag","embeddable":true,"href":"https:\/\/veneakselisto.com\/kauppa\/wp-json\/wp\/v2\/product_tag?post=21213"}],"curies":[{"name":"wp","href":"https:\/\/api.w.org\/{rel}","templated":true}]}}