{"id":21202,"date":"2025-01-25T10:48:13","date_gmt":"2025-01-25T08:48:13","guid":{"rendered":"https:\/\/veneakselisto.com\/kauppa\/?post_type=product&#038;p=21202"},"modified":"2025-08-27T15:52:35","modified_gmt":"2025-08-27T12:52:35","slug":"baystar-hydrauliohjaussarja-bay350kit-max-350hv","status":"publish","type":"product","link":"https:\/\/veneakselisto.com\/kauppa\/tuote\/baystar-hydrauliohjaussarja-bay350kit-max-350hv\/","title":{"rendered":"SeaStar hydrauliohjaussarja Sea350KIT max 350hv"},"content":{"rendered":"<p>SeaStar hydrauliohjaussarja Sea350KIT max 350hv<\/p>\n<p>-4.9 kierrosta laidasta laitaan<\/p>\n<p>Sarja sis\u00e4lt\u00e4\u00e4:<\/p>\n<p>-TELHH5271-3 ohjauspumppu<\/p>\n<p>-TELHC5345-3 ohjaussylinteri<\/p>\n<p>-TELHA5430 2.5 l hydrauli\u00f6ljy Baystar<\/p>\n<p>-TELHO5150 letkusarja 2x5m (saatavilla my\u00f6s muilla pituuksilla tarvittaessa)<\/p>\n<p>-Hydrauliletkun taittosuoja<\/p>\n<p>Miksi SeaStar per\u00e4moottorin hydrauliohjaus: SeaStar per\u00e4moottorin hydaruliohjaus on markkinoiden laadukkain?\u00a0 SeaStar per\u00e4moottorin hydrauliohjaus on asennettu useinpiin tehdasvalmisteisiin veneisiin, eik\u00e4 syytt\u00e4. SeaStar per\u00e4moottorin hydrauliohjauksen letkuissa on my\u00f6s valmiina taittosuoja.<\/p>\n<p>Sopivuus:<\/p>\n<p>Honda<\/p>\n<p>&#8211; 75-90hv 1996-&gt;<\/p>\n<p>&#8211; BF135hv 2003-&gt;<\/p>\n<p>&#8211; 115hv 2010-&gt;<\/p>\n<p>&#8211; BF100hv 2015-&gt;<\/p>\n<p>Evinrude\/Johnson<\/p>\n<p>&#8211; 40-300hv 1991-&gt; my\u00f6s Etec<\/p>\n<p>&#8211; 75-300hc Ficht 1997-2006<\/p>\n<p>&#8211; 200-225hv 4-tahti 2002-&gt;<\/p>\n<p>&#8211; 3.3L V6 200-250hv 2007-&gt; my\u00f6s H.O. mallit<\/p>\n<p>-3.4L V6 250HO-300hv 2007-&gt; my\u00f6s H.O. mallit<\/p>\n<p>Mercury<\/p>\n<p>&#8211; 75-300hv 1989-&gt;<\/p>\n<p>&#8211; 150-200hv verado 2004-&gt;<\/p>\n<p>&#8211; 175-200-225hv 3.4L V6 2017-&gt;<\/p>\n<p>Selva<\/p>\n<p>&#8211; 115hv 2014-&gt;<\/p>\n<p>&#8211; 150hv 2000-&gt;<\/p>\n<p>&#8211; 200-300hv 4.2L V6 2007-&gt;<\/p>\n<p>Suzuki<\/p>\n<p>&#8211; DT100hv 1986-2000<\/p>\n<p>&#8211; 115-140hv 1986-2002 huom. ei 1996<\/p>\n<p>&#8211; 150-225hv 2 &amp; 4-tahti 1986-2013<\/p>\n<p>&#8211; DF200-300hv 3.6-4.0L V6 2004-&gt;<\/p>\n<p>&#8211; DF325-350hv 4.4L V6 2017-&gt;<\/p>\n<p>Tohatsu<\/p>\n<p>&#8211; 40-140hv 1990-&gt;<\/p>\n<p>&#8211; BFT60-BFT150hv 2014-&gt;<\/p>\n<p>Yamaha<\/p>\n<p>&#8211; 100-300hv 2-tahti 1986-&gt;<\/p>\n<p>&#8211; 80-250hv 4-tahti 1997-&gt;<\/p>\n<p>&#8211; 150-300HPDI 2000-&gt;<\/p>\n<p>&#8211; 200-300hv 4.2L V6 4-tahti 2007-&gt;<\/p>\n<p>&#8211; F300-F350hv 5.3L V8 2007-&gt;<\/p>\n<p>&#8211; 150-200hv 2.8L 4syl 2012-&gt;<\/p>\n<p>&#8211; F115B 2014-&gt;<\/p>\n<p><strong>\u00a0<\/strong><\/p>\n<p>SeaStar per\u00e4moottorin hydrauliohjauksen tarjoavat SeaStarin valmistajat, huviveneohjauksen luotetuin nimi. SeaStarin avulla voit asentaa kaiken hydraulisen ohjauksen turvallisuuden, luotettavuuden ja mukavuuden veneesi yhteen moottoriin, jonka teho on enint\u00e4\u00e4n 150 hv.<\/p>\n<p>Yhdist\u00e4 t\u00e4m\u00e4 ylivoimaiseen Teleflex Canada Limited Partnership -suunnittelutiimiin, tiukkaan ISO-laadunvalvontaan sek\u00e4 parhaiden materiaalien ja tarkkuuden valmistukseen yhdistettyn\u00e4 SeaStar jatkaa perinnett\u00e4 tuoda mukavuutta ja turvallisuutta veneilyyn.<\/p>\n<p>SeaStar-ohjausj\u00e4rjestelm\u00e4 koostuu eritt\u00e4in matalakitkaisesta ruorista, joka takaa pehme\u00e4n ja mukavan ohjauksen, ja tasapainotetusta sylinterist\u00e4, jonka kompakti rakenne sopii useimpiin roiskekuoppiin.<\/p>\n<p>SeaStar per\u00e4moottorin hydaruliohjaus on markkinoiden laadukkain?<\/p>\n<p>HUOM! kuva voi olla viitteellinen<\/p>\n<p>SeaStar hydrauliohjaussarja Sea350KIT max 350hv<\/p>\n","protected":false},"excerpt":{"rendered":"<p>SeaStar hydrauliohjaussarja Sea350KIT max 350hv<\/p>\n<p>-4.9 kierrosta laidasta laitaan<\/p>\n<p>Sarja sis\u00e4lt\u00e4\u00e4:<\/p>\n<p>-TELHH5271-3 ohjauspumppu<\/p>\n<p>-TELHC5345-3 ohjaussylinteri<\/p>\n<p>-TELHA5430 2.5 l hydrauli\u00f6ljy Baystar<\/p>\n<p>-TELHO5150 letkusarja 2x5m (saatavilla my\u00f6s muilla pituuksilla tarvittaessa)<\/p>\n<p>-Hydrauliletkun taittosuoja<\/p>\n<p>Verkkokauppatuote ja toimitusaika 2-5pv<\/p>\n<p>&nbsp;<\/p>\n<p>&nbsp;<\/p>\n","protected":false},"featured_media":21203,"comment_status":"open","ping_status":"closed","template":"","meta":{"jetpack_post_was_ever_published":false,"jetpack_publicize_message":"","jetpack_publicize_feature_enabled":true,"jetpack_social_post_already_shared":true,"jetpack_social_options":{"image_generator_settings":{"template":"highway","default_image_id":0,"font":"","enabled":false},"version":2}},"product_brand":[],"product_cat":[1349,1126,485,1351,1245,1348],"product_tag":[],"class_list":{"0":"post-21202","1":"product","2":"type-product","3":"status-publish","4":"has-post-thumbnail","6":"product_cat-veneen_hydrauliohjaus","7":"product_cat-peramoottorin-hydrauliohjaus","8":"product_cat-veneen-ohjaus-hallinta","9":"product_cat-peramoottori_hydrauliohjaus_baystar_seastar-veneen_hydrauliohjaus","10":"product_cat-peramoottori_peravetolaite","11":"product_cat-peramoottori_hydrauliohjaus_baystar_seastar","12":"brand-seastar","14":"first","15":"instock","16":"sale","17":"taxable","18":"shipping-taxable","19":"purchasable","20":"product-type-simple"},"yoast_head":"<!-- This site is optimized with the Yoast SEO plugin v27.4 - https:\/\/yoast.com\/product\/yoast-seo-wordpress\/ -->\n<title>SeaStar hydrauliohjaussarja Sea350KIT max 350hv-veneakselisto<\/title>\n<meta name=\"description\" content=\"SeaStar hydrauliohjaussarja Sea350KIT max 350hv-Honda-Yamaha-suzuki-evinrude ja mercury-per\u00e4moottorin hydrauliohjaus-BayStar\" \/>\n<meta name=\"robots\" content=\"index, follow, max-snippet:-1, max-image-preview:large, max-video-preview:-1\" \/>\n<link rel=\"canonical\" href=\"https:\/\/veneakselisto.com\/kauppa\/tuote\/baystar-hydrauliohjaussarja-bay350kit-max-350hv\/\" \/>\n<meta property=\"og:locale\" content=\"fi_FI\" \/>\n<meta property=\"og:type\" content=\"article\" \/>\n<meta property=\"og:title\" content=\"SeaStar hydrauliohjaussarja Sea350KIT max 350hv-veneakselisto\" \/>\n<meta property=\"og:description\" content=\"SeaStar hydrauliohjaussarja Sea350KIT max 350hv-Honda-Yamaha-suzuki-evinrude ja mercury-per\u00e4moottorin hydrauliohjaus-BayStar\" \/>\n<meta property=\"og:url\" content=\"https:\/\/veneakselisto.com\/kauppa\/tuote\/baystar-hydrauliohjaussarja-bay350kit-max-350hv\/\" \/>\n<meta property=\"og:site_name\" content=\"Veneakselisto.com - verkkokauppa\" \/>\n<meta property=\"article:publisher\" content=\"https:\/\/www.facebook.com\/AlaMikkula\/\" \/>\n<meta property=\"article:modified_time\" content=\"2025-08-27T12:52:35+00:00\" \/>\n<meta property=\"og:image\" content=\"https:\/\/veneakselisto.com\/kauppa\/wp-content\/uploads\/2025\/01\/BAY350KIT.jpg\" \/>\n\t<meta property=\"og:image:width\" content=\"500\" \/>\n\t<meta property=\"og:image:height\" content=\"500\" \/>\n\t<meta property=\"og:image:type\" content=\"image\/jpeg\" \/>\n<meta name=\"twitter:card\" content=\"summary_large_image\" \/>\n<meta name=\"twitter:label1\" content=\"Arvioitu lukuaika\" \/>\n\t<meta name=\"twitter:data1\" content=\"2 minuuttia\" \/>\n<script type=\"application\/ld+json\" class=\"yoast-schema-graph\">{\"@context\":\"https:\\\/\\\/schema.org\",\"@graph\":[{\"@type\":\"WebPage\",\"@id\":\"https:\\\/\\\/veneakselisto.com\\\/kauppa\\\/tuote\\\/baystar-hydrauliohjaussarja-bay350kit-max-350hv\\\/\",\"url\":\"https:\\\/\\\/veneakselisto.com\\\/kauppa\\\/tuote\\\/baystar-hydrauliohjaussarja-bay350kit-max-350hv\\\/\",\"name\":\"SeaStar hydrauliohjaussarja Sea350KIT max 350hv-veneakselisto\",\"isPartOf\":{\"@id\":\"https:\\\/\\\/veneakselisto.com\\\/kauppa\\\/#website\"},\"primaryImageOfPage\":{\"@id\":\"https:\\\/\\\/veneakselisto.com\\\/kauppa\\\/tuote\\\/baystar-hydrauliohjaussarja-bay350kit-max-350hv\\\/#primaryimage\"},\"image\":{\"@id\":\"https:\\\/\\\/veneakselisto.com\\\/kauppa\\\/tuote\\\/baystar-hydrauliohjaussarja-bay350kit-max-350hv\\\/#primaryimage\"},\"thumbnailUrl\":\"https:\\\/\\\/i0.wp.com\\\/veneakselisto.com\\\/kauppa\\\/wp-content\\\/uploads\\\/2025\\\/01\\\/BAY350KIT.jpg?fit=500%2C500&ssl=1\",\"datePublished\":\"2025-01-25T08:48:13+00:00\",\"dateModified\":\"2025-08-27T12:52:35+00:00\",\"description\":\"SeaStar hydrauliohjaussarja Sea350KIT max 350hv-Honda-Yamaha-suzuki-evinrude ja mercury-per\u00e4moottorin hydrauliohjaus-BayStar\",\"breadcrumb\":{\"@id\":\"https:\\\/\\\/veneakselisto.com\\\/kauppa\\\/tuote\\\/baystar-hydrauliohjaussarja-bay350kit-max-350hv\\\/#breadcrumb\"},\"inLanguage\":\"fi\",\"potentialAction\":[{\"@type\":\"ReadAction\",\"target\":[\"https:\\\/\\\/veneakselisto.com\\\/kauppa\\\/tuote\\\/baystar-hydrauliohjaussarja-bay350kit-max-350hv\\\/\"]}]},{\"@type\":\"ImageObject\",\"inLanguage\":\"fi\",\"@id\":\"https:\\\/\\\/veneakselisto.com\\\/kauppa\\\/tuote\\\/baystar-hydrauliohjaussarja-bay350kit-max-350hv\\\/#primaryimage\",\"url\":\"https:\\\/\\\/i0.wp.com\\\/veneakselisto.com\\\/kauppa\\\/wp-content\\\/uploads\\\/2025\\\/01\\\/BAY350KIT.jpg?fit=500%2C500&ssl=1\",\"contentUrl\":\"https:\\\/\\\/i0.wp.com\\\/veneakselisto.com\\\/kauppa\\\/wp-content\\\/uploads\\\/2025\\\/01\\\/BAY350KIT.jpg?fit=500%2C500&ssl=1\",\"width\":500,\"height\":500,\"caption\":\"SeaStar-Per\u00e4moottorin hydrauliohjaussarjat toimittaa venetarvikkeiden erikoisliike-Veneakselisto.com\"},{\"@type\":\"BreadcrumbList\",\"@id\":\"https:\\\/\\\/veneakselisto.com\\\/kauppa\\\/tuote\\\/baystar-hydrauliohjaussarja-bay350kit-max-350hv\\\/#breadcrumb\",\"itemListElement\":[{\"@type\":\"ListItem\",\"position\":1,\"name\":\"Etusivu\",\"item\":\"https:\\\/\\\/veneakselisto.com\\\/kauppa\\\/\"},{\"@type\":\"ListItem\",\"position\":2,\"name\":\"Kauppa\",\"item\":\"https:\\\/\\\/veneakselisto.com\\\/kauppa\\\/\"},{\"@type\":\"ListItem\",\"position\":3,\"name\":\"SeaStar hydrauliohjaussarja Sea350KIT max 350hv\"}]},{\"@type\":\"WebSite\",\"@id\":\"https:\\\/\\\/veneakselisto.com\\\/kauppa\\\/#website\",\"url\":\"https:\\\/\\\/veneakselisto.com\\\/kauppa\\\/\",\"name\":\"Veneakselisto.com - verkkokauppa\",\"description\":\"Venetarvikkeiden maahantuonti ja myynti\",\"publisher\":{\"@id\":\"https:\\\/\\\/veneakselisto.com\\\/kauppa\\\/#organization\"},\"potentialAction\":[{\"@type\":\"SearchAction\",\"target\":{\"@type\":\"EntryPoint\",\"urlTemplate\":\"https:\\\/\\\/veneakselisto.com\\\/kauppa\\\/?s={search_term_string}\"},\"query-input\":{\"@type\":\"PropertyValueSpecification\",\"valueRequired\":true,\"valueName\":\"search_term_string\"}}],\"inLanguage\":\"fi\"},{\"@type\":\"Organization\",\"@id\":\"https:\\\/\\\/veneakselisto.com\\\/kauppa\\\/#organization\",\"name\":\"Veneakselisto.com verkkokauppa\",\"url\":\"https:\\\/\\\/veneakselisto.com\\\/kauppa\\\/\",\"logo\":{\"@type\":\"ImageObject\",\"inLanguage\":\"fi\",\"@id\":\"https:\\\/\\\/veneakselisto.com\\\/kauppa\\\/#\\\/schema\\\/logo\\\/image\\\/\",\"url\":\"https:\\\/\\\/i2.wp.com\\\/veneakselisto.com\\\/kauppa\\\/wp-content\\\/uploads\\\/2016\\\/06\\\/fb_icon.jpg?fit=327%2C327&ssl=1\",\"contentUrl\":\"https:\\\/\\\/i2.wp.com\\\/veneakselisto.com\\\/kauppa\\\/wp-content\\\/uploads\\\/2016\\\/06\\\/fb_icon.jpg?fit=327%2C327&ssl=1\",\"width\":327,\"height\":327,\"caption\":\"Veneakselisto.com verkkokauppa\"},\"image\":{\"@id\":\"https:\\\/\\\/veneakselisto.com\\\/kauppa\\\/#\\\/schema\\\/logo\\\/image\\\/\"},\"sameAs\":[\"https:\\\/\\\/www.facebook.com\\\/AlaMikkula\\\/\"]}]}<\/script>\n<!-- \/ Yoast SEO plugin. -->","yoast_head_json":{"title":"SeaStar hydrauliohjaussarja Sea350KIT max 350hv-veneakselisto","description":"SeaStar hydrauliohjaussarja Sea350KIT max 350hv-Honda-Yamaha-suzuki-evinrude ja mercury-per\u00e4moottorin hydrauliohjaus-BayStar","robots":{"index":"index","follow":"follow","max-snippet":"max-snippet:-1","max-image-preview":"max-image-preview:large","max-video-preview":"max-video-preview:-1"},"canonical":"https:\/\/veneakselisto.com\/kauppa\/tuote\/baystar-hydrauliohjaussarja-bay350kit-max-350hv\/","og_locale":"fi_FI","og_type":"article","og_title":"SeaStar hydrauliohjaussarja Sea350KIT max 350hv-veneakselisto","og_description":"SeaStar hydrauliohjaussarja Sea350KIT max 350hv-Honda-Yamaha-suzuki-evinrude ja mercury-per\u00e4moottorin hydrauliohjaus-BayStar","og_url":"https:\/\/veneakselisto.com\/kauppa\/tuote\/baystar-hydrauliohjaussarja-bay350kit-max-350hv\/","og_site_name":"Veneakselisto.com - verkkokauppa","article_publisher":"https:\/\/www.facebook.com\/AlaMikkula\/","article_modified_time":"2025-08-27T12:52:35+00:00","og_image":[{"width":500,"height":500,"url":"https:\/\/veneakselisto.com\/kauppa\/wp-content\/uploads\/2025\/01\/BAY350KIT.jpg","type":"image\/jpeg"}],"twitter_card":"summary_large_image","twitter_misc":{"Arvioitu lukuaika":"2 minuuttia"},"schema":{"@context":"https:\/\/schema.org","@graph":[{"@type":"WebPage","@id":"https:\/\/veneakselisto.com\/kauppa\/tuote\/baystar-hydrauliohjaussarja-bay350kit-max-350hv\/","url":"https:\/\/veneakselisto.com\/kauppa\/tuote\/baystar-hydrauliohjaussarja-bay350kit-max-350hv\/","name":"SeaStar hydrauliohjaussarja Sea350KIT max 350hv-veneakselisto","isPartOf":{"@id":"https:\/\/veneakselisto.com\/kauppa\/#website"},"primaryImageOfPage":{"@id":"https:\/\/veneakselisto.com\/kauppa\/tuote\/baystar-hydrauliohjaussarja-bay350kit-max-350hv\/#primaryimage"},"image":{"@id":"https:\/\/veneakselisto.com\/kauppa\/tuote\/baystar-hydrauliohjaussarja-bay350kit-max-350hv\/#primaryimage"},"thumbnailUrl":"https:\/\/i0.wp.com\/veneakselisto.com\/kauppa\/wp-content\/uploads\/2025\/01\/BAY350KIT.jpg?fit=500%2C500&ssl=1","datePublished":"2025-01-25T08:48:13+00:00","dateModified":"2025-08-27T12:52:35+00:00","description":"SeaStar hydrauliohjaussarja Sea350KIT max 350hv-Honda-Yamaha-suzuki-evinrude ja mercury-per\u00e4moottorin hydrauliohjaus-BayStar","breadcrumb":{"@id":"https:\/\/veneakselisto.com\/kauppa\/tuote\/baystar-hydrauliohjaussarja-bay350kit-max-350hv\/#breadcrumb"},"inLanguage":"fi","potentialAction":[{"@type":"ReadAction","target":["https:\/\/veneakselisto.com\/kauppa\/tuote\/baystar-hydrauliohjaussarja-bay350kit-max-350hv\/"]}]},{"@type":"ImageObject","inLanguage":"fi","@id":"https:\/\/veneakselisto.com\/kauppa\/tuote\/baystar-hydrauliohjaussarja-bay350kit-max-350hv\/#primaryimage","url":"https:\/\/i0.wp.com\/veneakselisto.com\/kauppa\/wp-content\/uploads\/2025\/01\/BAY350KIT.jpg?fit=500%2C500&ssl=1","contentUrl":"https:\/\/i0.wp.com\/veneakselisto.com\/kauppa\/wp-content\/uploads\/2025\/01\/BAY350KIT.jpg?fit=500%2C500&ssl=1","width":500,"height":500,"caption":"SeaStar-Per\u00e4moottorin hydrauliohjaussarjat toimittaa venetarvikkeiden erikoisliike-Veneakselisto.com"},{"@type":"BreadcrumbList","@id":"https:\/\/veneakselisto.com\/kauppa\/tuote\/baystar-hydrauliohjaussarja-bay350kit-max-350hv\/#breadcrumb","itemListElement":[{"@type":"ListItem","position":1,"name":"Etusivu","item":"https:\/\/veneakselisto.com\/kauppa\/"},{"@type":"ListItem","position":2,"name":"Kauppa","item":"https:\/\/veneakselisto.com\/kauppa\/"},{"@type":"ListItem","position":3,"name":"SeaStar hydrauliohjaussarja Sea350KIT max 350hv"}]},{"@type":"WebSite","@id":"https:\/\/veneakselisto.com\/kauppa\/#website","url":"https:\/\/veneakselisto.com\/kauppa\/","name":"Veneakselisto.com - verkkokauppa","description":"Venetarvikkeiden maahantuonti ja myynti","publisher":{"@id":"https:\/\/veneakselisto.com\/kauppa\/#organization"},"potentialAction":[{"@type":"SearchAction","target":{"@type":"EntryPoint","urlTemplate":"https:\/\/veneakselisto.com\/kauppa\/?s={search_term_string}"},"query-input":{"@type":"PropertyValueSpecification","valueRequired":true,"valueName":"search_term_string"}}],"inLanguage":"fi"},{"@type":"Organization","@id":"https:\/\/veneakselisto.com\/kauppa\/#organization","name":"Veneakselisto.com verkkokauppa","url":"https:\/\/veneakselisto.com\/kauppa\/","logo":{"@type":"ImageObject","inLanguage":"fi","@id":"https:\/\/veneakselisto.com\/kauppa\/#\/schema\/logo\/image\/","url":"https:\/\/i2.wp.com\/veneakselisto.com\/kauppa\/wp-content\/uploads\/2016\/06\/fb_icon.jpg?fit=327%2C327&ssl=1","contentUrl":"https:\/\/i2.wp.com\/veneakselisto.com\/kauppa\/wp-content\/uploads\/2016\/06\/fb_icon.jpg?fit=327%2C327&ssl=1","width":327,"height":327,"caption":"Veneakselisto.com verkkokauppa"},"image":{"@id":"https:\/\/veneakselisto.com\/kauppa\/#\/schema\/logo\/image\/"},"sameAs":["https:\/\/www.facebook.com\/AlaMikkula\/"]}]}},"jetpack_publicize_connections":[],"jetpack_sharing_enabled":true,"_links":{"self":[{"href":"https:\/\/veneakselisto.com\/kauppa\/wp-json\/wp\/v2\/product\/21202","targetHints":{"allow":["GET"]}}],"collection":[{"href":"https:\/\/veneakselisto.com\/kauppa\/wp-json\/wp\/v2\/product"}],"about":[{"href":"https:\/\/veneakselisto.com\/kauppa\/wp-json\/wp\/v2\/types\/product"}],"replies":[{"embeddable":true,"href":"https:\/\/veneakselisto.com\/kauppa\/wp-json\/wp\/v2\/comments?post=21202"}],"wp:featuredmedia":[{"embeddable":true,"href":"https:\/\/veneakselisto.com\/kauppa\/wp-json\/wp\/v2\/media\/21203"}],"wp:attachment":[{"href":"https:\/\/veneakselisto.com\/kauppa\/wp-json\/wp\/v2\/media?parent=21202"}],"wp:term":[{"taxonomy":"product_brand","embeddable":true,"href":"https:\/\/veneakselisto.com\/kauppa\/wp-json\/wp\/v2\/product_brand?post=21202"},{"taxonomy":"product_cat","embeddable":true,"href":"https:\/\/veneakselisto.com\/kauppa\/wp-json\/wp\/v2\/product_cat?post=21202"},{"taxonomy":"product_tag","embeddable":true,"href":"https:\/\/veneakselisto.com\/kauppa\/wp-json\/wp\/v2\/product_tag?post=21202"}],"curies":[{"name":"wp","href":"https:\/\/api.w.org\/{rel}","templated":true}]}}