{"id":21132,"date":"2025-01-23T10:56:13","date_gmt":"2025-01-23T08:56:13","guid":{"rendered":"https:\/\/veneakselisto.com\/kauppa\/?post_type=product&#038;p=21132"},"modified":"2026-02-13T09:03:04","modified_gmt":"2026-02-13T07:03:04","slug":"seastar-moottorihissi-4-setback","status":"publish","type":"product","link":"https:\/\/veneakselisto.com\/kauppa\/tuote\/seastar-moottorihissi-4-setback\/","title":{"rendered":"SeaStar moottorihissi 4&#8243; setback"},"content":{"rendered":"<p>SeaStar moottorihissi 4&#8243; setback<\/p>\n<div id=\"description\" class=\"data item content\" role=\"tabpanel\" aria-labelledby=\"tab-label-description\" data-role=\"content\" aria-hidden=\"false\">\n<div class=\"product attribute description\">\n<div class=\"value\">\n<div id=\"description\" class=\"data item content\" role=\"tabpanel\" aria-labelledby=\"tab-label-description\" data-role=\"content\" aria-hidden=\"false\">\n<div class=\"product attribute description\">\n<div class=\"value\">\n<ul>\n<li>SeaStar moottorihissi per\u00e4moottorille<\/li>\n<li>4&#8243; &#8220;setback&#8221; (moottori siirtyy 4&#8243; taaksep\u00e4in)<\/li>\n<li>3&#8243; manuaalinen korkeuss\u00e4\u00e4t\u00f6<\/li>\n<li>Sivulukitus<\/li>\n<li>Moottorin max. paino 265kg<\/li>\n<li>Alumiinia<\/li>\n<li><span class=\"sku_wrapper\"><span class=\"sku\">THM-BK-1<\/span><\/span> pulttisarja tilattava erikseen<\/li>\n<\/ul>\n<p>Tavallisissa moottorin kiinnikkeiss\u00e4 per\u00e4moottori on asennettava riitt\u00e4v\u00e4n alas, jotta se ei aiheuta kavitaatiota kierroksilla tai k\u00e4\u00e4nn\u00f6ksiss\u00e4. Tyyness\u00e4 vedess\u00e4 suoraan ajattaessa se voitaisiin asentaa korkeammalle, mutta kun se on pultattu tiukasti per\u00e4peiliin, sit\u00e4 yl\u00f6s tai alas siirt\u00e4minen ei tietenk\u00e4\u00e4n onnistu. Silloin tarvitaan SeaStar moottorihissi\u00e4.<\/p>\n<p>Moottorin kallistaminen yl\u00f6s matalassa vedess\u00e4 ajettaessa asettaa kavitaatiolevyn potkurin eteen, mik\u00e4 itse asiassa edist\u00e4\u00e4 kavitaatiota. Moottorin nosto pystysuoraan pit\u00e4\u00e4 levyn potkurin yl\u00e4puolella ja linjassa veneen liikkeen kanssa. Ty\u00f6nt\u00f6 suoraan vedenpinnan suuntaisesti &#8211; tehokkain suunta. Kallistettu moottori my\u00f6s heitt\u00e4\u00e4 vett\u00e4 yl\u00f6sp\u00e4in ja silloin hukkaat energiaa. Lis\u00e4ksi Newtonin kolmas liikelaki kertoo, ett\u00e4 ty\u00f6nt\u00f6voiman on oltava yht\u00e4 suuri kuin ty\u00f6nt\u00f6voiman alasp\u00e4in. Jos olet matalassa vedess\u00e4, et halua veneesi painuvan alas, etenk\u00e4\u00e4n per\u00e4ss\u00e4. Moottori trimmattuna yl\u00f6s korkeassa kulmassa matalassa vedess\u00e4 nostaa keulaa ja laskee per\u00e4\u00e4, mik\u00e4 tekee veneesi syv\u00e4yksest\u00e4 syvemm\u00e4n. Moottorihissill\u00e4 varustettu vene voi v\u00e4ltt\u00e4\u00e4 kaikki ne kielteiset seuraukset, jotka aiheutuvat moottorin kallistumisesta. Nostamalla moottoria yksinkertaisesti nostolevyn kanssa, kunnes se on juuri kavitaation partaalla, voit ajaa paljon matalammissa syvyyksiss\u00e4 kuin olet koskaan kuvitellut.<\/p>\n<p>SeaStar moottorihissi 4&#8243; setback<\/p>\n<p>Per\u00e4moottorin nostolevy-moottorihissi.<\/p>\n<p><strong>Dometic SeaStar moottorihissit<\/strong><\/p>\n<p>Valitse Dometic SeaStar Jack Plates saadaksesi ylivoimaisen veneilykokemuksen, jossa toiminnallisuus kohtaa tarkkuuden. Saatavana useita eri kokoja ja kokoonpanoja.<\/p>\n<p>Tutustu SeaStar moottorihissi valikoimaan ja ota ensimm\u00e4inen askel kohti nautinnollisempaa ja tehokkaampaa veneily\u00e4. Nostolevyt on valmistettu ensiluokkaisista materiaaleista, ja niiss\u00e4 on edistynyt tekniikka, joka optimoi veneesi nopeuden ja polttoainetehokkuuden samalla, kun se varmistaa vakauden ja hallinnan erilaisissa vesiolosuhteissa. Innovatiivinen muotoilu mahdollistaa nopeat s\u00e4\u00e4d\u00f6t, joten voit mukautua vaivattomasti muuttuviin kuormiin ja veden syvyyksiin. SeaStar moottorihissit on helppo asentaa ja s\u00e4\u00e4t\u00e4\u00e4, ja ne on rakennettu kest\u00e4m\u00e4\u00e4n. Valitsetpa manuaalisen tai hydraulisen mallin, voit odottaa huippuluokan suorituskyky\u00e4.<\/p>\n<\/div>\n<\/div>\n<\/div>\n<\/div>\n<\/div>\n<\/div>\n","protected":false},"excerpt":{"rendered":"<p>SeaStar moottorihissi 4&#8243; setback<\/p>\n<div id=\"description\" class=\"data item content\" role=\"tabpanel\" aria-labelledby=\"tab-label-description\" data-role=\"content\" aria-hidden=\"false\">\n<div class=\"product attribute description\">\n<div class=\"value\">\n<div id=\"description\" class=\"data item content\" role=\"tabpanel\" aria-labelledby=\"tab-label-description\" data-role=\"content\" aria-hidden=\"false\">\n<div class=\"product attribute description\">\n<div class=\"value\">\n<ul>\n<li>SeaStar moottorihissi per\u00e4moottorille<\/li>\n<li>4&#8243; &#8220;setback&#8221; (moottori siirtyy 4&#8243; taaksep\u00e4in)<\/li>\n<li>3&#8243; manuaalinen korkeuss\u00e4\u00e4t\u00f6<\/li>\n<li>Sivulukitus<\/li>\n<li>Moottorin max. paino 265kg<\/li>\n<li><span class=\"sku_wrapper\"><span class=\"sku\">THM-BK-1<\/span><\/span> pulttisarja tilattava erikseen<\/li>\n<li>Alumiinia<\/li>\n<\/ul>\n<\/div>\n<\/div>\n<\/div>\n<\/div>\n<\/div>\n<\/div>\n<p>Verkkokauppatuote. Toimitus 1-3pv normaalisti<\/p>\n","protected":false},"featured_media":21133,"comment_status":"open","ping_status":"closed","template":"","meta":{"jetpack_post_was_ever_published":false,"jetpack_publicize_message":"","jetpack_publicize_feature_enabled":true,"jetpack_social_post_already_shared":true,"jetpack_social_options":{"image_generator_settings":{"template":"highway","default_image_id":0,"font":"","enabled":false},"version":2}},"product_brand":[],"product_cat":[1339,485,1245,1338],"product_tag":[1345,1346,1341],"class_list":{"0":"post-21132","1":"product","2":"type-product","3":"status-publish","4":"has-post-thumbnail","6":"product_cat-veneen_trimmitaso_sarjat_bennett_trimmitaso_dometic","7":"product_cat-veneen-ohjaus-hallinta","8":"product_cat-peramoottori_peravetolaite","9":"product_cat-veneen_trimmilevy_sarja_bennett_trimmitaso","10":"product_tag-moottorihissi","11":"product_tag-nostolevy","12":"product_tag-trimmitaso","13":"brand-seastar","15":"first","16":"instock","17":"sale","18":"taxable","19":"shipping-taxable","20":"purchasable","21":"product-type-simple"},"yoast_head":"<!-- This site is optimized with the Yoast SEO plugin v27.4 - https:\/\/yoast.com\/product\/yoast-seo-wordpress\/ -->\n<title>SeaStar moottorihissi 4&quot; setback - Veneakselisto.com - verkkokauppa<\/title>\n<meta name=\"description\" content=\"SeaStar moottorihissi 4&quot; setback. SeaStar moottorihissit toimittaa veneakselisto.com. Venetarvikkeiden maahantuonti ja myynti. Nostolevy.\" \/>\n<meta name=\"robots\" content=\"index, follow, max-snippet:-1, max-image-preview:large, max-video-preview:-1\" \/>\n<link rel=\"canonical\" href=\"https:\/\/veneakselisto.com\/kauppa\/tuote\/seastar-moottorihissi-4-setback\/\" \/>\n<meta property=\"og:locale\" content=\"fi_FI\" \/>\n<meta property=\"og:type\" content=\"article\" \/>\n<meta property=\"og:title\" content=\"SeaStar moottorihissi 4&quot; setback - Veneakselisto.com - verkkokauppa\" \/>\n<meta property=\"og:description\" content=\"SeaStar moottorihissi 4&quot; setback. SeaStar moottorihissit toimittaa veneakselisto.com. Venetarvikkeiden maahantuonti ja myynti. Nostolevy.\" \/>\n<meta property=\"og:url\" content=\"https:\/\/veneakselisto.com\/kauppa\/tuote\/seastar-moottorihissi-4-setback\/\" \/>\n<meta property=\"og:site_name\" content=\"Veneakselisto.com - verkkokauppa\" \/>\n<meta property=\"article:publisher\" content=\"https:\/\/www.facebook.com\/AlaMikkula\/\" \/>\n<meta property=\"article:modified_time\" content=\"2026-02-13T07:03:04+00:00\" \/>\n<meta property=\"og:image\" content=\"https:\/\/veneakselisto.com\/kauppa\/wp-content\/uploads\/2025\/01\/Manuaalinen-moottorihissi.png\" \/>\n\t<meta property=\"og:image:width\" content=\"500\" \/>\n\t<meta property=\"og:image:height\" content=\"500\" \/>\n\t<meta property=\"og:image:type\" content=\"image\/png\" \/>\n<meta name=\"twitter:card\" content=\"summary_large_image\" \/>\n<meta name=\"twitter:label1\" content=\"Arvioitu lukuaika\" \/>\n\t<meta name=\"twitter:data1\" content=\"2 minuuttia\" \/>\n<script type=\"application\/ld+json\" class=\"yoast-schema-graph\">{\"@context\":\"https:\\\/\\\/schema.org\",\"@graph\":[{\"@type\":\"WebPage\",\"@id\":\"https:\\\/\\\/veneakselisto.com\\\/kauppa\\\/tuote\\\/seastar-moottorihissi-4-setback\\\/\",\"url\":\"https:\\\/\\\/veneakselisto.com\\\/kauppa\\\/tuote\\\/seastar-moottorihissi-4-setback\\\/\",\"name\":\"SeaStar moottorihissi 4\\\" setback - Veneakselisto.com - verkkokauppa\",\"isPartOf\":{\"@id\":\"https:\\\/\\\/veneakselisto.com\\\/kauppa\\\/#website\"},\"primaryImageOfPage\":{\"@id\":\"https:\\\/\\\/veneakselisto.com\\\/kauppa\\\/tuote\\\/seastar-moottorihissi-4-setback\\\/#primaryimage\"},\"image\":{\"@id\":\"https:\\\/\\\/veneakselisto.com\\\/kauppa\\\/tuote\\\/seastar-moottorihissi-4-setback\\\/#primaryimage\"},\"thumbnailUrl\":\"https:\\\/\\\/i0.wp.com\\\/veneakselisto.com\\\/kauppa\\\/wp-content\\\/uploads\\\/2025\\\/01\\\/Manuaalinen-moottorihissi.png?fit=500%2C500&ssl=1\",\"datePublished\":\"2025-01-23T08:56:13+00:00\",\"dateModified\":\"2026-02-13T07:03:04+00:00\",\"description\":\"SeaStar moottorihissi 4\\\" setback. SeaStar moottorihissit toimittaa veneakselisto.com. Venetarvikkeiden maahantuonti ja myynti. Nostolevy.\",\"breadcrumb\":{\"@id\":\"https:\\\/\\\/veneakselisto.com\\\/kauppa\\\/tuote\\\/seastar-moottorihissi-4-setback\\\/#breadcrumb\"},\"inLanguage\":\"fi\",\"potentialAction\":[{\"@type\":\"ReadAction\",\"target\":[\"https:\\\/\\\/veneakselisto.com\\\/kauppa\\\/tuote\\\/seastar-moottorihissi-4-setback\\\/\"]}]},{\"@type\":\"ImageObject\",\"inLanguage\":\"fi\",\"@id\":\"https:\\\/\\\/veneakselisto.com\\\/kauppa\\\/tuote\\\/seastar-moottorihissi-4-setback\\\/#primaryimage\",\"url\":\"https:\\\/\\\/i0.wp.com\\\/veneakselisto.com\\\/kauppa\\\/wp-content\\\/uploads\\\/2025\\\/01\\\/Manuaalinen-moottorihissi.png?fit=500%2C500&ssl=1\",\"contentUrl\":\"https:\\\/\\\/i0.wp.com\\\/veneakselisto.com\\\/kauppa\\\/wp-content\\\/uploads\\\/2025\\\/01\\\/Manuaalinen-moottorihissi.png?fit=500%2C500&ssl=1\",\"width\":500,\"height\":500,\"caption\":\"Per\u00e4moottorin manuaalinen-moottorihissi-veneakselisto.com\"},{\"@type\":\"BreadcrumbList\",\"@id\":\"https:\\\/\\\/veneakselisto.com\\\/kauppa\\\/tuote\\\/seastar-moottorihissi-4-setback\\\/#breadcrumb\",\"itemListElement\":[{\"@type\":\"ListItem\",\"position\":1,\"name\":\"Etusivu\",\"item\":\"https:\\\/\\\/veneakselisto.com\\\/kauppa\\\/\"},{\"@type\":\"ListItem\",\"position\":2,\"name\":\"Kauppa\",\"item\":\"https:\\\/\\\/veneakselisto.com\\\/kauppa\\\/\"},{\"@type\":\"ListItem\",\"position\":3,\"name\":\"SeaStar moottorihissi 4&#8243; setback\"}]},{\"@type\":\"WebSite\",\"@id\":\"https:\\\/\\\/veneakselisto.com\\\/kauppa\\\/#website\",\"url\":\"https:\\\/\\\/veneakselisto.com\\\/kauppa\\\/\",\"name\":\"Veneakselisto.com - verkkokauppa\",\"description\":\"Venetarvikkeiden maahantuonti ja myynti\",\"publisher\":{\"@id\":\"https:\\\/\\\/veneakselisto.com\\\/kauppa\\\/#organization\"},\"potentialAction\":[{\"@type\":\"SearchAction\",\"target\":{\"@type\":\"EntryPoint\",\"urlTemplate\":\"https:\\\/\\\/veneakselisto.com\\\/kauppa\\\/?s={search_term_string}\"},\"query-input\":{\"@type\":\"PropertyValueSpecification\",\"valueRequired\":true,\"valueName\":\"search_term_string\"}}],\"inLanguage\":\"fi\"},{\"@type\":\"Organization\",\"@id\":\"https:\\\/\\\/veneakselisto.com\\\/kauppa\\\/#organization\",\"name\":\"Veneakselisto.com verkkokauppa\",\"url\":\"https:\\\/\\\/veneakselisto.com\\\/kauppa\\\/\",\"logo\":{\"@type\":\"ImageObject\",\"inLanguage\":\"fi\",\"@id\":\"https:\\\/\\\/veneakselisto.com\\\/kauppa\\\/#\\\/schema\\\/logo\\\/image\\\/\",\"url\":\"https:\\\/\\\/i2.wp.com\\\/veneakselisto.com\\\/kauppa\\\/wp-content\\\/uploads\\\/2016\\\/06\\\/fb_icon.jpg?fit=327%2C327&ssl=1\",\"contentUrl\":\"https:\\\/\\\/i2.wp.com\\\/veneakselisto.com\\\/kauppa\\\/wp-content\\\/uploads\\\/2016\\\/06\\\/fb_icon.jpg?fit=327%2C327&ssl=1\",\"width\":327,\"height\":327,\"caption\":\"Veneakselisto.com verkkokauppa\"},\"image\":{\"@id\":\"https:\\\/\\\/veneakselisto.com\\\/kauppa\\\/#\\\/schema\\\/logo\\\/image\\\/\"},\"sameAs\":[\"https:\\\/\\\/www.facebook.com\\\/AlaMikkula\\\/\"]}]}<\/script>\n<!-- \/ Yoast SEO plugin. -->","yoast_head_json":{"title":"SeaStar moottorihissi 4\" setback - Veneakselisto.com - verkkokauppa","description":"SeaStar moottorihissi 4\" setback. SeaStar moottorihissit toimittaa veneakselisto.com. Venetarvikkeiden maahantuonti ja myynti. Nostolevy.","robots":{"index":"index","follow":"follow","max-snippet":"max-snippet:-1","max-image-preview":"max-image-preview:large","max-video-preview":"max-video-preview:-1"},"canonical":"https:\/\/veneakselisto.com\/kauppa\/tuote\/seastar-moottorihissi-4-setback\/","og_locale":"fi_FI","og_type":"article","og_title":"SeaStar moottorihissi 4\" setback - Veneakselisto.com - verkkokauppa","og_description":"SeaStar moottorihissi 4\" setback. SeaStar moottorihissit toimittaa veneakselisto.com. Venetarvikkeiden maahantuonti ja myynti. Nostolevy.","og_url":"https:\/\/veneakselisto.com\/kauppa\/tuote\/seastar-moottorihissi-4-setback\/","og_site_name":"Veneakselisto.com - verkkokauppa","article_publisher":"https:\/\/www.facebook.com\/AlaMikkula\/","article_modified_time":"2026-02-13T07:03:04+00:00","og_image":[{"width":500,"height":500,"url":"https:\/\/veneakselisto.com\/kauppa\/wp-content\/uploads\/2025\/01\/Manuaalinen-moottorihissi.png","type":"image\/png"}],"twitter_card":"summary_large_image","twitter_misc":{"Arvioitu lukuaika":"2 minuuttia"},"schema":{"@context":"https:\/\/schema.org","@graph":[{"@type":"WebPage","@id":"https:\/\/veneakselisto.com\/kauppa\/tuote\/seastar-moottorihissi-4-setback\/","url":"https:\/\/veneakselisto.com\/kauppa\/tuote\/seastar-moottorihissi-4-setback\/","name":"SeaStar moottorihissi 4\" setback - Veneakselisto.com - verkkokauppa","isPartOf":{"@id":"https:\/\/veneakselisto.com\/kauppa\/#website"},"primaryImageOfPage":{"@id":"https:\/\/veneakselisto.com\/kauppa\/tuote\/seastar-moottorihissi-4-setback\/#primaryimage"},"image":{"@id":"https:\/\/veneakselisto.com\/kauppa\/tuote\/seastar-moottorihissi-4-setback\/#primaryimage"},"thumbnailUrl":"https:\/\/i0.wp.com\/veneakselisto.com\/kauppa\/wp-content\/uploads\/2025\/01\/Manuaalinen-moottorihissi.png?fit=500%2C500&ssl=1","datePublished":"2025-01-23T08:56:13+00:00","dateModified":"2026-02-13T07:03:04+00:00","description":"SeaStar moottorihissi 4\" setback. SeaStar moottorihissit toimittaa veneakselisto.com. Venetarvikkeiden maahantuonti ja myynti. Nostolevy.","breadcrumb":{"@id":"https:\/\/veneakselisto.com\/kauppa\/tuote\/seastar-moottorihissi-4-setback\/#breadcrumb"},"inLanguage":"fi","potentialAction":[{"@type":"ReadAction","target":["https:\/\/veneakselisto.com\/kauppa\/tuote\/seastar-moottorihissi-4-setback\/"]}]},{"@type":"ImageObject","inLanguage":"fi","@id":"https:\/\/veneakselisto.com\/kauppa\/tuote\/seastar-moottorihissi-4-setback\/#primaryimage","url":"https:\/\/i0.wp.com\/veneakselisto.com\/kauppa\/wp-content\/uploads\/2025\/01\/Manuaalinen-moottorihissi.png?fit=500%2C500&ssl=1","contentUrl":"https:\/\/i0.wp.com\/veneakselisto.com\/kauppa\/wp-content\/uploads\/2025\/01\/Manuaalinen-moottorihissi.png?fit=500%2C500&ssl=1","width":500,"height":500,"caption":"Per\u00e4moottorin manuaalinen-moottorihissi-veneakselisto.com"},{"@type":"BreadcrumbList","@id":"https:\/\/veneakselisto.com\/kauppa\/tuote\/seastar-moottorihissi-4-setback\/#breadcrumb","itemListElement":[{"@type":"ListItem","position":1,"name":"Etusivu","item":"https:\/\/veneakselisto.com\/kauppa\/"},{"@type":"ListItem","position":2,"name":"Kauppa","item":"https:\/\/veneakselisto.com\/kauppa\/"},{"@type":"ListItem","position":3,"name":"SeaStar moottorihissi 4&#8243; setback"}]},{"@type":"WebSite","@id":"https:\/\/veneakselisto.com\/kauppa\/#website","url":"https:\/\/veneakselisto.com\/kauppa\/","name":"Veneakselisto.com - verkkokauppa","description":"Venetarvikkeiden maahantuonti ja myynti","publisher":{"@id":"https:\/\/veneakselisto.com\/kauppa\/#organization"},"potentialAction":[{"@type":"SearchAction","target":{"@type":"EntryPoint","urlTemplate":"https:\/\/veneakselisto.com\/kauppa\/?s={search_term_string}"},"query-input":{"@type":"PropertyValueSpecification","valueRequired":true,"valueName":"search_term_string"}}],"inLanguage":"fi"},{"@type":"Organization","@id":"https:\/\/veneakselisto.com\/kauppa\/#organization","name":"Veneakselisto.com verkkokauppa","url":"https:\/\/veneakselisto.com\/kauppa\/","logo":{"@type":"ImageObject","inLanguage":"fi","@id":"https:\/\/veneakselisto.com\/kauppa\/#\/schema\/logo\/image\/","url":"https:\/\/i2.wp.com\/veneakselisto.com\/kauppa\/wp-content\/uploads\/2016\/06\/fb_icon.jpg?fit=327%2C327&ssl=1","contentUrl":"https:\/\/i2.wp.com\/veneakselisto.com\/kauppa\/wp-content\/uploads\/2016\/06\/fb_icon.jpg?fit=327%2C327&ssl=1","width":327,"height":327,"caption":"Veneakselisto.com verkkokauppa"},"image":{"@id":"https:\/\/veneakselisto.com\/kauppa\/#\/schema\/logo\/image\/"},"sameAs":["https:\/\/www.facebook.com\/AlaMikkula\/"]}]}},"jetpack_publicize_connections":[],"jetpack_sharing_enabled":true,"_links":{"self":[{"href":"https:\/\/veneakselisto.com\/kauppa\/wp-json\/wp\/v2\/product\/21132","targetHints":{"allow":["GET"]}}],"collection":[{"href":"https:\/\/veneakselisto.com\/kauppa\/wp-json\/wp\/v2\/product"}],"about":[{"href":"https:\/\/veneakselisto.com\/kauppa\/wp-json\/wp\/v2\/types\/product"}],"replies":[{"embeddable":true,"href":"https:\/\/veneakselisto.com\/kauppa\/wp-json\/wp\/v2\/comments?post=21132"}],"wp:featuredmedia":[{"embeddable":true,"href":"https:\/\/veneakselisto.com\/kauppa\/wp-json\/wp\/v2\/media\/21133"}],"wp:attachment":[{"href":"https:\/\/veneakselisto.com\/kauppa\/wp-json\/wp\/v2\/media?parent=21132"}],"wp:term":[{"taxonomy":"product_brand","embeddable":true,"href":"https:\/\/veneakselisto.com\/kauppa\/wp-json\/wp\/v2\/product_brand?post=21132"},{"taxonomy":"product_cat","embeddable":true,"href":"https:\/\/veneakselisto.com\/kauppa\/wp-json\/wp\/v2\/product_cat?post=21132"},{"taxonomy":"product_tag","embeddable":true,"href":"https:\/\/veneakselisto.com\/kauppa\/wp-json\/wp\/v2\/product_tag?post=21132"}],"curies":[{"name":"wp","href":"https:\/\/api.w.org\/{rel}","templated":true}]}}