{"id":21078,"date":"2025-01-17T10:57:37","date_gmt":"2025-01-17T08:57:37","guid":{"rendered":"https:\/\/veneakselisto.com\/kauppa\/?post_type=product&#038;p=21078"},"modified":"2025-11-07T09:21:50","modified_gmt":"2025-11-07T07:21:50","slug":"bennett-129ursmsl-trimmilevysarja-4-5-6m","status":"publish","type":"product","link":"https:\/\/veneakselisto.com\/kauppa\/tuote\/bennett-129ursmsl-trimmilevysarja-4-5-6m\/","title":{"rendered":"Bennett 129URSML trimmilevysarja 4.5-6m"},"content":{"rendered":"<p>Bennett 129URSML trimmilevysarja 4.5-6m<\/p>\n<p>Sylinterien pituus 288mm<\/p>\n<div id=\"description\" class=\"data item content\" role=\"tabpanel\" aria-labelledby=\"tab-label-description\" data-role=\"content\" aria-hidden=\"false\">\n<div class=\"product attribute description\">\n<div class=\"value\">\n<ul>\n<li>Veneisiin 4.5-6 metri\u00e4<\/li>\n<li>Levyt: 2kpl Leveys 30.5cm x Pituus 23cm<\/li>\n<li><strong>Sarja sis\u00e4lt\u00e4\u00e4: <\/strong>Levyt 2kpl, sylinterit 2kpl 288mm, johtosarjan , keinuvipukatkaisimen, S\u00e4hk\u00f6hydraulisen pumppuyksik\u00f6n ja asennukseen liittyv\u00e4t tarvikkeet<\/li>\n<li><span style=\"color: #ff0000;\">\u00d6ljy (ATF) toimitetaan erikseen<\/span><\/li>\n<li><span style=\"color: #ff0000;\">J\u00e4rjestelm\u00e4 vaatii\u00a01Litra ATF \u00f6ljy\u00e4<\/span><\/li>\n<\/ul>\n<p>Miksi Bennet trimmitaso<\/p>\n<p>-Parantavat n\u00e4kyvyytt\u00e4, per\u00e4aalto pienempi, veneen hallittavuus parempi ja veneen runkoon kohdistuu v\u00e4hemm\u00e4n\u00a0 kuormitusta.<\/p>\n<p>-Polttoaineen kulutus v\u00e4henee, Moottorin kuormitus v\u00e4henee ja pit\u00e4v\u00e4t veneen liussa alhaisemmalla nopeudella.<\/p>\n<p>-Lis\u00e4\u00e4v\u00e4t nopeutta, v\u00e4hent\u00e4v\u00e4t ep\u00e4tasaista kulkua, veneen kallistuminen pienenee, poistavat &#8220;ny\u00f6kinn\u00e4n&#8221; ja optimoi potkurin ty\u00f6nt\u00f6kulman.<\/p>\n<p>Eli, <span style=\"color: #ff0000;\">Bennett trimmilevyt parantavat suorituskyky\u00e4 ja tehokkuutta sek\u00e4 lis\u00e4\u00e4v\u00e4t turvallisuutta.<\/span><\/p>\n<p>Vuonna 1960 Charles Bennett keksi ensimm\u00e4isen s\u00e4\u00e4dett\u00e4v\u00e4n trimmitaskuj\u00e4rjestelm\u00e4n. Siit\u00e4 l\u00e4htien olemme jatkaneet eteenp\u00e4in viemist\u00e4 ja ottaneet k\u00e4ytt\u00f6\u00f6n lukemattomia alaa muuttavia innovaatioita parantaaksemme veneilykokemusta. Olemme ty\u00f6skennelleet maailman parhaiden veneenrakentajien ja harrastajien kanssa luodaksemme joukon poikkeuksellisia tuotteita, ja tuemme niit\u00e4 alan parhaimmalla takuulla. Bennett Marine on my\u00f6s ainoa valmistaja, joka tarjoaa sek\u00e4 s\u00e4hk\u00f6isi\u00e4 ett\u00e4 hydraulisia trimmitaskuj\u00e4rjestelmi\u00e4.<\/p>\n<p>Bennett Marinella trimmilevyt eiv\u00e4t ole sivutuote, vaan yrityksen ainoa tuote. T\u00e4m\u00e4n erikoistumisen ja yli 40 vuoden kokemuksen tuloksena voit nauttia enemm\u00e4n veneilyst\u00e4.<br \/>\nBennett trimmilevyt parantavat suorituskyky\u00e4 ja tehokkuutta sek\u00e4 lis\u00e4\u00e4v\u00e4t turvallisuutta.<\/p>\n<p>Bennett 129URSML trimmilevysarja 4.5-6m<\/p>\n<\/div>\n<\/div>\n<\/div>\n","protected":false},"excerpt":{"rendered":"<p>Bennett 129URSML trimmilevysarja 4.5-6m<\/p>\n<p>Sylinterien pituus 288mm<\/p>\n<div id=\"description\" class=\"data item content\" role=\"tabpanel\" aria-labelledby=\"tab-label-description\" data-role=\"content\" aria-hidden=\"false\">\n<div class=\"product attribute description\">\n<div class=\"value\">\n<ul>\n<li>Veneisiin\u00a0 4.5-6 metri\u00e4<\/li>\n<li>Levyt: 2kpl Leveys 30.5cm x Pituus 23cm<\/li>\n<li><strong>Sarja sis\u00e4lt\u00e4\u00e4: <\/strong>Levyt 2kpl, sylinterit 2kpl 288mm,\u00a0 johtosarjan , keinuvipukatkaisimen, S\u00e4hk\u00f6hydraulisen pumppuyksik\u00f6n ja asennukseen liittyv\u00e4t tarvikkeet<\/li>\n<li>\u00d6ljy (ATF) toimitetaan erikseen<\/li>\n<li>J\u00e4rjestelm\u00e4 vaatii\u00a01Litra ATF \u00f6ljy\u00e4<\/li>\n<\/ul>\n<\/div>\n<\/div>\n<\/div>\n<p>Verkkokauppatuote. Toimitus 1-3pv normaalisti<\/p>\n","protected":false},"featured_media":21076,"comment_status":"open","ping_status":"closed","template":"","meta":{"jetpack_post_was_ever_published":false,"jetpack_publicize_message":"","jetpack_publicize_feature_enabled":true,"jetpack_social_post_already_shared":true,"jetpack_social_options":{"image_generator_settings":{"template":"highway","default_image_id":0,"font":"","enabled":false},"version":2}},"product_brand":[],"product_cat":[1339,485,1245,1338],"product_tag":[1342,1341],"class_list":{"0":"post-21078","1":"product","2":"type-product","3":"status-publish","4":"has-post-thumbnail","6":"product_cat-veneen_trimmitaso_sarjat_bennett_trimmitaso_dometic","7":"product_cat-veneen-ohjaus-hallinta","8":"product_cat-peramoottori_peravetolaite","9":"product_cat-veneen_trimmilevy_sarja_bennett_trimmitaso","10":"product_tag-trimmilevy","11":"product_tag-trimmitaso","12":"brand-bennett","14":"first","15":"instock","16":"sale","17":"taxable","18":"shipping-taxable","19":"purchasable","20":"product-type-simple"},"yoast_head":"<!-- This site is optimized with the Yoast SEO plugin v27.3 - https:\/\/yoast.com\/product\/yoast-seo-wordpress\/ -->\n<title>Bennett 129URSML trimmilevysarja 4.5-6m - Veneakselisto.com - verkkokauppa<\/title>\n<meta name=\"description\" content=\"Bennett 129URSMSL trimmilevysarja 4.5-6m. Bennett trimmitasot toimittaa veneakselisto.com. Venetarvikkeiden maahantuonti ja myynti.\" \/>\n<meta name=\"robots\" content=\"index, follow, max-snippet:-1, max-image-preview:large, max-video-preview:-1\" \/>\n<link rel=\"canonical\" href=\"https:\/\/veneakselisto.com\/kauppa\/tuote\/bennett-129ursmsl-trimmilevysarja-4-5-6m\/\" \/>\n<meta property=\"og:locale\" content=\"fi_FI\" \/>\n<meta property=\"og:type\" content=\"article\" \/>\n<meta property=\"og:title\" content=\"Bennett 129URSML trimmilevysarja 4.5-6m - Veneakselisto.com - verkkokauppa\" \/>\n<meta property=\"og:description\" content=\"Bennett 129URSMSL trimmilevysarja 4.5-6m. Bennett trimmitasot toimittaa veneakselisto.com. Venetarvikkeiden maahantuonti ja myynti.\" \/>\n<meta property=\"og:url\" content=\"https:\/\/veneakselisto.com\/kauppa\/tuote\/bennett-129ursmsl-trimmilevysarja-4-5-6m\/\" \/>\n<meta property=\"og:site_name\" content=\"Veneakselisto.com - verkkokauppa\" \/>\n<meta property=\"article:publisher\" content=\"https:\/\/www.facebook.com\/AlaMikkula\/\" \/>\n<meta property=\"article:modified_time\" content=\"2025-11-07T07:21:50+00:00\" \/>\n<meta property=\"og:image\" content=\"https:\/\/veneakselisto.com\/kauppa\/wp-content\/uploads\/2025\/01\/Bennett-129UR-1.jpg\" \/>\n\t<meta property=\"og:image:width\" content=\"500\" \/>\n\t<meta property=\"og:image:height\" content=\"500\" \/>\n\t<meta property=\"og:image:type\" content=\"image\/jpeg\" \/>\n<meta name=\"twitter:card\" content=\"summary_large_image\" \/>\n<meta name=\"twitter:label1\" content=\"Arvioitu lukuaika\" \/>\n\t<meta name=\"twitter:data1\" content=\"2 minuuttia\" \/>\n<script type=\"application\/ld+json\" class=\"yoast-schema-graph\">{\"@context\":\"https:\\\/\\\/schema.org\",\"@graph\":[{\"@type\":\"WebPage\",\"@id\":\"https:\\\/\\\/veneakselisto.com\\\/kauppa\\\/tuote\\\/bennett-129ursmsl-trimmilevysarja-4-5-6m\\\/\",\"url\":\"https:\\\/\\\/veneakselisto.com\\\/kauppa\\\/tuote\\\/bennett-129ursmsl-trimmilevysarja-4-5-6m\\\/\",\"name\":\"Bennett 129URSML trimmilevysarja 4.5-6m - Veneakselisto.com - verkkokauppa\",\"isPartOf\":{\"@id\":\"https:\\\/\\\/veneakselisto.com\\\/kauppa\\\/#website\"},\"primaryImageOfPage\":{\"@id\":\"https:\\\/\\\/veneakselisto.com\\\/kauppa\\\/tuote\\\/bennett-129ursmsl-trimmilevysarja-4-5-6m\\\/#primaryimage\"},\"image\":{\"@id\":\"https:\\\/\\\/veneakselisto.com\\\/kauppa\\\/tuote\\\/bennett-129ursmsl-trimmilevysarja-4-5-6m\\\/#primaryimage\"},\"thumbnailUrl\":\"https:\\\/\\\/i0.wp.com\\\/veneakselisto.com\\\/kauppa\\\/wp-content\\\/uploads\\\/2025\\\/01\\\/Bennett-129UR-1.jpg?fit=500%2C500&ssl=1\",\"datePublished\":\"2025-01-17T08:57:37+00:00\",\"dateModified\":\"2025-11-07T07:21:50+00:00\",\"description\":\"Bennett 129URSMSL trimmilevysarja 4.5-6m. Bennett trimmitasot toimittaa veneakselisto.com. Venetarvikkeiden maahantuonti ja myynti.\",\"breadcrumb\":{\"@id\":\"https:\\\/\\\/veneakselisto.com\\\/kauppa\\\/tuote\\\/bennett-129ursmsl-trimmilevysarja-4-5-6m\\\/#breadcrumb\"},\"inLanguage\":\"fi\",\"potentialAction\":[{\"@type\":\"ReadAction\",\"target\":[\"https:\\\/\\\/veneakselisto.com\\\/kauppa\\\/tuote\\\/bennett-129ursmsl-trimmilevysarja-4-5-6m\\\/\"]}]},{\"@type\":\"ImageObject\",\"inLanguage\":\"fi\",\"@id\":\"https:\\\/\\\/veneakselisto.com\\\/kauppa\\\/tuote\\\/bennett-129ursmsl-trimmilevysarja-4-5-6m\\\/#primaryimage\",\"url\":\"https:\\\/\\\/i0.wp.com\\\/veneakselisto.com\\\/kauppa\\\/wp-content\\\/uploads\\\/2025\\\/01\\\/Bennett-129UR-1.jpg?fit=500%2C500&ssl=1\",\"contentUrl\":\"https:\\\/\\\/i0.wp.com\\\/veneakselisto.com\\\/kauppa\\\/wp-content\\\/uploads\\\/2025\\\/01\\\/Bennett-129UR-1.jpg?fit=500%2C500&ssl=1\",\"width\":500,\"height\":500,\"caption\":\"Bennett-trimmitaso-Trimmilevy-veneeseen-Veneakselisto.com\"},{\"@type\":\"BreadcrumbList\",\"@id\":\"https:\\\/\\\/veneakselisto.com\\\/kauppa\\\/tuote\\\/bennett-129ursmsl-trimmilevysarja-4-5-6m\\\/#breadcrumb\",\"itemListElement\":[{\"@type\":\"ListItem\",\"position\":1,\"name\":\"Etusivu\",\"item\":\"https:\\\/\\\/veneakselisto.com\\\/kauppa\\\/\"},{\"@type\":\"ListItem\",\"position\":2,\"name\":\"Kauppa\",\"item\":\"https:\\\/\\\/veneakselisto.com\\\/kauppa\\\/\"},{\"@type\":\"ListItem\",\"position\":3,\"name\":\"Bennett 129URSML trimmilevysarja 4.5-6m\"}]},{\"@type\":\"WebSite\",\"@id\":\"https:\\\/\\\/veneakselisto.com\\\/kauppa\\\/#website\",\"url\":\"https:\\\/\\\/veneakselisto.com\\\/kauppa\\\/\",\"name\":\"Veneakselisto.com - verkkokauppa\",\"description\":\"Venetarvikkeiden maahantuonti ja myynti\",\"publisher\":{\"@id\":\"https:\\\/\\\/veneakselisto.com\\\/kauppa\\\/#organization\"},\"potentialAction\":[{\"@type\":\"SearchAction\",\"target\":{\"@type\":\"EntryPoint\",\"urlTemplate\":\"https:\\\/\\\/veneakselisto.com\\\/kauppa\\\/?s={search_term_string}\"},\"query-input\":{\"@type\":\"PropertyValueSpecification\",\"valueRequired\":true,\"valueName\":\"search_term_string\"}}],\"inLanguage\":\"fi\"},{\"@type\":\"Organization\",\"@id\":\"https:\\\/\\\/veneakselisto.com\\\/kauppa\\\/#organization\",\"name\":\"Veneakselisto.com verkkokauppa\",\"url\":\"https:\\\/\\\/veneakselisto.com\\\/kauppa\\\/\",\"logo\":{\"@type\":\"ImageObject\",\"inLanguage\":\"fi\",\"@id\":\"https:\\\/\\\/veneakselisto.com\\\/kauppa\\\/#\\\/schema\\\/logo\\\/image\\\/\",\"url\":\"https:\\\/\\\/i2.wp.com\\\/veneakselisto.com\\\/kauppa\\\/wp-content\\\/uploads\\\/2016\\\/06\\\/fb_icon.jpg?fit=327%2C327&ssl=1\",\"contentUrl\":\"https:\\\/\\\/i2.wp.com\\\/veneakselisto.com\\\/kauppa\\\/wp-content\\\/uploads\\\/2016\\\/06\\\/fb_icon.jpg?fit=327%2C327&ssl=1\",\"width\":327,\"height\":327,\"caption\":\"Veneakselisto.com verkkokauppa\"},\"image\":{\"@id\":\"https:\\\/\\\/veneakselisto.com\\\/kauppa\\\/#\\\/schema\\\/logo\\\/image\\\/\"},\"sameAs\":[\"https:\\\/\\\/www.facebook.com\\\/AlaMikkula\\\/\"]}]}<\/script>\n<!-- \/ Yoast SEO plugin. -->","yoast_head_json":{"title":"Bennett 129URSML trimmilevysarja 4.5-6m - Veneakselisto.com - verkkokauppa","description":"Bennett 129URSMSL trimmilevysarja 4.5-6m. Bennett trimmitasot toimittaa veneakselisto.com. Venetarvikkeiden maahantuonti ja myynti.","robots":{"index":"index","follow":"follow","max-snippet":"max-snippet:-1","max-image-preview":"max-image-preview:large","max-video-preview":"max-video-preview:-1"},"canonical":"https:\/\/veneakselisto.com\/kauppa\/tuote\/bennett-129ursmsl-trimmilevysarja-4-5-6m\/","og_locale":"fi_FI","og_type":"article","og_title":"Bennett 129URSML trimmilevysarja 4.5-6m - Veneakselisto.com - verkkokauppa","og_description":"Bennett 129URSMSL trimmilevysarja 4.5-6m. Bennett trimmitasot toimittaa veneakselisto.com. Venetarvikkeiden maahantuonti ja myynti.","og_url":"https:\/\/veneakselisto.com\/kauppa\/tuote\/bennett-129ursmsl-trimmilevysarja-4-5-6m\/","og_site_name":"Veneakselisto.com - verkkokauppa","article_publisher":"https:\/\/www.facebook.com\/AlaMikkula\/","article_modified_time":"2025-11-07T07:21:50+00:00","og_image":[{"width":500,"height":500,"url":"https:\/\/veneakselisto.com\/kauppa\/wp-content\/uploads\/2025\/01\/Bennett-129UR-1.jpg","type":"image\/jpeg"}],"twitter_card":"summary_large_image","twitter_misc":{"Arvioitu lukuaika":"2 minuuttia"},"schema":{"@context":"https:\/\/schema.org","@graph":[{"@type":"WebPage","@id":"https:\/\/veneakselisto.com\/kauppa\/tuote\/bennett-129ursmsl-trimmilevysarja-4-5-6m\/","url":"https:\/\/veneakselisto.com\/kauppa\/tuote\/bennett-129ursmsl-trimmilevysarja-4-5-6m\/","name":"Bennett 129URSML trimmilevysarja 4.5-6m - Veneakselisto.com - verkkokauppa","isPartOf":{"@id":"https:\/\/veneakselisto.com\/kauppa\/#website"},"primaryImageOfPage":{"@id":"https:\/\/veneakselisto.com\/kauppa\/tuote\/bennett-129ursmsl-trimmilevysarja-4-5-6m\/#primaryimage"},"image":{"@id":"https:\/\/veneakselisto.com\/kauppa\/tuote\/bennett-129ursmsl-trimmilevysarja-4-5-6m\/#primaryimage"},"thumbnailUrl":"https:\/\/i0.wp.com\/veneakselisto.com\/kauppa\/wp-content\/uploads\/2025\/01\/Bennett-129UR-1.jpg?fit=500%2C500&ssl=1","datePublished":"2025-01-17T08:57:37+00:00","dateModified":"2025-11-07T07:21:50+00:00","description":"Bennett 129URSMSL trimmilevysarja 4.5-6m. Bennett trimmitasot toimittaa veneakselisto.com. Venetarvikkeiden maahantuonti ja myynti.","breadcrumb":{"@id":"https:\/\/veneakselisto.com\/kauppa\/tuote\/bennett-129ursmsl-trimmilevysarja-4-5-6m\/#breadcrumb"},"inLanguage":"fi","potentialAction":[{"@type":"ReadAction","target":["https:\/\/veneakselisto.com\/kauppa\/tuote\/bennett-129ursmsl-trimmilevysarja-4-5-6m\/"]}]},{"@type":"ImageObject","inLanguage":"fi","@id":"https:\/\/veneakselisto.com\/kauppa\/tuote\/bennett-129ursmsl-trimmilevysarja-4-5-6m\/#primaryimage","url":"https:\/\/i0.wp.com\/veneakselisto.com\/kauppa\/wp-content\/uploads\/2025\/01\/Bennett-129UR-1.jpg?fit=500%2C500&ssl=1","contentUrl":"https:\/\/i0.wp.com\/veneakselisto.com\/kauppa\/wp-content\/uploads\/2025\/01\/Bennett-129UR-1.jpg?fit=500%2C500&ssl=1","width":500,"height":500,"caption":"Bennett-trimmitaso-Trimmilevy-veneeseen-Veneakselisto.com"},{"@type":"BreadcrumbList","@id":"https:\/\/veneakselisto.com\/kauppa\/tuote\/bennett-129ursmsl-trimmilevysarja-4-5-6m\/#breadcrumb","itemListElement":[{"@type":"ListItem","position":1,"name":"Etusivu","item":"https:\/\/veneakselisto.com\/kauppa\/"},{"@type":"ListItem","position":2,"name":"Kauppa","item":"https:\/\/veneakselisto.com\/kauppa\/"},{"@type":"ListItem","position":3,"name":"Bennett 129URSML trimmilevysarja 4.5-6m"}]},{"@type":"WebSite","@id":"https:\/\/veneakselisto.com\/kauppa\/#website","url":"https:\/\/veneakselisto.com\/kauppa\/","name":"Veneakselisto.com - verkkokauppa","description":"Venetarvikkeiden maahantuonti ja myynti","publisher":{"@id":"https:\/\/veneakselisto.com\/kauppa\/#organization"},"potentialAction":[{"@type":"SearchAction","target":{"@type":"EntryPoint","urlTemplate":"https:\/\/veneakselisto.com\/kauppa\/?s={search_term_string}"},"query-input":{"@type":"PropertyValueSpecification","valueRequired":true,"valueName":"search_term_string"}}],"inLanguage":"fi"},{"@type":"Organization","@id":"https:\/\/veneakselisto.com\/kauppa\/#organization","name":"Veneakselisto.com verkkokauppa","url":"https:\/\/veneakselisto.com\/kauppa\/","logo":{"@type":"ImageObject","inLanguage":"fi","@id":"https:\/\/veneakselisto.com\/kauppa\/#\/schema\/logo\/image\/","url":"https:\/\/i2.wp.com\/veneakselisto.com\/kauppa\/wp-content\/uploads\/2016\/06\/fb_icon.jpg?fit=327%2C327&ssl=1","contentUrl":"https:\/\/i2.wp.com\/veneakselisto.com\/kauppa\/wp-content\/uploads\/2016\/06\/fb_icon.jpg?fit=327%2C327&ssl=1","width":327,"height":327,"caption":"Veneakselisto.com verkkokauppa"},"image":{"@id":"https:\/\/veneakselisto.com\/kauppa\/#\/schema\/logo\/image\/"},"sameAs":["https:\/\/www.facebook.com\/AlaMikkula\/"]}]}},"jetpack_publicize_connections":[],"jetpack_sharing_enabled":true,"_links":{"self":[{"href":"https:\/\/veneakselisto.com\/kauppa\/wp-json\/wp\/v2\/product\/21078","targetHints":{"allow":["GET"]}}],"collection":[{"href":"https:\/\/veneakselisto.com\/kauppa\/wp-json\/wp\/v2\/product"}],"about":[{"href":"https:\/\/veneakselisto.com\/kauppa\/wp-json\/wp\/v2\/types\/product"}],"replies":[{"embeddable":true,"href":"https:\/\/veneakselisto.com\/kauppa\/wp-json\/wp\/v2\/comments?post=21078"}],"wp:featuredmedia":[{"embeddable":true,"href":"https:\/\/veneakselisto.com\/kauppa\/wp-json\/wp\/v2\/media\/21076"}],"wp:attachment":[{"href":"https:\/\/veneakselisto.com\/kauppa\/wp-json\/wp\/v2\/media?parent=21078"}],"wp:term":[{"taxonomy":"product_brand","embeddable":true,"href":"https:\/\/veneakselisto.com\/kauppa\/wp-json\/wp\/v2\/product_brand?post=21078"},{"taxonomy":"product_cat","embeddable":true,"href":"https:\/\/veneakselisto.com\/kauppa\/wp-json\/wp\/v2\/product_cat?post=21078"},{"taxonomy":"product_tag","embeddable":true,"href":"https:\/\/veneakselisto.com\/kauppa\/wp-json\/wp\/v2\/product_tag?post=21078"}],"curies":[{"name":"wp","href":"https:\/\/api.w.org\/{rel}","templated":true}]}}