{"id":21049,"date":"2025-01-16T11:57:34","date_gmt":"2025-01-16T09:57:34","guid":{"rendered":"https:\/\/veneakselisto.com\/kauppa\/?post_type=product&#038;p=21049"},"modified":"2025-02-10T12:33:47","modified_gmt":"2025-02-10T10:33:47","slug":"dometic-seastar-trimmilevysarja-5-8m","status":"publish","type":"product","link":"https:\/\/veneakselisto.com\/kauppa\/tuote\/dometic-seastar-trimmilevysarja-5-8m\/","title":{"rendered":"DOMETIC SeaStar trimmilevysarja 5-8m"},"content":{"rendered":"<p>DOMETIC SeaStar trimmilevysarja 5-8m<\/p>\n<div id=\"description\" class=\"data item content\" role=\"tabpanel\" aria-labelledby=\"tab-label-description\" data-role=\"content\" aria-hidden=\"false\">\n<div class=\"product attribute description\">\n<div class=\"value\">\n<p>S\u00e4hk\u00f6inen 9&#215;12&#8243; trimmisarja 16&#8242; &#8211; 25&#8242; veneisiin helppok\u00e4ytt\u00f6isell\u00e4 s\u00e4\u00e4t\u00f6kytkimell\u00e4, jossa ledin\u00e4ytt\u00f6 vakiona. 2 x 6m johtosarja k\u00e4ytt\u00f6paneeliin.<\/p>\n<p>T\u00e4ysin s\u00e4hk\u00f6inen ja helppo &#8220;plug in&#8221; asennus. Ei siis hydrauliletkuja!<\/p>\n<p>Dometic SeaStar on m\u00e4\u00e4ritellyt uudelleen perus trimmilevy j\u00e4rjestelm\u00e4n helppok\u00e4ytt\u00f6isyyden ja k\u00e4yt\u00e4nn\u00f6llisyyden. Intuitiivisen valitsinohjaimen ansiosta voit helposti s\u00e4\u00e4t\u00e4\u00e4 nousua ja kaltevuutta saadaksesi veneesi liukuun nopeasti ja tehokkaasti. Ohjelmoitava suosikkipainike tekee k\u00e4yt\u00f6st\u00e4 vaivatonta. Sen innovatiivinen, kest\u00e4v\u00e4 muotoilu ja automaattinen sis\u00e4\u00e4nveto-ominaisuus takaavat luotettavuuden ja turvallisuuden vedess\u00e4 olosuhteista riippumatta.<\/p>\n<\/div>\n<div>\n<p><strong>INTUITIVE-valitsin tekee veneen nopean hallinnan eritt\u00e4in helpoksi reagoimalla heti ja antamalla ylivoimaisen k\u00e4ytt\u00f6kokemuksen<\/strong><\/p>\n<ul>\n<li>Suosikit-painikeella aiempi asetus<\/li>\n<li>Paina keula yl\u00f6s tai alas -painiketta s\u00e4\u00e4t\u00e4\u00e4ksesi veneen kaltevuutta haluttuun asentoon<\/li>\n<li>K\u00e4\u00e4nn\u00e4 valitsinta suuntaan, johon haluat vaihtaa veneen suunnan niin, ett\u00e4 se on vaakasuorassa<\/li>\n<li>Toinen k\u00e4ytt\u00f6paikka helppo lis\u00e4t\u00e4<\/li>\n<li>Vakiovalintaohjaimessa ledit osoittavat trimmien tason<\/li>\n<li>\u00a0Veneesi saadaan nopeasti vaakasuoraan Intuitiivisella valitsimella<\/li>\n<\/ul>\n<p>Seastar-trimmilevyt ovat eritt\u00e4in k\u00e4ytt\u00e4j\u00e4yst\u00e4v\u00e4llisi\u00e4, ja niiss\u00e4 on innovatiivinen ohjauspaneeli, jossa on asennonosoitin, joka antaa selke\u00e4n yleiskuvan trimmitason asennosta. Rullan s\u00e4\u00e4t\u00f6 onnistuu helposti k\u00e4\u00e4nt\u00e4m\u00e4ll\u00e4 nupin muotoista paneelia.<\/p>\n<p>Paneelissa on my\u00f6s selke\u00e4t painikkeet keulan nostamiseen ja laskemiseen vaikuttamatta asetettuun kallistuskompensaatioon.<\/p>\n<p>DOMETIC SeaStar trimmilevysarja 5-8m<\/p>\n<\/div>\n<\/div>\n<\/div>\n","protected":false},"excerpt":{"rendered":"<p>DOMETIC SeaStar trimmilevysarja 5-8m<\/p>\n<div id=\"description\" class=\"data item content\" role=\"tabpanel\" aria-labelledby=\"tab-label-description\" data-role=\"content\" aria-hidden=\"false\">\n<div class=\"product attribute description\">\n<div class=\"value\">\n<p>S\u00e4hk\u00f6inen 9&#215;12&#8243; trimmisarja 16&#8242; &#8211; 25&#8242; veneisiin helppok\u00e4ytt\u00f6isell\u00e4 s\u00e4\u00e4t\u00f6kytkimell\u00e4, jossa ledin\u00e4ytt\u00f6 vakiona.<\/p>\n<p>T\u00e4ysin s\u00e4hk\u00f6inen ja helppo &#8220;plug in&#8221; asennus. Ei siis hydrauliletkuja!<\/p>\n<\/div>\n<\/div>\n<\/div>\n<p>Verkkokauppatuote. Toimitus 1-3pv normaalisti<\/p>\n","protected":false},"featured_media":21055,"comment_status":"open","ping_status":"closed","template":"","meta":{"jetpack_post_was_ever_published":false,"jetpack_publicize_message":"","jetpack_publicize_feature_enabled":true,"jetpack_social_post_already_shared":true,"jetpack_social_options":{"image_generator_settings":{"template":"highway","default_image_id":0,"font":"","enabled":false},"version":2}},"product_brand":[],"product_cat":[1339,485,1245,1338],"product_tag":[1344,1342,1341],"class_list":{"0":"post-21049","1":"product","2":"type-product","3":"status-publish","4":"has-post-thumbnail","6":"product_cat-veneen_trimmitaso_sarjat_bennett_trimmitaso_dometic","7":"product_cat-veneen-ohjaus-hallinta","8":"product_cat-peramoottori_peravetolaite","9":"product_cat-veneen_trimmilevy_sarja_bennett_trimmitaso","10":"product_tag-seastar","11":"product_tag-trimmilevy","12":"product_tag-trimmitaso","13":"brand-seastar","15":"first","16":"instock","17":"sale","18":"taxable","19":"shipping-taxable","20":"purchasable","21":"product-type-simple"},"yoast_head":"<!-- This site is optimized with the Yoast SEO plugin v27.3 - https:\/\/yoast.com\/product\/yoast-seo-wordpress\/ -->\n<title>DOMETIC SeaStar trimmilevysarja 5-8m - Veneakselisto.com - verkkokauppa<\/title>\n<meta name=\"description\" content=\"DOMETIC SeaStar trimmilevysarja 5-8m. Dometic SeStar trimmitasot toimittaa veneakselisto.com. Venetarvikkeiden maahantuonti ja myynti.\" \/>\n<meta name=\"robots\" content=\"index, follow, max-snippet:-1, max-image-preview:large, max-video-preview:-1\" \/>\n<link rel=\"canonical\" href=\"https:\/\/veneakselisto.com\/kauppa\/tuote\/dometic-seastar-trimmilevysarja-5-8m\/\" \/>\n<meta property=\"og:locale\" content=\"fi_FI\" \/>\n<meta property=\"og:type\" content=\"article\" \/>\n<meta property=\"og:title\" content=\"DOMETIC SeaStar trimmilevysarja 5-8m - Veneakselisto.com - verkkokauppa\" \/>\n<meta property=\"og:description\" content=\"DOMETIC SeaStar trimmilevysarja 5-8m. Dometic SeStar trimmitasot toimittaa veneakselisto.com. Venetarvikkeiden maahantuonti ja myynti.\" \/>\n<meta property=\"og:url\" content=\"https:\/\/veneakselisto.com\/kauppa\/tuote\/dometic-seastar-trimmilevysarja-5-8m\/\" \/>\n<meta property=\"og:site_name\" content=\"Veneakselisto.com - verkkokauppa\" \/>\n<meta property=\"article:publisher\" content=\"https:\/\/www.facebook.com\/AlaMikkula\/\" \/>\n<meta property=\"article:modified_time\" content=\"2025-02-10T10:33:47+00:00\" \/>\n<meta property=\"og:image\" content=\"https:\/\/veneakselisto.com\/kauppa\/wp-content\/uploads\/2025\/01\/dometic-trimm.png\" \/>\n\t<meta property=\"og:image:width\" content=\"500\" \/>\n\t<meta property=\"og:image:height\" content=\"500\" \/>\n\t<meta property=\"og:image:type\" content=\"image\/png\" \/>\n<meta name=\"twitter:card\" content=\"summary_large_image\" \/>\n<meta name=\"twitter:label1\" content=\"Arvioitu lukuaika\" \/>\n\t<meta name=\"twitter:data1\" content=\"2 minuuttia\" \/>\n<script type=\"application\/ld+json\" class=\"yoast-schema-graph\">{\"@context\":\"https:\\\/\\\/schema.org\",\"@graph\":[{\"@type\":\"WebPage\",\"@id\":\"https:\\\/\\\/veneakselisto.com\\\/kauppa\\\/tuote\\\/dometic-seastar-trimmilevysarja-5-8m\\\/\",\"url\":\"https:\\\/\\\/veneakselisto.com\\\/kauppa\\\/tuote\\\/dometic-seastar-trimmilevysarja-5-8m\\\/\",\"name\":\"DOMETIC SeaStar trimmilevysarja 5-8m - Veneakselisto.com - verkkokauppa\",\"isPartOf\":{\"@id\":\"https:\\\/\\\/veneakselisto.com\\\/kauppa\\\/#website\"},\"primaryImageOfPage\":{\"@id\":\"https:\\\/\\\/veneakselisto.com\\\/kauppa\\\/tuote\\\/dometic-seastar-trimmilevysarja-5-8m\\\/#primaryimage\"},\"image\":{\"@id\":\"https:\\\/\\\/veneakselisto.com\\\/kauppa\\\/tuote\\\/dometic-seastar-trimmilevysarja-5-8m\\\/#primaryimage\"},\"thumbnailUrl\":\"https:\\\/\\\/i0.wp.com\\\/veneakselisto.com\\\/kauppa\\\/wp-content\\\/uploads\\\/2025\\\/01\\\/dometic-trimm.png?fit=500%2C500&ssl=1\",\"datePublished\":\"2025-01-16T09:57:34+00:00\",\"dateModified\":\"2025-02-10T10:33:47+00:00\",\"description\":\"DOMETIC SeaStar trimmilevysarja 5-8m. Dometic SeStar trimmitasot toimittaa veneakselisto.com. Venetarvikkeiden maahantuonti ja myynti.\",\"breadcrumb\":{\"@id\":\"https:\\\/\\\/veneakselisto.com\\\/kauppa\\\/tuote\\\/dometic-seastar-trimmilevysarja-5-8m\\\/#breadcrumb\"},\"inLanguage\":\"fi\",\"potentialAction\":[{\"@type\":\"ReadAction\",\"target\":[\"https:\\\/\\\/veneakselisto.com\\\/kauppa\\\/tuote\\\/dometic-seastar-trimmilevysarja-5-8m\\\/\"]}]},{\"@type\":\"ImageObject\",\"inLanguage\":\"fi\",\"@id\":\"https:\\\/\\\/veneakselisto.com\\\/kauppa\\\/tuote\\\/dometic-seastar-trimmilevysarja-5-8m\\\/#primaryimage\",\"url\":\"https:\\\/\\\/i0.wp.com\\\/veneakselisto.com\\\/kauppa\\\/wp-content\\\/uploads\\\/2025\\\/01\\\/dometic-trimm.png?fit=500%2C500&ssl=1\",\"contentUrl\":\"https:\\\/\\\/i0.wp.com\\\/veneakselisto.com\\\/kauppa\\\/wp-content\\\/uploads\\\/2025\\\/01\\\/dometic-trimm.png?fit=500%2C500&ssl=1\",\"width\":500,\"height\":500,\"caption\":\"Dometic-trimmilevysarja-s\u00e4hk\u00f6inen-Veneakselisto.com\"},{\"@type\":\"BreadcrumbList\",\"@id\":\"https:\\\/\\\/veneakselisto.com\\\/kauppa\\\/tuote\\\/dometic-seastar-trimmilevysarja-5-8m\\\/#breadcrumb\",\"itemListElement\":[{\"@type\":\"ListItem\",\"position\":1,\"name\":\"Etusivu\",\"item\":\"https:\\\/\\\/veneakselisto.com\\\/kauppa\\\/\"},{\"@type\":\"ListItem\",\"position\":2,\"name\":\"Kauppa\",\"item\":\"https:\\\/\\\/veneakselisto.com\\\/kauppa\\\/\"},{\"@type\":\"ListItem\",\"position\":3,\"name\":\"DOMETIC SeaStar trimmilevysarja 5-8m\"}]},{\"@type\":\"WebSite\",\"@id\":\"https:\\\/\\\/veneakselisto.com\\\/kauppa\\\/#website\",\"url\":\"https:\\\/\\\/veneakselisto.com\\\/kauppa\\\/\",\"name\":\"Veneakselisto.com - verkkokauppa\",\"description\":\"Venetarvikkeiden maahantuonti ja myynti\",\"publisher\":{\"@id\":\"https:\\\/\\\/veneakselisto.com\\\/kauppa\\\/#organization\"},\"potentialAction\":[{\"@type\":\"SearchAction\",\"target\":{\"@type\":\"EntryPoint\",\"urlTemplate\":\"https:\\\/\\\/veneakselisto.com\\\/kauppa\\\/?s={search_term_string}\"},\"query-input\":{\"@type\":\"PropertyValueSpecification\",\"valueRequired\":true,\"valueName\":\"search_term_string\"}}],\"inLanguage\":\"fi\"},{\"@type\":\"Organization\",\"@id\":\"https:\\\/\\\/veneakselisto.com\\\/kauppa\\\/#organization\",\"name\":\"Veneakselisto.com verkkokauppa\",\"url\":\"https:\\\/\\\/veneakselisto.com\\\/kauppa\\\/\",\"logo\":{\"@type\":\"ImageObject\",\"inLanguage\":\"fi\",\"@id\":\"https:\\\/\\\/veneakselisto.com\\\/kauppa\\\/#\\\/schema\\\/logo\\\/image\\\/\",\"url\":\"https:\\\/\\\/i2.wp.com\\\/veneakselisto.com\\\/kauppa\\\/wp-content\\\/uploads\\\/2016\\\/06\\\/fb_icon.jpg?fit=327%2C327&ssl=1\",\"contentUrl\":\"https:\\\/\\\/i2.wp.com\\\/veneakselisto.com\\\/kauppa\\\/wp-content\\\/uploads\\\/2016\\\/06\\\/fb_icon.jpg?fit=327%2C327&ssl=1\",\"width\":327,\"height\":327,\"caption\":\"Veneakselisto.com verkkokauppa\"},\"image\":{\"@id\":\"https:\\\/\\\/veneakselisto.com\\\/kauppa\\\/#\\\/schema\\\/logo\\\/image\\\/\"},\"sameAs\":[\"https:\\\/\\\/www.facebook.com\\\/AlaMikkula\\\/\"]}]}<\/script>\n<!-- \/ Yoast SEO plugin. -->","yoast_head_json":{"title":"DOMETIC SeaStar trimmilevysarja 5-8m - Veneakselisto.com - verkkokauppa","description":"DOMETIC SeaStar trimmilevysarja 5-8m. Dometic SeStar trimmitasot toimittaa veneakselisto.com. Venetarvikkeiden maahantuonti ja myynti.","robots":{"index":"index","follow":"follow","max-snippet":"max-snippet:-1","max-image-preview":"max-image-preview:large","max-video-preview":"max-video-preview:-1"},"canonical":"https:\/\/veneakselisto.com\/kauppa\/tuote\/dometic-seastar-trimmilevysarja-5-8m\/","og_locale":"fi_FI","og_type":"article","og_title":"DOMETIC SeaStar trimmilevysarja 5-8m - Veneakselisto.com - verkkokauppa","og_description":"DOMETIC SeaStar trimmilevysarja 5-8m. Dometic SeStar trimmitasot toimittaa veneakselisto.com. Venetarvikkeiden maahantuonti ja myynti.","og_url":"https:\/\/veneakselisto.com\/kauppa\/tuote\/dometic-seastar-trimmilevysarja-5-8m\/","og_site_name":"Veneakselisto.com - verkkokauppa","article_publisher":"https:\/\/www.facebook.com\/AlaMikkula\/","article_modified_time":"2025-02-10T10:33:47+00:00","og_image":[{"width":500,"height":500,"url":"https:\/\/veneakselisto.com\/kauppa\/wp-content\/uploads\/2025\/01\/dometic-trimm.png","type":"image\/png"}],"twitter_card":"summary_large_image","twitter_misc":{"Arvioitu lukuaika":"2 minuuttia"},"schema":{"@context":"https:\/\/schema.org","@graph":[{"@type":"WebPage","@id":"https:\/\/veneakselisto.com\/kauppa\/tuote\/dometic-seastar-trimmilevysarja-5-8m\/","url":"https:\/\/veneakselisto.com\/kauppa\/tuote\/dometic-seastar-trimmilevysarja-5-8m\/","name":"DOMETIC SeaStar trimmilevysarja 5-8m - Veneakselisto.com - verkkokauppa","isPartOf":{"@id":"https:\/\/veneakselisto.com\/kauppa\/#website"},"primaryImageOfPage":{"@id":"https:\/\/veneakselisto.com\/kauppa\/tuote\/dometic-seastar-trimmilevysarja-5-8m\/#primaryimage"},"image":{"@id":"https:\/\/veneakselisto.com\/kauppa\/tuote\/dometic-seastar-trimmilevysarja-5-8m\/#primaryimage"},"thumbnailUrl":"https:\/\/i0.wp.com\/veneakselisto.com\/kauppa\/wp-content\/uploads\/2025\/01\/dometic-trimm.png?fit=500%2C500&ssl=1","datePublished":"2025-01-16T09:57:34+00:00","dateModified":"2025-02-10T10:33:47+00:00","description":"DOMETIC SeaStar trimmilevysarja 5-8m. Dometic SeStar trimmitasot toimittaa veneakselisto.com. Venetarvikkeiden maahantuonti ja myynti.","breadcrumb":{"@id":"https:\/\/veneakselisto.com\/kauppa\/tuote\/dometic-seastar-trimmilevysarja-5-8m\/#breadcrumb"},"inLanguage":"fi","potentialAction":[{"@type":"ReadAction","target":["https:\/\/veneakselisto.com\/kauppa\/tuote\/dometic-seastar-trimmilevysarja-5-8m\/"]}]},{"@type":"ImageObject","inLanguage":"fi","@id":"https:\/\/veneakselisto.com\/kauppa\/tuote\/dometic-seastar-trimmilevysarja-5-8m\/#primaryimage","url":"https:\/\/i0.wp.com\/veneakselisto.com\/kauppa\/wp-content\/uploads\/2025\/01\/dometic-trimm.png?fit=500%2C500&ssl=1","contentUrl":"https:\/\/i0.wp.com\/veneakselisto.com\/kauppa\/wp-content\/uploads\/2025\/01\/dometic-trimm.png?fit=500%2C500&ssl=1","width":500,"height":500,"caption":"Dometic-trimmilevysarja-s\u00e4hk\u00f6inen-Veneakselisto.com"},{"@type":"BreadcrumbList","@id":"https:\/\/veneakselisto.com\/kauppa\/tuote\/dometic-seastar-trimmilevysarja-5-8m\/#breadcrumb","itemListElement":[{"@type":"ListItem","position":1,"name":"Etusivu","item":"https:\/\/veneakselisto.com\/kauppa\/"},{"@type":"ListItem","position":2,"name":"Kauppa","item":"https:\/\/veneakselisto.com\/kauppa\/"},{"@type":"ListItem","position":3,"name":"DOMETIC SeaStar trimmilevysarja 5-8m"}]},{"@type":"WebSite","@id":"https:\/\/veneakselisto.com\/kauppa\/#website","url":"https:\/\/veneakselisto.com\/kauppa\/","name":"Veneakselisto.com - verkkokauppa","description":"Venetarvikkeiden maahantuonti ja myynti","publisher":{"@id":"https:\/\/veneakselisto.com\/kauppa\/#organization"},"potentialAction":[{"@type":"SearchAction","target":{"@type":"EntryPoint","urlTemplate":"https:\/\/veneakselisto.com\/kauppa\/?s={search_term_string}"},"query-input":{"@type":"PropertyValueSpecification","valueRequired":true,"valueName":"search_term_string"}}],"inLanguage":"fi"},{"@type":"Organization","@id":"https:\/\/veneakselisto.com\/kauppa\/#organization","name":"Veneakselisto.com verkkokauppa","url":"https:\/\/veneakselisto.com\/kauppa\/","logo":{"@type":"ImageObject","inLanguage":"fi","@id":"https:\/\/veneakselisto.com\/kauppa\/#\/schema\/logo\/image\/","url":"https:\/\/i2.wp.com\/veneakselisto.com\/kauppa\/wp-content\/uploads\/2016\/06\/fb_icon.jpg?fit=327%2C327&ssl=1","contentUrl":"https:\/\/i2.wp.com\/veneakselisto.com\/kauppa\/wp-content\/uploads\/2016\/06\/fb_icon.jpg?fit=327%2C327&ssl=1","width":327,"height":327,"caption":"Veneakselisto.com verkkokauppa"},"image":{"@id":"https:\/\/veneakselisto.com\/kauppa\/#\/schema\/logo\/image\/"},"sameAs":["https:\/\/www.facebook.com\/AlaMikkula\/"]}]}},"jetpack_publicize_connections":[],"jetpack_sharing_enabled":true,"_links":{"self":[{"href":"https:\/\/veneakselisto.com\/kauppa\/wp-json\/wp\/v2\/product\/21049","targetHints":{"allow":["GET"]}}],"collection":[{"href":"https:\/\/veneakselisto.com\/kauppa\/wp-json\/wp\/v2\/product"}],"about":[{"href":"https:\/\/veneakselisto.com\/kauppa\/wp-json\/wp\/v2\/types\/product"}],"replies":[{"embeddable":true,"href":"https:\/\/veneakselisto.com\/kauppa\/wp-json\/wp\/v2\/comments?post=21049"}],"wp:featuredmedia":[{"embeddable":true,"href":"https:\/\/veneakselisto.com\/kauppa\/wp-json\/wp\/v2\/media\/21055"}],"wp:attachment":[{"href":"https:\/\/veneakselisto.com\/kauppa\/wp-json\/wp\/v2\/media?parent=21049"}],"wp:term":[{"taxonomy":"product_brand","embeddable":true,"href":"https:\/\/veneakselisto.com\/kauppa\/wp-json\/wp\/v2\/product_brand?post=21049"},{"taxonomy":"product_cat","embeddable":true,"href":"https:\/\/veneakselisto.com\/kauppa\/wp-json\/wp\/v2\/product_cat?post=21049"},{"taxonomy":"product_tag","embeddable":true,"href":"https:\/\/veneakselisto.com\/kauppa\/wp-json\/wp\/v2\/product_tag?post=21049"}],"curies":[{"name":"wp","href":"https:\/\/api.w.org\/{rel}","templated":true}]}}