{"id":21024,"date":"2025-01-16T09:18:25","date_gmt":"2025-01-16T07:18:25","guid":{"rendered":"https:\/\/veneakselisto.com\/kauppa\/?post_type=product&#038;p=21024"},"modified":"2026-04-08T01:52:27","modified_gmt":"2026-04-07T22:52:27","slug":"15x10-3lh-s-drive-taittolapapotkuri","status":"publish","type":"product","link":"https:\/\/veneakselisto.com\/kauppa\/tuote\/15x10-3lh-s-drive-taittolapapotkuri\/","title":{"rendered":"15&#215;10 3LH S-drive taittolapapotkuri"},"content":{"rendered":"<p>15&#215;10 3LH S-drive taittolapapotkuri<\/p>\n<p>Potkurin koko: 15&#8243;x10&#8243; 3-lapainen s-vetolaitepotkuri<br \/>\nSopii l\u00e4hes kaikkiin S-Vetolaitteisiin esim. S-110, S120, SD20<br \/>\nToimitus sis\u00e4lt\u00e4\u00e4 SD napasarjan, lapasarjan ja kiinnityssarjan<br \/>\nVasenk\u00e4tinen (LH)<br \/>\nValmistusmateriaali: NiBr-AL !<\/p>\n<p>Tarvittaessa laskemme sinulle juuri oikean kokoisen potkurin purjeveneeseesi.<\/p>\n<p>Eritt\u00e4in viimesitellyt ja laadukkaat Flexofold -taittolapapotkurit takaavat nautinnollisen ja huolettoman purjehduskauden vuodesta toiseen. Huippuluokkaa olevat Flexofold -potkurit ovat ehdoton valinta purjeveneen potkuriksi.<\/p>\n<p>Purjehdittaessa potkurilavat \u201csulkeutuvat\u201d veden virtauksen voimasta, mutta aukeavat nopeasti ja tehokkaasti moottorilla ajettaessa. Lapojen edistyksellisen muotoilun ansiosta Flexofold -potkuri reagoi nopeasti esimerkiksi vaihdettaessa satama-alueella nopeasti eteenp\u00e4inajosta pakille ja p\u00e4invastoin.<\/p>\n<p>Flexofold potkureissa lapojojen kaksirivinen hammmastus on eritt\u00e4in varmatoiminen ja kest\u00e4v\u00e4 rakenne ja lapojen kiinnitysmekanismi potkurinapaan on luotettava. Kest\u00e4v\u00e4 NiBr-Al kova ja kest\u00e4v\u00e4 materiaali. Kaksirivinen kulutusta todella hyvin kest\u00e4v\u00e4 hammastus.<\/p>\n<p>-TURVALLINEN-potkuri avautuu tehokkaasti ja sulkeutuu purjehdusasentoon kevyesti.<\/p>\n<p>-KEST\u00c4V\u00c4-NiBr-AL materiaali on todella kest\u00e4v\u00e4 materiaali ja kaksirivisen hammastuksen ansiosta se on hyvin kulutusta kest\u00e4v\u00e4.<\/p>\n<p>-TEHOKAS-lapojen tehokkaan hydrodynaamisen muodon ansiosta on Flexofold potkuri ylivoimainen eteenp\u00e4in -, pys\u00e4ytys- ja peruutustilanteissa.<\/p>\n<p>-PIENI VASTUS-taittuvien lapojen ansiosta virtausvastus on eritt\u00e4in pieni Flexofod taittolapapotkurissa.<\/p>\n<p>-HILJAINEN-Flexofold taittolapapotkurissa on muoviset &#8220;iskunvaimentimet&#8221; jolloin avautuminen on miellytt\u00e4v\u00e4n hiljainen.<\/p>\n<p>15&#215;10 3LH S-drive taittolapapotkuri<\/p>\n","protected":false},"excerpt":{"rendered":"<p>15&#215;10 3LH S-drive taittolapapotkuri<\/p>\n<p>Potkurin koko: 15&#8243;x10&#8243; 3-lapainen s-vetolaitepotkuri<br \/>\nSopii l\u00e4hes kaikkiin S-Vetolaitteisiin esim. S-110, S120, SD20<br \/>\nToimitus sis\u00e4lt\u00e4\u00e4 SD napasarjan, lapasarjan ja kiinnityssarjan<br \/>\nVasenk\u00e4tinen (LH)<br \/>\nValmistusmateriaali: NiBr-AL !<\/p>\n<p>Verkkokauppa tuote. Toimitus 2-10pv normaalisti<\/p>\n","protected":false},"featured_media":20892,"comment_status":"open","ping_status":"closed","template":"","meta":{"jetpack_post_was_ever_published":false,"jetpack_publicize_message":"","jetpack_publicize_feature_enabled":true,"jetpack_social_post_already_shared":true,"jetpack_social_options":{"image_generator_settings":{"template":"highway","default_image_id":0,"font":"","enabled":false},"version":2}},"product_brand":[],"product_cat":[18,1164,154],"product_tag":[89,157,1337,156],"class_list":{"0":"post-21024","1":"product","2":"type-product","3":"status-publish","4":"has-post-thumbnail","6":"product_cat-potkurit","7":"product_cat-taittolapapotkuri-radice-s-drive","8":"product_cat-taittolapapotkurit","9":"product_tag-potkuri","10":"product_tag-s-drive","11":"product_tag-s-vetolaitteen-potkuri","12":"product_tag-taittolapa","13":"brand-flexofold","15":"first","16":"onbackorder","17":"sale","18":"taxable","19":"shipping-taxable","20":"purchasable","21":"product-type-simple"},"yoast_head":"<!-- This site is optimized with the Yoast SEO plugin v27.3 - https:\/\/yoast.com\/product\/yoast-seo-wordpress\/ -->\n<title>15x10 3LH S-drive taittolapapotkuri -Veneakselisto.com<\/title>\n<meta name=\"description\" content=\"15x10 3LH S-drive taittolapapotkuri. S-vetolaitteen taittolapapotkurit toimittaa potkureiden erikoisliike-veneakselisto.com- Flexofold-purjeveneen-potkuri\" \/>\n<meta name=\"robots\" content=\"index, follow, max-snippet:-1, max-image-preview:large, max-video-preview:-1\" \/>\n<link rel=\"canonical\" href=\"https:\/\/veneakselisto.com\/kauppa\/tuote\/15x10-3lh-s-drive-taittolapapotkuri\/\" \/>\n<meta property=\"og:locale\" content=\"fi_FI\" \/>\n<meta property=\"og:type\" content=\"article\" \/>\n<meta property=\"og:title\" content=\"15x10 3LH S-drive taittolapapotkuri -Veneakselisto.com\" \/>\n<meta property=\"og:description\" content=\"15x10 3LH S-drive taittolapapotkuri. S-vetolaitteen taittolapapotkurit toimittaa potkureiden erikoisliike-veneakselisto.com- Flexofold-purjeveneen-potkuri\" \/>\n<meta property=\"og:url\" content=\"https:\/\/veneakselisto.com\/kauppa\/tuote\/15x10-3lh-s-drive-taittolapapotkuri\/\" \/>\n<meta property=\"og:site_name\" content=\"Veneakselisto.com - verkkokauppa\" \/>\n<meta property=\"article:publisher\" content=\"https:\/\/www.facebook.com\/AlaMikkula\/\" \/>\n<meta property=\"article:modified_time\" content=\"2026-04-07T22:52:27+00:00\" \/>\n<meta property=\"og:image\" content=\"https:\/\/veneakselisto.com\/kauppa\/wp-content\/uploads\/2025\/01\/Flexofold-3-lapainen-S-Drive.jpg\" \/>\n\t<meta property=\"og:image:width\" content=\"500\" \/>\n\t<meta property=\"og:image:height\" content=\"500\" \/>\n\t<meta property=\"og:image:type\" content=\"image\/jpeg\" \/>\n<meta name=\"twitter:card\" content=\"summary_large_image\" \/>\n<meta name=\"twitter:label1\" content=\"Arvioitu lukuaika\" \/>\n\t<meta name=\"twitter:data1\" content=\"2 minuuttia\" \/>\n<script type=\"application\/ld+json\" class=\"yoast-schema-graph\">{\"@context\":\"https:\\\/\\\/schema.org\",\"@graph\":[{\"@type\":\"WebPage\",\"@id\":\"https:\\\/\\\/veneakselisto.com\\\/kauppa\\\/tuote\\\/15x10-3lh-s-drive-taittolapapotkuri\\\/\",\"url\":\"https:\\\/\\\/veneakselisto.com\\\/kauppa\\\/tuote\\\/15x10-3lh-s-drive-taittolapapotkuri\\\/\",\"name\":\"15x10 3LH S-drive taittolapapotkuri -Veneakselisto.com\",\"isPartOf\":{\"@id\":\"https:\\\/\\\/veneakselisto.com\\\/kauppa\\\/#website\"},\"primaryImageOfPage\":{\"@id\":\"https:\\\/\\\/veneakselisto.com\\\/kauppa\\\/tuote\\\/15x10-3lh-s-drive-taittolapapotkuri\\\/#primaryimage\"},\"image\":{\"@id\":\"https:\\\/\\\/veneakselisto.com\\\/kauppa\\\/tuote\\\/15x10-3lh-s-drive-taittolapapotkuri\\\/#primaryimage\"},\"thumbnailUrl\":\"https:\\\/\\\/i0.wp.com\\\/veneakselisto.com\\\/kauppa\\\/wp-content\\\/uploads\\\/2025\\\/01\\\/Flexofold-3-lapainen-S-Drive.jpg?fit=500%2C500&ssl=1\",\"datePublished\":\"2025-01-16T07:18:25+00:00\",\"dateModified\":\"2026-04-07T22:52:27+00:00\",\"description\":\"15x10 3LH S-drive taittolapapotkuri. S-vetolaitteen taittolapapotkurit toimittaa potkureiden erikoisliike-veneakselisto.com- Flexofold-purjeveneen-potkuri\",\"breadcrumb\":{\"@id\":\"https:\\\/\\\/veneakselisto.com\\\/kauppa\\\/tuote\\\/15x10-3lh-s-drive-taittolapapotkuri\\\/#breadcrumb\"},\"inLanguage\":\"fi\",\"potentialAction\":[{\"@type\":\"ReadAction\",\"target\":[\"https:\\\/\\\/veneakselisto.com\\\/kauppa\\\/tuote\\\/15x10-3lh-s-drive-taittolapapotkuri\\\/\"]}]},{\"@type\":\"ImageObject\",\"inLanguage\":\"fi\",\"@id\":\"https:\\\/\\\/veneakselisto.com\\\/kauppa\\\/tuote\\\/15x10-3lh-s-drive-taittolapapotkuri\\\/#primaryimage\",\"url\":\"https:\\\/\\\/i0.wp.com\\\/veneakselisto.com\\\/kauppa\\\/wp-content\\\/uploads\\\/2025\\\/01\\\/Flexofold-3-lapainen-S-Drive.jpg?fit=500%2C500&ssl=1\",\"contentUrl\":\"https:\\\/\\\/i0.wp.com\\\/veneakselisto.com\\\/kauppa\\\/wp-content\\\/uploads\\\/2025\\\/01\\\/Flexofold-3-lapainen-S-Drive.jpg?fit=500%2C500&ssl=1\",\"width\":500,\"height\":500,\"caption\":\"Flexofold 3-lapainen-S-Drive-taittolapapotkuri-Veneakselisto.com\"},{\"@type\":\"BreadcrumbList\",\"@id\":\"https:\\\/\\\/veneakselisto.com\\\/kauppa\\\/tuote\\\/15x10-3lh-s-drive-taittolapapotkuri\\\/#breadcrumb\",\"itemListElement\":[{\"@type\":\"ListItem\",\"position\":1,\"name\":\"Etusivu\",\"item\":\"https:\\\/\\\/veneakselisto.com\\\/kauppa\\\/\"},{\"@type\":\"ListItem\",\"position\":2,\"name\":\"Kauppa\",\"item\":\"https:\\\/\\\/veneakselisto.com\\\/kauppa\\\/\"},{\"@type\":\"ListItem\",\"position\":3,\"name\":\"15&#215;10 3LH S-drive taittolapapotkuri\"}]},{\"@type\":\"WebSite\",\"@id\":\"https:\\\/\\\/veneakselisto.com\\\/kauppa\\\/#website\",\"url\":\"https:\\\/\\\/veneakselisto.com\\\/kauppa\\\/\",\"name\":\"Veneakselisto.com - verkkokauppa\",\"description\":\"Venetarvikkeiden maahantuonti ja myynti\",\"publisher\":{\"@id\":\"https:\\\/\\\/veneakselisto.com\\\/kauppa\\\/#organization\"},\"potentialAction\":[{\"@type\":\"SearchAction\",\"target\":{\"@type\":\"EntryPoint\",\"urlTemplate\":\"https:\\\/\\\/veneakselisto.com\\\/kauppa\\\/?s={search_term_string}\"},\"query-input\":{\"@type\":\"PropertyValueSpecification\",\"valueRequired\":true,\"valueName\":\"search_term_string\"}}],\"inLanguage\":\"fi\"},{\"@type\":\"Organization\",\"@id\":\"https:\\\/\\\/veneakselisto.com\\\/kauppa\\\/#organization\",\"name\":\"Veneakselisto.com verkkokauppa\",\"url\":\"https:\\\/\\\/veneakselisto.com\\\/kauppa\\\/\",\"logo\":{\"@type\":\"ImageObject\",\"inLanguage\":\"fi\",\"@id\":\"https:\\\/\\\/veneakselisto.com\\\/kauppa\\\/#\\\/schema\\\/logo\\\/image\\\/\",\"url\":\"https:\\\/\\\/i2.wp.com\\\/veneakselisto.com\\\/kauppa\\\/wp-content\\\/uploads\\\/2016\\\/06\\\/fb_icon.jpg?fit=327%2C327&ssl=1\",\"contentUrl\":\"https:\\\/\\\/i2.wp.com\\\/veneakselisto.com\\\/kauppa\\\/wp-content\\\/uploads\\\/2016\\\/06\\\/fb_icon.jpg?fit=327%2C327&ssl=1\",\"width\":327,\"height\":327,\"caption\":\"Veneakselisto.com verkkokauppa\"},\"image\":{\"@id\":\"https:\\\/\\\/veneakselisto.com\\\/kauppa\\\/#\\\/schema\\\/logo\\\/image\\\/\"},\"sameAs\":[\"https:\\\/\\\/www.facebook.com\\\/AlaMikkula\\\/\"]}]}<\/script>\n<!-- \/ Yoast SEO plugin. -->","yoast_head_json":{"title":"15x10 3LH S-drive taittolapapotkuri -Veneakselisto.com","description":"15x10 3LH S-drive taittolapapotkuri. S-vetolaitteen taittolapapotkurit toimittaa potkureiden erikoisliike-veneakselisto.com- Flexofold-purjeveneen-potkuri","robots":{"index":"index","follow":"follow","max-snippet":"max-snippet:-1","max-image-preview":"max-image-preview:large","max-video-preview":"max-video-preview:-1"},"canonical":"https:\/\/veneakselisto.com\/kauppa\/tuote\/15x10-3lh-s-drive-taittolapapotkuri\/","og_locale":"fi_FI","og_type":"article","og_title":"15x10 3LH S-drive taittolapapotkuri -Veneakselisto.com","og_description":"15x10 3LH S-drive taittolapapotkuri. S-vetolaitteen taittolapapotkurit toimittaa potkureiden erikoisliike-veneakselisto.com- Flexofold-purjeveneen-potkuri","og_url":"https:\/\/veneakselisto.com\/kauppa\/tuote\/15x10-3lh-s-drive-taittolapapotkuri\/","og_site_name":"Veneakselisto.com - verkkokauppa","article_publisher":"https:\/\/www.facebook.com\/AlaMikkula\/","article_modified_time":"2026-04-07T22:52:27+00:00","og_image":[{"width":500,"height":500,"url":"https:\/\/veneakselisto.com\/kauppa\/wp-content\/uploads\/2025\/01\/Flexofold-3-lapainen-S-Drive.jpg","type":"image\/jpeg"}],"twitter_card":"summary_large_image","twitter_misc":{"Arvioitu lukuaika":"2 minuuttia"},"schema":{"@context":"https:\/\/schema.org","@graph":[{"@type":"WebPage","@id":"https:\/\/veneakselisto.com\/kauppa\/tuote\/15x10-3lh-s-drive-taittolapapotkuri\/","url":"https:\/\/veneakselisto.com\/kauppa\/tuote\/15x10-3lh-s-drive-taittolapapotkuri\/","name":"15x10 3LH S-drive taittolapapotkuri -Veneakselisto.com","isPartOf":{"@id":"https:\/\/veneakselisto.com\/kauppa\/#website"},"primaryImageOfPage":{"@id":"https:\/\/veneakselisto.com\/kauppa\/tuote\/15x10-3lh-s-drive-taittolapapotkuri\/#primaryimage"},"image":{"@id":"https:\/\/veneakselisto.com\/kauppa\/tuote\/15x10-3lh-s-drive-taittolapapotkuri\/#primaryimage"},"thumbnailUrl":"https:\/\/i0.wp.com\/veneakselisto.com\/kauppa\/wp-content\/uploads\/2025\/01\/Flexofold-3-lapainen-S-Drive.jpg?fit=500%2C500&ssl=1","datePublished":"2025-01-16T07:18:25+00:00","dateModified":"2026-04-07T22:52:27+00:00","description":"15x10 3LH S-drive taittolapapotkuri. S-vetolaitteen taittolapapotkurit toimittaa potkureiden erikoisliike-veneakselisto.com- Flexofold-purjeveneen-potkuri","breadcrumb":{"@id":"https:\/\/veneakselisto.com\/kauppa\/tuote\/15x10-3lh-s-drive-taittolapapotkuri\/#breadcrumb"},"inLanguage":"fi","potentialAction":[{"@type":"ReadAction","target":["https:\/\/veneakselisto.com\/kauppa\/tuote\/15x10-3lh-s-drive-taittolapapotkuri\/"]}]},{"@type":"ImageObject","inLanguage":"fi","@id":"https:\/\/veneakselisto.com\/kauppa\/tuote\/15x10-3lh-s-drive-taittolapapotkuri\/#primaryimage","url":"https:\/\/i0.wp.com\/veneakselisto.com\/kauppa\/wp-content\/uploads\/2025\/01\/Flexofold-3-lapainen-S-Drive.jpg?fit=500%2C500&ssl=1","contentUrl":"https:\/\/i0.wp.com\/veneakselisto.com\/kauppa\/wp-content\/uploads\/2025\/01\/Flexofold-3-lapainen-S-Drive.jpg?fit=500%2C500&ssl=1","width":500,"height":500,"caption":"Flexofold 3-lapainen-S-Drive-taittolapapotkuri-Veneakselisto.com"},{"@type":"BreadcrumbList","@id":"https:\/\/veneakselisto.com\/kauppa\/tuote\/15x10-3lh-s-drive-taittolapapotkuri\/#breadcrumb","itemListElement":[{"@type":"ListItem","position":1,"name":"Etusivu","item":"https:\/\/veneakselisto.com\/kauppa\/"},{"@type":"ListItem","position":2,"name":"Kauppa","item":"https:\/\/veneakselisto.com\/kauppa\/"},{"@type":"ListItem","position":3,"name":"15&#215;10 3LH S-drive taittolapapotkuri"}]},{"@type":"WebSite","@id":"https:\/\/veneakselisto.com\/kauppa\/#website","url":"https:\/\/veneakselisto.com\/kauppa\/","name":"Veneakselisto.com - verkkokauppa","description":"Venetarvikkeiden maahantuonti ja myynti","publisher":{"@id":"https:\/\/veneakselisto.com\/kauppa\/#organization"},"potentialAction":[{"@type":"SearchAction","target":{"@type":"EntryPoint","urlTemplate":"https:\/\/veneakselisto.com\/kauppa\/?s={search_term_string}"},"query-input":{"@type":"PropertyValueSpecification","valueRequired":true,"valueName":"search_term_string"}}],"inLanguage":"fi"},{"@type":"Organization","@id":"https:\/\/veneakselisto.com\/kauppa\/#organization","name":"Veneakselisto.com verkkokauppa","url":"https:\/\/veneakselisto.com\/kauppa\/","logo":{"@type":"ImageObject","inLanguage":"fi","@id":"https:\/\/veneakselisto.com\/kauppa\/#\/schema\/logo\/image\/","url":"https:\/\/i2.wp.com\/veneakselisto.com\/kauppa\/wp-content\/uploads\/2016\/06\/fb_icon.jpg?fit=327%2C327&ssl=1","contentUrl":"https:\/\/i2.wp.com\/veneakselisto.com\/kauppa\/wp-content\/uploads\/2016\/06\/fb_icon.jpg?fit=327%2C327&ssl=1","width":327,"height":327,"caption":"Veneakselisto.com verkkokauppa"},"image":{"@id":"https:\/\/veneakselisto.com\/kauppa\/#\/schema\/logo\/image\/"},"sameAs":["https:\/\/www.facebook.com\/AlaMikkula\/"]}]}},"jetpack_publicize_connections":[],"jetpack_sharing_enabled":true,"_links":{"self":[{"href":"https:\/\/veneakselisto.com\/kauppa\/wp-json\/wp\/v2\/product\/21024","targetHints":{"allow":["GET"]}}],"collection":[{"href":"https:\/\/veneakselisto.com\/kauppa\/wp-json\/wp\/v2\/product"}],"about":[{"href":"https:\/\/veneakselisto.com\/kauppa\/wp-json\/wp\/v2\/types\/product"}],"replies":[{"embeddable":true,"href":"https:\/\/veneakselisto.com\/kauppa\/wp-json\/wp\/v2\/comments?post=21024"}],"wp:featuredmedia":[{"embeddable":true,"href":"https:\/\/veneakselisto.com\/kauppa\/wp-json\/wp\/v2\/media\/20892"}],"wp:attachment":[{"href":"https:\/\/veneakselisto.com\/kauppa\/wp-json\/wp\/v2\/media?parent=21024"}],"wp:term":[{"taxonomy":"product_brand","embeddable":true,"href":"https:\/\/veneakselisto.com\/kauppa\/wp-json\/wp\/v2\/product_brand?post=21024"},{"taxonomy":"product_cat","embeddable":true,"href":"https:\/\/veneakselisto.com\/kauppa\/wp-json\/wp\/v2\/product_cat?post=21024"},{"taxonomy":"product_tag","embeddable":true,"href":"https:\/\/veneakselisto.com\/kauppa\/wp-json\/wp\/v2\/product_tag?post=21024"}],"curies":[{"name":"wp","href":"https:\/\/api.w.org\/{rel}","templated":true}]}}