{"id":20315,"date":"2024-08-08T14:45:40","date_gmt":"2024-08-08T11:45:40","guid":{"rendered":"https:\/\/veneakselisto.com\/kauppa\/?post_type=product&#038;p=20315"},"modified":"2025-08-04T15:35:14","modified_gmt":"2025-08-04T12:35:14","slug":"johnson-pump-pilssipumppu-aqua-void-800gph-12v","status":"publish","type":"product","link":"https:\/\/veneakselisto.com\/kauppa\/tuote\/johnson-pump-pilssipumppu-aqua-void-800gph-12v\/","title":{"rendered":"Johnson Pump Pilssipumppu aqua Void 50l\/min 12v"},"content":{"rendered":"<div class=\"wpb-content-wrapper\"><p>Johnson Pump Pilssipumppu aqua Void 50l\/min 12v<\/p>\n<p>Johnson Pump upotettava pilssipumppu.<br \/>\nTuotto: 50l\/min<br \/>\nLetkukoko: 19mm.Kulma ja Suora<br \/>\nK\u00e4ytt\u00f6j\u00e4nnite: 12V<\/p>\n<p>800GHP 50 l \/min Aqua Void -pilssipumpussa on alan ensimm\u00e4inen moottorin pikavaihtoliit\u00e4nt\u00e4 ja uusi vahvistettu napsautettava alusta, jotka helpottavat puhdistamista ja asennusta sek\u00e4 lis\u00e4\u00e4v\u00e4t k\u00e4ytt\u00f6mukavuutta ja tehokkuutta. Sen paranneltu moottori takaa luotettavuuden ja suorituskyvyn kaikissa olosuhteissa. Nauti huolettomasta veneilyst\u00e4 Aqua Voidin avulla.<\/p>\n<ul>\n<li>Tuotto 50 l\/min<\/li>\n<li>Tuotto 1 m nosteella 35 l\/min<\/li>\n<li>Tuotto 2 m nosteella 26 l\/min<\/li>\n<li>Maksimi nostokorkeus 4,4 m<\/li>\n<li>K\u00e4ytt\u00f6j\u00e4nnite 12 V<\/li>\n<li>Virrankulutus 3.7 A<\/li>\n<li>Sulake 5 A<\/li>\n<li>Letkuyhde 3\/4&#8243; \/ 19 mm<\/li>\n<li>Mitat K 119 mm, L 70 mm, S letkuyhteen kanssa 133 mm<\/li>\n<li>Paino 360 g<\/li>\n<\/ul>\n<p>Johnson Pump Pilssipumppu aqua Void 50l\/min 12v<\/p>\n<p><a href=\"http:\/\/www.spxflow.com\/en\/assets\/pdf\/IB-103_Cartridge.pdf\" target=\"_blank\" rel=\"noopener noreferrer\">L450-L750 K\u00e4ytt\u00f6ohjeet\u00a0(Sv, En, De, Fr, Es, It)<\/a>[\/vc_column_text][\/vc_column][\/vc_row]<\/p>\n<\/div>","protected":false},"excerpt":{"rendered":"<p><span style=\"color: #ff0000;\">UUTUUS!<\/span><\/p>\n<p>Johnson Pump Pilssipumppu aqua Void 50l\/min 12v<\/p>\n<p>Johnson Pump upotettava pilssipumppu.<br \/>\nTuotto: 50l\/min<br \/>\nLetkukoko: 19mm.Kulma ja Suora<br \/>\nK\u00e4ytt\u00f6j\u00e4nnite: 12V<\/p>\n","protected":false},"featured_media":20316,"comment_status":"open","ping_status":"closed","template":"","meta":{"jetpack_post_was_ever_published":false,"jetpack_publicize_message":"","jetpack_publicize_feature_enabled":true,"jetpack_social_post_already_shared":true,"jetpack_social_options":{"image_generator_settings":{"template":"highway","default_image_id":0,"font":"","enabled":false},"version":2}},"product_brand":[],"product_cat":[57],"product_tag":[192,207],"class_list":{"0":"post-20315","1":"product","2":"type-product","3":"status-publish","4":"has-post-thumbnail","6":"product_cat-pilssipumpu","7":"product_tag-19mm","8":"product_tag-pilssipumppu","9":"brand-johnson-pump","11":"first","12":"instock","13":"sale","14":"taxable","15":"shipping-taxable","16":"purchasable","17":"product-type-simple"},"yoast_head":"<!-- This site is optimized with the Yoast SEO plugin v27.4 - https:\/\/yoast.com\/product\/yoast-seo-wordpress\/ -->\n<title>Johnson Pump Pilssipumppu aqua Void 800gph 12v-veneakselisto<\/title>\n<meta name=\"description\" content=\"Johnson Pump Pilssipumppu aqua Void 800gph 12v. Tuotteen toimittaa aina edullinen Veneakselisto.com - Venetarvikkeiden maahantuonti ja myynti.\" \/>\n<meta name=\"robots\" content=\"index, follow, max-snippet:-1, max-image-preview:large, max-video-preview:-1\" \/>\n<link rel=\"canonical\" href=\"https:\/\/veneakselisto.com\/kauppa\/tuote\/johnson-pump-pilssipumppu-aqua-void-800gph-12v\/\" \/>\n<meta property=\"og:locale\" content=\"fi_FI\" \/>\n<meta property=\"og:type\" content=\"article\" \/>\n<meta property=\"og:title\" content=\"Johnson Pump Pilssipumppu aqua Void 800gph 12v-veneakselisto\" \/>\n<meta property=\"og:description\" content=\"Johnson Pump Pilssipumppu aqua Void 800gph 12v. Tuotteen toimittaa aina edullinen Veneakselisto.com - Venetarvikkeiden maahantuonti ja myynti.\" \/>\n<meta property=\"og:url\" content=\"https:\/\/veneakselisto.com\/kauppa\/tuote\/johnson-pump-pilssipumppu-aqua-void-800gph-12v\/\" \/>\n<meta property=\"og:site_name\" content=\"Veneakselisto.com - verkkokauppa\" \/>\n<meta property=\"article:publisher\" content=\"https:\/\/www.facebook.com\/AlaMikkula\/\" \/>\n<meta property=\"article:modified_time\" content=\"2025-08-04T12:35:14+00:00\" \/>\n<meta property=\"og:image\" content=\"https:\/\/veneakselisto.com\/kauppa\/wp-content\/uploads\/2024\/08\/10-13626-05.jpg\" \/>\n\t<meta property=\"og:image:width\" content=\"500\" \/>\n\t<meta property=\"og:image:height\" content=\"500\" \/>\n\t<meta property=\"og:image:type\" content=\"image\/jpeg\" \/>\n<meta name=\"twitter:card\" content=\"summary_large_image\" \/>\n<meta name=\"twitter:label1\" content=\"Arvioitu lukuaika\" \/>\n\t<meta name=\"twitter:data1\" content=\"1 minuutti\" \/>\n<script type=\"application\/ld+json\" class=\"yoast-schema-graph\">{\"@context\":\"https:\\\/\\\/schema.org\",\"@graph\":[{\"@type\":\"WebPage\",\"@id\":\"https:\\\/\\\/veneakselisto.com\\\/kauppa\\\/tuote\\\/johnson-pump-pilssipumppu-aqua-void-800gph-12v\\\/\",\"url\":\"https:\\\/\\\/veneakselisto.com\\\/kauppa\\\/tuote\\\/johnson-pump-pilssipumppu-aqua-void-800gph-12v\\\/\",\"name\":\"Johnson Pump Pilssipumppu aqua Void 800gph 12v-veneakselisto\",\"isPartOf\":{\"@id\":\"https:\\\/\\\/veneakselisto.com\\\/kauppa\\\/#website\"},\"primaryImageOfPage\":{\"@id\":\"https:\\\/\\\/veneakselisto.com\\\/kauppa\\\/tuote\\\/johnson-pump-pilssipumppu-aqua-void-800gph-12v\\\/#primaryimage\"},\"image\":{\"@id\":\"https:\\\/\\\/veneakselisto.com\\\/kauppa\\\/tuote\\\/johnson-pump-pilssipumppu-aqua-void-800gph-12v\\\/#primaryimage\"},\"thumbnailUrl\":\"https:\\\/\\\/i0.wp.com\\\/veneakselisto.com\\\/kauppa\\\/wp-content\\\/uploads\\\/2024\\\/08\\\/10-13626-05.jpg?fit=500%2C500&ssl=1\",\"datePublished\":\"2024-08-08T11:45:40+00:00\",\"dateModified\":\"2025-08-04T12:35:14+00:00\",\"description\":\"Johnson Pump Pilssipumppu aqua Void 800gph 12v. Tuotteen toimittaa aina edullinen Veneakselisto.com - Venetarvikkeiden maahantuonti ja myynti.\",\"breadcrumb\":{\"@id\":\"https:\\\/\\\/veneakselisto.com\\\/kauppa\\\/tuote\\\/johnson-pump-pilssipumppu-aqua-void-800gph-12v\\\/#breadcrumb\"},\"inLanguage\":\"fi\",\"potentialAction\":[{\"@type\":\"ReadAction\",\"target\":[\"https:\\\/\\\/veneakselisto.com\\\/kauppa\\\/tuote\\\/johnson-pump-pilssipumppu-aqua-void-800gph-12v\\\/\"]}]},{\"@type\":\"ImageObject\",\"inLanguage\":\"fi\",\"@id\":\"https:\\\/\\\/veneakselisto.com\\\/kauppa\\\/tuote\\\/johnson-pump-pilssipumppu-aqua-void-800gph-12v\\\/#primaryimage\",\"url\":\"https:\\\/\\\/i0.wp.com\\\/veneakselisto.com\\\/kauppa\\\/wp-content\\\/uploads\\\/2024\\\/08\\\/10-13626-05.jpg?fit=500%2C500&ssl=1\",\"contentUrl\":\"https:\\\/\\\/i0.wp.com\\\/veneakselisto.com\\\/kauppa\\\/wp-content\\\/uploads\\\/2024\\\/08\\\/10-13626-05.jpg?fit=500%2C500&ssl=1\",\"width\":500,\"height\":500,\"caption\":\"Johnson Pump-Aqua Void-pilssipumppu-Veneakselisto.com\"},{\"@type\":\"BreadcrumbList\",\"@id\":\"https:\\\/\\\/veneakselisto.com\\\/kauppa\\\/tuote\\\/johnson-pump-pilssipumppu-aqua-void-800gph-12v\\\/#breadcrumb\",\"itemListElement\":[{\"@type\":\"ListItem\",\"position\":1,\"name\":\"Etusivu\",\"item\":\"https:\\\/\\\/veneakselisto.com\\\/kauppa\\\/\"},{\"@type\":\"ListItem\",\"position\":2,\"name\":\"Kauppa\",\"item\":\"https:\\\/\\\/veneakselisto.com\\\/kauppa\\\/\"},{\"@type\":\"ListItem\",\"position\":3,\"name\":\"Johnson Pump Pilssipumppu aqua Void 50l\\\/min 12v\"}]},{\"@type\":\"WebSite\",\"@id\":\"https:\\\/\\\/veneakselisto.com\\\/kauppa\\\/#website\",\"url\":\"https:\\\/\\\/veneakselisto.com\\\/kauppa\\\/\",\"name\":\"Veneakselisto.com - verkkokauppa\",\"description\":\"Venetarvikkeiden maahantuonti ja myynti\",\"publisher\":{\"@id\":\"https:\\\/\\\/veneakselisto.com\\\/kauppa\\\/#organization\"},\"potentialAction\":[{\"@type\":\"SearchAction\",\"target\":{\"@type\":\"EntryPoint\",\"urlTemplate\":\"https:\\\/\\\/veneakselisto.com\\\/kauppa\\\/?s={search_term_string}\"},\"query-input\":{\"@type\":\"PropertyValueSpecification\",\"valueRequired\":true,\"valueName\":\"search_term_string\"}}],\"inLanguage\":\"fi\"},{\"@type\":\"Organization\",\"@id\":\"https:\\\/\\\/veneakselisto.com\\\/kauppa\\\/#organization\",\"name\":\"Veneakselisto.com verkkokauppa\",\"url\":\"https:\\\/\\\/veneakselisto.com\\\/kauppa\\\/\",\"logo\":{\"@type\":\"ImageObject\",\"inLanguage\":\"fi\",\"@id\":\"https:\\\/\\\/veneakselisto.com\\\/kauppa\\\/#\\\/schema\\\/logo\\\/image\\\/\",\"url\":\"https:\\\/\\\/i2.wp.com\\\/veneakselisto.com\\\/kauppa\\\/wp-content\\\/uploads\\\/2016\\\/06\\\/fb_icon.jpg?fit=327%2C327&ssl=1\",\"contentUrl\":\"https:\\\/\\\/i2.wp.com\\\/veneakselisto.com\\\/kauppa\\\/wp-content\\\/uploads\\\/2016\\\/06\\\/fb_icon.jpg?fit=327%2C327&ssl=1\",\"width\":327,\"height\":327,\"caption\":\"Veneakselisto.com verkkokauppa\"},\"image\":{\"@id\":\"https:\\\/\\\/veneakselisto.com\\\/kauppa\\\/#\\\/schema\\\/logo\\\/image\\\/\"},\"sameAs\":[\"https:\\\/\\\/www.facebook.com\\\/AlaMikkula\\\/\"]}]}<\/script>\n<!-- \/ Yoast SEO plugin. -->","yoast_head_json":{"title":"Johnson Pump Pilssipumppu aqua Void 800gph 12v-veneakselisto","description":"Johnson Pump Pilssipumppu aqua Void 800gph 12v. Tuotteen toimittaa aina edullinen Veneakselisto.com - Venetarvikkeiden maahantuonti ja myynti.","robots":{"index":"index","follow":"follow","max-snippet":"max-snippet:-1","max-image-preview":"max-image-preview:large","max-video-preview":"max-video-preview:-1"},"canonical":"https:\/\/veneakselisto.com\/kauppa\/tuote\/johnson-pump-pilssipumppu-aqua-void-800gph-12v\/","og_locale":"fi_FI","og_type":"article","og_title":"Johnson Pump Pilssipumppu aqua Void 800gph 12v-veneakselisto","og_description":"Johnson Pump Pilssipumppu aqua Void 800gph 12v. Tuotteen toimittaa aina edullinen Veneakselisto.com - Venetarvikkeiden maahantuonti ja myynti.","og_url":"https:\/\/veneakselisto.com\/kauppa\/tuote\/johnson-pump-pilssipumppu-aqua-void-800gph-12v\/","og_site_name":"Veneakselisto.com - verkkokauppa","article_publisher":"https:\/\/www.facebook.com\/AlaMikkula\/","article_modified_time":"2025-08-04T12:35:14+00:00","og_image":[{"width":500,"height":500,"url":"https:\/\/veneakselisto.com\/kauppa\/wp-content\/uploads\/2024\/08\/10-13626-05.jpg","type":"image\/jpeg"}],"twitter_card":"summary_large_image","twitter_misc":{"Arvioitu lukuaika":"1 minuutti"},"schema":{"@context":"https:\/\/schema.org","@graph":[{"@type":"WebPage","@id":"https:\/\/veneakselisto.com\/kauppa\/tuote\/johnson-pump-pilssipumppu-aqua-void-800gph-12v\/","url":"https:\/\/veneakselisto.com\/kauppa\/tuote\/johnson-pump-pilssipumppu-aqua-void-800gph-12v\/","name":"Johnson Pump Pilssipumppu aqua Void 800gph 12v-veneakselisto","isPartOf":{"@id":"https:\/\/veneakselisto.com\/kauppa\/#website"},"primaryImageOfPage":{"@id":"https:\/\/veneakselisto.com\/kauppa\/tuote\/johnson-pump-pilssipumppu-aqua-void-800gph-12v\/#primaryimage"},"image":{"@id":"https:\/\/veneakselisto.com\/kauppa\/tuote\/johnson-pump-pilssipumppu-aqua-void-800gph-12v\/#primaryimage"},"thumbnailUrl":"https:\/\/i0.wp.com\/veneakselisto.com\/kauppa\/wp-content\/uploads\/2024\/08\/10-13626-05.jpg?fit=500%2C500&ssl=1","datePublished":"2024-08-08T11:45:40+00:00","dateModified":"2025-08-04T12:35:14+00:00","description":"Johnson Pump Pilssipumppu aqua Void 800gph 12v. Tuotteen toimittaa aina edullinen Veneakselisto.com - Venetarvikkeiden maahantuonti ja myynti.","breadcrumb":{"@id":"https:\/\/veneakselisto.com\/kauppa\/tuote\/johnson-pump-pilssipumppu-aqua-void-800gph-12v\/#breadcrumb"},"inLanguage":"fi","potentialAction":[{"@type":"ReadAction","target":["https:\/\/veneakselisto.com\/kauppa\/tuote\/johnson-pump-pilssipumppu-aqua-void-800gph-12v\/"]}]},{"@type":"ImageObject","inLanguage":"fi","@id":"https:\/\/veneakselisto.com\/kauppa\/tuote\/johnson-pump-pilssipumppu-aqua-void-800gph-12v\/#primaryimage","url":"https:\/\/i0.wp.com\/veneakselisto.com\/kauppa\/wp-content\/uploads\/2024\/08\/10-13626-05.jpg?fit=500%2C500&ssl=1","contentUrl":"https:\/\/i0.wp.com\/veneakselisto.com\/kauppa\/wp-content\/uploads\/2024\/08\/10-13626-05.jpg?fit=500%2C500&ssl=1","width":500,"height":500,"caption":"Johnson Pump-Aqua Void-pilssipumppu-Veneakselisto.com"},{"@type":"BreadcrumbList","@id":"https:\/\/veneakselisto.com\/kauppa\/tuote\/johnson-pump-pilssipumppu-aqua-void-800gph-12v\/#breadcrumb","itemListElement":[{"@type":"ListItem","position":1,"name":"Etusivu","item":"https:\/\/veneakselisto.com\/kauppa\/"},{"@type":"ListItem","position":2,"name":"Kauppa","item":"https:\/\/veneakselisto.com\/kauppa\/"},{"@type":"ListItem","position":3,"name":"Johnson Pump Pilssipumppu aqua Void 50l\/min 12v"}]},{"@type":"WebSite","@id":"https:\/\/veneakselisto.com\/kauppa\/#website","url":"https:\/\/veneakselisto.com\/kauppa\/","name":"Veneakselisto.com - verkkokauppa","description":"Venetarvikkeiden maahantuonti ja myynti","publisher":{"@id":"https:\/\/veneakselisto.com\/kauppa\/#organization"},"potentialAction":[{"@type":"SearchAction","target":{"@type":"EntryPoint","urlTemplate":"https:\/\/veneakselisto.com\/kauppa\/?s={search_term_string}"},"query-input":{"@type":"PropertyValueSpecification","valueRequired":true,"valueName":"search_term_string"}}],"inLanguage":"fi"},{"@type":"Organization","@id":"https:\/\/veneakselisto.com\/kauppa\/#organization","name":"Veneakselisto.com verkkokauppa","url":"https:\/\/veneakselisto.com\/kauppa\/","logo":{"@type":"ImageObject","inLanguage":"fi","@id":"https:\/\/veneakselisto.com\/kauppa\/#\/schema\/logo\/image\/","url":"https:\/\/i2.wp.com\/veneakselisto.com\/kauppa\/wp-content\/uploads\/2016\/06\/fb_icon.jpg?fit=327%2C327&ssl=1","contentUrl":"https:\/\/i2.wp.com\/veneakselisto.com\/kauppa\/wp-content\/uploads\/2016\/06\/fb_icon.jpg?fit=327%2C327&ssl=1","width":327,"height":327,"caption":"Veneakselisto.com verkkokauppa"},"image":{"@id":"https:\/\/veneakselisto.com\/kauppa\/#\/schema\/logo\/image\/"},"sameAs":["https:\/\/www.facebook.com\/AlaMikkula\/"]}]}},"jetpack_publicize_connections":[],"jetpack_sharing_enabled":true,"_links":{"self":[{"href":"https:\/\/veneakselisto.com\/kauppa\/wp-json\/wp\/v2\/product\/20315","targetHints":{"allow":["GET"]}}],"collection":[{"href":"https:\/\/veneakselisto.com\/kauppa\/wp-json\/wp\/v2\/product"}],"about":[{"href":"https:\/\/veneakselisto.com\/kauppa\/wp-json\/wp\/v2\/types\/product"}],"replies":[{"embeddable":true,"href":"https:\/\/veneakselisto.com\/kauppa\/wp-json\/wp\/v2\/comments?post=20315"}],"wp:featuredmedia":[{"embeddable":true,"href":"https:\/\/veneakselisto.com\/kauppa\/wp-json\/wp\/v2\/media\/20316"}],"wp:attachment":[{"href":"https:\/\/veneakselisto.com\/kauppa\/wp-json\/wp\/v2\/media?parent=20315"}],"wp:term":[{"taxonomy":"product_brand","embeddable":true,"href":"https:\/\/veneakselisto.com\/kauppa\/wp-json\/wp\/v2\/product_brand?post=20315"},{"taxonomy":"product_cat","embeddable":true,"href":"https:\/\/veneakselisto.com\/kauppa\/wp-json\/wp\/v2\/product_cat?post=20315"},{"taxonomy":"product_tag","embeddable":true,"href":"https:\/\/veneakselisto.com\/kauppa\/wp-json\/wp\/v2\/product_tag?post=20315"}],"curies":[{"name":"wp","href":"https:\/\/api.w.org\/{rel}","templated":true}]}}