{"id":1897,"date":"2017-02-12T22:01:43","date_gmt":"2017-02-12T20:01:43","guid":{"rendered":"https:\/\/veneakselisto.com\/kauppa\/tuote\/vetus-50mm-vesivoideltava-akselitiiviste-76mm-vannasputkelle\/"},"modified":"2026-03-23T10:12:42","modified_gmt":"2026-03-23T08:12:42","slug":"vetus-50mm-vesivoideltava-akselitiiviste-76mm-vannasputkelle","status":"publish","type":"product","link":"https:\/\/veneakselisto.com\/kauppa\/tuote\/vetus-50mm-vesivoideltava-akselitiiviste-76mm-vannasputkelle\/","title":{"rendered":"VETUS 50mm vesivoideltava akselitiiviste, 76mm vannasputkelle"},"content":{"rendered":"<div class=\"wpb-content-wrapper\"><p>[vc_row][vc_column][vc_column_text]VETUS 50mm vesivoideltava akselitiiviste 76mm vannasputkelle<\/p>\n<p>OEM: ZWB50A<\/p>\n<p>Halkaisija: 50mm<br \/>\nW: 129mm<br \/>\nX: 165mm[\/vc_column_text][\/vc_column][\/vc_row][vc_row][vc_column][vc_column_text]VETUS akselitiivisteess\u00e4 on kaksoishuulitiiviste, joka varmistaa tiiveyden.<\/p>\n<p>Tuote sis\u00e4lt\u00e4\u00e4:<\/p>\n<ul>\n<li>Aselitiivisteen<\/li>\n<li>Letkun<\/li>\n<li>Letkusiteet<\/li>\n<\/ul>\n<p>[\/vc_column_text][\/vc_column][\/vc_row]<\/p>\n<\/div>","protected":false},"excerpt":{"rendered":"<p>VETUS 50mm vesivoideltava akselitiiviste, 76mm vannasputkelle<\/p>\n<p>Halkaisija: 50mm<br \/>\nW: 129mm<br \/>\nX: 165mm<\/p>\n<p>Verkkokauppa tuote. Toimitus 3-5pv normaalisti.<\/p>\n","protected":false},"featured_media":1892,"comment_status":"open","ping_status":"closed","template":"","meta":{"jetpack_post_was_ever_published":false,"jetpack_publicize_message":"","jetpack_publicize_feature_enabled":true,"jetpack_social_post_already_shared":true,"jetpack_social_options":{"image_generator_settings":{"template":"highway","default_image_id":0,"font":"","enabled":false},"version":2}},"product_brand":[],"product_cat":[994,470,26,27],"product_tag":[114,80,302,98],"class_list":{"0":"post-1897","1":"product","2":"type-product","3":"status-publish","4":"has-post-thumbnail","6":"product_cat-vetus-potkuriakseli-tiiviste","7":"product_cat-vetus_vetus-venetarvikkeet_venetarvikeiden-maahantuonti-ja-myynti","8":"product_cat-vesivoidellut-akselitiivisteet-volvo-penta-akselitiiviste","9":"product_cat-vetus-akselitiivisteet","10":"product_tag-50mm","11":"product_tag-akselitiiviste","12":"product_tag-tarvikkeet","13":"product_tag-vetus","14":"brand-vetus","16":"first","17":"onbackorder","18":"taxable","19":"shipping-taxable","20":"purchasable","21":"product-type-simple"},"yoast_head":"<!-- This site is optimized with the Yoast SEO plugin v27.3 - https:\/\/yoast.com\/product\/yoast-seo-wordpress\/ -->\n<title>Potkuriakselin-VETUS 50mm vesivoideltava akselitiiviste<\/title>\n<meta name=\"description\" content=\"VETUS 50mm vesivoideltava akselitiiviste 76mm vannasputkelle-potkuriakselin vesivoideltu akselitiiviste-Veneakselisto.com\" \/>\n<meta name=\"robots\" content=\"index, follow, max-snippet:-1, max-image-preview:large, max-video-preview:-1\" \/>\n<link rel=\"canonical\" href=\"https:\/\/veneakselisto.com\/kauppa\/tuote\/vetus-50mm-vesivoideltava-akselitiiviste-76mm-vannasputkelle\/\" \/>\n<meta property=\"og:locale\" content=\"fi_FI\" \/>\n<meta property=\"og:type\" content=\"article\" \/>\n<meta property=\"og:title\" content=\"Potkuriakselin-VETUS 50mm vesivoideltava akselitiiviste\" \/>\n<meta property=\"og:description\" content=\"VETUS 50mm vesivoideltava akselitiiviste 76mm vannasputkelle-potkuriakselin vesivoideltu akselitiiviste-Veneakselisto.com\" \/>\n<meta property=\"og:url\" content=\"https:\/\/veneakselisto.com\/kauppa\/tuote\/vetus-50mm-vesivoideltava-akselitiiviste-76mm-vannasputkelle\/\" \/>\n<meta property=\"og:site_name\" content=\"Veneakselisto.com - verkkokauppa\" \/>\n<meta property=\"article:publisher\" content=\"https:\/\/www.facebook.com\/AlaMikkula\/\" \/>\n<meta property=\"article:modified_time\" content=\"2026-03-23T08:12:42+00:00\" \/>\n<meta property=\"og:image\" content=\"https:\/\/veneakselisto.com\/kauppa\/wp-content\/uploads\/2017\/02\/ZWBA.jpg\" \/>\n\t<meta property=\"og:image:width\" content=\"700\" \/>\n\t<meta property=\"og:image:height\" content=\"700\" \/>\n\t<meta property=\"og:image:type\" content=\"image\/jpeg\" \/>\n<meta name=\"twitter:card\" content=\"summary_large_image\" \/>\n<meta name=\"twitter:label1\" content=\"Arvioitu lukuaika\" \/>\n\t<meta name=\"twitter:data1\" content=\"1 minuutti\" \/>\n<script type=\"application\/ld+json\" class=\"yoast-schema-graph\">{\"@context\":\"https:\\\/\\\/schema.org\",\"@graph\":[{\"@type\":\"WebPage\",\"@id\":\"https:\\\/\\\/veneakselisto.com\\\/kauppa\\\/tuote\\\/vetus-50mm-vesivoideltava-akselitiiviste-76mm-vannasputkelle\\\/\",\"url\":\"https:\\\/\\\/veneakselisto.com\\\/kauppa\\\/tuote\\\/vetus-50mm-vesivoideltava-akselitiiviste-76mm-vannasputkelle\\\/\",\"name\":\"Potkuriakselin-VETUS 50mm vesivoideltava akselitiiviste\",\"isPartOf\":{\"@id\":\"https:\\\/\\\/veneakselisto.com\\\/kauppa\\\/#website\"},\"primaryImageOfPage\":{\"@id\":\"https:\\\/\\\/veneakselisto.com\\\/kauppa\\\/tuote\\\/vetus-50mm-vesivoideltava-akselitiiviste-76mm-vannasputkelle\\\/#primaryimage\"},\"image\":{\"@id\":\"https:\\\/\\\/veneakselisto.com\\\/kauppa\\\/tuote\\\/vetus-50mm-vesivoideltava-akselitiiviste-76mm-vannasputkelle\\\/#primaryimage\"},\"thumbnailUrl\":\"https:\\\/\\\/i0.wp.com\\\/veneakselisto.com\\\/kauppa\\\/wp-content\\\/uploads\\\/2017\\\/02\\\/ZWBA.jpg?fit=700%2C700&ssl=1\",\"datePublished\":\"2017-02-12T20:01:43+00:00\",\"dateModified\":\"2026-03-23T08:12:42+00:00\",\"description\":\"VETUS 50mm vesivoideltava akselitiiviste 76mm vannasputkelle-potkuriakselin vesivoideltu akselitiiviste-Veneakselisto.com\",\"breadcrumb\":{\"@id\":\"https:\\\/\\\/veneakselisto.com\\\/kauppa\\\/tuote\\\/vetus-50mm-vesivoideltava-akselitiiviste-76mm-vannasputkelle\\\/#breadcrumb\"},\"inLanguage\":\"fi\",\"potentialAction\":[{\"@type\":\"ReadAction\",\"target\":[\"https:\\\/\\\/veneakselisto.com\\\/kauppa\\\/tuote\\\/vetus-50mm-vesivoideltava-akselitiiviste-76mm-vannasputkelle\\\/\"]}]},{\"@type\":\"ImageObject\",\"inLanguage\":\"fi\",\"@id\":\"https:\\\/\\\/veneakselisto.com\\\/kauppa\\\/tuote\\\/vetus-50mm-vesivoideltava-akselitiiviste-76mm-vannasputkelle\\\/#primaryimage\",\"url\":\"https:\\\/\\\/i0.wp.com\\\/veneakselisto.com\\\/kauppa\\\/wp-content\\\/uploads\\\/2017\\\/02\\\/ZWBA.jpg?fit=700%2C700&ssl=1\",\"contentUrl\":\"https:\\\/\\\/i0.wp.com\\\/veneakselisto.com\\\/kauppa\\\/wp-content\\\/uploads\\\/2017\\\/02\\\/ZWBA.jpg?fit=700%2C700&ssl=1\",\"width\":700,\"height\":700,\"caption\":\"Aluper\u00e4iset VETUS tarvikkeet Veneakselisto.com ja venevaraosat.fi -verkkokaupasta.\"},{\"@type\":\"BreadcrumbList\",\"@id\":\"https:\\\/\\\/veneakselisto.com\\\/kauppa\\\/tuote\\\/vetus-50mm-vesivoideltava-akselitiiviste-76mm-vannasputkelle\\\/#breadcrumb\",\"itemListElement\":[{\"@type\":\"ListItem\",\"position\":1,\"name\":\"Etusivu\",\"item\":\"https:\\\/\\\/veneakselisto.com\\\/kauppa\\\/\"},{\"@type\":\"ListItem\",\"position\":2,\"name\":\"Kauppa\",\"item\":\"https:\\\/\\\/veneakselisto.com\\\/kauppa\\\/\"},{\"@type\":\"ListItem\",\"position\":3,\"name\":\"VETUS 50mm vesivoideltava akselitiiviste, 76mm vannasputkelle\"}]},{\"@type\":\"WebSite\",\"@id\":\"https:\\\/\\\/veneakselisto.com\\\/kauppa\\\/#website\",\"url\":\"https:\\\/\\\/veneakselisto.com\\\/kauppa\\\/\",\"name\":\"Veneakselisto.com - verkkokauppa\",\"description\":\"Venetarvikkeiden maahantuonti ja myynti\",\"publisher\":{\"@id\":\"https:\\\/\\\/veneakselisto.com\\\/kauppa\\\/#organization\"},\"potentialAction\":[{\"@type\":\"SearchAction\",\"target\":{\"@type\":\"EntryPoint\",\"urlTemplate\":\"https:\\\/\\\/veneakselisto.com\\\/kauppa\\\/?s={search_term_string}\"},\"query-input\":{\"@type\":\"PropertyValueSpecification\",\"valueRequired\":true,\"valueName\":\"search_term_string\"}}],\"inLanguage\":\"fi\"},{\"@type\":\"Organization\",\"@id\":\"https:\\\/\\\/veneakselisto.com\\\/kauppa\\\/#organization\",\"name\":\"Veneakselisto.com verkkokauppa\",\"url\":\"https:\\\/\\\/veneakselisto.com\\\/kauppa\\\/\",\"logo\":{\"@type\":\"ImageObject\",\"inLanguage\":\"fi\",\"@id\":\"https:\\\/\\\/veneakselisto.com\\\/kauppa\\\/#\\\/schema\\\/logo\\\/image\\\/\",\"url\":\"https:\\\/\\\/i2.wp.com\\\/veneakselisto.com\\\/kauppa\\\/wp-content\\\/uploads\\\/2016\\\/06\\\/fb_icon.jpg?fit=327%2C327&ssl=1\",\"contentUrl\":\"https:\\\/\\\/i2.wp.com\\\/veneakselisto.com\\\/kauppa\\\/wp-content\\\/uploads\\\/2016\\\/06\\\/fb_icon.jpg?fit=327%2C327&ssl=1\",\"width\":327,\"height\":327,\"caption\":\"Veneakselisto.com verkkokauppa\"},\"image\":{\"@id\":\"https:\\\/\\\/veneakselisto.com\\\/kauppa\\\/#\\\/schema\\\/logo\\\/image\\\/\"},\"sameAs\":[\"https:\\\/\\\/www.facebook.com\\\/AlaMikkula\\\/\"]}]}<\/script>\n<!-- \/ Yoast SEO plugin. -->","yoast_head_json":{"title":"Potkuriakselin-VETUS 50mm vesivoideltava akselitiiviste","description":"VETUS 50mm vesivoideltava akselitiiviste 76mm vannasputkelle-potkuriakselin vesivoideltu akselitiiviste-Veneakselisto.com","robots":{"index":"index","follow":"follow","max-snippet":"max-snippet:-1","max-image-preview":"max-image-preview:large","max-video-preview":"max-video-preview:-1"},"canonical":"https:\/\/veneakselisto.com\/kauppa\/tuote\/vetus-50mm-vesivoideltava-akselitiiviste-76mm-vannasputkelle\/","og_locale":"fi_FI","og_type":"article","og_title":"Potkuriakselin-VETUS 50mm vesivoideltava akselitiiviste","og_description":"VETUS 50mm vesivoideltava akselitiiviste 76mm vannasputkelle-potkuriakselin vesivoideltu akselitiiviste-Veneakselisto.com","og_url":"https:\/\/veneakselisto.com\/kauppa\/tuote\/vetus-50mm-vesivoideltava-akselitiiviste-76mm-vannasputkelle\/","og_site_name":"Veneakselisto.com - verkkokauppa","article_publisher":"https:\/\/www.facebook.com\/AlaMikkula\/","article_modified_time":"2026-03-23T08:12:42+00:00","og_image":[{"width":700,"height":700,"url":"https:\/\/veneakselisto.com\/kauppa\/wp-content\/uploads\/2017\/02\/ZWBA.jpg","type":"image\/jpeg"}],"twitter_card":"summary_large_image","twitter_misc":{"Arvioitu lukuaika":"1 minuutti"},"schema":{"@context":"https:\/\/schema.org","@graph":[{"@type":"WebPage","@id":"https:\/\/veneakselisto.com\/kauppa\/tuote\/vetus-50mm-vesivoideltava-akselitiiviste-76mm-vannasputkelle\/","url":"https:\/\/veneakselisto.com\/kauppa\/tuote\/vetus-50mm-vesivoideltava-akselitiiviste-76mm-vannasputkelle\/","name":"Potkuriakselin-VETUS 50mm vesivoideltava akselitiiviste","isPartOf":{"@id":"https:\/\/veneakselisto.com\/kauppa\/#website"},"primaryImageOfPage":{"@id":"https:\/\/veneakselisto.com\/kauppa\/tuote\/vetus-50mm-vesivoideltava-akselitiiviste-76mm-vannasputkelle\/#primaryimage"},"image":{"@id":"https:\/\/veneakselisto.com\/kauppa\/tuote\/vetus-50mm-vesivoideltava-akselitiiviste-76mm-vannasputkelle\/#primaryimage"},"thumbnailUrl":"https:\/\/i0.wp.com\/veneakselisto.com\/kauppa\/wp-content\/uploads\/2017\/02\/ZWBA.jpg?fit=700%2C700&ssl=1","datePublished":"2017-02-12T20:01:43+00:00","dateModified":"2026-03-23T08:12:42+00:00","description":"VETUS 50mm vesivoideltava akselitiiviste 76mm vannasputkelle-potkuriakselin vesivoideltu akselitiiviste-Veneakselisto.com","breadcrumb":{"@id":"https:\/\/veneakselisto.com\/kauppa\/tuote\/vetus-50mm-vesivoideltava-akselitiiviste-76mm-vannasputkelle\/#breadcrumb"},"inLanguage":"fi","potentialAction":[{"@type":"ReadAction","target":["https:\/\/veneakselisto.com\/kauppa\/tuote\/vetus-50mm-vesivoideltava-akselitiiviste-76mm-vannasputkelle\/"]}]},{"@type":"ImageObject","inLanguage":"fi","@id":"https:\/\/veneakselisto.com\/kauppa\/tuote\/vetus-50mm-vesivoideltava-akselitiiviste-76mm-vannasputkelle\/#primaryimage","url":"https:\/\/i0.wp.com\/veneakselisto.com\/kauppa\/wp-content\/uploads\/2017\/02\/ZWBA.jpg?fit=700%2C700&ssl=1","contentUrl":"https:\/\/i0.wp.com\/veneakselisto.com\/kauppa\/wp-content\/uploads\/2017\/02\/ZWBA.jpg?fit=700%2C700&ssl=1","width":700,"height":700,"caption":"Aluper\u00e4iset VETUS tarvikkeet Veneakselisto.com ja venevaraosat.fi -verkkokaupasta."},{"@type":"BreadcrumbList","@id":"https:\/\/veneakselisto.com\/kauppa\/tuote\/vetus-50mm-vesivoideltava-akselitiiviste-76mm-vannasputkelle\/#breadcrumb","itemListElement":[{"@type":"ListItem","position":1,"name":"Etusivu","item":"https:\/\/veneakselisto.com\/kauppa\/"},{"@type":"ListItem","position":2,"name":"Kauppa","item":"https:\/\/veneakselisto.com\/kauppa\/"},{"@type":"ListItem","position":3,"name":"VETUS 50mm vesivoideltava akselitiiviste, 76mm vannasputkelle"}]},{"@type":"WebSite","@id":"https:\/\/veneakselisto.com\/kauppa\/#website","url":"https:\/\/veneakselisto.com\/kauppa\/","name":"Veneakselisto.com - verkkokauppa","description":"Venetarvikkeiden maahantuonti ja myynti","publisher":{"@id":"https:\/\/veneakselisto.com\/kauppa\/#organization"},"potentialAction":[{"@type":"SearchAction","target":{"@type":"EntryPoint","urlTemplate":"https:\/\/veneakselisto.com\/kauppa\/?s={search_term_string}"},"query-input":{"@type":"PropertyValueSpecification","valueRequired":true,"valueName":"search_term_string"}}],"inLanguage":"fi"},{"@type":"Organization","@id":"https:\/\/veneakselisto.com\/kauppa\/#organization","name":"Veneakselisto.com verkkokauppa","url":"https:\/\/veneakselisto.com\/kauppa\/","logo":{"@type":"ImageObject","inLanguage":"fi","@id":"https:\/\/veneakselisto.com\/kauppa\/#\/schema\/logo\/image\/","url":"https:\/\/i2.wp.com\/veneakselisto.com\/kauppa\/wp-content\/uploads\/2016\/06\/fb_icon.jpg?fit=327%2C327&ssl=1","contentUrl":"https:\/\/i2.wp.com\/veneakselisto.com\/kauppa\/wp-content\/uploads\/2016\/06\/fb_icon.jpg?fit=327%2C327&ssl=1","width":327,"height":327,"caption":"Veneakselisto.com verkkokauppa"},"image":{"@id":"https:\/\/veneakselisto.com\/kauppa\/#\/schema\/logo\/image\/"},"sameAs":["https:\/\/www.facebook.com\/AlaMikkula\/"]}]}},"jetpack_publicize_connections":[],"jetpack_sharing_enabled":true,"_links":{"self":[{"href":"https:\/\/veneakselisto.com\/kauppa\/wp-json\/wp\/v2\/product\/1897","targetHints":{"allow":["GET"]}}],"collection":[{"href":"https:\/\/veneakselisto.com\/kauppa\/wp-json\/wp\/v2\/product"}],"about":[{"href":"https:\/\/veneakselisto.com\/kauppa\/wp-json\/wp\/v2\/types\/product"}],"replies":[{"embeddable":true,"href":"https:\/\/veneakselisto.com\/kauppa\/wp-json\/wp\/v2\/comments?post=1897"}],"wp:featuredmedia":[{"embeddable":true,"href":"https:\/\/veneakselisto.com\/kauppa\/wp-json\/wp\/v2\/media\/1892"}],"wp:attachment":[{"href":"https:\/\/veneakselisto.com\/kauppa\/wp-json\/wp\/v2\/media?parent=1897"}],"wp:term":[{"taxonomy":"product_brand","embeddable":true,"href":"https:\/\/veneakselisto.com\/kauppa\/wp-json\/wp\/v2\/product_brand?post=1897"},{"taxonomy":"product_cat","embeddable":true,"href":"https:\/\/veneakselisto.com\/kauppa\/wp-json\/wp\/v2\/product_cat?post=1897"},{"taxonomy":"product_tag","embeddable":true,"href":"https:\/\/veneakselisto.com\/kauppa\/wp-json\/wp\/v2\/product_tag?post=1897"}],"curies":[{"name":"wp","href":"https:\/\/api.w.org\/{rel}","templated":true}]}}