{"id":18857,"date":"2024-02-13T13:25:38","date_gmt":"2024-02-13T11:25:38","guid":{"rendered":"https:\/\/veneakselisto.com\/kauppa\/?post_type=product&#038;p=18857"},"modified":"2025-04-23T10:47:02","modified_gmt":"2025-04-23T07:47:02","slug":"vetus-tmsq-24v-wc-istuin","status":"publish","type":"product","link":"https:\/\/veneakselisto.com\/kauppa\/tuote\/vetus-tmsq-24v-wc-istuin\/","title":{"rendered":"Vetus TMSQ 24v WC-Istuin"},"content":{"rendered":"<p>Vetus TMSQ 24v WC-Istuin<\/p>\n<p>S\u00e4hk\u00f6k\u00e4ytt\u00f6iset wc-istuimet<br \/>\nVetus TMSQ 24v WC-Istuin<\/p>\n<p>Kompakti malli istuinmukavuudesta tinkim\u00e4tt\u00e4<br \/>\nSopii kokonsa puolesta my\u00f6s useimpien vanhojen k\u00e4sik\u00e4ytt\u00f6isten wc-istuimien tilalle. K\u00e4ytt\u00f6kytkimeksi voi valita joko<br \/>\nyksinkertaisen keinuvipukytkimen tai monipuolisemman ohjauspanelin. Istuimissa on napin painalluksella<br \/>\nirrotettava \u201dsoft-close\u201d kansi ja rengas.<\/p>\n<p>Tuotetiedot<br \/>\n\u2022 Helposti irrotettava \u201csoft close\u201d-kansi ja rengas<br \/>\n\u2022 Helposti puhtaana pidett\u00e4v\u00e4 posliinikulho<br \/>\n\u2022 Tehokas mutta hiljainen (60 dB (A)) maseraattoripumppu<br \/>\n\u2022 Pieni vedenkulutus<br \/>\n\u2022 Mukana kolme poistoliit\u00e4nt\u00e4vaihtoehtoa (19 mm, 25 mm ja 38 mm)<br \/>\n\u2022 Mukana 1m pitk\u00e4 tulovesiliit\u00e4nt\u00e4letku<br \/>\n\u2022 Helppo asentaa, huoltaa ja ennen kaikkea k\u00e4ytt\u00e4\u00e4<\/p>\n<p>Miksi VETUS septij\u00e4rjestelm\u00e4t?<\/p>\n<p>Septij\u00e4rjestelmien yleisin ongelma on haju. Me olemme erikoistuneet septij\u00e4rjestelmiin ja tied\u00e4mme miten j\u00e4rjestelm\u00e4st\u00e4 saa l\u00e4hes<br \/>\nhajuttoman. Alla muutama t\u00e4rke\u00e4 asia. Lis\u00e4\u00e4 neuvoja hajuttomaan septij\u00e4rjestelm\u00e4\u00e4n l\u00f6yd\u00e4t kotisivuiltamme.<br \/>\nVinkkej\u00e4 hajuttomaan septij\u00e4rjestelm\u00e4\u00e4n<br \/>\n1. Letkut: Varmista, ett\u00e4 letkut on asennettu oikein ja siten ett\u00e4 niiss\u00e4 on riitt\u00e4v\u00e4sti kaatoa. Huuhtele letkut riitt\u00e4v\u00e4ll\u00e4 m\u00e4\u00e4r\u00e4ll\u00e4<br \/>\npuhdasta vett\u00e4 joka k\u00e4ytt\u00f6kerran j\u00e4lkeen.<br \/>\n2. Letkut: K\u00e4yt\u00e4 ainoastaan laadukasta septiletkua ja k\u00e4yt\u00e4 riitt\u00e4v\u00e4\u00e4 vesim\u00e4\u00e4r\u00e4\u00e4 huuhteluun.<br \/>\n3. Huuhtelu: Huuhteluun vaikuttaa my\u00f6s letkun halkaisija. VETUS WC-istuimissa voit k\u00e4ytt\u00e4\u00e4 my\u00f6s halkaisijaltaan pienemp\u00e4\u00e4 letkua<br \/>\n(25 ja 19 mm) jolloin huuhtelu tapahtuu kovemmalla paineella ja pienemm\u00e4ll\u00e4 vesim\u00e4\u00e4r\u00e4ll\u00e4.<br \/>\n4. Septitankki: Tankin tulee olla kaasutiivis ja tarpeeksi paksu. My\u00f6s tiivisteet ja l\u00e4piviennit tulee olla laadukkaita hajun<br \/>\nv\u00e4ltt\u00e4miseksi. Tankki kannattaa kuitenkin huuhdella s\u00e4\u00e4nn\u00f6llisesti. Kaikki VETUS septitankit on ISO 8099 sertifioitu.<br \/>\n5. Ilmanvaihto: Hyv\u00e4 tankin ilmanvaihto on edellytys hajuttomuudelle. K\u00e4yt\u00e4 v\u00e4hint\u00e4\u00e4n 19 mm:n huohotusletkua ja varmista ettei<br \/>\nse p\u00e4\u00e4se tukkeutumaan. Lis\u00e4ksi huohotinlinjaan on mahdollista asentaa hajusuodatin.<br \/>\nMonta hyv\u00e4\u00e4 syyt\u00e4 valita VETUS-septij\u00e4rjestelm\u00e4<br \/>\nVETUS WWS- t\u00e4ydellinen septitankki<br \/>\n\u2022 Helppo asennus, tilaas\u00e4\u00e4st\u00e4v\u00e4 kompakti koko<br \/>\n\u2022 Poistopumppu, huohotin- ja poistoliit\u00e4nt\u00e4, tarkistusluukku sek\u00e4 ultra\u00e4\u00e4nianturi valmiiksi asennettuna<br \/>\n\u2022 Tukeva ja t\u00e4ysin ruostumaton rakenne, saatavana 4 eri kokoa (42, 61, 88 ja 120 litraa)<\/p>\n","protected":false},"excerpt":{"rendered":"<p>Vetus TMSQ 24v WC-Istuin<\/p>\n<p>Tulossa Maaliskuu 2024<\/p>\n<p>S\u00e4hk\u00f6k\u00e4ytt\u00f6iset wc-istuimet<\/p>\n<p>TMWBS K\u00c4YTT\u00d6KYTKIN TILATTAVA ERIKSEEN!<\/p>\n<p>TMSQ<br \/>\nKompakti malli istuinmukavuudesta tinkim\u00e4tt\u00e4<br \/>\nSopii kokonsa puolesta my\u00f6s useimpien vanhojen k\u00e4sik\u00e4ytt\u00f6isten wc-istuimien tilalle. K\u00e4ytt\u00f6kytkimeksi voi valita joko<br \/>\nyksinkertaisen keinuvipukytkimen tai monipuolisemman ohjauspanelin. Istuimissa on napin painalluksella<br \/>\nirrotettava \u201dsoft-close\u201d kansi ja rengas.<\/p>\n<p>Verkkokauppa tuote. Toimitusaika 4-7pv normaalisti.<\/p>\n<p>&nbsp;<\/p>\n<p>&nbsp;<\/p>\n","protected":false},"featured_media":18855,"comment_status":"open","ping_status":"closed","template":"","meta":{"jetpack_post_was_ever_published":false,"jetpack_publicize_message":"","jetpack_publicize_feature_enabled":true,"jetpack_social_post_already_shared":true,"jetpack_social_options":{"image_generator_settings":{"template":"highway","default_image_id":0,"font":"","enabled":false},"version":2}},"product_brand":[],"product_cat":[1063,142,470,1301,1101],"product_tag":[938,1102],"class_list":{"0":"post-18857","1":"product","2":"type-product","3":"status-publish","4":"has-post-thumbnail","6":"product_cat-vetus-septitankki-jatevesijarjestelma","7":"product_cat-vesi-ja-wc-jarjestelmat","8":"product_cat-vetus_vetus-venetarvikkeet_venetarvikeiden-maahantuonti-ja-myynti","9":"product_cat-vetus-wc-istuin","10":"product_cat-veneen-wc-istuin-tecma","11":"product_tag-septitankki","12":"product_tag-wc-istuin","13":"brand-vetus","15":"first","16":"onbackorder","17":"sold-individually","18":"taxable","19":"shipping-taxable","20":"purchasable","21":"product-type-simple"},"yoast_head":"<!-- This site is optimized with the Yoast SEO plugin v27.3 - https:\/\/yoast.com\/product\/yoast-seo-wordpress\/ -->\n<title>Vetus TMSQ 24v WC-Istuin -Veneakselisto.com<\/title>\n<meta name=\"description\" content=\"Vetus TMSQ 24v WC-Istuin -veneeeseen WC-Istuimia useita eri malleja-Venetarvikkeiden erikoisliike-Veneakselisto.com-septi-veneen-WC\" \/>\n<meta name=\"robots\" content=\"index, follow, max-snippet:-1, max-image-preview:large, max-video-preview:-1\" \/>\n<link rel=\"canonical\" href=\"https:\/\/veneakselisto.com\/kauppa\/tuote\/vetus-tmsq-24v-wc-istuin\/\" \/>\n<meta property=\"og:locale\" content=\"fi_FI\" \/>\n<meta property=\"og:type\" content=\"article\" \/>\n<meta property=\"og:title\" content=\"Vetus TMSQ 24v WC-Istuin -Veneakselisto.com\" \/>\n<meta property=\"og:description\" content=\"Vetus TMSQ 24v WC-Istuin -veneeeseen WC-Istuimia useita eri malleja-Venetarvikkeiden erikoisliike-Veneakselisto.com-septi-veneen-WC\" \/>\n<meta property=\"og:url\" content=\"https:\/\/veneakselisto.com\/kauppa\/tuote\/vetus-tmsq-24v-wc-istuin\/\" \/>\n<meta property=\"og:site_name\" content=\"Veneakselisto.com - verkkokauppa\" \/>\n<meta property=\"article:publisher\" content=\"https:\/\/www.facebook.com\/AlaMikkula\/\" \/>\n<meta property=\"article:modified_time\" content=\"2025-04-23T07:47:02+00:00\" \/>\n<meta property=\"og:image\" content=\"https:\/\/veneakselisto.com\/kauppa\/wp-content\/uploads\/2024\/02\/TMSQ.png\" \/>\n\t<meta property=\"og:image:width\" content=\"500\" \/>\n\t<meta property=\"og:image:height\" content=\"500\" \/>\n\t<meta property=\"og:image:type\" content=\"image\/png\" \/>\n<meta name=\"twitter:card\" content=\"summary_large_image\" \/>\n<meta name=\"twitter:label1\" content=\"Arvioitu lukuaika\" \/>\n\t<meta name=\"twitter:data1\" content=\"2 minuuttia\" \/>\n<script type=\"application\/ld+json\" class=\"yoast-schema-graph\">{\"@context\":\"https:\\\/\\\/schema.org\",\"@graph\":[{\"@type\":\"WebPage\",\"@id\":\"https:\\\/\\\/veneakselisto.com\\\/kauppa\\\/tuote\\\/vetus-tmsq-24v-wc-istuin\\\/\",\"url\":\"https:\\\/\\\/veneakselisto.com\\\/kauppa\\\/tuote\\\/vetus-tmsq-24v-wc-istuin\\\/\",\"name\":\"Vetus TMSQ 24v WC-Istuin -Veneakselisto.com\",\"isPartOf\":{\"@id\":\"https:\\\/\\\/veneakselisto.com\\\/kauppa\\\/#website\"},\"primaryImageOfPage\":{\"@id\":\"https:\\\/\\\/veneakselisto.com\\\/kauppa\\\/tuote\\\/vetus-tmsq-24v-wc-istuin\\\/#primaryimage\"},\"image\":{\"@id\":\"https:\\\/\\\/veneakselisto.com\\\/kauppa\\\/tuote\\\/vetus-tmsq-24v-wc-istuin\\\/#primaryimage\"},\"thumbnailUrl\":\"https:\\\/\\\/i0.wp.com\\\/veneakselisto.com\\\/kauppa\\\/wp-content\\\/uploads\\\/2024\\\/02\\\/TMSQ.png?fit=500%2C500&ssl=1\",\"datePublished\":\"2024-02-13T11:25:38+00:00\",\"dateModified\":\"2025-04-23T07:47:02+00:00\",\"description\":\"Vetus TMSQ 24v WC-Istuin -veneeeseen WC-Istuimia useita eri malleja-Venetarvikkeiden erikoisliike-Veneakselisto.com-septi-veneen-WC\",\"breadcrumb\":{\"@id\":\"https:\\\/\\\/veneakselisto.com\\\/kauppa\\\/tuote\\\/vetus-tmsq-24v-wc-istuin\\\/#breadcrumb\"},\"inLanguage\":\"fi\",\"potentialAction\":[{\"@type\":\"ReadAction\",\"target\":[\"https:\\\/\\\/veneakselisto.com\\\/kauppa\\\/tuote\\\/vetus-tmsq-24v-wc-istuin\\\/\"]}]},{\"@type\":\"ImageObject\",\"inLanguage\":\"fi\",\"@id\":\"https:\\\/\\\/veneakselisto.com\\\/kauppa\\\/tuote\\\/vetus-tmsq-24v-wc-istuin\\\/#primaryimage\",\"url\":\"https:\\\/\\\/i0.wp.com\\\/veneakselisto.com\\\/kauppa\\\/wp-content\\\/uploads\\\/2024\\\/02\\\/TMSQ.png?fit=500%2C500&ssl=1\",\"contentUrl\":\"https:\\\/\\\/i0.wp.com\\\/veneakselisto.com\\\/kauppa\\\/wp-content\\\/uploads\\\/2024\\\/02\\\/TMSQ.png?fit=500%2C500&ssl=1\",\"width\":500,\"height\":500,\"caption\":\"TMSQ-Vetus-WC-istuin veneeseen_veneakselisto.com\"},{\"@type\":\"BreadcrumbList\",\"@id\":\"https:\\\/\\\/veneakselisto.com\\\/kauppa\\\/tuote\\\/vetus-tmsq-24v-wc-istuin\\\/#breadcrumb\",\"itemListElement\":[{\"@type\":\"ListItem\",\"position\":1,\"name\":\"Etusivu\",\"item\":\"https:\\\/\\\/veneakselisto.com\\\/kauppa\\\/\"},{\"@type\":\"ListItem\",\"position\":2,\"name\":\"Kauppa\",\"item\":\"https:\\\/\\\/veneakselisto.com\\\/kauppa\\\/\"},{\"@type\":\"ListItem\",\"position\":3,\"name\":\"Vetus TMSQ 24v WC-Istuin\"}]},{\"@type\":\"WebSite\",\"@id\":\"https:\\\/\\\/veneakselisto.com\\\/kauppa\\\/#website\",\"url\":\"https:\\\/\\\/veneakselisto.com\\\/kauppa\\\/\",\"name\":\"Veneakselisto.com - verkkokauppa\",\"description\":\"Venetarvikkeiden maahantuonti ja myynti\",\"publisher\":{\"@id\":\"https:\\\/\\\/veneakselisto.com\\\/kauppa\\\/#organization\"},\"potentialAction\":[{\"@type\":\"SearchAction\",\"target\":{\"@type\":\"EntryPoint\",\"urlTemplate\":\"https:\\\/\\\/veneakselisto.com\\\/kauppa\\\/?s={search_term_string}\"},\"query-input\":{\"@type\":\"PropertyValueSpecification\",\"valueRequired\":true,\"valueName\":\"search_term_string\"}}],\"inLanguage\":\"fi\"},{\"@type\":\"Organization\",\"@id\":\"https:\\\/\\\/veneakselisto.com\\\/kauppa\\\/#organization\",\"name\":\"Veneakselisto.com verkkokauppa\",\"url\":\"https:\\\/\\\/veneakselisto.com\\\/kauppa\\\/\",\"logo\":{\"@type\":\"ImageObject\",\"inLanguage\":\"fi\",\"@id\":\"https:\\\/\\\/veneakselisto.com\\\/kauppa\\\/#\\\/schema\\\/logo\\\/image\\\/\",\"url\":\"https:\\\/\\\/i2.wp.com\\\/veneakselisto.com\\\/kauppa\\\/wp-content\\\/uploads\\\/2016\\\/06\\\/fb_icon.jpg?fit=327%2C327&ssl=1\",\"contentUrl\":\"https:\\\/\\\/i2.wp.com\\\/veneakselisto.com\\\/kauppa\\\/wp-content\\\/uploads\\\/2016\\\/06\\\/fb_icon.jpg?fit=327%2C327&ssl=1\",\"width\":327,\"height\":327,\"caption\":\"Veneakselisto.com verkkokauppa\"},\"image\":{\"@id\":\"https:\\\/\\\/veneakselisto.com\\\/kauppa\\\/#\\\/schema\\\/logo\\\/image\\\/\"},\"sameAs\":[\"https:\\\/\\\/www.facebook.com\\\/AlaMikkula\\\/\"]}]}<\/script>\n<!-- \/ Yoast SEO plugin. -->","yoast_head_json":{"title":"Vetus TMSQ 24v WC-Istuin -Veneakselisto.com","description":"Vetus TMSQ 24v WC-Istuin -veneeeseen WC-Istuimia useita eri malleja-Venetarvikkeiden erikoisliike-Veneakselisto.com-septi-veneen-WC","robots":{"index":"index","follow":"follow","max-snippet":"max-snippet:-1","max-image-preview":"max-image-preview:large","max-video-preview":"max-video-preview:-1"},"canonical":"https:\/\/veneakselisto.com\/kauppa\/tuote\/vetus-tmsq-24v-wc-istuin\/","og_locale":"fi_FI","og_type":"article","og_title":"Vetus TMSQ 24v WC-Istuin -Veneakselisto.com","og_description":"Vetus TMSQ 24v WC-Istuin -veneeeseen WC-Istuimia useita eri malleja-Venetarvikkeiden erikoisliike-Veneakselisto.com-septi-veneen-WC","og_url":"https:\/\/veneakselisto.com\/kauppa\/tuote\/vetus-tmsq-24v-wc-istuin\/","og_site_name":"Veneakselisto.com - verkkokauppa","article_publisher":"https:\/\/www.facebook.com\/AlaMikkula\/","article_modified_time":"2025-04-23T07:47:02+00:00","og_image":[{"width":500,"height":500,"url":"https:\/\/veneakselisto.com\/kauppa\/wp-content\/uploads\/2024\/02\/TMSQ.png","type":"image\/png"}],"twitter_card":"summary_large_image","twitter_misc":{"Arvioitu lukuaika":"2 minuuttia"},"schema":{"@context":"https:\/\/schema.org","@graph":[{"@type":"WebPage","@id":"https:\/\/veneakselisto.com\/kauppa\/tuote\/vetus-tmsq-24v-wc-istuin\/","url":"https:\/\/veneakselisto.com\/kauppa\/tuote\/vetus-tmsq-24v-wc-istuin\/","name":"Vetus TMSQ 24v WC-Istuin -Veneakselisto.com","isPartOf":{"@id":"https:\/\/veneakselisto.com\/kauppa\/#website"},"primaryImageOfPage":{"@id":"https:\/\/veneakselisto.com\/kauppa\/tuote\/vetus-tmsq-24v-wc-istuin\/#primaryimage"},"image":{"@id":"https:\/\/veneakselisto.com\/kauppa\/tuote\/vetus-tmsq-24v-wc-istuin\/#primaryimage"},"thumbnailUrl":"https:\/\/i0.wp.com\/veneakselisto.com\/kauppa\/wp-content\/uploads\/2024\/02\/TMSQ.png?fit=500%2C500&ssl=1","datePublished":"2024-02-13T11:25:38+00:00","dateModified":"2025-04-23T07:47:02+00:00","description":"Vetus TMSQ 24v WC-Istuin -veneeeseen WC-Istuimia useita eri malleja-Venetarvikkeiden erikoisliike-Veneakselisto.com-septi-veneen-WC","breadcrumb":{"@id":"https:\/\/veneakselisto.com\/kauppa\/tuote\/vetus-tmsq-24v-wc-istuin\/#breadcrumb"},"inLanguage":"fi","potentialAction":[{"@type":"ReadAction","target":["https:\/\/veneakselisto.com\/kauppa\/tuote\/vetus-tmsq-24v-wc-istuin\/"]}]},{"@type":"ImageObject","inLanguage":"fi","@id":"https:\/\/veneakselisto.com\/kauppa\/tuote\/vetus-tmsq-24v-wc-istuin\/#primaryimage","url":"https:\/\/i0.wp.com\/veneakselisto.com\/kauppa\/wp-content\/uploads\/2024\/02\/TMSQ.png?fit=500%2C500&ssl=1","contentUrl":"https:\/\/i0.wp.com\/veneakselisto.com\/kauppa\/wp-content\/uploads\/2024\/02\/TMSQ.png?fit=500%2C500&ssl=1","width":500,"height":500,"caption":"TMSQ-Vetus-WC-istuin veneeseen_veneakselisto.com"},{"@type":"BreadcrumbList","@id":"https:\/\/veneakselisto.com\/kauppa\/tuote\/vetus-tmsq-24v-wc-istuin\/#breadcrumb","itemListElement":[{"@type":"ListItem","position":1,"name":"Etusivu","item":"https:\/\/veneakselisto.com\/kauppa\/"},{"@type":"ListItem","position":2,"name":"Kauppa","item":"https:\/\/veneakselisto.com\/kauppa\/"},{"@type":"ListItem","position":3,"name":"Vetus TMSQ 24v WC-Istuin"}]},{"@type":"WebSite","@id":"https:\/\/veneakselisto.com\/kauppa\/#website","url":"https:\/\/veneakselisto.com\/kauppa\/","name":"Veneakselisto.com - verkkokauppa","description":"Venetarvikkeiden maahantuonti ja myynti","publisher":{"@id":"https:\/\/veneakselisto.com\/kauppa\/#organization"},"potentialAction":[{"@type":"SearchAction","target":{"@type":"EntryPoint","urlTemplate":"https:\/\/veneakselisto.com\/kauppa\/?s={search_term_string}"},"query-input":{"@type":"PropertyValueSpecification","valueRequired":true,"valueName":"search_term_string"}}],"inLanguage":"fi"},{"@type":"Organization","@id":"https:\/\/veneakselisto.com\/kauppa\/#organization","name":"Veneakselisto.com verkkokauppa","url":"https:\/\/veneakselisto.com\/kauppa\/","logo":{"@type":"ImageObject","inLanguage":"fi","@id":"https:\/\/veneakselisto.com\/kauppa\/#\/schema\/logo\/image\/","url":"https:\/\/i2.wp.com\/veneakselisto.com\/kauppa\/wp-content\/uploads\/2016\/06\/fb_icon.jpg?fit=327%2C327&ssl=1","contentUrl":"https:\/\/i2.wp.com\/veneakselisto.com\/kauppa\/wp-content\/uploads\/2016\/06\/fb_icon.jpg?fit=327%2C327&ssl=1","width":327,"height":327,"caption":"Veneakselisto.com verkkokauppa"},"image":{"@id":"https:\/\/veneakselisto.com\/kauppa\/#\/schema\/logo\/image\/"},"sameAs":["https:\/\/www.facebook.com\/AlaMikkula\/"]}]}},"jetpack_publicize_connections":[],"jetpack_sharing_enabled":true,"_links":{"self":[{"href":"https:\/\/veneakselisto.com\/kauppa\/wp-json\/wp\/v2\/product\/18857","targetHints":{"allow":["GET"]}}],"collection":[{"href":"https:\/\/veneakselisto.com\/kauppa\/wp-json\/wp\/v2\/product"}],"about":[{"href":"https:\/\/veneakselisto.com\/kauppa\/wp-json\/wp\/v2\/types\/product"}],"replies":[{"embeddable":true,"href":"https:\/\/veneakselisto.com\/kauppa\/wp-json\/wp\/v2\/comments?post=18857"}],"wp:featuredmedia":[{"embeddable":true,"href":"https:\/\/veneakselisto.com\/kauppa\/wp-json\/wp\/v2\/media\/18855"}],"wp:attachment":[{"href":"https:\/\/veneakselisto.com\/kauppa\/wp-json\/wp\/v2\/media?parent=18857"}],"wp:term":[{"taxonomy":"product_brand","embeddable":true,"href":"https:\/\/veneakselisto.com\/kauppa\/wp-json\/wp\/v2\/product_brand?post=18857"},{"taxonomy":"product_cat","embeddable":true,"href":"https:\/\/veneakselisto.com\/kauppa\/wp-json\/wp\/v2\/product_cat?post=18857"},{"taxonomy":"product_tag","embeddable":true,"href":"https:\/\/veneakselisto.com\/kauppa\/wp-json\/wp\/v2\/product_tag?post=18857"}],"curies":[{"name":"wp","href":"https:\/\/api.w.org\/{rel}","templated":true}]}}