{"id":18681,"date":"2024-01-17T14:40:21","date_gmt":"2024-01-17T12:40:21","guid":{"rendered":"https:\/\/veneakselisto.com\/kauppa\/?post_type=product&#038;p=18681"},"modified":"2025-12-03T13:13:11","modified_gmt":"2025-12-03T11:13:11","slug":"13-4x15-50-130-hv-yamaha-oem-style-solas-potkuri","status":"publish","type":"product","link":"https:\/\/veneakselisto.com\/kauppa\/tuote\/13-4x15-50-130-hv-yamaha-oem-style-solas-potkuri\/","title":{"rendered":"13.4&#215;15 50-130 hv Yamaha &#8220;OEM STYLE&#8221; Solas potkuri"},"content":{"rendered":"<div>13.4&#215;15 50-130 hv Yamaha &#8220;OEM STYLE&#8221; Solas potkuri<\/div>\n<div><\/div>\n<div>Valmistaja Solas, Malli &#8220;OEM STYLE&#8221;<\/div>\n<div><\/div>\n<div>\n<ul>\n<li>50 HP\/T50 4-Stroke (15 Spline)\/1996 &#8211; Present<\/li>\n<li>60 HP\/2-Stroke (15 Spline)\/1992 &#8211; Present<\/li>\n<li>60 HP\/T60 4-Stroke (15 Spline)\/2003 &#8211; Present<\/li>\n<li>70 HP\/2-Stroke (15 Spline)\/1984 &#8211; Present<\/li>\n<li>75 HP\/2-Stroke (15 Spline)\/1994 &#8211; Present<\/li>\n<li>75 HP\/F75 4-Stroke (15 Spline)\/2003 &#8211; Present<\/li>\n<li>80 HP\/2-Stroke (15 Spline)\/1984 &#8211; 1989<\/li>\n<li>80 HP\/F80 4-Stroke (15 Spline)\/1999 &#8211; Present<\/li>\n<li>85 HP\/2-Stroke (15 Spline)\/1991-1997<\/li>\n<li>90 HP\/2-Stroke (Includes C90)(15 Spline)\/1984 &#8211; Present<\/li>\n<li>90 HP\/F90 4-Stroke (15 Spline)\/2003 &#8211; Present<\/li>\n<li>100 HP\/F100 4-Stroke (15 Spline)\/1999 &#8211; Present<\/li>\n<li>115 HP\/2-Stroke (Includes C115, P115)(15 Spline)\/1984 &#8211; Present<\/li>\n<li>115 HP\/F115 4-Stroke (15 Spline)\/2000 &#8211; Present<\/li>\n<li>130 HP\/2-Stroke (15 Spline)\/1999 &#8211; Present<\/li>\n<\/ul>\n<\/div>\n<div>13.4&#215;15 50-130 hv Yamaha &#8220;OEM STYLE&#8221; Solas potkuri<\/div>\n<div><\/div>\n<div>My\u00f6s muita kokoja&#8230;Kysy!<\/div>\n<div>\n<p>Hyv\u00e4 tiet\u00e4\u00e4 potkurin valinnassa.<\/p>\n<p>Selvit\u00e4 mik\u00e4 potkuri sinulla on nyt moottorissasi. Potkurin koko lukee potkurin navassa lapojen v\u00e4liss\u00e4 tai navan p\u00e4\u00e4ss\u00e4. Esim. 13 1\/4 x 17. Ensinm\u00e4inen numero on potkurin halkaisija ja j\u00e4lkinm\u00e4inen on potkurin nousu.<\/p>\n<p>Muutos potkurin nousussa voi lis\u00e4t\u00e4 tai v\u00e4hent\u00e4\u00e4 moottorin kierroslukua. Kahden tuuman (2\u201d) lis\u00e4ys tai v\u00e4hennys potkurin nousuun muuttaa moottorin kierroslukua noin +- 350 rpm. Tarkista my\u00f6s moottorinvalmistajan suosittelema kierroslukualue!<\/p>\n<p>Potkurimyyj\u00e4lle k\u00e4site \u201dvakiopotkuri\u201d on vaikea, sill\u00e4 kaikki potkurivalmistajan valikoimassa olevat potkurit ovat periaatteessa vakiopotkureita. Kahdessa t\u00e4ysin samanlaisessa veneess\u00e4, varustettuna saman tehoisilla moottoreilla, voi potkurit olla eri kokoiset mik\u00e4li veneit\u00e4 ajetaan eri kuormalla. Siksi on eritt\u00e4in t\u00e4rke\u00e4\u00e4 merkit\u00e4 muistiin potkurin koko ja suurin kierrosluku, jonka moottori saavuttaa sek\u00e4 veneen suurin nopeus.<\/p>\n<p>Moottorioston yhteydess\u00e4 moottorin kanssa on yleens\u00e4 toimitettu potkuri, jota kutsutaan \u201cvakiopotkuriksi\u201d. Kooltaan t\u00e4m\u00e4 potkuri on arvioitu sopivan mahdollisimman moneen moottori\/vene yhdistelm\u00e4\u00e4n. Vakiopotkuri ei siis aina ole paras vaihtoehto.<\/p>\n<p><strong>Alumiini vai ter\u00e4spotkuri?<\/strong> Useimmat veneet toimitetaan alumiinipotkurilla. Alumiinipotkurit ovat suhteellisen edullisia ja kest\u00e4v\u00e4t normaaliolosuhteissa useita vuosia. Ter\u00e4spotkurit ovat kalliimpia mutta paljon vahvempia ja kest\u00e4v\u00e4mpi\u00e4 kuin alumiinipotkurit. Jos kaipaat parempaa suorituskyky\u00e4 kuten huippunopeutta ja kiihtyvyytt\u00e4 kannattaa harkita ter\u00e4spotkurin hankintaa.<\/p>\n<\/div>\n","protected":false},"excerpt":{"rendered":"<h4>13.4&#215;15 50-130 hv Yamaha &#8220;OEM STYLE&#8221; Solas potkuri<\/h4>\n<div class=\"attribute-title\">Halkaisija 13.4<\/div>\n<div class=\"std\">\n<p>Nousu\u00a0 15<\/p>\n<p>Napa: 15 rihlaa<\/p>\n<p>Katso tarkempi sopivuus alta<\/p>\n<p>Verkkokauppa tuote<\/p>\n<\/div>\n","protected":false},"featured_media":18680,"comment_status":"open","ping_status":"closed","template":"","meta":{"jetpack_post_was_ever_published":false,"jetpack_publicize_message":"","jetpack_publicize_feature_enabled":true,"jetpack_social_post_already_shared":true,"jetpack_social_options":{"image_generator_settings":{"template":"highway","default_image_id":0,"font":"","enabled":false},"version":2}},"product_brand":[],"product_cat":[553,18,555,1226],"product_tag":[383,554,89,388],"class_list":{"0":"post-18681","1":"product","2":"type-product","3":"status-publish","4":"has-post-thumbnail","6":"product_cat-solas_polastorm_alumiinipotkurit","7":"product_cat-potkurit","8":"product_cat-yamaha_peramoottorinpotkuri","9":"product_cat-yamaha_peramoottorinpotkuri-yamaha_peramoottorinpotkuri","10":"product_tag-peramoottori","11":"product_tag-peramoottorinpotkuri","12":"product_tag-potkuri","13":"product_tag-yamaha","14":"brand-solas","16":"first","17":"instock","18":"sale","19":"taxable","20":"shipping-taxable","21":"purchasable","22":"product-type-simple"},"yoast_head":"<!-- This site is optimized with the Yoast SEO plugin v27.3 - https:\/\/yoast.com\/product\/yoast-seo-wordpress\/ -->\n<title>13.4x15 50-130 hv Yamaha &quot;OEM STYLE&quot; Solas potkuri - Vene<\/title>\n<meta name=\"description\" content=\"13.4x15 50-130 hv Yamaha &quot;OEM STYLE&quot; Solas potkuri. Yamaha per\u00e4moottorin potkurit toimittaa aina edullinen Veneakselisto.com - Verkkokauppa\" \/>\n<meta name=\"robots\" content=\"index, follow, max-snippet:-1, max-image-preview:large, max-video-preview:-1\" \/>\n<link rel=\"canonical\" href=\"https:\/\/veneakselisto.com\/kauppa\/tuote\/13-4x15-50-130-hv-yamaha-oem-style-solas-potkuri\/\" \/>\n<meta property=\"og:locale\" content=\"fi_FI\" \/>\n<meta property=\"og:type\" content=\"article\" \/>\n<meta property=\"og:title\" content=\"13.4x15 50-130 hv Yamaha &quot;OEM STYLE&quot; Solas potkuri - Vene\" \/>\n<meta property=\"og:description\" content=\"13.4x15 50-130 hv Yamaha &quot;OEM STYLE&quot; Solas potkuri. Yamaha per\u00e4moottorin potkurit toimittaa aina edullinen Veneakselisto.com - Verkkokauppa\" \/>\n<meta property=\"og:url\" content=\"https:\/\/veneakselisto.com\/kauppa\/tuote\/13-4x15-50-130-hv-yamaha-oem-style-solas-potkuri\/\" \/>\n<meta property=\"og:site_name\" content=\"Veneakselisto.com - verkkokauppa\" \/>\n<meta property=\"article:publisher\" content=\"https:\/\/www.facebook.com\/AlaMikkula\/\" \/>\n<meta property=\"article:modified_time\" content=\"2025-12-03T11:13:11+00:00\" \/>\n<meta property=\"og:image\" content=\"https:\/\/veneakselisto.com\/kauppa\/wp-content\/uploads\/2024\/01\/Yamaha-OEM-Style.jpg\" \/>\n\t<meta property=\"og:image:width\" content=\"500\" \/>\n\t<meta property=\"og:image:height\" content=\"500\" \/>\n\t<meta property=\"og:image:type\" content=\"image\/jpeg\" \/>\n<meta name=\"twitter:card\" content=\"summary_large_image\" \/>\n<meta name=\"twitter:label1\" content=\"Arvioitu lukuaika\" \/>\n\t<meta name=\"twitter:data1\" content=\"2 minuuttia\" \/>\n<script type=\"application\/ld+json\" class=\"yoast-schema-graph\">{\"@context\":\"https:\\\/\\\/schema.org\",\"@graph\":[{\"@type\":\"WebPage\",\"@id\":\"https:\\\/\\\/veneakselisto.com\\\/kauppa\\\/tuote\\\/13-4x15-50-130-hv-yamaha-oem-style-solas-potkuri\\\/\",\"url\":\"https:\\\/\\\/veneakselisto.com\\\/kauppa\\\/tuote\\\/13-4x15-50-130-hv-yamaha-oem-style-solas-potkuri\\\/\",\"name\":\"13.4x15 50-130 hv Yamaha \\\"OEM STYLE\\\" Solas potkuri - Vene\",\"isPartOf\":{\"@id\":\"https:\\\/\\\/veneakselisto.com\\\/kauppa\\\/#website\"},\"primaryImageOfPage\":{\"@id\":\"https:\\\/\\\/veneakselisto.com\\\/kauppa\\\/tuote\\\/13-4x15-50-130-hv-yamaha-oem-style-solas-potkuri\\\/#primaryimage\"},\"image\":{\"@id\":\"https:\\\/\\\/veneakselisto.com\\\/kauppa\\\/tuote\\\/13-4x15-50-130-hv-yamaha-oem-style-solas-potkuri\\\/#primaryimage\"},\"thumbnailUrl\":\"https:\\\/\\\/i0.wp.com\\\/veneakselisto.com\\\/kauppa\\\/wp-content\\\/uploads\\\/2024\\\/01\\\/Yamaha-OEM-Style.jpg?fit=500%2C500&ssl=1\",\"datePublished\":\"2024-01-17T12:40:21+00:00\",\"dateModified\":\"2025-12-03T11:13:11+00:00\",\"description\":\"13.4x15 50-130 hv Yamaha \\\"OEM STYLE\\\" Solas potkuri. Yamaha per\u00e4moottorin potkurit toimittaa aina edullinen Veneakselisto.com - Verkkokauppa\",\"breadcrumb\":{\"@id\":\"https:\\\/\\\/veneakselisto.com\\\/kauppa\\\/tuote\\\/13-4x15-50-130-hv-yamaha-oem-style-solas-potkuri\\\/#breadcrumb\"},\"inLanguage\":\"fi\",\"potentialAction\":[{\"@type\":\"ReadAction\",\"target\":[\"https:\\\/\\\/veneakselisto.com\\\/kauppa\\\/tuote\\\/13-4x15-50-130-hv-yamaha-oem-style-solas-potkuri\\\/\"]}]},{\"@type\":\"ImageObject\",\"inLanguage\":\"fi\",\"@id\":\"https:\\\/\\\/veneakselisto.com\\\/kauppa\\\/tuote\\\/13-4x15-50-130-hv-yamaha-oem-style-solas-potkuri\\\/#primaryimage\",\"url\":\"https:\\\/\\\/i0.wp.com\\\/veneakselisto.com\\\/kauppa\\\/wp-content\\\/uploads\\\/2024\\\/01\\\/Yamaha-OEM-Style.jpg?fit=500%2C500&ssl=1\",\"contentUrl\":\"https:\\\/\\\/i0.wp.com\\\/veneakselisto.com\\\/kauppa\\\/wp-content\\\/uploads\\\/2024\\\/01\\\/Yamaha-OEM-Style.jpg?fit=500%2C500&ssl=1\",\"width\":500,\"height\":500,\"caption\":\"Yamaha-OEM-Style-Per\u00e4moottorin-potkuri-Veneakselisto.com\"},{\"@type\":\"BreadcrumbList\",\"@id\":\"https:\\\/\\\/veneakselisto.com\\\/kauppa\\\/tuote\\\/13-4x15-50-130-hv-yamaha-oem-style-solas-potkuri\\\/#breadcrumb\",\"itemListElement\":[{\"@type\":\"ListItem\",\"position\":1,\"name\":\"Etusivu\",\"item\":\"https:\\\/\\\/veneakselisto.com\\\/kauppa\\\/\"},{\"@type\":\"ListItem\",\"position\":2,\"name\":\"Kauppa\",\"item\":\"https:\\\/\\\/veneakselisto.com\\\/kauppa\\\/\"},{\"@type\":\"ListItem\",\"position\":3,\"name\":\"13.4&#215;15 50-130 hv Yamaha &#8221;OEM STYLE&#8221; Solas potkuri\"}]},{\"@type\":\"WebSite\",\"@id\":\"https:\\\/\\\/veneakselisto.com\\\/kauppa\\\/#website\",\"url\":\"https:\\\/\\\/veneakselisto.com\\\/kauppa\\\/\",\"name\":\"Veneakselisto.com - verkkokauppa\",\"description\":\"Venetarvikkeiden maahantuonti ja myynti\",\"publisher\":{\"@id\":\"https:\\\/\\\/veneakselisto.com\\\/kauppa\\\/#organization\"},\"potentialAction\":[{\"@type\":\"SearchAction\",\"target\":{\"@type\":\"EntryPoint\",\"urlTemplate\":\"https:\\\/\\\/veneakselisto.com\\\/kauppa\\\/?s={search_term_string}\"},\"query-input\":{\"@type\":\"PropertyValueSpecification\",\"valueRequired\":true,\"valueName\":\"search_term_string\"}}],\"inLanguage\":\"fi\"},{\"@type\":\"Organization\",\"@id\":\"https:\\\/\\\/veneakselisto.com\\\/kauppa\\\/#organization\",\"name\":\"Veneakselisto.com verkkokauppa\",\"url\":\"https:\\\/\\\/veneakselisto.com\\\/kauppa\\\/\",\"logo\":{\"@type\":\"ImageObject\",\"inLanguage\":\"fi\",\"@id\":\"https:\\\/\\\/veneakselisto.com\\\/kauppa\\\/#\\\/schema\\\/logo\\\/image\\\/\",\"url\":\"https:\\\/\\\/i2.wp.com\\\/veneakselisto.com\\\/kauppa\\\/wp-content\\\/uploads\\\/2016\\\/06\\\/fb_icon.jpg?fit=327%2C327&ssl=1\",\"contentUrl\":\"https:\\\/\\\/i2.wp.com\\\/veneakselisto.com\\\/kauppa\\\/wp-content\\\/uploads\\\/2016\\\/06\\\/fb_icon.jpg?fit=327%2C327&ssl=1\",\"width\":327,\"height\":327,\"caption\":\"Veneakselisto.com verkkokauppa\"},\"image\":{\"@id\":\"https:\\\/\\\/veneakselisto.com\\\/kauppa\\\/#\\\/schema\\\/logo\\\/image\\\/\"},\"sameAs\":[\"https:\\\/\\\/www.facebook.com\\\/AlaMikkula\\\/\"]}]}<\/script>\n<!-- \/ Yoast SEO plugin. -->","yoast_head_json":{"title":"13.4x15 50-130 hv Yamaha \"OEM STYLE\" Solas potkuri - Vene","description":"13.4x15 50-130 hv Yamaha \"OEM STYLE\" Solas potkuri. Yamaha per\u00e4moottorin potkurit toimittaa aina edullinen Veneakselisto.com - Verkkokauppa","robots":{"index":"index","follow":"follow","max-snippet":"max-snippet:-1","max-image-preview":"max-image-preview:large","max-video-preview":"max-video-preview:-1"},"canonical":"https:\/\/veneakselisto.com\/kauppa\/tuote\/13-4x15-50-130-hv-yamaha-oem-style-solas-potkuri\/","og_locale":"fi_FI","og_type":"article","og_title":"13.4x15 50-130 hv Yamaha \"OEM STYLE\" Solas potkuri - Vene","og_description":"13.4x15 50-130 hv Yamaha \"OEM STYLE\" Solas potkuri. Yamaha per\u00e4moottorin potkurit toimittaa aina edullinen Veneakselisto.com - Verkkokauppa","og_url":"https:\/\/veneakselisto.com\/kauppa\/tuote\/13-4x15-50-130-hv-yamaha-oem-style-solas-potkuri\/","og_site_name":"Veneakselisto.com - verkkokauppa","article_publisher":"https:\/\/www.facebook.com\/AlaMikkula\/","article_modified_time":"2025-12-03T11:13:11+00:00","og_image":[{"width":500,"height":500,"url":"https:\/\/veneakselisto.com\/kauppa\/wp-content\/uploads\/2024\/01\/Yamaha-OEM-Style.jpg","type":"image\/jpeg"}],"twitter_card":"summary_large_image","twitter_misc":{"Arvioitu lukuaika":"2 minuuttia"},"schema":{"@context":"https:\/\/schema.org","@graph":[{"@type":"WebPage","@id":"https:\/\/veneakselisto.com\/kauppa\/tuote\/13-4x15-50-130-hv-yamaha-oem-style-solas-potkuri\/","url":"https:\/\/veneakselisto.com\/kauppa\/tuote\/13-4x15-50-130-hv-yamaha-oem-style-solas-potkuri\/","name":"13.4x15 50-130 hv Yamaha \"OEM STYLE\" Solas potkuri - Vene","isPartOf":{"@id":"https:\/\/veneakselisto.com\/kauppa\/#website"},"primaryImageOfPage":{"@id":"https:\/\/veneakselisto.com\/kauppa\/tuote\/13-4x15-50-130-hv-yamaha-oem-style-solas-potkuri\/#primaryimage"},"image":{"@id":"https:\/\/veneakselisto.com\/kauppa\/tuote\/13-4x15-50-130-hv-yamaha-oem-style-solas-potkuri\/#primaryimage"},"thumbnailUrl":"https:\/\/i0.wp.com\/veneakselisto.com\/kauppa\/wp-content\/uploads\/2024\/01\/Yamaha-OEM-Style.jpg?fit=500%2C500&ssl=1","datePublished":"2024-01-17T12:40:21+00:00","dateModified":"2025-12-03T11:13:11+00:00","description":"13.4x15 50-130 hv Yamaha \"OEM STYLE\" Solas potkuri. Yamaha per\u00e4moottorin potkurit toimittaa aina edullinen Veneakselisto.com - Verkkokauppa","breadcrumb":{"@id":"https:\/\/veneakselisto.com\/kauppa\/tuote\/13-4x15-50-130-hv-yamaha-oem-style-solas-potkuri\/#breadcrumb"},"inLanguage":"fi","potentialAction":[{"@type":"ReadAction","target":["https:\/\/veneakselisto.com\/kauppa\/tuote\/13-4x15-50-130-hv-yamaha-oem-style-solas-potkuri\/"]}]},{"@type":"ImageObject","inLanguage":"fi","@id":"https:\/\/veneakselisto.com\/kauppa\/tuote\/13-4x15-50-130-hv-yamaha-oem-style-solas-potkuri\/#primaryimage","url":"https:\/\/i0.wp.com\/veneakselisto.com\/kauppa\/wp-content\/uploads\/2024\/01\/Yamaha-OEM-Style.jpg?fit=500%2C500&ssl=1","contentUrl":"https:\/\/i0.wp.com\/veneakselisto.com\/kauppa\/wp-content\/uploads\/2024\/01\/Yamaha-OEM-Style.jpg?fit=500%2C500&ssl=1","width":500,"height":500,"caption":"Yamaha-OEM-Style-Per\u00e4moottorin-potkuri-Veneakselisto.com"},{"@type":"BreadcrumbList","@id":"https:\/\/veneakselisto.com\/kauppa\/tuote\/13-4x15-50-130-hv-yamaha-oem-style-solas-potkuri\/#breadcrumb","itemListElement":[{"@type":"ListItem","position":1,"name":"Etusivu","item":"https:\/\/veneakselisto.com\/kauppa\/"},{"@type":"ListItem","position":2,"name":"Kauppa","item":"https:\/\/veneakselisto.com\/kauppa\/"},{"@type":"ListItem","position":3,"name":"13.4&#215;15 50-130 hv Yamaha &#8221;OEM STYLE&#8221; Solas potkuri"}]},{"@type":"WebSite","@id":"https:\/\/veneakselisto.com\/kauppa\/#website","url":"https:\/\/veneakselisto.com\/kauppa\/","name":"Veneakselisto.com - verkkokauppa","description":"Venetarvikkeiden maahantuonti ja myynti","publisher":{"@id":"https:\/\/veneakselisto.com\/kauppa\/#organization"},"potentialAction":[{"@type":"SearchAction","target":{"@type":"EntryPoint","urlTemplate":"https:\/\/veneakselisto.com\/kauppa\/?s={search_term_string}"},"query-input":{"@type":"PropertyValueSpecification","valueRequired":true,"valueName":"search_term_string"}}],"inLanguage":"fi"},{"@type":"Organization","@id":"https:\/\/veneakselisto.com\/kauppa\/#organization","name":"Veneakselisto.com verkkokauppa","url":"https:\/\/veneakselisto.com\/kauppa\/","logo":{"@type":"ImageObject","inLanguage":"fi","@id":"https:\/\/veneakselisto.com\/kauppa\/#\/schema\/logo\/image\/","url":"https:\/\/i2.wp.com\/veneakselisto.com\/kauppa\/wp-content\/uploads\/2016\/06\/fb_icon.jpg?fit=327%2C327&ssl=1","contentUrl":"https:\/\/i2.wp.com\/veneakselisto.com\/kauppa\/wp-content\/uploads\/2016\/06\/fb_icon.jpg?fit=327%2C327&ssl=1","width":327,"height":327,"caption":"Veneakselisto.com verkkokauppa"},"image":{"@id":"https:\/\/veneakselisto.com\/kauppa\/#\/schema\/logo\/image\/"},"sameAs":["https:\/\/www.facebook.com\/AlaMikkula\/"]}]}},"jetpack_publicize_connections":[],"jetpack_sharing_enabled":true,"_links":{"self":[{"href":"https:\/\/veneakselisto.com\/kauppa\/wp-json\/wp\/v2\/product\/18681","targetHints":{"allow":["GET"]}}],"collection":[{"href":"https:\/\/veneakselisto.com\/kauppa\/wp-json\/wp\/v2\/product"}],"about":[{"href":"https:\/\/veneakselisto.com\/kauppa\/wp-json\/wp\/v2\/types\/product"}],"replies":[{"embeddable":true,"href":"https:\/\/veneakselisto.com\/kauppa\/wp-json\/wp\/v2\/comments?post=18681"}],"wp:featuredmedia":[{"embeddable":true,"href":"https:\/\/veneakselisto.com\/kauppa\/wp-json\/wp\/v2\/media\/18680"}],"wp:attachment":[{"href":"https:\/\/veneakselisto.com\/kauppa\/wp-json\/wp\/v2\/media?parent=18681"}],"wp:term":[{"taxonomy":"product_brand","embeddable":true,"href":"https:\/\/veneakselisto.com\/kauppa\/wp-json\/wp\/v2\/product_brand?post=18681"},{"taxonomy":"product_cat","embeddable":true,"href":"https:\/\/veneakselisto.com\/kauppa\/wp-json\/wp\/v2\/product_cat?post=18681"},{"taxonomy":"product_tag","embeddable":true,"href":"https:\/\/veneakselisto.com\/kauppa\/wp-json\/wp\/v2\/product_tag?post=18681"}],"curies":[{"name":"wp","href":"https:\/\/api.w.org\/{rel}","templated":true}]}}