{"id":18659,"date":"2024-01-17T10:51:18","date_gmt":"2024-01-17T08:51:18","guid":{"rendered":"https:\/\/veneakselisto.com\/kauppa\/?post_type=product&#038;p=18659"},"modified":"2025-05-24T12:44:47","modified_gmt":"2025-05-24T09:44:47","slug":"14-1-2x21-150-300hv-f28-suzuki-teraspotkuri","status":"publish","type":"product","link":"https:\/\/veneakselisto.com\/kauppa\/tuote\/14-1-2x21-150-300hv-f28-suzuki-teraspotkuri\/","title":{"rendered":"14 1\/2&#215;21 150-300hv F28 Suzuki ter\u00e4spotkuri"},"content":{"rendered":"<div>14 1\/2&#215;21 150-300hv F28 Suzuki ter\u00e4spotkuri<\/div>\n<div><\/div>\n<div>Valmistaja Polastorm. Potkurissa irtokeski\u00f6 F28 joka KUULUU HINTAAN!<\/div>\n<div>Suzuki 3-lapainen Ter\u00e4spotkuri<\/div>\n<div>\n<p>KOKO 14 1\/2 x 21<\/p>\n<p>15 rihlaa<\/p>\n<p>Sopivuus:<\/p>\n<p>Suzuki &#8211; 4 3\/4 Gearcase &#8211; 15 tooth spline HUB KIT F28 &#8211; 124-88-F28<br \/>\n\u0095<\/p>\n<ul>\n<li>150 HP\/DF150 4-Stroke (15 Spline)\/All Years<\/li>\n<li>175 HP\/DF175 4-Stroke (15 Spline)\/All Years<\/li>\n<li>200 HP\/DF200 4-Stroke (15 Spline)\/All Years<\/li>\n<li>225 HP\/DF225 (15 Spline)\/All Years<\/li>\n<li>250 HP\/DF250 (15 Spline)\/All Years<\/li>\n<li>300 HP\/DF300 (15 Spline)\/All Years<\/li>\n<li>150 HP\/DT150 (15 Spline)\/1986 &#8211; Present<\/li>\n<li>175 HP\/DT175 2-Stroke (15 Spline)\/1986 &#8211; 1992<\/li>\n<li>200 HP\/DT200 (15 Spline)\/1986 &#8211; Present<\/li>\n<li>225 HP\/DT225 (15 Spline)\/1990 &#8211; Present<\/li>\n<\/ul>\n<\/div>\n<div>14 1\/2&#215;21 150-300hv F28 Suzuki ter\u00e4spotkuri<\/div>\n<div><\/div>\n<div>My\u00f6s muita kokoja&#8230;Kysy!<\/div>\n<div>\n<p>Suzuki ter\u00e4spotkuri<\/p>\n<p>Hyv\u00e4 tiet\u00e4\u00e4 potkurin valinnassa.<\/p>\n<p>Selvit\u00e4 mik\u00e4 potkuri sinulla on nyt moottorissasi. Potkurin koko lukee potkurin navassa lapojen v\u00e4liss\u00e4 tai potkurin navan p\u00e4\u00e4ss\u00e4. Esim. 13 1\/4 x 17. Ensinm\u00e4inen numero on potkurin halkaisija ja j\u00e4lkinm\u00e4inen on potkurin nousu.<\/p>\n<p>Muutos potkurin nousussa voi lis\u00e4t\u00e4 tai v\u00e4hent\u00e4\u00e4 moottorin kierroslukua. Kahden tuuman (2\u201d) lis\u00e4ys tai v\u00e4hennys potkurin nousuun muuttaa moottorin kierroslukua noin +- 350 rpm. Tarkista my\u00f6s moottorinvalmistajan suosittelema kierroslukualue!<\/p>\n<p>Potkurimyyj\u00e4lle k\u00e4site \u201dvakiopotkuri\u201d on vaikea, sill\u00e4 kaikki potkurivalmistajan valikoimassa olevat potkurit ovat periaatteessa vakiopotkureita. Kahdessa t\u00e4ysin samanlaisessa veneess\u00e4, varustettuna saman tehoisilla moottoreilla, voi potkurit olla eri kokoiset mik\u00e4li veneit\u00e4 ajetaan eri kuormalla. Siksi on eritt\u00e4in t\u00e4rke\u00e4\u00e4 merkit\u00e4 muistiin potkurin koko ja suurin kierrosluku, jonka moottori saavuttaa sek\u00e4 veneen suurin nopeus.<\/p>\n<p>Moottorioston yhteydess\u00e4 moottorin kanssa on yleens\u00e4 toimitettu potkuri, jota kutsutaan \u201cvakiopotkuriksi\u201d. Kooltaan t\u00e4m\u00e4 potkuri on arvioitu sopivan mahdollisimman moneen moottori\/vene yhdistelm\u00e4\u00e4n. Vakiopotkuri ei siis aina ole paras vaihtoehto.<\/p>\n<div>\n<div class=\"category-description\"><strong>Alumiini vai ter\u00e4spotkuri?<\/strong> Useimmat veneet toimitetaan alumiinipotkurilla. Alumiinipotkurit ovat suhteellisen edullisia ja kest\u00e4v\u00e4t normaaliolosuhteissa useita vuosia. Ter\u00e4spotkurit ovat kalliimpia mutta paljon vahvempia ja kest\u00e4v\u00e4mpi\u00e4 kuin alumiinipotkurit. Jos kaipaat parempaa suorituskyky\u00e4 kuten huippunopeutta ja kiihtyvyytt\u00e4 kannattaa harkita ter\u00e4spotkurin hankintaa.<\/div>\n<\/div>\n<p>Lis\u00e4\u00e4mme potkureita jatkuvasti verkkokauppaamme. Jos et l\u00f6yd\u00e4 etsim\u00e4\u00e4si, niin ota yhteytt\u00e4 akseli@veneakselisto.fi tai 09-8779230<\/p>\n<\/div>\n","protected":false},"excerpt":{"rendered":"<div>14 1\/2&#215;21 150-300hv F28 Suzuki ter\u00e4spotkuri<\/div>\n<div><\/div>\n<div>Valmistaja Polastorm. Potkurissa irtokeski\u00f6 F28 joka KUULUU HINTAAN!<\/div>\n<div>Suzuki 3-lapainen Ter\u00e4spotkuri<\/div>\n<div>\n<p>KOKO 14 1\/2 x 21<\/p>\n<\/div>\n<p>15 rihlaa<\/p>\n<p>Katso tarkempi sopivuus alta.<\/p>\n<div class=\"std\">Verkkokauppa tuote. Toimitusaika 1-4pv normaalisti.<\/div>\n","protected":false},"featured_media":18591,"comment_status":"open","ping_status":"closed","template":"","meta":{"jetpack_post_was_ever_published":false,"jetpack_publicize_message":"","jetpack_publicize_feature_enabled":true,"jetpack_social_post_already_shared":true,"jetpack_social_options":{"image_generator_settings":{"template":"highway","default_image_id":0,"font":"","enabled":false},"version":2}},"product_brand":[],"product_cat":[1319,1318,18,1324],"product_tag":[554,89,1152],"class_list":{"0":"post-18659","1":"product","2":"type-product","3":"status-publish","4":"has-post-thumbnail","6":"product_cat-peramoottorin-teraspotkuri","7":"product_cat-teraspotkuri_polastorm","8":"product_cat-potkurit","9":"product_cat-suzuki_teraspotkuri_polastorm","10":"product_tag-peramoottorinpotkuri","11":"product_tag-potkuri","12":"product_tag-suzuki-potkuri","13":"brand-polastorm","15":"first","16":"instock","17":"sale","18":"taxable","19":"shipping-taxable","20":"purchasable","21":"product-type-simple"},"yoast_head":"<!-- This site is optimized with the Yoast SEO plugin v27.3 - https:\/\/yoast.com\/product\/yoast-seo-wordpress\/ -->\n<title>14 1\/2x21 150-300hv F28 Suzuki ter\u00e4spotkuri -Veneakselisto<\/title>\n<meta name=\"description\" content=\"14 1\/2x21 150-300hv F28 Suzuki ter\u00e4spotkuri. Suzuki 3-lapaisen ter\u00e4spotkurin toimittaa potkureiden erikoisliike-Veneakselisto.com-Suzuki ter\u00e4spotkuri\" \/>\n<meta name=\"robots\" content=\"index, follow, max-snippet:-1, max-image-preview:large, max-video-preview:-1\" \/>\n<link rel=\"canonical\" href=\"https:\/\/veneakselisto.com\/kauppa\/tuote\/14-1-2x21-150-300hv-f28-suzuki-teraspotkuri\/\" \/>\n<meta property=\"og:locale\" content=\"fi_FI\" \/>\n<meta property=\"og:type\" content=\"article\" \/>\n<meta property=\"og:title\" content=\"14 1\/2x21 150-300hv F28 Suzuki ter\u00e4spotkuri -Veneakselisto\" \/>\n<meta property=\"og:description\" content=\"14 1\/2x21 150-300hv F28 Suzuki ter\u00e4spotkuri. Suzuki 3-lapaisen ter\u00e4spotkurin toimittaa potkureiden erikoisliike-Veneakselisto.com-Suzuki ter\u00e4spotkuri\" \/>\n<meta property=\"og:url\" content=\"https:\/\/veneakselisto.com\/kauppa\/tuote\/14-1-2x21-150-300hv-f28-suzuki-teraspotkuri\/\" \/>\n<meta property=\"og:site_name\" content=\"Veneakselisto.com - verkkokauppa\" \/>\n<meta property=\"article:publisher\" content=\"https:\/\/www.facebook.com\/AlaMikkula\/\" \/>\n<meta property=\"article:modified_time\" content=\"2025-05-24T09:44:47+00:00\" \/>\n<meta property=\"og:image\" content=\"https:\/\/veneakselisto.com\/kauppa\/wp-content\/uploads\/2024\/01\/suzuki-polastorm-teraspokuri-3-lapainen.jpg\" \/>\n\t<meta property=\"og:image:width\" content=\"500\" \/>\n\t<meta property=\"og:image:height\" content=\"500\" \/>\n\t<meta property=\"og:image:type\" content=\"image\/jpeg\" \/>\n<meta name=\"twitter:card\" content=\"summary_large_image\" \/>\n<meta name=\"twitter:label1\" content=\"Arvioitu lukuaika\" \/>\n\t<meta name=\"twitter:data1\" content=\"2 minuuttia\" \/>\n<script type=\"application\/ld+json\" class=\"yoast-schema-graph\">{\"@context\":\"https:\\\/\\\/schema.org\",\"@graph\":[{\"@type\":\"WebPage\",\"@id\":\"https:\\\/\\\/veneakselisto.com\\\/kauppa\\\/tuote\\\/14-1-2x21-150-300hv-f28-suzuki-teraspotkuri\\\/\",\"url\":\"https:\\\/\\\/veneakselisto.com\\\/kauppa\\\/tuote\\\/14-1-2x21-150-300hv-f28-suzuki-teraspotkuri\\\/\",\"name\":\"14 1\\\/2x21 150-300hv F28 Suzuki ter\u00e4spotkuri -Veneakselisto\",\"isPartOf\":{\"@id\":\"https:\\\/\\\/veneakselisto.com\\\/kauppa\\\/#website\"},\"primaryImageOfPage\":{\"@id\":\"https:\\\/\\\/veneakselisto.com\\\/kauppa\\\/tuote\\\/14-1-2x21-150-300hv-f28-suzuki-teraspotkuri\\\/#primaryimage\"},\"image\":{\"@id\":\"https:\\\/\\\/veneakselisto.com\\\/kauppa\\\/tuote\\\/14-1-2x21-150-300hv-f28-suzuki-teraspotkuri\\\/#primaryimage\"},\"thumbnailUrl\":\"https:\\\/\\\/i0.wp.com\\\/veneakselisto.com\\\/kauppa\\\/wp-content\\\/uploads\\\/2024\\\/01\\\/suzuki-polastorm-teraspokuri-3-lapainen.jpg?fit=500%2C500&ssl=1\",\"datePublished\":\"2024-01-17T08:51:18+00:00\",\"dateModified\":\"2025-05-24T09:44:47+00:00\",\"description\":\"14 1\\\/2x21 150-300hv F28 Suzuki ter\u00e4spotkuri. Suzuki 3-lapaisen ter\u00e4spotkurin toimittaa potkureiden erikoisliike-Veneakselisto.com-Suzuki ter\u00e4spotkuri\",\"breadcrumb\":{\"@id\":\"https:\\\/\\\/veneakselisto.com\\\/kauppa\\\/tuote\\\/14-1-2x21-150-300hv-f28-suzuki-teraspotkuri\\\/#breadcrumb\"},\"inLanguage\":\"fi\",\"potentialAction\":[{\"@type\":\"ReadAction\",\"target\":[\"https:\\\/\\\/veneakselisto.com\\\/kauppa\\\/tuote\\\/14-1-2x21-150-300hv-f28-suzuki-teraspotkuri\\\/\"]}]},{\"@type\":\"ImageObject\",\"inLanguage\":\"fi\",\"@id\":\"https:\\\/\\\/veneakselisto.com\\\/kauppa\\\/tuote\\\/14-1-2x21-150-300hv-f28-suzuki-teraspotkuri\\\/#primaryimage\",\"url\":\"https:\\\/\\\/i0.wp.com\\\/veneakselisto.com\\\/kauppa\\\/wp-content\\\/uploads\\\/2024\\\/01\\\/suzuki-polastorm-teraspokuri-3-lapainen.jpg?fit=500%2C500&ssl=1\",\"contentUrl\":\"https:\\\/\\\/i0.wp.com\\\/veneakselisto.com\\\/kauppa\\\/wp-content\\\/uploads\\\/2024\\\/01\\\/suzuki-polastorm-teraspokuri-3-lapainen.jpg?fit=500%2C500&ssl=1\",\"width\":500,\"height\":500,\"caption\":\"Suzuki-polastorm-ter\u00e4spokuri-3-lapainen-veneakselisto.com\"},{\"@type\":\"BreadcrumbList\",\"@id\":\"https:\\\/\\\/veneakselisto.com\\\/kauppa\\\/tuote\\\/14-1-2x21-150-300hv-f28-suzuki-teraspotkuri\\\/#breadcrumb\",\"itemListElement\":[{\"@type\":\"ListItem\",\"position\":1,\"name\":\"Etusivu\",\"item\":\"https:\\\/\\\/veneakselisto.com\\\/kauppa\\\/\"},{\"@type\":\"ListItem\",\"position\":2,\"name\":\"Kauppa\",\"item\":\"https:\\\/\\\/veneakselisto.com\\\/kauppa\\\/\"},{\"@type\":\"ListItem\",\"position\":3,\"name\":\"14 1\\\/2&#215;21 150-300hv F28 Suzuki ter\u00e4spotkuri\"}]},{\"@type\":\"WebSite\",\"@id\":\"https:\\\/\\\/veneakselisto.com\\\/kauppa\\\/#website\",\"url\":\"https:\\\/\\\/veneakselisto.com\\\/kauppa\\\/\",\"name\":\"Veneakselisto.com - verkkokauppa\",\"description\":\"Venetarvikkeiden maahantuonti ja myynti\",\"publisher\":{\"@id\":\"https:\\\/\\\/veneakselisto.com\\\/kauppa\\\/#organization\"},\"potentialAction\":[{\"@type\":\"SearchAction\",\"target\":{\"@type\":\"EntryPoint\",\"urlTemplate\":\"https:\\\/\\\/veneakselisto.com\\\/kauppa\\\/?s={search_term_string}\"},\"query-input\":{\"@type\":\"PropertyValueSpecification\",\"valueRequired\":true,\"valueName\":\"search_term_string\"}}],\"inLanguage\":\"fi\"},{\"@type\":\"Organization\",\"@id\":\"https:\\\/\\\/veneakselisto.com\\\/kauppa\\\/#organization\",\"name\":\"Veneakselisto.com verkkokauppa\",\"url\":\"https:\\\/\\\/veneakselisto.com\\\/kauppa\\\/\",\"logo\":{\"@type\":\"ImageObject\",\"inLanguage\":\"fi\",\"@id\":\"https:\\\/\\\/veneakselisto.com\\\/kauppa\\\/#\\\/schema\\\/logo\\\/image\\\/\",\"url\":\"https:\\\/\\\/i2.wp.com\\\/veneakselisto.com\\\/kauppa\\\/wp-content\\\/uploads\\\/2016\\\/06\\\/fb_icon.jpg?fit=327%2C327&ssl=1\",\"contentUrl\":\"https:\\\/\\\/i2.wp.com\\\/veneakselisto.com\\\/kauppa\\\/wp-content\\\/uploads\\\/2016\\\/06\\\/fb_icon.jpg?fit=327%2C327&ssl=1\",\"width\":327,\"height\":327,\"caption\":\"Veneakselisto.com verkkokauppa\"},\"image\":{\"@id\":\"https:\\\/\\\/veneakselisto.com\\\/kauppa\\\/#\\\/schema\\\/logo\\\/image\\\/\"},\"sameAs\":[\"https:\\\/\\\/www.facebook.com\\\/AlaMikkula\\\/\"]}]}<\/script>\n<!-- \/ Yoast SEO plugin. -->","yoast_head_json":{"title":"14 1\/2x21 150-300hv F28 Suzuki ter\u00e4spotkuri -Veneakselisto","description":"14 1\/2x21 150-300hv F28 Suzuki ter\u00e4spotkuri. Suzuki 3-lapaisen ter\u00e4spotkurin toimittaa potkureiden erikoisliike-Veneakselisto.com-Suzuki ter\u00e4spotkuri","robots":{"index":"index","follow":"follow","max-snippet":"max-snippet:-1","max-image-preview":"max-image-preview:large","max-video-preview":"max-video-preview:-1"},"canonical":"https:\/\/veneakselisto.com\/kauppa\/tuote\/14-1-2x21-150-300hv-f28-suzuki-teraspotkuri\/","og_locale":"fi_FI","og_type":"article","og_title":"14 1\/2x21 150-300hv F28 Suzuki ter\u00e4spotkuri -Veneakselisto","og_description":"14 1\/2x21 150-300hv F28 Suzuki ter\u00e4spotkuri. Suzuki 3-lapaisen ter\u00e4spotkurin toimittaa potkureiden erikoisliike-Veneakselisto.com-Suzuki ter\u00e4spotkuri","og_url":"https:\/\/veneakselisto.com\/kauppa\/tuote\/14-1-2x21-150-300hv-f28-suzuki-teraspotkuri\/","og_site_name":"Veneakselisto.com - verkkokauppa","article_publisher":"https:\/\/www.facebook.com\/AlaMikkula\/","article_modified_time":"2025-05-24T09:44:47+00:00","og_image":[{"width":500,"height":500,"url":"https:\/\/veneakselisto.com\/kauppa\/wp-content\/uploads\/2024\/01\/suzuki-polastorm-teraspokuri-3-lapainen.jpg","type":"image\/jpeg"}],"twitter_card":"summary_large_image","twitter_misc":{"Arvioitu lukuaika":"2 minuuttia"},"schema":{"@context":"https:\/\/schema.org","@graph":[{"@type":"WebPage","@id":"https:\/\/veneakselisto.com\/kauppa\/tuote\/14-1-2x21-150-300hv-f28-suzuki-teraspotkuri\/","url":"https:\/\/veneakselisto.com\/kauppa\/tuote\/14-1-2x21-150-300hv-f28-suzuki-teraspotkuri\/","name":"14 1\/2x21 150-300hv F28 Suzuki ter\u00e4spotkuri -Veneakselisto","isPartOf":{"@id":"https:\/\/veneakselisto.com\/kauppa\/#website"},"primaryImageOfPage":{"@id":"https:\/\/veneakselisto.com\/kauppa\/tuote\/14-1-2x21-150-300hv-f28-suzuki-teraspotkuri\/#primaryimage"},"image":{"@id":"https:\/\/veneakselisto.com\/kauppa\/tuote\/14-1-2x21-150-300hv-f28-suzuki-teraspotkuri\/#primaryimage"},"thumbnailUrl":"https:\/\/i0.wp.com\/veneakselisto.com\/kauppa\/wp-content\/uploads\/2024\/01\/suzuki-polastorm-teraspokuri-3-lapainen.jpg?fit=500%2C500&ssl=1","datePublished":"2024-01-17T08:51:18+00:00","dateModified":"2025-05-24T09:44:47+00:00","description":"14 1\/2x21 150-300hv F28 Suzuki ter\u00e4spotkuri. Suzuki 3-lapaisen ter\u00e4spotkurin toimittaa potkureiden erikoisliike-Veneakselisto.com-Suzuki ter\u00e4spotkuri","breadcrumb":{"@id":"https:\/\/veneakselisto.com\/kauppa\/tuote\/14-1-2x21-150-300hv-f28-suzuki-teraspotkuri\/#breadcrumb"},"inLanguage":"fi","potentialAction":[{"@type":"ReadAction","target":["https:\/\/veneakselisto.com\/kauppa\/tuote\/14-1-2x21-150-300hv-f28-suzuki-teraspotkuri\/"]}]},{"@type":"ImageObject","inLanguage":"fi","@id":"https:\/\/veneakselisto.com\/kauppa\/tuote\/14-1-2x21-150-300hv-f28-suzuki-teraspotkuri\/#primaryimage","url":"https:\/\/i0.wp.com\/veneakselisto.com\/kauppa\/wp-content\/uploads\/2024\/01\/suzuki-polastorm-teraspokuri-3-lapainen.jpg?fit=500%2C500&ssl=1","contentUrl":"https:\/\/i0.wp.com\/veneakselisto.com\/kauppa\/wp-content\/uploads\/2024\/01\/suzuki-polastorm-teraspokuri-3-lapainen.jpg?fit=500%2C500&ssl=1","width":500,"height":500,"caption":"Suzuki-polastorm-ter\u00e4spokuri-3-lapainen-veneakselisto.com"},{"@type":"BreadcrumbList","@id":"https:\/\/veneakselisto.com\/kauppa\/tuote\/14-1-2x21-150-300hv-f28-suzuki-teraspotkuri\/#breadcrumb","itemListElement":[{"@type":"ListItem","position":1,"name":"Etusivu","item":"https:\/\/veneakselisto.com\/kauppa\/"},{"@type":"ListItem","position":2,"name":"Kauppa","item":"https:\/\/veneakselisto.com\/kauppa\/"},{"@type":"ListItem","position":3,"name":"14 1\/2&#215;21 150-300hv F28 Suzuki ter\u00e4spotkuri"}]},{"@type":"WebSite","@id":"https:\/\/veneakselisto.com\/kauppa\/#website","url":"https:\/\/veneakselisto.com\/kauppa\/","name":"Veneakselisto.com - verkkokauppa","description":"Venetarvikkeiden maahantuonti ja myynti","publisher":{"@id":"https:\/\/veneakselisto.com\/kauppa\/#organization"},"potentialAction":[{"@type":"SearchAction","target":{"@type":"EntryPoint","urlTemplate":"https:\/\/veneakselisto.com\/kauppa\/?s={search_term_string}"},"query-input":{"@type":"PropertyValueSpecification","valueRequired":true,"valueName":"search_term_string"}}],"inLanguage":"fi"},{"@type":"Organization","@id":"https:\/\/veneakselisto.com\/kauppa\/#organization","name":"Veneakselisto.com verkkokauppa","url":"https:\/\/veneakselisto.com\/kauppa\/","logo":{"@type":"ImageObject","inLanguage":"fi","@id":"https:\/\/veneakselisto.com\/kauppa\/#\/schema\/logo\/image\/","url":"https:\/\/i2.wp.com\/veneakselisto.com\/kauppa\/wp-content\/uploads\/2016\/06\/fb_icon.jpg?fit=327%2C327&ssl=1","contentUrl":"https:\/\/i2.wp.com\/veneakselisto.com\/kauppa\/wp-content\/uploads\/2016\/06\/fb_icon.jpg?fit=327%2C327&ssl=1","width":327,"height":327,"caption":"Veneakselisto.com verkkokauppa"},"image":{"@id":"https:\/\/veneakselisto.com\/kauppa\/#\/schema\/logo\/image\/"},"sameAs":["https:\/\/www.facebook.com\/AlaMikkula\/"]}]}},"jetpack_publicize_connections":[],"jetpack_sharing_enabled":true,"_links":{"self":[{"href":"https:\/\/veneakselisto.com\/kauppa\/wp-json\/wp\/v2\/product\/18659","targetHints":{"allow":["GET"]}}],"collection":[{"href":"https:\/\/veneakselisto.com\/kauppa\/wp-json\/wp\/v2\/product"}],"about":[{"href":"https:\/\/veneakselisto.com\/kauppa\/wp-json\/wp\/v2\/types\/product"}],"replies":[{"embeddable":true,"href":"https:\/\/veneakselisto.com\/kauppa\/wp-json\/wp\/v2\/comments?post=18659"}],"wp:featuredmedia":[{"embeddable":true,"href":"https:\/\/veneakselisto.com\/kauppa\/wp-json\/wp\/v2\/media\/18591"}],"wp:attachment":[{"href":"https:\/\/veneakselisto.com\/kauppa\/wp-json\/wp\/v2\/media?parent=18659"}],"wp:term":[{"taxonomy":"product_brand","embeddable":true,"href":"https:\/\/veneakselisto.com\/kauppa\/wp-json\/wp\/v2\/product_brand?post=18659"},{"taxonomy":"product_cat","embeddable":true,"href":"https:\/\/veneakselisto.com\/kauppa\/wp-json\/wp\/v2\/product_cat?post=18659"},{"taxonomy":"product_tag","embeddable":true,"href":"https:\/\/veneakselisto.com\/kauppa\/wp-json\/wp\/v2\/product_tag?post=18659"}],"curies":[{"name":"wp","href":"https:\/\/api.w.org\/{rel}","templated":true}]}}