{"id":18464,"date":"2023-12-21T15:29:32","date_gmt":"2023-12-21T13:29:32","guid":{"rendered":"https:\/\/veneakselisto.com\/kauppa\/?post_type=product&#038;p=18464"},"modified":"2024-09-01T00:55:14","modified_gmt":"2024-08-31T21:55:14","slug":"jaahdytys-vesipumppu-beta-kubota-10-38hv","status":"publish","type":"product","link":"https:\/\/veneakselisto.com\/kauppa\/tuote\/jaahdytys-vesipumppu-beta-kubota-10-38hv\/","title":{"rendered":"J\u00e4\u00e4hdytys Vesipumppu Beta-Kubota 10-38hv"},"content":{"rendered":"<p>J\u00e4\u00e4hdytys Vesipumppu Beta-Kubota 10-38hv<\/p>\n<p>Jabsco Pump 29460-1631<\/p>\n<p>Sopivuus Beta 10-Beta38 2006 vuoteen asti. Kannessa 3 kiinnitysruuvia<\/p>\n<p>&#8211; Beta Marine BZ482, BD662, BD772, BD1005, BD1505<\/p>\n<p>&#8211; Kubota-Beta B10, B14, B16, B20, B25, B30, B35<\/p>\n<p>-Nanni 2.50HE, 3.75HE<\/p>\n<p>J\u00e4\u00e4hdytys Vesipumppu Beta-Kubota 10-38hv<\/p>\n","protected":false},"excerpt":{"rendered":"<p>J\u00e4\u00e4hdytys Vesipumppu Beta-Kubota 10-38hv<\/p>\n<p>Jabsco Pump 29460-1631<\/p>\n<p>Sopivuus Beta 10-Beta38 2006 vuoteen asti. Kannessa 3 kiinnitysruuvia<\/p>\n<p>&#8211; Beta Marine BZ482, BD662, BD772, BD1005, BD1505<\/p>\n<p>&#8211; Kubota-Beta B10, B14, B16, B20, B25, B30, B35<\/p>\n<p>-Nanni 2.50HE, 3.75HE<\/p>\n<p>Verkkokauppa tuote. Toimitus 1-5pv normaalisti<\/p>\n","protected":false},"featured_media":18465,"comment_status":"open","ping_status":"closed","template":"","meta":{"jetpack_post_was_ever_published":false,"jetpack_publicize_message":"","jetpack_publicize_feature_enabled":true,"jetpack_social_post_already_shared":true,"jetpack_social_options":{"image_generator_settings":{"template":"highway","default_image_id":0,"font":"","enabled":false},"version":2}},"product_brand":[],"product_cat":[604,12,53,55,250,17,1244,52],"product_tag":[59,62,145,271],"class_list":{"0":"post-18464","1":"product","2":"type-product","3":"status-publish","4":"has-post-thumbnail","6":"product_cat-beta_kubota_siipipyorat","7":"product_cat-beta-kubota_huolto-osat","8":"product_cat-johnson-pump_siipipyorat","9":"product_cat-kumisiipipumppu-jaahdytykseen","10":"product_cat-moottoreiden-huolto-osat","11":"product_cat-beta-kubota_muut","12":"product_cat-merivesipumppu_siipipyora_johnson-pump","13":"product_cat-siipipyorat","14":"product_tag-beta-marine","15":"product_tag-huolto-osa","16":"product_tag-siipipyora","17":"product_tag-vesipumppu","19":"first","20":"instock","21":"taxable","22":"shipping-taxable","23":"purchasable","24":"product-type-simple"},"yoast_head":"<!-- This site is optimized with the Yoast SEO plugin v27.3 - https:\/\/yoast.com\/product\/yoast-seo-wordpress\/ -->\n<title>J\u00e4\u00e4hdytys Vesipumppu Beta-Kubota 10-38hv- Veneakselisto.com<\/title>\n<meta name=\"description\" content=\"J\u00e4\u00e4hdytys Vesipumppu Beta-Kubota 10-38hv. Kubota varaosat toimittaa aina edullinen Veneakselisto.com - Venetarvikkeiden maahantuonti.\" \/>\n<meta name=\"robots\" content=\"index, follow, max-snippet:-1, max-image-preview:large, max-video-preview:-1\" \/>\n<link rel=\"canonical\" href=\"https:\/\/veneakselisto.com\/kauppa\/tuote\/jaahdytys-vesipumppu-beta-kubota-10-38hv\/\" \/>\n<meta property=\"og:locale\" content=\"fi_FI\" \/>\n<meta property=\"og:type\" content=\"article\" \/>\n<meta property=\"og:title\" content=\"J\u00e4\u00e4hdytys Vesipumppu Beta-Kubota 10-38hv- Veneakselisto.com\" \/>\n<meta property=\"og:description\" content=\"J\u00e4\u00e4hdytys Vesipumppu Beta-Kubota 10-38hv. Kubota varaosat toimittaa aina edullinen Veneakselisto.com - Venetarvikkeiden maahantuonti.\" \/>\n<meta property=\"og:url\" content=\"https:\/\/veneakselisto.com\/kauppa\/tuote\/jaahdytys-vesipumppu-beta-kubota-10-38hv\/\" \/>\n<meta property=\"og:site_name\" content=\"Veneakselisto.com - verkkokauppa\" \/>\n<meta property=\"article:publisher\" content=\"https:\/\/www.facebook.com\/AlaMikkula\/\" \/>\n<meta property=\"article:modified_time\" content=\"2024-08-31T21:55:14+00:00\" \/>\n<meta property=\"og:image\" content=\"https:\/\/veneakselisto.com\/kauppa\/wp-content\/uploads\/2023\/12\/jabsco-29460-1631.jpg\" \/>\n\t<meta property=\"og:image:width\" content=\"500\" \/>\n\t<meta property=\"og:image:height\" content=\"500\" \/>\n\t<meta property=\"og:image:type\" content=\"image\/jpeg\" \/>\n<meta name=\"twitter:card\" content=\"summary_large_image\" \/>\n<meta name=\"twitter:label1\" content=\"Arvioitu lukuaika\" \/>\n\t<meta name=\"twitter:data1\" content=\"1 minuutti\" \/>\n<script type=\"application\/ld+json\" class=\"yoast-schema-graph\">{\"@context\":\"https:\\\/\\\/schema.org\",\"@graph\":[{\"@type\":\"WebPage\",\"@id\":\"https:\\\/\\\/veneakselisto.com\\\/kauppa\\\/tuote\\\/jaahdytys-vesipumppu-beta-kubota-10-38hv\\\/\",\"url\":\"https:\\\/\\\/veneakselisto.com\\\/kauppa\\\/tuote\\\/jaahdytys-vesipumppu-beta-kubota-10-38hv\\\/\",\"name\":\"J\u00e4\u00e4hdytys Vesipumppu Beta-Kubota 10-38hv- Veneakselisto.com\",\"isPartOf\":{\"@id\":\"https:\\\/\\\/veneakselisto.com\\\/kauppa\\\/#website\"},\"primaryImageOfPage\":{\"@id\":\"https:\\\/\\\/veneakselisto.com\\\/kauppa\\\/tuote\\\/jaahdytys-vesipumppu-beta-kubota-10-38hv\\\/#primaryimage\"},\"image\":{\"@id\":\"https:\\\/\\\/veneakselisto.com\\\/kauppa\\\/tuote\\\/jaahdytys-vesipumppu-beta-kubota-10-38hv\\\/#primaryimage\"},\"thumbnailUrl\":\"https:\\\/\\\/i0.wp.com\\\/veneakselisto.com\\\/kauppa\\\/wp-content\\\/uploads\\\/2023\\\/12\\\/jabsco-29460-1631.jpg?fit=500%2C500&ssl=1\",\"datePublished\":\"2023-12-21T13:29:32+00:00\",\"dateModified\":\"2024-08-31T21:55:14+00:00\",\"description\":\"J\u00e4\u00e4hdytys Vesipumppu Beta-Kubota 10-38hv. Kubota varaosat toimittaa aina edullinen Veneakselisto.com - Venetarvikkeiden maahantuonti.\",\"breadcrumb\":{\"@id\":\"https:\\\/\\\/veneakselisto.com\\\/kauppa\\\/tuote\\\/jaahdytys-vesipumppu-beta-kubota-10-38hv\\\/#breadcrumb\"},\"inLanguage\":\"fi\",\"potentialAction\":[{\"@type\":\"ReadAction\",\"target\":[\"https:\\\/\\\/veneakselisto.com\\\/kauppa\\\/tuote\\\/jaahdytys-vesipumppu-beta-kubota-10-38hv\\\/\"]}]},{\"@type\":\"ImageObject\",\"inLanguage\":\"fi\",\"@id\":\"https:\\\/\\\/veneakselisto.com\\\/kauppa\\\/tuote\\\/jaahdytys-vesipumppu-beta-kubota-10-38hv\\\/#primaryimage\",\"url\":\"https:\\\/\\\/i0.wp.com\\\/veneakselisto.com\\\/kauppa\\\/wp-content\\\/uploads\\\/2023\\\/12\\\/jabsco-29460-1631.jpg?fit=500%2C500&ssl=1\",\"contentUrl\":\"https:\\\/\\\/i0.wp.com\\\/veneakselisto.com\\\/kauppa\\\/wp-content\\\/uploads\\\/2023\\\/12\\\/jabsco-29460-1631.jpg?fit=500%2C500&ssl=1\",\"width\":500,\"height\":500,\"caption\":\"jabsco-29460-1631-Kubota-vesipumppu-Veneakselisto.com\"},{\"@type\":\"BreadcrumbList\",\"@id\":\"https:\\\/\\\/veneakselisto.com\\\/kauppa\\\/tuote\\\/jaahdytys-vesipumppu-beta-kubota-10-38hv\\\/#breadcrumb\",\"itemListElement\":[{\"@type\":\"ListItem\",\"position\":1,\"name\":\"Etusivu\",\"item\":\"https:\\\/\\\/veneakselisto.com\\\/kauppa\\\/\"},{\"@type\":\"ListItem\",\"position\":2,\"name\":\"Kauppa\",\"item\":\"https:\\\/\\\/veneakselisto.com\\\/kauppa\\\/\"},{\"@type\":\"ListItem\",\"position\":3,\"name\":\"J\u00e4\u00e4hdytys Vesipumppu Beta-Kubota 10-38hv\"}]},{\"@type\":\"WebSite\",\"@id\":\"https:\\\/\\\/veneakselisto.com\\\/kauppa\\\/#website\",\"url\":\"https:\\\/\\\/veneakselisto.com\\\/kauppa\\\/\",\"name\":\"Veneakselisto.com - verkkokauppa\",\"description\":\"Venetarvikkeiden maahantuonti ja myynti\",\"publisher\":{\"@id\":\"https:\\\/\\\/veneakselisto.com\\\/kauppa\\\/#organization\"},\"potentialAction\":[{\"@type\":\"SearchAction\",\"target\":{\"@type\":\"EntryPoint\",\"urlTemplate\":\"https:\\\/\\\/veneakselisto.com\\\/kauppa\\\/?s={search_term_string}\"},\"query-input\":{\"@type\":\"PropertyValueSpecification\",\"valueRequired\":true,\"valueName\":\"search_term_string\"}}],\"inLanguage\":\"fi\"},{\"@type\":\"Organization\",\"@id\":\"https:\\\/\\\/veneakselisto.com\\\/kauppa\\\/#organization\",\"name\":\"Veneakselisto.com verkkokauppa\",\"url\":\"https:\\\/\\\/veneakselisto.com\\\/kauppa\\\/\",\"logo\":{\"@type\":\"ImageObject\",\"inLanguage\":\"fi\",\"@id\":\"https:\\\/\\\/veneakselisto.com\\\/kauppa\\\/#\\\/schema\\\/logo\\\/image\\\/\",\"url\":\"https:\\\/\\\/i2.wp.com\\\/veneakselisto.com\\\/kauppa\\\/wp-content\\\/uploads\\\/2016\\\/06\\\/fb_icon.jpg?fit=327%2C327&ssl=1\",\"contentUrl\":\"https:\\\/\\\/i2.wp.com\\\/veneakselisto.com\\\/kauppa\\\/wp-content\\\/uploads\\\/2016\\\/06\\\/fb_icon.jpg?fit=327%2C327&ssl=1\",\"width\":327,\"height\":327,\"caption\":\"Veneakselisto.com verkkokauppa\"},\"image\":{\"@id\":\"https:\\\/\\\/veneakselisto.com\\\/kauppa\\\/#\\\/schema\\\/logo\\\/image\\\/\"},\"sameAs\":[\"https:\\\/\\\/www.facebook.com\\\/AlaMikkula\\\/\"]}]}<\/script>\n<!-- \/ Yoast SEO plugin. -->","yoast_head_json":{"title":"J\u00e4\u00e4hdytys Vesipumppu Beta-Kubota 10-38hv- Veneakselisto.com","description":"J\u00e4\u00e4hdytys Vesipumppu Beta-Kubota 10-38hv. Kubota varaosat toimittaa aina edullinen Veneakselisto.com - Venetarvikkeiden maahantuonti.","robots":{"index":"index","follow":"follow","max-snippet":"max-snippet:-1","max-image-preview":"max-image-preview:large","max-video-preview":"max-video-preview:-1"},"canonical":"https:\/\/veneakselisto.com\/kauppa\/tuote\/jaahdytys-vesipumppu-beta-kubota-10-38hv\/","og_locale":"fi_FI","og_type":"article","og_title":"J\u00e4\u00e4hdytys Vesipumppu Beta-Kubota 10-38hv- Veneakselisto.com","og_description":"J\u00e4\u00e4hdytys Vesipumppu Beta-Kubota 10-38hv. Kubota varaosat toimittaa aina edullinen Veneakselisto.com - Venetarvikkeiden maahantuonti.","og_url":"https:\/\/veneakselisto.com\/kauppa\/tuote\/jaahdytys-vesipumppu-beta-kubota-10-38hv\/","og_site_name":"Veneakselisto.com - verkkokauppa","article_publisher":"https:\/\/www.facebook.com\/AlaMikkula\/","article_modified_time":"2024-08-31T21:55:14+00:00","og_image":[{"width":500,"height":500,"url":"https:\/\/veneakselisto.com\/kauppa\/wp-content\/uploads\/2023\/12\/jabsco-29460-1631.jpg","type":"image\/jpeg"}],"twitter_card":"summary_large_image","twitter_misc":{"Arvioitu lukuaika":"1 minuutti"},"schema":{"@context":"https:\/\/schema.org","@graph":[{"@type":"WebPage","@id":"https:\/\/veneakselisto.com\/kauppa\/tuote\/jaahdytys-vesipumppu-beta-kubota-10-38hv\/","url":"https:\/\/veneakselisto.com\/kauppa\/tuote\/jaahdytys-vesipumppu-beta-kubota-10-38hv\/","name":"J\u00e4\u00e4hdytys Vesipumppu Beta-Kubota 10-38hv- Veneakselisto.com","isPartOf":{"@id":"https:\/\/veneakselisto.com\/kauppa\/#website"},"primaryImageOfPage":{"@id":"https:\/\/veneakselisto.com\/kauppa\/tuote\/jaahdytys-vesipumppu-beta-kubota-10-38hv\/#primaryimage"},"image":{"@id":"https:\/\/veneakselisto.com\/kauppa\/tuote\/jaahdytys-vesipumppu-beta-kubota-10-38hv\/#primaryimage"},"thumbnailUrl":"https:\/\/i0.wp.com\/veneakselisto.com\/kauppa\/wp-content\/uploads\/2023\/12\/jabsco-29460-1631.jpg?fit=500%2C500&ssl=1","datePublished":"2023-12-21T13:29:32+00:00","dateModified":"2024-08-31T21:55:14+00:00","description":"J\u00e4\u00e4hdytys Vesipumppu Beta-Kubota 10-38hv. Kubota varaosat toimittaa aina edullinen Veneakselisto.com - Venetarvikkeiden maahantuonti.","breadcrumb":{"@id":"https:\/\/veneakselisto.com\/kauppa\/tuote\/jaahdytys-vesipumppu-beta-kubota-10-38hv\/#breadcrumb"},"inLanguage":"fi","potentialAction":[{"@type":"ReadAction","target":["https:\/\/veneakselisto.com\/kauppa\/tuote\/jaahdytys-vesipumppu-beta-kubota-10-38hv\/"]}]},{"@type":"ImageObject","inLanguage":"fi","@id":"https:\/\/veneakselisto.com\/kauppa\/tuote\/jaahdytys-vesipumppu-beta-kubota-10-38hv\/#primaryimage","url":"https:\/\/i0.wp.com\/veneakselisto.com\/kauppa\/wp-content\/uploads\/2023\/12\/jabsco-29460-1631.jpg?fit=500%2C500&ssl=1","contentUrl":"https:\/\/i0.wp.com\/veneakselisto.com\/kauppa\/wp-content\/uploads\/2023\/12\/jabsco-29460-1631.jpg?fit=500%2C500&ssl=1","width":500,"height":500,"caption":"jabsco-29460-1631-Kubota-vesipumppu-Veneakselisto.com"},{"@type":"BreadcrumbList","@id":"https:\/\/veneakselisto.com\/kauppa\/tuote\/jaahdytys-vesipumppu-beta-kubota-10-38hv\/#breadcrumb","itemListElement":[{"@type":"ListItem","position":1,"name":"Etusivu","item":"https:\/\/veneakselisto.com\/kauppa\/"},{"@type":"ListItem","position":2,"name":"Kauppa","item":"https:\/\/veneakselisto.com\/kauppa\/"},{"@type":"ListItem","position":3,"name":"J\u00e4\u00e4hdytys Vesipumppu Beta-Kubota 10-38hv"}]},{"@type":"WebSite","@id":"https:\/\/veneakselisto.com\/kauppa\/#website","url":"https:\/\/veneakselisto.com\/kauppa\/","name":"Veneakselisto.com - verkkokauppa","description":"Venetarvikkeiden maahantuonti ja myynti","publisher":{"@id":"https:\/\/veneakselisto.com\/kauppa\/#organization"},"potentialAction":[{"@type":"SearchAction","target":{"@type":"EntryPoint","urlTemplate":"https:\/\/veneakselisto.com\/kauppa\/?s={search_term_string}"},"query-input":{"@type":"PropertyValueSpecification","valueRequired":true,"valueName":"search_term_string"}}],"inLanguage":"fi"},{"@type":"Organization","@id":"https:\/\/veneakselisto.com\/kauppa\/#organization","name":"Veneakselisto.com verkkokauppa","url":"https:\/\/veneakselisto.com\/kauppa\/","logo":{"@type":"ImageObject","inLanguage":"fi","@id":"https:\/\/veneakselisto.com\/kauppa\/#\/schema\/logo\/image\/","url":"https:\/\/i2.wp.com\/veneakselisto.com\/kauppa\/wp-content\/uploads\/2016\/06\/fb_icon.jpg?fit=327%2C327&ssl=1","contentUrl":"https:\/\/i2.wp.com\/veneakselisto.com\/kauppa\/wp-content\/uploads\/2016\/06\/fb_icon.jpg?fit=327%2C327&ssl=1","width":327,"height":327,"caption":"Veneakselisto.com verkkokauppa"},"image":{"@id":"https:\/\/veneakselisto.com\/kauppa\/#\/schema\/logo\/image\/"},"sameAs":["https:\/\/www.facebook.com\/AlaMikkula\/"]}]}},"jetpack_publicize_connections":[],"jetpack_sharing_enabled":true,"_links":{"self":[{"href":"https:\/\/veneakselisto.com\/kauppa\/wp-json\/wp\/v2\/product\/18464","targetHints":{"allow":["GET"]}}],"collection":[{"href":"https:\/\/veneakselisto.com\/kauppa\/wp-json\/wp\/v2\/product"}],"about":[{"href":"https:\/\/veneakselisto.com\/kauppa\/wp-json\/wp\/v2\/types\/product"}],"replies":[{"embeddable":true,"href":"https:\/\/veneakselisto.com\/kauppa\/wp-json\/wp\/v2\/comments?post=18464"}],"wp:featuredmedia":[{"embeddable":true,"href":"https:\/\/veneakselisto.com\/kauppa\/wp-json\/wp\/v2\/media\/18465"}],"wp:attachment":[{"href":"https:\/\/veneakselisto.com\/kauppa\/wp-json\/wp\/v2\/media?parent=18464"}],"wp:term":[{"taxonomy":"product_brand","embeddable":true,"href":"https:\/\/veneakselisto.com\/kauppa\/wp-json\/wp\/v2\/product_brand?post=18464"},{"taxonomy":"product_cat","embeddable":true,"href":"https:\/\/veneakselisto.com\/kauppa\/wp-json\/wp\/v2\/product_cat?post=18464"},{"taxonomy":"product_tag","embeddable":true,"href":"https:\/\/veneakselisto.com\/kauppa\/wp-json\/wp\/v2\/product_tag?post=18464"}],"curies":[{"name":"wp","href":"https:\/\/api.w.org\/{rel}","templated":true}]}}