{"id":18408,"date":"2023-12-14T14:48:03","date_gmt":"2023-12-14T12:48:03","guid":{"rendered":"https:\/\/veneakselisto.com\/kauppa\/?post_type=product&#038;p=18408"},"modified":"2025-08-06T11:19:53","modified_gmt":"2025-08-06T08:19:53","slug":"13-1-4x17-f29-teraspotkuri-60-130-hv-honda","status":"publish","type":"product","link":"https:\/\/veneakselisto.com\/kauppa\/tuote\/13-1-4x17-f29-teraspotkuri-60-130-hv-honda\/","title":{"rendered":"13 1\/4&#215;17 F29 Ter\u00e4spotkuri 60-130 hv Honda"},"content":{"rendered":"<p>13 1\/4&#215;17 F29 Ter\u00e4spotkuri 60-130 hv Honda<\/p>\n<p>Valmistaja Polastorm. Malli Poleax SS<\/p>\n<p>Potkurissa on irtokeski\u00f6 F29 joka KUULUU HINTAAN ja toimitetaan potkurin mukana!<\/p>\n<p><b>Honda 60-130 HP <\/b><\/p>\n<p>15 Tooth Spline &#8211; 4-1\/4&#8243; Gearcase &#8211; Thru Hub Exhaust &#8211; Hub Kit:\u00a0 124-88-F29<\/p>\n<p>BFP 60 2010-<br \/>\nBF 75 1999-<br \/>\nBF 90 1999-<br \/>\nBF 100 2016-<br \/>\nBF 115 1998-10<br \/>\nBF 130 1998-04<\/p>\n<p>13 1\/4&#215;17 F29 Ter\u00e4spotkuri 60-130 hv Honda<\/p>\n<p>Hyv\u00e4 tiet\u00e4\u00e4 potkurin valinnassa.<\/p>\n<p>Selvit\u00e4 mik\u00e4 potkuri sinulla on nyt moottorissasi. Potkurin koko lukee potkurin navassa lapojen v\u00e4liss\u00e4 tai potkurin navan p\u00e4\u00e4ss\u00e4. Esim. 13 1\/4 x 17. Ensinm\u00e4inen numero on potkurin halkaisija ja j\u00e4lkinm\u00e4inen on potkurin nousu.<\/p>\n<p>Muutos potkurin nousussa voi lis\u00e4t\u00e4 tai v\u00e4hent\u00e4\u00e4 moottorin kierroslukua. Kahden tuuman (2\u201d) lis\u00e4ys tai v\u00e4hennys potkurin nousuun muuttaa moottorin kierroslukua noin +- 350 rpm. Tarkista my\u00f6s moottorinvalmistajan suosittelema kierroslukualue!<\/p>\n<p>Potkurimyyj\u00e4lle k\u00e4site \u201dvakiopotkuri\u201d on vaikea, sill\u00e4 kaikki potkurivalmistajan valikoimassa olevat potkurit ovat periaatteessa vakiopotkureita. Kahdessa t\u00e4ysin samanlaisessa veneess\u00e4, varustettuna saman tehoisilla moottoreilla, voi potkurit olla eri kokoiset mik\u00e4li veneit\u00e4 ajetaan eri kuormalla. Siksi on eritt\u00e4in t\u00e4rke\u00e4\u00e4 merkit\u00e4 muistiin potkurin koko ja suurin kierrosluku, jonka moottori saavuttaa sek\u00e4 veneen suurin nopeus.<\/p>\n<p>Moottorioston yhteydess\u00e4 moottorin kanssa on yleens\u00e4 toimitettu potkuri, jota kutsutaan \u201cvakiopotkuriksi\u201d. Kooltaan t\u00e4m\u00e4 potkuri on arvioitu sopivan mahdollisimman moneen moottori\/vene yhdistelm\u00e4\u00e4n. Vakiopotkuri ei siis aina ole paras vaihtoehto.<\/p>\n<div class=\"category-description\"><strong>Alumiini vai ter\u00e4spotkuri?<\/strong> Useimmat veneet toimitetaan alumiinipotkurilla. Alumiinipotkurit ovat suhteellisen edullisia ja kest\u00e4v\u00e4t normaaliolosuhteissa useita vuosia. Ter\u00e4spotkurit ovat kalliimpia mutta paljon vahvempia ja kest\u00e4v\u00e4mpi\u00e4 kuin alumiinipotkurit. Jos kaipaat parempaa suorituskyky\u00e4 kuten huippunopeutta ja kiihtyvyytt\u00e4 kannattaa harkita ter\u00e4spotkurin hankintaa.<\/div>\n","protected":false},"excerpt":{"rendered":"<p>13 1\/4&#215;17 F29 Ter\u00e4spotkuri 60-130 hv Honda<\/p>\n<p>Valmistaja Polastorm. Malli Poleax SS<\/p>\n<p>Potkurissa on irtokeski\u00f6 F29 joka KUULUU HINTAAN ja toimitetaan potkurin mukana!<\/p>\n<p><b>Honda 60-130 HP <\/b><\/p>\n<p>15 Tooth Spline &#8211; 4-1\/4&#8243; Gearcase &#8211; Thru Hub Exhaust &#8211; Hub Kit:\u00a0 124-88-F29<\/p>\n<p>Katso alla tarkempi sopivuus.<\/p>\n<p>Verkkokauppa tuote. Toimitusaika 1-3pv normaalisti.<\/p>\n","protected":false},"featured_media":18396,"comment_status":"open","ping_status":"closed","template":"","meta":{"jetpack_post_was_ever_published":false,"jetpack_publicize_message":"","jetpack_publicize_feature_enabled":true,"jetpack_social_post_already_shared":true,"jetpack_social_options":{"image_generator_settings":{"template":"highway","default_image_id":0,"font":"","enabled":false},"version":2}},"product_brand":[],"product_cat":[1320,1319,1318,18],"product_tag":[1121,382,1119],"class_list":{"0":"post-18408","1":"product","2":"type-product","3":"status-publish","4":"has-post-thumbnail","6":"product_cat-honda_teraspokuri_polastorm","7":"product_cat-peramoottorin-teraspotkuri","8":"product_cat-teraspotkuri_polastorm","9":"product_cat-potkurit","10":"product_tag-bf","11":"product_tag-honda","12":"product_tag-rst-potkuri","13":"brand-polastorm","15":"first","16":"instock","17":"sale","18":"taxable","19":"shipping-taxable","20":"purchasable","21":"product-type-simple"},"yoast_head":"<!-- This site is optimized with the Yoast SEO plugin v27.3 - https:\/\/yoast.com\/product\/yoast-seo-wordpress\/ -->\n<title>13 1\/4x17 F29 Ter\u00e4spotkuri 60-130 hv Honda - Veneakselisto<\/title>\n<meta name=\"description\" content=\"13 1\/4x17 F29 Ter\u00e4spotkuri 60-130 hv Honda . Ter\u00e4spotkurit toimittaa Venetarvikkeiden maahantuonti ja myynti-Suomen Veneakselisto Oy.\" \/>\n<meta name=\"robots\" content=\"index, follow, max-snippet:-1, max-image-preview:large, max-video-preview:-1\" \/>\n<link rel=\"canonical\" href=\"https:\/\/veneakselisto.com\/kauppa\/tuote\/13-1-4x17-f29-teraspotkuri-60-130-hv-honda\/\" \/>\n<meta property=\"og:locale\" content=\"fi_FI\" \/>\n<meta property=\"og:type\" content=\"article\" \/>\n<meta property=\"og:title\" content=\"13 1\/4x17 F29 Ter\u00e4spotkuri 60-130 hv Honda - Veneakselisto\" \/>\n<meta property=\"og:description\" content=\"13 1\/4x17 F29 Ter\u00e4spotkuri 60-130 hv Honda . Ter\u00e4spotkurit toimittaa Venetarvikkeiden maahantuonti ja myynti-Suomen Veneakselisto Oy.\" \/>\n<meta property=\"og:url\" content=\"https:\/\/veneakselisto.com\/kauppa\/tuote\/13-1-4x17-f29-teraspotkuri-60-130-hv-honda\/\" \/>\n<meta property=\"og:site_name\" content=\"Veneakselisto.com - verkkokauppa\" \/>\n<meta property=\"article:publisher\" content=\"https:\/\/www.facebook.com\/AlaMikkula\/\" \/>\n<meta property=\"article:modified_time\" content=\"2025-08-06T08:19:53+00:00\" \/>\n<meta property=\"og:image\" content=\"https:\/\/veneakselisto.com\/kauppa\/wp-content\/uploads\/2023\/12\/Polastorm-Honda-teraspotkuri.jpg\" \/>\n\t<meta property=\"og:image:width\" content=\"500\" \/>\n\t<meta property=\"og:image:height\" content=\"500\" \/>\n\t<meta property=\"og:image:type\" content=\"image\/jpeg\" \/>\n<meta name=\"twitter:card\" content=\"summary_large_image\" \/>\n<meta name=\"twitter:label1\" content=\"Arvioitu lukuaika\" \/>\n\t<meta name=\"twitter:data1\" content=\"2 minuuttia\" \/>\n<script type=\"application\/ld+json\" class=\"yoast-schema-graph\">{\"@context\":\"https:\\\/\\\/schema.org\",\"@graph\":[{\"@type\":\"WebPage\",\"@id\":\"https:\\\/\\\/veneakselisto.com\\\/kauppa\\\/tuote\\\/13-1-4x17-f29-teraspotkuri-60-130-hv-honda\\\/\",\"url\":\"https:\\\/\\\/veneakselisto.com\\\/kauppa\\\/tuote\\\/13-1-4x17-f29-teraspotkuri-60-130-hv-honda\\\/\",\"name\":\"13 1\\\/4x17 F29 Ter\u00e4spotkuri 60-130 hv Honda - Veneakselisto\",\"isPartOf\":{\"@id\":\"https:\\\/\\\/veneakselisto.com\\\/kauppa\\\/#website\"},\"primaryImageOfPage\":{\"@id\":\"https:\\\/\\\/veneakselisto.com\\\/kauppa\\\/tuote\\\/13-1-4x17-f29-teraspotkuri-60-130-hv-honda\\\/#primaryimage\"},\"image\":{\"@id\":\"https:\\\/\\\/veneakselisto.com\\\/kauppa\\\/tuote\\\/13-1-4x17-f29-teraspotkuri-60-130-hv-honda\\\/#primaryimage\"},\"thumbnailUrl\":\"https:\\\/\\\/i0.wp.com\\\/veneakselisto.com\\\/kauppa\\\/wp-content\\\/uploads\\\/2023\\\/12\\\/Polastorm-Honda-teraspotkuri.jpg?fit=500%2C500&ssl=1\",\"datePublished\":\"2023-12-14T12:48:03+00:00\",\"dateModified\":\"2025-08-06T08:19:53+00:00\",\"description\":\"13 1\\\/4x17 F29 Ter\u00e4spotkuri 60-130 hv Honda . Ter\u00e4spotkurit toimittaa Venetarvikkeiden maahantuonti ja myynti-Suomen Veneakselisto Oy.\",\"breadcrumb\":{\"@id\":\"https:\\\/\\\/veneakselisto.com\\\/kauppa\\\/tuote\\\/13-1-4x17-f29-teraspotkuri-60-130-hv-honda\\\/#breadcrumb\"},\"inLanguage\":\"fi\",\"potentialAction\":[{\"@type\":\"ReadAction\",\"target\":[\"https:\\\/\\\/veneakselisto.com\\\/kauppa\\\/tuote\\\/13-1-4x17-f29-teraspotkuri-60-130-hv-honda\\\/\"]}]},{\"@type\":\"ImageObject\",\"inLanguage\":\"fi\",\"@id\":\"https:\\\/\\\/veneakselisto.com\\\/kauppa\\\/tuote\\\/13-1-4x17-f29-teraspotkuri-60-130-hv-honda\\\/#primaryimage\",\"url\":\"https:\\\/\\\/i0.wp.com\\\/veneakselisto.com\\\/kauppa\\\/wp-content\\\/uploads\\\/2023\\\/12\\\/Polastorm-Honda-teraspotkuri.jpg?fit=500%2C500&ssl=1\",\"contentUrl\":\"https:\\\/\\\/i0.wp.com\\\/veneakselisto.com\\\/kauppa\\\/wp-content\\\/uploads\\\/2023\\\/12\\\/Polastorm-Honda-teraspotkuri.jpg?fit=500%2C500&ssl=1\",\"width\":500,\"height\":500,\"caption\":\"Polastorm Honda ter\u00e4spotkuri-ter\u00e4spotkureiden erikoisliike-Veneakselisto.com\"},{\"@type\":\"BreadcrumbList\",\"@id\":\"https:\\\/\\\/veneakselisto.com\\\/kauppa\\\/tuote\\\/13-1-4x17-f29-teraspotkuri-60-130-hv-honda\\\/#breadcrumb\",\"itemListElement\":[{\"@type\":\"ListItem\",\"position\":1,\"name\":\"Etusivu\",\"item\":\"https:\\\/\\\/veneakselisto.com\\\/kauppa\\\/\"},{\"@type\":\"ListItem\",\"position\":2,\"name\":\"Kauppa\",\"item\":\"https:\\\/\\\/veneakselisto.com\\\/kauppa\\\/\"},{\"@type\":\"ListItem\",\"position\":3,\"name\":\"13 1\\\/4&#215;17 F29 Ter\u00e4spotkuri 60-130 hv Honda\"}]},{\"@type\":\"WebSite\",\"@id\":\"https:\\\/\\\/veneakselisto.com\\\/kauppa\\\/#website\",\"url\":\"https:\\\/\\\/veneakselisto.com\\\/kauppa\\\/\",\"name\":\"Veneakselisto.com - verkkokauppa\",\"description\":\"Venetarvikkeiden maahantuonti ja myynti\",\"publisher\":{\"@id\":\"https:\\\/\\\/veneakselisto.com\\\/kauppa\\\/#organization\"},\"potentialAction\":[{\"@type\":\"SearchAction\",\"target\":{\"@type\":\"EntryPoint\",\"urlTemplate\":\"https:\\\/\\\/veneakselisto.com\\\/kauppa\\\/?s={search_term_string}\"},\"query-input\":{\"@type\":\"PropertyValueSpecification\",\"valueRequired\":true,\"valueName\":\"search_term_string\"}}],\"inLanguage\":\"fi\"},{\"@type\":\"Organization\",\"@id\":\"https:\\\/\\\/veneakselisto.com\\\/kauppa\\\/#organization\",\"name\":\"Veneakselisto.com verkkokauppa\",\"url\":\"https:\\\/\\\/veneakselisto.com\\\/kauppa\\\/\",\"logo\":{\"@type\":\"ImageObject\",\"inLanguage\":\"fi\",\"@id\":\"https:\\\/\\\/veneakselisto.com\\\/kauppa\\\/#\\\/schema\\\/logo\\\/image\\\/\",\"url\":\"https:\\\/\\\/i2.wp.com\\\/veneakselisto.com\\\/kauppa\\\/wp-content\\\/uploads\\\/2016\\\/06\\\/fb_icon.jpg?fit=327%2C327&ssl=1\",\"contentUrl\":\"https:\\\/\\\/i2.wp.com\\\/veneakselisto.com\\\/kauppa\\\/wp-content\\\/uploads\\\/2016\\\/06\\\/fb_icon.jpg?fit=327%2C327&ssl=1\",\"width\":327,\"height\":327,\"caption\":\"Veneakselisto.com verkkokauppa\"},\"image\":{\"@id\":\"https:\\\/\\\/veneakselisto.com\\\/kauppa\\\/#\\\/schema\\\/logo\\\/image\\\/\"},\"sameAs\":[\"https:\\\/\\\/www.facebook.com\\\/AlaMikkula\\\/\"]}]}<\/script>\n<!-- \/ Yoast SEO plugin. -->","yoast_head_json":{"title":"13 1\/4x17 F29 Ter\u00e4spotkuri 60-130 hv Honda - Veneakselisto","description":"13 1\/4x17 F29 Ter\u00e4spotkuri 60-130 hv Honda . Ter\u00e4spotkurit toimittaa Venetarvikkeiden maahantuonti ja myynti-Suomen Veneakselisto Oy.","robots":{"index":"index","follow":"follow","max-snippet":"max-snippet:-1","max-image-preview":"max-image-preview:large","max-video-preview":"max-video-preview:-1"},"canonical":"https:\/\/veneakselisto.com\/kauppa\/tuote\/13-1-4x17-f29-teraspotkuri-60-130-hv-honda\/","og_locale":"fi_FI","og_type":"article","og_title":"13 1\/4x17 F29 Ter\u00e4spotkuri 60-130 hv Honda - Veneakselisto","og_description":"13 1\/4x17 F29 Ter\u00e4spotkuri 60-130 hv Honda . Ter\u00e4spotkurit toimittaa Venetarvikkeiden maahantuonti ja myynti-Suomen Veneakselisto Oy.","og_url":"https:\/\/veneakselisto.com\/kauppa\/tuote\/13-1-4x17-f29-teraspotkuri-60-130-hv-honda\/","og_site_name":"Veneakselisto.com - verkkokauppa","article_publisher":"https:\/\/www.facebook.com\/AlaMikkula\/","article_modified_time":"2025-08-06T08:19:53+00:00","og_image":[{"width":500,"height":500,"url":"https:\/\/veneakselisto.com\/kauppa\/wp-content\/uploads\/2023\/12\/Polastorm-Honda-teraspotkuri.jpg","type":"image\/jpeg"}],"twitter_card":"summary_large_image","twitter_misc":{"Arvioitu lukuaika":"2 minuuttia"},"schema":{"@context":"https:\/\/schema.org","@graph":[{"@type":"WebPage","@id":"https:\/\/veneakselisto.com\/kauppa\/tuote\/13-1-4x17-f29-teraspotkuri-60-130-hv-honda\/","url":"https:\/\/veneakselisto.com\/kauppa\/tuote\/13-1-4x17-f29-teraspotkuri-60-130-hv-honda\/","name":"13 1\/4x17 F29 Ter\u00e4spotkuri 60-130 hv Honda - Veneakselisto","isPartOf":{"@id":"https:\/\/veneakselisto.com\/kauppa\/#website"},"primaryImageOfPage":{"@id":"https:\/\/veneakselisto.com\/kauppa\/tuote\/13-1-4x17-f29-teraspotkuri-60-130-hv-honda\/#primaryimage"},"image":{"@id":"https:\/\/veneakselisto.com\/kauppa\/tuote\/13-1-4x17-f29-teraspotkuri-60-130-hv-honda\/#primaryimage"},"thumbnailUrl":"https:\/\/i0.wp.com\/veneakselisto.com\/kauppa\/wp-content\/uploads\/2023\/12\/Polastorm-Honda-teraspotkuri.jpg?fit=500%2C500&ssl=1","datePublished":"2023-12-14T12:48:03+00:00","dateModified":"2025-08-06T08:19:53+00:00","description":"13 1\/4x17 F29 Ter\u00e4spotkuri 60-130 hv Honda . Ter\u00e4spotkurit toimittaa Venetarvikkeiden maahantuonti ja myynti-Suomen Veneakselisto Oy.","breadcrumb":{"@id":"https:\/\/veneakselisto.com\/kauppa\/tuote\/13-1-4x17-f29-teraspotkuri-60-130-hv-honda\/#breadcrumb"},"inLanguage":"fi","potentialAction":[{"@type":"ReadAction","target":["https:\/\/veneakselisto.com\/kauppa\/tuote\/13-1-4x17-f29-teraspotkuri-60-130-hv-honda\/"]}]},{"@type":"ImageObject","inLanguage":"fi","@id":"https:\/\/veneakselisto.com\/kauppa\/tuote\/13-1-4x17-f29-teraspotkuri-60-130-hv-honda\/#primaryimage","url":"https:\/\/i0.wp.com\/veneakselisto.com\/kauppa\/wp-content\/uploads\/2023\/12\/Polastorm-Honda-teraspotkuri.jpg?fit=500%2C500&ssl=1","contentUrl":"https:\/\/i0.wp.com\/veneakselisto.com\/kauppa\/wp-content\/uploads\/2023\/12\/Polastorm-Honda-teraspotkuri.jpg?fit=500%2C500&ssl=1","width":500,"height":500,"caption":"Polastorm Honda ter\u00e4spotkuri-ter\u00e4spotkureiden erikoisliike-Veneakselisto.com"},{"@type":"BreadcrumbList","@id":"https:\/\/veneakselisto.com\/kauppa\/tuote\/13-1-4x17-f29-teraspotkuri-60-130-hv-honda\/#breadcrumb","itemListElement":[{"@type":"ListItem","position":1,"name":"Etusivu","item":"https:\/\/veneakselisto.com\/kauppa\/"},{"@type":"ListItem","position":2,"name":"Kauppa","item":"https:\/\/veneakselisto.com\/kauppa\/"},{"@type":"ListItem","position":3,"name":"13 1\/4&#215;17 F29 Ter\u00e4spotkuri 60-130 hv Honda"}]},{"@type":"WebSite","@id":"https:\/\/veneakselisto.com\/kauppa\/#website","url":"https:\/\/veneakselisto.com\/kauppa\/","name":"Veneakselisto.com - verkkokauppa","description":"Venetarvikkeiden maahantuonti ja myynti","publisher":{"@id":"https:\/\/veneakselisto.com\/kauppa\/#organization"},"potentialAction":[{"@type":"SearchAction","target":{"@type":"EntryPoint","urlTemplate":"https:\/\/veneakselisto.com\/kauppa\/?s={search_term_string}"},"query-input":{"@type":"PropertyValueSpecification","valueRequired":true,"valueName":"search_term_string"}}],"inLanguage":"fi"},{"@type":"Organization","@id":"https:\/\/veneakselisto.com\/kauppa\/#organization","name":"Veneakselisto.com verkkokauppa","url":"https:\/\/veneakselisto.com\/kauppa\/","logo":{"@type":"ImageObject","inLanguage":"fi","@id":"https:\/\/veneakselisto.com\/kauppa\/#\/schema\/logo\/image\/","url":"https:\/\/i2.wp.com\/veneakselisto.com\/kauppa\/wp-content\/uploads\/2016\/06\/fb_icon.jpg?fit=327%2C327&ssl=1","contentUrl":"https:\/\/i2.wp.com\/veneakselisto.com\/kauppa\/wp-content\/uploads\/2016\/06\/fb_icon.jpg?fit=327%2C327&ssl=1","width":327,"height":327,"caption":"Veneakselisto.com verkkokauppa"},"image":{"@id":"https:\/\/veneakselisto.com\/kauppa\/#\/schema\/logo\/image\/"},"sameAs":["https:\/\/www.facebook.com\/AlaMikkula\/"]}]}},"jetpack_publicize_connections":[],"jetpack_sharing_enabled":true,"_links":{"self":[{"href":"https:\/\/veneakselisto.com\/kauppa\/wp-json\/wp\/v2\/product\/18408","targetHints":{"allow":["GET"]}}],"collection":[{"href":"https:\/\/veneakselisto.com\/kauppa\/wp-json\/wp\/v2\/product"}],"about":[{"href":"https:\/\/veneakselisto.com\/kauppa\/wp-json\/wp\/v2\/types\/product"}],"replies":[{"embeddable":true,"href":"https:\/\/veneakselisto.com\/kauppa\/wp-json\/wp\/v2\/comments?post=18408"}],"wp:featuredmedia":[{"embeddable":true,"href":"https:\/\/veneakselisto.com\/kauppa\/wp-json\/wp\/v2\/media\/18396"}],"wp:attachment":[{"href":"https:\/\/veneakselisto.com\/kauppa\/wp-json\/wp\/v2\/media?parent=18408"}],"wp:term":[{"taxonomy":"product_brand","embeddable":true,"href":"https:\/\/veneakselisto.com\/kauppa\/wp-json\/wp\/v2\/product_brand?post=18408"},{"taxonomy":"product_cat","embeddable":true,"href":"https:\/\/veneakselisto.com\/kauppa\/wp-json\/wp\/v2\/product_cat?post=18408"},{"taxonomy":"product_tag","embeddable":true,"href":"https:\/\/veneakselisto.com\/kauppa\/wp-json\/wp\/v2\/product_tag?post=18408"}],"curies":[{"name":"wp","href":"https:\/\/api.w.org\/{rel}","templated":true}]}}