{"id":18364,"date":"2023-12-12T15:56:26","date_gmt":"2023-12-12T13:56:26","guid":{"rendered":"https:\/\/veneakselisto.com\/kauppa\/?post_type=product&#038;p=18364"},"modified":"2025-12-02T08:52:10","modified_gmt":"2025-12-02T06:52:10","slug":"velvet-drive-71c-2-101-kaytetty-merikytkin","status":"publish","type":"product","link":"https:\/\/veneakselisto.com\/kauppa\/tuote\/velvet-drive-71c-2-101-kaytetty-merikytkin\/","title":{"rendered":"Velvet Drive 71C 2.10:1 k\u00e4ytetty merikytkin"},"content":{"rendered":"<p>Velvet Drive 71C 2.10:1 k\u00e4ytetty<\/p>\n<p>10-17-010 Velvet Drive 2.1:10<\/p>\n<p>Velvet Drive 71C 2.10:1 k\u00e4ytetty merivaihde. Kunostettu Velvet Drive korjaussarjalla. Korjauksen arvo 1350,00<\/p>\n<blockquote class=\"wp-embedded-content\" data-secret=\"ZYa0V6vGMb\"><p><a href=\"https:\/\/veneakselisto.com\/kauppa\/tuote\/velvet-drive-71-72c-korjaussarja\/\">Velvet Drive 71-72C korjaussarja<\/a><\/p><\/blockquote>\n<p><iframe loading=\"lazy\" class=\"wp-embedded-content\" sandbox=\"allow-scripts\" security=\"restricted\" style=\"position: absolute; clip: rect(1px, 1px, 1px, 1px);\" title=\"&#8221;Velvet Drive 71-72C korjaussarja&#8221; &#8212; Veneakselisto.com - verkkokauppa\" src=\"https:\/\/veneakselisto.com\/kauppa\/tuote\/velvet-drive-71-72c-korjaussarja\/embed\/#?secret=eegfWHJvb2#?secret=ZYa0V6vGMb\" data-secret=\"ZYa0V6vGMb\" width=\"600\" height=\"338\" frameborder=\"0\" marginwidth=\"0\" marginheight=\"0\" scrolling=\"no\"><\/iframe><\/p>\n<p>&nbsp;<\/p>\n","protected":false},"excerpt":{"rendered":"<p>Velvet Drive 71C 2.10:1 k\u00e4ytetty<\/p>\n<p>10-17-010 Velvet Drive 2.1:10<\/p>\n<p>Velvet Drive 71C 2.10:1 k\u00e4ytetty merivaihde. Kunostettu Velvet Drive korjaussarjalla. Korjauksen arvo 1350,00<\/p>\n","protected":false},"featured_media":18366,"comment_status":"open","ping_status":"closed","template":"","meta":{"jetpack_post_was_ever_published":false,"jetpack_publicize_message":"","jetpack_publicize_feature_enabled":true,"jetpack_social_post_already_shared":true,"jetpack_social_options":{"image_generator_settings":{"template":"highway","default_image_id":0,"font":"","enabled":false},"version":2}},"product_brand":[],"product_cat":[331,1070,1187],"product_tag":[],"class_list":{"0":"post-18364","1":"product","2":"type-product","3":"status-publish","4":"has-post-thumbnail","6":"product_cat-poistotuotteet_kaytetyt_venevaraosat_venetarvikkeet","7":"product_cat-merikytkin-technodrive-kbw21","8":"product_cat-merikytkin-vetolevy-oljynjaahdytin","10":"first","11":"outofstock","12":"taxable","13":"shipping-taxable","14":"purchasable","15":"product-type-simple"},"yoast_head":"<!-- This site is optimized with the Yoast SEO plugin v27.4 - https:\/\/yoast.com\/product\/yoast-seo-wordpress\/ -->\n<title>Velvet Drive 71C 2.10:1 k\u00e4ytetty merikytkin-veneakselisto.com<\/title>\n<meta name=\"description\" content=\"Velvet Drive 71C 2.10:1 k\u00e4ytetty merikytkin. K\u00e4ytetty Velvet Drive merikytkin.\" \/>\n<meta name=\"robots\" content=\"index, follow, max-snippet:-1, max-image-preview:large, max-video-preview:-1\" \/>\n<link rel=\"canonical\" href=\"https:\/\/veneakselisto.com\/kauppa\/tuote\/velvet-drive-71c-2-101-kaytetty-merikytkin\/\" \/>\n<meta property=\"og:locale\" content=\"fi_FI\" \/>\n<meta property=\"og:type\" content=\"article\" \/>\n<meta property=\"og:title\" content=\"Velvet Drive 71C 2.10:1 k\u00e4ytetty merikytkin-veneakselisto.com\" \/>\n<meta property=\"og:description\" content=\"Velvet Drive 71C 2.10:1 k\u00e4ytetty merikytkin. K\u00e4ytetty Velvet Drive merikytkin.\" \/>\n<meta property=\"og:url\" content=\"https:\/\/veneakselisto.com\/kauppa\/tuote\/velvet-drive-71c-2-101-kaytetty-merikytkin\/\" \/>\n<meta property=\"og:site_name\" content=\"Veneakselisto.com - verkkokauppa\" \/>\n<meta property=\"article:publisher\" content=\"https:\/\/www.facebook.com\/AlaMikkula\/\" \/>\n<meta property=\"article:modified_time\" content=\"2025-12-02T06:52:10+00:00\" \/>\n<meta property=\"og:image\" content=\"https:\/\/veneakselisto.com\/kauppa\/wp-content\/uploads\/2023\/12\/velvet-drive2-1.jpg\" \/>\n\t<meta property=\"og:image:width\" content=\"500\" \/>\n\t<meta property=\"og:image:height\" content=\"500\" \/>\n\t<meta property=\"og:image:type\" content=\"image\/jpeg\" \/>\n<meta name=\"twitter:card\" content=\"summary_large_image\" \/>\n<meta name=\"twitter:label1\" content=\"Arvioitu lukuaika\" \/>\n\t<meta name=\"twitter:data1\" content=\"1 minuutti\" \/>\n<script type=\"application\/ld+json\" class=\"yoast-schema-graph\">{\"@context\":\"https:\\\/\\\/schema.org\",\"@graph\":[{\"@type\":\"WebPage\",\"@id\":\"https:\\\/\\\/veneakselisto.com\\\/kauppa\\\/tuote\\\/velvet-drive-71c-2-101-kaytetty-merikytkin\\\/\",\"url\":\"https:\\\/\\\/veneakselisto.com\\\/kauppa\\\/tuote\\\/velvet-drive-71c-2-101-kaytetty-merikytkin\\\/\",\"name\":\"Velvet Drive 71C 2.10:1 k\u00e4ytetty merikytkin-veneakselisto.com\",\"isPartOf\":{\"@id\":\"https:\\\/\\\/veneakselisto.com\\\/kauppa\\\/#website\"},\"primaryImageOfPage\":{\"@id\":\"https:\\\/\\\/veneakselisto.com\\\/kauppa\\\/tuote\\\/velvet-drive-71c-2-101-kaytetty-merikytkin\\\/#primaryimage\"},\"image\":{\"@id\":\"https:\\\/\\\/veneakselisto.com\\\/kauppa\\\/tuote\\\/velvet-drive-71c-2-101-kaytetty-merikytkin\\\/#primaryimage\"},\"thumbnailUrl\":\"https:\\\/\\\/i0.wp.com\\\/veneakselisto.com\\\/kauppa\\\/wp-content\\\/uploads\\\/2023\\\/12\\\/velvet-drive2-1.jpg?fit=500%2C500&ssl=1\",\"datePublished\":\"2023-12-12T13:56:26+00:00\",\"dateModified\":\"2025-12-02T06:52:10+00:00\",\"description\":\"Velvet Drive 71C 2.10:1 k\u00e4ytetty merikytkin. K\u00e4ytetty Velvet Drive merikytkin.\",\"breadcrumb\":{\"@id\":\"https:\\\/\\\/veneakselisto.com\\\/kauppa\\\/tuote\\\/velvet-drive-71c-2-101-kaytetty-merikytkin\\\/#breadcrumb\"},\"inLanguage\":\"fi\",\"potentialAction\":[{\"@type\":\"ReadAction\",\"target\":[\"https:\\\/\\\/veneakselisto.com\\\/kauppa\\\/tuote\\\/velvet-drive-71c-2-101-kaytetty-merikytkin\\\/\"]}]},{\"@type\":\"ImageObject\",\"inLanguage\":\"fi\",\"@id\":\"https:\\\/\\\/veneakselisto.com\\\/kauppa\\\/tuote\\\/velvet-drive-71c-2-101-kaytetty-merikytkin\\\/#primaryimage\",\"url\":\"https:\\\/\\\/i0.wp.com\\\/veneakselisto.com\\\/kauppa\\\/wp-content\\\/uploads\\\/2023\\\/12\\\/velvet-drive2-1.jpg?fit=500%2C500&ssl=1\",\"contentUrl\":\"https:\\\/\\\/i0.wp.com\\\/veneakselisto.com\\\/kauppa\\\/wp-content\\\/uploads\\\/2023\\\/12\\\/velvet-drive2-1.jpg?fit=500%2C500&ssl=1\",\"width\":500,\"height\":500,\"caption\":\"velvet drive 71C k\u00e4ytetty merivaihde-Veneakselisto.com\"},{\"@type\":\"BreadcrumbList\",\"@id\":\"https:\\\/\\\/veneakselisto.com\\\/kauppa\\\/tuote\\\/velvet-drive-71c-2-101-kaytetty-merikytkin\\\/#breadcrumb\",\"itemListElement\":[{\"@type\":\"ListItem\",\"position\":1,\"name\":\"Etusivu\",\"item\":\"https:\\\/\\\/veneakselisto.com\\\/kauppa\\\/\"},{\"@type\":\"ListItem\",\"position\":2,\"name\":\"Kauppa\",\"item\":\"https:\\\/\\\/veneakselisto.com\\\/kauppa\\\/\"},{\"@type\":\"ListItem\",\"position\":3,\"name\":\"Velvet Drive 71C 2.10:1 k\u00e4ytetty merikytkin\"}]},{\"@type\":\"WebSite\",\"@id\":\"https:\\\/\\\/veneakselisto.com\\\/kauppa\\\/#website\",\"url\":\"https:\\\/\\\/veneakselisto.com\\\/kauppa\\\/\",\"name\":\"Veneakselisto.com - verkkokauppa\",\"description\":\"Venetarvikkeiden maahantuonti ja myynti\",\"publisher\":{\"@id\":\"https:\\\/\\\/veneakselisto.com\\\/kauppa\\\/#organization\"},\"potentialAction\":[{\"@type\":\"SearchAction\",\"target\":{\"@type\":\"EntryPoint\",\"urlTemplate\":\"https:\\\/\\\/veneakselisto.com\\\/kauppa\\\/?s={search_term_string}\"},\"query-input\":{\"@type\":\"PropertyValueSpecification\",\"valueRequired\":true,\"valueName\":\"search_term_string\"}}],\"inLanguage\":\"fi\"},{\"@type\":\"Organization\",\"@id\":\"https:\\\/\\\/veneakselisto.com\\\/kauppa\\\/#organization\",\"name\":\"Veneakselisto.com verkkokauppa\",\"url\":\"https:\\\/\\\/veneakselisto.com\\\/kauppa\\\/\",\"logo\":{\"@type\":\"ImageObject\",\"inLanguage\":\"fi\",\"@id\":\"https:\\\/\\\/veneakselisto.com\\\/kauppa\\\/#\\\/schema\\\/logo\\\/image\\\/\",\"url\":\"https:\\\/\\\/i2.wp.com\\\/veneakselisto.com\\\/kauppa\\\/wp-content\\\/uploads\\\/2016\\\/06\\\/fb_icon.jpg?fit=327%2C327&ssl=1\",\"contentUrl\":\"https:\\\/\\\/i2.wp.com\\\/veneakselisto.com\\\/kauppa\\\/wp-content\\\/uploads\\\/2016\\\/06\\\/fb_icon.jpg?fit=327%2C327&ssl=1\",\"width\":327,\"height\":327,\"caption\":\"Veneakselisto.com verkkokauppa\"},\"image\":{\"@id\":\"https:\\\/\\\/veneakselisto.com\\\/kauppa\\\/#\\\/schema\\\/logo\\\/image\\\/\"},\"sameAs\":[\"https:\\\/\\\/www.facebook.com\\\/AlaMikkula\\\/\"]}]}<\/script>\n<!-- \/ Yoast SEO plugin. -->","yoast_head_json":{"title":"Velvet Drive 71C 2.10:1 k\u00e4ytetty merikytkin-veneakselisto.com","description":"Velvet Drive 71C 2.10:1 k\u00e4ytetty merikytkin. K\u00e4ytetty Velvet Drive merikytkin.","robots":{"index":"index","follow":"follow","max-snippet":"max-snippet:-1","max-image-preview":"max-image-preview:large","max-video-preview":"max-video-preview:-1"},"canonical":"https:\/\/veneakselisto.com\/kauppa\/tuote\/velvet-drive-71c-2-101-kaytetty-merikytkin\/","og_locale":"fi_FI","og_type":"article","og_title":"Velvet Drive 71C 2.10:1 k\u00e4ytetty merikytkin-veneakselisto.com","og_description":"Velvet Drive 71C 2.10:1 k\u00e4ytetty merikytkin. K\u00e4ytetty Velvet Drive merikytkin.","og_url":"https:\/\/veneakselisto.com\/kauppa\/tuote\/velvet-drive-71c-2-101-kaytetty-merikytkin\/","og_site_name":"Veneakselisto.com - verkkokauppa","article_publisher":"https:\/\/www.facebook.com\/AlaMikkula\/","article_modified_time":"2025-12-02T06:52:10+00:00","og_image":[{"width":500,"height":500,"url":"https:\/\/veneakselisto.com\/kauppa\/wp-content\/uploads\/2023\/12\/velvet-drive2-1.jpg","type":"image\/jpeg"}],"twitter_card":"summary_large_image","twitter_misc":{"Arvioitu lukuaika":"1 minuutti"},"schema":{"@context":"https:\/\/schema.org","@graph":[{"@type":"WebPage","@id":"https:\/\/veneakselisto.com\/kauppa\/tuote\/velvet-drive-71c-2-101-kaytetty-merikytkin\/","url":"https:\/\/veneakselisto.com\/kauppa\/tuote\/velvet-drive-71c-2-101-kaytetty-merikytkin\/","name":"Velvet Drive 71C 2.10:1 k\u00e4ytetty merikytkin-veneakselisto.com","isPartOf":{"@id":"https:\/\/veneakselisto.com\/kauppa\/#website"},"primaryImageOfPage":{"@id":"https:\/\/veneakselisto.com\/kauppa\/tuote\/velvet-drive-71c-2-101-kaytetty-merikytkin\/#primaryimage"},"image":{"@id":"https:\/\/veneakselisto.com\/kauppa\/tuote\/velvet-drive-71c-2-101-kaytetty-merikytkin\/#primaryimage"},"thumbnailUrl":"https:\/\/i0.wp.com\/veneakselisto.com\/kauppa\/wp-content\/uploads\/2023\/12\/velvet-drive2-1.jpg?fit=500%2C500&ssl=1","datePublished":"2023-12-12T13:56:26+00:00","dateModified":"2025-12-02T06:52:10+00:00","description":"Velvet Drive 71C 2.10:1 k\u00e4ytetty merikytkin. K\u00e4ytetty Velvet Drive merikytkin.","breadcrumb":{"@id":"https:\/\/veneakselisto.com\/kauppa\/tuote\/velvet-drive-71c-2-101-kaytetty-merikytkin\/#breadcrumb"},"inLanguage":"fi","potentialAction":[{"@type":"ReadAction","target":["https:\/\/veneakselisto.com\/kauppa\/tuote\/velvet-drive-71c-2-101-kaytetty-merikytkin\/"]}]},{"@type":"ImageObject","inLanguage":"fi","@id":"https:\/\/veneakselisto.com\/kauppa\/tuote\/velvet-drive-71c-2-101-kaytetty-merikytkin\/#primaryimage","url":"https:\/\/i0.wp.com\/veneakselisto.com\/kauppa\/wp-content\/uploads\/2023\/12\/velvet-drive2-1.jpg?fit=500%2C500&ssl=1","contentUrl":"https:\/\/i0.wp.com\/veneakselisto.com\/kauppa\/wp-content\/uploads\/2023\/12\/velvet-drive2-1.jpg?fit=500%2C500&ssl=1","width":500,"height":500,"caption":"velvet drive 71C k\u00e4ytetty merivaihde-Veneakselisto.com"},{"@type":"BreadcrumbList","@id":"https:\/\/veneakselisto.com\/kauppa\/tuote\/velvet-drive-71c-2-101-kaytetty-merikytkin\/#breadcrumb","itemListElement":[{"@type":"ListItem","position":1,"name":"Etusivu","item":"https:\/\/veneakselisto.com\/kauppa\/"},{"@type":"ListItem","position":2,"name":"Kauppa","item":"https:\/\/veneakselisto.com\/kauppa\/"},{"@type":"ListItem","position":3,"name":"Velvet Drive 71C 2.10:1 k\u00e4ytetty merikytkin"}]},{"@type":"WebSite","@id":"https:\/\/veneakselisto.com\/kauppa\/#website","url":"https:\/\/veneakselisto.com\/kauppa\/","name":"Veneakselisto.com - verkkokauppa","description":"Venetarvikkeiden maahantuonti ja myynti","publisher":{"@id":"https:\/\/veneakselisto.com\/kauppa\/#organization"},"potentialAction":[{"@type":"SearchAction","target":{"@type":"EntryPoint","urlTemplate":"https:\/\/veneakselisto.com\/kauppa\/?s={search_term_string}"},"query-input":{"@type":"PropertyValueSpecification","valueRequired":true,"valueName":"search_term_string"}}],"inLanguage":"fi"},{"@type":"Organization","@id":"https:\/\/veneakselisto.com\/kauppa\/#organization","name":"Veneakselisto.com verkkokauppa","url":"https:\/\/veneakselisto.com\/kauppa\/","logo":{"@type":"ImageObject","inLanguage":"fi","@id":"https:\/\/veneakselisto.com\/kauppa\/#\/schema\/logo\/image\/","url":"https:\/\/i2.wp.com\/veneakselisto.com\/kauppa\/wp-content\/uploads\/2016\/06\/fb_icon.jpg?fit=327%2C327&ssl=1","contentUrl":"https:\/\/i2.wp.com\/veneakselisto.com\/kauppa\/wp-content\/uploads\/2016\/06\/fb_icon.jpg?fit=327%2C327&ssl=1","width":327,"height":327,"caption":"Veneakselisto.com verkkokauppa"},"image":{"@id":"https:\/\/veneakselisto.com\/kauppa\/#\/schema\/logo\/image\/"},"sameAs":["https:\/\/www.facebook.com\/AlaMikkula\/"]}]}},"jetpack_publicize_connections":[],"jetpack_sharing_enabled":true,"_links":{"self":[{"href":"https:\/\/veneakselisto.com\/kauppa\/wp-json\/wp\/v2\/product\/18364","targetHints":{"allow":["GET"]}}],"collection":[{"href":"https:\/\/veneakselisto.com\/kauppa\/wp-json\/wp\/v2\/product"}],"about":[{"href":"https:\/\/veneakselisto.com\/kauppa\/wp-json\/wp\/v2\/types\/product"}],"replies":[{"embeddable":true,"href":"https:\/\/veneakselisto.com\/kauppa\/wp-json\/wp\/v2\/comments?post=18364"}],"wp:featuredmedia":[{"embeddable":true,"href":"https:\/\/veneakselisto.com\/kauppa\/wp-json\/wp\/v2\/media\/18366"}],"wp:attachment":[{"href":"https:\/\/veneakselisto.com\/kauppa\/wp-json\/wp\/v2\/media?parent=18364"}],"wp:term":[{"taxonomy":"product_brand","embeddable":true,"href":"https:\/\/veneakselisto.com\/kauppa\/wp-json\/wp\/v2\/product_brand?post=18364"},{"taxonomy":"product_cat","embeddable":true,"href":"https:\/\/veneakselisto.com\/kauppa\/wp-json\/wp\/v2\/product_cat?post=18364"},{"taxonomy":"product_tag","embeddable":true,"href":"https:\/\/veneakselisto.com\/kauppa\/wp-json\/wp\/v2\/product_tag?post=18364"}],"curies":[{"name":"wp","href":"https:\/\/api.w.org\/{rel}","templated":true}]}}