{"id":18256,"date":"2023-11-29T15:00:02","date_gmt":"2023-11-29T13:00:02","guid":{"rendered":"https:\/\/veneakselisto.com\/kauppa\/?post_type=product&#038;p=18256"},"modified":"2025-11-26T15:36:49","modified_gmt":"2025-11-26T13:36:49","slug":"15-1-2-x-25-1-2-suzuki-df300-df350-dp-teraspotkuri","status":"publish","type":"product","link":"https:\/\/veneakselisto.com\/kauppa\/tuote\/15-1-2-x-25-1-2-suzuki-df300-df350-dp-teraspotkuri\/","title":{"rendered":"15 1\/2 x 25 1\/2 Suzuki DF300-DF350 DP ter\u00e4spotkuri\u00a0"},"content":{"rendered":"<div>15 1\/2 x 25 1\/2 Suzuki DF300-DF350 DP ter\u00e4spotkuri<\/div>\n<div><\/div>\n<div>Valmistaja SOLAS malli\u00a0 Solas SG Dual Prop<\/div>\n<div>Suzuki Solas Ter\u00e4spotkuri.<\/div>\n<div><\/div>\n<div>Etu -ja takapotkurit myyd\u00e4\u00e4n erikseen. Potkureita saatavilla useilla nousuilla. Tarkista potkureiden koko vanhoista!<\/div>\n<div>\n<p>KOKO 15 1\/2&#215;25 1\/2<\/p>\n<p>15 rihlaa<\/p>\n<p>Sopivuus:<\/p>\n<ul>\n<li>DF 300B &#8211; 2019 &amp; Newer<\/li>\n<li>DF 325A &#8211; 2018 &amp; Newer<\/li>\n<li>DF 350A &#8211; 2017 &amp; Newer<\/li>\n<\/ul>\n<\/div>\n<div><span class=\"HwtZe\" lang=\"fi\"> &#8211;<span class=\"jCAhz ChMk0b\"><span class=\"ryNqvb\">3-lapainen etupotkuri.<\/span><\/span><\/span><\/div>\n<div><span class=\"HwtZe\" lang=\"fi\">&#8211;<span class=\"jCAhz ChMk0b\"><span class=\"ryNqvb\">Etu- ja takapotkurit myyd\u00e4\u00e4n erikseen.<\/span><\/span> <\/span><\/div>\n<div><span class=\"HwtZe\" lang=\"fi\"><span class=\"jCAhz ChMk0b\"><span class=\"ryNqvb\">-Varustettu kumisella navalla.\u00a0<\/span><\/span> <\/span><\/div>\n<div><span class=\"HwtZe\" lang=\"fi\"><span class=\"jCAhz ChMk0b\"><span class=\"ryNqvb\">-Maksimoi moottorin hy\u00f6tysuhteen.<\/span><\/span><\/span><\/div>\n<div><span class=\"HwtZe\" lang=\"fi\">-Hyv\u00e4<span class=\"jCAhz ChMk0b\"><span class=\"ryNqvb\"> ohjattavuus<\/span><\/span>.<\/span><\/div>\n<div><span class=\"HwtZe\" lang=\"fi\">&#8211;<span class=\"jCAhz ChMk0b\"><span class=\"ryNqvb\">Erinomainen pito ja kiihtyvyys<\/span><\/span>.<\/span><\/div>\n<div><\/div>\n<div>My\u00f6s muita kokoja&#8230;Kysy!<\/div>\n<div>\n<p>Solas DP Suzuki ter\u00e4spotkuri.<\/p>\n<p>Hyv\u00e4 tiet\u00e4\u00e4 potkurin valinnassa.<\/p>\n<p>Selvit\u00e4 mik\u00e4 potkuri sinulla on nyt moottorissasi. Potkurin koko lukee potkurin navassa lapojen v\u00e4liss\u00e4 tai potkurin navan p\u00e4\u00e4ss\u00e4. Esim. 13 1\/4 x 17. Ensinm\u00e4inen numero on potkurin halkaisija ja j\u00e4lkinm\u00e4inen on potkurin nousu.<\/p>\n<p>Muutos potkurin nousussa voi lis\u00e4t\u00e4 tai v\u00e4hent\u00e4\u00e4 moottorin kierroslukua. Kahden tuuman (2\u201d) lis\u00e4ys tai v\u00e4hennys potkurin nousuun muuttaa moottorin kierroslukua noin +- 350 rpm. Tarkista my\u00f6s moottorinvalmistajan suosittelema kierroslukualue!<\/p>\n<p>Potkurimyyj\u00e4lle k\u00e4site \u201dvakiopotkuri\u201d on vaikea, sill\u00e4 kaikki potkurivalmistajan valikoimassa olevat potkurit ovat periaatteessa vakiopotkureita. Kahdessa t\u00e4ysin samanlaisessa veneess\u00e4, varustettuna saman tehoisilla moottoreilla, voi potkurit olla eri kokoiset mik\u00e4li veneit\u00e4 ajetaan eri kuormalla. Siksi on eritt\u00e4in t\u00e4rke\u00e4\u00e4 merkit\u00e4 muistiin potkurin koko ja suurin kierrosluku, jonka moottori saavuttaa sek\u00e4 veneen suurin nopeus.<\/p>\n<p>Moottorioston yhteydess\u00e4 moottorin kanssa on yleens\u00e4 toimitettu potkuri, jota kutsutaan \u201cvakiopotkuriksi\u201d. Kooltaan t\u00e4m\u00e4 potkuri on arvioitu sopivan mahdollisimman moneen moottori\/vene yhdistelm\u00e4\u00e4n. Vakiopotkuri ei siis aina ole paras vaihtoehto.<\/p>\n<p>Ostamalla Solas ter\u00e4spotkurin tied\u00e4t saavasi korkean suorituskyvyn ja ensiluokkaisen laadun edullisella hinnalla Solas-potkurien avulla. Laadukkaimmista metalleista ja laajasta valikoimasta erilaisia potkureita koostuva Solas ter\u00e4spotkuri valikoima on yksi veneen potkuriteollisuuden johtavista merkeist\u00e4. Kaksi asiaa, jotka erottavat Solas ter\u00e4spotkurin muista merkeist\u00e4, ovat ainutlaatuinen valuprosessi, joka auttaa tuottamaan vahvempia, ohuempia ja sile\u00e4mpi\u00e4 teri\u00e4, ja niiden erityisesti suunnitellut, kumimallilliset kahdeksankulmaiset navat, jotka lis\u00e4\u00e4v\u00e4t t\u00e4rin\u00e4n vaimennusta ja v\u00e4hent\u00e4v\u00e4t liukumista.<\/p>\n<p>15 1\/2 x 25 1\/2 Suzuki DF300-DF350 DP ter\u00e4spotkuri<\/p>\n<\/div>\n","protected":false},"excerpt":{"rendered":"<div>15 1\/2 x 25 1\/2 Suzuki DF300-DF350 DP ter\u00e4spotkuri<\/div>\n<div><\/div>\n<div>Valmistaja SOLAS malli\u00a0 Solas SG Dual Prop<\/div>\n<div>Suzuki Solas 3-lapainen etu Ter\u00e4spotkuri.<\/div>\n<div><\/div>\n<div>Etu -ja takapotkurit myyd\u00e4\u00e4n erikseen. Potkureita saatavilla useilla nousuilla. Tarkista potkureiden koko vanhoista!<\/div>\n<div>\n<p>KOKO 15 1\/2&#215;24<\/p>\n<p>15 rihlaa<\/p>\n<p>Sopivuus:<\/p>\n<ul>\n<li>DF 300B &#8211; 2019 &amp; Newer<\/li>\n<li>DF 325A &#8211; 2018 &amp; Newer<\/li>\n<li>DF 350A &#8211; 2017 &amp; Newer<\/li>\n<\/ul>\n<\/div>\n<div class=\"std\">Verkkokauppa tuote. Toimitusaika 1-4pv normaalisti.<\/div>\n","protected":false},"featured_media":18247,"comment_status":"open","ping_status":"closed","template":"","meta":{"jetpack_post_was_ever_published":false,"jetpack_publicize_message":"","jetpack_publicize_feature_enabled":true,"jetpack_social_post_already_shared":true,"jetpack_social_options":{"image_generator_settings":{"template":"highway","default_image_id":0,"font":"","enabled":false},"version":2}},"product_brand":[],"product_cat":[18,1307,1312],"product_tag":[1316,554,89,1152],"class_list":{"0":"post-18256","1":"product","2":"type-product","3":"status-publish","4":"has-post-thumbnail","6":"product_cat-potkurit","7":"product_cat-solas_teraspotkuri_peramoottorin_potkuri","8":"product_cat-suzuki_teraspotkuri","9":"product_tag-dp-potkuri","10":"product_tag-peramoottorinpotkuri","11":"product_tag-potkuri","12":"product_tag-suzuki-potkuri","13":"brand-solas","15":"first","16":"instock","17":"sale","18":"taxable","19":"shipping-taxable","20":"purchasable","21":"product-type-simple"},"yoast_head":"<!-- This site is optimized with the Yoast SEO plugin v27.3 - https:\/\/yoast.com\/product\/yoast-seo-wordpress\/ -->\n<title>15 1\/2 x 25 1\/2 Suzuki DF300-DF350 DP ter\u00e4spotkuri\u00a0 \u00a0<\/title>\n<meta name=\"description\" content=\"15 1\/2 x 25 1\/2 Suzuki DF300-DF350 DP ter\u00e4spotkuri .Suzuki DP ter\u00e4spotkurin toimittaa potkureiden erikoisliike-Veneakselisto.com-Suzuki Dual Prop\" \/>\n<meta name=\"robots\" content=\"index, follow, max-snippet:-1, max-image-preview:large, max-video-preview:-1\" \/>\n<link rel=\"canonical\" href=\"https:\/\/veneakselisto.com\/kauppa\/tuote\/15-1-2-x-25-1-2-suzuki-df300-df350-dp-teraspotkuri\/\" \/>\n<meta property=\"og:locale\" content=\"fi_FI\" \/>\n<meta property=\"og:type\" content=\"article\" \/>\n<meta property=\"og:title\" content=\"15 1\/2 x 25 1\/2 Suzuki DF300-DF350 DP ter\u00e4spotkuri\u00a0 \u00a0\" \/>\n<meta property=\"og:description\" content=\"15 1\/2 x 25 1\/2 Suzuki DF300-DF350 DP ter\u00e4spotkuri .Suzuki DP ter\u00e4spotkurin toimittaa potkureiden erikoisliike-Veneakselisto.com-Suzuki Dual Prop\" \/>\n<meta property=\"og:url\" content=\"https:\/\/veneakselisto.com\/kauppa\/tuote\/15-1-2-x-25-1-2-suzuki-df300-df350-dp-teraspotkuri\/\" \/>\n<meta property=\"og:site_name\" content=\"Veneakselisto.com - verkkokauppa\" \/>\n<meta property=\"article:publisher\" content=\"https:\/\/www.facebook.com\/AlaMikkula\/\" \/>\n<meta property=\"article:modified_time\" content=\"2025-11-26T13:36:49+00:00\" \/>\n<meta property=\"og:image\" content=\"https:\/\/veneakselisto.com\/kauppa\/wp-content\/uploads\/2023\/11\/solas-suzuki-DP-3-lap.jpg\" \/>\n\t<meta property=\"og:image:width\" content=\"500\" \/>\n\t<meta property=\"og:image:height\" content=\"500\" \/>\n\t<meta property=\"og:image:type\" content=\"image\/jpeg\" \/>\n<meta name=\"twitter:card\" content=\"summary_large_image\" \/>\n<meta name=\"twitter:label1\" content=\"Arvioitu lukuaika\" \/>\n\t<meta name=\"twitter:data1\" content=\"2 minuuttia\" \/>\n<script type=\"application\/ld+json\" class=\"yoast-schema-graph\">{\"@context\":\"https:\\\/\\\/schema.org\",\"@graph\":[{\"@type\":\"WebPage\",\"@id\":\"https:\\\/\\\/veneakselisto.com\\\/kauppa\\\/tuote\\\/15-1-2-x-25-1-2-suzuki-df300-df350-dp-teraspotkuri\\\/\",\"url\":\"https:\\\/\\\/veneakselisto.com\\\/kauppa\\\/tuote\\\/15-1-2-x-25-1-2-suzuki-df300-df350-dp-teraspotkuri\\\/\",\"name\":\"15 1\\\/2 x 25 1\\\/2 Suzuki DF300-DF350 DP ter\u00e4spotkuri\u00a0 \u00a0\",\"isPartOf\":{\"@id\":\"https:\\\/\\\/veneakselisto.com\\\/kauppa\\\/#website\"},\"primaryImageOfPage\":{\"@id\":\"https:\\\/\\\/veneakselisto.com\\\/kauppa\\\/tuote\\\/15-1-2-x-25-1-2-suzuki-df300-df350-dp-teraspotkuri\\\/#primaryimage\"},\"image\":{\"@id\":\"https:\\\/\\\/veneakselisto.com\\\/kauppa\\\/tuote\\\/15-1-2-x-25-1-2-suzuki-df300-df350-dp-teraspotkuri\\\/#primaryimage\"},\"thumbnailUrl\":\"https:\\\/\\\/i0.wp.com\\\/veneakselisto.com\\\/kauppa\\\/wp-content\\\/uploads\\\/2023\\\/11\\\/solas-suzuki-DP-3-lap.jpg?fit=500%2C500&ssl=1\",\"datePublished\":\"2023-11-29T13:00:02+00:00\",\"dateModified\":\"2025-11-26T13:36:49+00:00\",\"description\":\"15 1\\\/2 x 25 1\\\/2 Suzuki DF300-DF350 DP ter\u00e4spotkuri .Suzuki DP ter\u00e4spotkurin toimittaa potkureiden erikoisliike-Veneakselisto.com-Suzuki Dual Prop\",\"breadcrumb\":{\"@id\":\"https:\\\/\\\/veneakselisto.com\\\/kauppa\\\/tuote\\\/15-1-2-x-25-1-2-suzuki-df300-df350-dp-teraspotkuri\\\/#breadcrumb\"},\"inLanguage\":\"fi\",\"potentialAction\":[{\"@type\":\"ReadAction\",\"target\":[\"https:\\\/\\\/veneakselisto.com\\\/kauppa\\\/tuote\\\/15-1-2-x-25-1-2-suzuki-df300-df350-dp-teraspotkuri\\\/\"]}]},{\"@type\":\"ImageObject\",\"inLanguage\":\"fi\",\"@id\":\"https:\\\/\\\/veneakselisto.com\\\/kauppa\\\/tuote\\\/15-1-2-x-25-1-2-suzuki-df300-df350-dp-teraspotkuri\\\/#primaryimage\",\"url\":\"https:\\\/\\\/i0.wp.com\\\/veneakselisto.com\\\/kauppa\\\/wp-content\\\/uploads\\\/2023\\\/11\\\/solas-suzuki-DP-3-lap.jpg?fit=500%2C500&ssl=1\",\"contentUrl\":\"https:\\\/\\\/i0.wp.com\\\/veneakselisto.com\\\/kauppa\\\/wp-content\\\/uploads\\\/2023\\\/11\\\/solas-suzuki-DP-3-lap.jpg?fit=500%2C500&ssl=1\",\"width\":500,\"height\":500,\"caption\":\"Solas-Suzuki DP 3-lapainen ter\u00e4spotkuri-DF325-Veneakselisto.com\"},{\"@type\":\"BreadcrumbList\",\"@id\":\"https:\\\/\\\/veneakselisto.com\\\/kauppa\\\/tuote\\\/15-1-2-x-25-1-2-suzuki-df300-df350-dp-teraspotkuri\\\/#breadcrumb\",\"itemListElement\":[{\"@type\":\"ListItem\",\"position\":1,\"name\":\"Etusivu\",\"item\":\"https:\\\/\\\/veneakselisto.com\\\/kauppa\\\/\"},{\"@type\":\"ListItem\",\"position\":2,\"name\":\"Kauppa\",\"item\":\"https:\\\/\\\/veneakselisto.com\\\/kauppa\\\/\"},{\"@type\":\"ListItem\",\"position\":3,\"name\":\"15 1\\\/2 x 25 1\\\/2 Suzuki DF300-DF350 DP ter\u00e4spotkuri\u00a0\"}]},{\"@type\":\"WebSite\",\"@id\":\"https:\\\/\\\/veneakselisto.com\\\/kauppa\\\/#website\",\"url\":\"https:\\\/\\\/veneakselisto.com\\\/kauppa\\\/\",\"name\":\"Veneakselisto.com - verkkokauppa\",\"description\":\"Venetarvikkeiden maahantuonti ja myynti\",\"publisher\":{\"@id\":\"https:\\\/\\\/veneakselisto.com\\\/kauppa\\\/#organization\"},\"potentialAction\":[{\"@type\":\"SearchAction\",\"target\":{\"@type\":\"EntryPoint\",\"urlTemplate\":\"https:\\\/\\\/veneakselisto.com\\\/kauppa\\\/?s={search_term_string}\"},\"query-input\":{\"@type\":\"PropertyValueSpecification\",\"valueRequired\":true,\"valueName\":\"search_term_string\"}}],\"inLanguage\":\"fi\"},{\"@type\":\"Organization\",\"@id\":\"https:\\\/\\\/veneakselisto.com\\\/kauppa\\\/#organization\",\"name\":\"Veneakselisto.com verkkokauppa\",\"url\":\"https:\\\/\\\/veneakselisto.com\\\/kauppa\\\/\",\"logo\":{\"@type\":\"ImageObject\",\"inLanguage\":\"fi\",\"@id\":\"https:\\\/\\\/veneakselisto.com\\\/kauppa\\\/#\\\/schema\\\/logo\\\/image\\\/\",\"url\":\"https:\\\/\\\/i2.wp.com\\\/veneakselisto.com\\\/kauppa\\\/wp-content\\\/uploads\\\/2016\\\/06\\\/fb_icon.jpg?fit=327%2C327&ssl=1\",\"contentUrl\":\"https:\\\/\\\/i2.wp.com\\\/veneakselisto.com\\\/kauppa\\\/wp-content\\\/uploads\\\/2016\\\/06\\\/fb_icon.jpg?fit=327%2C327&ssl=1\",\"width\":327,\"height\":327,\"caption\":\"Veneakselisto.com verkkokauppa\"},\"image\":{\"@id\":\"https:\\\/\\\/veneakselisto.com\\\/kauppa\\\/#\\\/schema\\\/logo\\\/image\\\/\"},\"sameAs\":[\"https:\\\/\\\/www.facebook.com\\\/AlaMikkula\\\/\"]}]}<\/script>\n<!-- \/ Yoast SEO plugin. -->","yoast_head_json":{"title":"15 1\/2 x 25 1\/2 Suzuki DF300-DF350 DP ter\u00e4spotkuri\u00a0 \u00a0","description":"15 1\/2 x 25 1\/2 Suzuki DF300-DF350 DP ter\u00e4spotkuri .Suzuki DP ter\u00e4spotkurin toimittaa potkureiden erikoisliike-Veneakselisto.com-Suzuki Dual Prop","robots":{"index":"index","follow":"follow","max-snippet":"max-snippet:-1","max-image-preview":"max-image-preview:large","max-video-preview":"max-video-preview:-1"},"canonical":"https:\/\/veneakselisto.com\/kauppa\/tuote\/15-1-2-x-25-1-2-suzuki-df300-df350-dp-teraspotkuri\/","og_locale":"fi_FI","og_type":"article","og_title":"15 1\/2 x 25 1\/2 Suzuki DF300-DF350 DP ter\u00e4spotkuri\u00a0 \u00a0","og_description":"15 1\/2 x 25 1\/2 Suzuki DF300-DF350 DP ter\u00e4spotkuri .Suzuki DP ter\u00e4spotkurin toimittaa potkureiden erikoisliike-Veneakselisto.com-Suzuki Dual Prop","og_url":"https:\/\/veneakselisto.com\/kauppa\/tuote\/15-1-2-x-25-1-2-suzuki-df300-df350-dp-teraspotkuri\/","og_site_name":"Veneakselisto.com - verkkokauppa","article_publisher":"https:\/\/www.facebook.com\/AlaMikkula\/","article_modified_time":"2025-11-26T13:36:49+00:00","og_image":[{"width":500,"height":500,"url":"https:\/\/veneakselisto.com\/kauppa\/wp-content\/uploads\/2023\/11\/solas-suzuki-DP-3-lap.jpg","type":"image\/jpeg"}],"twitter_card":"summary_large_image","twitter_misc":{"Arvioitu lukuaika":"2 minuuttia"},"schema":{"@context":"https:\/\/schema.org","@graph":[{"@type":"WebPage","@id":"https:\/\/veneakselisto.com\/kauppa\/tuote\/15-1-2-x-25-1-2-suzuki-df300-df350-dp-teraspotkuri\/","url":"https:\/\/veneakselisto.com\/kauppa\/tuote\/15-1-2-x-25-1-2-suzuki-df300-df350-dp-teraspotkuri\/","name":"15 1\/2 x 25 1\/2 Suzuki DF300-DF350 DP ter\u00e4spotkuri\u00a0 \u00a0","isPartOf":{"@id":"https:\/\/veneakselisto.com\/kauppa\/#website"},"primaryImageOfPage":{"@id":"https:\/\/veneakselisto.com\/kauppa\/tuote\/15-1-2-x-25-1-2-suzuki-df300-df350-dp-teraspotkuri\/#primaryimage"},"image":{"@id":"https:\/\/veneakselisto.com\/kauppa\/tuote\/15-1-2-x-25-1-2-suzuki-df300-df350-dp-teraspotkuri\/#primaryimage"},"thumbnailUrl":"https:\/\/i0.wp.com\/veneakselisto.com\/kauppa\/wp-content\/uploads\/2023\/11\/solas-suzuki-DP-3-lap.jpg?fit=500%2C500&ssl=1","datePublished":"2023-11-29T13:00:02+00:00","dateModified":"2025-11-26T13:36:49+00:00","description":"15 1\/2 x 25 1\/2 Suzuki DF300-DF350 DP ter\u00e4spotkuri .Suzuki DP ter\u00e4spotkurin toimittaa potkureiden erikoisliike-Veneakselisto.com-Suzuki Dual Prop","breadcrumb":{"@id":"https:\/\/veneakselisto.com\/kauppa\/tuote\/15-1-2-x-25-1-2-suzuki-df300-df350-dp-teraspotkuri\/#breadcrumb"},"inLanguage":"fi","potentialAction":[{"@type":"ReadAction","target":["https:\/\/veneakselisto.com\/kauppa\/tuote\/15-1-2-x-25-1-2-suzuki-df300-df350-dp-teraspotkuri\/"]}]},{"@type":"ImageObject","inLanguage":"fi","@id":"https:\/\/veneakselisto.com\/kauppa\/tuote\/15-1-2-x-25-1-2-suzuki-df300-df350-dp-teraspotkuri\/#primaryimage","url":"https:\/\/i0.wp.com\/veneakselisto.com\/kauppa\/wp-content\/uploads\/2023\/11\/solas-suzuki-DP-3-lap.jpg?fit=500%2C500&ssl=1","contentUrl":"https:\/\/i0.wp.com\/veneakselisto.com\/kauppa\/wp-content\/uploads\/2023\/11\/solas-suzuki-DP-3-lap.jpg?fit=500%2C500&ssl=1","width":500,"height":500,"caption":"Solas-Suzuki DP 3-lapainen ter\u00e4spotkuri-DF325-Veneakselisto.com"},{"@type":"BreadcrumbList","@id":"https:\/\/veneakselisto.com\/kauppa\/tuote\/15-1-2-x-25-1-2-suzuki-df300-df350-dp-teraspotkuri\/#breadcrumb","itemListElement":[{"@type":"ListItem","position":1,"name":"Etusivu","item":"https:\/\/veneakselisto.com\/kauppa\/"},{"@type":"ListItem","position":2,"name":"Kauppa","item":"https:\/\/veneakselisto.com\/kauppa\/"},{"@type":"ListItem","position":3,"name":"15 1\/2 x 25 1\/2 Suzuki DF300-DF350 DP ter\u00e4spotkuri\u00a0"}]},{"@type":"WebSite","@id":"https:\/\/veneakselisto.com\/kauppa\/#website","url":"https:\/\/veneakselisto.com\/kauppa\/","name":"Veneakselisto.com - verkkokauppa","description":"Venetarvikkeiden maahantuonti ja myynti","publisher":{"@id":"https:\/\/veneakselisto.com\/kauppa\/#organization"},"potentialAction":[{"@type":"SearchAction","target":{"@type":"EntryPoint","urlTemplate":"https:\/\/veneakselisto.com\/kauppa\/?s={search_term_string}"},"query-input":{"@type":"PropertyValueSpecification","valueRequired":true,"valueName":"search_term_string"}}],"inLanguage":"fi"},{"@type":"Organization","@id":"https:\/\/veneakselisto.com\/kauppa\/#organization","name":"Veneakselisto.com verkkokauppa","url":"https:\/\/veneakselisto.com\/kauppa\/","logo":{"@type":"ImageObject","inLanguage":"fi","@id":"https:\/\/veneakselisto.com\/kauppa\/#\/schema\/logo\/image\/","url":"https:\/\/i2.wp.com\/veneakselisto.com\/kauppa\/wp-content\/uploads\/2016\/06\/fb_icon.jpg?fit=327%2C327&ssl=1","contentUrl":"https:\/\/i2.wp.com\/veneakselisto.com\/kauppa\/wp-content\/uploads\/2016\/06\/fb_icon.jpg?fit=327%2C327&ssl=1","width":327,"height":327,"caption":"Veneakselisto.com verkkokauppa"},"image":{"@id":"https:\/\/veneakselisto.com\/kauppa\/#\/schema\/logo\/image\/"},"sameAs":["https:\/\/www.facebook.com\/AlaMikkula\/"]}]}},"jetpack_publicize_connections":[],"jetpack_sharing_enabled":true,"_links":{"self":[{"href":"https:\/\/veneakselisto.com\/kauppa\/wp-json\/wp\/v2\/product\/18256","targetHints":{"allow":["GET"]}}],"collection":[{"href":"https:\/\/veneakselisto.com\/kauppa\/wp-json\/wp\/v2\/product"}],"about":[{"href":"https:\/\/veneakselisto.com\/kauppa\/wp-json\/wp\/v2\/types\/product"}],"replies":[{"embeddable":true,"href":"https:\/\/veneakselisto.com\/kauppa\/wp-json\/wp\/v2\/comments?post=18256"}],"wp:featuredmedia":[{"embeddable":true,"href":"https:\/\/veneakselisto.com\/kauppa\/wp-json\/wp\/v2\/media\/18247"}],"wp:attachment":[{"href":"https:\/\/veneakselisto.com\/kauppa\/wp-json\/wp\/v2\/media?parent=18256"}],"wp:term":[{"taxonomy":"product_brand","embeddable":true,"href":"https:\/\/veneakselisto.com\/kauppa\/wp-json\/wp\/v2\/product_brand?post=18256"},{"taxonomy":"product_cat","embeddable":true,"href":"https:\/\/veneakselisto.com\/kauppa\/wp-json\/wp\/v2\/product_cat?post=18256"},{"taxonomy":"product_tag","embeddable":true,"href":"https:\/\/veneakselisto.com\/kauppa\/wp-json\/wp\/v2\/product_tag?post=18256"}],"curies":[{"name":"wp","href":"https:\/\/api.w.org\/{rel}","templated":true}]}}