{"id":18229,"date":"2023-11-28T15:26:24","date_gmt":"2023-11-28T13:26:24","guid":{"rendered":"https:\/\/veneakselisto.com\/kauppa\/?post_type=product&#038;p=18229"},"modified":"2025-08-12T11:31:31","modified_gmt":"2025-08-12T08:31:31","slug":"14-x-21-203b-4-teraspotkuri-yamaha-150-300-hv","status":"publish","type":"product","link":"https:\/\/veneakselisto.com\/kauppa\/tuote\/14-x-21-203b-4-teraspotkuri-yamaha-150-300-hv\/","title":{"rendered":"14 x 21 203B 4-Ter\u00e4spotkuri Yamaha 150-300 hv"},"content":{"rendered":"<p>14 x 21 203B 4-Ter\u00e4spotkuri Yamaha 150-300 hv<\/p>\n<p>4-lapainen Solas Yamaha ter\u00e4spotkuri<\/p>\n<p>Valmistaja SOLAS Malli Rubex HR4<\/p>\n<p>Korvaa Yamaha &#8220;M&#8221; tai &#8220;T&#8221; sarjan potkurin<\/p>\n<p>Huom! mukana tulee vahvempi RBX-203B irtokeski\u00f6!<\/p>\n<p>Potkurissa on irtokeski RBX203B joka KUULUU HINTAAN ja toimitetaan potkurin mukana!<\/p>\n<p><b>Yamaha 250-300 HP <\/b><br \/>\n\u0095 15 Tooth Spline &#8211; 4-3\/4&#8243; Gearcase &#8211; Thru Hub Exhaust &#8211; Hub Kit: 108-4-203B sis\u00e4ltyy hintaan!<\/p>\n<ul>\n<li>150 HP\/2-Stroke (15 Spline)\/1986 &#8211; Present<\/li>\n<li>150 HP\/F150 4-Stroke (15 Spline)\/2004 &#8211; Present<\/li>\n<li>175 HP\/2-Stroke (15 Spline)\/1984 &#8211; Present<\/li>\n<li>200 HP\/2-Stroke (15 Spline)\/1984 &#8211; Present<\/li>\n<li>200 HP\/F200 4-Stroke (15 Spline)\/2005 &#8211; Present<\/li>\n<li>200 HP\/V MAX (15 Spline)\/2001<\/li>\n<li>220 HP\/Special (15 Spline)\/1987 &#8211; 1988<\/li>\n<li>225 HP\/2-Stroke (15 Spline)\/1986 &#8211; Present<\/li>\n<li>225 HP\/EFI 4-Stroke (15 Spline)\/All Years<\/li>\n<li>225 HP\/Excel (15 Spline)\/1987 &#8211; 1988<\/li>\n<li>225 HP\/F225 4-Stroke (15 Spline)\/2002 &#8211; Present<\/li>\n<li>250 HP\/2-Stroke (15 Spline)\/1990 &#8211; Present<\/li>\n<li>250 HP\/F250 4-Stroke (15 Spline)\/2005 &#8211; Present<\/li>\n<li>250 HP\/VMAX (15 Spline)\/2001<\/li>\n<li>300 HP\/All Models (15 Spline)\/2004 &#8211; Present<\/li>\n<li>300 HP\/HPDI (15 Spline)\/2004 &#8211; Present<\/li>\n<\/ul>\n<p>Solas ter\u00e4spotkuri.<\/p>\n<p>14 x 21 203B 4-Ter\u00e4spotkuri Yamaha 150-300 hv<\/p>\n<p>Solas Rubex-potkurisarja vaihdettavalla irtokeski\u00f6ll\u00e4 . Vaihdettavat keski\u00f6t tarjoavat helpon asennuksen ja poikkeuksellisen tasaisen ajon. Rubex-potkuria on saatavana laajassa valikoimassa kokoja ja malleja, jotka sopivat moniin eri sovelluksiin ja venetyyleihin. Rubex-potkuri k\u00e4ytt\u00e4\u00e4 RBX-napaj\u00e4rjestelm\u00e4\u00e4, joka on vaihdettavissa Flo-Torq- ja Vortex-napojen kanssa. Irtokeski\u00f6sarja sis\u00e4lt\u00e4\u00e4 asennukseen tarvittavat osat moottori mallikohtaisesti.<\/p>\n<p>Hyv\u00e4 tiet\u00e4\u00e4 potkurin valinnassa.<\/p>\n<p>Selvit\u00e4 mik\u00e4 potkuri sinulla on nyt moottorissasi. Potkurin koko lukee potkurin navassa lapojen v\u00e4liss\u00e4 tai potkurin navan p\u00e4\u00e4ss\u00e4. Esim. 13 1\/4 x 17. Ensinm\u00e4inen numero on potkurin halkaisija ja j\u00e4lkinm\u00e4inen on potkurin nousu.<\/p>\n<p>Muutos potkurin nousussa voi lis\u00e4t\u00e4 tai v\u00e4hent\u00e4\u00e4 moottorin kierroslukua. Kahden tuuman (2\u201d) lis\u00e4ys tai v\u00e4hennys potkurin nousuun muuttaa moottorin kierroslukua noin +- 350 rpm. Tarkista my\u00f6s moottorinvalmistajan suosittelema kierroslukualue!<\/p>\n<p>Potkurimyyj\u00e4lle k\u00e4site \u201dvakiopotkuri\u201d on vaikea, sill\u00e4 kaikki potkurivalmistajan valikoimassa olevat potkurit ovat periaatteessa vakiopotkureita. Kahdessa t\u00e4ysin samanlaisessa veneess\u00e4, varustettuna saman tehoisilla moottoreilla, voi potkurit olla eri kokoiset mik\u00e4li veneit\u00e4 ajetaan eri kuormalla. Siksi on eritt\u00e4in t\u00e4rke\u00e4\u00e4 merkit\u00e4 muistiin potkurin koko ja suurin kierrosluku, jonka moottori saavuttaa sek\u00e4 veneen suurin nopeus.<\/p>\n<p>Moottorioston yhteydess\u00e4 moottorin kanssa on yleens\u00e4 toimitettu potkuri, jota kutsutaan \u201cvakiopotkuriksi\u201d. Kooltaan t\u00e4m\u00e4 potkuri on arvioitu sopivan mahdollisimman moneen moottori\/vene yhdistelm\u00e4\u00e4n. Vakiopotkuri ei siis aina ole paras vaihtoehto.<\/p>\n<p>Miksi Solas ter\u00e4spotkuri.<\/p>\n<p>Ostamalla Solas ter\u00e4spotkurin tied\u00e4t saavasi korkean suorituskyvyn ja ensiluokkaisen laadun edullisella hinnalla Solas-potkurien avulla. Laadukkaimmista metalleista ja laajasta valikoimasta erilaisia potkureita koostuva Solas ter\u00e4spotkuri valikoima on yksi veneen potkuriteollisuuden johtavista merkeist\u00e4. Kaksi asiaa, jotka erottavat Solas ter\u00e4spotkurin muista merkeist\u00e4, ovat ainutlaatuinen valuprosessi, joka auttaa tuottamaan vahvempia, ohuempia ja sile\u00e4mpi\u00e4 teri\u00e4, ja niiden erityisesti suunnitellut, kumimallilliset kahdeksankulmaiset navat, jotka lis\u00e4\u00e4v\u00e4t t\u00e4rin\u00e4n vaimennusta ja v\u00e4hent\u00e4v\u00e4t liukumista.<\/p>\n<p>Yamaha Ter\u00e4spotkuri<\/p>\n<p>Rst potkuri Yamaha<\/p>\n<p>&nbsp;<\/p>\n","protected":false},"excerpt":{"rendered":"<p>14 x 21 203B 4-Ter\u00e4spotkuri Yamaha 150-300 hv<\/p>\n<p>4-lapainen Solas Yamaha ter\u00e4spotkuri<\/p>\n<p>Valmistaja SOLAS Malli Rubex HR4<\/p>\n<p>Huom! mukana tulee vahvempiRBX-203B irtokeski\u00f6!<\/p>\n<p>Potkurissa on irtokeski RBX203B joka KUULUU HINTAAN ja toimitetaan potkurin mukana!<\/p>\n<p>Valmistaja Solas<\/p>\n<p>Verkkokauppatuote. Toimitus 1-4 pv normaalisti.<\/p>\n<p><strong>Alumiini vai ter\u00e4spotkuri?<\/strong> Useimmat veneet toimitetaan alumiinipotkurilla. Alumiinipotkurit ovat suhteellisen edullisia ja kest\u00e4v\u00e4t normaaliolosuhteissa useita vuosia. Ter\u00e4spotkurit ovat kalliimpia mutta paljon vahvempia ja kest\u00e4v\u00e4mpi\u00e4 kuin alumiinipotkurit. Jos kaipaat parempaa suorituskyky\u00e4 kuten huippunopeutta ja kiihtyvyytt\u00e4 kannattaa harkita ter\u00e4spotkurin hankintaa.<\/p>\n","protected":false},"featured_media":18230,"comment_status":"open","ping_status":"closed","template":"","meta":{"jetpack_post_was_ever_published":false,"jetpack_publicize_message":"","jetpack_publicize_feature_enabled":true,"jetpack_social_post_already_shared":true,"jetpack_social_options":{"image_generator_settings":{"template":"highway","default_image_id":0,"font":"","enabled":false},"version":2}},"product_brand":[],"product_cat":[18,1307,1309],"product_tag":[1119,1122,388],"class_list":{"0":"post-18229","1":"product","2":"type-product","3":"status-publish","4":"has-post-thumbnail","6":"product_cat-potkurit","7":"product_cat-solas_teraspotkuri_peramoottorin_potkuri","8":"product_cat-yamaha_teraspotkuri_potkuri","9":"product_tag-rst-potkuri","10":"product_tag-teraspotkuri","11":"product_tag-yamaha","12":"brand-solas","14":"first","15":"instock","16":"sale","17":"taxable","18":"shipping-taxable","19":"purchasable","20":"product-type-simple"},"yoast_head":"<!-- This site is optimized with the Yoast SEO plugin v27.3 - https:\/\/yoast.com\/product\/yoast-seo-wordpress\/ -->\n<title>14 x 21 203B 4-Ter\u00e4spotkuri Yamaha 150-300 hv-veneakselis<\/title>\n<meta name=\"description\" content=\"14 x 21 203B 4-Ter\u00e4spotkuri Yamaha 150-300 hv. Ter\u00e4spotkurit toimittaa potkureiden erikoisliike-Veneakselisto.com-Ter\u00e4spotkuri\" \/>\n<meta name=\"robots\" content=\"index, follow, max-snippet:-1, max-image-preview:large, max-video-preview:-1\" \/>\n<link rel=\"canonical\" href=\"https:\/\/veneakselisto.com\/kauppa\/tuote\/14-x-21-203b-4-teraspotkuri-yamaha-150-300-hv\/\" \/>\n<meta property=\"og:locale\" content=\"fi_FI\" \/>\n<meta property=\"og:type\" content=\"article\" \/>\n<meta property=\"og:title\" content=\"14 x 21 203B 4-Ter\u00e4spotkuri Yamaha 150-300 hv-veneakselis\" \/>\n<meta property=\"og:description\" content=\"14 x 21 203B 4-Ter\u00e4spotkuri Yamaha 150-300 hv. Ter\u00e4spotkurit toimittaa potkureiden erikoisliike-Veneakselisto.com-Ter\u00e4spotkuri\" \/>\n<meta property=\"og:url\" content=\"https:\/\/veneakselisto.com\/kauppa\/tuote\/14-x-21-203b-4-teraspotkuri-yamaha-150-300-hv\/\" \/>\n<meta property=\"og:site_name\" content=\"Veneakselisto.com - verkkokauppa\" \/>\n<meta property=\"article:publisher\" content=\"https:\/\/www.facebook.com\/AlaMikkula\/\" \/>\n<meta property=\"article:modified_time\" content=\"2025-08-12T08:31:31+00:00\" \/>\n<meta property=\"og:image\" content=\"https:\/\/veneakselisto.com\/kauppa\/wp-content\/uploads\/2023\/11\/Rubex-4-lapainen-teras.jpg\" \/>\n\t<meta property=\"og:image:width\" content=\"500\" \/>\n\t<meta property=\"og:image:height\" content=\"500\" \/>\n\t<meta property=\"og:image:type\" content=\"image\/jpeg\" \/>\n<meta name=\"twitter:card\" content=\"summary_large_image\" \/>\n<meta name=\"twitter:label1\" content=\"Arvioitu lukuaika\" \/>\n\t<meta name=\"twitter:data1\" content=\"3 minuuttia\" \/>\n<script type=\"application\/ld+json\" class=\"yoast-schema-graph\">{\"@context\":\"https:\\\/\\\/schema.org\",\"@graph\":[{\"@type\":\"WebPage\",\"@id\":\"https:\\\/\\\/veneakselisto.com\\\/kauppa\\\/tuote\\\/14-x-21-203b-4-teraspotkuri-yamaha-150-300-hv\\\/\",\"url\":\"https:\\\/\\\/veneakselisto.com\\\/kauppa\\\/tuote\\\/14-x-21-203b-4-teraspotkuri-yamaha-150-300-hv\\\/\",\"name\":\"14 x 21 203B 4-Ter\u00e4spotkuri Yamaha 150-300 hv-veneakselis\",\"isPartOf\":{\"@id\":\"https:\\\/\\\/veneakselisto.com\\\/kauppa\\\/#website\"},\"primaryImageOfPage\":{\"@id\":\"https:\\\/\\\/veneakselisto.com\\\/kauppa\\\/tuote\\\/14-x-21-203b-4-teraspotkuri-yamaha-150-300-hv\\\/#primaryimage\"},\"image\":{\"@id\":\"https:\\\/\\\/veneakselisto.com\\\/kauppa\\\/tuote\\\/14-x-21-203b-4-teraspotkuri-yamaha-150-300-hv\\\/#primaryimage\"},\"thumbnailUrl\":\"https:\\\/\\\/i0.wp.com\\\/veneakselisto.com\\\/kauppa\\\/wp-content\\\/uploads\\\/2023\\\/11\\\/Rubex-4-lapainen-teras.jpg?fit=500%2C500&ssl=1\",\"datePublished\":\"2023-11-28T13:26:24+00:00\",\"dateModified\":\"2025-08-12T08:31:31+00:00\",\"description\":\"14 x 21 203B 4-Ter\u00e4spotkuri Yamaha 150-300 hv. Ter\u00e4spotkurit toimittaa potkureiden erikoisliike-Veneakselisto.com-Ter\u00e4spotkuri\",\"breadcrumb\":{\"@id\":\"https:\\\/\\\/veneakselisto.com\\\/kauppa\\\/tuote\\\/14-x-21-203b-4-teraspotkuri-yamaha-150-300-hv\\\/#breadcrumb\"},\"inLanguage\":\"fi\",\"potentialAction\":[{\"@type\":\"ReadAction\",\"target\":[\"https:\\\/\\\/veneakselisto.com\\\/kauppa\\\/tuote\\\/14-x-21-203b-4-teraspotkuri-yamaha-150-300-hv\\\/\"]}]},{\"@type\":\"ImageObject\",\"inLanguage\":\"fi\",\"@id\":\"https:\\\/\\\/veneakselisto.com\\\/kauppa\\\/tuote\\\/14-x-21-203b-4-teraspotkuri-yamaha-150-300-hv\\\/#primaryimage\",\"url\":\"https:\\\/\\\/i0.wp.com\\\/veneakselisto.com\\\/kauppa\\\/wp-content\\\/uploads\\\/2023\\\/11\\\/Rubex-4-lapainen-teras.jpg?fit=500%2C500&ssl=1\",\"contentUrl\":\"https:\\\/\\\/i0.wp.com\\\/veneakselisto.com\\\/kauppa\\\/wp-content\\\/uploads\\\/2023\\\/11\\\/Rubex-4-lapainen-teras.jpg?fit=500%2C500&ssl=1\",\"width\":500,\"height\":500,\"caption\":\"Solas-Rubex-4-lapainen-Honda-ter\u00e4spotkuri-Ter\u00e4spotkureiden erikoisliike-Veneakselisto.fi\"},{\"@type\":\"BreadcrumbList\",\"@id\":\"https:\\\/\\\/veneakselisto.com\\\/kauppa\\\/tuote\\\/14-x-21-203b-4-teraspotkuri-yamaha-150-300-hv\\\/#breadcrumb\",\"itemListElement\":[{\"@type\":\"ListItem\",\"position\":1,\"name\":\"Etusivu\",\"item\":\"https:\\\/\\\/veneakselisto.com\\\/kauppa\\\/\"},{\"@type\":\"ListItem\",\"position\":2,\"name\":\"Kauppa\",\"item\":\"https:\\\/\\\/veneakselisto.com\\\/kauppa\\\/\"},{\"@type\":\"ListItem\",\"position\":3,\"name\":\"14 x 21 203B 4-Ter\u00e4spotkuri Yamaha 150-300 hv\"}]},{\"@type\":\"WebSite\",\"@id\":\"https:\\\/\\\/veneakselisto.com\\\/kauppa\\\/#website\",\"url\":\"https:\\\/\\\/veneakselisto.com\\\/kauppa\\\/\",\"name\":\"Veneakselisto.com - verkkokauppa\",\"description\":\"Venetarvikkeiden maahantuonti ja myynti\",\"publisher\":{\"@id\":\"https:\\\/\\\/veneakselisto.com\\\/kauppa\\\/#organization\"},\"potentialAction\":[{\"@type\":\"SearchAction\",\"target\":{\"@type\":\"EntryPoint\",\"urlTemplate\":\"https:\\\/\\\/veneakselisto.com\\\/kauppa\\\/?s={search_term_string}\"},\"query-input\":{\"@type\":\"PropertyValueSpecification\",\"valueRequired\":true,\"valueName\":\"search_term_string\"}}],\"inLanguage\":\"fi\"},{\"@type\":\"Organization\",\"@id\":\"https:\\\/\\\/veneakselisto.com\\\/kauppa\\\/#organization\",\"name\":\"Veneakselisto.com verkkokauppa\",\"url\":\"https:\\\/\\\/veneakselisto.com\\\/kauppa\\\/\",\"logo\":{\"@type\":\"ImageObject\",\"inLanguage\":\"fi\",\"@id\":\"https:\\\/\\\/veneakselisto.com\\\/kauppa\\\/#\\\/schema\\\/logo\\\/image\\\/\",\"url\":\"https:\\\/\\\/i2.wp.com\\\/veneakselisto.com\\\/kauppa\\\/wp-content\\\/uploads\\\/2016\\\/06\\\/fb_icon.jpg?fit=327%2C327&ssl=1\",\"contentUrl\":\"https:\\\/\\\/i2.wp.com\\\/veneakselisto.com\\\/kauppa\\\/wp-content\\\/uploads\\\/2016\\\/06\\\/fb_icon.jpg?fit=327%2C327&ssl=1\",\"width\":327,\"height\":327,\"caption\":\"Veneakselisto.com verkkokauppa\"},\"image\":{\"@id\":\"https:\\\/\\\/veneakselisto.com\\\/kauppa\\\/#\\\/schema\\\/logo\\\/image\\\/\"},\"sameAs\":[\"https:\\\/\\\/www.facebook.com\\\/AlaMikkula\\\/\"]}]}<\/script>\n<!-- \/ Yoast SEO plugin. -->","yoast_head_json":{"title":"14 x 21 203B 4-Ter\u00e4spotkuri Yamaha 150-300 hv-veneakselis","description":"14 x 21 203B 4-Ter\u00e4spotkuri Yamaha 150-300 hv. Ter\u00e4spotkurit toimittaa potkureiden erikoisliike-Veneakselisto.com-Ter\u00e4spotkuri","robots":{"index":"index","follow":"follow","max-snippet":"max-snippet:-1","max-image-preview":"max-image-preview:large","max-video-preview":"max-video-preview:-1"},"canonical":"https:\/\/veneakselisto.com\/kauppa\/tuote\/14-x-21-203b-4-teraspotkuri-yamaha-150-300-hv\/","og_locale":"fi_FI","og_type":"article","og_title":"14 x 21 203B 4-Ter\u00e4spotkuri Yamaha 150-300 hv-veneakselis","og_description":"14 x 21 203B 4-Ter\u00e4spotkuri Yamaha 150-300 hv. Ter\u00e4spotkurit toimittaa potkureiden erikoisliike-Veneakselisto.com-Ter\u00e4spotkuri","og_url":"https:\/\/veneakselisto.com\/kauppa\/tuote\/14-x-21-203b-4-teraspotkuri-yamaha-150-300-hv\/","og_site_name":"Veneakselisto.com - verkkokauppa","article_publisher":"https:\/\/www.facebook.com\/AlaMikkula\/","article_modified_time":"2025-08-12T08:31:31+00:00","og_image":[{"width":500,"height":500,"url":"https:\/\/veneakselisto.com\/kauppa\/wp-content\/uploads\/2023\/11\/Rubex-4-lapainen-teras.jpg","type":"image\/jpeg"}],"twitter_card":"summary_large_image","twitter_misc":{"Arvioitu lukuaika":"3 minuuttia"},"schema":{"@context":"https:\/\/schema.org","@graph":[{"@type":"WebPage","@id":"https:\/\/veneakselisto.com\/kauppa\/tuote\/14-x-21-203b-4-teraspotkuri-yamaha-150-300-hv\/","url":"https:\/\/veneakselisto.com\/kauppa\/tuote\/14-x-21-203b-4-teraspotkuri-yamaha-150-300-hv\/","name":"14 x 21 203B 4-Ter\u00e4spotkuri Yamaha 150-300 hv-veneakselis","isPartOf":{"@id":"https:\/\/veneakselisto.com\/kauppa\/#website"},"primaryImageOfPage":{"@id":"https:\/\/veneakselisto.com\/kauppa\/tuote\/14-x-21-203b-4-teraspotkuri-yamaha-150-300-hv\/#primaryimage"},"image":{"@id":"https:\/\/veneakselisto.com\/kauppa\/tuote\/14-x-21-203b-4-teraspotkuri-yamaha-150-300-hv\/#primaryimage"},"thumbnailUrl":"https:\/\/i0.wp.com\/veneakselisto.com\/kauppa\/wp-content\/uploads\/2023\/11\/Rubex-4-lapainen-teras.jpg?fit=500%2C500&ssl=1","datePublished":"2023-11-28T13:26:24+00:00","dateModified":"2025-08-12T08:31:31+00:00","description":"14 x 21 203B 4-Ter\u00e4spotkuri Yamaha 150-300 hv. Ter\u00e4spotkurit toimittaa potkureiden erikoisliike-Veneakselisto.com-Ter\u00e4spotkuri","breadcrumb":{"@id":"https:\/\/veneakselisto.com\/kauppa\/tuote\/14-x-21-203b-4-teraspotkuri-yamaha-150-300-hv\/#breadcrumb"},"inLanguage":"fi","potentialAction":[{"@type":"ReadAction","target":["https:\/\/veneakselisto.com\/kauppa\/tuote\/14-x-21-203b-4-teraspotkuri-yamaha-150-300-hv\/"]}]},{"@type":"ImageObject","inLanguage":"fi","@id":"https:\/\/veneakselisto.com\/kauppa\/tuote\/14-x-21-203b-4-teraspotkuri-yamaha-150-300-hv\/#primaryimage","url":"https:\/\/i0.wp.com\/veneakselisto.com\/kauppa\/wp-content\/uploads\/2023\/11\/Rubex-4-lapainen-teras.jpg?fit=500%2C500&ssl=1","contentUrl":"https:\/\/i0.wp.com\/veneakselisto.com\/kauppa\/wp-content\/uploads\/2023\/11\/Rubex-4-lapainen-teras.jpg?fit=500%2C500&ssl=1","width":500,"height":500,"caption":"Solas-Rubex-4-lapainen-Honda-ter\u00e4spotkuri-Ter\u00e4spotkureiden erikoisliike-Veneakselisto.fi"},{"@type":"BreadcrumbList","@id":"https:\/\/veneakselisto.com\/kauppa\/tuote\/14-x-21-203b-4-teraspotkuri-yamaha-150-300-hv\/#breadcrumb","itemListElement":[{"@type":"ListItem","position":1,"name":"Etusivu","item":"https:\/\/veneakselisto.com\/kauppa\/"},{"@type":"ListItem","position":2,"name":"Kauppa","item":"https:\/\/veneakselisto.com\/kauppa\/"},{"@type":"ListItem","position":3,"name":"14 x 21 203B 4-Ter\u00e4spotkuri Yamaha 150-300 hv"}]},{"@type":"WebSite","@id":"https:\/\/veneakselisto.com\/kauppa\/#website","url":"https:\/\/veneakselisto.com\/kauppa\/","name":"Veneakselisto.com - verkkokauppa","description":"Venetarvikkeiden maahantuonti ja myynti","publisher":{"@id":"https:\/\/veneakselisto.com\/kauppa\/#organization"},"potentialAction":[{"@type":"SearchAction","target":{"@type":"EntryPoint","urlTemplate":"https:\/\/veneakselisto.com\/kauppa\/?s={search_term_string}"},"query-input":{"@type":"PropertyValueSpecification","valueRequired":true,"valueName":"search_term_string"}}],"inLanguage":"fi"},{"@type":"Organization","@id":"https:\/\/veneakselisto.com\/kauppa\/#organization","name":"Veneakselisto.com verkkokauppa","url":"https:\/\/veneakselisto.com\/kauppa\/","logo":{"@type":"ImageObject","inLanguage":"fi","@id":"https:\/\/veneakselisto.com\/kauppa\/#\/schema\/logo\/image\/","url":"https:\/\/i2.wp.com\/veneakselisto.com\/kauppa\/wp-content\/uploads\/2016\/06\/fb_icon.jpg?fit=327%2C327&ssl=1","contentUrl":"https:\/\/i2.wp.com\/veneakselisto.com\/kauppa\/wp-content\/uploads\/2016\/06\/fb_icon.jpg?fit=327%2C327&ssl=1","width":327,"height":327,"caption":"Veneakselisto.com verkkokauppa"},"image":{"@id":"https:\/\/veneakselisto.com\/kauppa\/#\/schema\/logo\/image\/"},"sameAs":["https:\/\/www.facebook.com\/AlaMikkula\/"]}]}},"jetpack_publicize_connections":[],"jetpack_sharing_enabled":true,"_links":{"self":[{"href":"https:\/\/veneakselisto.com\/kauppa\/wp-json\/wp\/v2\/product\/18229","targetHints":{"allow":["GET"]}}],"collection":[{"href":"https:\/\/veneakselisto.com\/kauppa\/wp-json\/wp\/v2\/product"}],"about":[{"href":"https:\/\/veneakselisto.com\/kauppa\/wp-json\/wp\/v2\/types\/product"}],"replies":[{"embeddable":true,"href":"https:\/\/veneakselisto.com\/kauppa\/wp-json\/wp\/v2\/comments?post=18229"}],"wp:featuredmedia":[{"embeddable":true,"href":"https:\/\/veneakselisto.com\/kauppa\/wp-json\/wp\/v2\/media\/18230"}],"wp:attachment":[{"href":"https:\/\/veneakselisto.com\/kauppa\/wp-json\/wp\/v2\/media?parent=18229"}],"wp:term":[{"taxonomy":"product_brand","embeddable":true,"href":"https:\/\/veneakselisto.com\/kauppa\/wp-json\/wp\/v2\/product_brand?post=18229"},{"taxonomy":"product_cat","embeddable":true,"href":"https:\/\/veneakselisto.com\/kauppa\/wp-json\/wp\/v2\/product_cat?post=18229"},{"taxonomy":"product_tag","embeddable":true,"href":"https:\/\/veneakselisto.com\/kauppa\/wp-json\/wp\/v2\/product_tag?post=18229"}],"curies":[{"name":"wp","href":"https:\/\/api.w.org\/{rel}","templated":true}]}}