{"id":18099,"date":"2023-11-21T09:24:08","date_gmt":"2023-11-21T07:24:08","guid":{"rendered":"https:\/\/veneakselisto.com\/kauppa\/?post_type=product&#038;p=18099"},"modified":"2025-07-28T09:26:26","modified_gmt":"2025-07-28T06:26:26","slug":"11-5-8x11-solas-115-teraspotkuri-suzuki-35-65-hv","status":"publish","type":"product","link":"https:\/\/veneakselisto.com\/kauppa\/tuote\/11-5-8x11-solas-115-teraspotkuri-suzuki-35-65-hv\/","title":{"rendered":"11 5\/8&#215;11 Solas 115 ter\u00e4spotkuri Suzuki 35-65 hv"},"content":{"rendered":"<p>11 5\/8&#215;11 Solas 115 ter\u00e4spotkuri Suzuki 35-65 hv<\/p>\n<p>Valmistaja Solas malli Rubex<\/p>\n<p>Potkurisssa irtokeski\u00f6 RBX-115 joka KUULUU HINTAAN!<\/p>\n<p><b>Suzuki 35-65 HP <\/b><br \/>\n\u009513 Tooth Spline &#8211; 3-1\/4&#8243; Gearcase &#8211; Thru Hub Exhaust &#8211;<\/p>\n<p>DT 35C 1987-89<br \/>\nDT 40 1983-98<br \/>\nDF 40 4-Stroke 1999-10<br \/>\nDF 40A 4-Stroke 2010-<br \/>\nDT 50 &amp; 50M 1983-84<br \/>\nDF 50 4-Stroke 1999-2010<br \/>\nDF 50 A 4-Stroke (Not 50AV) 2010-<br \/>\nDT 55 1985-97<br \/>\nDT 60 1983-84<br \/>\nDF 60A 4-Stroke (Not 60AV) 2010-<br \/>\nDT 65 1985-87<\/p>\n<p>Solas ter\u00e4spotkuri<\/p>\n<p>Hyv\u00e4 tiet\u00e4\u00e4 potkurin valinnassa.<\/p>\n<p>Selvit\u00e4 mik\u00e4 potkuri sinulla on nyt moottorissasi. Potkurin koko lukee potkurin navassa lapojen v\u00e4liss\u00e4 tai potkurin navan p\u00e4\u00e4ss\u00e4. Esim. 13 1\/4 x 17. Ensinm\u00e4inen numero on potkurin halkaisija ja j\u00e4lkinm\u00e4inen on potkurin nousu.<\/p>\n<p>Muutos potkurin nousussa voi lis\u00e4t\u00e4 tai v\u00e4hent\u00e4\u00e4 moottorin kierroslukua. Kahden tuuman (2\u201d) lis\u00e4ys tai v\u00e4hennys potkurin nousuun muuttaa moottorin kierroslukua noin +- 350 rpm. Tarkista my\u00f6s moottorinvalmistajan suosittelema kierroslukualue!<\/p>\n<p>Potkurimyyj\u00e4lle k\u00e4site \u201dvakiopotkuri\u201d on vaikea, sill\u00e4 kaikki potkurivalmistajan valikoimassa olevat potkurit ovat periaatteessa vakiopotkureita. Kahdessa t\u00e4ysin samanlaisessa veneess\u00e4, varustettuna saman tehoisilla moottoreilla, voi potkurit olla eri kokoiset mik\u00e4li veneit\u00e4 ajetaan eri kuormalla. Siksi on eritt\u00e4in t\u00e4rke\u00e4\u00e4 merkit\u00e4 muistiin potkurin koko ja suurin kierrosluku, jonka moottori saavuttaa sek\u00e4 veneen suurin nopeus.<\/p>\n<p>Moottorioston yhteydess\u00e4 moottorin kanssa on yleens\u00e4 toimitettu potkuri, jota kutsutaan \u201cvakiopotkuriksi\u201d. Kooltaan t\u00e4m\u00e4 potkuri on arvioitu sopivan mahdollisimman moneen moottori\/vene yhdistelm\u00e4\u00e4n. Vakiopotkuri ei siis aina ole paras vaihtoehto.<\/p>\n<p>Ostamalla Solas ter\u00e4spotkurin tied\u00e4t saavasi korkean suorituskyvyn ja ensiluokkaisen laadun edullisella hinnalla Solas-potkurien avulla. Laadukkaimmista metalleista ja laajasta valikoimasta erilaisia potkureita koostuva Solas ter\u00e4spotkuri valikoima on yksi veneen potkuriteollisuuden johtavista merkeist\u00e4. Kaksi asiaa, jotka erottavat Solas ter\u00e4spotkurin muista merkeist\u00e4, ovat ainutlaatuinen valuprosessi, joka auttaa tuottamaan vahvempia, ohuempia ja sile\u00e4mpi\u00e4 teri\u00e4, ja niiden erityisesti suunnitellut, kumimallilliset kahdeksankulmaiset navat, jotka lis\u00e4\u00e4v\u00e4t t\u00e4rin\u00e4n vaimennusta ja v\u00e4hent\u00e4v\u00e4t liukumista.<\/p>\n<p>11 5\/8&#215;11 Solas 115 ter\u00e4spotkuri Suzuki 35-65 hv<\/p>\n","protected":false},"excerpt":{"rendered":"<p>11 5\/8&#215;11 Solas 115 ter\u00e4spotkuri Suzuki 35-65 hv<\/p>\n<p>Valmistaja Solas malli Rubex<\/p>\n<p>Potkurisssa irtokeski\u00f6 RBX-115 joka KUULUU HINTAAN!<\/p>\n<p><b>Suzuki 35-65 HP <\/b><br \/>\n\u009513 Tooth Spline &#8211; 3-1\/4&#8243; Gearcase &#8211; Thru Hub Exhaust &#8211;<\/p>\n<p>Katso tarkempi sopivuus alta.<\/p>\n<p>Verkkokauppa tuote. Toimitusaika 1-4pv normaalisti.<\/p>\n","protected":false},"featured_media":18097,"comment_status":"open","ping_status":"closed","template":"","meta":{"jetpack_post_was_ever_published":false,"jetpack_publicize_message":"","jetpack_publicize_feature_enabled":true,"jetpack_social_post_already_shared":true,"jetpack_social_options":{"image_generator_settings":{"template":"highway","default_image_id":0,"font":"","enabled":false},"version":2}},"product_brand":[],"product_cat":[18,1307,1312],"product_tag":[1124,1123,1119,418,1122],"class_list":{"0":"post-18099","1":"product","2":"type-product","3":"status-publish","4":"has-post-thumbnail","6":"product_cat-potkurit","7":"product_cat-solas_teraspotkuri_peramoottorin_potkuri","8":"product_cat-suzuki_teraspotkuri","9":"product_tag-df","10":"product_tag-dt","11":"product_tag-rst-potkuri","12":"product_tag-suzuki","13":"product_tag-teraspotkuri","14":"brand-solas","16":"first","17":"instock","18":"sale","19":"taxable","20":"shipping-taxable","21":"purchasable","22":"product-type-simple"},"yoast_head":"<!-- This site is optimized with the Yoast SEO plugin v27.4 - https:\/\/yoast.com\/product\/yoast-seo-wordpress\/ -->\n<title>11 5\/8x11 Solas 115 ter\u00e4spotkuri Suzuki 35-65 hv -Veneakselisto<\/title>\n<meta name=\"description\" content=\"11 5\/8x11 Solas 115 ter\u00e4spotkuri Suzuki 35-65 hv. Suzuki Solas ter\u00e4spotkurit toimittaa ter\u00e4spotkureiden erikoisliike-Veneakselisto.com-maahantuonti.\" \/>\n<meta name=\"robots\" content=\"index, follow, max-snippet:-1, max-image-preview:large, max-video-preview:-1\" \/>\n<link rel=\"canonical\" href=\"https:\/\/veneakselisto.com\/kauppa\/tuote\/11-5-8x11-solas-115-teraspotkuri-suzuki-35-65-hv\/\" \/>\n<meta property=\"og:locale\" content=\"fi_FI\" \/>\n<meta property=\"og:type\" content=\"article\" \/>\n<meta property=\"og:title\" content=\"11 5\/8x11 Solas 115 ter\u00e4spotkuri Suzuki 35-65 hv -Veneakselisto\" \/>\n<meta property=\"og:description\" content=\"11 5\/8x11 Solas 115 ter\u00e4spotkuri Suzuki 35-65 hv. Suzuki Solas ter\u00e4spotkurit toimittaa ter\u00e4spotkureiden erikoisliike-Veneakselisto.com-maahantuonti.\" \/>\n<meta property=\"og:url\" content=\"https:\/\/veneakselisto.com\/kauppa\/tuote\/11-5-8x11-solas-115-teraspotkuri-suzuki-35-65-hv\/\" \/>\n<meta property=\"og:site_name\" content=\"Veneakselisto.com - verkkokauppa\" \/>\n<meta property=\"article:publisher\" content=\"https:\/\/www.facebook.com\/AlaMikkula\/\" \/>\n<meta property=\"article:modified_time\" content=\"2025-07-28T06:26:26+00:00\" \/>\n<meta property=\"og:image\" content=\"https:\/\/veneakselisto.com\/kauppa\/wp-content\/uploads\/2023\/11\/Suzuki-Rubex-teraspotkuri.jpg\" \/>\n\t<meta property=\"og:image:width\" content=\"500\" \/>\n\t<meta property=\"og:image:height\" content=\"500\" \/>\n\t<meta property=\"og:image:type\" content=\"image\/jpeg\" \/>\n<meta name=\"twitter:card\" content=\"summary_large_image\" \/>\n<meta name=\"twitter:label1\" content=\"Arvioitu lukuaika\" \/>\n\t<meta name=\"twitter:data1\" content=\"2 minuuttia\" \/>\n<script type=\"application\/ld+json\" class=\"yoast-schema-graph\">{\"@context\":\"https:\\\/\\\/schema.org\",\"@graph\":[{\"@type\":\"WebPage\",\"@id\":\"https:\\\/\\\/veneakselisto.com\\\/kauppa\\\/tuote\\\/11-5-8x11-solas-115-teraspotkuri-suzuki-35-65-hv\\\/\",\"url\":\"https:\\\/\\\/veneakselisto.com\\\/kauppa\\\/tuote\\\/11-5-8x11-solas-115-teraspotkuri-suzuki-35-65-hv\\\/\",\"name\":\"11 5\\\/8x11 Solas 115 ter\u00e4spotkuri Suzuki 35-65 hv -Veneakselisto\",\"isPartOf\":{\"@id\":\"https:\\\/\\\/veneakselisto.com\\\/kauppa\\\/#website\"},\"primaryImageOfPage\":{\"@id\":\"https:\\\/\\\/veneakselisto.com\\\/kauppa\\\/tuote\\\/11-5-8x11-solas-115-teraspotkuri-suzuki-35-65-hv\\\/#primaryimage\"},\"image\":{\"@id\":\"https:\\\/\\\/veneakselisto.com\\\/kauppa\\\/tuote\\\/11-5-8x11-solas-115-teraspotkuri-suzuki-35-65-hv\\\/#primaryimage\"},\"thumbnailUrl\":\"https:\\\/\\\/i0.wp.com\\\/veneakselisto.com\\\/kauppa\\\/wp-content\\\/uploads\\\/2023\\\/11\\\/Suzuki-Rubex-teraspotkuri.jpg?fit=500%2C500&ssl=1\",\"datePublished\":\"2023-11-21T07:24:08+00:00\",\"dateModified\":\"2025-07-28T06:26:26+00:00\",\"description\":\"11 5\\\/8x11 Solas 115 ter\u00e4spotkuri Suzuki 35-65 hv. Suzuki Solas ter\u00e4spotkurit toimittaa ter\u00e4spotkureiden erikoisliike-Veneakselisto.com-maahantuonti.\",\"breadcrumb\":{\"@id\":\"https:\\\/\\\/veneakselisto.com\\\/kauppa\\\/tuote\\\/11-5-8x11-solas-115-teraspotkuri-suzuki-35-65-hv\\\/#breadcrumb\"},\"inLanguage\":\"fi\",\"potentialAction\":[{\"@type\":\"ReadAction\",\"target\":[\"https:\\\/\\\/veneakselisto.com\\\/kauppa\\\/tuote\\\/11-5-8x11-solas-115-teraspotkuri-suzuki-35-65-hv\\\/\"]}]},{\"@type\":\"ImageObject\",\"inLanguage\":\"fi\",\"@id\":\"https:\\\/\\\/veneakselisto.com\\\/kauppa\\\/tuote\\\/11-5-8x11-solas-115-teraspotkuri-suzuki-35-65-hv\\\/#primaryimage\",\"url\":\"https:\\\/\\\/i0.wp.com\\\/veneakselisto.com\\\/kauppa\\\/wp-content\\\/uploads\\\/2023\\\/11\\\/Suzuki-Rubex-teraspotkuri.jpg?fit=500%2C500&ssl=1\",\"contentUrl\":\"https:\\\/\\\/i0.wp.com\\\/veneakselisto.com\\\/kauppa\\\/wp-content\\\/uploads\\\/2023\\\/11\\\/Suzuki-Rubex-teraspotkuri.jpg?fit=500%2C500&ssl=1\",\"width\":500,\"height\":500,\"caption\":\"Suzuki-Rubex-ter\u00e4spotkuri-potkureiden erikoisliike-Veneakselisto.com\"},{\"@type\":\"BreadcrumbList\",\"@id\":\"https:\\\/\\\/veneakselisto.com\\\/kauppa\\\/tuote\\\/11-5-8x11-solas-115-teraspotkuri-suzuki-35-65-hv\\\/#breadcrumb\",\"itemListElement\":[{\"@type\":\"ListItem\",\"position\":1,\"name\":\"Etusivu\",\"item\":\"https:\\\/\\\/veneakselisto.com\\\/kauppa\\\/\"},{\"@type\":\"ListItem\",\"position\":2,\"name\":\"Kauppa\",\"item\":\"https:\\\/\\\/veneakselisto.com\\\/kauppa\\\/\"},{\"@type\":\"ListItem\",\"position\":3,\"name\":\"11 5\\\/8&#215;11 Solas 115 ter\u00e4spotkuri Suzuki 35-65 hv\"}]},{\"@type\":\"WebSite\",\"@id\":\"https:\\\/\\\/veneakselisto.com\\\/kauppa\\\/#website\",\"url\":\"https:\\\/\\\/veneakselisto.com\\\/kauppa\\\/\",\"name\":\"Veneakselisto.com - verkkokauppa\",\"description\":\"Venetarvikkeiden maahantuonti ja myynti\",\"publisher\":{\"@id\":\"https:\\\/\\\/veneakselisto.com\\\/kauppa\\\/#organization\"},\"potentialAction\":[{\"@type\":\"SearchAction\",\"target\":{\"@type\":\"EntryPoint\",\"urlTemplate\":\"https:\\\/\\\/veneakselisto.com\\\/kauppa\\\/?s={search_term_string}\"},\"query-input\":{\"@type\":\"PropertyValueSpecification\",\"valueRequired\":true,\"valueName\":\"search_term_string\"}}],\"inLanguage\":\"fi\"},{\"@type\":\"Organization\",\"@id\":\"https:\\\/\\\/veneakselisto.com\\\/kauppa\\\/#organization\",\"name\":\"Veneakselisto.com verkkokauppa\",\"url\":\"https:\\\/\\\/veneakselisto.com\\\/kauppa\\\/\",\"logo\":{\"@type\":\"ImageObject\",\"inLanguage\":\"fi\",\"@id\":\"https:\\\/\\\/veneakselisto.com\\\/kauppa\\\/#\\\/schema\\\/logo\\\/image\\\/\",\"url\":\"https:\\\/\\\/i2.wp.com\\\/veneakselisto.com\\\/kauppa\\\/wp-content\\\/uploads\\\/2016\\\/06\\\/fb_icon.jpg?fit=327%2C327&ssl=1\",\"contentUrl\":\"https:\\\/\\\/i2.wp.com\\\/veneakselisto.com\\\/kauppa\\\/wp-content\\\/uploads\\\/2016\\\/06\\\/fb_icon.jpg?fit=327%2C327&ssl=1\",\"width\":327,\"height\":327,\"caption\":\"Veneakselisto.com verkkokauppa\"},\"image\":{\"@id\":\"https:\\\/\\\/veneakselisto.com\\\/kauppa\\\/#\\\/schema\\\/logo\\\/image\\\/\"},\"sameAs\":[\"https:\\\/\\\/www.facebook.com\\\/AlaMikkula\\\/\"]}]}<\/script>\n<!-- \/ Yoast SEO plugin. -->","yoast_head_json":{"title":"11 5\/8x11 Solas 115 ter\u00e4spotkuri Suzuki 35-65 hv -Veneakselisto","description":"11 5\/8x11 Solas 115 ter\u00e4spotkuri Suzuki 35-65 hv. Suzuki Solas ter\u00e4spotkurit toimittaa ter\u00e4spotkureiden erikoisliike-Veneakselisto.com-maahantuonti.","robots":{"index":"index","follow":"follow","max-snippet":"max-snippet:-1","max-image-preview":"max-image-preview:large","max-video-preview":"max-video-preview:-1"},"canonical":"https:\/\/veneakselisto.com\/kauppa\/tuote\/11-5-8x11-solas-115-teraspotkuri-suzuki-35-65-hv\/","og_locale":"fi_FI","og_type":"article","og_title":"11 5\/8x11 Solas 115 ter\u00e4spotkuri Suzuki 35-65 hv -Veneakselisto","og_description":"11 5\/8x11 Solas 115 ter\u00e4spotkuri Suzuki 35-65 hv. Suzuki Solas ter\u00e4spotkurit toimittaa ter\u00e4spotkureiden erikoisliike-Veneakselisto.com-maahantuonti.","og_url":"https:\/\/veneakselisto.com\/kauppa\/tuote\/11-5-8x11-solas-115-teraspotkuri-suzuki-35-65-hv\/","og_site_name":"Veneakselisto.com - verkkokauppa","article_publisher":"https:\/\/www.facebook.com\/AlaMikkula\/","article_modified_time":"2025-07-28T06:26:26+00:00","og_image":[{"width":500,"height":500,"url":"https:\/\/veneakselisto.com\/kauppa\/wp-content\/uploads\/2023\/11\/Suzuki-Rubex-teraspotkuri.jpg","type":"image\/jpeg"}],"twitter_card":"summary_large_image","twitter_misc":{"Arvioitu lukuaika":"2 minuuttia"},"schema":{"@context":"https:\/\/schema.org","@graph":[{"@type":"WebPage","@id":"https:\/\/veneakselisto.com\/kauppa\/tuote\/11-5-8x11-solas-115-teraspotkuri-suzuki-35-65-hv\/","url":"https:\/\/veneakselisto.com\/kauppa\/tuote\/11-5-8x11-solas-115-teraspotkuri-suzuki-35-65-hv\/","name":"11 5\/8x11 Solas 115 ter\u00e4spotkuri Suzuki 35-65 hv -Veneakselisto","isPartOf":{"@id":"https:\/\/veneakselisto.com\/kauppa\/#website"},"primaryImageOfPage":{"@id":"https:\/\/veneakselisto.com\/kauppa\/tuote\/11-5-8x11-solas-115-teraspotkuri-suzuki-35-65-hv\/#primaryimage"},"image":{"@id":"https:\/\/veneakselisto.com\/kauppa\/tuote\/11-5-8x11-solas-115-teraspotkuri-suzuki-35-65-hv\/#primaryimage"},"thumbnailUrl":"https:\/\/i0.wp.com\/veneakselisto.com\/kauppa\/wp-content\/uploads\/2023\/11\/Suzuki-Rubex-teraspotkuri.jpg?fit=500%2C500&ssl=1","datePublished":"2023-11-21T07:24:08+00:00","dateModified":"2025-07-28T06:26:26+00:00","description":"11 5\/8x11 Solas 115 ter\u00e4spotkuri Suzuki 35-65 hv. Suzuki Solas ter\u00e4spotkurit toimittaa ter\u00e4spotkureiden erikoisliike-Veneakselisto.com-maahantuonti.","breadcrumb":{"@id":"https:\/\/veneakselisto.com\/kauppa\/tuote\/11-5-8x11-solas-115-teraspotkuri-suzuki-35-65-hv\/#breadcrumb"},"inLanguage":"fi","potentialAction":[{"@type":"ReadAction","target":["https:\/\/veneakselisto.com\/kauppa\/tuote\/11-5-8x11-solas-115-teraspotkuri-suzuki-35-65-hv\/"]}]},{"@type":"ImageObject","inLanguage":"fi","@id":"https:\/\/veneakselisto.com\/kauppa\/tuote\/11-5-8x11-solas-115-teraspotkuri-suzuki-35-65-hv\/#primaryimage","url":"https:\/\/i0.wp.com\/veneakselisto.com\/kauppa\/wp-content\/uploads\/2023\/11\/Suzuki-Rubex-teraspotkuri.jpg?fit=500%2C500&ssl=1","contentUrl":"https:\/\/i0.wp.com\/veneakselisto.com\/kauppa\/wp-content\/uploads\/2023\/11\/Suzuki-Rubex-teraspotkuri.jpg?fit=500%2C500&ssl=1","width":500,"height":500,"caption":"Suzuki-Rubex-ter\u00e4spotkuri-potkureiden erikoisliike-Veneakselisto.com"},{"@type":"BreadcrumbList","@id":"https:\/\/veneakselisto.com\/kauppa\/tuote\/11-5-8x11-solas-115-teraspotkuri-suzuki-35-65-hv\/#breadcrumb","itemListElement":[{"@type":"ListItem","position":1,"name":"Etusivu","item":"https:\/\/veneakselisto.com\/kauppa\/"},{"@type":"ListItem","position":2,"name":"Kauppa","item":"https:\/\/veneakselisto.com\/kauppa\/"},{"@type":"ListItem","position":3,"name":"11 5\/8&#215;11 Solas 115 ter\u00e4spotkuri Suzuki 35-65 hv"}]},{"@type":"WebSite","@id":"https:\/\/veneakselisto.com\/kauppa\/#website","url":"https:\/\/veneakselisto.com\/kauppa\/","name":"Veneakselisto.com - verkkokauppa","description":"Venetarvikkeiden maahantuonti ja myynti","publisher":{"@id":"https:\/\/veneakselisto.com\/kauppa\/#organization"},"potentialAction":[{"@type":"SearchAction","target":{"@type":"EntryPoint","urlTemplate":"https:\/\/veneakselisto.com\/kauppa\/?s={search_term_string}"},"query-input":{"@type":"PropertyValueSpecification","valueRequired":true,"valueName":"search_term_string"}}],"inLanguage":"fi"},{"@type":"Organization","@id":"https:\/\/veneakselisto.com\/kauppa\/#organization","name":"Veneakselisto.com verkkokauppa","url":"https:\/\/veneakselisto.com\/kauppa\/","logo":{"@type":"ImageObject","inLanguage":"fi","@id":"https:\/\/veneakselisto.com\/kauppa\/#\/schema\/logo\/image\/","url":"https:\/\/i2.wp.com\/veneakselisto.com\/kauppa\/wp-content\/uploads\/2016\/06\/fb_icon.jpg?fit=327%2C327&ssl=1","contentUrl":"https:\/\/i2.wp.com\/veneakselisto.com\/kauppa\/wp-content\/uploads\/2016\/06\/fb_icon.jpg?fit=327%2C327&ssl=1","width":327,"height":327,"caption":"Veneakselisto.com verkkokauppa"},"image":{"@id":"https:\/\/veneakselisto.com\/kauppa\/#\/schema\/logo\/image\/"},"sameAs":["https:\/\/www.facebook.com\/AlaMikkula\/"]}]}},"jetpack_publicize_connections":[],"jetpack_sharing_enabled":true,"_links":{"self":[{"href":"https:\/\/veneakselisto.com\/kauppa\/wp-json\/wp\/v2\/product\/18099","targetHints":{"allow":["GET"]}}],"collection":[{"href":"https:\/\/veneakselisto.com\/kauppa\/wp-json\/wp\/v2\/product"}],"about":[{"href":"https:\/\/veneakselisto.com\/kauppa\/wp-json\/wp\/v2\/types\/product"}],"replies":[{"embeddable":true,"href":"https:\/\/veneakselisto.com\/kauppa\/wp-json\/wp\/v2\/comments?post=18099"}],"wp:featuredmedia":[{"embeddable":true,"href":"https:\/\/veneakselisto.com\/kauppa\/wp-json\/wp\/v2\/media\/18097"}],"wp:attachment":[{"href":"https:\/\/veneakselisto.com\/kauppa\/wp-json\/wp\/v2\/media?parent=18099"}],"wp:term":[{"taxonomy":"product_brand","embeddable":true,"href":"https:\/\/veneakselisto.com\/kauppa\/wp-json\/wp\/v2\/product_brand?post=18099"},{"taxonomy":"product_cat","embeddable":true,"href":"https:\/\/veneakselisto.com\/kauppa\/wp-json\/wp\/v2\/product_cat?post=18099"},{"taxonomy":"product_tag","embeddable":true,"href":"https:\/\/veneakselisto.com\/kauppa\/wp-json\/wp\/v2\/product_tag?post=18099"}],"curies":[{"name":"wp","href":"https:\/\/api.w.org\/{rel}","templated":true}]}}