{"id":17975,"date":"2023-11-15T16:13:34","date_gmt":"2023-11-15T14:13:34","guid":{"rendered":"https:\/\/veneakselisto.com\/kauppa\/?post_type=product&#038;p=17975"},"modified":"2024-09-01T00:38:05","modified_gmt":"2024-08-31T21:38:05","slug":"11-1-8x14-40-50hv-evinrude-johnson-solas-teraspotkuri","status":"publish","type":"product","link":"https:\/\/veneakselisto.com\/kauppa\/tuote\/11-1-8x14-40-50hv-evinrude-johnson-solas-teraspotkuri\/","title":{"rendered":"11 1\/8&#215;14 40-50hv Evinrude Johnson Solas ter\u00e4spotkuri"},"content":{"rendered":"<div>11 \/8&#215;14 40-50hv Evinrude Johnson Solas ter\u00e4spotkuri<\/div>\n<div><\/div>\n<div>Valmistaja SOLAS malli Saturn<\/div>\n<div>Solas ter\u00e4spotkuri<\/div>\n<div>\n<p>KOKO 11 1\/8&#215;14<\/p>\n<p>13 rihlaa<\/p>\n<h5>Evinrude<\/h5>\n<ul>\n<li>40 HP\/4-Stroke (13 Spline)\/1999 &#8211; Present<\/li>\n<li>50 HP\/4-Stroke (13 Spline)\/1999 &#8211; Present<\/li>\n<\/ul>\n<div id=\"1\" class=\"more\">\n<h5><em>\u00a0Johnson<\/em><\/h5>\n<ul>\n<li>40 HP\/4-Stroke (13 Spline)\/1999 &#8211; 2007<\/li>\n<li>50 HP\/4-Stroke (13 Spline)\/1999 &#8211; 2007<\/li>\n<\/ul>\n<\/div>\n<\/div>\n<div>My\u00f6s muita kokoja&#8230;Kysy!<\/div>\n<div>\n<p>Hyv\u00e4 tiet\u00e4\u00e4 potkurin valinnassa.<\/p>\n<p>Selvit\u00e4 mik\u00e4 potkuri sinulla on nyt moottorissasi. Potkurin koko lukee potkurin navassa lapojen v\u00e4liss\u00e4 tai potkurin navan p\u00e4\u00e4ss\u00e4. Esim. 13 1\/4 x 17. Ensinm\u00e4inen numero on potkurin halkaisija ja j\u00e4lkinm\u00e4inen on potkurin nousu.<\/p>\n<p>Muutos potkurin nousussa voi lis\u00e4t\u00e4 tai v\u00e4hent\u00e4\u00e4 moottorin kierroslukua. Kahden tuuman (2\u201d) lis\u00e4ys tai v\u00e4hennys potkurin nousuun muuttaa moottorin kierroslukua noin +- 350 rpm. Tarkista my\u00f6s moottorinvalmistajan suosittelema kierroslukualue!<\/p>\n<p>Potkurimyyj\u00e4lle k\u00e4site \u201dvakiopotkuri\u201d on vaikea, sill\u00e4 kaikki potkurivalmistajan valikoimassa olevat potkurit ovat periaatteessa vakiopotkureita. Kahdessa t\u00e4ysin samanlaisessa veneess\u00e4, varustettuna saman tehoisilla moottoreilla, voi potkurit olla eri kokoiset mik\u00e4li veneit\u00e4 ajetaan eri kuormalla. Siksi on eritt\u00e4in t\u00e4rke\u00e4\u00e4 merkit\u00e4 muistiin potkurin koko ja suurin kierrosluku, jonka moottori saavuttaa sek\u00e4 veneen suurin nopeus.<\/p>\n<p>Moottorioston yhteydess\u00e4 moottorin kanssa on yleens\u00e4 toimitettu potkuri, jota kutsutaan \u201cvakiopotkuriksi\u201d. Kooltaan t\u00e4m\u00e4 potkuri on arvioitu sopivan mahdollisimman moneen moottori\/vene yhdistelm\u00e4\u00e4n. Vakiopotkuri ei siis aina ole paras vaihtoehto.<\/p>\n<p>Ostamalla Solas ter\u00e4spotkurin tied\u00e4t saavasi korkean suorituskyvyn ja ensiluokkaisen laadun edullisella hinnalla Solas-potkurien avulla. Laadukkaimmista metalleista ja laajasta valikoimasta erilaisia potkureita koostuva Solas ter\u00e4spotkuri valikoima on yksi veneen potkuriteollisuuden johtavista merkeist\u00e4. Kaksi asiaa, jotka erottavat Solas ter\u00e4spotkurin muista merkeist\u00e4, ovat ainutlaatuinen valuprosessi, joka auttaa tuottamaan vahvempia, ohuempia ja sile\u00e4mpi\u00e4 teri\u00e4, ja niiden erityisesti suunnitellut, kumimallilliset kahdeksankulmaiset navat, jotka lis\u00e4\u00e4v\u00e4t t\u00e4rin\u00e4n vaimennusta ja v\u00e4hent\u00e4v\u00e4t liukumista.<\/p>\n<p>Evinrude ter\u00e4spotkuri.<\/p>\n<p>Johnson ter\u00e4spotkuri.<\/p>\n<p>11 1\/8&#215;14 40-50hv Evinrude Johnson Solas ter\u00e4spotkuri<\/p>\n<\/div>\n","protected":false},"excerpt":{"rendered":"<div>11 1\/8&#215;14 40-50hv Evinrude Johnson Solas ter\u00e4spotkuri<\/div>\n<div><\/div>\n<div>Valmistaja SOLAS<\/div>\n<div>\n<p>KOKO 11 1\/8&#215;13<\/p>\n<p>13 rihlaa<\/p>\n<\/div>\n<p>Katso tarkempi sopivuus alta.<\/p>\n<div class=\"std\">Verkkokauppa tuote. Toimitusaika 1-4pv normaalisti.<\/div>\n","protected":false},"featured_media":17967,"comment_status":"open","ping_status":"closed","template":"","meta":{"jetpack_post_was_ever_published":false,"jetpack_publicize_message":"","jetpack_publicize_feature_enabled":true,"jetpack_social_post_already_shared":true,"jetpack_social_options":{"image_generator_settings":{"template":"highway","default_image_id":0,"font":"","enabled":false},"version":2}},"product_brand":[],"product_cat":[1310,18,1307],"product_tag":[385,384,383,554,89,1122],"class_list":{"0":"post-17975","1":"product","2":"type-product","3":"status-publish","4":"has-post-thumbnail","6":"product_cat-johnson_evinrude_teraspotkuri","7":"product_cat-potkurit","8":"product_cat-solas_teraspotkuri_peramoottorin_potkuri","9":"product_tag-evinrude","10":"product_tag-johnson","11":"product_tag-peramoottori","12":"product_tag-peramoottorinpotkuri","13":"product_tag-potkuri","14":"product_tag-teraspotkuri","15":"brand-solas","17":"first","18":"instock","19":"sale","20":"taxable","21":"shipping-taxable","22":"purchasable","23":"product-type-simple"},"yoast_head":"<!-- This site is optimized with the Yoast SEO plugin v27.3 - https:\/\/yoast.com\/product\/yoast-seo-wordpress\/ -->\n<title>11 1\/8x14 40-50hv Evinrude Johnson Solas ter\u00e4spotkuri-verkkokau<\/title>\n<meta name=\"description\" content=\"11 1\/8x14 40-50hv Evinrude Johnson Solas ter\u00e4spotkuri. Ter\u00e4spotkurin toimittaa potkureiden erikoisliike-Veneakselisto.com-Evinrude potkuri\" \/>\n<meta name=\"robots\" content=\"index, follow, max-snippet:-1, max-image-preview:large, max-video-preview:-1\" \/>\n<link rel=\"canonical\" href=\"https:\/\/veneakselisto.com\/kauppa\/tuote\/11-1-8x14-40-50hv-evinrude-johnson-solas-teraspotkuri\/\" \/>\n<meta property=\"og:locale\" content=\"fi_FI\" \/>\n<meta property=\"og:type\" content=\"article\" \/>\n<meta property=\"og:title\" content=\"11 1\/8x14 40-50hv Evinrude Johnson Solas ter\u00e4spotkuri-verkkokau\" \/>\n<meta property=\"og:description\" content=\"11 1\/8x14 40-50hv Evinrude Johnson Solas ter\u00e4spotkuri. Ter\u00e4spotkurin toimittaa potkureiden erikoisliike-Veneakselisto.com-Evinrude potkuri\" \/>\n<meta property=\"og:url\" content=\"https:\/\/veneakselisto.com\/kauppa\/tuote\/11-1-8x14-40-50hv-evinrude-johnson-solas-teraspotkuri\/\" \/>\n<meta property=\"og:site_name\" content=\"Veneakselisto.com - verkkokauppa\" \/>\n<meta property=\"article:publisher\" content=\"https:\/\/www.facebook.com\/AlaMikkula\/\" \/>\n<meta property=\"article:modified_time\" content=\"2024-08-31T21:38:05+00:00\" \/>\n<meta property=\"og:image\" content=\"https:\/\/veneakselisto.com\/kauppa\/wp-content\/uploads\/2023\/11\/johnson-teraspotkuri.jpg\" \/>\n\t<meta property=\"og:image:width\" content=\"500\" \/>\n\t<meta property=\"og:image:height\" content=\"500\" \/>\n\t<meta property=\"og:image:type\" content=\"image\/jpeg\" \/>\n<meta name=\"twitter:card\" content=\"summary_large_image\" \/>\n<meta name=\"twitter:label1\" content=\"Arvioitu lukuaika\" \/>\n\t<meta name=\"twitter:data1\" content=\"2 minuuttia\" \/>\n<script type=\"application\/ld+json\" class=\"yoast-schema-graph\">{\"@context\":\"https:\\\/\\\/schema.org\",\"@graph\":[{\"@type\":\"WebPage\",\"@id\":\"https:\\\/\\\/veneakselisto.com\\\/kauppa\\\/tuote\\\/11-1-8x14-40-50hv-evinrude-johnson-solas-teraspotkuri\\\/\",\"url\":\"https:\\\/\\\/veneakselisto.com\\\/kauppa\\\/tuote\\\/11-1-8x14-40-50hv-evinrude-johnson-solas-teraspotkuri\\\/\",\"name\":\"11 1\\\/8x14 40-50hv Evinrude Johnson Solas ter\u00e4spotkuri-verkkokau\",\"isPartOf\":{\"@id\":\"https:\\\/\\\/veneakselisto.com\\\/kauppa\\\/#website\"},\"primaryImageOfPage\":{\"@id\":\"https:\\\/\\\/veneakselisto.com\\\/kauppa\\\/tuote\\\/11-1-8x14-40-50hv-evinrude-johnson-solas-teraspotkuri\\\/#primaryimage\"},\"image\":{\"@id\":\"https:\\\/\\\/veneakselisto.com\\\/kauppa\\\/tuote\\\/11-1-8x14-40-50hv-evinrude-johnson-solas-teraspotkuri\\\/#primaryimage\"},\"thumbnailUrl\":\"https:\\\/\\\/i0.wp.com\\\/veneakselisto.com\\\/kauppa\\\/wp-content\\\/uploads\\\/2023\\\/11\\\/johnson-teraspotkuri.jpg?fit=500%2C500&ssl=1\",\"datePublished\":\"2023-11-15T14:13:34+00:00\",\"dateModified\":\"2024-08-31T21:38:05+00:00\",\"description\":\"11 1\\\/8x14 40-50hv Evinrude Johnson Solas ter\u00e4spotkuri. Ter\u00e4spotkurin toimittaa potkureiden erikoisliike-Veneakselisto.com-Evinrude potkuri\",\"breadcrumb\":{\"@id\":\"https:\\\/\\\/veneakselisto.com\\\/kauppa\\\/tuote\\\/11-1-8x14-40-50hv-evinrude-johnson-solas-teraspotkuri\\\/#breadcrumb\"},\"inLanguage\":\"fi\",\"potentialAction\":[{\"@type\":\"ReadAction\",\"target\":[\"https:\\\/\\\/veneakselisto.com\\\/kauppa\\\/tuote\\\/11-1-8x14-40-50hv-evinrude-johnson-solas-teraspotkuri\\\/\"]}]},{\"@type\":\"ImageObject\",\"inLanguage\":\"fi\",\"@id\":\"https:\\\/\\\/veneakselisto.com\\\/kauppa\\\/tuote\\\/11-1-8x14-40-50hv-evinrude-johnson-solas-teraspotkuri\\\/#primaryimage\",\"url\":\"https:\\\/\\\/i0.wp.com\\\/veneakselisto.com\\\/kauppa\\\/wp-content\\\/uploads\\\/2023\\\/11\\\/johnson-teraspotkuri.jpg?fit=500%2C500&ssl=1\",\"contentUrl\":\"https:\\\/\\\/i0.wp.com\\\/veneakselisto.com\\\/kauppa\\\/wp-content\\\/uploads\\\/2023\\\/11\\\/johnson-teraspotkuri.jpg?fit=500%2C500&ssl=1\",\"width\":500,\"height\":500,\"caption\":\"Evinrude-Johnson-ter\u00e4spotkuri-Solas-Veneakselisto.com\"},{\"@type\":\"BreadcrumbList\",\"@id\":\"https:\\\/\\\/veneakselisto.com\\\/kauppa\\\/tuote\\\/11-1-8x14-40-50hv-evinrude-johnson-solas-teraspotkuri\\\/#breadcrumb\",\"itemListElement\":[{\"@type\":\"ListItem\",\"position\":1,\"name\":\"Etusivu\",\"item\":\"https:\\\/\\\/veneakselisto.com\\\/kauppa\\\/\"},{\"@type\":\"ListItem\",\"position\":2,\"name\":\"Kauppa\",\"item\":\"https:\\\/\\\/veneakselisto.com\\\/kauppa\\\/\"},{\"@type\":\"ListItem\",\"position\":3,\"name\":\"11 1\\\/8&#215;14 40-50hv Evinrude Johnson Solas ter\u00e4spotkuri\"}]},{\"@type\":\"WebSite\",\"@id\":\"https:\\\/\\\/veneakselisto.com\\\/kauppa\\\/#website\",\"url\":\"https:\\\/\\\/veneakselisto.com\\\/kauppa\\\/\",\"name\":\"Veneakselisto.com - verkkokauppa\",\"description\":\"Venetarvikkeiden maahantuonti ja myynti\",\"publisher\":{\"@id\":\"https:\\\/\\\/veneakselisto.com\\\/kauppa\\\/#organization\"},\"potentialAction\":[{\"@type\":\"SearchAction\",\"target\":{\"@type\":\"EntryPoint\",\"urlTemplate\":\"https:\\\/\\\/veneakselisto.com\\\/kauppa\\\/?s={search_term_string}\"},\"query-input\":{\"@type\":\"PropertyValueSpecification\",\"valueRequired\":true,\"valueName\":\"search_term_string\"}}],\"inLanguage\":\"fi\"},{\"@type\":\"Organization\",\"@id\":\"https:\\\/\\\/veneakselisto.com\\\/kauppa\\\/#organization\",\"name\":\"Veneakselisto.com verkkokauppa\",\"url\":\"https:\\\/\\\/veneakselisto.com\\\/kauppa\\\/\",\"logo\":{\"@type\":\"ImageObject\",\"inLanguage\":\"fi\",\"@id\":\"https:\\\/\\\/veneakselisto.com\\\/kauppa\\\/#\\\/schema\\\/logo\\\/image\\\/\",\"url\":\"https:\\\/\\\/i2.wp.com\\\/veneakselisto.com\\\/kauppa\\\/wp-content\\\/uploads\\\/2016\\\/06\\\/fb_icon.jpg?fit=327%2C327&ssl=1\",\"contentUrl\":\"https:\\\/\\\/i2.wp.com\\\/veneakselisto.com\\\/kauppa\\\/wp-content\\\/uploads\\\/2016\\\/06\\\/fb_icon.jpg?fit=327%2C327&ssl=1\",\"width\":327,\"height\":327,\"caption\":\"Veneakselisto.com verkkokauppa\"},\"image\":{\"@id\":\"https:\\\/\\\/veneakselisto.com\\\/kauppa\\\/#\\\/schema\\\/logo\\\/image\\\/\"},\"sameAs\":[\"https:\\\/\\\/www.facebook.com\\\/AlaMikkula\\\/\"]}]}<\/script>\n<!-- \/ Yoast SEO plugin. -->","yoast_head_json":{"title":"11 1\/8x14 40-50hv Evinrude Johnson Solas ter\u00e4spotkuri-verkkokau","description":"11 1\/8x14 40-50hv Evinrude Johnson Solas ter\u00e4spotkuri. Ter\u00e4spotkurin toimittaa potkureiden erikoisliike-Veneakselisto.com-Evinrude potkuri","robots":{"index":"index","follow":"follow","max-snippet":"max-snippet:-1","max-image-preview":"max-image-preview:large","max-video-preview":"max-video-preview:-1"},"canonical":"https:\/\/veneakselisto.com\/kauppa\/tuote\/11-1-8x14-40-50hv-evinrude-johnson-solas-teraspotkuri\/","og_locale":"fi_FI","og_type":"article","og_title":"11 1\/8x14 40-50hv Evinrude Johnson Solas ter\u00e4spotkuri-verkkokau","og_description":"11 1\/8x14 40-50hv Evinrude Johnson Solas ter\u00e4spotkuri. Ter\u00e4spotkurin toimittaa potkureiden erikoisliike-Veneakselisto.com-Evinrude potkuri","og_url":"https:\/\/veneakselisto.com\/kauppa\/tuote\/11-1-8x14-40-50hv-evinrude-johnson-solas-teraspotkuri\/","og_site_name":"Veneakselisto.com - verkkokauppa","article_publisher":"https:\/\/www.facebook.com\/AlaMikkula\/","article_modified_time":"2024-08-31T21:38:05+00:00","og_image":[{"width":500,"height":500,"url":"https:\/\/veneakselisto.com\/kauppa\/wp-content\/uploads\/2023\/11\/johnson-teraspotkuri.jpg","type":"image\/jpeg"}],"twitter_card":"summary_large_image","twitter_misc":{"Arvioitu lukuaika":"2 minuuttia"},"schema":{"@context":"https:\/\/schema.org","@graph":[{"@type":"WebPage","@id":"https:\/\/veneakselisto.com\/kauppa\/tuote\/11-1-8x14-40-50hv-evinrude-johnson-solas-teraspotkuri\/","url":"https:\/\/veneakselisto.com\/kauppa\/tuote\/11-1-8x14-40-50hv-evinrude-johnson-solas-teraspotkuri\/","name":"11 1\/8x14 40-50hv Evinrude Johnson Solas ter\u00e4spotkuri-verkkokau","isPartOf":{"@id":"https:\/\/veneakselisto.com\/kauppa\/#website"},"primaryImageOfPage":{"@id":"https:\/\/veneakselisto.com\/kauppa\/tuote\/11-1-8x14-40-50hv-evinrude-johnson-solas-teraspotkuri\/#primaryimage"},"image":{"@id":"https:\/\/veneakselisto.com\/kauppa\/tuote\/11-1-8x14-40-50hv-evinrude-johnson-solas-teraspotkuri\/#primaryimage"},"thumbnailUrl":"https:\/\/i0.wp.com\/veneakselisto.com\/kauppa\/wp-content\/uploads\/2023\/11\/johnson-teraspotkuri.jpg?fit=500%2C500&ssl=1","datePublished":"2023-11-15T14:13:34+00:00","dateModified":"2024-08-31T21:38:05+00:00","description":"11 1\/8x14 40-50hv Evinrude Johnson Solas ter\u00e4spotkuri. Ter\u00e4spotkurin toimittaa potkureiden erikoisliike-Veneakselisto.com-Evinrude potkuri","breadcrumb":{"@id":"https:\/\/veneakselisto.com\/kauppa\/tuote\/11-1-8x14-40-50hv-evinrude-johnson-solas-teraspotkuri\/#breadcrumb"},"inLanguage":"fi","potentialAction":[{"@type":"ReadAction","target":["https:\/\/veneakselisto.com\/kauppa\/tuote\/11-1-8x14-40-50hv-evinrude-johnson-solas-teraspotkuri\/"]}]},{"@type":"ImageObject","inLanguage":"fi","@id":"https:\/\/veneakselisto.com\/kauppa\/tuote\/11-1-8x14-40-50hv-evinrude-johnson-solas-teraspotkuri\/#primaryimage","url":"https:\/\/i0.wp.com\/veneakselisto.com\/kauppa\/wp-content\/uploads\/2023\/11\/johnson-teraspotkuri.jpg?fit=500%2C500&ssl=1","contentUrl":"https:\/\/i0.wp.com\/veneakselisto.com\/kauppa\/wp-content\/uploads\/2023\/11\/johnson-teraspotkuri.jpg?fit=500%2C500&ssl=1","width":500,"height":500,"caption":"Evinrude-Johnson-ter\u00e4spotkuri-Solas-Veneakselisto.com"},{"@type":"BreadcrumbList","@id":"https:\/\/veneakselisto.com\/kauppa\/tuote\/11-1-8x14-40-50hv-evinrude-johnson-solas-teraspotkuri\/#breadcrumb","itemListElement":[{"@type":"ListItem","position":1,"name":"Etusivu","item":"https:\/\/veneakselisto.com\/kauppa\/"},{"@type":"ListItem","position":2,"name":"Kauppa","item":"https:\/\/veneakselisto.com\/kauppa\/"},{"@type":"ListItem","position":3,"name":"11 1\/8&#215;14 40-50hv Evinrude Johnson Solas ter\u00e4spotkuri"}]},{"@type":"WebSite","@id":"https:\/\/veneakselisto.com\/kauppa\/#website","url":"https:\/\/veneakselisto.com\/kauppa\/","name":"Veneakselisto.com - verkkokauppa","description":"Venetarvikkeiden maahantuonti ja myynti","publisher":{"@id":"https:\/\/veneakselisto.com\/kauppa\/#organization"},"potentialAction":[{"@type":"SearchAction","target":{"@type":"EntryPoint","urlTemplate":"https:\/\/veneakselisto.com\/kauppa\/?s={search_term_string}"},"query-input":{"@type":"PropertyValueSpecification","valueRequired":true,"valueName":"search_term_string"}}],"inLanguage":"fi"},{"@type":"Organization","@id":"https:\/\/veneakselisto.com\/kauppa\/#organization","name":"Veneakselisto.com verkkokauppa","url":"https:\/\/veneakselisto.com\/kauppa\/","logo":{"@type":"ImageObject","inLanguage":"fi","@id":"https:\/\/veneakselisto.com\/kauppa\/#\/schema\/logo\/image\/","url":"https:\/\/i2.wp.com\/veneakselisto.com\/kauppa\/wp-content\/uploads\/2016\/06\/fb_icon.jpg?fit=327%2C327&ssl=1","contentUrl":"https:\/\/i2.wp.com\/veneakselisto.com\/kauppa\/wp-content\/uploads\/2016\/06\/fb_icon.jpg?fit=327%2C327&ssl=1","width":327,"height":327,"caption":"Veneakselisto.com verkkokauppa"},"image":{"@id":"https:\/\/veneakselisto.com\/kauppa\/#\/schema\/logo\/image\/"},"sameAs":["https:\/\/www.facebook.com\/AlaMikkula\/"]}]}},"jetpack_publicize_connections":[],"jetpack_sharing_enabled":true,"_links":{"self":[{"href":"https:\/\/veneakselisto.com\/kauppa\/wp-json\/wp\/v2\/product\/17975","targetHints":{"allow":["GET"]}}],"collection":[{"href":"https:\/\/veneakselisto.com\/kauppa\/wp-json\/wp\/v2\/product"}],"about":[{"href":"https:\/\/veneakselisto.com\/kauppa\/wp-json\/wp\/v2\/types\/product"}],"replies":[{"embeddable":true,"href":"https:\/\/veneakselisto.com\/kauppa\/wp-json\/wp\/v2\/comments?post=17975"}],"wp:featuredmedia":[{"embeddable":true,"href":"https:\/\/veneakselisto.com\/kauppa\/wp-json\/wp\/v2\/media\/17967"}],"wp:attachment":[{"href":"https:\/\/veneakselisto.com\/kauppa\/wp-json\/wp\/v2\/media?parent=17975"}],"wp:term":[{"taxonomy":"product_brand","embeddable":true,"href":"https:\/\/veneakselisto.com\/kauppa\/wp-json\/wp\/v2\/product_brand?post=17975"},{"taxonomy":"product_cat","embeddable":true,"href":"https:\/\/veneakselisto.com\/kauppa\/wp-json\/wp\/v2\/product_cat?post=17975"},{"taxonomy":"product_tag","embeddable":true,"href":"https:\/\/veneakselisto.com\/kauppa\/wp-json\/wp\/v2\/product_tag?post=17975"}],"curies":[{"name":"wp","href":"https:\/\/api.w.org\/{rel}","templated":true}]}}