{"id":17858,"date":"2023-11-07T14:24:30","date_gmt":"2023-11-07T12:24:30","guid":{"rendered":"https:\/\/veneakselisto.com\/kauppa\/?post_type=product&#038;p=17858"},"modified":"2025-03-17T19:40:35","modified_gmt":"2025-03-17T17:40:35","slug":"rd-910-014-joustokytkin-hurth-4","status":"publish","type":"product","link":"https:\/\/veneakselisto.com\/kauppa\/tuote\/rd-910-014-joustokytkin-hurth-4\/","title":{"rendered":"R&#038;D 910-014  Joustokytkin  Hurth 4&#8243;"},"content":{"rendered":"<div class=\"wpb-content-wrapper\"><p>R&amp;D 910-014 Joustokytkin Hurth 4&#8243;<\/p>\n<p>Sopivuus esim.:<\/p>\n<ul>\n<li>Hurth HBW10-250<\/li>\n<li>Sole<\/li>\n<li>Kubota Nanni<\/li>\n<li>Beta Marine<\/li>\n<li>Lombardini<\/li>\n<li>Velvet Drive<\/li>\n<li>TMC Technodrive<\/li>\n<\/ul>\n<p>Koko: 4&#8243;<br \/>\nOhjaus: 63.5mm<br \/>\nReik\u00e4jako: 82.5mm<br \/>\nPaksuus 32.5mm<\/p>\n<p>Tehonkesto 3hv\/100rpm[\/vc_column_text][\/vc_column][\/vc_row][vc_row][vc_column][vc_column_text]R&amp;D joustokytkin (joustolaippa) vaimentaa moottorista ja akselistosta tulevaa \u00e4\u00e4nt\u00e4 ja v\u00e4rin\u00e4\u00e4. Polyuretaanista valmistettu R&amp;D joustokytkin (joustolaippa) on joustava ja kest\u00e4v\u00e4. R&amp;D joustokytkimi\u00e4 on useita eri mallisia ja se valitaan merivaiheen, moottoritehon ja akselikierrosten mukaan.[\/vc_column_text][\/vc_column][\/vc_row]<\/p>\n<\/div>","protected":false},"excerpt":{"rendered":"<p>R&amp;D 910-014 Joustokytkin Hurth 4&#8243;<\/p>\n<p>Sopivuus esim.:<\/p>\n<ul>\n<li>Hurth HBW10-250<\/li>\n<li>Sole<\/li>\n<li>Kubota Nanni<\/li>\n<li>Beta Marine<\/li>\n<li>Lombardini<\/li>\n<li>Velvet Drive<\/li>\n<li>TMC Technodrive<\/li>\n<\/ul>\n<p>Koko: 4&#8243;<br \/>\nOhjaus: 63.5mm<br \/>\nReik\u00e4jako: 82.5mm<br \/>\nPaksuus 32.5mm<br \/>\nTehonkesto 3hv\/100rpm<\/p>\n","protected":false},"featured_media":806,"comment_status":"open","ping_status":"closed","template":"","meta":{"jetpack_post_was_ever_published":false,"jetpack_publicize_message":"","jetpack_publicize_feature_enabled":true,"jetpack_social_post_already_shared":true,"jetpack_social_options":{"image_generator_settings":{"template":"highway","default_image_id":0,"font":"","enabled":false},"version":2}},"product_brand":[],"product_cat":[32,460,21],"product_tag":[231,237,238,240,239],"class_list":{"0":"post-17858","1":"product","2":"type-product","3":"status-publish","4":"has-post-thumbnail","6":"product_cat-joustokytkimet","7":"product_cat-joustokytkimet_potkuriakselit_ja_tarvikkeet","8":"product_cat-potkuriakselit_ja_tarvikkeet","9":"product_tag-hurth","10":"product_tag-jostokytkin","11":"product_tag-joustolaippa-joustokytkin","12":"product_tag-tmc-technodrive","13":"product_tag-velvet-drive","14":"brand-rd-marine","16":"first","17":"instock","18":"sale","19":"taxable","20":"shipping-taxable","21":"purchasable","22":"product-type-simple"},"yoast_head":"<!-- This site is optimized with the Yoast SEO plugin v27.4 - https:\/\/yoast.com\/product\/yoast-seo-wordpress\/ -->\n<title>R&amp;D 910-014 Joustokytkin - Veneakselisto.com - verkkokauppa<\/title>\n<meta name=\"description\" content=\"R&amp;D 910-014 Joustokytkin Hurth HBW10-250, Velvet Drive, TMC Technodrive... Tuotteen toimittaa aina edullinen Veneakselisto.com\" \/>\n<meta name=\"robots\" content=\"index, follow, max-snippet:-1, max-image-preview:large, max-video-preview:-1\" \/>\n<link rel=\"canonical\" href=\"https:\/\/veneakselisto.com\/kauppa\/tuote\/rd-910-014-joustokytkin-hurth-4\/\" \/>\n<meta property=\"og:locale\" content=\"fi_FI\" \/>\n<meta property=\"og:type\" content=\"article\" \/>\n<meta property=\"og:title\" content=\"R&amp;D 910-014 Joustokytkin - Veneakselisto.com - verkkokauppa\" \/>\n<meta property=\"og:description\" content=\"R&amp;D 910-014 Joustokytkin Hurth HBW10-250, Velvet Drive, TMC Technodrive... Tuotteen toimittaa aina edullinen Veneakselisto.com\" \/>\n<meta property=\"og:url\" content=\"https:\/\/veneakselisto.com\/kauppa\/tuote\/rd-910-014-joustokytkin-hurth-4\/\" \/>\n<meta property=\"og:site_name\" content=\"Veneakselisto.com - verkkokauppa\" \/>\n<meta property=\"article:publisher\" content=\"https:\/\/www.facebook.com\/AlaMikkula\/\" \/>\n<meta property=\"article:modified_time\" content=\"2025-03-17T17:40:35+00:00\" \/>\n<meta property=\"og:image\" content=\"https:\/\/veneakselisto.com\/kauppa\/wp-content\/uploads\/2016\/05\/FLEX-COUPLING-910-009.jpg\" \/>\n\t<meta property=\"og:image:width\" content=\"700\" \/>\n\t<meta property=\"og:image:height\" content=\"700\" \/>\n\t<meta property=\"og:image:type\" content=\"image\/jpeg\" \/>\n<meta name=\"twitter:card\" content=\"summary_large_image\" \/>\n<meta name=\"twitter:label1\" content=\"Arvioitu lukuaika\" \/>\n\t<meta name=\"twitter:data1\" content=\"1 minuutti\" \/>\n<script type=\"application\/ld+json\" class=\"yoast-schema-graph\">{\"@context\":\"https:\\\/\\\/schema.org\",\"@graph\":[{\"@type\":\"WebPage\",\"@id\":\"https:\\\/\\\/veneakselisto.com\\\/kauppa\\\/tuote\\\/rd-910-014-joustokytkin-hurth-4\\\/\",\"url\":\"https:\\\/\\\/veneakselisto.com\\\/kauppa\\\/tuote\\\/rd-910-014-joustokytkin-hurth-4\\\/\",\"name\":\"R&D 910-014 Joustokytkin - Veneakselisto.com - verkkokauppa\",\"isPartOf\":{\"@id\":\"https:\\\/\\\/veneakselisto.com\\\/kauppa\\\/#website\"},\"primaryImageOfPage\":{\"@id\":\"https:\\\/\\\/veneakselisto.com\\\/kauppa\\\/tuote\\\/rd-910-014-joustokytkin-hurth-4\\\/#primaryimage\"},\"image\":{\"@id\":\"https:\\\/\\\/veneakselisto.com\\\/kauppa\\\/tuote\\\/rd-910-014-joustokytkin-hurth-4\\\/#primaryimage\"},\"thumbnailUrl\":\"https:\\\/\\\/i0.wp.com\\\/veneakselisto.com\\\/kauppa\\\/wp-content\\\/uploads\\\/2016\\\/05\\\/FLEX-COUPLING-910-009.jpg?fit=700%2C700&ssl=1\",\"datePublished\":\"2023-11-07T12:24:30+00:00\",\"dateModified\":\"2025-03-17T17:40:35+00:00\",\"description\":\"R&D 910-014 Joustokytkin Hurth HBW10-250, Velvet Drive, TMC Technodrive... Tuotteen toimittaa aina edullinen Veneakselisto.com\",\"breadcrumb\":{\"@id\":\"https:\\\/\\\/veneakselisto.com\\\/kauppa\\\/tuote\\\/rd-910-014-joustokytkin-hurth-4\\\/#breadcrumb\"},\"inLanguage\":\"fi\",\"potentialAction\":[{\"@type\":\"ReadAction\",\"target\":[\"https:\\\/\\\/veneakselisto.com\\\/kauppa\\\/tuote\\\/rd-910-014-joustokytkin-hurth-4\\\/\"]}]},{\"@type\":\"ImageObject\",\"inLanguage\":\"fi\",\"@id\":\"https:\\\/\\\/veneakselisto.com\\\/kauppa\\\/tuote\\\/rd-910-014-joustokytkin-hurth-4\\\/#primaryimage\",\"url\":\"https:\\\/\\\/i0.wp.com\\\/veneakselisto.com\\\/kauppa\\\/wp-content\\\/uploads\\\/2016\\\/05\\\/FLEX-COUPLING-910-009.jpg?fit=700%2C700&ssl=1\",\"contentUrl\":\"https:\\\/\\\/i0.wp.com\\\/veneakselisto.com\\\/kauppa\\\/wp-content\\\/uploads\\\/2016\\\/05\\\/FLEX-COUPLING-910-009.jpg?fit=700%2C700&ssl=1\",\"width\":700,\"height\":700,\"caption\":\"Joustokytkin veneakselisto.com verkkokauppa\"},{\"@type\":\"BreadcrumbList\",\"@id\":\"https:\\\/\\\/veneakselisto.com\\\/kauppa\\\/tuote\\\/rd-910-014-joustokytkin-hurth-4\\\/#breadcrumb\",\"itemListElement\":[{\"@type\":\"ListItem\",\"position\":1,\"name\":\"Etusivu\",\"item\":\"https:\\\/\\\/veneakselisto.com\\\/kauppa\\\/\"},{\"@type\":\"ListItem\",\"position\":2,\"name\":\"Kauppa\",\"item\":\"https:\\\/\\\/veneakselisto.com\\\/kauppa\\\/\"},{\"@type\":\"ListItem\",\"position\":3,\"name\":\"R&#038;D 910-014 Joustokytkin Hurth 4&#8243;\"}]},{\"@type\":\"WebSite\",\"@id\":\"https:\\\/\\\/veneakselisto.com\\\/kauppa\\\/#website\",\"url\":\"https:\\\/\\\/veneakselisto.com\\\/kauppa\\\/\",\"name\":\"Veneakselisto.com - verkkokauppa\",\"description\":\"Venetarvikkeiden maahantuonti ja myynti\",\"publisher\":{\"@id\":\"https:\\\/\\\/veneakselisto.com\\\/kauppa\\\/#organization\"},\"potentialAction\":[{\"@type\":\"SearchAction\",\"target\":{\"@type\":\"EntryPoint\",\"urlTemplate\":\"https:\\\/\\\/veneakselisto.com\\\/kauppa\\\/?s={search_term_string}\"},\"query-input\":{\"@type\":\"PropertyValueSpecification\",\"valueRequired\":true,\"valueName\":\"search_term_string\"}}],\"inLanguage\":\"fi\"},{\"@type\":\"Organization\",\"@id\":\"https:\\\/\\\/veneakselisto.com\\\/kauppa\\\/#organization\",\"name\":\"Veneakselisto.com verkkokauppa\",\"url\":\"https:\\\/\\\/veneakselisto.com\\\/kauppa\\\/\",\"logo\":{\"@type\":\"ImageObject\",\"inLanguage\":\"fi\",\"@id\":\"https:\\\/\\\/veneakselisto.com\\\/kauppa\\\/#\\\/schema\\\/logo\\\/image\\\/\",\"url\":\"https:\\\/\\\/i2.wp.com\\\/veneakselisto.com\\\/kauppa\\\/wp-content\\\/uploads\\\/2016\\\/06\\\/fb_icon.jpg?fit=327%2C327&ssl=1\",\"contentUrl\":\"https:\\\/\\\/i2.wp.com\\\/veneakselisto.com\\\/kauppa\\\/wp-content\\\/uploads\\\/2016\\\/06\\\/fb_icon.jpg?fit=327%2C327&ssl=1\",\"width\":327,\"height\":327,\"caption\":\"Veneakselisto.com verkkokauppa\"},\"image\":{\"@id\":\"https:\\\/\\\/veneakselisto.com\\\/kauppa\\\/#\\\/schema\\\/logo\\\/image\\\/\"},\"sameAs\":[\"https:\\\/\\\/www.facebook.com\\\/AlaMikkula\\\/\"]}]}<\/script>\n<!-- \/ Yoast SEO plugin. -->","yoast_head_json":{"title":"R&D 910-014 Joustokytkin - Veneakselisto.com - verkkokauppa","description":"R&D 910-014 Joustokytkin Hurth HBW10-250, Velvet Drive, TMC Technodrive... Tuotteen toimittaa aina edullinen Veneakselisto.com","robots":{"index":"index","follow":"follow","max-snippet":"max-snippet:-1","max-image-preview":"max-image-preview:large","max-video-preview":"max-video-preview:-1"},"canonical":"https:\/\/veneakselisto.com\/kauppa\/tuote\/rd-910-014-joustokytkin-hurth-4\/","og_locale":"fi_FI","og_type":"article","og_title":"R&D 910-014 Joustokytkin - Veneakselisto.com - verkkokauppa","og_description":"R&D 910-014 Joustokytkin Hurth HBW10-250, Velvet Drive, TMC Technodrive... Tuotteen toimittaa aina edullinen Veneakselisto.com","og_url":"https:\/\/veneakselisto.com\/kauppa\/tuote\/rd-910-014-joustokytkin-hurth-4\/","og_site_name":"Veneakselisto.com - verkkokauppa","article_publisher":"https:\/\/www.facebook.com\/AlaMikkula\/","article_modified_time":"2025-03-17T17:40:35+00:00","og_image":[{"width":700,"height":700,"url":"https:\/\/veneakselisto.com\/kauppa\/wp-content\/uploads\/2016\/05\/FLEX-COUPLING-910-009.jpg","type":"image\/jpeg"}],"twitter_card":"summary_large_image","twitter_misc":{"Arvioitu lukuaika":"1 minuutti"},"schema":{"@context":"https:\/\/schema.org","@graph":[{"@type":"WebPage","@id":"https:\/\/veneakselisto.com\/kauppa\/tuote\/rd-910-014-joustokytkin-hurth-4\/","url":"https:\/\/veneakselisto.com\/kauppa\/tuote\/rd-910-014-joustokytkin-hurth-4\/","name":"R&D 910-014 Joustokytkin - Veneakselisto.com - verkkokauppa","isPartOf":{"@id":"https:\/\/veneakselisto.com\/kauppa\/#website"},"primaryImageOfPage":{"@id":"https:\/\/veneakselisto.com\/kauppa\/tuote\/rd-910-014-joustokytkin-hurth-4\/#primaryimage"},"image":{"@id":"https:\/\/veneakselisto.com\/kauppa\/tuote\/rd-910-014-joustokytkin-hurth-4\/#primaryimage"},"thumbnailUrl":"https:\/\/i0.wp.com\/veneakselisto.com\/kauppa\/wp-content\/uploads\/2016\/05\/FLEX-COUPLING-910-009.jpg?fit=700%2C700&ssl=1","datePublished":"2023-11-07T12:24:30+00:00","dateModified":"2025-03-17T17:40:35+00:00","description":"R&D 910-014 Joustokytkin Hurth HBW10-250, Velvet Drive, TMC Technodrive... Tuotteen toimittaa aina edullinen Veneakselisto.com","breadcrumb":{"@id":"https:\/\/veneakselisto.com\/kauppa\/tuote\/rd-910-014-joustokytkin-hurth-4\/#breadcrumb"},"inLanguage":"fi","potentialAction":[{"@type":"ReadAction","target":["https:\/\/veneakselisto.com\/kauppa\/tuote\/rd-910-014-joustokytkin-hurth-4\/"]}]},{"@type":"ImageObject","inLanguage":"fi","@id":"https:\/\/veneakselisto.com\/kauppa\/tuote\/rd-910-014-joustokytkin-hurth-4\/#primaryimage","url":"https:\/\/i0.wp.com\/veneakselisto.com\/kauppa\/wp-content\/uploads\/2016\/05\/FLEX-COUPLING-910-009.jpg?fit=700%2C700&ssl=1","contentUrl":"https:\/\/i0.wp.com\/veneakselisto.com\/kauppa\/wp-content\/uploads\/2016\/05\/FLEX-COUPLING-910-009.jpg?fit=700%2C700&ssl=1","width":700,"height":700,"caption":"Joustokytkin veneakselisto.com verkkokauppa"},{"@type":"BreadcrumbList","@id":"https:\/\/veneakselisto.com\/kauppa\/tuote\/rd-910-014-joustokytkin-hurth-4\/#breadcrumb","itemListElement":[{"@type":"ListItem","position":1,"name":"Etusivu","item":"https:\/\/veneakselisto.com\/kauppa\/"},{"@type":"ListItem","position":2,"name":"Kauppa","item":"https:\/\/veneakselisto.com\/kauppa\/"},{"@type":"ListItem","position":3,"name":"R&#038;D 910-014 Joustokytkin Hurth 4&#8243;"}]},{"@type":"WebSite","@id":"https:\/\/veneakselisto.com\/kauppa\/#website","url":"https:\/\/veneakselisto.com\/kauppa\/","name":"Veneakselisto.com - verkkokauppa","description":"Venetarvikkeiden maahantuonti ja myynti","publisher":{"@id":"https:\/\/veneakselisto.com\/kauppa\/#organization"},"potentialAction":[{"@type":"SearchAction","target":{"@type":"EntryPoint","urlTemplate":"https:\/\/veneakselisto.com\/kauppa\/?s={search_term_string}"},"query-input":{"@type":"PropertyValueSpecification","valueRequired":true,"valueName":"search_term_string"}}],"inLanguage":"fi"},{"@type":"Organization","@id":"https:\/\/veneakselisto.com\/kauppa\/#organization","name":"Veneakselisto.com verkkokauppa","url":"https:\/\/veneakselisto.com\/kauppa\/","logo":{"@type":"ImageObject","inLanguage":"fi","@id":"https:\/\/veneakselisto.com\/kauppa\/#\/schema\/logo\/image\/","url":"https:\/\/i2.wp.com\/veneakselisto.com\/kauppa\/wp-content\/uploads\/2016\/06\/fb_icon.jpg?fit=327%2C327&ssl=1","contentUrl":"https:\/\/i2.wp.com\/veneakselisto.com\/kauppa\/wp-content\/uploads\/2016\/06\/fb_icon.jpg?fit=327%2C327&ssl=1","width":327,"height":327,"caption":"Veneakselisto.com verkkokauppa"},"image":{"@id":"https:\/\/veneakselisto.com\/kauppa\/#\/schema\/logo\/image\/"},"sameAs":["https:\/\/www.facebook.com\/AlaMikkula\/"]}]}},"jetpack_publicize_connections":[],"jetpack_sharing_enabled":true,"_links":{"self":[{"href":"https:\/\/veneakselisto.com\/kauppa\/wp-json\/wp\/v2\/product\/17858","targetHints":{"allow":["GET"]}}],"collection":[{"href":"https:\/\/veneakselisto.com\/kauppa\/wp-json\/wp\/v2\/product"}],"about":[{"href":"https:\/\/veneakselisto.com\/kauppa\/wp-json\/wp\/v2\/types\/product"}],"replies":[{"embeddable":true,"href":"https:\/\/veneakselisto.com\/kauppa\/wp-json\/wp\/v2\/comments?post=17858"}],"wp:featuredmedia":[{"embeddable":true,"href":"https:\/\/veneakselisto.com\/kauppa\/wp-json\/wp\/v2\/media\/806"}],"wp:attachment":[{"href":"https:\/\/veneakselisto.com\/kauppa\/wp-json\/wp\/v2\/media?parent=17858"}],"wp:term":[{"taxonomy":"product_brand","embeddable":true,"href":"https:\/\/veneakselisto.com\/kauppa\/wp-json\/wp\/v2\/product_brand?post=17858"},{"taxonomy":"product_cat","embeddable":true,"href":"https:\/\/veneakselisto.com\/kauppa\/wp-json\/wp\/v2\/product_cat?post=17858"},{"taxonomy":"product_tag","embeddable":true,"href":"https:\/\/veneakselisto.com\/kauppa\/wp-json\/wp\/v2\/product_tag?post=17858"}],"curies":[{"name":"wp","href":"https:\/\/api.w.org\/{rel}","templated":true}]}}