{"id":17731,"date":"2023-09-25T10:11:08","date_gmt":"2023-09-25T07:11:08","guid":{"rendered":"https:\/\/veneakselisto.com\/kauppa\/?post_type=product&#038;p=17731"},"modified":"2024-09-01T00:31:01","modified_gmt":"2024-08-31T21:31:01","slug":"python-drive-nivelyksikkosarja-p140-t-50mm","status":"publish","type":"product","link":"https:\/\/veneakselisto.com\/kauppa\/tuote\/python-drive-nivelyksikkosarja-p140-t-50mm\/","title":{"rendered":"Python-Drive nivelyksikk\u00f6sarja P140-T 50mm"},"content":{"rendered":"<div class=\"wpb-content-wrapper\"><p>[vc_row][vc_column][vc_column_text]Python-Drive nivelyksikk\u00f6sarja P140-T 50mm<\/p>\n<p>Max. v\u00e4\u00e4nt\u00f6momentti: 140 kgm \/ 1373 Nm<br \/>\nAkselikoko 50mm<br \/>\nMaksimi ty\u00f6nt\u00f6voima: 16 kN<br \/>\nesim.: 160hv \/ 2500 rpm v\u00e4litys 3:1[\/vc_column_text][\/vc_column][\/vc_row][vc_row][vc_column][vc_single_image image=&#8221;49&#8243; img_size=&#8221;full&#8221;][\/vc_column][\/vc_row]<\/p>\n<p>Useita eri akselikokoja ja sovitelaippoja vaihteen mallin mukaan.<\/p>\n<p>Nivelyksikk\u00f6\u00e4 k\u00e4ytett\u00e4ess\u00e4 akselin tarkka tarkka linjaus ei ole tarpeen ja potkuriakselisto voidaan asentaa eri kulmaan, optimaaliseen asentoon moottoriin n\u00e4hden. Painelaakerissa olevat kumityynyt vaimentavat potkuriakselista tulevat v\u00e4rin\u00e4t tehokkaasti ja samalla pienent\u00e4\u00e4 akselistosta johtuvaa resonanssia veneen runkoon. Nivelyksikk\u00f6; suojaa my\u00f6s vaihteistoa aksiaalisuuntaiselta kuormalta.<\/p>\n<p>Nivelyksik\u00f6nn painelaakeri kiinnitet\u00e4\u00e4n veneen runkoon tukevasti asennettuun kiinnityslevyyn\/laipioon (ei toimiteta nivelyksik\u00f6n mukana), potkuriakseli kiinnitet\u00e4\u00e4n painelaakeriin puristusliitoksella, kitkakiristysholkilla. Nivelyksik\u00f6n mukana toimitetaan merivaihteen mukaan valittu adapterilaippa, jolla nivel kiinnitet\u00e4\u00e4n merivaihteeseen<\/p>\n<p>Nivelyksikk\u00f6 toimitetaan t\u00e4ydellisen\u00e4 pakettina sis\u00e4lt\u00e4en:<br \/>\n\u2013 painelaakeriyksik\u00f6n<br \/>\n\u2013 vakionopeusnivelen<br \/>\n\u2013 merivaihteeseen sopivan adapterilaipan<br \/>\n\u2013 kumisarjan laipioon kiinnityst\u00e4 varten<\/p>\n<p>Python-Drive vakionopeusnivelet on saatavana tilauksesta my\u00f6s erikoismittaisella nivel -akselilla, mik\u00e4 mahdollistaa nivelyksik\u00f6n asentamisen sopivaan kohtaan veneen tilojen ja moottorin sijainnin mukaan.<\/p>\n<\/div>","protected":false},"excerpt":{"rendered":"<p>[vc_row][vc_column][vc_column_text]Python-Drive nivelyksikk\u00f6sarja P140-T 50mm<\/p>\n<p>Max. v\u00e4\u00e4nt\u00f6momentti: 140 kgm \/ 1373 Nm<br \/>\nAkselikoko 50mm<br \/>\nMaksimi ty\u00f6nt\u00f6voima: 16 kN<br \/>\nesim.: 160hv \/ 2500 rpm v\u00e4litys 3:1[\/vc_column_text][\/vc_column][\/vc_row][vc_row][vc_column][vc_single_image image=&#8221;49&#8243; img_size=&#8221;full&#8221;][\/vc_column][\/vc_row]<\/p>\n<p>Verkkokauppatuote. Toimitus 2-6pv normaalisti<\/p>\n","protected":false},"featured_media":433,"comment_status":"open","ping_status":"closed","template":"","meta":{"jetpack_post_was_ever_published":false,"jetpack_publicize_message":"","jetpack_publicize_feature_enabled":true,"jetpack_social_post_already_shared":true,"jetpack_social_options":{"image_generator_settings":{"template":"highway","default_image_id":0,"font":"","enabled":false},"version":2}},"product_brand":[],"product_cat":[460,36],"product_tag":[93,112,114,110,86],"class_list":{"0":"post-17731","1":"product","2":"type-product","3":"status-publish","4":"has-post-thumbnail","6":"product_cat-joustokytkimet_potkuriakselit_ja_tarvikkeet","7":"product_cat-python_drive","8":"product_tag-40mm","9":"product_tag-45mm","10":"product_tag-50mm","11":"product_tag-55mm","12":"product_tag-nivelyksikko","13":"brand-python-drive","15":"first","16":"instock","17":"sale","18":"taxable","19":"shipping-taxable","20":"purchasable","21":"product-type-simple"},"yoast_head":"<!-- This site is optimized with the Yoast SEO plugin v27.3 - https:\/\/yoast.com\/product\/yoast-seo-wordpress\/ -->\n<title>Python-Drive nivelyksikk\u00f6sarja P140-T 50mm - Veneakselisto.com<\/title>\n<meta name=\"description\" content=\"Python-Drive nivelyksikk\u00f6sarja P140-T 50mm. Tuotteen toimittaa aina edullinen Veneakselisto.com - Venetarvikkeiden maahantuonti ja myynti.\" \/>\n<meta name=\"robots\" content=\"index, follow, max-snippet:-1, max-image-preview:large, max-video-preview:-1\" \/>\n<link rel=\"canonical\" href=\"https:\/\/veneakselisto.com\/kauppa\/tuote\/python-drive-nivelyksikkosarja-p140-t-50mm\/\" \/>\n<meta property=\"og:locale\" content=\"fi_FI\" \/>\n<meta property=\"og:type\" content=\"article\" \/>\n<meta property=\"og:title\" content=\"Python-Drive nivelyksikk\u00f6sarja P140-T 50mm - Veneakselisto.com\" \/>\n<meta property=\"og:description\" content=\"Python-Drive nivelyksikk\u00f6sarja P140-T 50mm. Tuotteen toimittaa aina edullinen Veneakselisto.com - Venetarvikkeiden maahantuonti ja myynti.\" \/>\n<meta property=\"og:url\" content=\"https:\/\/veneakselisto.com\/kauppa\/tuote\/python-drive-nivelyksikkosarja-p140-t-50mm\/\" \/>\n<meta property=\"og:site_name\" content=\"Veneakselisto.com - verkkokauppa\" \/>\n<meta property=\"article:publisher\" content=\"https:\/\/www.facebook.com\/AlaMikkula\/\" \/>\n<meta property=\"article:modified_time\" content=\"2024-08-31T21:31:01+00:00\" \/>\n<meta property=\"og:image\" content=\"https:\/\/veneakselisto.com\/kauppa\/wp-content\/uploads\/2016\/03\/P140-T.jpg\" \/>\n\t<meta property=\"og:image:width\" content=\"600\" \/>\n\t<meta property=\"og:image:height\" content=\"600\" \/>\n\t<meta property=\"og:image:type\" content=\"image\/jpeg\" \/>\n<meta name=\"twitter:card\" content=\"summary_large_image\" \/>\n<meta name=\"twitter:label1\" content=\"Arvioitu lukuaika\" \/>\n\t<meta name=\"twitter:data1\" content=\"1 minuutti\" \/>\n<script type=\"application\/ld+json\" class=\"yoast-schema-graph\">{\"@context\":\"https:\\\/\\\/schema.org\",\"@graph\":[{\"@type\":\"WebPage\",\"@id\":\"https:\\\/\\\/veneakselisto.com\\\/kauppa\\\/tuote\\\/python-drive-nivelyksikkosarja-p140-t-50mm\\\/\",\"url\":\"https:\\\/\\\/veneakselisto.com\\\/kauppa\\\/tuote\\\/python-drive-nivelyksikkosarja-p140-t-50mm\\\/\",\"name\":\"Python-Drive nivelyksikk\u00f6sarja P140-T 50mm - Veneakselisto.com\",\"isPartOf\":{\"@id\":\"https:\\\/\\\/veneakselisto.com\\\/kauppa\\\/#website\"},\"primaryImageOfPage\":{\"@id\":\"https:\\\/\\\/veneakselisto.com\\\/kauppa\\\/tuote\\\/python-drive-nivelyksikkosarja-p140-t-50mm\\\/#primaryimage\"},\"image\":{\"@id\":\"https:\\\/\\\/veneakselisto.com\\\/kauppa\\\/tuote\\\/python-drive-nivelyksikkosarja-p140-t-50mm\\\/#primaryimage\"},\"thumbnailUrl\":\"https:\\\/\\\/i0.wp.com\\\/veneakselisto.com\\\/kauppa\\\/wp-content\\\/uploads\\\/2016\\\/03\\\/P140-T.jpg?fit=600%2C600&ssl=1\",\"datePublished\":\"2023-09-25T07:11:08+00:00\",\"dateModified\":\"2024-08-31T21:31:01+00:00\",\"description\":\"Python-Drive nivelyksikk\u00f6sarja P140-T 50mm. Tuotteen toimittaa aina edullinen Veneakselisto.com - Venetarvikkeiden maahantuonti ja myynti.\",\"breadcrumb\":{\"@id\":\"https:\\\/\\\/veneakselisto.com\\\/kauppa\\\/tuote\\\/python-drive-nivelyksikkosarja-p140-t-50mm\\\/#breadcrumb\"},\"inLanguage\":\"fi\",\"potentialAction\":[{\"@type\":\"ReadAction\",\"target\":[\"https:\\\/\\\/veneakselisto.com\\\/kauppa\\\/tuote\\\/python-drive-nivelyksikkosarja-p140-t-50mm\\\/\"]}]},{\"@type\":\"ImageObject\",\"inLanguage\":\"fi\",\"@id\":\"https:\\\/\\\/veneakselisto.com\\\/kauppa\\\/tuote\\\/python-drive-nivelyksikkosarja-p140-t-50mm\\\/#primaryimage\",\"url\":\"https:\\\/\\\/i0.wp.com\\\/veneakselisto.com\\\/kauppa\\\/wp-content\\\/uploads\\\/2016\\\/03\\\/P140-T.jpg?fit=600%2C600&ssl=1\",\"contentUrl\":\"https:\\\/\\\/i0.wp.com\\\/veneakselisto.com\\\/kauppa\\\/wp-content\\\/uploads\\\/2016\\\/03\\\/P140-T.jpg?fit=600%2C600&ssl=1\",\"width\":600,\"height\":600,\"caption\":\"P140-T - Python-Drive -nivelyksikk\u00f6\"},{\"@type\":\"BreadcrumbList\",\"@id\":\"https:\\\/\\\/veneakselisto.com\\\/kauppa\\\/tuote\\\/python-drive-nivelyksikkosarja-p140-t-50mm\\\/#breadcrumb\",\"itemListElement\":[{\"@type\":\"ListItem\",\"position\":1,\"name\":\"Etusivu\",\"item\":\"https:\\\/\\\/veneakselisto.com\\\/kauppa\\\/\"},{\"@type\":\"ListItem\",\"position\":2,\"name\":\"Kauppa\",\"item\":\"https:\\\/\\\/veneakselisto.com\\\/kauppa\\\/\"},{\"@type\":\"ListItem\",\"position\":3,\"name\":\"Python-Drive nivelyksikk\u00f6sarja P140-T 50mm\"}]},{\"@type\":\"WebSite\",\"@id\":\"https:\\\/\\\/veneakselisto.com\\\/kauppa\\\/#website\",\"url\":\"https:\\\/\\\/veneakselisto.com\\\/kauppa\\\/\",\"name\":\"Veneakselisto.com - verkkokauppa\",\"description\":\"Venetarvikkeiden maahantuonti ja myynti\",\"publisher\":{\"@id\":\"https:\\\/\\\/veneakselisto.com\\\/kauppa\\\/#organization\"},\"potentialAction\":[{\"@type\":\"SearchAction\",\"target\":{\"@type\":\"EntryPoint\",\"urlTemplate\":\"https:\\\/\\\/veneakselisto.com\\\/kauppa\\\/?s={search_term_string}\"},\"query-input\":{\"@type\":\"PropertyValueSpecification\",\"valueRequired\":true,\"valueName\":\"search_term_string\"}}],\"inLanguage\":\"fi\"},{\"@type\":\"Organization\",\"@id\":\"https:\\\/\\\/veneakselisto.com\\\/kauppa\\\/#organization\",\"name\":\"Veneakselisto.com verkkokauppa\",\"url\":\"https:\\\/\\\/veneakselisto.com\\\/kauppa\\\/\",\"logo\":{\"@type\":\"ImageObject\",\"inLanguage\":\"fi\",\"@id\":\"https:\\\/\\\/veneakselisto.com\\\/kauppa\\\/#\\\/schema\\\/logo\\\/image\\\/\",\"url\":\"https:\\\/\\\/i2.wp.com\\\/veneakselisto.com\\\/kauppa\\\/wp-content\\\/uploads\\\/2016\\\/06\\\/fb_icon.jpg?fit=327%2C327&ssl=1\",\"contentUrl\":\"https:\\\/\\\/i2.wp.com\\\/veneakselisto.com\\\/kauppa\\\/wp-content\\\/uploads\\\/2016\\\/06\\\/fb_icon.jpg?fit=327%2C327&ssl=1\",\"width\":327,\"height\":327,\"caption\":\"Veneakselisto.com verkkokauppa\"},\"image\":{\"@id\":\"https:\\\/\\\/veneakselisto.com\\\/kauppa\\\/#\\\/schema\\\/logo\\\/image\\\/\"},\"sameAs\":[\"https:\\\/\\\/www.facebook.com\\\/AlaMikkula\\\/\"]}]}<\/script>\n<!-- \/ Yoast SEO plugin. -->","yoast_head_json":{"title":"Python-Drive nivelyksikk\u00f6sarja P140-T 50mm - Veneakselisto.com","description":"Python-Drive nivelyksikk\u00f6sarja P140-T 50mm. Tuotteen toimittaa aina edullinen Veneakselisto.com - Venetarvikkeiden maahantuonti ja myynti.","robots":{"index":"index","follow":"follow","max-snippet":"max-snippet:-1","max-image-preview":"max-image-preview:large","max-video-preview":"max-video-preview:-1"},"canonical":"https:\/\/veneakselisto.com\/kauppa\/tuote\/python-drive-nivelyksikkosarja-p140-t-50mm\/","og_locale":"fi_FI","og_type":"article","og_title":"Python-Drive nivelyksikk\u00f6sarja P140-T 50mm - Veneakselisto.com","og_description":"Python-Drive nivelyksikk\u00f6sarja P140-T 50mm. Tuotteen toimittaa aina edullinen Veneakselisto.com - Venetarvikkeiden maahantuonti ja myynti.","og_url":"https:\/\/veneakselisto.com\/kauppa\/tuote\/python-drive-nivelyksikkosarja-p140-t-50mm\/","og_site_name":"Veneakselisto.com - verkkokauppa","article_publisher":"https:\/\/www.facebook.com\/AlaMikkula\/","article_modified_time":"2024-08-31T21:31:01+00:00","og_image":[{"width":600,"height":600,"url":"https:\/\/veneakselisto.com\/kauppa\/wp-content\/uploads\/2016\/03\/P140-T.jpg","type":"image\/jpeg"}],"twitter_card":"summary_large_image","twitter_misc":{"Arvioitu lukuaika":"1 minuutti"},"schema":{"@context":"https:\/\/schema.org","@graph":[{"@type":"WebPage","@id":"https:\/\/veneakselisto.com\/kauppa\/tuote\/python-drive-nivelyksikkosarja-p140-t-50mm\/","url":"https:\/\/veneakselisto.com\/kauppa\/tuote\/python-drive-nivelyksikkosarja-p140-t-50mm\/","name":"Python-Drive nivelyksikk\u00f6sarja P140-T 50mm - Veneakselisto.com","isPartOf":{"@id":"https:\/\/veneakselisto.com\/kauppa\/#website"},"primaryImageOfPage":{"@id":"https:\/\/veneakselisto.com\/kauppa\/tuote\/python-drive-nivelyksikkosarja-p140-t-50mm\/#primaryimage"},"image":{"@id":"https:\/\/veneakselisto.com\/kauppa\/tuote\/python-drive-nivelyksikkosarja-p140-t-50mm\/#primaryimage"},"thumbnailUrl":"https:\/\/i0.wp.com\/veneakselisto.com\/kauppa\/wp-content\/uploads\/2016\/03\/P140-T.jpg?fit=600%2C600&ssl=1","datePublished":"2023-09-25T07:11:08+00:00","dateModified":"2024-08-31T21:31:01+00:00","description":"Python-Drive nivelyksikk\u00f6sarja P140-T 50mm. Tuotteen toimittaa aina edullinen Veneakselisto.com - Venetarvikkeiden maahantuonti ja myynti.","breadcrumb":{"@id":"https:\/\/veneakselisto.com\/kauppa\/tuote\/python-drive-nivelyksikkosarja-p140-t-50mm\/#breadcrumb"},"inLanguage":"fi","potentialAction":[{"@type":"ReadAction","target":["https:\/\/veneakselisto.com\/kauppa\/tuote\/python-drive-nivelyksikkosarja-p140-t-50mm\/"]}]},{"@type":"ImageObject","inLanguage":"fi","@id":"https:\/\/veneakselisto.com\/kauppa\/tuote\/python-drive-nivelyksikkosarja-p140-t-50mm\/#primaryimage","url":"https:\/\/i0.wp.com\/veneakselisto.com\/kauppa\/wp-content\/uploads\/2016\/03\/P140-T.jpg?fit=600%2C600&ssl=1","contentUrl":"https:\/\/i0.wp.com\/veneakselisto.com\/kauppa\/wp-content\/uploads\/2016\/03\/P140-T.jpg?fit=600%2C600&ssl=1","width":600,"height":600,"caption":"P140-T - Python-Drive -nivelyksikk\u00f6"},{"@type":"BreadcrumbList","@id":"https:\/\/veneakselisto.com\/kauppa\/tuote\/python-drive-nivelyksikkosarja-p140-t-50mm\/#breadcrumb","itemListElement":[{"@type":"ListItem","position":1,"name":"Etusivu","item":"https:\/\/veneakselisto.com\/kauppa\/"},{"@type":"ListItem","position":2,"name":"Kauppa","item":"https:\/\/veneakselisto.com\/kauppa\/"},{"@type":"ListItem","position":3,"name":"Python-Drive nivelyksikk\u00f6sarja P140-T 50mm"}]},{"@type":"WebSite","@id":"https:\/\/veneakselisto.com\/kauppa\/#website","url":"https:\/\/veneakselisto.com\/kauppa\/","name":"Veneakselisto.com - verkkokauppa","description":"Venetarvikkeiden maahantuonti ja myynti","publisher":{"@id":"https:\/\/veneakselisto.com\/kauppa\/#organization"},"potentialAction":[{"@type":"SearchAction","target":{"@type":"EntryPoint","urlTemplate":"https:\/\/veneakselisto.com\/kauppa\/?s={search_term_string}"},"query-input":{"@type":"PropertyValueSpecification","valueRequired":true,"valueName":"search_term_string"}}],"inLanguage":"fi"},{"@type":"Organization","@id":"https:\/\/veneakselisto.com\/kauppa\/#organization","name":"Veneakselisto.com verkkokauppa","url":"https:\/\/veneakselisto.com\/kauppa\/","logo":{"@type":"ImageObject","inLanguage":"fi","@id":"https:\/\/veneakselisto.com\/kauppa\/#\/schema\/logo\/image\/","url":"https:\/\/i2.wp.com\/veneakselisto.com\/kauppa\/wp-content\/uploads\/2016\/06\/fb_icon.jpg?fit=327%2C327&ssl=1","contentUrl":"https:\/\/i2.wp.com\/veneakselisto.com\/kauppa\/wp-content\/uploads\/2016\/06\/fb_icon.jpg?fit=327%2C327&ssl=1","width":327,"height":327,"caption":"Veneakselisto.com verkkokauppa"},"image":{"@id":"https:\/\/veneakselisto.com\/kauppa\/#\/schema\/logo\/image\/"},"sameAs":["https:\/\/www.facebook.com\/AlaMikkula\/"]}]}},"jetpack_publicize_connections":[],"jetpack_sharing_enabled":true,"_links":{"self":[{"href":"https:\/\/veneakselisto.com\/kauppa\/wp-json\/wp\/v2\/product\/17731","targetHints":{"allow":["GET"]}}],"collection":[{"href":"https:\/\/veneakselisto.com\/kauppa\/wp-json\/wp\/v2\/product"}],"about":[{"href":"https:\/\/veneakselisto.com\/kauppa\/wp-json\/wp\/v2\/types\/product"}],"replies":[{"embeddable":true,"href":"https:\/\/veneakselisto.com\/kauppa\/wp-json\/wp\/v2\/comments?post=17731"}],"wp:featuredmedia":[{"embeddable":true,"href":"https:\/\/veneakselisto.com\/kauppa\/wp-json\/wp\/v2\/media\/433"}],"wp:attachment":[{"href":"https:\/\/veneakselisto.com\/kauppa\/wp-json\/wp\/v2\/media?parent=17731"}],"wp:term":[{"taxonomy":"product_brand","embeddable":true,"href":"https:\/\/veneakselisto.com\/kauppa\/wp-json\/wp\/v2\/product_brand?post=17731"},{"taxonomy":"product_cat","embeddable":true,"href":"https:\/\/veneakselisto.com\/kauppa\/wp-json\/wp\/v2\/product_cat?post=17731"},{"taxonomy":"product_tag","embeddable":true,"href":"https:\/\/veneakselisto.com\/kauppa\/wp-json\/wp\/v2\/product_tag?post=17731"}],"curies":[{"name":"wp","href":"https:\/\/api.w.org\/{rel}","templated":true}]}}