{"id":17374,"date":"2023-07-26T11:03:29","date_gmt":"2023-07-26T08:03:29","guid":{"rendered":"https:\/\/veneakselisto.com\/kauppa\/?post_type=product&#038;p=17374"},"modified":"2026-04-07T10:31:19","modified_gmt":"2026-04-07T07:31:19","slug":"vetus-septijarjestelma-tmwbp-wc-istuimen-paneli","status":"publish","type":"product","link":"https:\/\/veneakselisto.com\/kauppa\/tuote\/vetus-septijarjestelma-tmwbp-wc-istuimen-paneli\/","title":{"rendered":"Vetus Septij\u00e4rjestelm\u00e4 TMWBP WC-istuimen paneli"},"content":{"rendered":"<p>Vetus Septij\u00e4rjestelm\u00e4 TMWBP WC-istuimen paneli<\/p>\n<p>TMWBP WC-istuimen paneli<\/p>\n<p>WC-istuimen paneli<br \/>\n(sopii TMW-sarjalle)<br \/>\nToiminnallisuutta parhaimmillaan<br \/>\nT\u00e4ss\u00e4 panelissa on nelj\u00e4 toimintoa. Eco-huuhtelu (\u00b1 1,2ltr),<br \/>\nnormaali huuhtelu (\u00b1 2,2ltr), t\u00e4ytt\u00f6 ja tyhjennys.<br \/>\nTuotetiedot<br \/>\n\u2022 Panelin mitat 110&#215;110 mm<br \/>\n\u2022 Asennussyvyys 50 mm<br \/>\n\u2022 T\u00e4ydellinen asennussarja mukaan lukien kolmen metrin<br \/>\nkaapeli<br \/>\n\u2022 Sopii 12 ja 24 V:n j\u00e4nnitteelle<br \/>\n\u2022 Vesitiivis IP65<\/p>\n<p>&nbsp;<\/p>\n","protected":false},"excerpt":{"rendered":"<p>Vetus Septij\u00e4rjestelm\u00e4 TMWBP WC-istuimen paneli<\/p>\n<p>TMWBP WC-istuimen paneli<\/p>\n<p>WC-istuimen paneli<br \/>\n(sopii TMW-sarjalle)<br \/>\nToiminnallisuutta parhaimmillaan<br \/>\nT\u00e4ss\u00e4 panelissa on nelj\u00e4 toimintoa. Eco-huuhtelu (\u00b1 1,2ltr),<br \/>\nnormaali huuhtelu (\u00b1 2,2ltr), t\u00e4ytt\u00f6 ja tyhjennys.<br \/>\nTuotetiedot<br \/>\n\u2022 Panelin mitat 110&#215;110 mm<br \/>\n\u2022 Asennussyvyys 50 mm<br \/>\n\u2022 T\u00e4ydellinen asennussarja mukaan lukien kolmen metrin<br \/>\nkaapeli<br \/>\n\u2022 Sopii 12 ja 24 V:n j\u00e4nnitteelle<br \/>\n\u2022 Vesitiivis IP65<\/p>\n<p>&nbsp;<\/p>\n","protected":false},"featured_media":17375,"comment_status":"open","ping_status":"closed","template":"","meta":{"jetpack_post_was_ever_published":false,"jetpack_publicize_message":"","jetpack_publicize_feature_enabled":true,"jetpack_social_post_already_shared":true,"jetpack_social_options":{"image_generator_settings":{"template":"highway","default_image_id":0,"font":"","enabled":false},"version":2}},"product_brand":[],"product_cat":[1063,142,470,1301,1101],"product_tag":[],"class_list":{"0":"post-17374","1":"product","2":"type-product","3":"status-publish","4":"has-post-thumbnail","6":"product_cat-vetus-septitankki-jatevesijarjestelma","7":"product_cat-vesi-ja-wc-jarjestelmat","8":"product_cat-vetus_vetus-venetarvikkeet_venetarvikeiden-maahantuonti-ja-myynti","9":"product_cat-vetus-wc-istuin","10":"product_cat-veneen-wc-istuin-tecma","11":"brand-vetus","13":"first","14":"onbackorder","15":"taxable","16":"shipping-taxable","17":"purchasable","18":"product-type-simple"},"yoast_head":"<!-- This site is optimized with the Yoast SEO plugin v27.3 - https:\/\/yoast.com\/product\/yoast-seo-wordpress\/ -->\n<title>Vetus Septij\u00e4rjestelm\u00e4 TMWBP WC-istuimen paneli - Veneakselisto.com - verkkokauppa<\/title>\n<meta name=\"description\" content=\"Vetus Septij\u00e4rjestelm\u00e4 TMWBS WC-istuimen paneli -TMWBS WC - Venetarvikkeiden maahantuonti ja myynti-Veneakselisto.\" \/>\n<meta name=\"robots\" content=\"index, follow, max-snippet:-1, max-image-preview:large, max-video-preview:-1\" \/>\n<link rel=\"canonical\" href=\"https:\/\/veneakselisto.com\/kauppa\/tuote\/vetus-septijarjestelma-tmwbp-wc-istuimen-paneli\/\" \/>\n<meta property=\"og:locale\" content=\"fi_FI\" \/>\n<meta property=\"og:type\" content=\"article\" \/>\n<meta property=\"og:title\" content=\"Vetus Septij\u00e4rjestelm\u00e4 TMWBP WC-istuimen paneli - Veneakselisto.com - verkkokauppa\" \/>\n<meta property=\"og:description\" content=\"Vetus Septij\u00e4rjestelm\u00e4 TMWBS WC-istuimen paneli -TMWBS WC - Venetarvikkeiden maahantuonti ja myynti-Veneakselisto.\" \/>\n<meta property=\"og:url\" content=\"https:\/\/veneakselisto.com\/kauppa\/tuote\/vetus-septijarjestelma-tmwbp-wc-istuimen-paneli\/\" \/>\n<meta property=\"og:site_name\" content=\"Veneakselisto.com - verkkokauppa\" \/>\n<meta property=\"article:publisher\" content=\"https:\/\/www.facebook.com\/AlaMikkula\/\" \/>\n<meta property=\"article:modified_time\" content=\"2026-04-07T07:31:19+00:00\" \/>\n<meta property=\"og:image\" content=\"https:\/\/veneakselisto.com\/kauppa\/wp-content\/uploads\/2023\/07\/TMWBP.png\" \/>\n\t<meta property=\"og:image:width\" content=\"500\" \/>\n\t<meta property=\"og:image:height\" content=\"500\" \/>\n\t<meta property=\"og:image:type\" content=\"image\/png\" \/>\n<meta name=\"twitter:card\" content=\"summary_large_image\" \/>\n<meta name=\"twitter:label1\" content=\"Arvioitu lukuaika\" \/>\n\t<meta name=\"twitter:data1\" content=\"1 minuutti\" \/>\n<script type=\"application\/ld+json\" class=\"yoast-schema-graph\">{\"@context\":\"https:\\\/\\\/schema.org\",\"@graph\":[{\"@type\":\"WebPage\",\"@id\":\"https:\\\/\\\/veneakselisto.com\\\/kauppa\\\/tuote\\\/vetus-septijarjestelma-tmwbp-wc-istuimen-paneli\\\/\",\"url\":\"https:\\\/\\\/veneakselisto.com\\\/kauppa\\\/tuote\\\/vetus-septijarjestelma-tmwbp-wc-istuimen-paneli\\\/\",\"name\":\"Vetus Septij\u00e4rjestelm\u00e4 TMWBP WC-istuimen paneli - Veneakselisto.com - verkkokauppa\",\"isPartOf\":{\"@id\":\"https:\\\/\\\/veneakselisto.com\\\/kauppa\\\/#website\"},\"primaryImageOfPage\":{\"@id\":\"https:\\\/\\\/veneakselisto.com\\\/kauppa\\\/tuote\\\/vetus-septijarjestelma-tmwbp-wc-istuimen-paneli\\\/#primaryimage\"},\"image\":{\"@id\":\"https:\\\/\\\/veneakselisto.com\\\/kauppa\\\/tuote\\\/vetus-septijarjestelma-tmwbp-wc-istuimen-paneli\\\/#primaryimage\"},\"thumbnailUrl\":\"https:\\\/\\\/i0.wp.com\\\/veneakselisto.com\\\/kauppa\\\/wp-content\\\/uploads\\\/2023\\\/07\\\/TMWBP.png?fit=500%2C500&ssl=1\",\"datePublished\":\"2023-07-26T08:03:29+00:00\",\"dateModified\":\"2026-04-07T07:31:19+00:00\",\"description\":\"Vetus Septij\u00e4rjestelm\u00e4 TMWBS WC-istuimen paneli -TMWBS WC - Venetarvikkeiden maahantuonti ja myynti-Veneakselisto.\",\"breadcrumb\":{\"@id\":\"https:\\\/\\\/veneakselisto.com\\\/kauppa\\\/tuote\\\/vetus-septijarjestelma-tmwbp-wc-istuimen-paneli\\\/#breadcrumb\"},\"inLanguage\":\"fi\",\"potentialAction\":[{\"@type\":\"ReadAction\",\"target\":[\"https:\\\/\\\/veneakselisto.com\\\/kauppa\\\/tuote\\\/vetus-septijarjestelma-tmwbp-wc-istuimen-paneli\\\/\"]}]},{\"@type\":\"ImageObject\",\"inLanguage\":\"fi\",\"@id\":\"https:\\\/\\\/veneakselisto.com\\\/kauppa\\\/tuote\\\/vetus-septijarjestelma-tmwbp-wc-istuimen-paneli\\\/#primaryimage\",\"url\":\"https:\\\/\\\/i0.wp.com\\\/veneakselisto.com\\\/kauppa\\\/wp-content\\\/uploads\\\/2023\\\/07\\\/TMWBP.png?fit=500%2C500&ssl=1\",\"contentUrl\":\"https:\\\/\\\/i0.wp.com\\\/veneakselisto.com\\\/kauppa\\\/wp-content\\\/uploads\\\/2023\\\/07\\\/TMWBP.png?fit=500%2C500&ssl=1\",\"width\":500,\"height\":500,\"caption\":\"Septij\u00e4rjestelm\u00e4-TMWBP-WC-istuimen-keinuvipukytkin-veneeseen-veneakselisto.com\"},{\"@type\":\"BreadcrumbList\",\"@id\":\"https:\\\/\\\/veneakselisto.com\\\/kauppa\\\/tuote\\\/vetus-septijarjestelma-tmwbp-wc-istuimen-paneli\\\/#breadcrumb\",\"itemListElement\":[{\"@type\":\"ListItem\",\"position\":1,\"name\":\"Etusivu\",\"item\":\"https:\\\/\\\/veneakselisto.com\\\/kauppa\\\/\"},{\"@type\":\"ListItem\",\"position\":2,\"name\":\"Kauppa\",\"item\":\"https:\\\/\\\/veneakselisto.com\\\/kauppa\\\/\"},{\"@type\":\"ListItem\",\"position\":3,\"name\":\"Vetus Septij\u00e4rjestelm\u00e4 TMWBP WC-istuimen paneli\"}]},{\"@type\":\"WebSite\",\"@id\":\"https:\\\/\\\/veneakselisto.com\\\/kauppa\\\/#website\",\"url\":\"https:\\\/\\\/veneakselisto.com\\\/kauppa\\\/\",\"name\":\"Veneakselisto.com - verkkokauppa\",\"description\":\"Venetarvikkeiden maahantuonti ja myynti\",\"publisher\":{\"@id\":\"https:\\\/\\\/veneakselisto.com\\\/kauppa\\\/#organization\"},\"potentialAction\":[{\"@type\":\"SearchAction\",\"target\":{\"@type\":\"EntryPoint\",\"urlTemplate\":\"https:\\\/\\\/veneakselisto.com\\\/kauppa\\\/?s={search_term_string}\"},\"query-input\":{\"@type\":\"PropertyValueSpecification\",\"valueRequired\":true,\"valueName\":\"search_term_string\"}}],\"inLanguage\":\"fi\"},{\"@type\":\"Organization\",\"@id\":\"https:\\\/\\\/veneakselisto.com\\\/kauppa\\\/#organization\",\"name\":\"Veneakselisto.com verkkokauppa\",\"url\":\"https:\\\/\\\/veneakselisto.com\\\/kauppa\\\/\",\"logo\":{\"@type\":\"ImageObject\",\"inLanguage\":\"fi\",\"@id\":\"https:\\\/\\\/veneakselisto.com\\\/kauppa\\\/#\\\/schema\\\/logo\\\/image\\\/\",\"url\":\"https:\\\/\\\/i2.wp.com\\\/veneakselisto.com\\\/kauppa\\\/wp-content\\\/uploads\\\/2016\\\/06\\\/fb_icon.jpg?fit=327%2C327&ssl=1\",\"contentUrl\":\"https:\\\/\\\/i2.wp.com\\\/veneakselisto.com\\\/kauppa\\\/wp-content\\\/uploads\\\/2016\\\/06\\\/fb_icon.jpg?fit=327%2C327&ssl=1\",\"width\":327,\"height\":327,\"caption\":\"Veneakselisto.com verkkokauppa\"},\"image\":{\"@id\":\"https:\\\/\\\/veneakselisto.com\\\/kauppa\\\/#\\\/schema\\\/logo\\\/image\\\/\"},\"sameAs\":[\"https:\\\/\\\/www.facebook.com\\\/AlaMikkula\\\/\"]}]}<\/script>\n<!-- \/ Yoast SEO plugin. -->","yoast_head_json":{"title":"Vetus Septij\u00e4rjestelm\u00e4 TMWBP WC-istuimen paneli - Veneakselisto.com - verkkokauppa","description":"Vetus Septij\u00e4rjestelm\u00e4 TMWBS WC-istuimen paneli -TMWBS WC - Venetarvikkeiden maahantuonti ja myynti-Veneakselisto.","robots":{"index":"index","follow":"follow","max-snippet":"max-snippet:-1","max-image-preview":"max-image-preview:large","max-video-preview":"max-video-preview:-1"},"canonical":"https:\/\/veneakselisto.com\/kauppa\/tuote\/vetus-septijarjestelma-tmwbp-wc-istuimen-paneli\/","og_locale":"fi_FI","og_type":"article","og_title":"Vetus Septij\u00e4rjestelm\u00e4 TMWBP WC-istuimen paneli - Veneakselisto.com - verkkokauppa","og_description":"Vetus Septij\u00e4rjestelm\u00e4 TMWBS WC-istuimen paneli -TMWBS WC - Venetarvikkeiden maahantuonti ja myynti-Veneakselisto.","og_url":"https:\/\/veneakselisto.com\/kauppa\/tuote\/vetus-septijarjestelma-tmwbp-wc-istuimen-paneli\/","og_site_name":"Veneakselisto.com - verkkokauppa","article_publisher":"https:\/\/www.facebook.com\/AlaMikkula\/","article_modified_time":"2026-04-07T07:31:19+00:00","og_image":[{"width":500,"height":500,"url":"https:\/\/veneakselisto.com\/kauppa\/wp-content\/uploads\/2023\/07\/TMWBP.png","type":"image\/png"}],"twitter_card":"summary_large_image","twitter_misc":{"Arvioitu lukuaika":"1 minuutti"},"schema":{"@context":"https:\/\/schema.org","@graph":[{"@type":"WebPage","@id":"https:\/\/veneakselisto.com\/kauppa\/tuote\/vetus-septijarjestelma-tmwbp-wc-istuimen-paneli\/","url":"https:\/\/veneakselisto.com\/kauppa\/tuote\/vetus-septijarjestelma-tmwbp-wc-istuimen-paneli\/","name":"Vetus Septij\u00e4rjestelm\u00e4 TMWBP WC-istuimen paneli - Veneakselisto.com - verkkokauppa","isPartOf":{"@id":"https:\/\/veneakselisto.com\/kauppa\/#website"},"primaryImageOfPage":{"@id":"https:\/\/veneakselisto.com\/kauppa\/tuote\/vetus-septijarjestelma-tmwbp-wc-istuimen-paneli\/#primaryimage"},"image":{"@id":"https:\/\/veneakselisto.com\/kauppa\/tuote\/vetus-septijarjestelma-tmwbp-wc-istuimen-paneli\/#primaryimage"},"thumbnailUrl":"https:\/\/i0.wp.com\/veneakselisto.com\/kauppa\/wp-content\/uploads\/2023\/07\/TMWBP.png?fit=500%2C500&ssl=1","datePublished":"2023-07-26T08:03:29+00:00","dateModified":"2026-04-07T07:31:19+00:00","description":"Vetus Septij\u00e4rjestelm\u00e4 TMWBS WC-istuimen paneli -TMWBS WC - Venetarvikkeiden maahantuonti ja myynti-Veneakselisto.","breadcrumb":{"@id":"https:\/\/veneakselisto.com\/kauppa\/tuote\/vetus-septijarjestelma-tmwbp-wc-istuimen-paneli\/#breadcrumb"},"inLanguage":"fi","potentialAction":[{"@type":"ReadAction","target":["https:\/\/veneakselisto.com\/kauppa\/tuote\/vetus-septijarjestelma-tmwbp-wc-istuimen-paneli\/"]}]},{"@type":"ImageObject","inLanguage":"fi","@id":"https:\/\/veneakselisto.com\/kauppa\/tuote\/vetus-septijarjestelma-tmwbp-wc-istuimen-paneli\/#primaryimage","url":"https:\/\/i0.wp.com\/veneakselisto.com\/kauppa\/wp-content\/uploads\/2023\/07\/TMWBP.png?fit=500%2C500&ssl=1","contentUrl":"https:\/\/i0.wp.com\/veneakselisto.com\/kauppa\/wp-content\/uploads\/2023\/07\/TMWBP.png?fit=500%2C500&ssl=1","width":500,"height":500,"caption":"Septij\u00e4rjestelm\u00e4-TMWBP-WC-istuimen-keinuvipukytkin-veneeseen-veneakselisto.com"},{"@type":"BreadcrumbList","@id":"https:\/\/veneakselisto.com\/kauppa\/tuote\/vetus-septijarjestelma-tmwbp-wc-istuimen-paneli\/#breadcrumb","itemListElement":[{"@type":"ListItem","position":1,"name":"Etusivu","item":"https:\/\/veneakselisto.com\/kauppa\/"},{"@type":"ListItem","position":2,"name":"Kauppa","item":"https:\/\/veneakselisto.com\/kauppa\/"},{"@type":"ListItem","position":3,"name":"Vetus Septij\u00e4rjestelm\u00e4 TMWBP WC-istuimen paneli"}]},{"@type":"WebSite","@id":"https:\/\/veneakselisto.com\/kauppa\/#website","url":"https:\/\/veneakselisto.com\/kauppa\/","name":"Veneakselisto.com - verkkokauppa","description":"Venetarvikkeiden maahantuonti ja myynti","publisher":{"@id":"https:\/\/veneakselisto.com\/kauppa\/#organization"},"potentialAction":[{"@type":"SearchAction","target":{"@type":"EntryPoint","urlTemplate":"https:\/\/veneakselisto.com\/kauppa\/?s={search_term_string}"},"query-input":{"@type":"PropertyValueSpecification","valueRequired":true,"valueName":"search_term_string"}}],"inLanguage":"fi"},{"@type":"Organization","@id":"https:\/\/veneakselisto.com\/kauppa\/#organization","name":"Veneakselisto.com verkkokauppa","url":"https:\/\/veneakselisto.com\/kauppa\/","logo":{"@type":"ImageObject","inLanguage":"fi","@id":"https:\/\/veneakselisto.com\/kauppa\/#\/schema\/logo\/image\/","url":"https:\/\/i2.wp.com\/veneakselisto.com\/kauppa\/wp-content\/uploads\/2016\/06\/fb_icon.jpg?fit=327%2C327&ssl=1","contentUrl":"https:\/\/i2.wp.com\/veneakselisto.com\/kauppa\/wp-content\/uploads\/2016\/06\/fb_icon.jpg?fit=327%2C327&ssl=1","width":327,"height":327,"caption":"Veneakselisto.com verkkokauppa"},"image":{"@id":"https:\/\/veneakselisto.com\/kauppa\/#\/schema\/logo\/image\/"},"sameAs":["https:\/\/www.facebook.com\/AlaMikkula\/"]}]}},"jetpack_publicize_connections":[],"jetpack_sharing_enabled":true,"_links":{"self":[{"href":"https:\/\/veneakselisto.com\/kauppa\/wp-json\/wp\/v2\/product\/17374","targetHints":{"allow":["GET"]}}],"collection":[{"href":"https:\/\/veneakselisto.com\/kauppa\/wp-json\/wp\/v2\/product"}],"about":[{"href":"https:\/\/veneakselisto.com\/kauppa\/wp-json\/wp\/v2\/types\/product"}],"replies":[{"embeddable":true,"href":"https:\/\/veneakselisto.com\/kauppa\/wp-json\/wp\/v2\/comments?post=17374"}],"wp:featuredmedia":[{"embeddable":true,"href":"https:\/\/veneakselisto.com\/kauppa\/wp-json\/wp\/v2\/media\/17375"}],"wp:attachment":[{"href":"https:\/\/veneakselisto.com\/kauppa\/wp-json\/wp\/v2\/media?parent=17374"}],"wp:term":[{"taxonomy":"product_brand","embeddable":true,"href":"https:\/\/veneakselisto.com\/kauppa\/wp-json\/wp\/v2\/product_brand?post=17374"},{"taxonomy":"product_cat","embeddable":true,"href":"https:\/\/veneakselisto.com\/kauppa\/wp-json\/wp\/v2\/product_cat?post=17374"},{"taxonomy":"product_tag","embeddable":true,"href":"https:\/\/veneakselisto.com\/kauppa\/wp-json\/wp\/v2\/product_tag?post=17374"}],"curies":[{"name":"wp","href":"https:\/\/api.w.org\/{rel}","templated":true}]}}