{"id":16666,"date":"2023-05-04T20:45:02","date_gmt":"2023-05-04T17:45:02","guid":{"rendered":"https:\/\/veneakselisto.com\/kauppa\/?post_type=product&#038;p=16666"},"modified":"2024-09-01T00:32:16","modified_gmt":"2024-08-31T21:32:16","slug":"vetus-twinlineb-moottorin-tuuletin","status":"publish","type":"product","link":"https:\/\/veneakselisto.com\/kauppa\/tuote\/vetus-twinlineb-moottorin-tuuletin\/","title":{"rendered":"Vetus TWINLINEB Moottorin tuuletin"},"content":{"rendered":"<p>Vetus TWINLINEB Moottorin tuuletin<\/p>\n<p>TWINLINEB Moottorin tuuletin<\/p>\n<p>Moottoritilan j\u00e4\u00e4hdytt\u00e4miseen ja bensiinih\u00f6yryjen poistoon<\/p>\n<p>Twinlineb on kipin\u00e4suojattu (IP67) puhallin jolla voidaan j\u00e4\u00e4hdytt\u00e4\u00e4 moottoritilaa moottorin sammuttamisen j\u00e4lkeen ja<br \/>\npoistaa bensiinih\u00f6yryj\u00e4 ennen k\u00e4ynnist\u00e4mist\u00e4.<\/p>\n<p>Tuotetiedot<\/p>\n<p>\u2022 T\u00e4ytt\u00e4\u00e4 ISO 9097 vaatimukset<br \/>\n\u2022 Voidaan yhdist\u00e4\u00e4 letkulla esimerkiksi Scirocco- tai Typhoon-ventiileihin<\/p>\n<p>Teho(m3\/min) &#8211; 7<\/p>\n<p>Letkun sis\u00e4halk(\u00d8) &#8211; 102<\/p>\n<p>Volt &#8211; Amp* &#8211; 12 V &#8211; 8,0 A maks.<\/p>\n<p>Huom: VETUS ei suosittele puhaltimien<br \/>\nk\u00e4ytt\u00e4mist\u00e4 moottorin imuilman<br \/>\nsy\u00f6tt\u00e4miseen.<\/p>\n","protected":false},"excerpt":{"rendered":"<p>Vetus TWINLINEB Moottorin tuuletin<\/p>\n<p>TWINLINEB Moottorin tuuletin<\/p>\n<p>Moottoritilan j\u00e4\u00e4hdytt\u00e4miseen ja bensiinih\u00f6yryjen poistoon<\/p>\n<p>Twinlineb on kipin\u00e4suojattu (IP67) puhallin jolla voidaan j\u00e4\u00e4hdytt\u00e4\u00e4 moottoritilaa moottorin sammuttamisen j\u00e4lkeen ja<br \/>\npoistaa bensiinih\u00f6yryj\u00e4 ennen k\u00e4ynnist\u00e4mist\u00e4.<\/p>\n<p>Tuotetiedot<\/p>\n<p>\u2022 T\u00e4ytt\u00e4\u00e4 ISO 9097 vaatimukset<br \/>\n\u2022 Voidaan yhdist\u00e4\u00e4 letkulla esimerkiksi Scirocco- tai Typhoon-ventiileihin<\/p>\n<p>Teho(m3\/min) &#8211; 7<\/p>\n<p>Letkun sis\u00e4halk(\u00d8) &#8211; 102<\/p>\n<p>Volt &#8211; Amp* &#8211; 12 V &#8211; 8,0 A maks.<\/p>\n<p>Huom: VETUS ei suosittele puhaltimien<br \/>\nk\u00e4ytt\u00e4mist\u00e4 moottorin imuilman<br \/>\nsy\u00f6tt\u00e4miseen.<\/p>\n","protected":false},"featured_media":16664,"comment_status":"open","ping_status":"closed","template":"","meta":{"jetpack_post_was_ever_published":false,"jetpack_publicize_message":"","jetpack_publicize_feature_enabled":true,"jetpack_social_post_already_shared":true,"jetpack_social_options":{"image_generator_settings":{"template":"highway","default_image_id":0,"font":"","enabled":false},"version":2}},"product_brand":[],"product_cat":[1295,470],"product_tag":[],"class_list":{"0":"post-16666","1":"product","2":"type-product","3":"status-publish","4":"has-post-thumbnail","6":"product_cat-ilmanvaihto_kansiventtiili_veneen","7":"product_cat-vetus_vetus-venetarvikkeet_venetarvikeiden-maahantuonti-ja-myynti","8":"brand-vetus","10":"first","11":"onbackorder","12":"taxable","13":"shipping-taxable","14":"purchasable","15":"product-type-simple"},"yoast_head":"<!-- This site is optimized with the Yoast SEO plugin v27.3 - https:\/\/yoast.com\/product\/yoast-seo-wordpress\/ -->\n<title>Vetus TWINLINEB Moottorin tuuletin - Veneakselisto.com - verkkokauppa<\/title>\n<meta name=\"description\" content=\"Vetus TWINLINEB Moottorin tuuletin -Vetus TWINLINEB on Moottorin tuuletin -Venetarvikkeiden maahantuonti ja myynti-Veneakselisto.\" \/>\n<meta name=\"robots\" content=\"index, follow, max-snippet:-1, max-image-preview:large, max-video-preview:-1\" \/>\n<link rel=\"canonical\" href=\"https:\/\/veneakselisto.com\/kauppa\/tuote\/vetus-twinlineb-moottorin-tuuletin\/\" \/>\n<meta property=\"og:locale\" content=\"fi_FI\" \/>\n<meta property=\"og:type\" content=\"article\" \/>\n<meta property=\"og:title\" content=\"Vetus TWINLINEB Moottorin tuuletin - Veneakselisto.com - verkkokauppa\" \/>\n<meta property=\"og:description\" content=\"Vetus TWINLINEB Moottorin tuuletin -Vetus TWINLINEB on Moottorin tuuletin -Venetarvikkeiden maahantuonti ja myynti-Veneakselisto.\" \/>\n<meta property=\"og:url\" content=\"https:\/\/veneakselisto.com\/kauppa\/tuote\/vetus-twinlineb-moottorin-tuuletin\/\" \/>\n<meta property=\"og:site_name\" content=\"Veneakselisto.com - verkkokauppa\" \/>\n<meta property=\"article:publisher\" content=\"https:\/\/www.facebook.com\/AlaMikkula\/\" \/>\n<meta property=\"article:modified_time\" content=\"2024-08-31T21:32:16+00:00\" \/>\n<meta property=\"og:image\" content=\"https:\/\/veneakselisto.com\/kauppa\/wp-content\/uploads\/2023\/05\/TWINLINE.png\" \/>\n\t<meta property=\"og:image:width\" content=\"500\" \/>\n\t<meta property=\"og:image:height\" content=\"500\" \/>\n\t<meta property=\"og:image:type\" content=\"image\/png\" \/>\n<meta name=\"twitter:card\" content=\"summary_large_image\" \/>\n<meta name=\"twitter:label1\" content=\"Arvioitu lukuaika\" \/>\n\t<meta name=\"twitter:data1\" content=\"1 minuutti\" \/>\n<script type=\"application\/ld+json\" class=\"yoast-schema-graph\">{\"@context\":\"https:\\\/\\\/schema.org\",\"@graph\":[{\"@type\":\"WebPage\",\"@id\":\"https:\\\/\\\/veneakselisto.com\\\/kauppa\\\/tuote\\\/vetus-twinlineb-moottorin-tuuletin\\\/\",\"url\":\"https:\\\/\\\/veneakselisto.com\\\/kauppa\\\/tuote\\\/vetus-twinlineb-moottorin-tuuletin\\\/\",\"name\":\"Vetus TWINLINEB Moottorin tuuletin - Veneakselisto.com - verkkokauppa\",\"isPartOf\":{\"@id\":\"https:\\\/\\\/veneakselisto.com\\\/kauppa\\\/#website\"},\"primaryImageOfPage\":{\"@id\":\"https:\\\/\\\/veneakselisto.com\\\/kauppa\\\/tuote\\\/vetus-twinlineb-moottorin-tuuletin\\\/#primaryimage\"},\"image\":{\"@id\":\"https:\\\/\\\/veneakselisto.com\\\/kauppa\\\/tuote\\\/vetus-twinlineb-moottorin-tuuletin\\\/#primaryimage\"},\"thumbnailUrl\":\"https:\\\/\\\/i0.wp.com\\\/veneakselisto.com\\\/kauppa\\\/wp-content\\\/uploads\\\/2023\\\/05\\\/TWINLINE.png?fit=500%2C500&ssl=1\",\"datePublished\":\"2023-05-04T17:45:02+00:00\",\"dateModified\":\"2024-08-31T21:32:16+00:00\",\"description\":\"Vetus TWINLINEB Moottorin tuuletin -Vetus TWINLINEB on Moottorin tuuletin -Venetarvikkeiden maahantuonti ja myynti-Veneakselisto.\",\"breadcrumb\":{\"@id\":\"https:\\\/\\\/veneakselisto.com\\\/kauppa\\\/tuote\\\/vetus-twinlineb-moottorin-tuuletin\\\/#breadcrumb\"},\"inLanguage\":\"fi\",\"potentialAction\":[{\"@type\":\"ReadAction\",\"target\":[\"https:\\\/\\\/veneakselisto.com\\\/kauppa\\\/tuote\\\/vetus-twinlineb-moottorin-tuuletin\\\/\"]}]},{\"@type\":\"ImageObject\",\"inLanguage\":\"fi\",\"@id\":\"https:\\\/\\\/veneakselisto.com\\\/kauppa\\\/tuote\\\/vetus-twinlineb-moottorin-tuuletin\\\/#primaryimage\",\"url\":\"https:\\\/\\\/i0.wp.com\\\/veneakselisto.com\\\/kauppa\\\/wp-content\\\/uploads\\\/2023\\\/05\\\/TWINLINE.png?fit=500%2C500&ssl=1\",\"contentUrl\":\"https:\\\/\\\/i0.wp.com\\\/veneakselisto.com\\\/kauppa\\\/wp-content\\\/uploads\\\/2023\\\/05\\\/TWINLINE.png?fit=500%2C500&ssl=1\",\"width\":500,\"height\":500,\"caption\":\"TWINLINED-Moottorin tuuletin-veneeseen-Vetus-venetarvikkeet-veneakselisto.com\"},{\"@type\":\"BreadcrumbList\",\"@id\":\"https:\\\/\\\/veneakselisto.com\\\/kauppa\\\/tuote\\\/vetus-twinlineb-moottorin-tuuletin\\\/#breadcrumb\",\"itemListElement\":[{\"@type\":\"ListItem\",\"position\":1,\"name\":\"Etusivu\",\"item\":\"https:\\\/\\\/veneakselisto.com\\\/kauppa\\\/\"},{\"@type\":\"ListItem\",\"position\":2,\"name\":\"Kauppa\",\"item\":\"https:\\\/\\\/veneakselisto.com\\\/kauppa\\\/\"},{\"@type\":\"ListItem\",\"position\":3,\"name\":\"Vetus TWINLINEB Moottorin tuuletin\"}]},{\"@type\":\"WebSite\",\"@id\":\"https:\\\/\\\/veneakselisto.com\\\/kauppa\\\/#website\",\"url\":\"https:\\\/\\\/veneakselisto.com\\\/kauppa\\\/\",\"name\":\"Veneakselisto.com - verkkokauppa\",\"description\":\"Venetarvikkeiden maahantuonti ja myynti\",\"publisher\":{\"@id\":\"https:\\\/\\\/veneakselisto.com\\\/kauppa\\\/#organization\"},\"potentialAction\":[{\"@type\":\"SearchAction\",\"target\":{\"@type\":\"EntryPoint\",\"urlTemplate\":\"https:\\\/\\\/veneakselisto.com\\\/kauppa\\\/?s={search_term_string}\"},\"query-input\":{\"@type\":\"PropertyValueSpecification\",\"valueRequired\":true,\"valueName\":\"search_term_string\"}}],\"inLanguage\":\"fi\"},{\"@type\":\"Organization\",\"@id\":\"https:\\\/\\\/veneakselisto.com\\\/kauppa\\\/#organization\",\"name\":\"Veneakselisto.com verkkokauppa\",\"url\":\"https:\\\/\\\/veneakselisto.com\\\/kauppa\\\/\",\"logo\":{\"@type\":\"ImageObject\",\"inLanguage\":\"fi\",\"@id\":\"https:\\\/\\\/veneakselisto.com\\\/kauppa\\\/#\\\/schema\\\/logo\\\/image\\\/\",\"url\":\"https:\\\/\\\/i2.wp.com\\\/veneakselisto.com\\\/kauppa\\\/wp-content\\\/uploads\\\/2016\\\/06\\\/fb_icon.jpg?fit=327%2C327&ssl=1\",\"contentUrl\":\"https:\\\/\\\/i2.wp.com\\\/veneakselisto.com\\\/kauppa\\\/wp-content\\\/uploads\\\/2016\\\/06\\\/fb_icon.jpg?fit=327%2C327&ssl=1\",\"width\":327,\"height\":327,\"caption\":\"Veneakselisto.com verkkokauppa\"},\"image\":{\"@id\":\"https:\\\/\\\/veneakselisto.com\\\/kauppa\\\/#\\\/schema\\\/logo\\\/image\\\/\"},\"sameAs\":[\"https:\\\/\\\/www.facebook.com\\\/AlaMikkula\\\/\"]}]}<\/script>\n<!-- \/ Yoast SEO plugin. -->","yoast_head_json":{"title":"Vetus TWINLINEB Moottorin tuuletin - Veneakselisto.com - verkkokauppa","description":"Vetus TWINLINEB Moottorin tuuletin -Vetus TWINLINEB on Moottorin tuuletin -Venetarvikkeiden maahantuonti ja myynti-Veneakselisto.","robots":{"index":"index","follow":"follow","max-snippet":"max-snippet:-1","max-image-preview":"max-image-preview:large","max-video-preview":"max-video-preview:-1"},"canonical":"https:\/\/veneakselisto.com\/kauppa\/tuote\/vetus-twinlineb-moottorin-tuuletin\/","og_locale":"fi_FI","og_type":"article","og_title":"Vetus TWINLINEB Moottorin tuuletin - Veneakselisto.com - verkkokauppa","og_description":"Vetus TWINLINEB Moottorin tuuletin -Vetus TWINLINEB on Moottorin tuuletin -Venetarvikkeiden maahantuonti ja myynti-Veneakselisto.","og_url":"https:\/\/veneakselisto.com\/kauppa\/tuote\/vetus-twinlineb-moottorin-tuuletin\/","og_site_name":"Veneakselisto.com - verkkokauppa","article_publisher":"https:\/\/www.facebook.com\/AlaMikkula\/","article_modified_time":"2024-08-31T21:32:16+00:00","og_image":[{"width":500,"height":500,"url":"https:\/\/veneakselisto.com\/kauppa\/wp-content\/uploads\/2023\/05\/TWINLINE.png","type":"image\/png"}],"twitter_card":"summary_large_image","twitter_misc":{"Arvioitu lukuaika":"1 minuutti"},"schema":{"@context":"https:\/\/schema.org","@graph":[{"@type":"WebPage","@id":"https:\/\/veneakselisto.com\/kauppa\/tuote\/vetus-twinlineb-moottorin-tuuletin\/","url":"https:\/\/veneakselisto.com\/kauppa\/tuote\/vetus-twinlineb-moottorin-tuuletin\/","name":"Vetus TWINLINEB Moottorin tuuletin - Veneakselisto.com - verkkokauppa","isPartOf":{"@id":"https:\/\/veneakselisto.com\/kauppa\/#website"},"primaryImageOfPage":{"@id":"https:\/\/veneakselisto.com\/kauppa\/tuote\/vetus-twinlineb-moottorin-tuuletin\/#primaryimage"},"image":{"@id":"https:\/\/veneakselisto.com\/kauppa\/tuote\/vetus-twinlineb-moottorin-tuuletin\/#primaryimage"},"thumbnailUrl":"https:\/\/i0.wp.com\/veneakselisto.com\/kauppa\/wp-content\/uploads\/2023\/05\/TWINLINE.png?fit=500%2C500&ssl=1","datePublished":"2023-05-04T17:45:02+00:00","dateModified":"2024-08-31T21:32:16+00:00","description":"Vetus TWINLINEB Moottorin tuuletin -Vetus TWINLINEB on Moottorin tuuletin -Venetarvikkeiden maahantuonti ja myynti-Veneakselisto.","breadcrumb":{"@id":"https:\/\/veneakselisto.com\/kauppa\/tuote\/vetus-twinlineb-moottorin-tuuletin\/#breadcrumb"},"inLanguage":"fi","potentialAction":[{"@type":"ReadAction","target":["https:\/\/veneakselisto.com\/kauppa\/tuote\/vetus-twinlineb-moottorin-tuuletin\/"]}]},{"@type":"ImageObject","inLanguage":"fi","@id":"https:\/\/veneakselisto.com\/kauppa\/tuote\/vetus-twinlineb-moottorin-tuuletin\/#primaryimage","url":"https:\/\/i0.wp.com\/veneakselisto.com\/kauppa\/wp-content\/uploads\/2023\/05\/TWINLINE.png?fit=500%2C500&ssl=1","contentUrl":"https:\/\/i0.wp.com\/veneakselisto.com\/kauppa\/wp-content\/uploads\/2023\/05\/TWINLINE.png?fit=500%2C500&ssl=1","width":500,"height":500,"caption":"TWINLINED-Moottorin tuuletin-veneeseen-Vetus-venetarvikkeet-veneakselisto.com"},{"@type":"BreadcrumbList","@id":"https:\/\/veneakselisto.com\/kauppa\/tuote\/vetus-twinlineb-moottorin-tuuletin\/#breadcrumb","itemListElement":[{"@type":"ListItem","position":1,"name":"Etusivu","item":"https:\/\/veneakselisto.com\/kauppa\/"},{"@type":"ListItem","position":2,"name":"Kauppa","item":"https:\/\/veneakselisto.com\/kauppa\/"},{"@type":"ListItem","position":3,"name":"Vetus TWINLINEB Moottorin tuuletin"}]},{"@type":"WebSite","@id":"https:\/\/veneakselisto.com\/kauppa\/#website","url":"https:\/\/veneakselisto.com\/kauppa\/","name":"Veneakselisto.com - verkkokauppa","description":"Venetarvikkeiden maahantuonti ja myynti","publisher":{"@id":"https:\/\/veneakselisto.com\/kauppa\/#organization"},"potentialAction":[{"@type":"SearchAction","target":{"@type":"EntryPoint","urlTemplate":"https:\/\/veneakselisto.com\/kauppa\/?s={search_term_string}"},"query-input":{"@type":"PropertyValueSpecification","valueRequired":true,"valueName":"search_term_string"}}],"inLanguage":"fi"},{"@type":"Organization","@id":"https:\/\/veneakselisto.com\/kauppa\/#organization","name":"Veneakselisto.com verkkokauppa","url":"https:\/\/veneakselisto.com\/kauppa\/","logo":{"@type":"ImageObject","inLanguage":"fi","@id":"https:\/\/veneakselisto.com\/kauppa\/#\/schema\/logo\/image\/","url":"https:\/\/i2.wp.com\/veneakselisto.com\/kauppa\/wp-content\/uploads\/2016\/06\/fb_icon.jpg?fit=327%2C327&ssl=1","contentUrl":"https:\/\/i2.wp.com\/veneakselisto.com\/kauppa\/wp-content\/uploads\/2016\/06\/fb_icon.jpg?fit=327%2C327&ssl=1","width":327,"height":327,"caption":"Veneakselisto.com verkkokauppa"},"image":{"@id":"https:\/\/veneakselisto.com\/kauppa\/#\/schema\/logo\/image\/"},"sameAs":["https:\/\/www.facebook.com\/AlaMikkula\/"]}]}},"jetpack_publicize_connections":[],"jetpack_sharing_enabled":true,"_links":{"self":[{"href":"https:\/\/veneakselisto.com\/kauppa\/wp-json\/wp\/v2\/product\/16666","targetHints":{"allow":["GET"]}}],"collection":[{"href":"https:\/\/veneakselisto.com\/kauppa\/wp-json\/wp\/v2\/product"}],"about":[{"href":"https:\/\/veneakselisto.com\/kauppa\/wp-json\/wp\/v2\/types\/product"}],"replies":[{"embeddable":true,"href":"https:\/\/veneakselisto.com\/kauppa\/wp-json\/wp\/v2\/comments?post=16666"}],"wp:featuredmedia":[{"embeddable":true,"href":"https:\/\/veneakselisto.com\/kauppa\/wp-json\/wp\/v2\/media\/16664"}],"wp:attachment":[{"href":"https:\/\/veneakselisto.com\/kauppa\/wp-json\/wp\/v2\/media?parent=16666"}],"wp:term":[{"taxonomy":"product_brand","embeddable":true,"href":"https:\/\/veneakselisto.com\/kauppa\/wp-json\/wp\/v2\/product_brand?post=16666"},{"taxonomy":"product_cat","embeddable":true,"href":"https:\/\/veneakselisto.com\/kauppa\/wp-json\/wp\/v2\/product_cat?post=16666"},{"taxonomy":"product_tag","embeddable":true,"href":"https:\/\/veneakselisto.com\/kauppa\/wp-json\/wp\/v2\/product_tag?post=16666"}],"curies":[{"name":"wp","href":"https:\/\/api.w.org\/{rel}","templated":true}]}}