{"id":16349,"date":"2023-04-03T19:28:50","date_gmt":"2023-04-03T16:28:50","guid":{"rendered":"https:\/\/veneakselisto.com\/kauppa\/?post_type=product&#038;p=16349"},"modified":"2025-03-20T18:47:58","modified_gmt":"2025-03-20T16:47:58","slug":"btkit-asennussarja-jatevedelle","status":"publish","type":"product","link":"https:\/\/veneakselisto.com\/kauppa\/tuote\/btkit-asennussarja-jatevedelle\/","title":{"rendered":"BTKIT asennussarja j\u00e4tevedelle"},"content":{"rendered":"<p>BTKIT asennussarja j\u00e4tevedelle<\/p>\n<p>Asennussarja sis\u00e4lt\u00e4\u00e4 tarkistusluukun vastalaipalla,<br \/>\nkiinnitysruuvi, kaksi kiristysremmi\u00e4 sek\u00e4 kiristysty\u00f6kalun RTletkuliittimille.<br \/>\nTuotetiedot<br \/>\n\u2022 Ulkohalkaisija \u00d8156 mm<br \/>\n\u2022 Asennusreik\u00e4 \u00d8115 mm<\/p>\n<p>Miksi VETUS septij\u00e4rjestelm\u00e4t?<\/p>\n<p>Septij\u00e4rjestelmien yleisin ongelma on haju. Me olemme erikoistuneet septij\u00e4rjestelmiin ja tied\u00e4mme miten j\u00e4rjestelm\u00e4st\u00e4 saa l\u00e4hes<br \/>\nhajuttoman. Alla muutama t\u00e4rke\u00e4 asia. Lis\u00e4\u00e4 neuvoja hajuttomaan septij\u00e4rjestelm\u00e4\u00e4n l\u00f6yd\u00e4t kotisivuiltamme.<br \/>\nVinkkej\u00e4 hajuttomaan septij\u00e4rjestelm\u00e4\u00e4n<br \/>\n1. Letkut: Varmista, ett\u00e4 letkut on asennettu oikein ja siten ett\u00e4 niiss\u00e4 on riitt\u00e4v\u00e4sti kaatoa. Huuhtele letkut riitt\u00e4v\u00e4ll\u00e4 m\u00e4\u00e4r\u00e4ll\u00e4<br \/>\npuhdasta vett\u00e4 joka k\u00e4ytt\u00f6kerran j\u00e4lkeen.<br \/>\n2. Letkut: K\u00e4yt\u00e4 ainoastaan laadukasta septiletkua ja k\u00e4yt\u00e4 riitt\u00e4v\u00e4\u00e4 vesim\u00e4\u00e4r\u00e4\u00e4 huuhteluun.<br \/>\n3. Huuhtelu: Huuhteluun vaikuttaa my\u00f6s letkun halkaisija. VETUS WC-istuimissa voit k\u00e4ytt\u00e4\u00e4 my\u00f6s halkaisijaltaan pienemp\u00e4\u00e4 letkua<br \/>\n(25 ja 19 mm) jolloin huuhtelu tapahtuu kovemmalla paineella ja pienemm\u00e4ll\u00e4 vesim\u00e4\u00e4r\u00e4ll\u00e4.<br \/>\n4. Septitankki: Tankin tulee olla kaasutiivis ja tarpeeksi paksu. My\u00f6s tiivisteet ja l\u00e4piviennit tulee olla laadukkaita hajun<br \/>\nv\u00e4ltt\u00e4miseksi. Tankki kannattaa kuitenkin huuhdella s\u00e4\u00e4nn\u00f6llisesti. Kaikki VETUS septitankit on ISO 8099 sertifioitu.<br \/>\n5. Ilmanvaihto: Hyv\u00e4 tankin ilmanvaihto on edellytys hajuttomuudelle. K\u00e4yt\u00e4 v\u00e4hint\u00e4\u00e4n 19 mm:n huohotusletkua ja varmista ettei<br \/>\nse p\u00e4\u00e4se tukkeutumaan. Lis\u00e4ksi huohotinlinjaan on mahdollista asentaa hajusuodatin.<br \/>\nMonta hyv\u00e4\u00e4 syyt\u00e4 valita VETUS-septij\u00e4rjestelm\u00e4<br \/>\nVETUS WWS- t\u00e4ydellinen septitankki<br \/>\n\u2022 Helppo asennus, tilaas\u00e4\u00e4st\u00e4v\u00e4 kompakti koko<br \/>\n\u2022 Poistopumppu, huohotin- ja poistoliit\u00e4nt\u00e4, tarkistusluukku sek\u00e4 ultra\u00e4\u00e4nianturi valmiiksi asennettuna<br \/>\n\u2022 Tukeva ja t\u00e4ysin ruostumaton rakenne, saatavana 4 eri kokoa (42, 61, 88 ja 120 litraa)<br \/>\nVETUS EMP 140 j\u00e4tevesipumppu<br \/>\n\u2022 Tehokas kalvopumppu, varustettu \u201cankannokka\u201d-venttiilein<br \/>\n\u2022 Hiljainen, itsens\u00e4 ilmaava ja l\u00e4hes huoltovapaa<br \/>\n\u2022 Mukana py\u00f6riv\u00e4t liittimet jotka mahdollistaa liitt\u00e4misen eri suunnista<br \/>\n\u2022 Suuri teho, pumppaa jopa 27 litraa\/minuutissa, imukorkeus kolme metri\u00e4 ja poistokorkeus jopa viisi metri\u00e4<br \/>\nVETUS s\u00e4hk\u00f6iset WC-istuimet<br \/>\n\u2022 Laadukas helposti irrotettava \u201csoft close\u201d-kansi ja rengas<br \/>\n\u2022 Pieni huoltotarve ja alhainen vedenkulutus (ECO huuhtelu)<br \/>\n\u2022 Eritt\u00e4in hiljainen ja tehokas maseraattori ja haponkest\u00e4vill\u00e4 rst-terill\u00e4, tarvitsee ainoastaan 19 mm poistoletkun<br \/>\n\u2022 Istuinkulho posliinia, maseraattoriter\u00e4t haponkest\u00e4\u00e4 ter\u00e4st\u00e4<\/p>\n","protected":false},"excerpt":{"rendered":"<p>BTKIT asennussarja j\u00e4tevedelle<\/p>\n<p>Asennussarja sis\u00e4lt\u00e4\u00e4 tarkistusluukun vastalaipalla,<br \/>\nkiinnitysruuvi, kaksi kiristysremmi\u00e4 sek\u00e4 kiristysty\u00f6kalun RTletkuliittimille.<br \/>\nTuotetiedot<br \/>\n\u2022 Ulkohalkaisija \u00d8156 mm<br \/>\n\u2022 Asennusreik\u00e4 \u00d8115 mm<\/p>\n<p>&nbsp;<\/p>\n<p>Kaikilla tuotteilla normaalisti 1-5pv toimitusaika<\/p>\n","protected":false},"featured_media":16350,"comment_status":"open","ping_status":"closed","template":"","meta":{"jetpack_post_was_ever_published":false,"jetpack_publicize_message":"","jetpack_publicize_feature_enabled":true,"jetpack_social_post_already_shared":true,"jetpack_social_options":{"image_generator_settings":{"template":"highway","default_image_id":0,"font":"","enabled":false},"version":2}},"product_brand":[],"product_cat":[1063,58,1077,142],"product_tag":[475,474,436,98],"class_list":{"0":"post-16349","1":"product","2":"type-product","3":"status-publish","4":"has-post-thumbnail","6":"product_cat-vetus-septitankki-jatevesijarjestelma","7":"product_cat-jatevesipumput-ja-tarvikkeet","8":"product_cat-vetus-jatevesi-septisailio-tarvikkeet","9":"product_cat-vesi-ja-wc-jarjestelmat","10":"product_tag-polttoainetankki","11":"product_tag-septi","12":"product_tag-septipumppu","13":"product_tag-vetus","14":"brand-vetus","16":"first","17":"instock","18":"sale","19":"taxable","20":"shipping-taxable","21":"purchasable","22":"product-type-simple"},"yoast_head":"<!-- This site is optimized with the Yoast SEO plugin v27.3 - https:\/\/yoast.com\/product\/yoast-seo-wordpress\/ -->\n<title>BTKIT asennussarja j\u00e4tevedelle -septi-tankkin-liit\u00e4nt\u00e4-Veneakselisto.com<\/title>\n<meta name=\"description\" content=\"BTKIT asennussarja j\u00e4tevedelle -Vetus Venetarvikkeet-Venetarvikkeiden maahantuonti ja myynti-Veneakselisto.com-septitankki.\" \/>\n<meta name=\"robots\" content=\"index, follow, max-snippet:-1, max-image-preview:large, max-video-preview:-1\" \/>\n<link rel=\"canonical\" href=\"https:\/\/veneakselisto.com\/kauppa\/tuote\/btkit-asennussarja-jatevedelle\/\" \/>\n<meta property=\"og:locale\" content=\"fi_FI\" \/>\n<meta property=\"og:type\" content=\"article\" \/>\n<meta property=\"og:title\" content=\"BTKIT asennussarja j\u00e4tevedelle -septi-tankkin-liit\u00e4nt\u00e4-Veneakselisto.com\" \/>\n<meta property=\"og:description\" content=\"BTKIT asennussarja j\u00e4tevedelle -Vetus Venetarvikkeet-Venetarvikkeiden maahantuonti ja myynti-Veneakselisto.com-septitankki.\" \/>\n<meta property=\"og:url\" content=\"https:\/\/veneakselisto.com\/kauppa\/tuote\/btkit-asennussarja-jatevedelle\/\" \/>\n<meta property=\"og:site_name\" content=\"Veneakselisto.com - verkkokauppa\" \/>\n<meta property=\"article:publisher\" content=\"https:\/\/www.facebook.com\/AlaMikkula\/\" \/>\n<meta property=\"article:modified_time\" content=\"2025-03-20T16:47:58+00:00\" \/>\n<meta property=\"og:image\" content=\"https:\/\/veneakselisto.com\/kauppa\/wp-content\/uploads\/2023\/04\/BTKIT.png\" \/>\n\t<meta property=\"og:image:width\" content=\"500\" \/>\n\t<meta property=\"og:image:height\" content=\"500\" \/>\n\t<meta property=\"og:image:type\" content=\"image\/png\" \/>\n<meta name=\"twitter:card\" content=\"summary_large_image\" \/>\n<meta name=\"twitter:label1\" content=\"Arvioitu lukuaika\" \/>\n\t<meta name=\"twitter:data1\" content=\"2 minuuttia\" \/>\n<script type=\"application\/ld+json\" class=\"yoast-schema-graph\">{\"@context\":\"https:\\\/\\\/schema.org\",\"@graph\":[{\"@type\":\"WebPage\",\"@id\":\"https:\\\/\\\/veneakselisto.com\\\/kauppa\\\/tuote\\\/btkit-asennussarja-jatevedelle\\\/\",\"url\":\"https:\\\/\\\/veneakselisto.com\\\/kauppa\\\/tuote\\\/btkit-asennussarja-jatevedelle\\\/\",\"name\":\"BTKIT asennussarja j\u00e4tevedelle -septi-tankkin-liit\u00e4nt\u00e4-Veneakselisto.com\",\"isPartOf\":{\"@id\":\"https:\\\/\\\/veneakselisto.com\\\/kauppa\\\/#website\"},\"primaryImageOfPage\":{\"@id\":\"https:\\\/\\\/veneakselisto.com\\\/kauppa\\\/tuote\\\/btkit-asennussarja-jatevedelle\\\/#primaryimage\"},\"image\":{\"@id\":\"https:\\\/\\\/veneakselisto.com\\\/kauppa\\\/tuote\\\/btkit-asennussarja-jatevedelle\\\/#primaryimage\"},\"thumbnailUrl\":\"https:\\\/\\\/i0.wp.com\\\/veneakselisto.com\\\/kauppa\\\/wp-content\\\/uploads\\\/2023\\\/04\\\/BTKIT.png?fit=500%2C500&ssl=1\",\"datePublished\":\"2023-04-03T16:28:50+00:00\",\"dateModified\":\"2025-03-20T16:47:58+00:00\",\"description\":\"BTKIT asennussarja j\u00e4tevedelle -Vetus Venetarvikkeet-Venetarvikkeiden maahantuonti ja myynti-Veneakselisto.com-septitankki.\",\"breadcrumb\":{\"@id\":\"https:\\\/\\\/veneakselisto.com\\\/kauppa\\\/tuote\\\/btkit-asennussarja-jatevedelle\\\/#breadcrumb\"},\"inLanguage\":\"fi\",\"potentialAction\":[{\"@type\":\"ReadAction\",\"target\":[\"https:\\\/\\\/veneakselisto.com\\\/kauppa\\\/tuote\\\/btkit-asennussarja-jatevedelle\\\/\"]}]},{\"@type\":\"ImageObject\",\"inLanguage\":\"fi\",\"@id\":\"https:\\\/\\\/veneakselisto.com\\\/kauppa\\\/tuote\\\/btkit-asennussarja-jatevedelle\\\/#primaryimage\",\"url\":\"https:\\\/\\\/i0.wp.com\\\/veneakselisto.com\\\/kauppa\\\/wp-content\\\/uploads\\\/2023\\\/04\\\/BTKIT.png?fit=500%2C500&ssl=1\",\"contentUrl\":\"https:\\\/\\\/i0.wp.com\\\/veneakselisto.com\\\/kauppa\\\/wp-content\\\/uploads\\\/2023\\\/04\\\/BTKIT.png?fit=500%2C500&ssl=1\",\"width\":500,\"height\":500,\"caption\":\"BTKIT-Vetus septitankin asennussarja-septitankkien erikoisliike-veneakselisto.com\"},{\"@type\":\"BreadcrumbList\",\"@id\":\"https:\\\/\\\/veneakselisto.com\\\/kauppa\\\/tuote\\\/btkit-asennussarja-jatevedelle\\\/#breadcrumb\",\"itemListElement\":[{\"@type\":\"ListItem\",\"position\":1,\"name\":\"Etusivu\",\"item\":\"https:\\\/\\\/veneakselisto.com\\\/kauppa\\\/\"},{\"@type\":\"ListItem\",\"position\":2,\"name\":\"Kauppa\",\"item\":\"https:\\\/\\\/veneakselisto.com\\\/kauppa\\\/\"},{\"@type\":\"ListItem\",\"position\":3,\"name\":\"BTKIT asennussarja j\u00e4tevedelle\"}]},{\"@type\":\"WebSite\",\"@id\":\"https:\\\/\\\/veneakselisto.com\\\/kauppa\\\/#website\",\"url\":\"https:\\\/\\\/veneakselisto.com\\\/kauppa\\\/\",\"name\":\"Veneakselisto.com - verkkokauppa\",\"description\":\"Venetarvikkeiden maahantuonti ja myynti\",\"publisher\":{\"@id\":\"https:\\\/\\\/veneakselisto.com\\\/kauppa\\\/#organization\"},\"potentialAction\":[{\"@type\":\"SearchAction\",\"target\":{\"@type\":\"EntryPoint\",\"urlTemplate\":\"https:\\\/\\\/veneakselisto.com\\\/kauppa\\\/?s={search_term_string}\"},\"query-input\":{\"@type\":\"PropertyValueSpecification\",\"valueRequired\":true,\"valueName\":\"search_term_string\"}}],\"inLanguage\":\"fi\"},{\"@type\":\"Organization\",\"@id\":\"https:\\\/\\\/veneakselisto.com\\\/kauppa\\\/#organization\",\"name\":\"Veneakselisto.com verkkokauppa\",\"url\":\"https:\\\/\\\/veneakselisto.com\\\/kauppa\\\/\",\"logo\":{\"@type\":\"ImageObject\",\"inLanguage\":\"fi\",\"@id\":\"https:\\\/\\\/veneakselisto.com\\\/kauppa\\\/#\\\/schema\\\/logo\\\/image\\\/\",\"url\":\"https:\\\/\\\/i2.wp.com\\\/veneakselisto.com\\\/kauppa\\\/wp-content\\\/uploads\\\/2016\\\/06\\\/fb_icon.jpg?fit=327%2C327&ssl=1\",\"contentUrl\":\"https:\\\/\\\/i2.wp.com\\\/veneakselisto.com\\\/kauppa\\\/wp-content\\\/uploads\\\/2016\\\/06\\\/fb_icon.jpg?fit=327%2C327&ssl=1\",\"width\":327,\"height\":327,\"caption\":\"Veneakselisto.com verkkokauppa\"},\"image\":{\"@id\":\"https:\\\/\\\/veneakselisto.com\\\/kauppa\\\/#\\\/schema\\\/logo\\\/image\\\/\"},\"sameAs\":[\"https:\\\/\\\/www.facebook.com\\\/AlaMikkula\\\/\"]}]}<\/script>\n<!-- \/ Yoast SEO plugin. -->","yoast_head_json":{"title":"BTKIT asennussarja j\u00e4tevedelle -septi-tankkin-liit\u00e4nt\u00e4-Veneakselisto.com","description":"BTKIT asennussarja j\u00e4tevedelle -Vetus Venetarvikkeet-Venetarvikkeiden maahantuonti ja myynti-Veneakselisto.com-septitankki.","robots":{"index":"index","follow":"follow","max-snippet":"max-snippet:-1","max-image-preview":"max-image-preview:large","max-video-preview":"max-video-preview:-1"},"canonical":"https:\/\/veneakselisto.com\/kauppa\/tuote\/btkit-asennussarja-jatevedelle\/","og_locale":"fi_FI","og_type":"article","og_title":"BTKIT asennussarja j\u00e4tevedelle -septi-tankkin-liit\u00e4nt\u00e4-Veneakselisto.com","og_description":"BTKIT asennussarja j\u00e4tevedelle -Vetus Venetarvikkeet-Venetarvikkeiden maahantuonti ja myynti-Veneakselisto.com-septitankki.","og_url":"https:\/\/veneakselisto.com\/kauppa\/tuote\/btkit-asennussarja-jatevedelle\/","og_site_name":"Veneakselisto.com - verkkokauppa","article_publisher":"https:\/\/www.facebook.com\/AlaMikkula\/","article_modified_time":"2025-03-20T16:47:58+00:00","og_image":[{"width":500,"height":500,"url":"https:\/\/veneakselisto.com\/kauppa\/wp-content\/uploads\/2023\/04\/BTKIT.png","type":"image\/png"}],"twitter_card":"summary_large_image","twitter_misc":{"Arvioitu lukuaika":"2 minuuttia"},"schema":{"@context":"https:\/\/schema.org","@graph":[{"@type":"WebPage","@id":"https:\/\/veneakselisto.com\/kauppa\/tuote\/btkit-asennussarja-jatevedelle\/","url":"https:\/\/veneakselisto.com\/kauppa\/tuote\/btkit-asennussarja-jatevedelle\/","name":"BTKIT asennussarja j\u00e4tevedelle -septi-tankkin-liit\u00e4nt\u00e4-Veneakselisto.com","isPartOf":{"@id":"https:\/\/veneakselisto.com\/kauppa\/#website"},"primaryImageOfPage":{"@id":"https:\/\/veneakselisto.com\/kauppa\/tuote\/btkit-asennussarja-jatevedelle\/#primaryimage"},"image":{"@id":"https:\/\/veneakselisto.com\/kauppa\/tuote\/btkit-asennussarja-jatevedelle\/#primaryimage"},"thumbnailUrl":"https:\/\/i0.wp.com\/veneakselisto.com\/kauppa\/wp-content\/uploads\/2023\/04\/BTKIT.png?fit=500%2C500&ssl=1","datePublished":"2023-04-03T16:28:50+00:00","dateModified":"2025-03-20T16:47:58+00:00","description":"BTKIT asennussarja j\u00e4tevedelle -Vetus Venetarvikkeet-Venetarvikkeiden maahantuonti ja myynti-Veneakselisto.com-septitankki.","breadcrumb":{"@id":"https:\/\/veneakselisto.com\/kauppa\/tuote\/btkit-asennussarja-jatevedelle\/#breadcrumb"},"inLanguage":"fi","potentialAction":[{"@type":"ReadAction","target":["https:\/\/veneakselisto.com\/kauppa\/tuote\/btkit-asennussarja-jatevedelle\/"]}]},{"@type":"ImageObject","inLanguage":"fi","@id":"https:\/\/veneakselisto.com\/kauppa\/tuote\/btkit-asennussarja-jatevedelle\/#primaryimage","url":"https:\/\/i0.wp.com\/veneakselisto.com\/kauppa\/wp-content\/uploads\/2023\/04\/BTKIT.png?fit=500%2C500&ssl=1","contentUrl":"https:\/\/i0.wp.com\/veneakselisto.com\/kauppa\/wp-content\/uploads\/2023\/04\/BTKIT.png?fit=500%2C500&ssl=1","width":500,"height":500,"caption":"BTKIT-Vetus septitankin asennussarja-septitankkien erikoisliike-veneakselisto.com"},{"@type":"BreadcrumbList","@id":"https:\/\/veneakselisto.com\/kauppa\/tuote\/btkit-asennussarja-jatevedelle\/#breadcrumb","itemListElement":[{"@type":"ListItem","position":1,"name":"Etusivu","item":"https:\/\/veneakselisto.com\/kauppa\/"},{"@type":"ListItem","position":2,"name":"Kauppa","item":"https:\/\/veneakselisto.com\/kauppa\/"},{"@type":"ListItem","position":3,"name":"BTKIT asennussarja j\u00e4tevedelle"}]},{"@type":"WebSite","@id":"https:\/\/veneakselisto.com\/kauppa\/#website","url":"https:\/\/veneakselisto.com\/kauppa\/","name":"Veneakselisto.com - verkkokauppa","description":"Venetarvikkeiden maahantuonti ja myynti","publisher":{"@id":"https:\/\/veneakselisto.com\/kauppa\/#organization"},"potentialAction":[{"@type":"SearchAction","target":{"@type":"EntryPoint","urlTemplate":"https:\/\/veneakselisto.com\/kauppa\/?s={search_term_string}"},"query-input":{"@type":"PropertyValueSpecification","valueRequired":true,"valueName":"search_term_string"}}],"inLanguage":"fi"},{"@type":"Organization","@id":"https:\/\/veneakselisto.com\/kauppa\/#organization","name":"Veneakselisto.com verkkokauppa","url":"https:\/\/veneakselisto.com\/kauppa\/","logo":{"@type":"ImageObject","inLanguage":"fi","@id":"https:\/\/veneakselisto.com\/kauppa\/#\/schema\/logo\/image\/","url":"https:\/\/i2.wp.com\/veneakselisto.com\/kauppa\/wp-content\/uploads\/2016\/06\/fb_icon.jpg?fit=327%2C327&ssl=1","contentUrl":"https:\/\/i2.wp.com\/veneakselisto.com\/kauppa\/wp-content\/uploads\/2016\/06\/fb_icon.jpg?fit=327%2C327&ssl=1","width":327,"height":327,"caption":"Veneakselisto.com verkkokauppa"},"image":{"@id":"https:\/\/veneakselisto.com\/kauppa\/#\/schema\/logo\/image\/"},"sameAs":["https:\/\/www.facebook.com\/AlaMikkula\/"]}]}},"jetpack_publicize_connections":[],"jetpack_sharing_enabled":true,"_links":{"self":[{"href":"https:\/\/veneakselisto.com\/kauppa\/wp-json\/wp\/v2\/product\/16349","targetHints":{"allow":["GET"]}}],"collection":[{"href":"https:\/\/veneakselisto.com\/kauppa\/wp-json\/wp\/v2\/product"}],"about":[{"href":"https:\/\/veneakselisto.com\/kauppa\/wp-json\/wp\/v2\/types\/product"}],"replies":[{"embeddable":true,"href":"https:\/\/veneakselisto.com\/kauppa\/wp-json\/wp\/v2\/comments?post=16349"}],"wp:featuredmedia":[{"embeddable":true,"href":"https:\/\/veneakselisto.com\/kauppa\/wp-json\/wp\/v2\/media\/16350"}],"wp:attachment":[{"href":"https:\/\/veneakselisto.com\/kauppa\/wp-json\/wp\/v2\/media?parent=16349"}],"wp:term":[{"taxonomy":"product_brand","embeddable":true,"href":"https:\/\/veneakselisto.com\/kauppa\/wp-json\/wp\/v2\/product_brand?post=16349"},{"taxonomy":"product_cat","embeddable":true,"href":"https:\/\/veneakselisto.com\/kauppa\/wp-json\/wp\/v2\/product_cat?post=16349"},{"taxonomy":"product_tag","embeddable":true,"href":"https:\/\/veneakselisto.com\/kauppa\/wp-json\/wp\/v2\/product_tag?post=16349"}],"curies":[{"name":"wp","href":"https:\/\/api.w.org\/{rel}","templated":true}]}}