{"id":16339,"date":"2023-04-02T15:04:27","date_gmt":"2023-04-02T12:04:27","guid":{"rendered":"https:\/\/veneakselisto.com\/kauppa\/?post_type=product&#038;p=16339"},"modified":"2024-09-01T00:32:34","modified_gmt":"2024-08-31T21:32:34","slug":"vetus-portos1-kansiventtiili","status":"publish","type":"product","link":"https:\/\/veneakselisto.com\/kauppa\/tuote\/vetus-portos1-kansiventtiili\/","title":{"rendered":"Vetus PORTOS1 kansiventtiili"},"content":{"rendered":"<p>Vetus PORTOS1 kansiventtiili<\/p>\n<p>PORTOS1 Kansiventtiili<\/p>\n<p>Haponkest\u00e4v\u00e4t, korkeakiiltoiset venttiilit<br \/>\nPORTOS1 kansiventtiili on kiillotettua haponkest\u00e4v\u00e4\u00e4 ter\u00e4st\u00e4. Venttiilit ovat jatkuvasti auki, joten ne huolehtivat pysyv\u00e4st\u00e4<br \/>\ntuuletuksesta. Vetus ATHOS1 \u00a0mallia voidaan k\u00e4ytt\u00e4\u00e4 my\u00f6s yhdess\u00e4 s\u00e4hk\u00f6isten poistoilmapuhaltimiemme kanssa.<\/p>\n<p>Tuotetiedot<br \/>\n\u2022 Nettoilma-ala 45 cm2<br \/>\n\u2022 sienituuletin, kiillotettu korkeakiilto, sis\u00e4lt\u00e4\u00e4 hyttysverkon ja synteettisen vastalaipan<\/p>\n<p>Veneen hyv\u00e4 tuuletus on ensiarvoisen t\u00e4rke\u00e4\u00e4. Lis\u00e4ksi veneen ulko- ja sis\u00e4l\u00e4mp\u00f6tilan tulisi olla mahdollisimman l\u00e4hell\u00e4 toisiaan jotta<br \/>\nv\u00e4ltyt\u00e4\u00e4n kosteuden tiivistymisest\u00e4 rakenteisiin.<\/p>\n<p>Ilmanvaihto<br \/>\nIlmanvaihto on sek\u00e4 mukavuus- ett\u00e4 terveystekij\u00e4. My\u00f6s konehuone tulee tuulettaa ja jos veneess\u00e4 on bensiinik\u00e4ytt\u00f6inen<br \/>\nsis\u00e4kone, niin koneellinen ilmanvaihto voi olla jopa pakollinen jotta bensiinih\u00f6yryt voidaan tuulettaa tehokkaasti ennen ja j\u00e4lkeen<br \/>\nk\u00e4ynnistyksen ja tietenkin tankkaamisen j\u00e4lkeen. Veneess\u00e4 voi muutenkin kosteuden lis\u00e4ksi muodostua h\u00e4k\u00e4\u00e4 ja muita kaasuja<br \/>\njoiden tuulettaminen on elint\u00e4rke\u00e4\u00e4.<\/p>\n<p>Ilmanvaihtomuotoja on kahdenlaista<br \/>\n1. Painovoimainen ilmanvaihto<br \/>\nPainovoimainen eli luonnollinen ilmanvaihto perustuu oikein sijoitettuihin auki pidett\u00e4viin venttiileihin joiden kautta ilma kiert\u00e4\u00e4<br \/>\nmm tuulen vaikutuksesta. Esimerkiksi joutsenkaulaventtiilit ovat varsin tehokkaita painovoimaisen ilmanvaihdon toteuttamiseen ja<br \/>\nuseimmat mallit voidaan k\u00e4\u00e4nt\u00e4\u00e4 haluttuun asentoon kierron tehostamiseksi.<\/p>\n<p>2. Koneellinen ilmanvaihto<br \/>\nKoneellinen ilmanvaihto toimii nimens\u00e4 mukaisesti s\u00e4hk\u00f6k\u00e4ytt\u00f6isill\u00e4 puhaltimilla. Varsinkin konehuone pit\u00e4\u00e4 tuulettaa huolellisesti<br \/>\nvarsinkin jos kyseess\u00e4 on bensiinimoottori.<\/p>\n<p>Monta hyv\u00e4\u00e4 syyt\u00e4 valita VETUS ilmanvaihto<br \/>\n\u2022 Paljon vaihtoehtoja ja korkea laatu on tae hyv\u00e4lle sis\u00e4ilmalle<br \/>\n\u2022 Puhaltimet ovat sertifioituja ja kipin\u00e4suojattuja<br \/>\n\u2022 VETUS joutsenkaulaventtiilej\u00e4 on montaa eri mallia, sek\u00e4 muovisina ett\u00e4 haponkest\u00e4v\u00e4st\u00e4 ter\u00e4ksest\u00e4 AISI 316<br \/>\n\u2022 Malleja konehuoneesta kajuuttoihin<br \/>\n\u2022 UFO2-venttiili on Vetuksen klassikko, joka on toimiva ja kest\u00e4v\u00e4 sek\u00e4 t\u00e4ysin suljettavissa kun olosuhteet niin vaativat.<\/p>\n","protected":false},"excerpt":{"rendered":"<p>Vetus PORTOS1 kansiventtiili<\/p>\n<p>PORTOS1 Kansiventtiili<\/p>\n<p>Haponkest\u00e4v\u00e4t, korkeakiiltoiset venttiilit<br \/>\nPORTOS1 kansiventtiili on kiillotettua haponkest\u00e4v\u00e4\u00e4 ter\u00e4st\u00e4. Venttiilit ovat jatkuvasti auki, joten ne huolehtivat pysyv\u00e4st\u00e4 tuuletuksesta. Vetus PORTOS1 \u00a0mallia voidaan k\u00e4ytt\u00e4\u00e4 my\u00f6s yhdess\u00e4 s\u00e4hk\u00f6isten poistoilmapuhaltimiemme kanssa.<\/p>\n<p>Verkkokauppatuote. Tehdastoimituksena toimitusaika 4-6 p\u00e4iv\u00e4\u00e4 normaalisti.<\/p>\n","protected":false},"featured_media":16332,"comment_status":"open","ping_status":"closed","template":"","meta":{"jetpack_post_was_ever_published":false,"jetpack_publicize_message":"","jetpack_publicize_feature_enabled":true,"jetpack_social_post_already_shared":true,"jetpack_social_options":{"image_generator_settings":{"template":"highway","default_image_id":0,"font":"","enabled":false},"version":2}},"product_brand":[],"product_cat":[1295,470],"product_tag":[],"class_list":{"0":"post-16339","1":"product","2":"type-product","3":"status-publish","4":"has-post-thumbnail","6":"product_cat-ilmanvaihto_kansiventtiili_veneen","7":"product_cat-vetus_vetus-venetarvikkeet_venetarvikeiden-maahantuonti-ja-myynti","8":"brand-vetus","10":"first","11":"instock","12":"taxable","13":"shipping-taxable","14":"purchasable","15":"product-type-simple"},"yoast_head":"<!-- This site is optimized with the Yoast SEO plugin v27.3 - https:\/\/yoast.com\/product\/yoast-seo-wordpress\/ -->\n<title>Vetus PORTOS1 kansiventtiili - Veneakselisto.com - verkkokauppa<\/title>\n<meta name=\"description\" content=\"Vetus ATHOS1 kansiventtiili-Vetus ATHOS1 on laadukas haponkest\u00e4v\u00e4st\u00e4 ter\u00e4ksest\u00e4 valmistettu kansiventtiili-Venetarvikkeiden maahantuonti ja myynti-Veneakselisto.\" \/>\n<meta name=\"robots\" content=\"index, follow, max-snippet:-1, max-image-preview:large, max-video-preview:-1\" \/>\n<link rel=\"canonical\" href=\"https:\/\/veneakselisto.com\/kauppa\/tuote\/vetus-portos1-kansiventtiili\/\" \/>\n<meta property=\"og:locale\" content=\"fi_FI\" \/>\n<meta property=\"og:type\" content=\"article\" \/>\n<meta property=\"og:title\" content=\"Vetus PORTOS1 kansiventtiili - Veneakselisto.com - verkkokauppa\" \/>\n<meta property=\"og:description\" content=\"Vetus ATHOS1 kansiventtiili-Vetus ATHOS1 on laadukas haponkest\u00e4v\u00e4st\u00e4 ter\u00e4ksest\u00e4 valmistettu kansiventtiili-Venetarvikkeiden maahantuonti ja myynti-Veneakselisto.\" \/>\n<meta property=\"og:url\" content=\"https:\/\/veneakselisto.com\/kauppa\/tuote\/vetus-portos1-kansiventtiili\/\" \/>\n<meta property=\"og:site_name\" content=\"Veneakselisto.com - verkkokauppa\" \/>\n<meta property=\"article:publisher\" content=\"https:\/\/www.facebook.com\/AlaMikkula\/\" \/>\n<meta property=\"article:modified_time\" content=\"2024-08-31T21:32:34+00:00\" \/>\n<meta property=\"og:image\" content=\"https:\/\/veneakselisto.com\/kauppa\/wp-content\/uploads\/2023\/04\/PORTOS1.png\" \/>\n\t<meta property=\"og:image:width\" content=\"500\" \/>\n\t<meta property=\"og:image:height\" content=\"500\" \/>\n\t<meta property=\"og:image:type\" content=\"image\/png\" \/>\n<meta name=\"twitter:card\" content=\"summary_large_image\" \/>\n<meta name=\"twitter:label1\" content=\"Arvioitu lukuaika\" \/>\n\t<meta name=\"twitter:data1\" content=\"2 minuuttia\" \/>\n<script type=\"application\/ld+json\" class=\"yoast-schema-graph\">{\"@context\":\"https:\\\/\\\/schema.org\",\"@graph\":[{\"@type\":\"WebPage\",\"@id\":\"https:\\\/\\\/veneakselisto.com\\\/kauppa\\\/tuote\\\/vetus-portos1-kansiventtiili\\\/\",\"url\":\"https:\\\/\\\/veneakselisto.com\\\/kauppa\\\/tuote\\\/vetus-portos1-kansiventtiili\\\/\",\"name\":\"Vetus PORTOS1 kansiventtiili - Veneakselisto.com - verkkokauppa\",\"isPartOf\":{\"@id\":\"https:\\\/\\\/veneakselisto.com\\\/kauppa\\\/#website\"},\"primaryImageOfPage\":{\"@id\":\"https:\\\/\\\/veneakselisto.com\\\/kauppa\\\/tuote\\\/vetus-portos1-kansiventtiili\\\/#primaryimage\"},\"image\":{\"@id\":\"https:\\\/\\\/veneakselisto.com\\\/kauppa\\\/tuote\\\/vetus-portos1-kansiventtiili\\\/#primaryimage\"},\"thumbnailUrl\":\"https:\\\/\\\/i0.wp.com\\\/veneakselisto.com\\\/kauppa\\\/wp-content\\\/uploads\\\/2023\\\/04\\\/PORTOS1.png?fit=500%2C500&ssl=1\",\"datePublished\":\"2023-04-02T12:04:27+00:00\",\"dateModified\":\"2024-08-31T21:32:34+00:00\",\"description\":\"Vetus ATHOS1 kansiventtiili-Vetus ATHOS1 on laadukas haponkest\u00e4v\u00e4st\u00e4 ter\u00e4ksest\u00e4 valmistettu kansiventtiili-Venetarvikkeiden maahantuonti ja myynti-Veneakselisto.\",\"breadcrumb\":{\"@id\":\"https:\\\/\\\/veneakselisto.com\\\/kauppa\\\/tuote\\\/vetus-portos1-kansiventtiili\\\/#breadcrumb\"},\"inLanguage\":\"fi\",\"potentialAction\":[{\"@type\":\"ReadAction\",\"target\":[\"https:\\\/\\\/veneakselisto.com\\\/kauppa\\\/tuote\\\/vetus-portos1-kansiventtiili\\\/\"]}]},{\"@type\":\"ImageObject\",\"inLanguage\":\"fi\",\"@id\":\"https:\\\/\\\/veneakselisto.com\\\/kauppa\\\/tuote\\\/vetus-portos1-kansiventtiili\\\/#primaryimage\",\"url\":\"https:\\\/\\\/i0.wp.com\\\/veneakselisto.com\\\/kauppa\\\/wp-content\\\/uploads\\\/2023\\\/04\\\/PORTOS1.png?fit=500%2C500&ssl=1\",\"contentUrl\":\"https:\\\/\\\/i0.wp.com\\\/veneakselisto.com\\\/kauppa\\\/wp-content\\\/uploads\\\/2023\\\/04\\\/PORTOS1.png?fit=500%2C500&ssl=1\",\"width\":500,\"height\":500,\"caption\":\"PORTOS1-kansiventtiili-veneeseen-Vetus-venetarvikkeet-veneakselisto.com\"},{\"@type\":\"BreadcrumbList\",\"@id\":\"https:\\\/\\\/veneakselisto.com\\\/kauppa\\\/tuote\\\/vetus-portos1-kansiventtiili\\\/#breadcrumb\",\"itemListElement\":[{\"@type\":\"ListItem\",\"position\":1,\"name\":\"Etusivu\",\"item\":\"https:\\\/\\\/veneakselisto.com\\\/kauppa\\\/\"},{\"@type\":\"ListItem\",\"position\":2,\"name\":\"Kauppa\",\"item\":\"https:\\\/\\\/veneakselisto.com\\\/kauppa\\\/\"},{\"@type\":\"ListItem\",\"position\":3,\"name\":\"Vetus PORTOS1 kansiventtiili\"}]},{\"@type\":\"WebSite\",\"@id\":\"https:\\\/\\\/veneakselisto.com\\\/kauppa\\\/#website\",\"url\":\"https:\\\/\\\/veneakselisto.com\\\/kauppa\\\/\",\"name\":\"Veneakselisto.com - verkkokauppa\",\"description\":\"Venetarvikkeiden maahantuonti ja myynti\",\"publisher\":{\"@id\":\"https:\\\/\\\/veneakselisto.com\\\/kauppa\\\/#organization\"},\"potentialAction\":[{\"@type\":\"SearchAction\",\"target\":{\"@type\":\"EntryPoint\",\"urlTemplate\":\"https:\\\/\\\/veneakselisto.com\\\/kauppa\\\/?s={search_term_string}\"},\"query-input\":{\"@type\":\"PropertyValueSpecification\",\"valueRequired\":true,\"valueName\":\"search_term_string\"}}],\"inLanguage\":\"fi\"},{\"@type\":\"Organization\",\"@id\":\"https:\\\/\\\/veneakselisto.com\\\/kauppa\\\/#organization\",\"name\":\"Veneakselisto.com verkkokauppa\",\"url\":\"https:\\\/\\\/veneakselisto.com\\\/kauppa\\\/\",\"logo\":{\"@type\":\"ImageObject\",\"inLanguage\":\"fi\",\"@id\":\"https:\\\/\\\/veneakselisto.com\\\/kauppa\\\/#\\\/schema\\\/logo\\\/image\\\/\",\"url\":\"https:\\\/\\\/i2.wp.com\\\/veneakselisto.com\\\/kauppa\\\/wp-content\\\/uploads\\\/2016\\\/06\\\/fb_icon.jpg?fit=327%2C327&ssl=1\",\"contentUrl\":\"https:\\\/\\\/i2.wp.com\\\/veneakselisto.com\\\/kauppa\\\/wp-content\\\/uploads\\\/2016\\\/06\\\/fb_icon.jpg?fit=327%2C327&ssl=1\",\"width\":327,\"height\":327,\"caption\":\"Veneakselisto.com verkkokauppa\"},\"image\":{\"@id\":\"https:\\\/\\\/veneakselisto.com\\\/kauppa\\\/#\\\/schema\\\/logo\\\/image\\\/\"},\"sameAs\":[\"https:\\\/\\\/www.facebook.com\\\/AlaMikkula\\\/\"]}]}<\/script>\n<!-- \/ Yoast SEO plugin. -->","yoast_head_json":{"title":"Vetus PORTOS1 kansiventtiili - Veneakselisto.com - verkkokauppa","description":"Vetus ATHOS1 kansiventtiili-Vetus ATHOS1 on laadukas haponkest\u00e4v\u00e4st\u00e4 ter\u00e4ksest\u00e4 valmistettu kansiventtiili-Venetarvikkeiden maahantuonti ja myynti-Veneakselisto.","robots":{"index":"index","follow":"follow","max-snippet":"max-snippet:-1","max-image-preview":"max-image-preview:large","max-video-preview":"max-video-preview:-1"},"canonical":"https:\/\/veneakselisto.com\/kauppa\/tuote\/vetus-portos1-kansiventtiili\/","og_locale":"fi_FI","og_type":"article","og_title":"Vetus PORTOS1 kansiventtiili - Veneakselisto.com - verkkokauppa","og_description":"Vetus ATHOS1 kansiventtiili-Vetus ATHOS1 on laadukas haponkest\u00e4v\u00e4st\u00e4 ter\u00e4ksest\u00e4 valmistettu kansiventtiili-Venetarvikkeiden maahantuonti ja myynti-Veneakselisto.","og_url":"https:\/\/veneakselisto.com\/kauppa\/tuote\/vetus-portos1-kansiventtiili\/","og_site_name":"Veneakselisto.com - verkkokauppa","article_publisher":"https:\/\/www.facebook.com\/AlaMikkula\/","article_modified_time":"2024-08-31T21:32:34+00:00","og_image":[{"width":500,"height":500,"url":"https:\/\/veneakselisto.com\/kauppa\/wp-content\/uploads\/2023\/04\/PORTOS1.png","type":"image\/png"}],"twitter_card":"summary_large_image","twitter_misc":{"Arvioitu lukuaika":"2 minuuttia"},"schema":{"@context":"https:\/\/schema.org","@graph":[{"@type":"WebPage","@id":"https:\/\/veneakselisto.com\/kauppa\/tuote\/vetus-portos1-kansiventtiili\/","url":"https:\/\/veneakselisto.com\/kauppa\/tuote\/vetus-portos1-kansiventtiili\/","name":"Vetus PORTOS1 kansiventtiili - Veneakselisto.com - verkkokauppa","isPartOf":{"@id":"https:\/\/veneakselisto.com\/kauppa\/#website"},"primaryImageOfPage":{"@id":"https:\/\/veneakselisto.com\/kauppa\/tuote\/vetus-portos1-kansiventtiili\/#primaryimage"},"image":{"@id":"https:\/\/veneakselisto.com\/kauppa\/tuote\/vetus-portos1-kansiventtiili\/#primaryimage"},"thumbnailUrl":"https:\/\/i0.wp.com\/veneakselisto.com\/kauppa\/wp-content\/uploads\/2023\/04\/PORTOS1.png?fit=500%2C500&ssl=1","datePublished":"2023-04-02T12:04:27+00:00","dateModified":"2024-08-31T21:32:34+00:00","description":"Vetus ATHOS1 kansiventtiili-Vetus ATHOS1 on laadukas haponkest\u00e4v\u00e4st\u00e4 ter\u00e4ksest\u00e4 valmistettu kansiventtiili-Venetarvikkeiden maahantuonti ja myynti-Veneakselisto.","breadcrumb":{"@id":"https:\/\/veneakselisto.com\/kauppa\/tuote\/vetus-portos1-kansiventtiili\/#breadcrumb"},"inLanguage":"fi","potentialAction":[{"@type":"ReadAction","target":["https:\/\/veneakselisto.com\/kauppa\/tuote\/vetus-portos1-kansiventtiili\/"]}]},{"@type":"ImageObject","inLanguage":"fi","@id":"https:\/\/veneakselisto.com\/kauppa\/tuote\/vetus-portos1-kansiventtiili\/#primaryimage","url":"https:\/\/i0.wp.com\/veneakselisto.com\/kauppa\/wp-content\/uploads\/2023\/04\/PORTOS1.png?fit=500%2C500&ssl=1","contentUrl":"https:\/\/i0.wp.com\/veneakselisto.com\/kauppa\/wp-content\/uploads\/2023\/04\/PORTOS1.png?fit=500%2C500&ssl=1","width":500,"height":500,"caption":"PORTOS1-kansiventtiili-veneeseen-Vetus-venetarvikkeet-veneakselisto.com"},{"@type":"BreadcrumbList","@id":"https:\/\/veneakselisto.com\/kauppa\/tuote\/vetus-portos1-kansiventtiili\/#breadcrumb","itemListElement":[{"@type":"ListItem","position":1,"name":"Etusivu","item":"https:\/\/veneakselisto.com\/kauppa\/"},{"@type":"ListItem","position":2,"name":"Kauppa","item":"https:\/\/veneakselisto.com\/kauppa\/"},{"@type":"ListItem","position":3,"name":"Vetus PORTOS1 kansiventtiili"}]},{"@type":"WebSite","@id":"https:\/\/veneakselisto.com\/kauppa\/#website","url":"https:\/\/veneakselisto.com\/kauppa\/","name":"Veneakselisto.com - verkkokauppa","description":"Venetarvikkeiden maahantuonti ja myynti","publisher":{"@id":"https:\/\/veneakselisto.com\/kauppa\/#organization"},"potentialAction":[{"@type":"SearchAction","target":{"@type":"EntryPoint","urlTemplate":"https:\/\/veneakselisto.com\/kauppa\/?s={search_term_string}"},"query-input":{"@type":"PropertyValueSpecification","valueRequired":true,"valueName":"search_term_string"}}],"inLanguage":"fi"},{"@type":"Organization","@id":"https:\/\/veneakselisto.com\/kauppa\/#organization","name":"Veneakselisto.com verkkokauppa","url":"https:\/\/veneakselisto.com\/kauppa\/","logo":{"@type":"ImageObject","inLanguage":"fi","@id":"https:\/\/veneakselisto.com\/kauppa\/#\/schema\/logo\/image\/","url":"https:\/\/i2.wp.com\/veneakselisto.com\/kauppa\/wp-content\/uploads\/2016\/06\/fb_icon.jpg?fit=327%2C327&ssl=1","contentUrl":"https:\/\/i2.wp.com\/veneakselisto.com\/kauppa\/wp-content\/uploads\/2016\/06\/fb_icon.jpg?fit=327%2C327&ssl=1","width":327,"height":327,"caption":"Veneakselisto.com verkkokauppa"},"image":{"@id":"https:\/\/veneakselisto.com\/kauppa\/#\/schema\/logo\/image\/"},"sameAs":["https:\/\/www.facebook.com\/AlaMikkula\/"]}]}},"jetpack_publicize_connections":[],"jetpack_sharing_enabled":true,"_links":{"self":[{"href":"https:\/\/veneakselisto.com\/kauppa\/wp-json\/wp\/v2\/product\/16339","targetHints":{"allow":["GET"]}}],"collection":[{"href":"https:\/\/veneakselisto.com\/kauppa\/wp-json\/wp\/v2\/product"}],"about":[{"href":"https:\/\/veneakselisto.com\/kauppa\/wp-json\/wp\/v2\/types\/product"}],"replies":[{"embeddable":true,"href":"https:\/\/veneakselisto.com\/kauppa\/wp-json\/wp\/v2\/comments?post=16339"}],"wp:featuredmedia":[{"embeddable":true,"href":"https:\/\/veneakselisto.com\/kauppa\/wp-json\/wp\/v2\/media\/16332"}],"wp:attachment":[{"href":"https:\/\/veneakselisto.com\/kauppa\/wp-json\/wp\/v2\/media?parent=16339"}],"wp:term":[{"taxonomy":"product_brand","embeddable":true,"href":"https:\/\/veneakselisto.com\/kauppa\/wp-json\/wp\/v2\/product_brand?post=16339"},{"taxonomy":"product_cat","embeddable":true,"href":"https:\/\/veneakselisto.com\/kauppa\/wp-json\/wp\/v2\/product_cat?post=16339"},{"taxonomy":"product_tag","embeddable":true,"href":"https:\/\/veneakselisto.com\/kauppa\/wp-json\/wp\/v2\/product_tag?post=16339"}],"curies":[{"name":"wp","href":"https:\/\/api.w.org\/{rel}","templated":true}]}}