{"id":15983,"date":"2023-01-13T09:27:18","date_gmt":"2023-01-13T07:27:18","guid":{"rendered":"https:\/\/veneakselisto.com\/kauppa\/?post_type=product&#038;p=15983"},"modified":"2025-06-12T09:39:27","modified_gmt":"2025-06-12T06:39:27","slug":"150-300hv-suzuki-15-3-x-23-solas-peramoottorin-potkuri","status":"publish","type":"product","link":"https:\/\/veneakselisto.com\/kauppa\/tuote\/150-300hv-suzuki-15-3-x-23-solas-peramoottorin-potkuri\/","title":{"rendered":"15.3 x 23 150-300hv Suzuki Solas per\u00e4moottorin potkuri"},"content":{"rendered":"<p>15.3 x 23 150-300hv Suzuki Solas per\u00e4moottorin potkuri<\/p>\n<p>Solas per\u00e4moottorin potkuri.<\/p>\n<p>Suositellaan erityisesti DF150-DF300 Suzuki\u00a0 per\u00e4moottoreihin<\/p>\n<h2>Sopivuus<\/h2>\n<ul>\n<li>150 HP\/DF150 4-Stroke (15 Spline)\/All Years<\/li>\n<li>175 HP\/DF175 4-Stroke (15 Spline)\/All Years<\/li>\n<li>200 HP\/DF200 4-Stroke (15 Spline)\/All Years<\/li>\n<li>225 HP\/DF225 (15 Spline)\/All Years<\/li>\n<li>250 HP\/DF250 (15 Spline)\/All Years<\/li>\n<li>300 HP\/DF300 (15 Spline)\/All Years<\/li>\n<li>150 HP\/DT150 (15 Spline)\/1986 &#8211; Present<\/li>\n<li>175 HP\/DT175 2-Stroke (15 Spline)\/1986 &#8211; 1992<\/li>\n<li>200 HP\/DT200 (15 Spline)\/1986 &#8211; Present<\/li>\n<li>225 HP\/DT225 (15 Spline)\/1990 &#8211; Present<\/li>\n<\/ul>\n<ul>\n<li>Suzuki Per\u00e4moottorin potkuri.<\/li>\n<li>Solas per\u00e4moottorin potkuri<\/li>\n<\/ul>\n<p>15.3 x 23 150-300hv Suzuki Solas per\u00e4moottorin potkuri<\/p>\n<p>Hyv\u00e4 tiet\u00e4\u00e4 potkurin valinnassa.<\/p>\n<p>Selvit\u00e4 mik\u00e4 potkuri sinulla on nyt moottorissasi. Potkurin koko lukee potkurin navassa lapojen v\u00e4liss\u00e4 tai navan p\u00e4\u00e4ss\u00e4. Esim. 13 1\/4 x 17. Ensinm\u00e4inen numero on potkurin halkaisija ja j\u00e4lkinm\u00e4inen on potkurin nousu.<\/p>\n<p>Muutos potkurin nousussa voi lis\u00e4t\u00e4 tai v\u00e4hent\u00e4\u00e4 moottorin kierroslukua. Kahden tuuman (2\u201d) lis\u00e4ys tai v\u00e4hennys potkurin nousuun muuttaa moottorin kierroslukua noin +- 350 rpm. Tarkista my\u00f6s moottorinvalmistajan suosittelema kierroslukualue!<\/p>\n<p>Potkurimyyj\u00e4lle k\u00e4site \u201dvakiopotkuri\u201d on vaikea, sill\u00e4 kaikki potkurivalmistajan valikoimassa olevat potkurit ovat periaatteessa vakiopotkureita. Kahdessa t\u00e4ysin samanlaisessa veneess\u00e4, varustettuna saman tehoisilla moottoreilla, voi potkurit olla eri kokoiset mik\u00e4li veneit\u00e4 ajetaan eri kuormalla. Siksi on eritt\u00e4in t\u00e4rke\u00e4\u00e4 merkit\u00e4 muistiin potkurin koko ja suurin kierrosluku, jonka moottori saavuttaa sek\u00e4 veneen suurin nopeus.<\/p>\n<p>Moottorioston yhteydess\u00e4 moottorin kanssa on yleens\u00e4 toimitettu potkuri, jota kutsutaan \u201cvakiopotkuriksi\u201d. Kooltaan t\u00e4m\u00e4 potkuri on arvioitu sopivan mahdollisimman moneen moottori\/vene yhdistelm\u00e4\u00e4n. Vakiopotkuri ei siis aina ole paras vaihtoehto.<\/p>\n<p>Ostamalla Solas alumiinipotkurin tied\u00e4t saavasi korkean suorituskyvyn ja ensiluokkaisen laadun edullisella hinnalla Solas-potkurien avulla. Laadukkaimmista metalleista ja laajasta valikoimasta erilaisia potkureita koostuva Solas alumiinipotkuri valikoima on yksi veneen potkuriteollisuuden johtavista merkeist\u00e4. Kaksi asiaa, jotka erottavat Solas alumiinipotkurin muista merkeist\u00e4, ovat ainutlaatuinen valuprosessi, joka auttaa tuottamaan vahvempia, ohuempia ja sile\u00e4mpi\u00e4 teri\u00e4, ja niiden erityisesti suunnitellut, kumimallilliset kahdeksankulmaiset navat, jotka lis\u00e4\u00e4v\u00e4t t\u00e4rin\u00e4n vaimennusta ja v\u00e4hent\u00e4v\u00e4t liukumista.<\/p>\n<p>&nbsp;<\/p>\n","protected":false},"excerpt":{"rendered":"<div>\n<p>15.3 x 23 150-300hv Suzuki Solas per\u00e4moottorin potkuri<\/p>\n<p>Solas per\u00e4moottorin potkuri.<\/p>\n<\/div>\n<div class=\"attribute-title\">Halkaisija: 15.3&#8243;<\/div>\n<div class=\"attribute-title\">Nousu: 23&#8243;<\/div>\n<div class=\"std\">\n<p>Napa: 15 rihlaa<\/p>\n<p>Verkkokauppa tuote. Toimitusaika 1-4pv normaalisti<\/p>\n<\/div>\n","protected":false},"featured_media":5681,"comment_status":"open","ping_status":"closed","template":"","meta":{"jetpack_post_was_ever_published":false,"jetpack_publicize_message":"","jetpack_publicize_feature_enabled":true,"jetpack_social_post_already_shared":true,"jetpack_social_options":{"image_generator_settings":{"template":"highway","default_image_id":0,"font":"","enabled":false},"version":2}},"product_brand":[],"product_cat":[553,18,557,1225],"product_tag":[383,554,89,249,418],"class_list":{"0":"post-15983","1":"product","2":"type-product","3":"status-publish","4":"has-post-thumbnail","6":"product_cat-solas_polastorm_alumiinipotkurit","7":"product_cat-potkurit","8":"product_cat-suzuki_peramoottorin_potkuri","9":"product_cat-suzuki_peramoottorin_potkuri-suzuki_peramoottorin_potkuri","10":"product_tag-peramoottori","11":"product_tag-peramoottorinpotkuri","12":"product_tag-potkuri","13":"product_tag-solas","14":"product_tag-suzuki","15":"brand-solas","17":"first","18":"instock","19":"sale","20":"taxable","21":"shipping-taxable","22":"purchasable","23":"product-type-simple"},"yoast_head":"<!-- This site is optimized with the Yoast SEO plugin v27.3 - https:\/\/yoast.com\/product\/yoast-seo-wordpress\/ -->\n<title>15.3 x 23 150-300hv Suzuki Solas per\u00e4moottorin potkuri<\/title>\n<meta name=\"description\" content=\"15.3 x 23 150-300hv Suzuki Solas per\u00e4moottorin potkuri -Suzuki Potkureiden erikoisliike-Veneakselisto.com - maahantuonti ja myynti.\" \/>\n<meta name=\"robots\" content=\"index, follow, max-snippet:-1, max-image-preview:large, max-video-preview:-1\" \/>\n<link rel=\"canonical\" href=\"https:\/\/veneakselisto.com\/kauppa\/tuote\/150-300hv-suzuki-15-3-x-23-solas-peramoottorin-potkuri\/\" \/>\n<meta property=\"og:locale\" content=\"fi_FI\" \/>\n<meta property=\"og:type\" content=\"article\" \/>\n<meta property=\"og:title\" content=\"15.3 x 23 150-300hv Suzuki Solas per\u00e4moottorin potkuri\" \/>\n<meta property=\"og:description\" content=\"15.3 x 23 150-300hv Suzuki Solas per\u00e4moottorin potkuri -Suzuki Potkureiden erikoisliike-Veneakselisto.com - maahantuonti ja myynti.\" \/>\n<meta property=\"og:url\" content=\"https:\/\/veneakselisto.com\/kauppa\/tuote\/150-300hv-suzuki-15-3-x-23-solas-peramoottorin-potkuri\/\" \/>\n<meta property=\"og:site_name\" content=\"Veneakselisto.com - verkkokauppa\" \/>\n<meta property=\"article:publisher\" content=\"https:\/\/www.facebook.com\/AlaMikkula\/\" \/>\n<meta property=\"article:modified_time\" content=\"2025-06-12T06:39:27+00:00\" \/>\n<meta property=\"og:image\" content=\"https:\/\/veneakselisto.com\/kauppa\/wp-content\/uploads\/2019\/03\/4211-101-13.png\" \/>\n\t<meta property=\"og:image:width\" content=\"500\" \/>\n\t<meta property=\"og:image:height\" content=\"500\" \/>\n\t<meta property=\"og:image:type\" content=\"image\/png\" \/>\n<meta name=\"twitter:card\" content=\"summary_large_image\" \/>\n<meta name=\"twitter:label1\" content=\"Arvioitu lukuaika\" \/>\n\t<meta name=\"twitter:data1\" content=\"2 minuuttia\" \/>\n<script type=\"application\/ld+json\" class=\"yoast-schema-graph\">{\"@context\":\"https:\\\/\\\/schema.org\",\"@graph\":[{\"@type\":\"WebPage\",\"@id\":\"https:\\\/\\\/veneakselisto.com\\\/kauppa\\\/tuote\\\/150-300hv-suzuki-15-3-x-23-solas-peramoottorin-potkuri\\\/\",\"url\":\"https:\\\/\\\/veneakselisto.com\\\/kauppa\\\/tuote\\\/150-300hv-suzuki-15-3-x-23-solas-peramoottorin-potkuri\\\/\",\"name\":\"15.3 x 23 150-300hv Suzuki Solas per\u00e4moottorin potkuri\",\"isPartOf\":{\"@id\":\"https:\\\/\\\/veneakselisto.com\\\/kauppa\\\/#website\"},\"primaryImageOfPage\":{\"@id\":\"https:\\\/\\\/veneakselisto.com\\\/kauppa\\\/tuote\\\/150-300hv-suzuki-15-3-x-23-solas-peramoottorin-potkuri\\\/#primaryimage\"},\"image\":{\"@id\":\"https:\\\/\\\/veneakselisto.com\\\/kauppa\\\/tuote\\\/150-300hv-suzuki-15-3-x-23-solas-peramoottorin-potkuri\\\/#primaryimage\"},\"thumbnailUrl\":\"https:\\\/\\\/i0.wp.com\\\/veneakselisto.com\\\/kauppa\\\/wp-content\\\/uploads\\\/2019\\\/03\\\/4211-101-13.png?fit=500%2C500&ssl=1\",\"datePublished\":\"2023-01-13T07:27:18+00:00\",\"dateModified\":\"2025-06-12T06:39:27+00:00\",\"description\":\"15.3 x 23 150-300hv Suzuki Solas per\u00e4moottorin potkuri -Suzuki Potkureiden erikoisliike-Veneakselisto.com - maahantuonti ja myynti.\",\"breadcrumb\":{\"@id\":\"https:\\\/\\\/veneakselisto.com\\\/kauppa\\\/tuote\\\/150-300hv-suzuki-15-3-x-23-solas-peramoottorin-potkuri\\\/#breadcrumb\"},\"inLanguage\":\"fi\",\"potentialAction\":[{\"@type\":\"ReadAction\",\"target\":[\"https:\\\/\\\/veneakselisto.com\\\/kauppa\\\/tuote\\\/150-300hv-suzuki-15-3-x-23-solas-peramoottorin-potkuri\\\/\"]}]},{\"@type\":\"ImageObject\",\"inLanguage\":\"fi\",\"@id\":\"https:\\\/\\\/veneakselisto.com\\\/kauppa\\\/tuote\\\/150-300hv-suzuki-15-3-x-23-solas-peramoottorin-potkuri\\\/#primaryimage\",\"url\":\"https:\\\/\\\/i0.wp.com\\\/veneakselisto.com\\\/kauppa\\\/wp-content\\\/uploads\\\/2019\\\/03\\\/4211-101-13.png?fit=500%2C500&ssl=1\",\"contentUrl\":\"https:\\\/\\\/i0.wp.com\\\/veneakselisto.com\\\/kauppa\\\/wp-content\\\/uploads\\\/2019\\\/03\\\/4211-101-13.png?fit=500%2C500&ssl=1\",\"width\":500,\"height\":500,\"caption\":\"Suzuki-Solas-per\u00e4moottorin-potkurit tomittaa potkureiden erikoisliike-Veneakselisto.com\"},{\"@type\":\"BreadcrumbList\",\"@id\":\"https:\\\/\\\/veneakselisto.com\\\/kauppa\\\/tuote\\\/150-300hv-suzuki-15-3-x-23-solas-peramoottorin-potkuri\\\/#breadcrumb\",\"itemListElement\":[{\"@type\":\"ListItem\",\"position\":1,\"name\":\"Etusivu\",\"item\":\"https:\\\/\\\/veneakselisto.com\\\/kauppa\\\/\"},{\"@type\":\"ListItem\",\"position\":2,\"name\":\"Kauppa\",\"item\":\"https:\\\/\\\/veneakselisto.com\\\/kauppa\\\/\"},{\"@type\":\"ListItem\",\"position\":3,\"name\":\"15.3 x 23 150-300hv Suzuki Solas per\u00e4moottorin potkuri\"}]},{\"@type\":\"WebSite\",\"@id\":\"https:\\\/\\\/veneakselisto.com\\\/kauppa\\\/#website\",\"url\":\"https:\\\/\\\/veneakselisto.com\\\/kauppa\\\/\",\"name\":\"Veneakselisto.com - verkkokauppa\",\"description\":\"Venetarvikkeiden maahantuonti ja myynti\",\"publisher\":{\"@id\":\"https:\\\/\\\/veneakselisto.com\\\/kauppa\\\/#organization\"},\"potentialAction\":[{\"@type\":\"SearchAction\",\"target\":{\"@type\":\"EntryPoint\",\"urlTemplate\":\"https:\\\/\\\/veneakselisto.com\\\/kauppa\\\/?s={search_term_string}\"},\"query-input\":{\"@type\":\"PropertyValueSpecification\",\"valueRequired\":true,\"valueName\":\"search_term_string\"}}],\"inLanguage\":\"fi\"},{\"@type\":\"Organization\",\"@id\":\"https:\\\/\\\/veneakselisto.com\\\/kauppa\\\/#organization\",\"name\":\"Veneakselisto.com verkkokauppa\",\"url\":\"https:\\\/\\\/veneakselisto.com\\\/kauppa\\\/\",\"logo\":{\"@type\":\"ImageObject\",\"inLanguage\":\"fi\",\"@id\":\"https:\\\/\\\/veneakselisto.com\\\/kauppa\\\/#\\\/schema\\\/logo\\\/image\\\/\",\"url\":\"https:\\\/\\\/i2.wp.com\\\/veneakselisto.com\\\/kauppa\\\/wp-content\\\/uploads\\\/2016\\\/06\\\/fb_icon.jpg?fit=327%2C327&ssl=1\",\"contentUrl\":\"https:\\\/\\\/i2.wp.com\\\/veneakselisto.com\\\/kauppa\\\/wp-content\\\/uploads\\\/2016\\\/06\\\/fb_icon.jpg?fit=327%2C327&ssl=1\",\"width\":327,\"height\":327,\"caption\":\"Veneakselisto.com verkkokauppa\"},\"image\":{\"@id\":\"https:\\\/\\\/veneakselisto.com\\\/kauppa\\\/#\\\/schema\\\/logo\\\/image\\\/\"},\"sameAs\":[\"https:\\\/\\\/www.facebook.com\\\/AlaMikkula\\\/\"]}]}<\/script>\n<!-- \/ Yoast SEO plugin. -->","yoast_head_json":{"title":"15.3 x 23 150-300hv Suzuki Solas per\u00e4moottorin potkuri","description":"15.3 x 23 150-300hv Suzuki Solas per\u00e4moottorin potkuri -Suzuki Potkureiden erikoisliike-Veneakselisto.com - maahantuonti ja myynti.","robots":{"index":"index","follow":"follow","max-snippet":"max-snippet:-1","max-image-preview":"max-image-preview:large","max-video-preview":"max-video-preview:-1"},"canonical":"https:\/\/veneakselisto.com\/kauppa\/tuote\/150-300hv-suzuki-15-3-x-23-solas-peramoottorin-potkuri\/","og_locale":"fi_FI","og_type":"article","og_title":"15.3 x 23 150-300hv Suzuki Solas per\u00e4moottorin potkuri","og_description":"15.3 x 23 150-300hv Suzuki Solas per\u00e4moottorin potkuri -Suzuki Potkureiden erikoisliike-Veneakselisto.com - maahantuonti ja myynti.","og_url":"https:\/\/veneakselisto.com\/kauppa\/tuote\/150-300hv-suzuki-15-3-x-23-solas-peramoottorin-potkuri\/","og_site_name":"Veneakselisto.com - verkkokauppa","article_publisher":"https:\/\/www.facebook.com\/AlaMikkula\/","article_modified_time":"2025-06-12T06:39:27+00:00","og_image":[{"width":500,"height":500,"url":"https:\/\/veneakselisto.com\/kauppa\/wp-content\/uploads\/2019\/03\/4211-101-13.png","type":"image\/png"}],"twitter_card":"summary_large_image","twitter_misc":{"Arvioitu lukuaika":"2 minuuttia"},"schema":{"@context":"https:\/\/schema.org","@graph":[{"@type":"WebPage","@id":"https:\/\/veneakselisto.com\/kauppa\/tuote\/150-300hv-suzuki-15-3-x-23-solas-peramoottorin-potkuri\/","url":"https:\/\/veneakselisto.com\/kauppa\/tuote\/150-300hv-suzuki-15-3-x-23-solas-peramoottorin-potkuri\/","name":"15.3 x 23 150-300hv Suzuki Solas per\u00e4moottorin potkuri","isPartOf":{"@id":"https:\/\/veneakselisto.com\/kauppa\/#website"},"primaryImageOfPage":{"@id":"https:\/\/veneakselisto.com\/kauppa\/tuote\/150-300hv-suzuki-15-3-x-23-solas-peramoottorin-potkuri\/#primaryimage"},"image":{"@id":"https:\/\/veneakselisto.com\/kauppa\/tuote\/150-300hv-suzuki-15-3-x-23-solas-peramoottorin-potkuri\/#primaryimage"},"thumbnailUrl":"https:\/\/i0.wp.com\/veneakselisto.com\/kauppa\/wp-content\/uploads\/2019\/03\/4211-101-13.png?fit=500%2C500&ssl=1","datePublished":"2023-01-13T07:27:18+00:00","dateModified":"2025-06-12T06:39:27+00:00","description":"15.3 x 23 150-300hv Suzuki Solas per\u00e4moottorin potkuri -Suzuki Potkureiden erikoisliike-Veneakselisto.com - maahantuonti ja myynti.","breadcrumb":{"@id":"https:\/\/veneakselisto.com\/kauppa\/tuote\/150-300hv-suzuki-15-3-x-23-solas-peramoottorin-potkuri\/#breadcrumb"},"inLanguage":"fi","potentialAction":[{"@type":"ReadAction","target":["https:\/\/veneakselisto.com\/kauppa\/tuote\/150-300hv-suzuki-15-3-x-23-solas-peramoottorin-potkuri\/"]}]},{"@type":"ImageObject","inLanguage":"fi","@id":"https:\/\/veneakselisto.com\/kauppa\/tuote\/150-300hv-suzuki-15-3-x-23-solas-peramoottorin-potkuri\/#primaryimage","url":"https:\/\/i0.wp.com\/veneakselisto.com\/kauppa\/wp-content\/uploads\/2019\/03\/4211-101-13.png?fit=500%2C500&ssl=1","contentUrl":"https:\/\/i0.wp.com\/veneakselisto.com\/kauppa\/wp-content\/uploads\/2019\/03\/4211-101-13.png?fit=500%2C500&ssl=1","width":500,"height":500,"caption":"Suzuki-Solas-per\u00e4moottorin-potkurit tomittaa potkureiden erikoisliike-Veneakselisto.com"},{"@type":"BreadcrumbList","@id":"https:\/\/veneakselisto.com\/kauppa\/tuote\/150-300hv-suzuki-15-3-x-23-solas-peramoottorin-potkuri\/#breadcrumb","itemListElement":[{"@type":"ListItem","position":1,"name":"Etusivu","item":"https:\/\/veneakselisto.com\/kauppa\/"},{"@type":"ListItem","position":2,"name":"Kauppa","item":"https:\/\/veneakselisto.com\/kauppa\/"},{"@type":"ListItem","position":3,"name":"15.3 x 23 150-300hv Suzuki Solas per\u00e4moottorin potkuri"}]},{"@type":"WebSite","@id":"https:\/\/veneakselisto.com\/kauppa\/#website","url":"https:\/\/veneakselisto.com\/kauppa\/","name":"Veneakselisto.com - verkkokauppa","description":"Venetarvikkeiden maahantuonti ja myynti","publisher":{"@id":"https:\/\/veneakselisto.com\/kauppa\/#organization"},"potentialAction":[{"@type":"SearchAction","target":{"@type":"EntryPoint","urlTemplate":"https:\/\/veneakselisto.com\/kauppa\/?s={search_term_string}"},"query-input":{"@type":"PropertyValueSpecification","valueRequired":true,"valueName":"search_term_string"}}],"inLanguage":"fi"},{"@type":"Organization","@id":"https:\/\/veneakselisto.com\/kauppa\/#organization","name":"Veneakselisto.com verkkokauppa","url":"https:\/\/veneakselisto.com\/kauppa\/","logo":{"@type":"ImageObject","inLanguage":"fi","@id":"https:\/\/veneakselisto.com\/kauppa\/#\/schema\/logo\/image\/","url":"https:\/\/i2.wp.com\/veneakselisto.com\/kauppa\/wp-content\/uploads\/2016\/06\/fb_icon.jpg?fit=327%2C327&ssl=1","contentUrl":"https:\/\/i2.wp.com\/veneakselisto.com\/kauppa\/wp-content\/uploads\/2016\/06\/fb_icon.jpg?fit=327%2C327&ssl=1","width":327,"height":327,"caption":"Veneakselisto.com verkkokauppa"},"image":{"@id":"https:\/\/veneakselisto.com\/kauppa\/#\/schema\/logo\/image\/"},"sameAs":["https:\/\/www.facebook.com\/AlaMikkula\/"]}]}},"jetpack_publicize_connections":[],"jetpack_sharing_enabled":true,"_links":{"self":[{"href":"https:\/\/veneakselisto.com\/kauppa\/wp-json\/wp\/v2\/product\/15983","targetHints":{"allow":["GET"]}}],"collection":[{"href":"https:\/\/veneakselisto.com\/kauppa\/wp-json\/wp\/v2\/product"}],"about":[{"href":"https:\/\/veneakselisto.com\/kauppa\/wp-json\/wp\/v2\/types\/product"}],"replies":[{"embeddable":true,"href":"https:\/\/veneakselisto.com\/kauppa\/wp-json\/wp\/v2\/comments?post=15983"}],"wp:featuredmedia":[{"embeddable":true,"href":"https:\/\/veneakselisto.com\/kauppa\/wp-json\/wp\/v2\/media\/5681"}],"wp:attachment":[{"href":"https:\/\/veneakselisto.com\/kauppa\/wp-json\/wp\/v2\/media?parent=15983"}],"wp:term":[{"taxonomy":"product_brand","embeddable":true,"href":"https:\/\/veneakselisto.com\/kauppa\/wp-json\/wp\/v2\/product_brand?post=15983"},{"taxonomy":"product_cat","embeddable":true,"href":"https:\/\/veneakselisto.com\/kauppa\/wp-json\/wp\/v2\/product_cat?post=15983"},{"taxonomy":"product_tag","embeddable":true,"href":"https:\/\/veneakselisto.com\/kauppa\/wp-json\/wp\/v2\/product_tag?post=15983"}],"curies":[{"name":"wp","href":"https:\/\/api.w.org\/{rel}","templated":true}]}}