{"id":15840,"date":"2022-12-01T10:15:44","date_gmt":"2022-12-01T08:15:44","guid":{"rendered":"https:\/\/veneakselisto.com\/kauppa\/?post_type=product&#038;p=15840"},"modified":"2024-10-14T11:08:02","modified_gmt":"2024-10-14T08:08:02","slug":"vetus-vannasputki-43mmx1000mm","status":"publish","type":"product","link":"https:\/\/veneakselisto.com\/kauppa\/tuote\/vetus-vannasputki-43mmx1000mm\/","title":{"rendered":"Vetus Vannasputki  43mmx1000mm"},"content":{"rendered":"<p>Vetus Vannasputki  43mmx1000mm<\/p>\n<p>BL25\/1000 Vetus vannasputki<br \/>\n-Sis\u00e4lt\u00e4\u00e4 25mm vesivoidellun kumilaakerin<br \/>\n-25mm akselille<br \/>\n-Pituus 1000mm<br \/>\n-42-43mm vesivoidellut akselitiivisteet sopivat t\u00e4h\u00e4n Vetus veneen vannasputkeen<\/p>\n<p>Mitat<br \/>\nK=88mm (min)<br \/>\nB=1000mm<br \/>\nL=90mm<br \/>\nM=8mm<br \/>\nN=110mm<br \/>\nQ=43mm<\/p>\n<p>Malli BL<br \/>\nPronssinen vannasputki asennuslaipalla ja yhdell\u00e4 kumi(per\u00e4)laakerilla.<br \/>\nHahlot vannasputkessa helpottavat kumilaakerin vaihtoa.<br \/>\nSuosittelemme k\u00e4ytt\u00e4m\u00e4\u00e4n FLK25 Vetus asennuslaippaa vannasputken tukemiseen akselitiivisteen p\u00e4\u00e4st\u00e4.<\/p>\n<p>Miksi valita Vetuksen akselisto?<br \/>\nPotkuriakselisto on eitt\u00e4m\u00e4tt\u00e4 yksi veneen t\u00e4rkeimpi\u00e4 osakokonaisuuksia ja vaatii sen takia my\u00f6skin erityishuomiota. Hyvin<br \/>\nsuunniteltu, valmistettu ja asennettu potkuriakselisto parantaa veneesi suorituskyky\u00e4 sek\u00e4 luotettavuutta. Meid\u00e4n suunnittelioilla<br \/>\non k\u00e4yt\u00f6ss\u00e4\u00e4n parhainta laatua olevat potkurit, potkuriakselit, vannasputket ja kytkimet jolla saadaan aikaan parhaiten tomiva<br \/>\nkokonaisuus my\u00f6s sinun veneeseesi.<br \/>\nVeneen suunniteltu nopeus, vesilinjan pituus, rungon muoto ja paino ovat avaintekij\u00e4t kun halutaan m\u00e4\u00e4ritell\u00e4 paras moottorija<br \/>\nmerivaihdeyhdistelm\u00e4 veneeseen. Potkuriakseliston t\u00e4rkein teht\u00e4v\u00e4 on siirt\u00e4\u00e4 moottorin voima veteen. My\u00f6s oikean potkurin<br \/>\nm\u00e4\u00e4ritt\u00e4minen veneeseen on vaativa teht\u00e4v\u00e4 joka vaatii kehittyneet potkurinlaskentaohjelmat, sek\u00e4 ennenkaikkea, pitk\u00e4\u00e4<br \/>\nkokemusta.<br \/>\nVETUKSELLA on pitk\u00e4 kokemus akselistoista ja tarjoaa laajan tuotevalikoiman joka on ymp\u00e4rist\u00f6yst\u00e4v\u00e4llinen ja joka parantaa my\u00f6s<br \/>\nmukavuutta veneess\u00e4. Vesivoidellut potkuriakselistot eiv\u00e4t tarvitse voiteluun \u00f6ljy\u00e4 tai rasvaa, joustavat akselikytkimet sallivat pienet<br \/>\npoikkeamat potkuriakselin linjauksessa sek\u00e4 vaimentavat tehokkaasti potkuriakselistosta veneen runkoon siirtyvi\u00e4 v\u00e4rin\u00f6it\u00e4.<br \/>\nHyvin toimiva akselisto vaatii<br \/>\n\u2022 Laadukaasti tasapainoitetun potkurin joka v\u00e4hent\u00e4\u00e4 v\u00e4rin\u00f6it\u00e4, resonanssia ja kavitaatiota<br \/>\n\u2022 Potkuriakselin joka on oikein mitoitettu ja laadukas, se parantaa mukavuutta ja luotettavuutta<br \/>\n\u2022 Kumilaakerit jotka pit\u00e4\u00e4 huolen siit\u00e4 ett\u00e4 v\u00e4rin\u00e4t ja melu saadaan minimoitua<br \/>\n\u2022 Vannasputken, jonka laadukas laakerointi pit\u00e4\u00e4 kitkan pienen\u00e4<br \/>\n\u2022 Joustavan kytkimen joka v\u00e4hent\u00e4\u00e4 v\u00e4rin\u00f6it\u00e4 sek\u00e4 helpottaa potkuriakselin linjausta<\/p>\n<p>Monta hyv\u00e4\u00e4 syyt\u00e4 valita VETUS-akselisto<\/p>\n<p>\u2022 VETUS-potkureita on saatavana suuri m\u00e4\u00e4r\u00e4 eri kokoja suoraan varastosta<br \/>\n\u2022 VETUS k\u00e4ytt\u00e4\u00e4 laadukkaita, korroosiovapaita materiaaleja joilla on pitk\u00e4 k\u00e4ytt\u00f6ik\u00e4<br \/>\n\u2022 VETUS toimittaa t\u00e4ydellisi\u00e4 akselistoja k\u00e4ytt\u00e4en vakiotuotteita tai asiakasmitoituksella olevia tuotteita<br \/>\n\u2022 VETUS tarjoaa erilaisia vannasputkia 25 mm &#8211; 60 mm potkuriakseleille<br \/>\n\u2022 VETUS tarjoaa erilaisia joustavia kytkimi\u00e4 jotka helpottavat asennusta sek\u00e4 v\u00e4hent\u00e4v\u00e4t v\u00e4rin\u00f6it\u00e4<br \/>\n\u2022 VETUS akselistot ovat vesivoideltuja, eli s\u00e4\u00e4st\u00e4v\u00e4t luontoa kun voiteuluun ei tarvita \u00f6ljy\u00e4 eik\u00e4 vaseliinia<\/p>\n","protected":false},"excerpt":{"rendered":"<p>Vetus Vannasputki  43mmx1000mm<\/p>\n<p>BL25\/1000 Vetus vannasputki<br \/>\n-Sis\u00e4lt\u00e4\u00e4 25mm vesivoidellun kumilaakerin<br \/>\n-25mm akselille<br \/>\n-Pituus 1000mm<br \/>\n-42-43mm vesivoidellut akselitiivisteet sopivat t\u00e4h\u00e4n Vetus veneen vannasputkeen<\/p>\n<p>Malli BL<br \/>\nPronssinen vannasputki asennuslaipalla ja yhdell\u00e4 kumi(per\u00e4)laakerilla.<br \/>\nHahlot vannasputkessa helpottavat kumilaakerin vaihtoa.<br \/>\nSuosittelemme k\u00e4ytt\u00e4m\u00e4\u00e4n FLK25 Vetus asennuslaippaa vannasputken tukemiseen akselitiivisteen p\u00e4\u00e4st\u00e4.<\/p>\n<p>Tehdastoimitus 4-7pv normaalisti.<\/p>\n","protected":false},"featured_media":15833,"comment_status":"open","ping_status":"closed","template":"","meta":{"jetpack_post_was_ever_published":false,"jetpack_publicize_message":"","jetpack_publicize_feature_enabled":true,"jetpack_social_post_already_shared":true,"jetpack_social_options":{"image_generator_settings":{"template":"highway","default_image_id":0,"font":"","enabled":false},"version":2}},"product_brand":[],"product_cat":[33,470],"product_tag":[78,159,77],"class_list":{"0":"post-15840","1":"product","2":"type-product","3":"status-publish","4":"has-post-thumbnail","6":"product_cat-vannasputket","7":"product_cat-vetus_vetus-venetarvikkeet_venetarvikeiden-maahantuonti-ja-myynti","8":"product_tag-25mm","9":"product_tag-42mm","10":"product_tag-vannasputki","11":"brand-vetus","13":"first","14":"onbackorder","15":"taxable","16":"shipping-taxable","17":"purchasable","18":"product-type-simple"},"yoast_head":"<!-- This site is optimized with the Yoast SEO plugin v27.3 - https:\/\/yoast.com\/product\/yoast-seo-wordpress\/ -->\n<title>Vetus Vannasputki 43mmx1000mm-veneakselisto.co-verkkokauppa<\/title>\n<meta name=\"description\" content=\"Vetus Vannasputki 43mmx1000mm. Vetus veneen vannasputken toimittaa Veneakselisto.com - Verkkokauppa - Venetarvikkeiden maahantuonti ja myynti.\" \/>\n<meta name=\"robots\" content=\"index, follow, max-snippet:-1, max-image-preview:large, max-video-preview:-1\" \/>\n<link rel=\"canonical\" href=\"https:\/\/veneakselisto.com\/kauppa\/tuote\/vetus-vannasputki-43mmx1000mm\/\" \/>\n<meta property=\"og:locale\" content=\"fi_FI\" \/>\n<meta property=\"og:type\" content=\"article\" \/>\n<meta property=\"og:title\" content=\"Vetus Vannasputki 43mmx1000mm-veneakselisto.co-verkkokauppa\" \/>\n<meta property=\"og:description\" content=\"Vetus Vannasputki 43mmx1000mm. Vetus veneen vannasputken toimittaa Veneakselisto.com - Verkkokauppa - Venetarvikkeiden maahantuonti ja myynti.\" \/>\n<meta property=\"og:url\" content=\"https:\/\/veneakselisto.com\/kauppa\/tuote\/vetus-vannasputki-43mmx1000mm\/\" \/>\n<meta property=\"og:site_name\" content=\"Veneakselisto.com - verkkokauppa\" \/>\n<meta property=\"article:publisher\" content=\"https:\/\/www.facebook.com\/AlaMikkula\/\" \/>\n<meta property=\"article:modified_time\" content=\"2024-10-14T08:08:02+00:00\" \/>\n<meta property=\"og:image\" content=\"https:\/\/veneakselisto.com\/kauppa\/wp-content\/uploads\/2022\/11\/BL-Vetus-vannasputki.png\" \/>\n\t<meta property=\"og:image:width\" content=\"500\" \/>\n\t<meta property=\"og:image:height\" content=\"500\" \/>\n\t<meta property=\"og:image:type\" content=\"image\/png\" \/>\n<meta name=\"twitter:card\" content=\"summary_large_image\" \/>\n<meta name=\"twitter:label1\" content=\"Arvioitu lukuaika\" \/>\n\t<meta name=\"twitter:data1\" content=\"2 minuuttia\" \/>\n<script type=\"application\/ld+json\" class=\"yoast-schema-graph\">{\"@context\":\"https:\\\/\\\/schema.org\",\"@graph\":[{\"@type\":\"WebPage\",\"@id\":\"https:\\\/\\\/veneakselisto.com\\\/kauppa\\\/tuote\\\/vetus-vannasputki-43mmx1000mm\\\/\",\"url\":\"https:\\\/\\\/veneakselisto.com\\\/kauppa\\\/tuote\\\/vetus-vannasputki-43mmx1000mm\\\/\",\"name\":\"Vetus Vannasputki 43mmx1000mm-veneakselisto.co-verkkokauppa\",\"isPartOf\":{\"@id\":\"https:\\\/\\\/veneakselisto.com\\\/kauppa\\\/#website\"},\"primaryImageOfPage\":{\"@id\":\"https:\\\/\\\/veneakselisto.com\\\/kauppa\\\/tuote\\\/vetus-vannasputki-43mmx1000mm\\\/#primaryimage\"},\"image\":{\"@id\":\"https:\\\/\\\/veneakselisto.com\\\/kauppa\\\/tuote\\\/vetus-vannasputki-43mmx1000mm\\\/#primaryimage\"},\"thumbnailUrl\":\"https:\\\/\\\/i0.wp.com\\\/veneakselisto.com\\\/kauppa\\\/wp-content\\\/uploads\\\/2022\\\/11\\\/BL-Vetus-vannasputki.png?fit=500%2C500&ssl=1\",\"datePublished\":\"2022-12-01T08:15:44+00:00\",\"dateModified\":\"2024-10-14T08:08:02+00:00\",\"description\":\"Vetus Vannasputki 43mmx1000mm. Vetus veneen vannasputken toimittaa Veneakselisto.com - Verkkokauppa - Venetarvikkeiden maahantuonti ja myynti.\",\"breadcrumb\":{\"@id\":\"https:\\\/\\\/veneakselisto.com\\\/kauppa\\\/tuote\\\/vetus-vannasputki-43mmx1000mm\\\/#breadcrumb\"},\"inLanguage\":\"fi\",\"potentialAction\":[{\"@type\":\"ReadAction\",\"target\":[\"https:\\\/\\\/veneakselisto.com\\\/kauppa\\\/tuote\\\/vetus-vannasputki-43mmx1000mm\\\/\"]}]},{\"@type\":\"ImageObject\",\"inLanguage\":\"fi\",\"@id\":\"https:\\\/\\\/veneakselisto.com\\\/kauppa\\\/tuote\\\/vetus-vannasputki-43mmx1000mm\\\/#primaryimage\",\"url\":\"https:\\\/\\\/i0.wp.com\\\/veneakselisto.com\\\/kauppa\\\/wp-content\\\/uploads\\\/2022\\\/11\\\/BL-Vetus-vannasputki.png?fit=500%2C500&ssl=1\",\"contentUrl\":\"https:\\\/\\\/i0.wp.com\\\/veneakselisto.com\\\/kauppa\\\/wp-content\\\/uploads\\\/2022\\\/11\\\/BL-Vetus-vannasputki.png?fit=500%2C500&ssl=1\",\"width\":500,\"height\":500,\"caption\":\"Vetus vannasputki-veneeseen-Veneakselisto.com\"},{\"@type\":\"BreadcrumbList\",\"@id\":\"https:\\\/\\\/veneakselisto.com\\\/kauppa\\\/tuote\\\/vetus-vannasputki-43mmx1000mm\\\/#breadcrumb\",\"itemListElement\":[{\"@type\":\"ListItem\",\"position\":1,\"name\":\"Etusivu\",\"item\":\"https:\\\/\\\/veneakselisto.com\\\/kauppa\\\/\"},{\"@type\":\"ListItem\",\"position\":2,\"name\":\"Kauppa\",\"item\":\"https:\\\/\\\/veneakselisto.com\\\/kauppa\\\/\"},{\"@type\":\"ListItem\",\"position\":3,\"name\":\"Vetus Vannasputki 43mmx1000mm\"}]},{\"@type\":\"WebSite\",\"@id\":\"https:\\\/\\\/veneakselisto.com\\\/kauppa\\\/#website\",\"url\":\"https:\\\/\\\/veneakselisto.com\\\/kauppa\\\/\",\"name\":\"Veneakselisto.com - verkkokauppa\",\"description\":\"Venetarvikkeiden maahantuonti ja myynti\",\"publisher\":{\"@id\":\"https:\\\/\\\/veneakselisto.com\\\/kauppa\\\/#organization\"},\"potentialAction\":[{\"@type\":\"SearchAction\",\"target\":{\"@type\":\"EntryPoint\",\"urlTemplate\":\"https:\\\/\\\/veneakselisto.com\\\/kauppa\\\/?s={search_term_string}\"},\"query-input\":{\"@type\":\"PropertyValueSpecification\",\"valueRequired\":true,\"valueName\":\"search_term_string\"}}],\"inLanguage\":\"fi\"},{\"@type\":\"Organization\",\"@id\":\"https:\\\/\\\/veneakselisto.com\\\/kauppa\\\/#organization\",\"name\":\"Veneakselisto.com verkkokauppa\",\"url\":\"https:\\\/\\\/veneakselisto.com\\\/kauppa\\\/\",\"logo\":{\"@type\":\"ImageObject\",\"inLanguage\":\"fi\",\"@id\":\"https:\\\/\\\/veneakselisto.com\\\/kauppa\\\/#\\\/schema\\\/logo\\\/image\\\/\",\"url\":\"https:\\\/\\\/i2.wp.com\\\/veneakselisto.com\\\/kauppa\\\/wp-content\\\/uploads\\\/2016\\\/06\\\/fb_icon.jpg?fit=327%2C327&ssl=1\",\"contentUrl\":\"https:\\\/\\\/i2.wp.com\\\/veneakselisto.com\\\/kauppa\\\/wp-content\\\/uploads\\\/2016\\\/06\\\/fb_icon.jpg?fit=327%2C327&ssl=1\",\"width\":327,\"height\":327,\"caption\":\"Veneakselisto.com verkkokauppa\"},\"image\":{\"@id\":\"https:\\\/\\\/veneakselisto.com\\\/kauppa\\\/#\\\/schema\\\/logo\\\/image\\\/\"},\"sameAs\":[\"https:\\\/\\\/www.facebook.com\\\/AlaMikkula\\\/\"]}]}<\/script>\n<!-- \/ Yoast SEO plugin. -->","yoast_head_json":{"title":"Vetus Vannasputki 43mmx1000mm-veneakselisto.co-verkkokauppa","description":"Vetus Vannasputki 43mmx1000mm. Vetus veneen vannasputken toimittaa Veneakselisto.com - Verkkokauppa - Venetarvikkeiden maahantuonti ja myynti.","robots":{"index":"index","follow":"follow","max-snippet":"max-snippet:-1","max-image-preview":"max-image-preview:large","max-video-preview":"max-video-preview:-1"},"canonical":"https:\/\/veneakselisto.com\/kauppa\/tuote\/vetus-vannasputki-43mmx1000mm\/","og_locale":"fi_FI","og_type":"article","og_title":"Vetus Vannasputki 43mmx1000mm-veneakselisto.co-verkkokauppa","og_description":"Vetus Vannasputki 43mmx1000mm. Vetus veneen vannasputken toimittaa Veneakselisto.com - Verkkokauppa - Venetarvikkeiden maahantuonti ja myynti.","og_url":"https:\/\/veneakselisto.com\/kauppa\/tuote\/vetus-vannasputki-43mmx1000mm\/","og_site_name":"Veneakselisto.com - verkkokauppa","article_publisher":"https:\/\/www.facebook.com\/AlaMikkula\/","article_modified_time":"2024-10-14T08:08:02+00:00","og_image":[{"width":500,"height":500,"url":"https:\/\/veneakselisto.com\/kauppa\/wp-content\/uploads\/2022\/11\/BL-Vetus-vannasputki.png","type":"image\/png"}],"twitter_card":"summary_large_image","twitter_misc":{"Arvioitu lukuaika":"2 minuuttia"},"schema":{"@context":"https:\/\/schema.org","@graph":[{"@type":"WebPage","@id":"https:\/\/veneakselisto.com\/kauppa\/tuote\/vetus-vannasputki-43mmx1000mm\/","url":"https:\/\/veneakselisto.com\/kauppa\/tuote\/vetus-vannasputki-43mmx1000mm\/","name":"Vetus Vannasputki 43mmx1000mm-veneakselisto.co-verkkokauppa","isPartOf":{"@id":"https:\/\/veneakselisto.com\/kauppa\/#website"},"primaryImageOfPage":{"@id":"https:\/\/veneakselisto.com\/kauppa\/tuote\/vetus-vannasputki-43mmx1000mm\/#primaryimage"},"image":{"@id":"https:\/\/veneakselisto.com\/kauppa\/tuote\/vetus-vannasputki-43mmx1000mm\/#primaryimage"},"thumbnailUrl":"https:\/\/i0.wp.com\/veneakselisto.com\/kauppa\/wp-content\/uploads\/2022\/11\/BL-Vetus-vannasputki.png?fit=500%2C500&ssl=1","datePublished":"2022-12-01T08:15:44+00:00","dateModified":"2024-10-14T08:08:02+00:00","description":"Vetus Vannasputki 43mmx1000mm. Vetus veneen vannasputken toimittaa Veneakselisto.com - Verkkokauppa - Venetarvikkeiden maahantuonti ja myynti.","breadcrumb":{"@id":"https:\/\/veneakselisto.com\/kauppa\/tuote\/vetus-vannasputki-43mmx1000mm\/#breadcrumb"},"inLanguage":"fi","potentialAction":[{"@type":"ReadAction","target":["https:\/\/veneakselisto.com\/kauppa\/tuote\/vetus-vannasputki-43mmx1000mm\/"]}]},{"@type":"ImageObject","inLanguage":"fi","@id":"https:\/\/veneakselisto.com\/kauppa\/tuote\/vetus-vannasputki-43mmx1000mm\/#primaryimage","url":"https:\/\/i0.wp.com\/veneakselisto.com\/kauppa\/wp-content\/uploads\/2022\/11\/BL-Vetus-vannasputki.png?fit=500%2C500&ssl=1","contentUrl":"https:\/\/i0.wp.com\/veneakselisto.com\/kauppa\/wp-content\/uploads\/2022\/11\/BL-Vetus-vannasputki.png?fit=500%2C500&ssl=1","width":500,"height":500,"caption":"Vetus vannasputki-veneeseen-Veneakselisto.com"},{"@type":"BreadcrumbList","@id":"https:\/\/veneakselisto.com\/kauppa\/tuote\/vetus-vannasputki-43mmx1000mm\/#breadcrumb","itemListElement":[{"@type":"ListItem","position":1,"name":"Etusivu","item":"https:\/\/veneakselisto.com\/kauppa\/"},{"@type":"ListItem","position":2,"name":"Kauppa","item":"https:\/\/veneakselisto.com\/kauppa\/"},{"@type":"ListItem","position":3,"name":"Vetus Vannasputki 43mmx1000mm"}]},{"@type":"WebSite","@id":"https:\/\/veneakselisto.com\/kauppa\/#website","url":"https:\/\/veneakselisto.com\/kauppa\/","name":"Veneakselisto.com - verkkokauppa","description":"Venetarvikkeiden maahantuonti ja myynti","publisher":{"@id":"https:\/\/veneakselisto.com\/kauppa\/#organization"},"potentialAction":[{"@type":"SearchAction","target":{"@type":"EntryPoint","urlTemplate":"https:\/\/veneakselisto.com\/kauppa\/?s={search_term_string}"},"query-input":{"@type":"PropertyValueSpecification","valueRequired":true,"valueName":"search_term_string"}}],"inLanguage":"fi"},{"@type":"Organization","@id":"https:\/\/veneakselisto.com\/kauppa\/#organization","name":"Veneakselisto.com verkkokauppa","url":"https:\/\/veneakselisto.com\/kauppa\/","logo":{"@type":"ImageObject","inLanguage":"fi","@id":"https:\/\/veneakselisto.com\/kauppa\/#\/schema\/logo\/image\/","url":"https:\/\/i2.wp.com\/veneakselisto.com\/kauppa\/wp-content\/uploads\/2016\/06\/fb_icon.jpg?fit=327%2C327&ssl=1","contentUrl":"https:\/\/i2.wp.com\/veneakselisto.com\/kauppa\/wp-content\/uploads\/2016\/06\/fb_icon.jpg?fit=327%2C327&ssl=1","width":327,"height":327,"caption":"Veneakselisto.com verkkokauppa"},"image":{"@id":"https:\/\/veneakselisto.com\/kauppa\/#\/schema\/logo\/image\/"},"sameAs":["https:\/\/www.facebook.com\/AlaMikkula\/"]}]}},"jetpack_publicize_connections":[],"jetpack_sharing_enabled":true,"_links":{"self":[{"href":"https:\/\/veneakselisto.com\/kauppa\/wp-json\/wp\/v2\/product\/15840","targetHints":{"allow":["GET"]}}],"collection":[{"href":"https:\/\/veneakselisto.com\/kauppa\/wp-json\/wp\/v2\/product"}],"about":[{"href":"https:\/\/veneakselisto.com\/kauppa\/wp-json\/wp\/v2\/types\/product"}],"replies":[{"embeddable":true,"href":"https:\/\/veneakselisto.com\/kauppa\/wp-json\/wp\/v2\/comments?post=15840"}],"wp:featuredmedia":[{"embeddable":true,"href":"https:\/\/veneakselisto.com\/kauppa\/wp-json\/wp\/v2\/media\/15833"}],"wp:attachment":[{"href":"https:\/\/veneakselisto.com\/kauppa\/wp-json\/wp\/v2\/media?parent=15840"}],"wp:term":[{"taxonomy":"product_brand","embeddable":true,"href":"https:\/\/veneakselisto.com\/kauppa\/wp-json\/wp\/v2\/product_brand?post=15840"},{"taxonomy":"product_cat","embeddable":true,"href":"https:\/\/veneakselisto.com\/kauppa\/wp-json\/wp\/v2\/product_cat?post=15840"},{"taxonomy":"product_tag","embeddable":true,"href":"https:\/\/veneakselisto.com\/kauppa\/wp-json\/wp\/v2\/product_tag?post=15840"}],"curies":[{"name":"wp","href":"https:\/\/api.w.org\/{rel}","templated":true}]}}