{"id":15735,"date":"2022-11-18T15:00:48","date_gmt":"2022-11-18T13:00:48","guid":{"rendered":"https:\/\/veneakselisto.com\/kauppa\/?post_type=product&#038;p=15735"},"modified":"2026-02-17T08:53:53","modified_gmt":"2026-02-17T06:53:53","slug":"pikakiinnityssarjan-jalka-korkeussaadolla-click-liitos","status":"publish","type":"product","link":"https:\/\/veneakselisto.com\/kauppa\/tuote\/pikakiinnityssarjan-jalka-korkeussaadolla-click-liitos\/","title":{"rendered":"Pikakiinnityssarjan jalka korkeuss\u00e4\u00e4d\u00f6ll\u00e4 Click liitos"},"content":{"rendered":"<p>Pikakiinnityssarjan jalka korkeuss\u00e4\u00e4d\u00f6ll\u00e4 Click liitos<\/p>\n<p>Pikakiinnityssarjan jalat, kaasuavusteinen korkeuss\u00e4\u00e4t\u00f6.<br \/>\nSaatavana \u201cClick\u201d liitoksella. Sis\u00e4lt\u00e4\u00e4 360\u00ba k\u00e4\u00e4ntyv\u00e4n istuinalustan.<\/p>\n<p>T\u00e4m\u00e4 istuinjalka sis\u00e4lt\u00e4\u00e4 kromattuja ter\u00e4sosia, joten suosittelemme muita vaihtoehtoja suolaisille vesille.<\/p>\n<p>Liitostapa pohjalevyyn\u00a0\u00a0\u00a0\u00a0\u00a0\u00a0\u00a0\u00a0\u00a0\u00a0 Korkeus (H)\u00a0\u00a0\u00a0 \u00a0 \u00a0 \u00a0 \u00a0 \u00a0 \u00a0 Putken\u00a0 \u00d8\u00a0\u00a0\u00a0\u00a0\u00a0\u00a0 Reik\u00e4kuvio\u00a0\u00a0\u00a0\u00a0\u00a0\u00a0 Paino<\/p>\n<p>Click\u00a0\u00a0\u00a0\u00a0\u00a0\u00a0\u00a0\u00a0\u00a0\u00a0\u00a0\u00a0\u00a0\u00a0\u00a0\u00a0\u00a0\u00a0\u00a0\u00a0\u00a0\u00a0\u00a0\u00a0\u00a0\u00a0\u00a0 570mm-740mm\u00a0\u00a0\u00a0\u00a0\u00a0\u00a0\u00a0\u00a0\u00a0\u00a0\u00a0\u00a0\u00a0\u00a0\u00a0\u00a0\u00a0 45mm\u00a0\u00a0\u00a0\u00a0\u00a0\u00a0\u00a0\u00a0\u00a0\u00a0\u00a0\u00a0\u00a0 S\u00a0\u00a0\u00a0\u00a0\u00a0\u00a0\u00a0\u00a0\u00a0\u00a0\u00a0\u00a0\u00a0\u00a0\u00a0\u00a0\u00a0\u00a0\u00a0 2.1 kg<\/p>\n<p>Istuinjalat pikakiinnityksell\u00e4<br \/>\nPikakiinnityssarjan istuinjalat ovat erityisen sopivat k\u00e4ytt\u00f6kohteisiin jossa istumapaikkoja halutaan muunnella<br \/>\njoustavasti tarpeen mukaan, kuten esimerkisi kalastus- ja uisteluveneiss\u00e4. Valittavana on kaksi eri kiinnitystapaa:,<br \/>\neritt\u00e4in nopea \u201cClick\u201d jossa jalka napsautetaan paikalleen tai hieman j\u00e4re\u00e4mpi, kierreliitoksella oleva vaihtoehto.<br \/>\nOsat jotka muodostavat t\u00e4ydellisen istuinjalan, voidaan tilata erikseen ja tarjoaa n\u00e4in suuren muunneltavuuden<br \/>\nistumapaikkaj\u00e4rjestelyiss\u00e4. Huomioi tilattaessa ett\u00e4 t\u00e4ydellinen istuinjalka koostuu kolmesta eri osasta; istuinalustasta, jalasta ja pohjalevyst\u00e4. Pikakiinnityssarjan istuinjalat sopivat istuimiin jossa reik\u00e4kuvio (S).<\/p>\n<p>Kaikki Vetus veneistuimet toimitetaan tehdastoimituksena!<\/p>\n<p>V-Quipment &#8211; laadukkaat t\u00e4ydent\u00e4v\u00e4t tuotteet<br \/>\nVETUS V-Quipment tuoterym\u00e4 sis\u00e4lt\u00e4\u00e4 tuotteita jotka t\u00e4ydent\u00e4v\u00e4t Vetuksen omia j\u00e4rjestelmi\u00e4. Tuotteet<br \/>\non on huolellisesti valittu ja testattu omien laatuvaatimustemme mukaisesti. Siksi my\u00f6nn\u00e4mmekin saman<br \/>\nainutlaatuisen kolmen vuoden takuun V-Quipment-tuotteille kuten muillekin Vetus-tarvikkeille.<br \/>\nV-Quipment-tuotteet on jaettu useampaan ryhm\u00e4\u00e4n joita ovat mukavuus, kansihelat, helat, pumput,<br \/>\nper\u00e4moottori, materiaalit, voiteluaineet sek\u00e4 saranat ja lukot.<\/p>\n","protected":false},"excerpt":{"rendered":"<p>Pikakiinnityssarjan jalka korkeuss\u00e4\u00e4d\u00f6ll\u00e4 Click liitos<\/p>\n<p>T\u00e4m\u00e4 istuinjalka sis\u00e4lt\u00e4\u00e4 kromattuja ter\u00e4sosia, joten suosittelemme muita vaihtoehtoja suolaisille vesille.<\/p>\n<p>Pikakiinnityssarjan jalat, kaasuavusteinen korkeuss\u00e4\u00e4t\u00f6.<br \/>\nSaatavana \u201cClick\u201d- tai kierreliitoksella. Sis\u00e4lt\u00e4\u00e4 360\u00ba k\u00e4\u00e4ntyv\u00e4n istuinalustan.<\/p>\n<p>Tehdastoimitus. Toimitusaika normaalisti 4-7pv<\/p>\n","protected":false},"featured_media":15736,"comment_status":"open","ping_status":"closed","template":"","meta":{"jetpack_post_was_ever_published":false,"jetpack_publicize_message":"","jetpack_publicize_feature_enabled":true,"jetpack_social_post_already_shared":true,"jetpack_social_options":{"image_generator_settings":{"template":"highway","default_image_id":0,"font":"","enabled":false},"version":2}},"product_brand":[],"product_cat":[1029,1025,470],"product_tag":[1026,98],"class_list":{"0":"post-15735","1":"product","2":"type-product","3":"status-publish","4":"has-post-thumbnail","6":"product_cat-vetus-istuimenjalka","7":"product_cat-vetus-veneistuin","8":"product_cat-vetus_vetus-venetarvikkeet_venetarvikeiden-maahantuonti-ja-myynti","9":"product_tag-veneistuin","10":"product_tag-vetus","11":"brand-vetus","13":"first","14":"onbackorder","15":"taxable","16":"shipping-taxable","17":"purchasable","18":"product-type-simple"},"yoast_head":"<!-- This site is optimized with the Yoast SEO plugin v27.3 - https:\/\/yoast.com\/product\/yoast-seo-wordpress\/ -->\n<title>Pikakiinnityssarjan jalka korkeuss\u00e4\u00e4d\u00f6ll\u00e4 Click -Verkkokauppa<\/title>\n<meta name=\"description\" content=\"Pikakiinnityssarjan jalka korkeuss\u00e4\u00e4d\u00f6ll\u00e4 Click. Valmistaja Vetus. Veneistuimet toimittaa venetarvikkeiden erikoiliike. Veneakselisto.com-verkkokauppa\" \/>\n<meta name=\"robots\" content=\"index, follow, max-snippet:-1, max-image-preview:large, max-video-preview:-1\" \/>\n<link rel=\"canonical\" href=\"https:\/\/veneakselisto.com\/kauppa\/tuote\/pikakiinnityssarjan-jalka-korkeussaadolla-click-liitos\/\" \/>\n<meta property=\"og:locale\" content=\"fi_FI\" \/>\n<meta property=\"og:type\" content=\"article\" \/>\n<meta property=\"og:title\" content=\"Pikakiinnityssarjan jalka korkeuss\u00e4\u00e4d\u00f6ll\u00e4 Click -Verkkokauppa\" \/>\n<meta property=\"og:description\" content=\"Pikakiinnityssarjan jalka korkeuss\u00e4\u00e4d\u00f6ll\u00e4 Click. Valmistaja Vetus. Veneistuimet toimittaa venetarvikkeiden erikoiliike. Veneakselisto.com-verkkokauppa\" \/>\n<meta property=\"og:url\" content=\"https:\/\/veneakselisto.com\/kauppa\/tuote\/pikakiinnityssarjan-jalka-korkeussaadolla-click-liitos\/\" \/>\n<meta property=\"og:site_name\" content=\"Veneakselisto.com - verkkokauppa\" \/>\n<meta property=\"article:publisher\" content=\"https:\/\/www.facebook.com\/AlaMikkula\/\" \/>\n<meta property=\"article:modified_time\" content=\"2026-02-17T06:53:53+00:00\" \/>\n<meta property=\"og:image\" content=\"https:\/\/veneakselisto.com\/kauppa\/wp-content\/uploads\/2022\/11\/PCQG5774C.png\" \/>\n\t<meta property=\"og:image:width\" content=\"500\" \/>\n\t<meta property=\"og:image:height\" content=\"500\" \/>\n\t<meta property=\"og:image:type\" content=\"image\/png\" \/>\n<meta name=\"twitter:card\" content=\"summary_large_image\" \/>\n<meta name=\"twitter:label1\" content=\"Arvioitu lukuaika\" \/>\n\t<meta name=\"twitter:data1\" content=\"2 minuuttia\" \/>\n<script type=\"application\/ld+json\" class=\"yoast-schema-graph\">{\"@context\":\"https:\\\/\\\/schema.org\",\"@graph\":[{\"@type\":\"WebPage\",\"@id\":\"https:\\\/\\\/veneakselisto.com\\\/kauppa\\\/tuote\\\/pikakiinnityssarjan-jalka-korkeussaadolla-click-liitos\\\/\",\"url\":\"https:\\\/\\\/veneakselisto.com\\\/kauppa\\\/tuote\\\/pikakiinnityssarjan-jalka-korkeussaadolla-click-liitos\\\/\",\"name\":\"Pikakiinnityssarjan jalka korkeuss\u00e4\u00e4d\u00f6ll\u00e4 Click -Verkkokauppa\",\"isPartOf\":{\"@id\":\"https:\\\/\\\/veneakselisto.com\\\/kauppa\\\/#website\"},\"primaryImageOfPage\":{\"@id\":\"https:\\\/\\\/veneakselisto.com\\\/kauppa\\\/tuote\\\/pikakiinnityssarjan-jalka-korkeussaadolla-click-liitos\\\/#primaryimage\"},\"image\":{\"@id\":\"https:\\\/\\\/veneakselisto.com\\\/kauppa\\\/tuote\\\/pikakiinnityssarjan-jalka-korkeussaadolla-click-liitos\\\/#primaryimage\"},\"thumbnailUrl\":\"https:\\\/\\\/i0.wp.com\\\/veneakselisto.com\\\/kauppa\\\/wp-content\\\/uploads\\\/2022\\\/11\\\/PCQG5774C.png?fit=500%2C500&ssl=1\",\"datePublished\":\"2022-11-18T13:00:48+00:00\",\"dateModified\":\"2026-02-17T06:53:53+00:00\",\"description\":\"Pikakiinnityssarjan jalka korkeuss\u00e4\u00e4d\u00f6ll\u00e4 Click. Valmistaja Vetus. Veneistuimet toimittaa venetarvikkeiden erikoiliike. Veneakselisto.com-verkkokauppa\",\"breadcrumb\":{\"@id\":\"https:\\\/\\\/veneakselisto.com\\\/kauppa\\\/tuote\\\/pikakiinnityssarjan-jalka-korkeussaadolla-click-liitos\\\/#breadcrumb\"},\"inLanguage\":\"fi\",\"potentialAction\":[{\"@type\":\"ReadAction\",\"target\":[\"https:\\\/\\\/veneakselisto.com\\\/kauppa\\\/tuote\\\/pikakiinnityssarjan-jalka-korkeussaadolla-click-liitos\\\/\"]}]},{\"@type\":\"ImageObject\",\"inLanguage\":\"fi\",\"@id\":\"https:\\\/\\\/veneakselisto.com\\\/kauppa\\\/tuote\\\/pikakiinnityssarjan-jalka-korkeussaadolla-click-liitos\\\/#primaryimage\",\"url\":\"https:\\\/\\\/i0.wp.com\\\/veneakselisto.com\\\/kauppa\\\/wp-content\\\/uploads\\\/2022\\\/11\\\/PCQG5774C.png?fit=500%2C500&ssl=1\",\"contentUrl\":\"https:\\\/\\\/i0.wp.com\\\/veneakselisto.com\\\/kauppa\\\/wp-content\\\/uploads\\\/2022\\\/11\\\/PCQG5774C.png?fit=500%2C500&ssl=1\",\"width\":500,\"height\":500,\"caption\":\"Vetus Kaasuavusteinen istuinjalka-korkeuss\u00e4\u00e4d\u00f6ll\u00e4-veneakselisto.com\"},{\"@type\":\"BreadcrumbList\",\"@id\":\"https:\\\/\\\/veneakselisto.com\\\/kauppa\\\/tuote\\\/pikakiinnityssarjan-jalka-korkeussaadolla-click-liitos\\\/#breadcrumb\",\"itemListElement\":[{\"@type\":\"ListItem\",\"position\":1,\"name\":\"Etusivu\",\"item\":\"https:\\\/\\\/veneakselisto.com\\\/kauppa\\\/\"},{\"@type\":\"ListItem\",\"position\":2,\"name\":\"Kauppa\",\"item\":\"https:\\\/\\\/veneakselisto.com\\\/kauppa\\\/\"},{\"@type\":\"ListItem\",\"position\":3,\"name\":\"Pikakiinnityssarjan jalka korkeuss\u00e4\u00e4d\u00f6ll\u00e4 Click liitos\"}]},{\"@type\":\"WebSite\",\"@id\":\"https:\\\/\\\/veneakselisto.com\\\/kauppa\\\/#website\",\"url\":\"https:\\\/\\\/veneakselisto.com\\\/kauppa\\\/\",\"name\":\"Veneakselisto.com - verkkokauppa\",\"description\":\"Venetarvikkeiden maahantuonti ja myynti\",\"publisher\":{\"@id\":\"https:\\\/\\\/veneakselisto.com\\\/kauppa\\\/#organization\"},\"potentialAction\":[{\"@type\":\"SearchAction\",\"target\":{\"@type\":\"EntryPoint\",\"urlTemplate\":\"https:\\\/\\\/veneakselisto.com\\\/kauppa\\\/?s={search_term_string}\"},\"query-input\":{\"@type\":\"PropertyValueSpecification\",\"valueRequired\":true,\"valueName\":\"search_term_string\"}}],\"inLanguage\":\"fi\"},{\"@type\":\"Organization\",\"@id\":\"https:\\\/\\\/veneakselisto.com\\\/kauppa\\\/#organization\",\"name\":\"Veneakselisto.com verkkokauppa\",\"url\":\"https:\\\/\\\/veneakselisto.com\\\/kauppa\\\/\",\"logo\":{\"@type\":\"ImageObject\",\"inLanguage\":\"fi\",\"@id\":\"https:\\\/\\\/veneakselisto.com\\\/kauppa\\\/#\\\/schema\\\/logo\\\/image\\\/\",\"url\":\"https:\\\/\\\/i2.wp.com\\\/veneakselisto.com\\\/kauppa\\\/wp-content\\\/uploads\\\/2016\\\/06\\\/fb_icon.jpg?fit=327%2C327&ssl=1\",\"contentUrl\":\"https:\\\/\\\/i2.wp.com\\\/veneakselisto.com\\\/kauppa\\\/wp-content\\\/uploads\\\/2016\\\/06\\\/fb_icon.jpg?fit=327%2C327&ssl=1\",\"width\":327,\"height\":327,\"caption\":\"Veneakselisto.com verkkokauppa\"},\"image\":{\"@id\":\"https:\\\/\\\/veneakselisto.com\\\/kauppa\\\/#\\\/schema\\\/logo\\\/image\\\/\"},\"sameAs\":[\"https:\\\/\\\/www.facebook.com\\\/AlaMikkula\\\/\"]}]}<\/script>\n<!-- \/ Yoast SEO plugin. -->","yoast_head_json":{"title":"Pikakiinnityssarjan jalka korkeuss\u00e4\u00e4d\u00f6ll\u00e4 Click -Verkkokauppa","description":"Pikakiinnityssarjan jalka korkeuss\u00e4\u00e4d\u00f6ll\u00e4 Click. Valmistaja Vetus. Veneistuimet toimittaa venetarvikkeiden erikoiliike. Veneakselisto.com-verkkokauppa","robots":{"index":"index","follow":"follow","max-snippet":"max-snippet:-1","max-image-preview":"max-image-preview:large","max-video-preview":"max-video-preview:-1"},"canonical":"https:\/\/veneakselisto.com\/kauppa\/tuote\/pikakiinnityssarjan-jalka-korkeussaadolla-click-liitos\/","og_locale":"fi_FI","og_type":"article","og_title":"Pikakiinnityssarjan jalka korkeuss\u00e4\u00e4d\u00f6ll\u00e4 Click -Verkkokauppa","og_description":"Pikakiinnityssarjan jalka korkeuss\u00e4\u00e4d\u00f6ll\u00e4 Click. Valmistaja Vetus. Veneistuimet toimittaa venetarvikkeiden erikoiliike. Veneakselisto.com-verkkokauppa","og_url":"https:\/\/veneakselisto.com\/kauppa\/tuote\/pikakiinnityssarjan-jalka-korkeussaadolla-click-liitos\/","og_site_name":"Veneakselisto.com - verkkokauppa","article_publisher":"https:\/\/www.facebook.com\/AlaMikkula\/","article_modified_time":"2026-02-17T06:53:53+00:00","og_image":[{"width":500,"height":500,"url":"https:\/\/veneakselisto.com\/kauppa\/wp-content\/uploads\/2022\/11\/PCQG5774C.png","type":"image\/png"}],"twitter_card":"summary_large_image","twitter_misc":{"Arvioitu lukuaika":"2 minuuttia"},"schema":{"@context":"https:\/\/schema.org","@graph":[{"@type":"WebPage","@id":"https:\/\/veneakselisto.com\/kauppa\/tuote\/pikakiinnityssarjan-jalka-korkeussaadolla-click-liitos\/","url":"https:\/\/veneakselisto.com\/kauppa\/tuote\/pikakiinnityssarjan-jalka-korkeussaadolla-click-liitos\/","name":"Pikakiinnityssarjan jalka korkeuss\u00e4\u00e4d\u00f6ll\u00e4 Click -Verkkokauppa","isPartOf":{"@id":"https:\/\/veneakselisto.com\/kauppa\/#website"},"primaryImageOfPage":{"@id":"https:\/\/veneakselisto.com\/kauppa\/tuote\/pikakiinnityssarjan-jalka-korkeussaadolla-click-liitos\/#primaryimage"},"image":{"@id":"https:\/\/veneakselisto.com\/kauppa\/tuote\/pikakiinnityssarjan-jalka-korkeussaadolla-click-liitos\/#primaryimage"},"thumbnailUrl":"https:\/\/i0.wp.com\/veneakselisto.com\/kauppa\/wp-content\/uploads\/2022\/11\/PCQG5774C.png?fit=500%2C500&ssl=1","datePublished":"2022-11-18T13:00:48+00:00","dateModified":"2026-02-17T06:53:53+00:00","description":"Pikakiinnityssarjan jalka korkeuss\u00e4\u00e4d\u00f6ll\u00e4 Click. Valmistaja Vetus. Veneistuimet toimittaa venetarvikkeiden erikoiliike. Veneakselisto.com-verkkokauppa","breadcrumb":{"@id":"https:\/\/veneakselisto.com\/kauppa\/tuote\/pikakiinnityssarjan-jalka-korkeussaadolla-click-liitos\/#breadcrumb"},"inLanguage":"fi","potentialAction":[{"@type":"ReadAction","target":["https:\/\/veneakselisto.com\/kauppa\/tuote\/pikakiinnityssarjan-jalka-korkeussaadolla-click-liitos\/"]}]},{"@type":"ImageObject","inLanguage":"fi","@id":"https:\/\/veneakselisto.com\/kauppa\/tuote\/pikakiinnityssarjan-jalka-korkeussaadolla-click-liitos\/#primaryimage","url":"https:\/\/i0.wp.com\/veneakselisto.com\/kauppa\/wp-content\/uploads\/2022\/11\/PCQG5774C.png?fit=500%2C500&ssl=1","contentUrl":"https:\/\/i0.wp.com\/veneakselisto.com\/kauppa\/wp-content\/uploads\/2022\/11\/PCQG5774C.png?fit=500%2C500&ssl=1","width":500,"height":500,"caption":"Vetus Kaasuavusteinen istuinjalka-korkeuss\u00e4\u00e4d\u00f6ll\u00e4-veneakselisto.com"},{"@type":"BreadcrumbList","@id":"https:\/\/veneakselisto.com\/kauppa\/tuote\/pikakiinnityssarjan-jalka-korkeussaadolla-click-liitos\/#breadcrumb","itemListElement":[{"@type":"ListItem","position":1,"name":"Etusivu","item":"https:\/\/veneakselisto.com\/kauppa\/"},{"@type":"ListItem","position":2,"name":"Kauppa","item":"https:\/\/veneakselisto.com\/kauppa\/"},{"@type":"ListItem","position":3,"name":"Pikakiinnityssarjan jalka korkeuss\u00e4\u00e4d\u00f6ll\u00e4 Click liitos"}]},{"@type":"WebSite","@id":"https:\/\/veneakselisto.com\/kauppa\/#website","url":"https:\/\/veneakselisto.com\/kauppa\/","name":"Veneakselisto.com - verkkokauppa","description":"Venetarvikkeiden maahantuonti ja myynti","publisher":{"@id":"https:\/\/veneakselisto.com\/kauppa\/#organization"},"potentialAction":[{"@type":"SearchAction","target":{"@type":"EntryPoint","urlTemplate":"https:\/\/veneakselisto.com\/kauppa\/?s={search_term_string}"},"query-input":{"@type":"PropertyValueSpecification","valueRequired":true,"valueName":"search_term_string"}}],"inLanguage":"fi"},{"@type":"Organization","@id":"https:\/\/veneakselisto.com\/kauppa\/#organization","name":"Veneakselisto.com verkkokauppa","url":"https:\/\/veneakselisto.com\/kauppa\/","logo":{"@type":"ImageObject","inLanguage":"fi","@id":"https:\/\/veneakselisto.com\/kauppa\/#\/schema\/logo\/image\/","url":"https:\/\/i2.wp.com\/veneakselisto.com\/kauppa\/wp-content\/uploads\/2016\/06\/fb_icon.jpg?fit=327%2C327&ssl=1","contentUrl":"https:\/\/i2.wp.com\/veneakselisto.com\/kauppa\/wp-content\/uploads\/2016\/06\/fb_icon.jpg?fit=327%2C327&ssl=1","width":327,"height":327,"caption":"Veneakselisto.com verkkokauppa"},"image":{"@id":"https:\/\/veneakselisto.com\/kauppa\/#\/schema\/logo\/image\/"},"sameAs":["https:\/\/www.facebook.com\/AlaMikkula\/"]}]}},"jetpack_publicize_connections":[],"jetpack_sharing_enabled":true,"_links":{"self":[{"href":"https:\/\/veneakselisto.com\/kauppa\/wp-json\/wp\/v2\/product\/15735","targetHints":{"allow":["GET"]}}],"collection":[{"href":"https:\/\/veneakselisto.com\/kauppa\/wp-json\/wp\/v2\/product"}],"about":[{"href":"https:\/\/veneakselisto.com\/kauppa\/wp-json\/wp\/v2\/types\/product"}],"replies":[{"embeddable":true,"href":"https:\/\/veneakselisto.com\/kauppa\/wp-json\/wp\/v2\/comments?post=15735"}],"wp:featuredmedia":[{"embeddable":true,"href":"https:\/\/veneakselisto.com\/kauppa\/wp-json\/wp\/v2\/media\/15736"}],"wp:attachment":[{"href":"https:\/\/veneakselisto.com\/kauppa\/wp-json\/wp\/v2\/media?parent=15735"}],"wp:term":[{"taxonomy":"product_brand","embeddable":true,"href":"https:\/\/veneakselisto.com\/kauppa\/wp-json\/wp\/v2\/product_brand?post=15735"},{"taxonomy":"product_cat","embeddable":true,"href":"https:\/\/veneakselisto.com\/kauppa\/wp-json\/wp\/v2\/product_cat?post=15735"},{"taxonomy":"product_tag","embeddable":true,"href":"https:\/\/veneakselisto.com\/kauppa\/wp-json\/wp\/v2\/product_tag?post=15735"}],"curies":[{"name":"wp","href":"https:\/\/api.w.org\/{rel}","templated":true}]}}