{"id":15603,"date":"2022-11-15T15:21:33","date_gmt":"2022-11-15T13:21:33","guid":{"rendered":"https:\/\/veneakselisto.com\/kauppa\/?post_type=product&#038;p=15603"},"modified":"2024-09-01T00:28:30","modified_gmt":"2024-08-31T21:28:30","slug":"mercruiser-bravo-siipipyora","status":"publish","type":"product","link":"https:\/\/veneakselisto.com\/kauppa\/tuote\/mercruiser-bravo-siipipyora\/","title":{"rendered":"Mercruiser Bravo siipipy\u00f6r\u00e4"},"content":{"rendered":"<div>Mercruiser Bravo siipipy\u00f6r\u00e4<\/div>\n<div><\/div>\n<div>Mercruiser (without block drain)<\/div>\n<div>Bravo I\/II\/III (B664190-)<\/div>\n<div>V-6 &amp; V-8<\/div>\n<div><\/div>\n<div>ID: 19.05 mm<\/div>\n<div>OD: 65.91 mm<\/div>\n<div>W: 51.05 mm<\/div>\n<div><\/div>\n<div>Mercruiser Stern Drive<\/div>\n<div>59362<\/div>\n<div>593621<\/div>\n<div>59362A1<\/div>\n<div>59362B1<\/div>\n<div>59362T1<\/div>\n<div><\/div>\n<div>\n<p>Mercruiser:<\/p>\n<p>&#8211; 198 MIE 2 BBL GM 305 (1977) 4-stroke 8-cylinder<\/p>\n<p>&#8211; 200hp 2 BBL GM (1982-1987) 4-stroke 5 litre 8-cylinder 305 cid<\/p>\n<p>&#8211; 215 4 BBL Ford 302 (1970-1972) 4-stroke 8-cylinder<\/p>\n<p>&#8211; 215 MIE Ford 302 (1970-1972) 4-stroke 8-cylinder<\/p>\n<p>&#8211; 225 4 BBL Ford 302 (1973-1974) 4-stroke 8-cylinder<\/p>\n<p>&#8211; 225 MIE Ford 302 (1973-1974) 4-stroke 8-cylinder<\/p>\n<p>&#8211; 225-S 4 BBL Ford 302 (1973-1974) 4-stroke 8-cylinder<\/p>\n<p>&#8211; 228 4 BBL GM (1982-1987) 4-stroke 8-cylinder 305 cid<\/p>\n<p>&#8211; 228 4 BBL GM 305 (1977-1982) 4-stroke 8-cylinder<\/p>\n<p>&#8211; 228 MIE 4 BBL GM (1979-1980) 4-stroke 8-cylinder 305 cid<\/p>\n<p>&#8211; 228 MIE 4 BBL GM 305 (1977-1978) 4 stroke 8 cylinders<\/p>\n<p>&#8211; 230 4 BBL GM (1982-1987) 4-stroke 8-cylinder 305 cid<\/p>\n<p>&#8211; 230hp MIE 4 BBL GM (1981-1991) 4-stroke 5 litre 8-cylinder 305 cid<\/p>\n<p>&#8211; 230hp MIE 4 BBL M (1992-1992) 4-stroke 5 litre 8-cylinder 305 cid<\/p>\n<p>&#8211; 233 Ford 351 (1975-1977) 4-stroke 8-cylinder<\/p>\n<p>&#8211; 233 MIE Ford 351 (1975-1976) 4-stroke 8-cylinder<\/p>\n<p>&#8211; 255 Ford 351 (1973-1974) 4-stroke 8-cylinder<\/p>\n<p>&#8211; 255 MIE Ford 351 (1973-1974) 4-stroke 8-cylinder<\/p>\n<p>&#8211; 255 MIE GM 350 (1979-1980) 4-stroke 8-cylinder<\/p>\n<p>&#8211; 260 4 BBL GM (1982-1987) 4-stroke 5.7 litre 8-cylinder 305 cid<\/p>\n<p>&#8211; 260 4 BBL GM 350 (1978-1982) 4-stroke 8-cylinder<\/p>\n<p>&#8211; 260 GM (1982-1987) 4-stroke 5.7 litre 8-cylinder 350 cid<\/p>\n<p>&#8211; 260 MIE GM (1981-1992) 4-stroke 5.7 litre 8-cylinder 350 cid<\/p>\n<p>&#8211; 262 Mag TBI Gen+ (1996-1997) 4-stroke 6-cylinder<\/p>\n<p>&#8211; 280 TRS GM 350 (1975-1976) 4-stroke 8-cylinder<\/p>\n<p>&#8211; 300 Tempest GM (1985-1986) 4-stroke 8-cylinder 350 cid<\/p>\n<p>&#8211; 320 EFI GM (1988-1989) 4-stroke 8-cylinder 350 cid<\/p>\n<p>&#8211; 325 GM 427 (1969-1972) 4-stroke 8-cylinder<\/p>\n<p>&#8211; 325 MIE GM 427 (1968-1974) 4-stroke 8-cylinder<\/p>\n<p>&#8211; 330 GM 454 (1977-1987) 4-stroke 8-cylinder 454 cid<\/p>\n<p>&#8211; 330 MIE GM 454 (1977-1980) 4-stroke 8-cylinder<\/p>\n<p>&#8211; 340hp MIE GM (1981-1992) 4-stroke 7.4 litre 8-cylinder 454 cid<\/p>\n<p>&#8211; 350 Mag Alpha 4 BBL GM (1996-1997) 4-stroke 5.7 litre 8-cylinder 350 cid<\/p>\n<p>&#8211; 350 Mag Alpha EFI Gen+ GM (1997) 4-stroke 5.7 litre 8-cylinder 350 cid<\/p>\n<p>&#8211; 350 Mag Alpha EFI Gen+ GM 350 V-8 (1996) 4-stroke 8-cylinder 350 cid<\/p>\n<p>&#8211; 350 Mag Alpha GM (1987-1995) 4-stroke 8-cylinder 350 cid<\/p>\n<p>&#8211; 350 Mag Bravo MPI Gen+ GM (1996) 4-stroke 8-cylinder 350 cid<\/p>\n<p>&#8211; 350 Mag Bravo MPI Gen+ GM 350 V-8 (1997) 4-stroke 8-cylinder 350 cid<\/p>\n<p>&#8211; 350 Mag Bravo MPI GM (1995) 4-stroke 8-cylinder 350 cid<\/p>\n<p>&#8211; 350 Mag EFI Ski Gen+ GM (1996-1997) 4-stroke 8-cylinder 350 cid<\/p>\n<p>&#8211; 350 Mag EFI Ski TBI GM 350 V-8 (1994-1996) 4-stroke 8-cylinder 350 cid<\/p>\n<p>&#8211; 350 Mag MPI Alpha\/Bravo 4-stroke 5 litre 8-cylinder<\/p>\n<p>&#8211; 350 Mag MPI Horizon MIE 4-stroke 8-cylinder<\/p>\n<p>&#8211; 350 Mag MPI MIE 4-stroke 8-cylinder<\/p>\n<p>&#8211; 350 Mag MPI MIE Gen+ GM 350 V-8 (1998) 4-stroke 8-cylinder 350 cid<\/p>\n<p>&#8211; 350 Mag MPI Ski Gen+ GM 350 V-8 (1998 onwards) 4-stroke 8-cylinder 350 cid<\/p>\n<p>&#8211; 350 Mag MPI Ski GM (1995-1996) 4-stroke 8-cylinder 350 cid<\/p>\n<p>&#8211; 350 Mag SKI GM (1991-1996) 4-stroke 8-cylinder 350 cid<\/p>\n<p>&#8211; 350 Mag SKI GM 350 V-8 (1997) 4-stroke 8-cylinder 350 cid<\/p>\n<p>&#8211; 350 MIE GM 454 (1974-1976) 4-stroke 8-cylinder<\/p>\n<p>&#8211; 357 Alpha 4V (2008-2009) 4-stroke 8-cylinder<\/p>\n<p>&#8211; 357 Mag Bravo 4V (2008-2009) 4-stroke 8-cylinder<\/p>\n<p>&#8211; 370 TRS GM 454 (1978-1987) 4-stroke 8-cylinder 454 cid<\/p>\n<p>&#8211; 383 Mag Bravo 4V (2008-2009) 4-stroke 8-cylinder<\/p>\n<p>&#8211; 383 Mag Inboard 4V (2011) 4-stroke 8-cylinder<\/p>\n<p>&#8211; 400 TRS GM 454 (1980-1986) 4-stroke 8-cylinder<\/p>\n<p>&#8211; 420 GM (1987-1989) 4-stroke 7.4 litre 8-cylinder 454 cid<\/p>\n<p>&#8211; 425 Gen V GM 454 (1992-1993) 4-stroke 8-cylinder<\/p>\n<p>&#8211; 425 GM (1990-1992) 4-stroke 8-cylinder 454 cid<\/p>\n<p>&#8211; 4.3L Carb Alpha\/Bravo 4-stroke 6-cylinder<\/p>\n<p>&#8211; 4.3L EFI Gen+ TBI GM 4-stroke 6-cylinder 262 cid<\/p>\n<p>&#8211; 4.3L Gen + 2 BBL GM 4-stroke 6-cylinder 262 cid<\/p>\n<p>&#8211; 4.3L Gen II 2 BBL GM (1996) 4-stroke 6-cylinder 262 cid<\/p>\n<p>&#8211; 4.3LH Gen + 4 BBL GM 4-stroke 6-cylinder 262 cid<\/p>\n<p>&#8211; 4.3LX Gen + 2 BBL GM (1996-1997) 4-stroke 6-cylinder 262 cid<\/p>\n<p>&#8211; 4.3LX Gen II 4 BBL GM (1996) 4-stroke 6-cylinder 262 cid<\/p>\n<p>&#8211; 4.3LXH Gen + 4 BBL GM (1996-1997) 4-stroke 6-cylinder 262 cid<\/p>\n<p>&#8211; 440 TRS GM 454 (1983-1986) 4-stroke 8-cylinder<\/p>\n<p>&#8211; 450 Gen V GM 454 (1995-1996) 4-stroke 8-cylinder<\/p>\n<p>&#8211; 454 EFI Gen V GM (1994-1996) 4-stroke 8-cylinder 454 cid<\/p>\n<p>&#8211; 454 EFI Ski Gen V GM (1995) 4-stroke 8-cylinder 454 cid<\/p>\n<p>&#8211; 454 Mag Bravo Gen V GM (1992-1997) 4-stroke 7.4 litre 8-cylinder 454 cid<\/p>\n<p>&#8211; 454 Mag Bravo GM (1988-1992) 4-stroke 8-cylinder 454 cid<\/p>\n<p>&#8211; 454 Mag Bravo MPI Gen Gen VI GM (1996-1997) 4-stroke 8-cylinder 454 cid<\/p>\n<p>&#8211; 454 Mag MPI Bravo GEN VI GM (1998-2019) 4-stroke 8-cylinder 454 cid<\/p>\n<p>&#8211; 454 Mag MPI Horizon Gen VI GM 4-stroke 8.2 litre 8-cylinder 454 cid<\/p>\n<p>&#8211; 454 Mag MPI Ski Gen VI GM (1996-1997) 4-stroke 8-cylinder 454 cid<\/p>\n<p>&#8211; 460 TRS GM (1983-1986) 4-stroke 8-cylinder 482 cid<\/p>\n<p>&#8211; 465 Gen V GM (1992-1994) 4-stroke 8-cylinder 502 cid<\/p>\n<p>&#8211; 465 GM (1990-1992) 4-stroke 8.2 litre 8-cylinder 502 cid<\/p>\n<p>&#8211; 470 2 BBL I\/L4 (1980-1982) 4-stroke 4-cylinder 224 cid<\/p>\n<p>&#8211; 470 MIE 224 I\/L4 (1980-1981) 4-stroke 4-cylinder<\/p>\n<p>&#8211; 500 Bulldog (1997-2019) 4-stroke 8-cylinder<\/p>\n<p>&#8211; 500hp Bulldog GM (1990-1996) 4-stroke 8-cylinder 540 cid<\/p>\n<p>&#8211; 500 EFI (1999-2004) 4-stroke 8-cylinder<\/p>\n<p>&#8211; 500 Gen + GM (1999-2000) 4-stroke 8.2 litre 8-cylinder 502 cid<\/p>\n<p>&#8211; 500hp Gen V GM (1994-1996) 4-stroke 8.2 litre 8-cylinder 502 cid<\/p>\n<p>&#8211; 500 Gen VI GM (1997-1998) 4-stroke 8.2 litre 8-cylinder 502 cid<\/p>\n<p>&#8211; 502 EFI Gen V GM (1993-1995) 4-stroke 8.2 litre 8-cylinder 502 cid<\/p>\n<p>&#8211; 502 Mag Bravo Gen V GM (1992-1993) 4-stroke 8.2 litre 8-cylinder 502 cid<\/p>\n<p>&#8211; 502 Mag Bravo GM (1990-1992) 4-stroke 8.2 litre 8-cylinder 502 cid<\/p>\n<p>&#8211; 502 Mag MPI Bravo Gen VI GM (1998-2019) 4-stroke 8.2 litre 8-cylinder 502 cid<\/p>\n<p>&#8211; 502 Mag MPI Gen VI GM (1996) 4-stroke 8.2 litre 8-cylinder 502 cid<\/p>\n<p>&#8211; 5.0L 2 BBL GM (1988-1998) 4-stroke 8-cylinder 305 cid<\/p>\n<p>&#8211; 5.0L Carb Alpha\/Bravo 4-stroke 8-cylinder 305 cid<\/p>\n<p>&#8211; 5.0L EFI GM (1998) 4-stroke 8-cylinder 305 cid<\/p>\n<p>&#8211; 5.0L MIE 4 BBL GM (1988-1992) 230hp 4-stroke 8-cylinder 305 cid<\/p>\n<p>&#8211; 5.0LX 4 BBL GM (1988-1995) 4-stroke 8-cylinder 305 cid<\/p>\n<p>&#8211; 525 EFI (2003-2009) 4-stroke 8-cylinder<\/p>\n<p>&#8211; 525 SC Gen V GM 454 (1992-1996) 4-stroke 8-cylinder<\/p>\n<p>&#8211; 525hp SC Gen VI (1996-1999) 4-stroke 8-cylinder<\/p>\n<p>&#8211; 525 SC GM 454 (1991-1992) 4-stroke 8-cylinder 454 cid<\/p>\n<p>&#8211; 540 Stroker 4V 4-stroke 8-cylinder<\/p>\n<p>&#8211; 575 GM (1986-1991) 4-stroke 8-cylinder 540 cid<\/p>\n<p>&#8211; 575hp SCI (2000-2005) 4-stroke 8-cylinder<\/p>\n<p>&#8211; 5.7L 2 BBL GM (1996-1998) 4-stroke 8-cylinder 350 cid<\/p>\n<p>&#8211; 5.7L Alpha EFI TBI GM (1995) 4-stroke 8-cylinder 350 cid<\/p>\n<p>&#8211; 5.7L Bravo EFI TBI GM (1995) 4-stroke 8-cylinder 350 cid<\/p>\n<p>&#8211; 5.7L Carb Alpha\/Bravo 4-stroke 8-cylinder<\/p>\n<p>&#8211; 5.7L Carb MIE 4-stroke 8-cylinder<\/p>\n<p>&#8211; 5.7L Carb Ski 4 stroke 8-cylinder<\/p>\n<p>&#8211; 5.7L Competition Ski Gen+ GM (1998) 4-stroke 8-cylinder 350 cid<\/p>\n<p>&#8211; 5.7L Competition Ski GM (1996-1997) 4-stroke 8-cylinder 350 cid<\/p>\n<p>&#8211; 5.7L Competition Ski GM 350 (1987-1995) 4-stroke 8-cylinder<\/p>\n<p>&#8211; 5.7L EFI 2 BBL TBI GM (1996-1997) 4-stroke 8-cylinder 350 cid<\/p>\n<p>&#8211; 5.7L EFI Gen+ Repower Plus GM (1997) 4-stroke 8-cylinder 350 cid<\/p>\n<p>&#8211; 5.7L EFI GM (1998) 4-stroke 8-cylinder 350 cid<\/p>\n<p>&#8211; 5.7L EFI MIE GM (1997) 4-stroke 8-cylinder 350 cid<\/p>\n<p>&#8211; 5.7L GM (1988-1995) 4-stroke 8-cylinder 350 cid<\/p>\n<p>&#8211; 5.7L MIE GM (1988-1996) 260hp 4-stroke 8-cylinder 350 cid<\/p>\n<p>&#8211; 5.7L MIE GM 350 (1997) 4-stroke 8-cylinder 350 cid<\/p>\n<p>&#8211; 5.7L Ski GM (1985-1987) 4-stroke 8-cylinder 350 cid<\/p>\n<p>&#8211; 5.7LX 4 BBL GM (1996-1997) 4-stroke 8-cylinder 350 cid<\/p>\n<p>&#8211; 5.7LX Bravo EFI Gen+ GM (1996-1997) 4-stroke 8-cylinder 350 cid<\/p>\n<p>&#8211; 5.7LX EFI 4 BBL TBI GM (1996-1997) 4-stroke 8-cylinder 350 cid<\/p>\n<p>&#8211; 600 SC Bobtail (1998-2000) 4-stroke 8-cylinder<\/p>\n<p>&#8211; 600 SC Gen IV &amp; V GM (1991-1996) 4-stroke 8-cylinder 502 cid<\/p>\n<p>&#8211; 600 SCI (2006-2010) 4-stroke 8-cylinder<\/p>\n<p>&#8211; 662 SCI (2007-2009) 4-stroke 8-cylinder<\/p>\n<p>&#8211; 700 SCI (2006-2009) 4-stroke 8-cylinder<\/p>\n<p>&#8211; 7.4L Bravo Gen V GM (1992-1996) 4-stroke 8-cylinder 454 cid<\/p>\n<p>&#8211; 7.4L Bravo Gen VI GM 454 (1996-1997) 4-stroke 8-cylinder 454 cid<\/p>\n<p>&#8211; 7.4L Bravo GM 454 (1988-1991) 4-stroke 8-cylinder 454 cid<\/p>\n<p>&#8211; 7.4L Bravo MPI Gen VI GM (1998) 4-stroke 8-cylinder 454 cid<\/p>\n<p>&#8211; 7.4L MIE LH Gen V GM (1992-1996) 4-stroke 8-cylinder 454 cid<\/p>\n<p>&#8211; 7.4L MIE LH Gen VI GM (1996-1997) 4-stroke 8-cylinder 454 cid<\/p>\n<p>&#8211; 7.4L MIE MPI LH Gen V GM (1995-1996) 4-stroke 8-cylinder 454 cid<\/p>\n<p>&#8211; 7.4L MIE MPI LH Gen VI GM (1996-1997) 4-stroke 8-cylinder 454 cid<\/p>\n<p>&#8211; 7.4L MIE with Borgwarner (1988-1992) 4-stroke 8-cylinder 454 cid<\/p>\n<p>&#8211; 7.4L MIE with Borgwarner GM (1981-1987) 340hp 4-stroke 8-cylinder 454 cid<\/p>\n<p>&#8211; 7.4L MIE with Hurth GM (1989-1992) 4-stroke 8-cylinder 454 cid<\/p>\n<p>&#8211; 7.4L MPI MIE L29 Gen VI GM (1998) 4-stroke 8-cylinder 454 cid<\/p>\n<p>&#8211; 7.4L TBI MIE LH Gen VI GM (1996-1997) 4-stroke 8-cylinder 454 cid<\/p>\n<p>&#8211; 7.4LX Bravo MPI Gen V GM (1996) 4-stroke 8-cylinder 454 cid<\/p>\n<p>&#8211; 7.4LX Bravo MPI Gen VI GM 454 (1996-1997) 4-stroke 8-cylinder 454 cid<\/p>\n<p>&#8211; 7.4LX Bravo TBI Gen VI GM 454 (1996-1997) 4-stroke 8-cylinder 454 cid<\/p>\n<p>&#8211; 800 SC Gen V GM (1993-1998) 4-stroke 8-cylinder 572 cid<\/p>\n<p>&#8211; 8.2L MIE Gen V GM (1993-1996) 4-stroke 8-cylinder 502 cid<\/p>\n<p>&#8211; 8.2L MIE MPI Gen VI GM 4-stroke 8-cylinder 502 cid<\/p>\n<p>&#8211; 8.2L MIE MPI LH Gen VI GM (1996-1997) 4-stroke 8-cylinder 502 cid<\/p>\n<p>&#8211; 8.2L MIE with Hurth GM (1990-1992) 4-stroke 8-cylinder 502 cid<\/p>\n<p>&#8211; 850 SCI (2006-2009) 4-stroke 8-cylinder<\/p>\n<p>&#8211; 898 2 BBL GM (1982-1987) 4-stroke 8-cylinder 305 cid<\/p>\n<p>&#8211; 898 2 BBL GM 305 (1977-1982) 4-stroke 8-cylinder<\/p>\n<p>&#8211; 900 SC (1998-2000) 4-stroke<\/p>\n<p>&#8211; 900 SC Dry Sump 2000 (2001-2004) 4-stroke 8-cylinder<\/p>\n<p>&#8211; 900 SC Dry Sump (2001-2004) 4-stroke 8-cylinder<\/p>\n<p>&#8211; 1025SCI (2009) 4-stroke 8-cylinder<\/p>\n<p>&#8211; 1075 SCI (2004-2009) 4-stroke 8-cylinder<\/p>\n<p>&#8211; 1100 QC4V (2010-2011)<\/p>\n<p>&#8211; 1200 SCI 2007-2009 4-stroke 8-cylinder<\/p>\n<p>&#8211; 1350 QC4V (2010)<\/p>\n<p>&#8211; 1650 QC4V (2013)<\/p>\n<p>&#8211; Black Scorpion 350 Mag Ski Gen + (1996-2001) 4-stroke 8-cylinder<\/p>\n<p>&#8211; Black Scorpion MX Ski Gen+ (1997-1998) 4-stroke 6.2 litre 8-cylinder<\/p>\n<p>&#8211; MX 6.2L MPI Bravo 4-stroke 8-cylinder<\/p>\n<p>&#8211; MX 6.2L MPI MIE 4-stroke 8-cylinder<\/p>\n<p>&#8211; Scorpion 377 (1997-2001) 4-stroke<\/p>\n<p>&#8211; Scorpion 377 Sterndrive (2000-2004) 4-stroke 8-cylinder<\/p>\n<\/div>\n<div><\/div>\n<div>EMP: 47-03908<\/div>\n<div>GLM: 89740<\/div>\n<div>Mallory: 9-45375<\/div>\n<div>Sierra: 18-3087<\/div>\n","protected":false},"excerpt":{"rendered":"<div>Mercruiser Bravo siipipy\u00f6r\u00e4<\/div>\n<div><\/div>\n<div>Mercruiser (without block drain)<\/div>\n<div>Bravo I\/II\/III (B664190-)<\/div>\n<div>V-6 &amp; V-8<\/div>\n<div><\/div>\n<div>ID: 19.05 mm<\/div>\n<div>OD: 65.91 mm<\/div>\n<div>W: 51.05 mm<\/div>\n<p>Tuote on verkkokauppatuote. Kaikilla tuotteilla normaalisti 1-5pv toimitusaika<\/p>\n","protected":false},"featured_media":5918,"comment_status":"open","ping_status":"closed","template":"","meta":{"jetpack_post_was_ever_published":false,"jetpack_publicize_message":"","jetpack_publicize_feature_enabled":true,"jetpack_social_post_already_shared":true,"jetpack_social_options":{"image_generator_settings":{"template":"highway","default_image_id":0,"font":"","enabled":false},"version":2}},"product_brand":[],"product_cat":[869,571,844],"product_tag":[810,579,145],"class_list":{"0":"post-15603","1":"product","2":"type-product","3":"status-publish","4":"has-post-thumbnail","6":"product_cat-mercruiser_siipipyorat","7":"product_cat-peramoottorin_siipipyora","8":"product_cat-siipipyora_peramoottori","9":"product_tag-mercruiser","10":"product_tag-peramoottorin-siipipyora","11":"product_tag-siipipyora","13":"first","14":"instock","15":"taxable","16":"shipping-taxable","17":"purchasable","18":"product-type-simple"},"yoast_head":"<!-- This site is optimized with the Yoast SEO plugin v27.3 - https:\/\/yoast.com\/product\/yoast-seo-wordpress\/ -->\n<title>Mercruiser siipipy\u00f6r\u00e4 V-6 - V-8 2000- OEM 47-862232A2-varaosat-marine<\/title>\n<meta name=\"description\" content=\"Mercruiser siipipy\u00f6r\u00e4 V-6 - V-8 2000- OEM 47-862232A2. Mercruiser varaosat toimittaa Venevaraosat.fi-verkkokauppa-Venetarvikkeiden maahantuonti ja myynti\" \/>\n<meta name=\"robots\" content=\"index, follow, max-snippet:-1, max-image-preview:large, max-video-preview:-1\" \/>\n<link rel=\"canonical\" href=\"https:\/\/veneakselisto.com\/kauppa\/tuote\/mercruiser-bravo-siipipyora\/\" \/>\n<meta property=\"og:locale\" content=\"fi_FI\" \/>\n<meta property=\"og:type\" content=\"article\" \/>\n<meta property=\"og:title\" content=\"Mercruiser siipipy\u00f6r\u00e4 V-6 - V-8 2000- OEM 47-862232A2-varaosat-marine\" \/>\n<meta property=\"og:description\" content=\"Mercruiser siipipy\u00f6r\u00e4 V-6 - V-8 2000- OEM 47-862232A2. Mercruiser varaosat toimittaa Venevaraosat.fi-verkkokauppa-Venetarvikkeiden maahantuonti ja myynti\" \/>\n<meta property=\"og:url\" content=\"https:\/\/veneakselisto.com\/kauppa\/tuote\/mercruiser-bravo-siipipyora\/\" \/>\n<meta property=\"og:site_name\" content=\"Veneakselisto.com - verkkokauppa\" \/>\n<meta property=\"article:publisher\" content=\"https:\/\/www.facebook.com\/AlaMikkula\/\" \/>\n<meta property=\"article:modified_time\" content=\"2024-08-31T21:28:30+00:00\" \/>\n<meta property=\"og:image\" content=\"https:\/\/veneakselisto.com\/kauppa\/wp-content\/uploads\/2019\/11\/45310.jpg\" \/>\n\t<meta property=\"og:image:width\" content=\"500\" \/>\n\t<meta property=\"og:image:height\" content=\"500\" \/>\n\t<meta property=\"og:image:type\" content=\"image\/jpeg\" \/>\n<meta name=\"twitter:card\" content=\"summary_large_image\" \/>\n<meta name=\"twitter:label1\" content=\"Arvioitu lukuaika\" \/>\n\t<meta name=\"twitter:data1\" content=\"10 minuuttia\" \/>\n<script type=\"application\/ld+json\" class=\"yoast-schema-graph\">{\"@context\":\"https:\\\/\\\/schema.org\",\"@graph\":[{\"@type\":\"WebPage\",\"@id\":\"https:\\\/\\\/veneakselisto.com\\\/kauppa\\\/tuote\\\/mercruiser-bravo-siipipyora\\\/\",\"url\":\"https:\\\/\\\/veneakselisto.com\\\/kauppa\\\/tuote\\\/mercruiser-bravo-siipipyora\\\/\",\"name\":\"Mercruiser siipipy\u00f6r\u00e4 V-6 - V-8 2000- OEM 47-862232A2-varaosat-marine\",\"isPartOf\":{\"@id\":\"https:\\\/\\\/veneakselisto.com\\\/kauppa\\\/#website\"},\"primaryImageOfPage\":{\"@id\":\"https:\\\/\\\/veneakselisto.com\\\/kauppa\\\/tuote\\\/mercruiser-bravo-siipipyora\\\/#primaryimage\"},\"image\":{\"@id\":\"https:\\\/\\\/veneakselisto.com\\\/kauppa\\\/tuote\\\/mercruiser-bravo-siipipyora\\\/#primaryimage\"},\"thumbnailUrl\":\"https:\\\/\\\/i0.wp.com\\\/veneakselisto.com\\\/kauppa\\\/wp-content\\\/uploads\\\/2019\\\/11\\\/45310.jpg?fit=500%2C500&ssl=1\",\"datePublished\":\"2022-11-15T13:21:33+00:00\",\"dateModified\":\"2024-08-31T21:28:30+00:00\",\"description\":\"Mercruiser siipipy\u00f6r\u00e4 V-6 - V-8 2000- OEM 47-862232A2. Mercruiser varaosat toimittaa Venevaraosat.fi-verkkokauppa-Venetarvikkeiden maahantuonti ja myynti\",\"breadcrumb\":{\"@id\":\"https:\\\/\\\/veneakselisto.com\\\/kauppa\\\/tuote\\\/mercruiser-bravo-siipipyora\\\/#breadcrumb\"},\"inLanguage\":\"fi\",\"potentialAction\":[{\"@type\":\"ReadAction\",\"target\":[\"https:\\\/\\\/veneakselisto.com\\\/kauppa\\\/tuote\\\/mercruiser-bravo-siipipyora\\\/\"]}]},{\"@type\":\"ImageObject\",\"inLanguage\":\"fi\",\"@id\":\"https:\\\/\\\/veneakselisto.com\\\/kauppa\\\/tuote\\\/mercruiser-bravo-siipipyora\\\/#primaryimage\",\"url\":\"https:\\\/\\\/i0.wp.com\\\/veneakselisto.com\\\/kauppa\\\/wp-content\\\/uploads\\\/2019\\\/11\\\/45310.jpg?fit=500%2C500&ssl=1\",\"contentUrl\":\"https:\\\/\\\/i0.wp.com\\\/veneakselisto.com\\\/kauppa\\\/wp-content\\\/uploads\\\/2019\\\/11\\\/45310.jpg?fit=500%2C500&ssl=1\",\"width\":500,\"height\":500,\"caption\":\"Beta Marin siipipy\u00f6r\u00e4t toimittaa Veneakselisto.com.\"},{\"@type\":\"BreadcrumbList\",\"@id\":\"https:\\\/\\\/veneakselisto.com\\\/kauppa\\\/tuote\\\/mercruiser-bravo-siipipyora\\\/#breadcrumb\",\"itemListElement\":[{\"@type\":\"ListItem\",\"position\":1,\"name\":\"Etusivu\",\"item\":\"https:\\\/\\\/veneakselisto.com\\\/kauppa\\\/\"},{\"@type\":\"ListItem\",\"position\":2,\"name\":\"Kauppa\",\"item\":\"https:\\\/\\\/veneakselisto.com\\\/kauppa\\\/\"},{\"@type\":\"ListItem\",\"position\":3,\"name\":\"Mercruiser Bravo siipipy\u00f6r\u00e4\"}]},{\"@type\":\"WebSite\",\"@id\":\"https:\\\/\\\/veneakselisto.com\\\/kauppa\\\/#website\",\"url\":\"https:\\\/\\\/veneakselisto.com\\\/kauppa\\\/\",\"name\":\"Veneakselisto.com - verkkokauppa\",\"description\":\"Venetarvikkeiden maahantuonti ja myynti\",\"publisher\":{\"@id\":\"https:\\\/\\\/veneakselisto.com\\\/kauppa\\\/#organization\"},\"potentialAction\":[{\"@type\":\"SearchAction\",\"target\":{\"@type\":\"EntryPoint\",\"urlTemplate\":\"https:\\\/\\\/veneakselisto.com\\\/kauppa\\\/?s={search_term_string}\"},\"query-input\":{\"@type\":\"PropertyValueSpecification\",\"valueRequired\":true,\"valueName\":\"search_term_string\"}}],\"inLanguage\":\"fi\"},{\"@type\":\"Organization\",\"@id\":\"https:\\\/\\\/veneakselisto.com\\\/kauppa\\\/#organization\",\"name\":\"Veneakselisto.com verkkokauppa\",\"url\":\"https:\\\/\\\/veneakselisto.com\\\/kauppa\\\/\",\"logo\":{\"@type\":\"ImageObject\",\"inLanguage\":\"fi\",\"@id\":\"https:\\\/\\\/veneakselisto.com\\\/kauppa\\\/#\\\/schema\\\/logo\\\/image\\\/\",\"url\":\"https:\\\/\\\/i2.wp.com\\\/veneakselisto.com\\\/kauppa\\\/wp-content\\\/uploads\\\/2016\\\/06\\\/fb_icon.jpg?fit=327%2C327&ssl=1\",\"contentUrl\":\"https:\\\/\\\/i2.wp.com\\\/veneakselisto.com\\\/kauppa\\\/wp-content\\\/uploads\\\/2016\\\/06\\\/fb_icon.jpg?fit=327%2C327&ssl=1\",\"width\":327,\"height\":327,\"caption\":\"Veneakselisto.com verkkokauppa\"},\"image\":{\"@id\":\"https:\\\/\\\/veneakselisto.com\\\/kauppa\\\/#\\\/schema\\\/logo\\\/image\\\/\"},\"sameAs\":[\"https:\\\/\\\/www.facebook.com\\\/AlaMikkula\\\/\"]}]}<\/script>\n<!-- \/ Yoast SEO plugin. -->","yoast_head_json":{"title":"Mercruiser siipipy\u00f6r\u00e4 V-6 - V-8 2000- OEM 47-862232A2-varaosat-marine","description":"Mercruiser siipipy\u00f6r\u00e4 V-6 - V-8 2000- OEM 47-862232A2. Mercruiser varaosat toimittaa Venevaraosat.fi-verkkokauppa-Venetarvikkeiden maahantuonti ja myynti","robots":{"index":"index","follow":"follow","max-snippet":"max-snippet:-1","max-image-preview":"max-image-preview:large","max-video-preview":"max-video-preview:-1"},"canonical":"https:\/\/veneakselisto.com\/kauppa\/tuote\/mercruiser-bravo-siipipyora\/","og_locale":"fi_FI","og_type":"article","og_title":"Mercruiser siipipy\u00f6r\u00e4 V-6 - V-8 2000- OEM 47-862232A2-varaosat-marine","og_description":"Mercruiser siipipy\u00f6r\u00e4 V-6 - V-8 2000- OEM 47-862232A2. Mercruiser varaosat toimittaa Venevaraosat.fi-verkkokauppa-Venetarvikkeiden maahantuonti ja myynti","og_url":"https:\/\/veneakselisto.com\/kauppa\/tuote\/mercruiser-bravo-siipipyora\/","og_site_name":"Veneakselisto.com - verkkokauppa","article_publisher":"https:\/\/www.facebook.com\/AlaMikkula\/","article_modified_time":"2024-08-31T21:28:30+00:00","og_image":[{"width":500,"height":500,"url":"https:\/\/veneakselisto.com\/kauppa\/wp-content\/uploads\/2019\/11\/45310.jpg","type":"image\/jpeg"}],"twitter_card":"summary_large_image","twitter_misc":{"Arvioitu lukuaika":"10 minuuttia"},"schema":{"@context":"https:\/\/schema.org","@graph":[{"@type":"WebPage","@id":"https:\/\/veneakselisto.com\/kauppa\/tuote\/mercruiser-bravo-siipipyora\/","url":"https:\/\/veneakselisto.com\/kauppa\/tuote\/mercruiser-bravo-siipipyora\/","name":"Mercruiser siipipy\u00f6r\u00e4 V-6 - V-8 2000- OEM 47-862232A2-varaosat-marine","isPartOf":{"@id":"https:\/\/veneakselisto.com\/kauppa\/#website"},"primaryImageOfPage":{"@id":"https:\/\/veneakselisto.com\/kauppa\/tuote\/mercruiser-bravo-siipipyora\/#primaryimage"},"image":{"@id":"https:\/\/veneakselisto.com\/kauppa\/tuote\/mercruiser-bravo-siipipyora\/#primaryimage"},"thumbnailUrl":"https:\/\/i0.wp.com\/veneakselisto.com\/kauppa\/wp-content\/uploads\/2019\/11\/45310.jpg?fit=500%2C500&ssl=1","datePublished":"2022-11-15T13:21:33+00:00","dateModified":"2024-08-31T21:28:30+00:00","description":"Mercruiser siipipy\u00f6r\u00e4 V-6 - V-8 2000- OEM 47-862232A2. Mercruiser varaosat toimittaa Venevaraosat.fi-verkkokauppa-Venetarvikkeiden maahantuonti ja myynti","breadcrumb":{"@id":"https:\/\/veneakselisto.com\/kauppa\/tuote\/mercruiser-bravo-siipipyora\/#breadcrumb"},"inLanguage":"fi","potentialAction":[{"@type":"ReadAction","target":["https:\/\/veneakselisto.com\/kauppa\/tuote\/mercruiser-bravo-siipipyora\/"]}]},{"@type":"ImageObject","inLanguage":"fi","@id":"https:\/\/veneakselisto.com\/kauppa\/tuote\/mercruiser-bravo-siipipyora\/#primaryimage","url":"https:\/\/i0.wp.com\/veneakselisto.com\/kauppa\/wp-content\/uploads\/2019\/11\/45310.jpg?fit=500%2C500&ssl=1","contentUrl":"https:\/\/i0.wp.com\/veneakselisto.com\/kauppa\/wp-content\/uploads\/2019\/11\/45310.jpg?fit=500%2C500&ssl=1","width":500,"height":500,"caption":"Beta Marin siipipy\u00f6r\u00e4t toimittaa Veneakselisto.com."},{"@type":"BreadcrumbList","@id":"https:\/\/veneakselisto.com\/kauppa\/tuote\/mercruiser-bravo-siipipyora\/#breadcrumb","itemListElement":[{"@type":"ListItem","position":1,"name":"Etusivu","item":"https:\/\/veneakselisto.com\/kauppa\/"},{"@type":"ListItem","position":2,"name":"Kauppa","item":"https:\/\/veneakselisto.com\/kauppa\/"},{"@type":"ListItem","position":3,"name":"Mercruiser Bravo siipipy\u00f6r\u00e4"}]},{"@type":"WebSite","@id":"https:\/\/veneakselisto.com\/kauppa\/#website","url":"https:\/\/veneakselisto.com\/kauppa\/","name":"Veneakselisto.com - verkkokauppa","description":"Venetarvikkeiden maahantuonti ja myynti","publisher":{"@id":"https:\/\/veneakselisto.com\/kauppa\/#organization"},"potentialAction":[{"@type":"SearchAction","target":{"@type":"EntryPoint","urlTemplate":"https:\/\/veneakselisto.com\/kauppa\/?s={search_term_string}"},"query-input":{"@type":"PropertyValueSpecification","valueRequired":true,"valueName":"search_term_string"}}],"inLanguage":"fi"},{"@type":"Organization","@id":"https:\/\/veneakselisto.com\/kauppa\/#organization","name":"Veneakselisto.com verkkokauppa","url":"https:\/\/veneakselisto.com\/kauppa\/","logo":{"@type":"ImageObject","inLanguage":"fi","@id":"https:\/\/veneakselisto.com\/kauppa\/#\/schema\/logo\/image\/","url":"https:\/\/i2.wp.com\/veneakselisto.com\/kauppa\/wp-content\/uploads\/2016\/06\/fb_icon.jpg?fit=327%2C327&ssl=1","contentUrl":"https:\/\/i2.wp.com\/veneakselisto.com\/kauppa\/wp-content\/uploads\/2016\/06\/fb_icon.jpg?fit=327%2C327&ssl=1","width":327,"height":327,"caption":"Veneakselisto.com verkkokauppa"},"image":{"@id":"https:\/\/veneakselisto.com\/kauppa\/#\/schema\/logo\/image\/"},"sameAs":["https:\/\/www.facebook.com\/AlaMikkula\/"]}]}},"jetpack_publicize_connections":[],"jetpack_sharing_enabled":true,"_links":{"self":[{"href":"https:\/\/veneakselisto.com\/kauppa\/wp-json\/wp\/v2\/product\/15603","targetHints":{"allow":["GET"]}}],"collection":[{"href":"https:\/\/veneakselisto.com\/kauppa\/wp-json\/wp\/v2\/product"}],"about":[{"href":"https:\/\/veneakselisto.com\/kauppa\/wp-json\/wp\/v2\/types\/product"}],"replies":[{"embeddable":true,"href":"https:\/\/veneakselisto.com\/kauppa\/wp-json\/wp\/v2\/comments?post=15603"}],"wp:featuredmedia":[{"embeddable":true,"href":"https:\/\/veneakselisto.com\/kauppa\/wp-json\/wp\/v2\/media\/5918"}],"wp:attachment":[{"href":"https:\/\/veneakselisto.com\/kauppa\/wp-json\/wp\/v2\/media?parent=15603"}],"wp:term":[{"taxonomy":"product_brand","embeddable":true,"href":"https:\/\/veneakselisto.com\/kauppa\/wp-json\/wp\/v2\/product_brand?post=15603"},{"taxonomy":"product_cat","embeddable":true,"href":"https:\/\/veneakselisto.com\/kauppa\/wp-json\/wp\/v2\/product_cat?post=15603"},{"taxonomy":"product_tag","embeddable":true,"href":"https:\/\/veneakselisto.com\/kauppa\/wp-json\/wp\/v2\/product_tag?post=15603"}],"curies":[{"name":"wp","href":"https:\/\/api.w.org\/{rel}","templated":true}]}}