{"id":15514,"date":"2022-11-11T14:05:00","date_gmt":"2022-11-11T12:05:00","guid":{"rendered":"https:\/\/veneakselisto.com\/kauppa\/?post_type=product&#038;p=15514"},"modified":"2026-01-08T12:25:29","modified_gmt":"2026-01-08T10:25:29","slug":"tmc260-1-541-technodrive-merivaihde","status":"publish","type":"product","link":"https:\/\/veneakselisto.com\/kauppa\/tuote\/tmc260-1-541-technodrive-merivaihde\/","title":{"rendered":"TMC260 1.54:1 Technodrive merivaihde"},"content":{"rendered":"<p>TMC260 1.54:1 Technodrive merivaihde<\/p>\n<p>TMC260 merikytkin 1.54:1 v\u00e4lityksell\u00e4<\/p>\n<p>Tehonkesto 40-113hv<\/p>\n<p>Sopii yleens\u00e4 hyvin Hurth merivaihteiden tilalle. Kysy lis\u00e4tietoa akseli@veneakselisto.fi<\/p>\n<p>Technorive merikytkimet valmistetaan Amerikkalaisen Twin Disc Technoriven tehtaalla joka sijaitsee Italiassa. Twin Disc Technorive merivaihteita k\u00e4ytet\u00e4\u00e4n yleisesti Vetus, Nanni Kubota, Beta Kubota, Lombardini yms. merimoottoreissa.<\/p>\n","protected":false},"excerpt":{"rendered":"<p>TMC260 1.54:1 Technodrive merivaihde<\/p>\n<p>TMC260 merikytkin 1.54:1 v\u00e4lityksell\u00e4<\/p>\n<p>Tehonkesto 40-113hv<\/p>\n<p>&nbsp;<\/p>\n<p>Technorive merikytkimet valmistetaan Amerikkalaisen Twin Disc Technoriven tehtaalla joka sijaitsee Italiassa. Twin Disc Technorive merivaihteita k\u00e4ytet\u00e4\u00e4n yleisesti Vetus, Nanni Kubota, Beta Kubota, Lombardini yms. merimoottoreissa.<\/p>\n<p>Tehdastoimitus. 4-7pv normaalisti.<\/p>\n","protected":false},"featured_media":15518,"comment_status":"open","ping_status":"closed","template":"","meta":{"jetpack_post_was_ever_published":false,"jetpack_publicize_message":"","jetpack_publicize_feature_enabled":true,"jetpack_social_post_already_shared":true,"jetpack_social_options":{"image_generator_settings":{"template":"highway","default_image_id":0,"font":"","enabled":false},"version":2}},"product_brand":[],"product_cat":[1071,1070,1187,250],"product_tag":[450,1073],"class_list":{"0":"post-15514","1":"product","2":"type-product","3":"status-publish","4":"has-post-thumbnail","6":"product_cat-kbw21-yanmar-merikytkin","7":"product_cat-merikytkin-technodrive-kbw21","8":"product_cat-merikytkin-vetolevy-oljynjaahdytin","9":"product_cat-moottoreiden-huolto-osat","10":"product_tag-merikytkin","11":"product_tag-merivaihde","12":"brand-technodrive","14":"first","15":"onbackorder","16":"sale","17":"taxable","18":"shipping-taxable","19":"purchasable","20":"product-type-simple"},"yoast_head":"<!-- This site is optimized with the Yoast SEO plugin v27.3 - https:\/\/yoast.com\/product\/yoast-seo-wordpress\/ -->\n<title>TMC260 1.54:1 Technodrive merivaihde - Veneakselisto.com<\/title>\n<meta name=\"description\" content=\"TMC260 1.54:1 Technodrive merivaihde-Twin Disc Technodrive merikytkimet toimittaa Veneakselisto.com-Venetarvikkeiden erikoisliike\" \/>\n<meta name=\"robots\" content=\"index, follow, max-snippet:-1, max-image-preview:large, max-video-preview:-1\" \/>\n<link rel=\"canonical\" href=\"https:\/\/veneakselisto.com\/kauppa\/tuote\/tmc260-1-541-technodrive-merivaihde\/\" \/>\n<meta property=\"og:locale\" content=\"fi_FI\" \/>\n<meta property=\"og:type\" content=\"article\" \/>\n<meta property=\"og:title\" content=\"TMC260 1.54:1 Technodrive merivaihde - Veneakselisto.com\" \/>\n<meta property=\"og:description\" content=\"TMC260 1.54:1 Technodrive merivaihde-Twin Disc Technodrive merikytkimet toimittaa Veneakselisto.com-Venetarvikkeiden erikoisliike\" \/>\n<meta property=\"og:url\" content=\"https:\/\/veneakselisto.com\/kauppa\/tuote\/tmc260-1-541-technodrive-merivaihde\/\" \/>\n<meta property=\"og:site_name\" content=\"Veneakselisto.com - verkkokauppa\" \/>\n<meta property=\"article:publisher\" content=\"https:\/\/www.facebook.com\/AlaMikkula\/\" \/>\n<meta property=\"article:modified_time\" content=\"2026-01-08T10:25:29+00:00\" \/>\n<meta property=\"og:image\" content=\"https:\/\/veneakselisto.com\/kauppa\/wp-content\/uploads\/2022\/11\/TMC260-merikytkin.jpg\" \/>\n\t<meta property=\"og:image:width\" content=\"500\" \/>\n\t<meta property=\"og:image:height\" content=\"500\" \/>\n\t<meta property=\"og:image:type\" content=\"image\/jpeg\" \/>\n<meta name=\"twitter:card\" content=\"summary_large_image\" \/>\n<meta name=\"twitter:label1\" content=\"Arvioitu lukuaika\" \/>\n\t<meta name=\"twitter:data1\" content=\"1 minuutti\" \/>\n<script type=\"application\/ld+json\" class=\"yoast-schema-graph\">{\"@context\":\"https:\\\/\\\/schema.org\",\"@graph\":[{\"@type\":\"WebPage\",\"@id\":\"https:\\\/\\\/veneakselisto.com\\\/kauppa\\\/tuote\\\/tmc260-1-541-technodrive-merivaihde\\\/\",\"url\":\"https:\\\/\\\/veneakselisto.com\\\/kauppa\\\/tuote\\\/tmc260-1-541-technodrive-merivaihde\\\/\",\"name\":\"TMC260 1.54:1 Technodrive merivaihde - Veneakselisto.com\",\"isPartOf\":{\"@id\":\"https:\\\/\\\/veneakselisto.com\\\/kauppa\\\/#website\"},\"primaryImageOfPage\":{\"@id\":\"https:\\\/\\\/veneakselisto.com\\\/kauppa\\\/tuote\\\/tmc260-1-541-technodrive-merivaihde\\\/#primaryimage\"},\"image\":{\"@id\":\"https:\\\/\\\/veneakselisto.com\\\/kauppa\\\/tuote\\\/tmc260-1-541-technodrive-merivaihde\\\/#primaryimage\"},\"thumbnailUrl\":\"https:\\\/\\\/i0.wp.com\\\/veneakselisto.com\\\/kauppa\\\/wp-content\\\/uploads\\\/2022\\\/11\\\/TMC260-merikytkin.jpg?fit=500%2C500&ssl=1\",\"datePublished\":\"2022-11-11T12:05:00+00:00\",\"dateModified\":\"2026-01-08T10:25:29+00:00\",\"description\":\"TMC260 1.54:1 Technodrive merivaihde-Twin Disc Technodrive merikytkimet toimittaa Veneakselisto.com-Venetarvikkeiden erikoisliike\",\"breadcrumb\":{\"@id\":\"https:\\\/\\\/veneakselisto.com\\\/kauppa\\\/tuote\\\/tmc260-1-541-technodrive-merivaihde\\\/#breadcrumb\"},\"inLanguage\":\"fi\",\"potentialAction\":[{\"@type\":\"ReadAction\",\"target\":[\"https:\\\/\\\/veneakselisto.com\\\/kauppa\\\/tuote\\\/tmc260-1-541-technodrive-merivaihde\\\/\"]}]},{\"@type\":\"ImageObject\",\"inLanguage\":\"fi\",\"@id\":\"https:\\\/\\\/veneakselisto.com\\\/kauppa\\\/tuote\\\/tmc260-1-541-technodrive-merivaihde\\\/#primaryimage\",\"url\":\"https:\\\/\\\/i0.wp.com\\\/veneakselisto.com\\\/kauppa\\\/wp-content\\\/uploads\\\/2022\\\/11\\\/TMC260-merikytkin.jpg?fit=500%2C500&ssl=1\",\"contentUrl\":\"https:\\\/\\\/i0.wp.com\\\/veneakselisto.com\\\/kauppa\\\/wp-content\\\/uploads\\\/2022\\\/11\\\/TMC260-merikytkin.jpg?fit=500%2C500&ssl=1\",\"width\":500,\"height\":500,\"caption\":\"Technodrive TMC260 merivaihde-Veneakselisto.com\"},{\"@type\":\"BreadcrumbList\",\"@id\":\"https:\\\/\\\/veneakselisto.com\\\/kauppa\\\/tuote\\\/tmc260-1-541-technodrive-merivaihde\\\/#breadcrumb\",\"itemListElement\":[{\"@type\":\"ListItem\",\"position\":1,\"name\":\"Etusivu\",\"item\":\"https:\\\/\\\/veneakselisto.com\\\/kauppa\\\/\"},{\"@type\":\"ListItem\",\"position\":2,\"name\":\"Kauppa\",\"item\":\"https:\\\/\\\/veneakselisto.com\\\/kauppa\\\/\"},{\"@type\":\"ListItem\",\"position\":3,\"name\":\"TMC260 1.54:1 Technodrive merivaihde\"}]},{\"@type\":\"WebSite\",\"@id\":\"https:\\\/\\\/veneakselisto.com\\\/kauppa\\\/#website\",\"url\":\"https:\\\/\\\/veneakselisto.com\\\/kauppa\\\/\",\"name\":\"Veneakselisto.com - verkkokauppa\",\"description\":\"Venetarvikkeiden maahantuonti ja myynti\",\"publisher\":{\"@id\":\"https:\\\/\\\/veneakselisto.com\\\/kauppa\\\/#organization\"},\"potentialAction\":[{\"@type\":\"SearchAction\",\"target\":{\"@type\":\"EntryPoint\",\"urlTemplate\":\"https:\\\/\\\/veneakselisto.com\\\/kauppa\\\/?s={search_term_string}\"},\"query-input\":{\"@type\":\"PropertyValueSpecification\",\"valueRequired\":true,\"valueName\":\"search_term_string\"}}],\"inLanguage\":\"fi\"},{\"@type\":\"Organization\",\"@id\":\"https:\\\/\\\/veneakselisto.com\\\/kauppa\\\/#organization\",\"name\":\"Veneakselisto.com verkkokauppa\",\"url\":\"https:\\\/\\\/veneakselisto.com\\\/kauppa\\\/\",\"logo\":{\"@type\":\"ImageObject\",\"inLanguage\":\"fi\",\"@id\":\"https:\\\/\\\/veneakselisto.com\\\/kauppa\\\/#\\\/schema\\\/logo\\\/image\\\/\",\"url\":\"https:\\\/\\\/i2.wp.com\\\/veneakselisto.com\\\/kauppa\\\/wp-content\\\/uploads\\\/2016\\\/06\\\/fb_icon.jpg?fit=327%2C327&ssl=1\",\"contentUrl\":\"https:\\\/\\\/i2.wp.com\\\/veneakselisto.com\\\/kauppa\\\/wp-content\\\/uploads\\\/2016\\\/06\\\/fb_icon.jpg?fit=327%2C327&ssl=1\",\"width\":327,\"height\":327,\"caption\":\"Veneakselisto.com verkkokauppa\"},\"image\":{\"@id\":\"https:\\\/\\\/veneakselisto.com\\\/kauppa\\\/#\\\/schema\\\/logo\\\/image\\\/\"},\"sameAs\":[\"https:\\\/\\\/www.facebook.com\\\/AlaMikkula\\\/\"]}]}<\/script>\n<!-- \/ Yoast SEO plugin. -->","yoast_head_json":{"title":"TMC260 1.54:1 Technodrive merivaihde - Veneakselisto.com","description":"TMC260 1.54:1 Technodrive merivaihde-Twin Disc Technodrive merikytkimet toimittaa Veneakselisto.com-Venetarvikkeiden erikoisliike","robots":{"index":"index","follow":"follow","max-snippet":"max-snippet:-1","max-image-preview":"max-image-preview:large","max-video-preview":"max-video-preview:-1"},"canonical":"https:\/\/veneakselisto.com\/kauppa\/tuote\/tmc260-1-541-technodrive-merivaihde\/","og_locale":"fi_FI","og_type":"article","og_title":"TMC260 1.54:1 Technodrive merivaihde - Veneakselisto.com","og_description":"TMC260 1.54:1 Technodrive merivaihde-Twin Disc Technodrive merikytkimet toimittaa Veneakselisto.com-Venetarvikkeiden erikoisliike","og_url":"https:\/\/veneakselisto.com\/kauppa\/tuote\/tmc260-1-541-technodrive-merivaihde\/","og_site_name":"Veneakselisto.com - verkkokauppa","article_publisher":"https:\/\/www.facebook.com\/AlaMikkula\/","article_modified_time":"2026-01-08T10:25:29+00:00","og_image":[{"width":500,"height":500,"url":"https:\/\/veneakselisto.com\/kauppa\/wp-content\/uploads\/2022\/11\/TMC260-merikytkin.jpg","type":"image\/jpeg"}],"twitter_card":"summary_large_image","twitter_misc":{"Arvioitu lukuaika":"1 minuutti"},"schema":{"@context":"https:\/\/schema.org","@graph":[{"@type":"WebPage","@id":"https:\/\/veneakselisto.com\/kauppa\/tuote\/tmc260-1-541-technodrive-merivaihde\/","url":"https:\/\/veneakselisto.com\/kauppa\/tuote\/tmc260-1-541-technodrive-merivaihde\/","name":"TMC260 1.54:1 Technodrive merivaihde - Veneakselisto.com","isPartOf":{"@id":"https:\/\/veneakselisto.com\/kauppa\/#website"},"primaryImageOfPage":{"@id":"https:\/\/veneakselisto.com\/kauppa\/tuote\/tmc260-1-541-technodrive-merivaihde\/#primaryimage"},"image":{"@id":"https:\/\/veneakselisto.com\/kauppa\/tuote\/tmc260-1-541-technodrive-merivaihde\/#primaryimage"},"thumbnailUrl":"https:\/\/i0.wp.com\/veneakselisto.com\/kauppa\/wp-content\/uploads\/2022\/11\/TMC260-merikytkin.jpg?fit=500%2C500&ssl=1","datePublished":"2022-11-11T12:05:00+00:00","dateModified":"2026-01-08T10:25:29+00:00","description":"TMC260 1.54:1 Technodrive merivaihde-Twin Disc Technodrive merikytkimet toimittaa Veneakselisto.com-Venetarvikkeiden erikoisliike","breadcrumb":{"@id":"https:\/\/veneakselisto.com\/kauppa\/tuote\/tmc260-1-541-technodrive-merivaihde\/#breadcrumb"},"inLanguage":"fi","potentialAction":[{"@type":"ReadAction","target":["https:\/\/veneakselisto.com\/kauppa\/tuote\/tmc260-1-541-technodrive-merivaihde\/"]}]},{"@type":"ImageObject","inLanguage":"fi","@id":"https:\/\/veneakselisto.com\/kauppa\/tuote\/tmc260-1-541-technodrive-merivaihde\/#primaryimage","url":"https:\/\/i0.wp.com\/veneakselisto.com\/kauppa\/wp-content\/uploads\/2022\/11\/TMC260-merikytkin.jpg?fit=500%2C500&ssl=1","contentUrl":"https:\/\/i0.wp.com\/veneakselisto.com\/kauppa\/wp-content\/uploads\/2022\/11\/TMC260-merikytkin.jpg?fit=500%2C500&ssl=1","width":500,"height":500,"caption":"Technodrive TMC260 merivaihde-Veneakselisto.com"},{"@type":"BreadcrumbList","@id":"https:\/\/veneakselisto.com\/kauppa\/tuote\/tmc260-1-541-technodrive-merivaihde\/#breadcrumb","itemListElement":[{"@type":"ListItem","position":1,"name":"Etusivu","item":"https:\/\/veneakselisto.com\/kauppa\/"},{"@type":"ListItem","position":2,"name":"Kauppa","item":"https:\/\/veneakselisto.com\/kauppa\/"},{"@type":"ListItem","position":3,"name":"TMC260 1.54:1 Technodrive merivaihde"}]},{"@type":"WebSite","@id":"https:\/\/veneakselisto.com\/kauppa\/#website","url":"https:\/\/veneakselisto.com\/kauppa\/","name":"Veneakselisto.com - verkkokauppa","description":"Venetarvikkeiden maahantuonti ja myynti","publisher":{"@id":"https:\/\/veneakselisto.com\/kauppa\/#organization"},"potentialAction":[{"@type":"SearchAction","target":{"@type":"EntryPoint","urlTemplate":"https:\/\/veneakselisto.com\/kauppa\/?s={search_term_string}"},"query-input":{"@type":"PropertyValueSpecification","valueRequired":true,"valueName":"search_term_string"}}],"inLanguage":"fi"},{"@type":"Organization","@id":"https:\/\/veneakselisto.com\/kauppa\/#organization","name":"Veneakselisto.com verkkokauppa","url":"https:\/\/veneakselisto.com\/kauppa\/","logo":{"@type":"ImageObject","inLanguage":"fi","@id":"https:\/\/veneakselisto.com\/kauppa\/#\/schema\/logo\/image\/","url":"https:\/\/i2.wp.com\/veneakselisto.com\/kauppa\/wp-content\/uploads\/2016\/06\/fb_icon.jpg?fit=327%2C327&ssl=1","contentUrl":"https:\/\/i2.wp.com\/veneakselisto.com\/kauppa\/wp-content\/uploads\/2016\/06\/fb_icon.jpg?fit=327%2C327&ssl=1","width":327,"height":327,"caption":"Veneakselisto.com verkkokauppa"},"image":{"@id":"https:\/\/veneakselisto.com\/kauppa\/#\/schema\/logo\/image\/"},"sameAs":["https:\/\/www.facebook.com\/AlaMikkula\/"]}]}},"jetpack_publicize_connections":[],"jetpack_sharing_enabled":true,"_links":{"self":[{"href":"https:\/\/veneakselisto.com\/kauppa\/wp-json\/wp\/v2\/product\/15514","targetHints":{"allow":["GET"]}}],"collection":[{"href":"https:\/\/veneakselisto.com\/kauppa\/wp-json\/wp\/v2\/product"}],"about":[{"href":"https:\/\/veneakselisto.com\/kauppa\/wp-json\/wp\/v2\/types\/product"}],"replies":[{"embeddable":true,"href":"https:\/\/veneakselisto.com\/kauppa\/wp-json\/wp\/v2\/comments?post=15514"}],"wp:featuredmedia":[{"embeddable":true,"href":"https:\/\/veneakselisto.com\/kauppa\/wp-json\/wp\/v2\/media\/15518"}],"wp:attachment":[{"href":"https:\/\/veneakselisto.com\/kauppa\/wp-json\/wp\/v2\/media?parent=15514"}],"wp:term":[{"taxonomy":"product_brand","embeddable":true,"href":"https:\/\/veneakselisto.com\/kauppa\/wp-json\/wp\/v2\/product_brand?post=15514"},{"taxonomy":"product_cat","embeddable":true,"href":"https:\/\/veneakselisto.com\/kauppa\/wp-json\/wp\/v2\/product_cat?post=15514"},{"taxonomy":"product_tag","embeddable":true,"href":"https:\/\/veneakselisto.com\/kauppa\/wp-json\/wp\/v2\/product_tag?post=15514"}],"curies":[{"name":"wp","href":"https:\/\/api.w.org\/{rel}","templated":true}]}}