{"id":15469,"date":"2022-11-08T14:45:01","date_gmt":"2022-11-08T12:45:01","guid":{"rendered":"https:\/\/veneakselisto.com\/kauppa\/?post_type=product&#038;p=15469"},"modified":"2024-09-01T00:28:53","modified_gmt":"2024-08-31T21:28:53","slug":"suzuki-2-8hv-siipipyora","status":"publish","type":"product","link":"https:\/\/veneakselisto.com\/kauppa\/tuote\/suzuki-2-8hv-siipipyora\/","title":{"rendered":"Suzuki 2-8hv siipipy\u00f6r\u00e4"},"content":{"rendered":"<p>Suzuki 2-8hv siipipy\u00f6r\u00e4<\/p>\n<p>Valmistaja SeaX Marine Parts<\/p>\n<p>Mitat:<\/p>\n<p>Ulkohalkaisija: 41mm<br \/>\nLeveys: 14mm<br \/>\nSis\u00e4halkaisija: 10mm<\/p>\n<p>Sopivuus:<\/p>\n<p>Suzuki:<\/p>\n<p>&#8211; DT2 (1977-1996) 2hp 2-tahtinen 1-sylinterinen<\/p>\n<p>&#8211; DT2. 2 (1997) 2,2 hv 2-tahtinen 1-sylinterinen<\/p>\n<p>&#8211; DT3. 5 (1979-1984) 3,5 hv 2-tahtinen 1-sylinterinen<\/p>\n<p>&#8211; DF4 (2003-2017) 4hp 4-tahtinen 1-sylinterinen<\/p>\n<p>&#8211; DT4 (1985-1998) 4hp 2-tahtinen 1-sylinterinen<\/p>\n<p>&#8211; DT5 (1978-2001) 5hp 2-tahtinen 1 &amp; 2-sylinterinen<\/p>\n<p>&#8211; DF6 (2003-2017) 6hp 4-tahtinen 1-sylinterinen<\/p>\n<p>&#8211; DT6 (1984-2002) 6hp 2-tahtinen 2-sylinterinen<\/p>\n<p>&#8211; DT8 (1980-1987) 8hp 2-tahtinen 2-sylinterinen<\/p>\n<p>Suzuki OEM:<br \/>\n17461-98400<br \/>\n17461-98401<br \/>\n17461-98500<br \/>\n17461-98501<br \/>\n17461-98502<br \/>\n17461-98503<br \/>\n17461-985M0<br \/>\n17465-98402<\/p>\n<p>EMP: 47-09208<br \/>\nMallory: 9-45504<br \/>\nSierra: 18-3097<\/p>\n<p>&nbsp;<\/p>\n","protected":false},"excerpt":{"rendered":"<p>Suzuki 2-8hv siipipy\u00f6r\u00e4<\/p>\n<p>Valmistaja SeaX Marine Parts<\/p>\n<p>Mitat:<\/p>\n<p>Ulkohalkaisija: 41mm<br \/>\nLeveys: 14mm<br \/>\nSis\u00e4halkaisija: 10mm<\/p>\n<p>Tuote on verkkokauppatuote. Kaikilla tuotteilla normaalisti 1-5pv toimitusaika<\/p>\n","protected":false},"featured_media":15470,"comment_status":"open","ping_status":"closed","template":"","meta":{"jetpack_post_was_ever_published":false,"jetpack_publicize_message":"","jetpack_publicize_feature_enabled":true,"jetpack_social_post_already_shared":true,"jetpack_social_options":{"image_generator_settings":{"template":"highway","default_image_id":0,"font":"","enabled":false},"version":2}},"product_brand":[],"product_cat":[571,844,575],"product_tag":[579,145,418],"class_list":{"0":"post-15469","1":"product","2":"type-product","3":"status-publish","4":"has-post-thumbnail","6":"product_cat-peramoottorin_siipipyora","7":"product_cat-siipipyora_peramoottori","8":"product_cat-suzuki_siipipyorat","9":"product_tag-peramoottorin-siipipyora","10":"product_tag-siipipyora","11":"product_tag-suzuki","12":"brand-sea-x","14":"first","15":"instock","16":"taxable","17":"shipping-taxable","18":"purchasable","19":"product-type-simple"},"yoast_head":"<!-- This site is optimized with the Yoast SEO plugin v27.4 - https:\/\/yoast.com\/product\/yoast-seo-wordpress\/ -->\n<title>Suzuki 2-8hv siipipy\u00f6r\u00e4 -per\u00e4moottorinosat-varaosat-verkkokauppa<\/title>\n<meta name=\"description\" content=\"Suzuki 2-8hv siipipy\u00f6r\u00e4 . Per\u00e4moottoreiden siipipy\u00f6r\u00e4t edullisesti toimittaa veneakselisto.com. Venetarvikkeiden Maahantuonti ja Myynti.\" \/>\n<meta name=\"robots\" content=\"index, follow, max-snippet:-1, max-image-preview:large, max-video-preview:-1\" \/>\n<link rel=\"canonical\" href=\"https:\/\/veneakselisto.com\/kauppa\/tuote\/suzuki-2-8hv-siipipyora\/\" \/>\n<meta property=\"og:locale\" content=\"fi_FI\" \/>\n<meta property=\"og:type\" content=\"article\" \/>\n<meta property=\"og:title\" content=\"Suzuki 2-8hv siipipy\u00f6r\u00e4 -per\u00e4moottorinosat-varaosat-verkkokauppa\" \/>\n<meta property=\"og:description\" content=\"Suzuki 2-8hv siipipy\u00f6r\u00e4 . Per\u00e4moottoreiden siipipy\u00f6r\u00e4t edullisesti toimittaa veneakselisto.com. Venetarvikkeiden Maahantuonti ja Myynti.\" \/>\n<meta property=\"og:url\" content=\"https:\/\/veneakselisto.com\/kauppa\/tuote\/suzuki-2-8hv-siipipyora\/\" \/>\n<meta property=\"og:site_name\" content=\"Veneakselisto.com - verkkokauppa\" \/>\n<meta property=\"article:publisher\" content=\"https:\/\/www.facebook.com\/AlaMikkula\/\" \/>\n<meta property=\"article:modified_time\" content=\"2024-08-31T21:28:53+00:00\" \/>\n<meta property=\"og:image\" content=\"https:\/\/veneakselisto.com\/kauppa\/wp-content\/uploads\/2022\/11\/45504.jpg\" \/>\n\t<meta property=\"og:image:width\" content=\"500\" \/>\n\t<meta property=\"og:image:height\" content=\"500\" \/>\n\t<meta property=\"og:image:type\" content=\"image\/jpeg\" \/>\n<meta name=\"twitter:card\" content=\"summary_large_image\" \/>\n<meta name=\"twitter:label1\" content=\"Arvioitu lukuaika\" \/>\n\t<meta name=\"twitter:data1\" content=\"1 minuutti\" \/>\n<script type=\"application\/ld+json\" class=\"yoast-schema-graph\">{\"@context\":\"https:\\\/\\\/schema.org\",\"@graph\":[{\"@type\":\"WebPage\",\"@id\":\"https:\\\/\\\/veneakselisto.com\\\/kauppa\\\/tuote\\\/suzuki-2-8hv-siipipyora\\\/\",\"url\":\"https:\\\/\\\/veneakselisto.com\\\/kauppa\\\/tuote\\\/suzuki-2-8hv-siipipyora\\\/\",\"name\":\"Suzuki 2-8hv siipipy\u00f6r\u00e4 -per\u00e4moottorinosat-varaosat-verkkokauppa\",\"isPartOf\":{\"@id\":\"https:\\\/\\\/veneakselisto.com\\\/kauppa\\\/#website\"},\"primaryImageOfPage\":{\"@id\":\"https:\\\/\\\/veneakselisto.com\\\/kauppa\\\/tuote\\\/suzuki-2-8hv-siipipyora\\\/#primaryimage\"},\"image\":{\"@id\":\"https:\\\/\\\/veneakselisto.com\\\/kauppa\\\/tuote\\\/suzuki-2-8hv-siipipyora\\\/#primaryimage\"},\"thumbnailUrl\":\"https:\\\/\\\/i0.wp.com\\\/veneakselisto.com\\\/kauppa\\\/wp-content\\\/uploads\\\/2022\\\/11\\\/45504.jpg?fit=500%2C500&ssl=1\",\"datePublished\":\"2022-11-08T12:45:01+00:00\",\"dateModified\":\"2024-08-31T21:28:53+00:00\",\"description\":\"Suzuki 2-8hv siipipy\u00f6r\u00e4 . Per\u00e4moottoreiden siipipy\u00f6r\u00e4t edullisesti toimittaa veneakselisto.com. Venetarvikkeiden Maahantuonti ja Myynti.\",\"breadcrumb\":{\"@id\":\"https:\\\/\\\/veneakselisto.com\\\/kauppa\\\/tuote\\\/suzuki-2-8hv-siipipyora\\\/#breadcrumb\"},\"inLanguage\":\"fi\",\"potentialAction\":[{\"@type\":\"ReadAction\",\"target\":[\"https:\\\/\\\/veneakselisto.com\\\/kauppa\\\/tuote\\\/suzuki-2-8hv-siipipyora\\\/\"]}]},{\"@type\":\"ImageObject\",\"inLanguage\":\"fi\",\"@id\":\"https:\\\/\\\/veneakselisto.com\\\/kauppa\\\/tuote\\\/suzuki-2-8hv-siipipyora\\\/#primaryimage\",\"url\":\"https:\\\/\\\/i0.wp.com\\\/veneakselisto.com\\\/kauppa\\\/wp-content\\\/uploads\\\/2022\\\/11\\\/45504.jpg?fit=500%2C500&ssl=1\",\"contentUrl\":\"https:\\\/\\\/i0.wp.com\\\/veneakselisto.com\\\/kauppa\\\/wp-content\\\/uploads\\\/2022\\\/11\\\/45504.jpg?fit=500%2C500&ssl=1\",\"width\":500,\"height\":500,\"caption\":\"Suzuki siipipy\u00f6r\u00e4t toimittaa Veneakselisto.com.\"},{\"@type\":\"BreadcrumbList\",\"@id\":\"https:\\\/\\\/veneakselisto.com\\\/kauppa\\\/tuote\\\/suzuki-2-8hv-siipipyora\\\/#breadcrumb\",\"itemListElement\":[{\"@type\":\"ListItem\",\"position\":1,\"name\":\"Etusivu\",\"item\":\"https:\\\/\\\/veneakselisto.com\\\/kauppa\\\/\"},{\"@type\":\"ListItem\",\"position\":2,\"name\":\"Kauppa\",\"item\":\"https:\\\/\\\/veneakselisto.com\\\/kauppa\\\/\"},{\"@type\":\"ListItem\",\"position\":3,\"name\":\"Suzuki 2-8hv siipipy\u00f6r\u00e4\"}]},{\"@type\":\"WebSite\",\"@id\":\"https:\\\/\\\/veneakselisto.com\\\/kauppa\\\/#website\",\"url\":\"https:\\\/\\\/veneakselisto.com\\\/kauppa\\\/\",\"name\":\"Veneakselisto.com - verkkokauppa\",\"description\":\"Venetarvikkeiden maahantuonti ja myynti\",\"publisher\":{\"@id\":\"https:\\\/\\\/veneakselisto.com\\\/kauppa\\\/#organization\"},\"potentialAction\":[{\"@type\":\"SearchAction\",\"target\":{\"@type\":\"EntryPoint\",\"urlTemplate\":\"https:\\\/\\\/veneakselisto.com\\\/kauppa\\\/?s={search_term_string}\"},\"query-input\":{\"@type\":\"PropertyValueSpecification\",\"valueRequired\":true,\"valueName\":\"search_term_string\"}}],\"inLanguage\":\"fi\"},{\"@type\":\"Organization\",\"@id\":\"https:\\\/\\\/veneakselisto.com\\\/kauppa\\\/#organization\",\"name\":\"Veneakselisto.com verkkokauppa\",\"url\":\"https:\\\/\\\/veneakselisto.com\\\/kauppa\\\/\",\"logo\":{\"@type\":\"ImageObject\",\"inLanguage\":\"fi\",\"@id\":\"https:\\\/\\\/veneakselisto.com\\\/kauppa\\\/#\\\/schema\\\/logo\\\/image\\\/\",\"url\":\"https:\\\/\\\/i2.wp.com\\\/veneakselisto.com\\\/kauppa\\\/wp-content\\\/uploads\\\/2016\\\/06\\\/fb_icon.jpg?fit=327%2C327&ssl=1\",\"contentUrl\":\"https:\\\/\\\/i2.wp.com\\\/veneakselisto.com\\\/kauppa\\\/wp-content\\\/uploads\\\/2016\\\/06\\\/fb_icon.jpg?fit=327%2C327&ssl=1\",\"width\":327,\"height\":327,\"caption\":\"Veneakselisto.com verkkokauppa\"},\"image\":{\"@id\":\"https:\\\/\\\/veneakselisto.com\\\/kauppa\\\/#\\\/schema\\\/logo\\\/image\\\/\"},\"sameAs\":[\"https:\\\/\\\/www.facebook.com\\\/AlaMikkula\\\/\"]}]}<\/script>\n<!-- \/ Yoast SEO plugin. -->","yoast_head_json":{"title":"Suzuki 2-8hv siipipy\u00f6r\u00e4 -per\u00e4moottorinosat-varaosat-verkkokauppa","description":"Suzuki 2-8hv siipipy\u00f6r\u00e4 . Per\u00e4moottoreiden siipipy\u00f6r\u00e4t edullisesti toimittaa veneakselisto.com. Venetarvikkeiden Maahantuonti ja Myynti.","robots":{"index":"index","follow":"follow","max-snippet":"max-snippet:-1","max-image-preview":"max-image-preview:large","max-video-preview":"max-video-preview:-1"},"canonical":"https:\/\/veneakselisto.com\/kauppa\/tuote\/suzuki-2-8hv-siipipyora\/","og_locale":"fi_FI","og_type":"article","og_title":"Suzuki 2-8hv siipipy\u00f6r\u00e4 -per\u00e4moottorinosat-varaosat-verkkokauppa","og_description":"Suzuki 2-8hv siipipy\u00f6r\u00e4 . Per\u00e4moottoreiden siipipy\u00f6r\u00e4t edullisesti toimittaa veneakselisto.com. Venetarvikkeiden Maahantuonti ja Myynti.","og_url":"https:\/\/veneakselisto.com\/kauppa\/tuote\/suzuki-2-8hv-siipipyora\/","og_site_name":"Veneakselisto.com - verkkokauppa","article_publisher":"https:\/\/www.facebook.com\/AlaMikkula\/","article_modified_time":"2024-08-31T21:28:53+00:00","og_image":[{"width":500,"height":500,"url":"https:\/\/veneakselisto.com\/kauppa\/wp-content\/uploads\/2022\/11\/45504.jpg","type":"image\/jpeg"}],"twitter_card":"summary_large_image","twitter_misc":{"Arvioitu lukuaika":"1 minuutti"},"schema":{"@context":"https:\/\/schema.org","@graph":[{"@type":"WebPage","@id":"https:\/\/veneakselisto.com\/kauppa\/tuote\/suzuki-2-8hv-siipipyora\/","url":"https:\/\/veneakselisto.com\/kauppa\/tuote\/suzuki-2-8hv-siipipyora\/","name":"Suzuki 2-8hv siipipy\u00f6r\u00e4 -per\u00e4moottorinosat-varaosat-verkkokauppa","isPartOf":{"@id":"https:\/\/veneakselisto.com\/kauppa\/#website"},"primaryImageOfPage":{"@id":"https:\/\/veneakselisto.com\/kauppa\/tuote\/suzuki-2-8hv-siipipyora\/#primaryimage"},"image":{"@id":"https:\/\/veneakselisto.com\/kauppa\/tuote\/suzuki-2-8hv-siipipyora\/#primaryimage"},"thumbnailUrl":"https:\/\/i0.wp.com\/veneakselisto.com\/kauppa\/wp-content\/uploads\/2022\/11\/45504.jpg?fit=500%2C500&ssl=1","datePublished":"2022-11-08T12:45:01+00:00","dateModified":"2024-08-31T21:28:53+00:00","description":"Suzuki 2-8hv siipipy\u00f6r\u00e4 . Per\u00e4moottoreiden siipipy\u00f6r\u00e4t edullisesti toimittaa veneakselisto.com. Venetarvikkeiden Maahantuonti ja Myynti.","breadcrumb":{"@id":"https:\/\/veneakselisto.com\/kauppa\/tuote\/suzuki-2-8hv-siipipyora\/#breadcrumb"},"inLanguage":"fi","potentialAction":[{"@type":"ReadAction","target":["https:\/\/veneakselisto.com\/kauppa\/tuote\/suzuki-2-8hv-siipipyora\/"]}]},{"@type":"ImageObject","inLanguage":"fi","@id":"https:\/\/veneakselisto.com\/kauppa\/tuote\/suzuki-2-8hv-siipipyora\/#primaryimage","url":"https:\/\/i0.wp.com\/veneakselisto.com\/kauppa\/wp-content\/uploads\/2022\/11\/45504.jpg?fit=500%2C500&ssl=1","contentUrl":"https:\/\/i0.wp.com\/veneakselisto.com\/kauppa\/wp-content\/uploads\/2022\/11\/45504.jpg?fit=500%2C500&ssl=1","width":500,"height":500,"caption":"Suzuki siipipy\u00f6r\u00e4t toimittaa Veneakselisto.com."},{"@type":"BreadcrumbList","@id":"https:\/\/veneakselisto.com\/kauppa\/tuote\/suzuki-2-8hv-siipipyora\/#breadcrumb","itemListElement":[{"@type":"ListItem","position":1,"name":"Etusivu","item":"https:\/\/veneakselisto.com\/kauppa\/"},{"@type":"ListItem","position":2,"name":"Kauppa","item":"https:\/\/veneakselisto.com\/kauppa\/"},{"@type":"ListItem","position":3,"name":"Suzuki 2-8hv siipipy\u00f6r\u00e4"}]},{"@type":"WebSite","@id":"https:\/\/veneakselisto.com\/kauppa\/#website","url":"https:\/\/veneakselisto.com\/kauppa\/","name":"Veneakselisto.com - verkkokauppa","description":"Venetarvikkeiden maahantuonti ja myynti","publisher":{"@id":"https:\/\/veneakselisto.com\/kauppa\/#organization"},"potentialAction":[{"@type":"SearchAction","target":{"@type":"EntryPoint","urlTemplate":"https:\/\/veneakselisto.com\/kauppa\/?s={search_term_string}"},"query-input":{"@type":"PropertyValueSpecification","valueRequired":true,"valueName":"search_term_string"}}],"inLanguage":"fi"},{"@type":"Organization","@id":"https:\/\/veneakselisto.com\/kauppa\/#organization","name":"Veneakselisto.com verkkokauppa","url":"https:\/\/veneakselisto.com\/kauppa\/","logo":{"@type":"ImageObject","inLanguage":"fi","@id":"https:\/\/veneakselisto.com\/kauppa\/#\/schema\/logo\/image\/","url":"https:\/\/i2.wp.com\/veneakselisto.com\/kauppa\/wp-content\/uploads\/2016\/06\/fb_icon.jpg?fit=327%2C327&ssl=1","contentUrl":"https:\/\/i2.wp.com\/veneakselisto.com\/kauppa\/wp-content\/uploads\/2016\/06\/fb_icon.jpg?fit=327%2C327&ssl=1","width":327,"height":327,"caption":"Veneakselisto.com verkkokauppa"},"image":{"@id":"https:\/\/veneakselisto.com\/kauppa\/#\/schema\/logo\/image\/"},"sameAs":["https:\/\/www.facebook.com\/AlaMikkula\/"]}]}},"jetpack_publicize_connections":[],"jetpack_sharing_enabled":true,"_links":{"self":[{"href":"https:\/\/veneakselisto.com\/kauppa\/wp-json\/wp\/v2\/product\/15469","targetHints":{"allow":["GET"]}}],"collection":[{"href":"https:\/\/veneakselisto.com\/kauppa\/wp-json\/wp\/v2\/product"}],"about":[{"href":"https:\/\/veneakselisto.com\/kauppa\/wp-json\/wp\/v2\/types\/product"}],"replies":[{"embeddable":true,"href":"https:\/\/veneakselisto.com\/kauppa\/wp-json\/wp\/v2\/comments?post=15469"}],"wp:featuredmedia":[{"embeddable":true,"href":"https:\/\/veneakselisto.com\/kauppa\/wp-json\/wp\/v2\/media\/15470"}],"wp:attachment":[{"href":"https:\/\/veneakselisto.com\/kauppa\/wp-json\/wp\/v2\/media?parent=15469"}],"wp:term":[{"taxonomy":"product_brand","embeddable":true,"href":"https:\/\/veneakselisto.com\/kauppa\/wp-json\/wp\/v2\/product_brand?post=15469"},{"taxonomy":"product_cat","embeddable":true,"href":"https:\/\/veneakselisto.com\/kauppa\/wp-json\/wp\/v2\/product_cat?post=15469"},{"taxonomy":"product_tag","embeddable":true,"href":"https:\/\/veneakselisto.com\/kauppa\/wp-json\/wp\/v2\/product_tag?post=15469"}],"curies":[{"name":"wp","href":"https:\/\/api.w.org\/{rel}","templated":true}]}}