{"id":15443,"date":"2022-11-03T15:08:43","date_gmt":"2022-11-03T13:08:43","guid":{"rendered":"https:\/\/veneakselisto.com\/kauppa\/?post_type=product&#038;p=15443"},"modified":"2024-09-01T00:28:54","modified_gmt":"2024-08-31T21:28:54","slug":"vetus-heavy-duty-vesilukko-hpw127152-127-152mm-55-l","status":"publish","type":"product","link":"https:\/\/veneakselisto.com\/kauppa\/tuote\/vetus-heavy-duty-vesilukko-hpw127152-127-152mm-55-l\/","title":{"rendered":"Vetus Heavy Duty vesilukko HPW127152 127\/152mm 55 L"},"content":{"rendered":"<div class=\"wpb-content-wrapper\"><p>Vetus Heavy Duty vesilukko HPW127152 127\/152mm 55 L<\/p>\n<p>Malli: HPW127152<br \/>\nPakoletkun halkaisija (\u2205D): 127mm ja 152mm<\/p>\n<p>Tilavuus 55 l<\/p>\n<p>Vesilukot ammattialuksiin<\/p>\n<p>HPW-sarja<br \/>\nHPW-sarja sopii vaativiin kohteisiin kuten kaupallisiin ja viranomaisaluksiin. K\u00e4\u00e4ntyv\u00e4n rungon ja letkuliit\u00e4nt\u00f6jen<br \/>\nansiosta ne on helppo asentaa ja ne ovat sek\u00e4 kevyempi\u00e4 ett\u00e4 edullisempia kuin lujitemuoviset<br \/>\nOminaisuudet<br \/>\n\u2022 Erityinen komposiittimateriaali (NAVIDURIN\u00ae) kest\u00e4\u00e4 jopa 260\u00b0 C l\u00e4mp\u00f6tilan<br \/>\n\u2022 Suunniteltu suojaamaan moottoria tehokkaasti<br \/>\n\u2022 Tehokas aanenvaimennuskyky alhaisella vastapaineella<br \/>\n\u2022 K\u00e4\u00e4ntyv\u00e4 \u00e4\u00e4nenvaimennuskyky ja letkuyhteet helpottavat asennusta<br \/>\n\u2022 Mukana lattia-asennusosat<\/p>\n<p>Heavy Duty-mallisto<br \/>\nHeavy duty vesilukot<br \/>\nTehty erityisest\u00e4 NAVIDURIN\u00ae-komposiitista jonka l\u00e4mm\u00f6nkest\u00e4vyys on jopa 260\u00baC \u2013 mik\u00e4 on 170% enemm\u00e4n kuin<br \/>\nlujitemuovisten vesilukkojen l\u00e4mm\u00f6nkesto. Sama koskee paineenalaista l\u00e4mm\u00f6n aiheuttamaa muodonmuutosta.<br \/>\nValikoimissamme on toistaiseksi kaksi eri HD vesilukkomallistoa: NLPHD (4.5 &#8211; 10 litraa) sek\u00e4 HPW (55 litraa).<br \/>\nNLP-sarjan vesilukot ovat tunnettuja \u00e4\u00e4nenvaimennuskyvyst\u00e4\u00e4n, asennuksen helppoudesta ja eritt\u00e4in matalasta<br \/>\nvastapaineesta. NAVIDURIN\u00aemateriaalista valmistettuna vesilukot soveltuvat vaativimpiinkin kohteisiin ja on<br \/>\nainutlaatuinen markkinoilla.[\/vc_column_text][\/vc_column][\/vc_row][vc_row][vc_column][vc_column_text]NLP-vesilukoissa on kaksoiskammio. Yksikammioisiin vesilukkoihin verrattuna NLP-vesilukot takaavat tehokkaamman pako\u00e4\u00e4nien eristyksen. Vesilukon yl\u00e4- ja alaosa, sek\u00e4 letkuyhteet k\u00e4\u00e4ntyv\u00e4t 360\u00b0, jolloin vesilukon asentaminen usein ahtaissa tiloissa helpottuu.<\/p>\n<p>HPW<br \/>\nTiedot<br \/>\n\u2022 Sopii \u00d8 102, 127 ja 152 mm:n pakoletkulle<br \/>\n\u2022 Erityinen komposiittimateriaali (NAVIDURIN\u00ae) kest\u00e4\u00e4 jopa 260\u00baC<br \/>\nasteen l\u00e4mp\u00f6tilan<br \/>\n\u2022 Suunniteltu suojaamaan moottoria tehokkaasti<br \/>\n\u2022 Tehokas \u00e4\u00e4nenvaimennuskyky minimaalisella vastapaineella<br \/>\n\u2022 K\u00e4\u00e4ntyv\u00e4 runko ja letkuyhteet helpottavat asennusta<br \/>\n\u2022 Mukana lattia-asennusosat<br \/>\n\u2022 G1\/4 sis\u00e4kierre. Toinen poistotulppa tuplakoneasennuksia varten<br \/>\ntulossa<\/p>\n<p>Asennussarjalla vesilukko voidaan asentaa joko lattiaan tai laipioon.<\/p>\n<p><a href=\"http:\/\/www.vetus.com\/media\/magentominds\/sasdocument\/20150611105144_0.pdf\" target=\"_blank\" rel=\"noopener noreferrer\">Asennusohjeet (En)<\/a><\/p>\n<p>Heavy Duty-mallisto<br \/>\nHeavy duty vesilukot<br \/>\nTehty erityisest\u00e4 NAVIDURIN\u00ae-komposiitista jonka l\u00e4mm\u00f6nkest\u00e4vyys on jopa 260\u00baC \u2013 mik\u00e4 on 170% enemm\u00e4n kuin<br \/>\nlujitemuovisten vesilukkojen l\u00e4mm\u00f6nkesto. Sama koskee paineenalaista l\u00e4mm\u00f6n aiheuttamaa muodonmuutosta.<br \/>\nValikoimissamme on toistaiseksi kaksi eri HD vesilukkomallistoa: NLPHD (4.5 &#8211; 10 litraa) sek\u00e4 HPW (55 litraa).<br \/>\nNLP-sarjan vesilukot ovat tunnettuja \u00e4\u00e4nenvaimennuskyvyst\u00e4\u00e4n, asennuksen helppoudesta ja eritt\u00e4in matalasta<br \/>\nvastapaineesta. NAVIDURIN\u00aemateriaalista valmistettuna vesilukot soveltuvat vaativimpiinkin kohteisiin ja on<br \/>\nainutlaatuinen markkinoilla.[\/vc_column_text][\/vc_column][\/vc_row]<\/p>\n<\/div>","protected":false},"excerpt":{"rendered":"<p>Vetus Heavy Duty vesilukko HPW127152 127\/152mm 55 L<\/p>\n<p>Tehty erityisest\u00e4 NAVIDURIN\u00ae-komposiitista<\/p>\n<p>Malli: HPW127152<br \/>\nPakoletkun halkaisija (\u2205D): 127mm ja 152mm<\/p>\n<p>Tehdastoimitus. Toimitusaika 4-5pv normaalisti<\/p>\n","protected":false},"featured_media":15438,"comment_status":"open","ping_status":"closed","template":"","meta":{"jetpack_post_was_ever_published":false,"jetpack_publicize_message":"","jetpack_publicize_feature_enabled":true,"jetpack_social_post_already_shared":true,"jetpack_social_options":{"image_generator_settings":{"template":"highway","default_image_id":0,"font":"","enabled":false},"version":2}},"product_brand":[],"product_cat":[37,1091,38,1094,470],"product_tag":[162,98],"class_list":{"0":"post-15443","1":"product","2":"type-product","3":"status-publish","4":"has-post-thumbnail","6":"product_cat-pakoputkistot-ja-tarvikkeet","7":"product_cat-veneen-pakoputkisto-vetus","8":"product_cat-vesilukot","9":"product_cat-vesilukko-aanenvaimennin-veneen","10":"product_cat-vetus_vetus-venetarvikkeet_venetarvikeiden-maahantuonti-ja-myynti","11":"product_tag-vesilukko","12":"product_tag-vetus","13":"brand-vetus","15":"first","16":"onbackorder","17":"taxable","18":"shipping-taxable","19":"purchasable","20":"product-type-simple"},"yoast_head":"<!-- This site is optimized with the Yoast SEO plugin v27.3 - https:\/\/yoast.com\/product\/yoast-seo-wordpress\/ -->\n<title>Vetus Heavy Duty vesilukko HPW127152 127\/152mm 55 L -Veneakselisto<\/title>\n<meta name=\"description\" content=\"Vetus Heavy Duty vesilukko HPW127152 127\/152mm 55 L. Tuotteen toimittaa edullinen Veneakselisto.com-Venetarvikkeiden maahantuonti\" \/>\n<meta name=\"robots\" content=\"index, follow, max-snippet:-1, max-image-preview:large, max-video-preview:-1\" \/>\n<link rel=\"canonical\" href=\"https:\/\/veneakselisto.com\/kauppa\/tuote\/vetus-heavy-duty-vesilukko-hpw127152-127-152mm-55-l\/\" \/>\n<meta property=\"og:locale\" content=\"fi_FI\" \/>\n<meta property=\"og:type\" content=\"article\" \/>\n<meta property=\"og:title\" content=\"Vetus Heavy Duty vesilukko HPW127152 127\/152mm 55 L -Veneakselisto\" \/>\n<meta property=\"og:description\" content=\"Vetus Heavy Duty vesilukko HPW127152 127\/152mm 55 L. Tuotteen toimittaa edullinen Veneakselisto.com-Venetarvikkeiden maahantuonti\" \/>\n<meta property=\"og:url\" content=\"https:\/\/veneakselisto.com\/kauppa\/tuote\/vetus-heavy-duty-vesilukko-hpw127152-127-152mm-55-l\/\" \/>\n<meta property=\"og:site_name\" content=\"Veneakselisto.com - verkkokauppa\" \/>\n<meta property=\"article:publisher\" content=\"https:\/\/www.facebook.com\/AlaMikkula\/\" \/>\n<meta property=\"article:modified_time\" content=\"2024-08-31T21:28:54+00:00\" \/>\n<meta property=\"og:image\" content=\"https:\/\/veneakselisto.com\/kauppa\/wp-content\/uploads\/2022\/11\/HPW-Vetus-vesilukko.png\" \/>\n\t<meta property=\"og:image:width\" content=\"500\" \/>\n\t<meta property=\"og:image:height\" content=\"500\" \/>\n\t<meta property=\"og:image:type\" content=\"image\/png\" \/>\n<meta name=\"twitter:card\" content=\"summary_large_image\" \/>\n<meta name=\"twitter:label1\" content=\"Arvioitu lukuaika\" \/>\n\t<meta name=\"twitter:data1\" content=\"2 minuuttia\" \/>\n<script type=\"application\/ld+json\" class=\"yoast-schema-graph\">{\"@context\":\"https:\\\/\\\/schema.org\",\"@graph\":[{\"@type\":\"WebPage\",\"@id\":\"https:\\\/\\\/veneakselisto.com\\\/kauppa\\\/tuote\\\/vetus-heavy-duty-vesilukko-hpw127152-127-152mm-55-l\\\/\",\"url\":\"https:\\\/\\\/veneakselisto.com\\\/kauppa\\\/tuote\\\/vetus-heavy-duty-vesilukko-hpw127152-127-152mm-55-l\\\/\",\"name\":\"Vetus Heavy Duty vesilukko HPW127152 127\\\/152mm 55 L -Veneakselisto\",\"isPartOf\":{\"@id\":\"https:\\\/\\\/veneakselisto.com\\\/kauppa\\\/#website\"},\"primaryImageOfPage\":{\"@id\":\"https:\\\/\\\/veneakselisto.com\\\/kauppa\\\/tuote\\\/vetus-heavy-duty-vesilukko-hpw127152-127-152mm-55-l\\\/#primaryimage\"},\"image\":{\"@id\":\"https:\\\/\\\/veneakselisto.com\\\/kauppa\\\/tuote\\\/vetus-heavy-duty-vesilukko-hpw127152-127-152mm-55-l\\\/#primaryimage\"},\"thumbnailUrl\":\"https:\\\/\\\/i0.wp.com\\\/veneakselisto.com\\\/kauppa\\\/wp-content\\\/uploads\\\/2022\\\/11\\\/HPW-Vetus-vesilukko.png?fit=500%2C500&ssl=1\",\"datePublished\":\"2022-11-03T13:08:43+00:00\",\"dateModified\":\"2024-08-31T21:28:54+00:00\",\"description\":\"Vetus Heavy Duty vesilukko HPW127152 127\\\/152mm 55 L. Tuotteen toimittaa edullinen Veneakselisto.com-Venetarvikkeiden maahantuonti\",\"breadcrumb\":{\"@id\":\"https:\\\/\\\/veneakselisto.com\\\/kauppa\\\/tuote\\\/vetus-heavy-duty-vesilukko-hpw127152-127-152mm-55-l\\\/#breadcrumb\"},\"inLanguage\":\"fi\",\"potentialAction\":[{\"@type\":\"ReadAction\",\"target\":[\"https:\\\/\\\/veneakselisto.com\\\/kauppa\\\/tuote\\\/vetus-heavy-duty-vesilukko-hpw127152-127-152mm-55-l\\\/\"]}]},{\"@type\":\"ImageObject\",\"inLanguage\":\"fi\",\"@id\":\"https:\\\/\\\/veneakselisto.com\\\/kauppa\\\/tuote\\\/vetus-heavy-duty-vesilukko-hpw127152-127-152mm-55-l\\\/#primaryimage\",\"url\":\"https:\\\/\\\/i0.wp.com\\\/veneakselisto.com\\\/kauppa\\\/wp-content\\\/uploads\\\/2022\\\/11\\\/HPW-Vetus-vesilukko.png?fit=500%2C500&ssl=1\",\"contentUrl\":\"https:\\\/\\\/i0.wp.com\\\/veneakselisto.com\\\/kauppa\\\/wp-content\\\/uploads\\\/2022\\\/11\\\/HPW-Vetus-vesilukko.png?fit=500%2C500&ssl=1\",\"width\":500,\"height\":500,\"caption\":\"HPW-Vetus-vesilukko-ammattialuksiin-veneakselisto.com\"},{\"@type\":\"BreadcrumbList\",\"@id\":\"https:\\\/\\\/veneakselisto.com\\\/kauppa\\\/tuote\\\/vetus-heavy-duty-vesilukko-hpw127152-127-152mm-55-l\\\/#breadcrumb\",\"itemListElement\":[{\"@type\":\"ListItem\",\"position\":1,\"name\":\"Etusivu\",\"item\":\"https:\\\/\\\/veneakselisto.com\\\/kauppa\\\/\"},{\"@type\":\"ListItem\",\"position\":2,\"name\":\"Kauppa\",\"item\":\"https:\\\/\\\/veneakselisto.com\\\/kauppa\\\/\"},{\"@type\":\"ListItem\",\"position\":3,\"name\":\"Vetus Heavy Duty vesilukko HPW127152 127\\\/152mm 55 L\"}]},{\"@type\":\"WebSite\",\"@id\":\"https:\\\/\\\/veneakselisto.com\\\/kauppa\\\/#website\",\"url\":\"https:\\\/\\\/veneakselisto.com\\\/kauppa\\\/\",\"name\":\"Veneakselisto.com - verkkokauppa\",\"description\":\"Venetarvikkeiden maahantuonti ja myynti\",\"publisher\":{\"@id\":\"https:\\\/\\\/veneakselisto.com\\\/kauppa\\\/#organization\"},\"potentialAction\":[{\"@type\":\"SearchAction\",\"target\":{\"@type\":\"EntryPoint\",\"urlTemplate\":\"https:\\\/\\\/veneakselisto.com\\\/kauppa\\\/?s={search_term_string}\"},\"query-input\":{\"@type\":\"PropertyValueSpecification\",\"valueRequired\":true,\"valueName\":\"search_term_string\"}}],\"inLanguage\":\"fi\"},{\"@type\":\"Organization\",\"@id\":\"https:\\\/\\\/veneakselisto.com\\\/kauppa\\\/#organization\",\"name\":\"Veneakselisto.com verkkokauppa\",\"url\":\"https:\\\/\\\/veneakselisto.com\\\/kauppa\\\/\",\"logo\":{\"@type\":\"ImageObject\",\"inLanguage\":\"fi\",\"@id\":\"https:\\\/\\\/veneakselisto.com\\\/kauppa\\\/#\\\/schema\\\/logo\\\/image\\\/\",\"url\":\"https:\\\/\\\/i2.wp.com\\\/veneakselisto.com\\\/kauppa\\\/wp-content\\\/uploads\\\/2016\\\/06\\\/fb_icon.jpg?fit=327%2C327&ssl=1\",\"contentUrl\":\"https:\\\/\\\/i2.wp.com\\\/veneakselisto.com\\\/kauppa\\\/wp-content\\\/uploads\\\/2016\\\/06\\\/fb_icon.jpg?fit=327%2C327&ssl=1\",\"width\":327,\"height\":327,\"caption\":\"Veneakselisto.com verkkokauppa\"},\"image\":{\"@id\":\"https:\\\/\\\/veneakselisto.com\\\/kauppa\\\/#\\\/schema\\\/logo\\\/image\\\/\"},\"sameAs\":[\"https:\\\/\\\/www.facebook.com\\\/AlaMikkula\\\/\"]}]}<\/script>\n<!-- \/ Yoast SEO plugin. -->","yoast_head_json":{"title":"Vetus Heavy Duty vesilukko HPW127152 127\/152mm 55 L -Veneakselisto","description":"Vetus Heavy Duty vesilukko HPW127152 127\/152mm 55 L. Tuotteen toimittaa edullinen Veneakselisto.com-Venetarvikkeiden maahantuonti","robots":{"index":"index","follow":"follow","max-snippet":"max-snippet:-1","max-image-preview":"max-image-preview:large","max-video-preview":"max-video-preview:-1"},"canonical":"https:\/\/veneakselisto.com\/kauppa\/tuote\/vetus-heavy-duty-vesilukko-hpw127152-127-152mm-55-l\/","og_locale":"fi_FI","og_type":"article","og_title":"Vetus Heavy Duty vesilukko HPW127152 127\/152mm 55 L -Veneakselisto","og_description":"Vetus Heavy Duty vesilukko HPW127152 127\/152mm 55 L. Tuotteen toimittaa edullinen Veneakselisto.com-Venetarvikkeiden maahantuonti","og_url":"https:\/\/veneakselisto.com\/kauppa\/tuote\/vetus-heavy-duty-vesilukko-hpw127152-127-152mm-55-l\/","og_site_name":"Veneakselisto.com - verkkokauppa","article_publisher":"https:\/\/www.facebook.com\/AlaMikkula\/","article_modified_time":"2024-08-31T21:28:54+00:00","og_image":[{"width":500,"height":500,"url":"https:\/\/veneakselisto.com\/kauppa\/wp-content\/uploads\/2022\/11\/HPW-Vetus-vesilukko.png","type":"image\/png"}],"twitter_card":"summary_large_image","twitter_misc":{"Arvioitu lukuaika":"2 minuuttia"},"schema":{"@context":"https:\/\/schema.org","@graph":[{"@type":"WebPage","@id":"https:\/\/veneakselisto.com\/kauppa\/tuote\/vetus-heavy-duty-vesilukko-hpw127152-127-152mm-55-l\/","url":"https:\/\/veneakselisto.com\/kauppa\/tuote\/vetus-heavy-duty-vesilukko-hpw127152-127-152mm-55-l\/","name":"Vetus Heavy Duty vesilukko HPW127152 127\/152mm 55 L -Veneakselisto","isPartOf":{"@id":"https:\/\/veneakselisto.com\/kauppa\/#website"},"primaryImageOfPage":{"@id":"https:\/\/veneakselisto.com\/kauppa\/tuote\/vetus-heavy-duty-vesilukko-hpw127152-127-152mm-55-l\/#primaryimage"},"image":{"@id":"https:\/\/veneakselisto.com\/kauppa\/tuote\/vetus-heavy-duty-vesilukko-hpw127152-127-152mm-55-l\/#primaryimage"},"thumbnailUrl":"https:\/\/i0.wp.com\/veneakselisto.com\/kauppa\/wp-content\/uploads\/2022\/11\/HPW-Vetus-vesilukko.png?fit=500%2C500&ssl=1","datePublished":"2022-11-03T13:08:43+00:00","dateModified":"2024-08-31T21:28:54+00:00","description":"Vetus Heavy Duty vesilukko HPW127152 127\/152mm 55 L. Tuotteen toimittaa edullinen Veneakselisto.com-Venetarvikkeiden maahantuonti","breadcrumb":{"@id":"https:\/\/veneakselisto.com\/kauppa\/tuote\/vetus-heavy-duty-vesilukko-hpw127152-127-152mm-55-l\/#breadcrumb"},"inLanguage":"fi","potentialAction":[{"@type":"ReadAction","target":["https:\/\/veneakselisto.com\/kauppa\/tuote\/vetus-heavy-duty-vesilukko-hpw127152-127-152mm-55-l\/"]}]},{"@type":"ImageObject","inLanguage":"fi","@id":"https:\/\/veneakselisto.com\/kauppa\/tuote\/vetus-heavy-duty-vesilukko-hpw127152-127-152mm-55-l\/#primaryimage","url":"https:\/\/i0.wp.com\/veneakselisto.com\/kauppa\/wp-content\/uploads\/2022\/11\/HPW-Vetus-vesilukko.png?fit=500%2C500&ssl=1","contentUrl":"https:\/\/i0.wp.com\/veneakselisto.com\/kauppa\/wp-content\/uploads\/2022\/11\/HPW-Vetus-vesilukko.png?fit=500%2C500&ssl=1","width":500,"height":500,"caption":"HPW-Vetus-vesilukko-ammattialuksiin-veneakselisto.com"},{"@type":"BreadcrumbList","@id":"https:\/\/veneakselisto.com\/kauppa\/tuote\/vetus-heavy-duty-vesilukko-hpw127152-127-152mm-55-l\/#breadcrumb","itemListElement":[{"@type":"ListItem","position":1,"name":"Etusivu","item":"https:\/\/veneakselisto.com\/kauppa\/"},{"@type":"ListItem","position":2,"name":"Kauppa","item":"https:\/\/veneakselisto.com\/kauppa\/"},{"@type":"ListItem","position":3,"name":"Vetus Heavy Duty vesilukko HPW127152 127\/152mm 55 L"}]},{"@type":"WebSite","@id":"https:\/\/veneakselisto.com\/kauppa\/#website","url":"https:\/\/veneakselisto.com\/kauppa\/","name":"Veneakselisto.com - verkkokauppa","description":"Venetarvikkeiden maahantuonti ja myynti","publisher":{"@id":"https:\/\/veneakselisto.com\/kauppa\/#organization"},"potentialAction":[{"@type":"SearchAction","target":{"@type":"EntryPoint","urlTemplate":"https:\/\/veneakselisto.com\/kauppa\/?s={search_term_string}"},"query-input":{"@type":"PropertyValueSpecification","valueRequired":true,"valueName":"search_term_string"}}],"inLanguage":"fi"},{"@type":"Organization","@id":"https:\/\/veneakselisto.com\/kauppa\/#organization","name":"Veneakselisto.com verkkokauppa","url":"https:\/\/veneakselisto.com\/kauppa\/","logo":{"@type":"ImageObject","inLanguage":"fi","@id":"https:\/\/veneakselisto.com\/kauppa\/#\/schema\/logo\/image\/","url":"https:\/\/i2.wp.com\/veneakselisto.com\/kauppa\/wp-content\/uploads\/2016\/06\/fb_icon.jpg?fit=327%2C327&ssl=1","contentUrl":"https:\/\/i2.wp.com\/veneakselisto.com\/kauppa\/wp-content\/uploads\/2016\/06\/fb_icon.jpg?fit=327%2C327&ssl=1","width":327,"height":327,"caption":"Veneakselisto.com verkkokauppa"},"image":{"@id":"https:\/\/veneakselisto.com\/kauppa\/#\/schema\/logo\/image\/"},"sameAs":["https:\/\/www.facebook.com\/AlaMikkula\/"]}]}},"jetpack_publicize_connections":[],"jetpack_sharing_enabled":true,"_links":{"self":[{"href":"https:\/\/veneakselisto.com\/kauppa\/wp-json\/wp\/v2\/product\/15443","targetHints":{"allow":["GET"]}}],"collection":[{"href":"https:\/\/veneakselisto.com\/kauppa\/wp-json\/wp\/v2\/product"}],"about":[{"href":"https:\/\/veneakselisto.com\/kauppa\/wp-json\/wp\/v2\/types\/product"}],"replies":[{"embeddable":true,"href":"https:\/\/veneakselisto.com\/kauppa\/wp-json\/wp\/v2\/comments?post=15443"}],"wp:featuredmedia":[{"embeddable":true,"href":"https:\/\/veneakselisto.com\/kauppa\/wp-json\/wp\/v2\/media\/15438"}],"wp:attachment":[{"href":"https:\/\/veneakselisto.com\/kauppa\/wp-json\/wp\/v2\/media?parent=15443"}],"wp:term":[{"taxonomy":"product_brand","embeddable":true,"href":"https:\/\/veneakselisto.com\/kauppa\/wp-json\/wp\/v2\/product_brand?post=15443"},{"taxonomy":"product_cat","embeddable":true,"href":"https:\/\/veneakselisto.com\/kauppa\/wp-json\/wp\/v2\/product_cat?post=15443"},{"taxonomy":"product_tag","embeddable":true,"href":"https:\/\/veneakselisto.com\/kauppa\/wp-json\/wp\/v2\/product_tag?post=15443"}],"curies":[{"name":"wp","href":"https:\/\/api.w.org\/{rel}","templated":true}]}}