{"id":15430,"date":"2022-11-03T14:26:28","date_gmt":"2022-11-03T12:26:28","guid":{"rendered":"https:\/\/veneakselisto.com\/kauppa\/?post_type=product&#038;p=15430"},"modified":"2025-12-03T10:59:39","modified_gmt":"2025-12-03T08:59:39","slug":"vetus-aanenvaimennin-mf100-100mm-pakoletkulle","status":"publish","type":"product","link":"https:\/\/veneakselisto.com\/kauppa\/tuote\/vetus-aanenvaimennin-mf100-100mm-pakoletkulle\/","title":{"rendered":"Vetus \u00e4\u00e4nenvaimennin MF100 100mm pakoletkulle"},"content":{"rendered":"<p>Vetus \u00e4\u00e4nenvaimennin MF100 100mm pakoletkulle<\/p>\n<p>Pakoj\u00e4rjestelm\u00e4t isommille moottoreille<\/p>\n<p>Malli: MF100<br \/>\nPakoletkun halkaisija (\u2205D): 100mm<\/p>\n<p>Mitat:<\/p>\n<p>D= 100 mm<\/p>\n<p>H= 210 mm<\/p>\n<p>L=735 mm<\/p>\n<p>Tilavuus 13 l<\/p>\n<p>Tiedot<br \/>\n\u2022 Sis\u00e4halkaisijaltaan \u00d8 90,100, 125 ja 150 mm:n pakoletkuille<br \/>\n\u2022 Mukana haponkest\u00e4v\u00e4t kiinnityspannat<br \/>\n\u2022 Paikka pakokaasun l\u00e4mp\u00f6tilavaroittimelle (lis\u00e4varuste).<\/p>\n<p>Malli MF<br \/>\nErityisesti nopeille tehokkaille veneille<\/p>\n<p>Tehokkaille moottoreille kun ei haluta tai voida k\u00e4ytt\u00e4\u00e4 vesilukkoa mutta halutaan tehokasta \u00e4\u00e4nenvaimennusta eritt\u00e4in<br \/>\npienell\u00e4 vastapaineella. \u00c4\u00e4nenvaimentimet ovat kauttaaltaan korroosiovaapaata materiaalia.<br \/>\nMalleihin on saatavana haponkest\u00e4vi\u00e4 ja vahvistetusta muovista valmistettuja l\u00e4pivientej\u00e4 joissa on takaiskuventtiili<br \/>\nehk\u00e4isem\u00e4ss\u00e4 veden paluuta koneen suuntaan.<br \/>\nSuosittelemme kaikkiin pakoletkustoihin Vetuksen pakokaasun l\u00e4mp\u00f6ilah\u00e4lytint\u00e4, joka h\u00e4lytt\u00e4\u00e4 mik\u00e4li l\u00e4mp\u00f6tila saavuttaa<br \/>\nsallitun rajan (n. 72\u00b0C). H\u00e4lytin varoittaa sek\u00e4 \u00e4\u00e4nell\u00e4 ett\u00e4 valolla. Anturi asennetaan joko pakoletkuun (malli XHSH) tai<br \/>\n\u00e4\u00e4nenvaimentimeen (malli XHSM).<\/p>\n<p>&nbsp;<\/p>\n","protected":false},"excerpt":{"rendered":"<p>Vetus \u00e4\u00e4nenvaimennin MF100 100mm pakoletkulle<\/p>\n<p>Pakoj\u00e4rjestelm\u00e4t isommille moottoreille<\/p>\n<p>Malli: MF100<br \/>\nPakoletkun halkaisija (\u2205D): 100mm<\/p>\n<p>Tehdastilaus. Toimitus 4-6pv normaalisti.<\/p>\n","protected":false},"featured_media":15429,"comment_status":"open","ping_status":"closed","template":"","meta":{"jetpack_post_was_ever_published":false,"jetpack_publicize_message":"","jetpack_publicize_feature_enabled":true,"jetpack_social_post_already_shared":true,"jetpack_social_options":{"image_generator_settings":{"template":"highway","default_image_id":0,"font":"","enabled":false},"version":2}},"product_brand":[],"product_cat":[39,37,1091,1094,470],"product_tag":[165],"class_list":{"0":"post-15430","1":"product","2":"type-product","3":"status-publish","4":"has-post-thumbnail","6":"product_cat-aanenvaimentimet","7":"product_cat-pakoputkistot-ja-tarvikkeet","8":"product_cat-veneen-pakoputkisto-vetus","9":"product_cat-vesilukko-aanenvaimennin-veneen","10":"product_cat-vetus_vetus-venetarvikkeet_venetarvikeiden-maahantuonti-ja-myynti","11":"product_tag-aanenvaimennin","12":"brand-vetus","14":"first","15":"onbackorder","16":"taxable","17":"shipping-taxable","18":"purchasable","19":"product-type-simple"},"yoast_head":"<!-- This site is optimized with the Yoast SEO plugin v27.3 - https:\/\/yoast.com\/product\/yoast-seo-wordpress\/ -->\n<title>Vetus \u00e4\u00e4nenvaimennin MF090 90mm pakoletkulle-Veneakselisto<\/title>\n<meta name=\"description\" content=\"Vetus \u00e4\u00e4nenvaimennin MF100 100mm pakoletkulle. Venetarvikkeiden erikoisliike-Veneakselisto.com-Vetus \u00e4\u00e4nenvaimennin MF100 100mm pakoletkulle .\" \/>\n<meta name=\"robots\" content=\"index, follow, max-snippet:-1, max-image-preview:large, max-video-preview:-1\" \/>\n<link rel=\"canonical\" href=\"https:\/\/veneakselisto.com\/kauppa\/tuote\/vetus-aanenvaimennin-mf100-100mm-pakoletkulle\/\" \/>\n<meta property=\"og:locale\" content=\"fi_FI\" \/>\n<meta property=\"og:type\" content=\"article\" \/>\n<meta property=\"og:title\" content=\"Vetus \u00e4\u00e4nenvaimennin MF090 90mm pakoletkulle-Veneakselisto\" \/>\n<meta property=\"og:description\" content=\"Vetus \u00e4\u00e4nenvaimennin MF100 100mm pakoletkulle. Venetarvikkeiden erikoisliike-Veneakselisto.com-Vetus \u00e4\u00e4nenvaimennin MF100 100mm pakoletkulle .\" \/>\n<meta property=\"og:url\" content=\"https:\/\/veneakselisto.com\/kauppa\/tuote\/vetus-aanenvaimennin-mf100-100mm-pakoletkulle\/\" \/>\n<meta property=\"og:site_name\" content=\"Veneakselisto.com - verkkokauppa\" \/>\n<meta property=\"article:publisher\" content=\"https:\/\/www.facebook.com\/AlaMikkula\/\" \/>\n<meta property=\"article:modified_time\" content=\"2025-12-03T08:59:39+00:00\" \/>\n<meta property=\"og:image\" content=\"https:\/\/veneakselisto.com\/kauppa\/wp-content\/uploads\/2022\/11\/MF-vesilukko.png\" \/>\n\t<meta property=\"og:image:width\" content=\"500\" \/>\n\t<meta property=\"og:image:height\" content=\"500\" \/>\n\t<meta property=\"og:image:type\" content=\"image\/png\" \/>\n<meta name=\"twitter:card\" content=\"summary_large_image\" \/>\n<meta name=\"twitter:label1\" content=\"Arvioitu lukuaika\" \/>\n\t<meta name=\"twitter:data1\" content=\"1 minuutti\" \/>\n<script type=\"application\/ld+json\" class=\"yoast-schema-graph\">{\"@context\":\"https:\\\/\\\/schema.org\",\"@graph\":[{\"@type\":\"WebPage\",\"@id\":\"https:\\\/\\\/veneakselisto.com\\\/kauppa\\\/tuote\\\/vetus-aanenvaimennin-mf100-100mm-pakoletkulle\\\/\",\"url\":\"https:\\\/\\\/veneakselisto.com\\\/kauppa\\\/tuote\\\/vetus-aanenvaimennin-mf100-100mm-pakoletkulle\\\/\",\"name\":\"Vetus \u00e4\u00e4nenvaimennin MF090 90mm pakoletkulle-Veneakselisto\",\"isPartOf\":{\"@id\":\"https:\\\/\\\/veneakselisto.com\\\/kauppa\\\/#website\"},\"primaryImageOfPage\":{\"@id\":\"https:\\\/\\\/veneakselisto.com\\\/kauppa\\\/tuote\\\/vetus-aanenvaimennin-mf100-100mm-pakoletkulle\\\/#primaryimage\"},\"image\":{\"@id\":\"https:\\\/\\\/veneakselisto.com\\\/kauppa\\\/tuote\\\/vetus-aanenvaimennin-mf100-100mm-pakoletkulle\\\/#primaryimage\"},\"thumbnailUrl\":\"https:\\\/\\\/i0.wp.com\\\/veneakselisto.com\\\/kauppa\\\/wp-content\\\/uploads\\\/2022\\\/11\\\/MF-vesilukko.png?fit=500%2C500&ssl=1\",\"datePublished\":\"2022-11-03T12:26:28+00:00\",\"dateModified\":\"2025-12-03T08:59:39+00:00\",\"description\":\"Vetus \u00e4\u00e4nenvaimennin MF100 100mm pakoletkulle. Venetarvikkeiden erikoisliike-Veneakselisto.com-Vetus \u00e4\u00e4nenvaimennin MF100 100mm pakoletkulle .\",\"breadcrumb\":{\"@id\":\"https:\\\/\\\/veneakselisto.com\\\/kauppa\\\/tuote\\\/vetus-aanenvaimennin-mf100-100mm-pakoletkulle\\\/#breadcrumb\"},\"inLanguage\":\"fi\",\"potentialAction\":[{\"@type\":\"ReadAction\",\"target\":[\"https:\\\/\\\/veneakselisto.com\\\/kauppa\\\/tuote\\\/vetus-aanenvaimennin-mf100-100mm-pakoletkulle\\\/\"]}]},{\"@type\":\"ImageObject\",\"inLanguage\":\"fi\",\"@id\":\"https:\\\/\\\/veneakselisto.com\\\/kauppa\\\/tuote\\\/vetus-aanenvaimennin-mf100-100mm-pakoletkulle\\\/#primaryimage\",\"url\":\"https:\\\/\\\/i0.wp.com\\\/veneakselisto.com\\\/kauppa\\\/wp-content\\\/uploads\\\/2022\\\/11\\\/MF-vesilukko.png?fit=500%2C500&ssl=1\",\"contentUrl\":\"https:\\\/\\\/i0.wp.com\\\/veneakselisto.com\\\/kauppa\\\/wp-content\\\/uploads\\\/2022\\\/11\\\/MF-vesilukko.png?fit=500%2C500&ssl=1\",\"width\":500,\"height\":500,\"caption\":\"MF-vesilukko-Vetus \u00e4\u00e4nenvaimennin-Veneakselisto.com\"},{\"@type\":\"BreadcrumbList\",\"@id\":\"https:\\\/\\\/veneakselisto.com\\\/kauppa\\\/tuote\\\/vetus-aanenvaimennin-mf100-100mm-pakoletkulle\\\/#breadcrumb\",\"itemListElement\":[{\"@type\":\"ListItem\",\"position\":1,\"name\":\"Etusivu\",\"item\":\"https:\\\/\\\/veneakselisto.com\\\/kauppa\\\/\"},{\"@type\":\"ListItem\",\"position\":2,\"name\":\"Kauppa\",\"item\":\"https:\\\/\\\/veneakselisto.com\\\/kauppa\\\/\"},{\"@type\":\"ListItem\",\"position\":3,\"name\":\"Vetus \u00e4\u00e4nenvaimennin MF100 100mm pakoletkulle\"}]},{\"@type\":\"WebSite\",\"@id\":\"https:\\\/\\\/veneakselisto.com\\\/kauppa\\\/#website\",\"url\":\"https:\\\/\\\/veneakselisto.com\\\/kauppa\\\/\",\"name\":\"Veneakselisto.com - verkkokauppa\",\"description\":\"Venetarvikkeiden maahantuonti ja myynti\",\"publisher\":{\"@id\":\"https:\\\/\\\/veneakselisto.com\\\/kauppa\\\/#organization\"},\"potentialAction\":[{\"@type\":\"SearchAction\",\"target\":{\"@type\":\"EntryPoint\",\"urlTemplate\":\"https:\\\/\\\/veneakselisto.com\\\/kauppa\\\/?s={search_term_string}\"},\"query-input\":{\"@type\":\"PropertyValueSpecification\",\"valueRequired\":true,\"valueName\":\"search_term_string\"}}],\"inLanguage\":\"fi\"},{\"@type\":\"Organization\",\"@id\":\"https:\\\/\\\/veneakselisto.com\\\/kauppa\\\/#organization\",\"name\":\"Veneakselisto.com verkkokauppa\",\"url\":\"https:\\\/\\\/veneakselisto.com\\\/kauppa\\\/\",\"logo\":{\"@type\":\"ImageObject\",\"inLanguage\":\"fi\",\"@id\":\"https:\\\/\\\/veneakselisto.com\\\/kauppa\\\/#\\\/schema\\\/logo\\\/image\\\/\",\"url\":\"https:\\\/\\\/i2.wp.com\\\/veneakselisto.com\\\/kauppa\\\/wp-content\\\/uploads\\\/2016\\\/06\\\/fb_icon.jpg?fit=327%2C327&ssl=1\",\"contentUrl\":\"https:\\\/\\\/i2.wp.com\\\/veneakselisto.com\\\/kauppa\\\/wp-content\\\/uploads\\\/2016\\\/06\\\/fb_icon.jpg?fit=327%2C327&ssl=1\",\"width\":327,\"height\":327,\"caption\":\"Veneakselisto.com verkkokauppa\"},\"image\":{\"@id\":\"https:\\\/\\\/veneakselisto.com\\\/kauppa\\\/#\\\/schema\\\/logo\\\/image\\\/\"},\"sameAs\":[\"https:\\\/\\\/www.facebook.com\\\/AlaMikkula\\\/\"]}]}<\/script>\n<!-- \/ Yoast SEO plugin. -->","yoast_head_json":{"title":"Vetus \u00e4\u00e4nenvaimennin MF090 90mm pakoletkulle-Veneakselisto","description":"Vetus \u00e4\u00e4nenvaimennin MF100 100mm pakoletkulle. Venetarvikkeiden erikoisliike-Veneakselisto.com-Vetus \u00e4\u00e4nenvaimennin MF100 100mm pakoletkulle .","robots":{"index":"index","follow":"follow","max-snippet":"max-snippet:-1","max-image-preview":"max-image-preview:large","max-video-preview":"max-video-preview:-1"},"canonical":"https:\/\/veneakselisto.com\/kauppa\/tuote\/vetus-aanenvaimennin-mf100-100mm-pakoletkulle\/","og_locale":"fi_FI","og_type":"article","og_title":"Vetus \u00e4\u00e4nenvaimennin MF090 90mm pakoletkulle-Veneakselisto","og_description":"Vetus \u00e4\u00e4nenvaimennin MF100 100mm pakoletkulle. Venetarvikkeiden erikoisliike-Veneakselisto.com-Vetus \u00e4\u00e4nenvaimennin MF100 100mm pakoletkulle .","og_url":"https:\/\/veneakselisto.com\/kauppa\/tuote\/vetus-aanenvaimennin-mf100-100mm-pakoletkulle\/","og_site_name":"Veneakselisto.com - verkkokauppa","article_publisher":"https:\/\/www.facebook.com\/AlaMikkula\/","article_modified_time":"2025-12-03T08:59:39+00:00","og_image":[{"width":500,"height":500,"url":"https:\/\/veneakselisto.com\/kauppa\/wp-content\/uploads\/2022\/11\/MF-vesilukko.png","type":"image\/png"}],"twitter_card":"summary_large_image","twitter_misc":{"Arvioitu lukuaika":"1 minuutti"},"schema":{"@context":"https:\/\/schema.org","@graph":[{"@type":"WebPage","@id":"https:\/\/veneakselisto.com\/kauppa\/tuote\/vetus-aanenvaimennin-mf100-100mm-pakoletkulle\/","url":"https:\/\/veneakselisto.com\/kauppa\/tuote\/vetus-aanenvaimennin-mf100-100mm-pakoletkulle\/","name":"Vetus \u00e4\u00e4nenvaimennin MF090 90mm pakoletkulle-Veneakselisto","isPartOf":{"@id":"https:\/\/veneakselisto.com\/kauppa\/#website"},"primaryImageOfPage":{"@id":"https:\/\/veneakselisto.com\/kauppa\/tuote\/vetus-aanenvaimennin-mf100-100mm-pakoletkulle\/#primaryimage"},"image":{"@id":"https:\/\/veneakselisto.com\/kauppa\/tuote\/vetus-aanenvaimennin-mf100-100mm-pakoletkulle\/#primaryimage"},"thumbnailUrl":"https:\/\/i0.wp.com\/veneakselisto.com\/kauppa\/wp-content\/uploads\/2022\/11\/MF-vesilukko.png?fit=500%2C500&ssl=1","datePublished":"2022-11-03T12:26:28+00:00","dateModified":"2025-12-03T08:59:39+00:00","description":"Vetus \u00e4\u00e4nenvaimennin MF100 100mm pakoletkulle. Venetarvikkeiden erikoisliike-Veneakselisto.com-Vetus \u00e4\u00e4nenvaimennin MF100 100mm pakoletkulle .","breadcrumb":{"@id":"https:\/\/veneakselisto.com\/kauppa\/tuote\/vetus-aanenvaimennin-mf100-100mm-pakoletkulle\/#breadcrumb"},"inLanguage":"fi","potentialAction":[{"@type":"ReadAction","target":["https:\/\/veneakselisto.com\/kauppa\/tuote\/vetus-aanenvaimennin-mf100-100mm-pakoletkulle\/"]}]},{"@type":"ImageObject","inLanguage":"fi","@id":"https:\/\/veneakselisto.com\/kauppa\/tuote\/vetus-aanenvaimennin-mf100-100mm-pakoletkulle\/#primaryimage","url":"https:\/\/i0.wp.com\/veneakselisto.com\/kauppa\/wp-content\/uploads\/2022\/11\/MF-vesilukko.png?fit=500%2C500&ssl=1","contentUrl":"https:\/\/i0.wp.com\/veneakselisto.com\/kauppa\/wp-content\/uploads\/2022\/11\/MF-vesilukko.png?fit=500%2C500&ssl=1","width":500,"height":500,"caption":"MF-vesilukko-Vetus \u00e4\u00e4nenvaimennin-Veneakselisto.com"},{"@type":"BreadcrumbList","@id":"https:\/\/veneakselisto.com\/kauppa\/tuote\/vetus-aanenvaimennin-mf100-100mm-pakoletkulle\/#breadcrumb","itemListElement":[{"@type":"ListItem","position":1,"name":"Etusivu","item":"https:\/\/veneakselisto.com\/kauppa\/"},{"@type":"ListItem","position":2,"name":"Kauppa","item":"https:\/\/veneakselisto.com\/kauppa\/"},{"@type":"ListItem","position":3,"name":"Vetus \u00e4\u00e4nenvaimennin MF100 100mm pakoletkulle"}]},{"@type":"WebSite","@id":"https:\/\/veneakselisto.com\/kauppa\/#website","url":"https:\/\/veneakselisto.com\/kauppa\/","name":"Veneakselisto.com - verkkokauppa","description":"Venetarvikkeiden maahantuonti ja myynti","publisher":{"@id":"https:\/\/veneakselisto.com\/kauppa\/#organization"},"potentialAction":[{"@type":"SearchAction","target":{"@type":"EntryPoint","urlTemplate":"https:\/\/veneakselisto.com\/kauppa\/?s={search_term_string}"},"query-input":{"@type":"PropertyValueSpecification","valueRequired":true,"valueName":"search_term_string"}}],"inLanguage":"fi"},{"@type":"Organization","@id":"https:\/\/veneakselisto.com\/kauppa\/#organization","name":"Veneakselisto.com verkkokauppa","url":"https:\/\/veneakselisto.com\/kauppa\/","logo":{"@type":"ImageObject","inLanguage":"fi","@id":"https:\/\/veneakselisto.com\/kauppa\/#\/schema\/logo\/image\/","url":"https:\/\/i2.wp.com\/veneakselisto.com\/kauppa\/wp-content\/uploads\/2016\/06\/fb_icon.jpg?fit=327%2C327&ssl=1","contentUrl":"https:\/\/i2.wp.com\/veneakselisto.com\/kauppa\/wp-content\/uploads\/2016\/06\/fb_icon.jpg?fit=327%2C327&ssl=1","width":327,"height":327,"caption":"Veneakselisto.com verkkokauppa"},"image":{"@id":"https:\/\/veneakselisto.com\/kauppa\/#\/schema\/logo\/image\/"},"sameAs":["https:\/\/www.facebook.com\/AlaMikkula\/"]}]}},"jetpack_publicize_connections":[],"jetpack_sharing_enabled":true,"_links":{"self":[{"href":"https:\/\/veneakselisto.com\/kauppa\/wp-json\/wp\/v2\/product\/15430","targetHints":{"allow":["GET"]}}],"collection":[{"href":"https:\/\/veneakselisto.com\/kauppa\/wp-json\/wp\/v2\/product"}],"about":[{"href":"https:\/\/veneakselisto.com\/kauppa\/wp-json\/wp\/v2\/types\/product"}],"replies":[{"embeddable":true,"href":"https:\/\/veneakselisto.com\/kauppa\/wp-json\/wp\/v2\/comments?post=15430"}],"wp:featuredmedia":[{"embeddable":true,"href":"https:\/\/veneakselisto.com\/kauppa\/wp-json\/wp\/v2\/media\/15429"}],"wp:attachment":[{"href":"https:\/\/veneakselisto.com\/kauppa\/wp-json\/wp\/v2\/media?parent=15430"}],"wp:term":[{"taxonomy":"product_brand","embeddable":true,"href":"https:\/\/veneakselisto.com\/kauppa\/wp-json\/wp\/v2\/product_brand?post=15430"},{"taxonomy":"product_cat","embeddable":true,"href":"https:\/\/veneakselisto.com\/kauppa\/wp-json\/wp\/v2\/product_cat?post=15430"},{"taxonomy":"product_tag","embeddable":true,"href":"https:\/\/veneakselisto.com\/kauppa\/wp-json\/wp\/v2\/product_tag?post=15430"}],"curies":[{"name":"wp","href":"https:\/\/api.w.org\/{rel}","templated":true}]}}